{"id":2148,"date":"2023-09-28T21:42:37","date_gmt":"2023-09-28T21:42:37","guid":{"rendered":"https:\/\/exceladvisor.org\/it\/partita-2\/"},"modified":"2023-12-10T06:26:59","modified_gmt":"2023-12-10T06:26:59","slug":"partita-2","status":"publish","type":"page","link":"https:\/\/exceladvisor.org\/it\/partita-2\/","title":{"rendered":"Come utilizzare la funzione di corrispondenza in vba?"},"content":{"rendered":"<div class=\"excel-prima-del-contenuto\" id=\"excel-2447306075\"><script type=\"text\/javascript\">\r\n\tatOptions = {\r\n\t\t'key' : 'c1158f160081d6540a8409e6925dab94',\r\n\t\t'format' : 'iframe',\r\n\t\t'height' : 250,\r\n\t\t'width' : 300,\r\n\t\t'params' : {}\r\n\t};\r\n<\/script>\r\n<script type=\"text\/javascript\" src=\"\/\/www.highperformanceformat.com\/c1158f160081d6540a8409e6925dab94\/invoke.js\"><\/script><\/div> <p>In VBA sono presenti funzioni che \u00e8 possibile utilizzare, ma non \u00e8 possibile utilizzare alcuna funzione equivalente a CONFRONTA. Ma c&#8217;\u00e8 un modo che possiamo usare per usare queste funzioni. In VBA esiste <a href=\"https:\/\/exceladvisor.org\/it\/funzione-foglio-di-calcolo\/\">una propriet\u00e0 WorksheetFunction<\/a> che pu\u00f2 aiutarti ad accedere alle funzioni del foglio di lavoro da utilizzare in una macro.<\/p><h2 class=\"wp-block-heading\"> Utilizzo della corrispondenza in VBA<\/h2><p> Come ho detto, utilizzeremo la funzione foglio di calcolo nella macro, ma c&#8217;\u00e8 una cosa di cui devi fare attenzione quando usi correttamente la funzione foglio di calcolo, non ti mostrer\u00e0 il nome degli argomenti nella funzione, quindi assicurati di controllare tutti gli argomenti che dobbiamo specificare nella corrispondenza. Di seguito \u00e8 riportato il campione di ripresa come riferimento. <\/p><div class=\"wp-block-image\"><figure class=\"aligncenter size-full is-resized\"><img loading=\"lazy\" decoding=\"async\" class=\"wp-image-62175\" src=\"https:\/\/exceladvisor.org\/wp-content\/uploads\/2023\/08\/1-fonction-de-correspondance-dans-vba.png\" sizes=\"auto, \" srcset=\"\" alt=\"funzione di corrispondenza-in-vba\" width=\"516\" height=\"155\"><\/figure><\/div><p> Ecco l&#8217;esempio in cui abbiamo un elenco di numeri casuali e devi abbinare il numero &#8220;943&#8221;. <\/p><div class=\"wp-block-image\"><figure class=\"aligncenter size-full is-resized\"><img loading=\"lazy\" decoding=\"async\" class=\"wp-image-62176\" src=\"https:\/\/exceladvisor.org\/wp-content\/uploads\/2023\/08\/2-numeros-aleatoires.png\" sizes=\"auto, \" srcset=\"\" alt=\"numeri casuali\" width=\"171\" height=\"236\"><\/figure><\/div><p> Ora apri l&#8217; <a href=\"https:\/\/exceladvisor.org\/it\/editor-visivo-di-base\/\">editor di Visual Basic<\/a> , inserisci un nuovo <a href=\"https:\/\/exceladvisor.org\/it\/modulo\/\">modulo<\/a> e segui i passaggi seguenti.<\/p><pre class=\"wp-block-code\"> <code class=\"language-visual-basic\" lang=\"visual-basic\">Range(\"B1\") = WorksheetFunction.Match(943, Range(\"A:A\"), 0)<\/code><\/pre><ol type=\"1\"><li> Immettere la propriet\u00e0 del foglio di lavoro e digitare un punto per ottenere l&#8217;elenco delle funzioni.<\/li><li> Seleziona la funzione di corrispondenza oppure puoi anche inserirla.<\/li><li> Digitare una parentesi di apertura per specificare gli argomenti.<\/li><li> Negli argomenti \u00e8 necessario specificare il valore da cercare, l&#8217;intervallo da esaminare e il tipo di corrispondenza.<\/li><li> Alla fine, utilizza un riferimento di cella per ottenere il risultato della funzione. <\/li><\/ol><div class=\"wp-block-image\"><figure class=\"aligncenter size-full is-resized\"><img loading=\"lazy\" decoding=\"async\" class=\"wp-image-62177\" src=\"https:\/\/exceladvisor.org\/wp-content\/uploads\/2023\/08\/3-vba-pour-la-fonction-match.png\" sizes=\"auto, \" srcset=\"\" alt=\"vba-for-match-funzione\" width=\"672\" height=\"444\"><\/figure><\/div><div class=\"gb-container gb-container-4db6181c gb-container-mt\"> <a class=\"gb-button gb-button-c5897111 gb-button-text gb-button-mt-button\" href=\"https:\/\/exceladvisor.org\/it\/vba\/\">Cos&#8217;\u00e8 VBA<\/a><h2 class=\"gb-headline gb-headline-665e5f6b gb-headline-text gb-headline-mt-heading\"> Tutorial correlati <\/h2><div class=\"gb-grid-wrapper gb-grid-wrapper-a20baf7c gb-grid-wrapper-mt-grid\"><div class=\"gb-grid-column gb-grid-column-65ddf67e\"><div class=\"gb-container gb-container-65ddf67e\"><ul><li> <a href=\"https:\/\/exceladvisor.org\/it\/media-2\/\">Valori medi in Excel con VBA<\/a><\/li><li> <a href=\"https:\/\/exceladvisor.org\/it\/data-odierna-ora-corrente\/\">Ottieni la data e l&#8217;ora attuali utilizzando VBA<\/a><\/li><li> <a href=\"https:\/\/exceladvisor.org\/it\/somma-1\/\">Somma i valori in Excel utilizzando VBA<\/a><\/li><li> <a href=\"https:\/\/exceladvisor.org\/it\/modalita-1\/\">MOD in VBA<\/a><\/li><li> <a href=\"https:\/\/exceladvisor.org\/it\/funzione-foglio-di-calcolo\/\">Funzione foglio di calcolo VBA<\/a><\/li><\/ul><\/div><\/div><\/div><\/div>","protected":false},"excerpt":{"rendered":"","protected":false},"author":1,"featured_media":0,"parent":0,"menu_order":0,"comment_status":"open","ping_status":"closed","template":"","meta":{"ub_ctt_via":"","footnotes":""},"class_list":["post-2148","page","type-page","status-publish","hentry"],"featured_image_src":null,"yoast_head":"<!-- This site is optimized with the Yoast SEO plugin v25.4 - https:\/\/yoast.com\/wordpress\/plugins\/seo\/ -->\n<title>Come utilizzare la funzione di corrispondenza in VBA?<\/title>\n<meta name=\"description\" content=\"In VBA sono presenti funzioni che \u00e8 possibile utilizzare, ma non \u00e8 possibile utilizzare alcuna funzione equivalente a CONFRONTA.\" \/>\n<meta name=\"robots\" content=\"index, follow, max-snippet:-1, max-image-preview:large, max-video-preview:-1\" \/>\n<link rel=\"canonical\" href=\"https:\/\/exceladvisor.org\/it\/partita-2\/\" \/>\n<meta property=\"og:locale\" content=\"it_IT\" \/>\n<meta property=\"og:type\" content=\"article\" \/>\n<meta property=\"og:title\" content=\"Come utilizzare la funzione di corrispondenza in VBA?\" \/>\n<meta property=\"og:description\" content=\"In VBA sono presenti funzioni che \u00e8 possibile utilizzare, ma non \u00e8 possibile utilizzare alcuna funzione equivalente a CONFRONTA.\" \/>\n<meta property=\"og:url\" content=\"https:\/\/exceladvisor.org\/it\/partita-2\/\" \/>\n<meta property=\"og:site_name\" content=\"Excel Advisor\" \/>\n<meta property=\"article:modified_time\" content=\"2023-12-10T06:26:59+00:00\" \/>\n<meta property=\"og:image\" content=\"https:\/\/exceladvisor.org\/wp-content\/uploads\/2023\/08\/1-fonction-de-correspondance-dans-vba.png\" \/>\n<meta name=\"twitter:card\" content=\"summary_large_image\" \/>\n<meta name=\"twitter:label1\" content=\"Tempo di lettura stimato\" \/>\n\t<meta name=\"twitter:data1\" content=\"1 minuto\" \/>\n<script type=\"application\/ld+json\" class=\"yoast-schema-graph\">{\"@context\":\"https:\/\/schema.org\",\"@graph\":[{\"@type\":\"WebPage\",\"@id\":\"https:\/\/exceladvisor.org\/it\/partita-2\/\",\"url\":\"https:\/\/exceladvisor.org\/it\/partita-2\/\",\"name\":\"Come utilizzare la funzione di corrispondenza in VBA?\",\"isPartOf\":{\"@id\":\"https:\/\/exceladvisor.org\/it\/#website\"},\"primaryImageOfPage\":{\"@id\":\"https:\/\/exceladvisor.org\/it\/partita-2\/#primaryimage\"},\"image\":{\"@id\":\"https:\/\/exceladvisor.org\/it\/partita-2\/#primaryimage\"},\"thumbnailUrl\":\"https:\/\/exceladvisor.org\/wp-content\/uploads\/2023\/08\/1-fonction-de-correspondance-dans-vba.png\",\"datePublished\":\"2023-09-28T21:42:37+00:00\",\"dateModified\":\"2023-12-10T06:26:59+00:00\",\"description\":\"In VBA sono presenti funzioni che \u00e8 possibile utilizzare, ma non \u00e8 possibile utilizzare alcuna funzione equivalente a CONFRONTA.\",\"breadcrumb\":{\"@id\":\"https:\/\/exceladvisor.org\/it\/partita-2\/#breadcrumb\"},\"inLanguage\":\"it-IT\",\"potentialAction\":[{\"@type\":\"ReadAction\",\"target\":[\"https:\/\/exceladvisor.org\/it\/partita-2\/\"]}]},{\"@type\":\"ImageObject\",\"inLanguage\":\"it-IT\",\"@id\":\"https:\/\/exceladvisor.org\/it\/partita-2\/#primaryimage\",\"url\":\"https:\/\/exceladvisor.org\/wp-content\/uploads\/2023\/08\/1-fonction-de-correspondance-dans-vba.png\",\"contentUrl\":\"https:\/\/exceladvisor.org\/wp-content\/uploads\/2023\/08\/1-fonction-de-correspondance-dans-vba.png\"},{\"@type\":\"BreadcrumbList\",\"@id\":\"https:\/\/exceladvisor.org\/it\/partita-2\/#breadcrumb\",\"itemListElement\":[{\"@type\":\"ListItem\",\"position\":1,\"name\":\"Home\",\"item\":\"https:\/\/exceladvisor.org\/it\/\"},{\"@type\":\"ListItem\",\"position\":2,\"name\":\"Come utilizzare la funzione di corrispondenza in vba?\"}]},{\"@type\":\"WebSite\",\"@id\":\"https:\/\/exceladvisor.org\/it\/#website\",\"url\":\"https:\/\/exceladvisor.org\/it\/\",\"name\":\"Excel Advisor\",\"description\":\"Tips, Tricks, and Time-Saving Hacks\",\"publisher\":{\"@id\":\"https:\/\/exceladvisor.org\/it\/#organization\"},\"potentialAction\":[{\"@type\":\"SearchAction\",\"target\":{\"@type\":\"EntryPoint\",\"urlTemplate\":\"https:\/\/exceladvisor.org\/it\/?s={search_term_string}\"},\"query-input\":{\"@type\":\"PropertyValueSpecification\",\"valueRequired\":true,\"valueName\":\"search_term_string\"}}],\"inLanguage\":\"it-IT\"},{\"@type\":\"Organization\",\"@id\":\"https:\/\/exceladvisor.org\/it\/#organization\",\"name\":\"Excel Advisor\",\"url\":\"https:\/\/exceladvisor.org\/it\/\",\"logo\":{\"@type\":\"ImageObject\",\"inLanguage\":\"it-IT\",\"@id\":\"https:\/\/exceladvisor.org\/it\/#\/schema\/logo\/image\/\",\"url\":\"https:\/\/exceladvisor.org\/it\/wp-content\/uploads\/2023\/12\/exceladvisor.org_.png\",\"contentUrl\":\"https:\/\/exceladvisor.org\/it\/wp-content\/uploads\/2023\/12\/exceladvisor.org_.png\",\"width\":105,\"height\":36,\"caption\":\"Excel Advisor\"},\"image\":{\"@id\":\"https:\/\/exceladvisor.org\/it\/#\/schema\/logo\/image\/\"}}]}<\/script>\n<!-- \/ Yoast SEO plugin. -->","yoast_head_json":{"title":"Come utilizzare la funzione di corrispondenza in VBA?","description":"In VBA sono presenti funzioni che \u00e8 possibile utilizzare, ma non \u00e8 possibile utilizzare alcuna funzione equivalente a CONFRONTA.","robots":{"index":"index","follow":"follow","max-snippet":"max-snippet:-1","max-image-preview":"max-image-preview:large","max-video-preview":"max-video-preview:-1"},"canonical":"https:\/\/exceladvisor.org\/it\/partita-2\/","og_locale":"it_IT","og_type":"article","og_title":"Come utilizzare la funzione di corrispondenza in VBA?","og_description":"In VBA sono presenti funzioni che \u00e8 possibile utilizzare, ma non \u00e8 possibile utilizzare alcuna funzione equivalente a CONFRONTA.","og_url":"https:\/\/exceladvisor.org\/it\/partita-2\/","og_site_name":"Excel Advisor","article_modified_time":"2023-12-10T06:26:59+00:00","og_image":[{"url":"https:\/\/exceladvisor.org\/wp-content\/uploads\/2023\/08\/1-fonction-de-correspondance-dans-vba.png","type":"","width":"","height":""}],"twitter_card":"summary_large_image","twitter_misc":{"Tempo di lettura stimato":"1 minuto"},"schema":{"@context":"https:\/\/schema.org","@graph":[{"@type":"WebPage","@id":"https:\/\/exceladvisor.org\/it\/partita-2\/","url":"https:\/\/exceladvisor.org\/it\/partita-2\/","name":"Come utilizzare la funzione di corrispondenza in VBA?","isPartOf":{"@id":"https:\/\/exceladvisor.org\/it\/#website"},"primaryImageOfPage":{"@id":"https:\/\/exceladvisor.org\/it\/partita-2\/#primaryimage"},"image":{"@id":"https:\/\/exceladvisor.org\/it\/partita-2\/#primaryimage"},"thumbnailUrl":"https:\/\/exceladvisor.org\/wp-content\/uploads\/2023\/08\/1-fonction-de-correspondance-dans-vba.png","datePublished":"2023-09-28T21:42:37+00:00","dateModified":"2023-12-10T06:26:59+00:00","description":"In VBA sono presenti funzioni che \u00e8 possibile utilizzare, ma non \u00e8 possibile utilizzare alcuna funzione equivalente a CONFRONTA.","breadcrumb":{"@id":"https:\/\/exceladvisor.org\/it\/partita-2\/#breadcrumb"},"inLanguage":"it-IT","potentialAction":[{"@type":"ReadAction","target":["https:\/\/exceladvisor.org\/it\/partita-2\/"]}]},{"@type":"ImageObject","inLanguage":"it-IT","@id":"https:\/\/exceladvisor.org\/it\/partita-2\/#primaryimage","url":"https:\/\/exceladvisor.org\/wp-content\/uploads\/2023\/08\/1-fonction-de-correspondance-dans-vba.png","contentUrl":"https:\/\/exceladvisor.org\/wp-content\/uploads\/2023\/08\/1-fonction-de-correspondance-dans-vba.png"},{"@type":"BreadcrumbList","@id":"https:\/\/exceladvisor.org\/it\/partita-2\/#breadcrumb","itemListElement":[{"@type":"ListItem","position":1,"name":"Home","item":"https:\/\/exceladvisor.org\/it\/"},{"@type":"ListItem","position":2,"name":"Come utilizzare la funzione di corrispondenza in vba?"}]},{"@type":"WebSite","@id":"https:\/\/exceladvisor.org\/it\/#website","url":"https:\/\/exceladvisor.org\/it\/","name":"Excel Advisor","description":"Tips, Tricks, and Time-Saving Hacks","publisher":{"@id":"https:\/\/exceladvisor.org\/it\/#organization"},"potentialAction":[{"@type":"SearchAction","target":{"@type":"EntryPoint","urlTemplate":"https:\/\/exceladvisor.org\/it\/?s={search_term_string}"},"query-input":{"@type":"PropertyValueSpecification","valueRequired":true,"valueName":"search_term_string"}}],"inLanguage":"it-IT"},{"@type":"Organization","@id":"https:\/\/exceladvisor.org\/it\/#organization","name":"Excel Advisor","url":"https:\/\/exceladvisor.org\/it\/","logo":{"@type":"ImageObject","inLanguage":"it-IT","@id":"https:\/\/exceladvisor.org\/it\/#\/schema\/logo\/image\/","url":"https:\/\/exceladvisor.org\/it\/wp-content\/uploads\/2023\/12\/exceladvisor.org_.png","contentUrl":"https:\/\/exceladvisor.org\/it\/wp-content\/uploads\/2023\/12\/exceladvisor.org_.png","width":105,"height":36,"caption":"Excel Advisor"},"image":{"@id":"https:\/\/exceladvisor.org\/it\/#\/schema\/logo\/image\/"}}]}},"yoast_meta":{"yoast_wpseo_title":"","yoast_wpseo_metadesc":"","yoast_wpseo_canonical":""},"_links":{"self":[{"href":"https:\/\/exceladvisor.org\/it\/wp-json\/wp\/v2\/pages\/2148","targetHints":{"allow":["GET"]}}],"collection":[{"href":"https:\/\/exceladvisor.org\/it\/wp-json\/wp\/v2\/pages"}],"about":[{"href":"https:\/\/exceladvisor.org\/it\/wp-json\/wp\/v2\/types\/page"}],"author":[{"embeddable":true,"href":"https:\/\/exceladvisor.org\/it\/wp-json\/wp\/v2\/users\/1"}],"replies":[{"embeddable":true,"href":"https:\/\/exceladvisor.org\/it\/wp-json\/wp\/v2\/comments?post=2148"}],"version-history":[{"count":1,"href":"https:\/\/exceladvisor.org\/it\/wp-json\/wp\/v2\/pages\/2148\/revisions"}],"predecessor-version":[{"id":2860,"href":"https:\/\/exceladvisor.org\/it\/wp-json\/wp\/v2\/pages\/2148\/revisions\/2860"}],"wp:attachment":[{"href":"https:\/\/exceladvisor.org\/it\/wp-json\/wp\/v2\/media?parent=2148"}],"curies":[{"name":"wp","href":"https:\/\/api.w.org\/{rel}","templated":true}]}}