{"id":2156,"date":"2023-09-28T17:33:35","date_gmt":"2023-09-28T17:33:35","guid":{"rendered":"https:\/\/exceladvisor.org\/it\/con\/"},"modified":"2023-12-10T06:26:38","modified_gmt":"2023-12-10T06:26:38","slug":"con","status":"publish","type":"page","link":"https:\/\/exceladvisor.org\/it\/con\/","title":{"rendered":"Come utilizzare l&#39;istruzione with vba nidificata?"},"content":{"rendered":"<div class=\"excel-prima-del-contenuto\" id=\"excel-1151376559\"><script type=\"text\/javascript\">\r\n\tatOptions = {\r\n\t\t'key' : 'c1158f160081d6540a8409e6925dab94',\r\n\t\t'format' : 'iframe',\r\n\t\t'height' : 250,\r\n\t\t'width' : 300,\r\n\t\t'params' : {}\r\n\t};\r\n<\/script>\r\n<script type=\"text\/javascript\" src=\"\/\/www.highperformanceformat.com\/c1158f160081d6540a8409e6925dab94\/invoke.js\"><\/script><\/div> <p class=\"wp-block-heading\"><strong>Punti chiave<\/strong><\/p><ul><li> <em>Utilizzare l&#8217;istruzione VBA With per ridurre al minimo il codice.<\/em><\/li><li> <em>\u00c8 possibile utilizzare un solo oggetto alla volta quando si utilizza l&#8217;istruzione With.<\/em><\/li><\/ul><h2 class=\"wp-block-heading\"> Cos&#8217;\u00e8 VBA con dichiarazione<\/h2><p> VBA With \u00e8 un&#8217;istruzione per specificare un oggetto una volta e quindi eseguire pi\u00f9 istruzioni per esso. In parole semplici, utilizzando l&#8217;istruzione &#8220;WITH&#8221; per specificare un oggetto, dopodich\u00e9 \u00e8 possibile accedere a tutte le propriet\u00e0 e ai metodi in una volta sola. Inizia con \u201cCon\u201d e termina con \u201cFinisci con\u201d.<\/p><h2 class=\"wp-block-heading\"> Sintassi di VBA con istruzione<\/h2><p> Ecco la sintassi che devi utilizzare per utilizzare l&#8217;istruzione With in VBA: <\/p><pre class=\"wp-block-code\"> <code class=\"language-visual-basic\" lang=\"visual-basic\">With [OBJECT] [Statement] End With<\/code><\/pre><div class=\"wp-block-image\"><figure class=\"aligncenter size-large is-resized\"><img loading=\"lazy\" decoding=\"async\" class=\"wp-image-51528\" src=\"https:\/\/exceladvisor.org\/wp-content\/uploads\/2023\/08\/1-syntaxe-de-vba-avec-instruction.png\" sizes=\"auto, \" srcset=\"\" alt=\"vba-sintassi-con-istruzione\" width=\"340\" height=\"257\"><\/figure><\/div><ol><li> <strong>With<\/strong> : questa \u00e8 la parola chiave iniziale dell&#8217;istruzione che indica a VBA che stai specificando l&#8217;oggetto menzionato.<\/li><li> <strong>Oggetto<\/strong> : qui devi specificare l&#8217;oggetto che desideri utilizzare.<\/li><li> <strong>Istruzione<\/strong> : una o pi\u00f9 istruzioni che si desidera eseguire con l&#8217;oggetto specificato.<\/li><li> <strong>End With<\/strong> : questa \u00e8 la parola chiave finale dell&#8217;istruzione.<\/li><\/ol><h2 class=\"wp-block-heading\"> Esempio per comprendere VBA con Statement<\/h2><p> Facciamo un esempio per capire con l&#8217;approfondimento. Supponiamo che tu voglia cambiare il colore, la dimensione e il nome del carattere della cella A1. Per fare queste tre cose devi accedere a tre diverse propriet\u00e0 <a href=\"https:\/\/exceladvisor.org\/it\/carattere-del-carattere\/\">dei caratteri VBA<\/a> e il codice sarebbe:<\/p><pre class=\"wp-block-code\"> <code class=\"language-visual-basic\" lang=\"visual-basic\">Range(\"A1\").Font.Color = RGB(0, 0, 255) Range(\"A1\").Font.Size = 16 Range(\"A1\").Font.Name = \"Consolas\"<\/code><\/pre><p> Ma qui utilizzeremo l&#8217;istruzione With invece del codice precedente. Per utilizzare l&#8217;istruzione With VBA, \u00e8 possibile seguire i seguenti passaggi:<\/p><ol><li> Per prima cosa digita sulla tastiera &#8220;Con&#8221;.<\/li><li> Successivamente, utilizza l&#8217;intervallo VBA per specificare la cella A1 utilizzando l&#8217;oggetto carattere per specificare l&#8217;oggetto carattere. <br><img loading=\"lazy\" decoding=\"async\" title=\"Gamma VBA a 2 usi\" src=\"https:\/\/exceladvisor.org\/wp-content\/uploads\/2023\/08\/2-utiliser-la-gamme-vba.png\" sizes=\"auto, \" srcset=\"\" alt=\"use-the-vba-range\" width=\"336\" height=\"202\"><\/li><li> Successivamente, devi inserire il codice per le tre propriet\u00e0 e i valori che desideri applicare. <br><img loading=\"lazy\" decoding=\"async\" title=\"3-codici-per-le-tre-propriet\u00e0\" src=\"https:\/\/exceladvisor.org\/wp-content\/uploads\/2023\/08\/3-code-pour-les-trois-proprietes.png\" sizes=\"auto, \" srcset=\"\" alt=\"code-for-all-three-properties\" width=\"337\" height=\"209\"><\/li><li> Alla fine, usa la parola chiave &#8220;End With&#8221; per terminare l&#8217;affermazione. <br><img loading=\"lazy\" decoding=\"async\" title=\"4-end-with-to-end-the-statement\" src=\"https:\/\/exceladvisor.org\/wp-content\/uploads\/2023\/08\/4-fin-avec-pour-terminer-linstruction.png\" sizes=\"auto, \" srcset=\"\" alt=\"end-with-to-end-the-statement\" width=\"331\" height=\"258\"><\/li><\/ol><p> Ecco il codice che hai appena scritto.<\/p><pre class=\"wp-block-code\"> <code class=\"language-visual-basic\" lang=\"visual-basic\">Sub MyMacro() With Range(\"A1\").Font .Color = RGB(0, 0, 255) .Size = 16 .Name = \"Consolas\" End With End Sub<\/code><\/pre><p> Ora diamo un&#8217;occhiata ad entrambi i codici e proviamo a capire qual \u00e8 la differenza che abbiamo usando l&#8217;istruzione &#8220;With&#8221;. <\/p><div class=\"wp-block-image\"><figure class=\"aligncenter size-large is-resized\"><img loading=\"lazy\" decoding=\"async\" class=\"wp-image-51532\" src=\"https:\/\/exceladvisor.org\/wp-content\/uploads\/2023\/08\/5-regardez-les-deux-codes.png\" sizes=\"auto, \" srcset=\"\" alt=\"guarda-i-due-codici\" width=\"596\" height=\"404\"><\/figure><\/div><p> Nel primo codice hai utilizzato l&#8217;oggetto font tre volte e poi hai utilizzato la propriet\u00e0 a cui desideri accedere e a cui desideri apportare modifiche.<\/p><p> Ma nel secondo codice hai utilizzato l&#8217;istruzione With e hai immediatamente specificato l&#8217;oggetto font. E poi tre righe di codice nell&#8217;istruzione \u201cWith\u201d per accedere alle tre propriet\u00e0.<\/p><p> Quando usi l&#8217;istruzione &#8220;With&#8221; e specifichi un oggetto, dice a VBA che tutte le istruzioni che hai scritto dovrebbero essere eseguite con l&#8217;oggetto menzionato. Questo non solo ti d\u00e0 un codice strutturato, ma accelera anche l&#8217;esecuzione di una macro e le conferisce una maggiore efficienza.<\/p><h2 class=\"wp-block-heading\"> Nidificato con istruzione<\/h2><p> All&#8217;inizio ti ho detto che puoi specificare solo un oggetto per utilizzare l&#8217;istruzione With. Ma c&#8217;\u00e8 un modo per utilizzare pi\u00f9 di uno o anche pi\u00f9 elementi con esso. Questo utilizza <a href=\"https:\/\/exceladvisor.org\/it\/loop\/\">VBA LOOPS<\/a> e utilizzeremo FOR EACH LOOP per scorrere pi\u00f9 oggetti e utilizzare il &#8220;Con&#8221;.<\/p><p> Lasciate che vi faccia un esempio; devi esaminare tutti i fogli di lavoro e applicare tutte le seguenti cose a tutte le celle di ciascun foglio di lavoro.<\/p><ul><li> <strong>Dimensione carattere: 16<\/strong><\/li><li> <strong>Carattere: Verdena<\/strong><\/li><\/ul><p> E nella cartella di lavoro hai cinque fogli di lavoro, come nell&#8217;esempio seguente: <\/p><div class=\"wp-block-image\"><figure class=\"aligncenter size-large is-resized\"><img loading=\"lazy\" decoding=\"async\" class=\"wp-image-51533\" src=\"https:\/\/exceladvisor.org\/wp-content\/uploads\/2023\/08\/6-imbriques-avec-declaration.png\" sizes=\"auto, \" srcset=\"\" alt=\"annidato con istruzione\" width=\"515\" height=\"198\"><\/figure><\/div><p> <strong>Utilizzare la procedura seguente per scrivere un&#8217;istruzione &#8220;With&#8221; nidificata.<\/strong><\/p><ol><li> Innanzitutto, devi dichiarare una variabile per utilizzare un oggetto del foglio di lavoro. <br><img loading=\"lazy\" decoding=\"async\" title=\"7 passaggi per scrivere annidati\" src=\"https:\/\/exceladvisor.org\/wp-content\/uploads\/2023\/08\/7-etapes-pour-ecrire-imbrique.png\" sizes=\"auto, \" srcset=\"\" alt=\"steps-to-write-nested\" width=\"327\" height=\"212\"><\/li><li> Dopodich\u00e9, come ho detto, devi usare <a href=\"https:\/\/exceladvisor.org\/it\/per-il-ciclo\/\">For Each Loop<\/a> . Quindi \u00e8 necessario scrivere un codice con il ciclo che possa <a href=\"https:\/\/exceladvisor.org\/it\/foglie-ad-anello\/\">scorrere tutti i fogli di lavoro<\/a> . <br><img loading=\"lazy\" decoding=\"async\" title=\"8-scrivi-codice-con-il-loop\" src=\"https:\/\/exceladvisor.org\/wp-content\/uploads\/2023\/08\/8-ecrire-du-code-avec-la-boucle.png\" sizes=\"auto, \" srcset=\"\" alt=\"write-code-with-the-loop\" width=\"400\" height=\"238\"><\/li><li> Ora inserisci l&#8217;istruzione with che pu\u00f2 applicare l&#8217;impostazione <a href=\"https:\/\/exceladvisor.org\/it\/carattere-del-carattere\/\">del carattere<\/a> di cui abbiamo discusso in precedenza. Per <a href=\"https:\/\/exceladvisor.org\/it\/seleziona-tutto\/\">fare riferimento a tutte le celle<\/a> del foglio di lavoro, \u00e8 possibile utilizzare &#8220;Celle&#8221; mentre si specifica l&#8217;oggetto. <br><img loading=\"lazy\" decoding=\"async\" title=\"9-utilizzare-celle-mentre-specifica-oggetto\" src=\"https:\/\/exceladvisor.org\/wp-content\/uploads\/2023\/08\/9-utiliser-des-cellules-tout-en-specifiant-lobjet.png\" sizes=\"auto, \" srcset=\"\" alt=\"use-cells-while-specifing-the-object\" width=\"383\" height=\"304\"><\/li><\/ol><p> Ecco il codice completo che hai appena scritto.<\/p><pre class=\"wp-block-code\"> <code class=\"language-visual-basic\" lang=\"visual-basic\">Sub MyMacro() Dim ws As Worksheet For Each ws In ActiveWorkbook.Worksheets With Cells .Font.Size = 16 .Font.Name = \"Verdena\" End With Next ws End Sub<\/code><\/pre><div class=\"gb-container gb-container-4db6181c gb-container-mt\"> <a class=\"gb-button gb-button-c5897111 gb-button-text gb-button-mt-button\" href=\"https:\/\/exceladvisor.org\/it\/vba\/\">Cos&#8217;\u00e8 VBA<\/a><h2 class=\"gb-headline gb-headline-665e5f6b gb-headline-text gb-headline-mt-heading\"> Tutorial correlati <\/h2><div class=\"gb-grid-wrapper gb-grid-wrapper-a20baf7c gb-grid-wrapper-mt-grid\"><div class=\"gb-grid-column gb-grid-column-65ddf67e\"><div class=\"gb-container gb-container-65ddf67e\"><ul><li> <a href=\"https:\/\/exceladvisor.org\/it\/domande-di-unintervista\/\">Domande per l&#8217;intervista VBA<\/a><\/li><li> <a href=\"https:\/\/exceladvisor.org\/it\/commento\/\">Aggiungi un commento nel codice VBA<\/a><\/li><li> <a href=\"https:\/\/exceladvisor.org\/it\/interruzione-di-linea\/\">Aggiungi un&#8217;interruzione di riga nel codice VBA<\/a><\/li><li> <a href=\"https:\/\/exceladvisor.org\/it\/nuova-linea\/\">Aggiungi una nuova riga (ritorno a capo) in una stringa in VBA<\/a><\/li><li> <a href=\"https:\/\/exceladvisor.org\/it\/eseguire-una-macro-2\/\">Esegui una macro in Excel (esegui codice VBA)<\/a><\/li><\/ul><\/div><\/div><\/div><\/div>","protected":false},"excerpt":{"rendered":"","protected":false},"author":1,"featured_media":0,"parent":0,"menu_order":0,"comment_status":"open","ping_status":"closed","template":"","meta":{"ub_ctt_via":"","footnotes":""},"class_list":["post-2156","page","type-page","status-publish","hentry"],"featured_image_src":null,"yoast_head":"<!-- This site is optimized with the Yoast SEO plugin v25.4 - https:\/\/yoast.com\/wordpress\/plugins\/seo\/ -->\n<title>\u25b7 Come utilizzare l&#039;istruzione WITH VBA annidata?<\/title>\n<meta name=\"description\" content=\"\u00c8 possibile utilizzare l&#039;istruzione &quot;With&quot; per specificare un oggetto una volta e quindi eseguire pi\u00f9 istruzioni per esso. Esso pu\u00f2\" \/>\n<meta name=\"robots\" content=\"index, follow, max-snippet:-1, max-image-preview:large, max-video-preview:-1\" \/>\n<link rel=\"canonical\" href=\"https:\/\/exceladvisor.org\/it\/con\/\" \/>\n<meta property=\"og:locale\" content=\"it_IT\" \/>\n<meta property=\"og:type\" content=\"article\" \/>\n<meta property=\"og:title\" content=\"\u25b7 Come utilizzare l&#039;istruzione WITH VBA annidata?\" \/>\n<meta property=\"og:description\" content=\"\u00c8 possibile utilizzare l&#039;istruzione &quot;With&quot; per specificare un oggetto una volta e quindi eseguire pi\u00f9 istruzioni per esso. Esso pu\u00f2\" \/>\n<meta property=\"og:url\" content=\"https:\/\/exceladvisor.org\/it\/con\/\" \/>\n<meta property=\"og:site_name\" content=\"Excel Advisor\" \/>\n<meta property=\"article:modified_time\" content=\"2023-12-10T06:26:38+00:00\" \/>\n<meta property=\"og:image\" content=\"https:\/\/exceladvisor.org\/wp-content\/uploads\/2023\/08\/1-syntaxe-de-vba-avec-instruction.png\" \/>\n<meta name=\"twitter:card\" content=\"summary_large_image\" \/>\n<meta name=\"twitter:label1\" content=\"Tempo di lettura stimato\" \/>\n\t<meta name=\"twitter:data1\" content=\"3 minuti\" \/>\n<script type=\"application\/ld+json\" class=\"yoast-schema-graph\">{\"@context\":\"https:\/\/schema.org\",\"@graph\":[{\"@type\":\"WebPage\",\"@id\":\"https:\/\/exceladvisor.org\/it\/con\/\",\"url\":\"https:\/\/exceladvisor.org\/it\/con\/\",\"name\":\"\u25b7 Come utilizzare l&#39;istruzione WITH VBA annidata?\",\"isPartOf\":{\"@id\":\"https:\/\/exceladvisor.org\/it\/#website\"},\"primaryImageOfPage\":{\"@id\":\"https:\/\/exceladvisor.org\/it\/con\/#primaryimage\"},\"image\":{\"@id\":\"https:\/\/exceladvisor.org\/it\/con\/#primaryimage\"},\"thumbnailUrl\":\"https:\/\/exceladvisor.org\/wp-content\/uploads\/2023\/08\/1-syntaxe-de-vba-avec-instruction.png\",\"datePublished\":\"2023-09-28T17:33:35+00:00\",\"dateModified\":\"2023-12-10T06:26:38+00:00\",\"description\":\"\u00c8 possibile utilizzare l&#39;istruzione &quot;With&quot; per specificare un oggetto una volta e quindi eseguire pi\u00f9 istruzioni per esso. Esso pu\u00f2\",\"breadcrumb\":{\"@id\":\"https:\/\/exceladvisor.org\/it\/con\/#breadcrumb\"},\"inLanguage\":\"it-IT\",\"potentialAction\":[{\"@type\":\"ReadAction\",\"target\":[\"https:\/\/exceladvisor.org\/it\/con\/\"]}]},{\"@type\":\"ImageObject\",\"inLanguage\":\"it-IT\",\"@id\":\"https:\/\/exceladvisor.org\/it\/con\/#primaryimage\",\"url\":\"https:\/\/exceladvisor.org\/wp-content\/uploads\/2023\/08\/1-syntaxe-de-vba-avec-instruction.png\",\"contentUrl\":\"https:\/\/exceladvisor.org\/wp-content\/uploads\/2023\/08\/1-syntaxe-de-vba-avec-instruction.png\"},{\"@type\":\"BreadcrumbList\",\"@id\":\"https:\/\/exceladvisor.org\/it\/con\/#breadcrumb\",\"itemListElement\":[{\"@type\":\"ListItem\",\"position\":1,\"name\":\"Home\",\"item\":\"https:\/\/exceladvisor.org\/it\/\"},{\"@type\":\"ListItem\",\"position\":2,\"name\":\"Come utilizzare l&#39;istruzione with vba nidificata?\"}]},{\"@type\":\"WebSite\",\"@id\":\"https:\/\/exceladvisor.org\/it\/#website\",\"url\":\"https:\/\/exceladvisor.org\/it\/\",\"name\":\"Excel Advisor\",\"description\":\"Tips, Tricks, and Time-Saving Hacks\",\"publisher\":{\"@id\":\"https:\/\/exceladvisor.org\/it\/#organization\"},\"potentialAction\":[{\"@type\":\"SearchAction\",\"target\":{\"@type\":\"EntryPoint\",\"urlTemplate\":\"https:\/\/exceladvisor.org\/it\/?s={search_term_string}\"},\"query-input\":{\"@type\":\"PropertyValueSpecification\",\"valueRequired\":true,\"valueName\":\"search_term_string\"}}],\"inLanguage\":\"it-IT\"},{\"@type\":\"Organization\",\"@id\":\"https:\/\/exceladvisor.org\/it\/#organization\",\"name\":\"Excel Advisor\",\"url\":\"https:\/\/exceladvisor.org\/it\/\",\"logo\":{\"@type\":\"ImageObject\",\"inLanguage\":\"it-IT\",\"@id\":\"https:\/\/exceladvisor.org\/it\/#\/schema\/logo\/image\/\",\"url\":\"https:\/\/exceladvisor.org\/it\/wp-content\/uploads\/2023\/12\/exceladvisor.org_.png\",\"contentUrl\":\"https:\/\/exceladvisor.org\/it\/wp-content\/uploads\/2023\/12\/exceladvisor.org_.png\",\"width\":105,\"height\":36,\"caption\":\"Excel Advisor\"},\"image\":{\"@id\":\"https:\/\/exceladvisor.org\/it\/#\/schema\/logo\/image\/\"}}]}<\/script>\n<!-- \/ Yoast SEO plugin. -->","yoast_head_json":{"title":"\u25b7 Come utilizzare l&#39;istruzione WITH VBA annidata?","description":"\u00c8 possibile utilizzare l&#39;istruzione &quot;With&quot; per specificare un oggetto una volta e quindi eseguire pi\u00f9 istruzioni per esso. Esso pu\u00f2","robots":{"index":"index","follow":"follow","max-snippet":"max-snippet:-1","max-image-preview":"max-image-preview:large","max-video-preview":"max-video-preview:-1"},"canonical":"https:\/\/exceladvisor.org\/it\/con\/","og_locale":"it_IT","og_type":"article","og_title":"\u25b7 Come utilizzare l&#39;istruzione WITH VBA annidata?","og_description":"\u00c8 possibile utilizzare l&#39;istruzione &quot;With&quot; per specificare un oggetto una volta e quindi eseguire pi\u00f9 istruzioni per esso. Esso pu\u00f2","og_url":"https:\/\/exceladvisor.org\/it\/con\/","og_site_name":"Excel Advisor","article_modified_time":"2023-12-10T06:26:38+00:00","og_image":[{"url":"https:\/\/exceladvisor.org\/wp-content\/uploads\/2023\/08\/1-syntaxe-de-vba-avec-instruction.png","type":"","width":"","height":""}],"twitter_card":"summary_large_image","twitter_misc":{"Tempo di lettura stimato":"3 minuti"},"schema":{"@context":"https:\/\/schema.org","@graph":[{"@type":"WebPage","@id":"https:\/\/exceladvisor.org\/it\/con\/","url":"https:\/\/exceladvisor.org\/it\/con\/","name":"\u25b7 Come utilizzare l&#39;istruzione WITH VBA annidata?","isPartOf":{"@id":"https:\/\/exceladvisor.org\/it\/#website"},"primaryImageOfPage":{"@id":"https:\/\/exceladvisor.org\/it\/con\/#primaryimage"},"image":{"@id":"https:\/\/exceladvisor.org\/it\/con\/#primaryimage"},"thumbnailUrl":"https:\/\/exceladvisor.org\/wp-content\/uploads\/2023\/08\/1-syntaxe-de-vba-avec-instruction.png","datePublished":"2023-09-28T17:33:35+00:00","dateModified":"2023-12-10T06:26:38+00:00","description":"\u00c8 possibile utilizzare l&#39;istruzione &quot;With&quot; per specificare un oggetto una volta e quindi eseguire pi\u00f9 istruzioni per esso. Esso pu\u00f2","breadcrumb":{"@id":"https:\/\/exceladvisor.org\/it\/con\/#breadcrumb"},"inLanguage":"it-IT","potentialAction":[{"@type":"ReadAction","target":["https:\/\/exceladvisor.org\/it\/con\/"]}]},{"@type":"ImageObject","inLanguage":"it-IT","@id":"https:\/\/exceladvisor.org\/it\/con\/#primaryimage","url":"https:\/\/exceladvisor.org\/wp-content\/uploads\/2023\/08\/1-syntaxe-de-vba-avec-instruction.png","contentUrl":"https:\/\/exceladvisor.org\/wp-content\/uploads\/2023\/08\/1-syntaxe-de-vba-avec-instruction.png"},{"@type":"BreadcrumbList","@id":"https:\/\/exceladvisor.org\/it\/con\/#breadcrumb","itemListElement":[{"@type":"ListItem","position":1,"name":"Home","item":"https:\/\/exceladvisor.org\/it\/"},{"@type":"ListItem","position":2,"name":"Come utilizzare l&#39;istruzione with vba nidificata?"}]},{"@type":"WebSite","@id":"https:\/\/exceladvisor.org\/it\/#website","url":"https:\/\/exceladvisor.org\/it\/","name":"Excel Advisor","description":"Tips, Tricks, and Time-Saving Hacks","publisher":{"@id":"https:\/\/exceladvisor.org\/it\/#organization"},"potentialAction":[{"@type":"SearchAction","target":{"@type":"EntryPoint","urlTemplate":"https:\/\/exceladvisor.org\/it\/?s={search_term_string}"},"query-input":{"@type":"PropertyValueSpecification","valueRequired":true,"valueName":"search_term_string"}}],"inLanguage":"it-IT"},{"@type":"Organization","@id":"https:\/\/exceladvisor.org\/it\/#organization","name":"Excel Advisor","url":"https:\/\/exceladvisor.org\/it\/","logo":{"@type":"ImageObject","inLanguage":"it-IT","@id":"https:\/\/exceladvisor.org\/it\/#\/schema\/logo\/image\/","url":"https:\/\/exceladvisor.org\/it\/wp-content\/uploads\/2023\/12\/exceladvisor.org_.png","contentUrl":"https:\/\/exceladvisor.org\/it\/wp-content\/uploads\/2023\/12\/exceladvisor.org_.png","width":105,"height":36,"caption":"Excel Advisor"},"image":{"@id":"https:\/\/exceladvisor.org\/it\/#\/schema\/logo\/image\/"}}]}},"yoast_meta":{"yoast_wpseo_title":"","yoast_wpseo_metadesc":"","yoast_wpseo_canonical":""},"_links":{"self":[{"href":"https:\/\/exceladvisor.org\/it\/wp-json\/wp\/v2\/pages\/2156","targetHints":{"allow":["GET"]}}],"collection":[{"href":"https:\/\/exceladvisor.org\/it\/wp-json\/wp\/v2\/pages"}],"about":[{"href":"https:\/\/exceladvisor.org\/it\/wp-json\/wp\/v2\/types\/page"}],"author":[{"embeddable":true,"href":"https:\/\/exceladvisor.org\/it\/wp-json\/wp\/v2\/users\/1"}],"replies":[{"embeddable":true,"href":"https:\/\/exceladvisor.org\/it\/wp-json\/wp\/v2\/comments?post=2156"}],"version-history":[{"count":1,"href":"https:\/\/exceladvisor.org\/it\/wp-json\/wp\/v2\/pages\/2156\/revisions"}],"predecessor-version":[{"id":2816,"href":"https:\/\/exceladvisor.org\/it\/wp-json\/wp\/v2\/pages\/2156\/revisions\/2816"}],"wp:attachment":[{"href":"https:\/\/exceladvisor.org\/it\/wp-json\/wp\/v2\/media?parent=2156"}],"curies":[{"name":"wp","href":"https:\/\/api.w.org\/{rel}","templated":true}]}}