{"id":2157,"date":"2023-09-28T17:18:30","date_gmt":"2023-09-28T17:18:30","guid":{"rendered":"https:\/\/exceladvisor.org\/it\/aspetta-di-dormire\/"},"modified":"2023-12-10T06:26:23","modified_gmt":"2023-12-10T06:26:23","slug":"aspetta-di-dormire","status":"publish","type":"page","link":"https:\/\/exceladvisor.org\/it\/aspetta-di-dormire\/","title":{"rendered":"Come utilizzare i comandi wait e sleep in vba?"},"content":{"rendered":"<div class=\"excel-prima-del-contenuto\" id=\"excel-2490825693\"><script type=\"text\/javascript\">\r\n\tatOptions = {\r\n\t\t'key' : 'c1158f160081d6540a8409e6925dab94',\r\n\t\t'format' : 'iframe',\r\n\t\t'height' : 250,\r\n\t\t'width' : 300,\r\n\t\t'params' : {}\r\n\t};\r\n<\/script>\r\n<script type=\"text\/javascript\" src=\"\/\/www.highperformanceformat.com\/c1158f160081d6540a8409e6925dab94\/invoke.js\"><\/script><\/div> <h2 id=\"0-vba-wait-command\" class=\"wp-block-heading\">Comando di attesa VBA<\/h2><p> In VBA, il comando (metodo) WAIT ti aiuta ad attendere tutte le attivit\u00e0 che stai svolgendo in Excel per un certo tempo o fino a un&#8217;ora specifica. In poche parole, puoi fare in modo che VBA attenda alcuni secondi, minuti o addirittura ore o fino a un tempo prestabilito. Ha un argomento che richiede di specificarlo.<\/p><h2 id=\"1-steps-to-use-vba-wait\" class=\"wp-block-heading\"> Passaggi per utilizzare VBA Attendi<\/h2><ol type=\"1\"><li> Innanzitutto, utilizza la parola chiave &#8220;Applicazione&#8221; e digita un punto (.) per ottenere l&#8217;elenco di propriet\u00e0 e metodi.<\/li><li> Successivamente, seleziona o tocca il metodo &#8220;Aspetta&#8221;.<\/li><li> Ora specifica l&#8217;argomento &#8220;Tempo&#8221; per indicare a VBA quanto tempo vuoi attendere.<\/li><li> Alla fine, esegui il codice per mettere in coda tutte le attivit\u00e0 in Excel. <\/li><\/ol><div class=\"wp-block-image\"><figure class=\"aligncenter size-large is-resized\"><img loading=\"lazy\" decoding=\"async\" class=\"wp-image-55797\" src=\"https:\/\/exceladvisor.org\/wp-content\/uploads\/2023\/08\/01-commande-dattente-vba.png\" sizes=\"auto, \" srcset=\"\" alt=\"comando vba-wait\" width=\"702\" height=\"311\"><\/figure><\/div><p> In questo codice, hai utilizzato NOW e <a href=\"https:\/\/exceladvisor.org\/it\/valore-temporale\/\">TIMEVALUE<\/a> ( <a href=\"https:\/\/exceladvisor.org\/it\/funzioni\/\">Funzioni VBA<\/a> ) per indicare a VBA di attendere dieci secondi dal momento in cui esegui il codice. Quindi, una volta trascorsi i dieci secondi, l&#8217;istruzione IF tester\u00e0 la condizione ed eseguir\u00e0 mostrandoti una finestra di messaggio con il messaggio &#8220;Wait Over&#8221;.<\/p><pre class=\"wp-block-code\"> <code class=\"language-visual-basic\" lang=\"visual-basic\">Sub vba_wait_example() If Application.Wait(Now + TimeValue(\"00:00:10\")) = True Then MsgBox \"Wait Over\" End If End Sub<\/code><\/pre><p> Puoi anche utilizzare il metodo Wait per consentire a Excel di attendere tutte le attivit\u00e0 fino a un&#8217;ora specifica. Il seguente codice attende fino alle 13:00. Quindi, poich\u00e9 nel mio sistema sono le 12:52 in questo momento, questo codice di linea lo far\u00e0 attendere per i prossimi 8 minuti.<\/p><pre class=\"wp-block-code\"> <code class=\"language-visual-basic\" lang=\"visual-basic\">Application.Wait \"13:00:00\"<\/code><\/pre><p class=\"qt-tip\"> <strong>Nota:<\/strong> con il metodo wait \u00e8 possibile attendere solo almeno un secondo.<\/p><h2 id=\"2-vba-sleep\" class=\"wp-block-heading\"> Sonno VBA<\/h2><p> Sleep \u00e8 una funzione di Windows ( <em>sotto i file DLL di Windows; \u00e8 necessario importare questa funzione utilizzando un&#8217;istruzione di codice<\/em> ) che pu\u00f2 aiutarti a mettere in pausa o aggiungere un ritardo durante <a href=\"https:\/\/exceladvisor.org\/it\/eseguire-una-macro-2\/\">l&#8217;esecuzione di una macro<\/a> . In questa funzione \u00e8 possibile specificare il tempo in millisecondi, ma non \u00e8 possibile interrompere la funzione di sospensione una volta che ha messo tutto in pausa.<\/p><h2 id=\"3-use-sleep-function-in-vba\" class=\"wp-block-heading\"> Utilizzare la funzione di sospensione in VBA<\/h2><ol type=\"1\"><li> Prima di tutto \u00e8 necessario utilizzare l&#8217;istruzione code per importare la funzione sleep dalla \u201c <em>libreria kernel32<\/em> \u201d.<\/li><li> E poi devi assicurarti di aggiungere l&#8217;istruzione &#8220;PtrSafe&#8221; se stai utilizzando Excel a 64 bit.<\/li><li> Quindi \u00e8 necessario chiamare la funzione sleep nel codice.<\/li><li> Alla fine, specifica il tempo (millisecondi) in cui desideri ritardare il codice. <\/li><\/ol><div class=\"wp-block-image\"><figure class=\"aligncenter size-large is-resized\"><img loading=\"lazy\" decoding=\"async\" class=\"wp-image-55798\" src=\"https:\/\/exceladvisor.org\/wp-content\/uploads\/2023\/08\/02-fonction-de-veille-dans-vba.png\" sizes=\"auto, \" srcset=\"\" alt=\"\" width=\"891\" height=\"391\"><\/figure><\/div><pre class=\"wp-block-code\"> <code class=\"language-visual-basic\" lang=\"visual-basic\">If VBA7 Then ' <code>For 64-Bit versions of Excel<\/code> <code>Public Declare PtrSafe Sub Sleep Lib \"kernel32\" (ByVal dwMilliseconds As LongPtr)<\/code> Else 'For 32-Bit versions of Excel Public Declare Sub Sleep Lib \"kernel32\" (ByVal dwMilliseconds As Long) End If Sub vba_sleep() Sleep (10000) 'add code here MsgBox \"Finished\" End Sub<\/code><\/pre><p> Nel codice sopra hai 10.000 millisecondi, che equivalgono a 10 secondi. Quando esegui questo codice, ritarder\u00e0 il codice di 10 secondi e quindi mostrer\u00e0 una finestra di messaggio.<\/p><p class=\"qt-tip\"> <strong>Nota:<\/strong> quando usi la funzione di sospensione, interrompe tutto in Excel per il tempo impostato, non puoi nemmeno interromperlo. Assicurati di controllare questo collegamento di Microsoft sulla <a href=\"https:\/\/docs.microsoft.com\/en-us\/previous-versions\/office\/developer\/office-2010\/ee691831(v=office.14)?redirectedfrom=MSDN\" target=\"_blank\" rel=\"noreferrer noopener\">compatibilit\u00e0 tra le versioni a 32 e 64 bit<\/a> .<\/p><div class=\"gb-container gb-container-4db6181c gb-container-mt\"> <a class=\"gb-button gb-button-c5897111 gb-button-text gb-button-mt-button\" href=\"https:\/\/exceladvisor.org\/it\/vba\/\">Cos&#8217;\u00e8 VBA<\/a><h2 class=\"gb-headline gb-headline-665e5f6b gb-headline-text gb-headline-mt-heading\"> Tutorial correlati <\/h2><div class=\"gb-grid-wrapper gb-grid-wrapper-a20baf7c gb-grid-wrapper-mt-grid\"><div class=\"gb-grid-column gb-grid-column-65ddf67e\"><div class=\"gb-container gb-container-65ddf67e\"><ul><li> <a href=\"https:\/\/exceladvisor.org\/it\/evidenziare-i-valori-duplicati\/\">Evidenzia i valori duplicati utilizzando VBA<\/a><\/li><li> <a href=\"https:\/\/exceladvisor.org\/it\/estrarre-il-collegamento-ipertestuale\/\">Estrai l&#8217;indirizzo del collegamento ipertestuale (URL) VBA<\/a><\/li><li> <a href=\"https:\/\/exceladvisor.org\/it\/campo-di-immissione\/\">Casella di input in VBA<\/a><\/li><li> <a href=\"https:\/\/exceladvisor.org\/it\/file-di-testo\/\">VBA crea e scrive in un file di testo<\/a><\/li><li> <a href=\"https:\/\/exceladvisor.org\/it\/aggiornamento-dello-schermo\/\">Aggiornamento schermata VBA<\/a> <\/li><\/ul><\/div><\/div><div class=\"gb-grid-column gb-grid-column-50067b57\"><div class=\"gb-container gb-container-50067b57\"><\/div><\/div><\/div><\/div>","protected":false},"excerpt":{"rendered":"","protected":false},"author":1,"featured_media":0,"parent":0,"menu_order":0,"comment_status":"open","ping_status":"closed","template":"","meta":{"ub_ctt_via":"","footnotes":""},"class_list":["post-2157","page","type-page","status-publish","hentry"],"featured_image_src":null,"yoast_head":"<!-- This site is optimized with the Yoast SEO plugin v25.4 - https:\/\/yoast.com\/wordpress\/plugins\/seo\/ -->\n<title>\u25b7 Come utilizzare i comandi wait e sleep in VBA?<\/title>\n<meta name=\"description\" content=\"In questo tutorial imparerai come utilizzare il comando wait e sleep per sospendere tutte le attivit\u00e0 in Excel utilizzando\" \/>\n<meta name=\"robots\" content=\"index, follow, max-snippet:-1, max-image-preview:large, max-video-preview:-1\" \/>\n<link rel=\"canonical\" href=\"https:\/\/exceladvisor.org\/it\/aspetta-di-dormire\/\" \/>\n<meta property=\"og:locale\" content=\"it_IT\" \/>\n<meta property=\"og:type\" content=\"article\" \/>\n<meta property=\"og:title\" content=\"\u25b7 Come utilizzare i comandi wait e sleep in VBA?\" \/>\n<meta property=\"og:description\" content=\"In questo tutorial imparerai come utilizzare il comando wait e sleep per sospendere tutte le attivit\u00e0 in Excel utilizzando\" \/>\n<meta property=\"og:url\" content=\"https:\/\/exceladvisor.org\/it\/aspetta-di-dormire\/\" \/>\n<meta property=\"og:site_name\" content=\"Excel Advisor\" \/>\n<meta property=\"article:modified_time\" content=\"2023-12-10T06:26:23+00:00\" \/>\n<meta property=\"og:image\" content=\"https:\/\/exceladvisor.org\/wp-content\/uploads\/2023\/08\/01-commande-dattente-vba.png\" \/>\n<meta name=\"twitter:card\" content=\"summary_large_image\" \/>\n<meta name=\"twitter:label1\" content=\"Tempo di lettura stimato\" \/>\n\t<meta name=\"twitter:data1\" content=\"3 minuti\" \/>\n<script type=\"application\/ld+json\" class=\"yoast-schema-graph\">{\"@context\":\"https:\/\/schema.org\",\"@graph\":[{\"@type\":\"WebPage\",\"@id\":\"https:\/\/exceladvisor.org\/it\/aspetta-di-dormire\/\",\"url\":\"https:\/\/exceladvisor.org\/it\/aspetta-di-dormire\/\",\"name\":\"\u25b7 Come utilizzare i comandi wait e sleep in VBA?\",\"isPartOf\":{\"@id\":\"https:\/\/exceladvisor.org\/it\/#website\"},\"primaryImageOfPage\":{\"@id\":\"https:\/\/exceladvisor.org\/it\/aspetta-di-dormire\/#primaryimage\"},\"image\":{\"@id\":\"https:\/\/exceladvisor.org\/it\/aspetta-di-dormire\/#primaryimage\"},\"thumbnailUrl\":\"https:\/\/exceladvisor.org\/wp-content\/uploads\/2023\/08\/01-commande-dattente-vba.png\",\"datePublished\":\"2023-09-28T17:18:30+00:00\",\"dateModified\":\"2023-12-10T06:26:23+00:00\",\"description\":\"In questo tutorial imparerai come utilizzare il comando wait e sleep per sospendere tutte le attivit\u00e0 in Excel utilizzando\",\"breadcrumb\":{\"@id\":\"https:\/\/exceladvisor.org\/it\/aspetta-di-dormire\/#breadcrumb\"},\"inLanguage\":\"it-IT\",\"potentialAction\":[{\"@type\":\"ReadAction\",\"target\":[\"https:\/\/exceladvisor.org\/it\/aspetta-di-dormire\/\"]}]},{\"@type\":\"ImageObject\",\"inLanguage\":\"it-IT\",\"@id\":\"https:\/\/exceladvisor.org\/it\/aspetta-di-dormire\/#primaryimage\",\"url\":\"https:\/\/exceladvisor.org\/wp-content\/uploads\/2023\/08\/01-commande-dattente-vba.png\",\"contentUrl\":\"https:\/\/exceladvisor.org\/wp-content\/uploads\/2023\/08\/01-commande-dattente-vba.png\"},{\"@type\":\"BreadcrumbList\",\"@id\":\"https:\/\/exceladvisor.org\/it\/aspetta-di-dormire\/#breadcrumb\",\"itemListElement\":[{\"@type\":\"ListItem\",\"position\":1,\"name\":\"Home\",\"item\":\"https:\/\/exceladvisor.org\/it\/\"},{\"@type\":\"ListItem\",\"position\":2,\"name\":\"Come utilizzare i comandi wait e sleep in vba?\"}]},{\"@type\":\"WebSite\",\"@id\":\"https:\/\/exceladvisor.org\/it\/#website\",\"url\":\"https:\/\/exceladvisor.org\/it\/\",\"name\":\"Excel Advisor\",\"description\":\"Tips, Tricks, and Time-Saving Hacks\",\"publisher\":{\"@id\":\"https:\/\/exceladvisor.org\/it\/#organization\"},\"potentialAction\":[{\"@type\":\"SearchAction\",\"target\":{\"@type\":\"EntryPoint\",\"urlTemplate\":\"https:\/\/exceladvisor.org\/it\/?s={search_term_string}\"},\"query-input\":{\"@type\":\"PropertyValueSpecification\",\"valueRequired\":true,\"valueName\":\"search_term_string\"}}],\"inLanguage\":\"it-IT\"},{\"@type\":\"Organization\",\"@id\":\"https:\/\/exceladvisor.org\/it\/#organization\",\"name\":\"Excel Advisor\",\"url\":\"https:\/\/exceladvisor.org\/it\/\",\"logo\":{\"@type\":\"ImageObject\",\"inLanguage\":\"it-IT\",\"@id\":\"https:\/\/exceladvisor.org\/it\/#\/schema\/logo\/image\/\",\"url\":\"https:\/\/exceladvisor.org\/it\/wp-content\/uploads\/2023\/12\/exceladvisor.org_.png\",\"contentUrl\":\"https:\/\/exceladvisor.org\/it\/wp-content\/uploads\/2023\/12\/exceladvisor.org_.png\",\"width\":105,\"height\":36,\"caption\":\"Excel Advisor\"},\"image\":{\"@id\":\"https:\/\/exceladvisor.org\/it\/#\/schema\/logo\/image\/\"}}]}<\/script>\n<!-- \/ Yoast SEO plugin. -->","yoast_head_json":{"title":"\u25b7 Come utilizzare i comandi wait e sleep in VBA?","description":"In questo tutorial imparerai come utilizzare il comando wait e sleep per sospendere tutte le attivit\u00e0 in Excel utilizzando","robots":{"index":"index","follow":"follow","max-snippet":"max-snippet:-1","max-image-preview":"max-image-preview:large","max-video-preview":"max-video-preview:-1"},"canonical":"https:\/\/exceladvisor.org\/it\/aspetta-di-dormire\/","og_locale":"it_IT","og_type":"article","og_title":"\u25b7 Come utilizzare i comandi wait e sleep in VBA?","og_description":"In questo tutorial imparerai come utilizzare il comando wait e sleep per sospendere tutte le attivit\u00e0 in Excel utilizzando","og_url":"https:\/\/exceladvisor.org\/it\/aspetta-di-dormire\/","og_site_name":"Excel Advisor","article_modified_time":"2023-12-10T06:26:23+00:00","og_image":[{"url":"https:\/\/exceladvisor.org\/wp-content\/uploads\/2023\/08\/01-commande-dattente-vba.png","type":"","width":"","height":""}],"twitter_card":"summary_large_image","twitter_misc":{"Tempo di lettura stimato":"3 minuti"},"schema":{"@context":"https:\/\/schema.org","@graph":[{"@type":"WebPage","@id":"https:\/\/exceladvisor.org\/it\/aspetta-di-dormire\/","url":"https:\/\/exceladvisor.org\/it\/aspetta-di-dormire\/","name":"\u25b7 Come utilizzare i comandi wait e sleep in VBA?","isPartOf":{"@id":"https:\/\/exceladvisor.org\/it\/#website"},"primaryImageOfPage":{"@id":"https:\/\/exceladvisor.org\/it\/aspetta-di-dormire\/#primaryimage"},"image":{"@id":"https:\/\/exceladvisor.org\/it\/aspetta-di-dormire\/#primaryimage"},"thumbnailUrl":"https:\/\/exceladvisor.org\/wp-content\/uploads\/2023\/08\/01-commande-dattente-vba.png","datePublished":"2023-09-28T17:18:30+00:00","dateModified":"2023-12-10T06:26:23+00:00","description":"In questo tutorial imparerai come utilizzare il comando wait e sleep per sospendere tutte le attivit\u00e0 in Excel utilizzando","breadcrumb":{"@id":"https:\/\/exceladvisor.org\/it\/aspetta-di-dormire\/#breadcrumb"},"inLanguage":"it-IT","potentialAction":[{"@type":"ReadAction","target":["https:\/\/exceladvisor.org\/it\/aspetta-di-dormire\/"]}]},{"@type":"ImageObject","inLanguage":"it-IT","@id":"https:\/\/exceladvisor.org\/it\/aspetta-di-dormire\/#primaryimage","url":"https:\/\/exceladvisor.org\/wp-content\/uploads\/2023\/08\/01-commande-dattente-vba.png","contentUrl":"https:\/\/exceladvisor.org\/wp-content\/uploads\/2023\/08\/01-commande-dattente-vba.png"},{"@type":"BreadcrumbList","@id":"https:\/\/exceladvisor.org\/it\/aspetta-di-dormire\/#breadcrumb","itemListElement":[{"@type":"ListItem","position":1,"name":"Home","item":"https:\/\/exceladvisor.org\/it\/"},{"@type":"ListItem","position":2,"name":"Come utilizzare i comandi wait e sleep in vba?"}]},{"@type":"WebSite","@id":"https:\/\/exceladvisor.org\/it\/#website","url":"https:\/\/exceladvisor.org\/it\/","name":"Excel Advisor","description":"Tips, Tricks, and Time-Saving Hacks","publisher":{"@id":"https:\/\/exceladvisor.org\/it\/#organization"},"potentialAction":[{"@type":"SearchAction","target":{"@type":"EntryPoint","urlTemplate":"https:\/\/exceladvisor.org\/it\/?s={search_term_string}"},"query-input":{"@type":"PropertyValueSpecification","valueRequired":true,"valueName":"search_term_string"}}],"inLanguage":"it-IT"},{"@type":"Organization","@id":"https:\/\/exceladvisor.org\/it\/#organization","name":"Excel Advisor","url":"https:\/\/exceladvisor.org\/it\/","logo":{"@type":"ImageObject","inLanguage":"it-IT","@id":"https:\/\/exceladvisor.org\/it\/#\/schema\/logo\/image\/","url":"https:\/\/exceladvisor.org\/it\/wp-content\/uploads\/2023\/12\/exceladvisor.org_.png","contentUrl":"https:\/\/exceladvisor.org\/it\/wp-content\/uploads\/2023\/12\/exceladvisor.org_.png","width":105,"height":36,"caption":"Excel Advisor"},"image":{"@id":"https:\/\/exceladvisor.org\/it\/#\/schema\/logo\/image\/"}}]}},"yoast_meta":{"yoast_wpseo_title":"","yoast_wpseo_metadesc":"","yoast_wpseo_canonical":""},"_links":{"self":[{"href":"https:\/\/exceladvisor.org\/it\/wp-json\/wp\/v2\/pages\/2157","targetHints":{"allow":["GET"]}}],"collection":[{"href":"https:\/\/exceladvisor.org\/it\/wp-json\/wp\/v2\/pages"}],"about":[{"href":"https:\/\/exceladvisor.org\/it\/wp-json\/wp\/v2\/types\/page"}],"author":[{"embeddable":true,"href":"https:\/\/exceladvisor.org\/it\/wp-json\/wp\/v2\/users\/1"}],"replies":[{"embeddable":true,"href":"https:\/\/exceladvisor.org\/it\/wp-json\/wp\/v2\/comments?post=2157"}],"version-history":[{"count":1,"href":"https:\/\/exceladvisor.org\/it\/wp-json\/wp\/v2\/pages\/2157\/revisions"}],"predecessor-version":[{"id":2787,"href":"https:\/\/exceladvisor.org\/it\/wp-json\/wp\/v2\/pages\/2157\/revisions\/2787"}],"wp:attachment":[{"href":"https:\/\/exceladvisor.org\/it\/wp-json\/wp\/v2\/media?parent=2157"}],"curies":[{"name":"wp","href":"https:\/\/api.w.org\/{rel}","templated":true}]}}