{"id":2158,"date":"2023-09-28T15:20:02","date_gmt":"2023-09-28T15:20:02","guid":{"rendered":"https:\/\/exceladvisor.org\/it\/errore-di-esecuzione-1004\/"},"modified":"2023-12-10T06:22:49","modified_gmt":"2023-12-10T06:22:49","slug":"errore-di-esecuzione-1004","status":"publish","type":"page","link":"https:\/\/exceladvisor.org\/it\/errore-di-esecuzione-1004\/","title":{"rendered":"Come correggere l&#39;errore di runtime vba 1004?"},"content":{"rendered":"<div class=\"excel-prima-del-contenuto\" id=\"excel-210520632\"><script type=\"text\/javascript\">\r\n\tatOptions = {\r\n\t\t'key' : 'c1158f160081d6540a8409e6925dab94',\r\n\t\t'format' : 'iframe',\r\n\t\t'height' : 250,\r\n\t\t'width' : 300,\r\n\t\t'params' : {}\r\n\t};\r\n<\/script>\r\n<script type=\"text\/javascript\" src=\"\/\/www.highperformanceformat.com\/c1158f160081d6540a8409e6925dab94\/invoke.js\"><\/script><\/div> <p>L&#8217;errore di runtime VBA 1004 si verifica durante l&#8217;esecuzione di una macro in Excel. Questo \u00e8 un errore che pu\u00f2 verificarsi per diversi motivi. Nell&#8217;esempio seguente, come puoi vedere, quando eseguo il codice viene visualizzato l&#8217;errore di runtime &#8220;1004&#8221;. In parole semplici, si pu\u00f2 anche dire che accade quando non \u00e8 possibile eseguire un&#8217;attivit\u00e0 con l&#8217;oggetto o l&#8217;applicazione. <\/p><div class=\"wp-block-image\"><figure class=\"aligncenter size-large is-resized\"><img loading=\"lazy\" decoding=\"async\" class=\"wp-image-57091\" src=\"https:\/\/exceladvisor.org\/wp-content\/uploads\/2023\/08\/1-erreur-dexecution-vba.png\" sizes=\"auto, \" srcset=\"\" alt=\"vba-run-time-error\" width=\"702\" height=\"471\"><\/figure><\/div><p> In questo tutorial, comprenderemo molti altri motivi per questo errore di runtime 1004.<\/p><h2 class=\"wp-block-heading\"> Errore 1: errore di runtime VBA 1004: questo nome \u00e8 gi\u00e0 utilizzato. Provane un&#8217;altro:<\/h2><p> Come ho condiviso in precedenza, quando provi ad aggiungere un foglio con il nome gi\u00e0 presente nella cartella di lavoro utilizzando un codice VBA, VBA mostra un errore di runtime con il codice 1004 .<\/p><p> Anche quando provi a <a href=\"https:\/\/exceladvisor.org\/it\/rinominare-il-foglio\/\">rinominare un foglio di lavoro<\/a> ottieni lo stesso errore da VBA. <\/p><div class=\"wp-block-image\"><figure class=\"aligncenter size-large is-resized\"><img loading=\"lazy\" decoding=\"async\" class=\"wp-image-57092\" src=\"https:\/\/exceladvisor.org\/wp-content\/uploads\/2023\/08\/2-renommer-une-feuille-de-calcul.png\" sizes=\"auto, \" srcset=\"\" alt=\"\" width=\"594\" height=\"570\"><\/figure><\/div><p> Nel codice sopra, ho provato a rinominare il foglio &#8220;Foglio2&#8221; con il nome &#8220;Foglio1&#8221;, ma come puoi vedere, ho gi\u00e0 il &#8220;Foglio1&#8221; nella cartella di lavoro; VBA mi ha mostrato il codice di errore 1004.<\/p><p> Per affrontare questo problema, \u00e8 necessario verificare se un foglio esiste gi\u00e0 nella cartella di lavoro o meno.<\/p><h2 class=\"wp-block-heading\"> Errore 2: errore di runtime VBA 1004: metodo &#8216;Range&#8217; dell&#8217;oggetto &#8216;_Global&#8217; non riuscito:<\/h2><p> Come sai, puoi creare un intervallo denominato in Excel, ma quando provi a fare riferimento a tale intervallo denominato utilizzando il codice VBA e digitando erroneamente il suo nome, potresti ricevere l&#8217;errore di runtime 1004 Metodo &#8220;intervallo&#8221; oggetto &#8220;_Global&#8221; non riuscito.<\/p><p> Nell&#8217;esempio seguente, ho un intervallo denominato &#8220;myRange&#8221;, ma durante la scrittura della macro l&#8217;ho scritto in modo errato come &#8220;myRang&#8221; anche se si tratta di un errore di digitazione; VBA non \u00e8 cos\u00ec intelligente da identificare questo errore e fare riferimento all&#8217;intervallo denominato corretto. <\/p><div class=\"wp-block-image\"><figure class=\"aligncenter size-large is-resized\"><img loading=\"lazy\" decoding=\"async\" class=\"wp-image-57093\" src=\"https:\/\/exceladvisor.org\/wp-content\/uploads\/2023\/08\/3-methode-gamme-dobjet.png\" sizes=\"auto, \" srcset=\"\" alt=\"\" width=\"667\" height=\"555\"><\/figure><\/div><p> Non esiste un intervallo denominato con il nome che ho citato ed \u00e8 per questo che mi ha mostrato l&#8217;errore di runtime 1004.<\/p><h2 class=\"wp-block-heading\"> Errore 3: errore di runtime VBA 1004: impossibile selezionare il metodo dell&#8217;intervallo di classe:<\/h2><p> Quando utilizzi il codice VBA per selezionare un intervallo che non \u00e8 nel foglio di lavoro attivo, VBA mostra l&#8217;errore di runtime 1004. Perch\u00e9, se desideri selezionare una cella o un intervallo di celle per un calcolo del foglio, deve essere attivo in quel momento .<\/p><p> Non puoi selezionare una cella nel foglio1 se il foglio2 \u00e8 attivo al momento.<\/p><p> Come puoi vedere nell&#8217;esempio seguente, ho commesso lo stesso errore facendo riferimento alla cella A1 del primo foglio, ma il foglio 2 \u00e8 attivo. <\/p><div class=\"wp-block-image\"><figure class=\"aligncenter size-large is-resized\"><img loading=\"lazy\" decoding=\"async\" class=\"wp-image-57094\" src=\"https:\/\/exceladvisor.org\/wp-content\/uploads\/2023\/08\/4-Echec-de-la-methode-de-selection-de-la-classe-de-plage.png\" sizes=\"auto, \" srcset=\"\" alt=\"\" width=\"575\" height=\"445\"><\/figure><\/div><p> Il modo migliore per gestire questo errore \u00e8 attivare prima il foglio e quindi scrivere una riga di codice che seleziona una cella o un intervallo di quel foglio. Puoi anche verificare se un foglio \u00e8 attivo o meno, quindi selezionare la cella di quel foglio e, se in qualche modo quel foglio non \u00e8 attivo, puoi mostrare un messaggio all&#8217;utente per abilitare prima questo foglio.<\/p><h2 class=\"wp-block-heading\"> Errore 4: errore di runtime VBA 1004 Impossibile attivare la classe dell&#8217;intervallo del metodo:<\/h2><p> Proprio come il motivo sopra, quando provi ad attivare una cella o un intervallo di celle da un foglio di lavoro specifico che non \u00e8 attivo al momento, ti mostreremo l&#8217;errore di runtime 1004 (Impossibile attivare la classe dell&#8217;intervallo del metodo :). <\/p><div class=\"wp-block-image\"><figure class=\"aligncenter size-large is-resized\"><img loading=\"lazy\" decoding=\"async\" class=\"wp-image-57095\" src=\"https:\/\/exceladvisor.org\/wp-content\/uploads\/2023\/08\/5-echec-de-lactivation-de-la-classe-de-plage-de-methodes.png\" sizes=\"auto, \" srcset=\"\" alt=\"\" width=\"591\" height=\"464\"><\/figure><\/div><p> Nell&#8217;esempio su quando ho provato ad attivare la cella A1 nel foglio1 mi ha dato l&#8217;errore di runtime 1004, il foglio attivo era foglio2.<\/p><p> Per gestire nuovamente questo errore, devi verificare se il foglio di lavoro a cui ti riferisci \u00e8 attivo o meno. Oppure puoi anche verificare se questo foglio \u00e8 presente nella cartella di lavoro oppure no.<\/p><h2 class=\"wp-block-heading\"> Errore 5: errore 1004 del metodo runtime VBA Spiacenti, non \u00e8 stato possibile trovare:<\/h2><p> Se provi ad aprire un file Excel utilizzando un percorso, ma la cartella di lavoro non \u00e8 presente, potrebbe essere stata spostata, eliminata o rinominata. In questo caso, VBA ti mostrer\u00e0 nuovamente un errore di runtime 1004.<\/p><p> Questo \u00e8 quello che \u00e8 successo nell&#8217;esempio seguente in cui ho provato ad aprire il file con il mio percorso sul desktop, ma quel file non \u00e8 presente e mi ha mostrato un errore. <\/p><div class=\"wp-block-image\"><figure class=\"aligncenter size-large is-resized\"><img loading=\"lazy\" decoding=\"async\" class=\"wp-image-57096\" src=\"https:\/\/exceladvisor.org\/wp-content\/uploads\/2023\/08\/6-methode-desole-nous-navons-pas-pu-trouver.png\" sizes=\"auto, \" srcset=\"\" alt=\"\" width=\"690\" height=\"399\"><\/figure><\/div><p> Per gestire la situazione puoi utilizzare del codice VBA per verificare se il file a cui ti riferisci \u00e8 presente o meno nella cartella.<\/p><h2 class=\"wp-block-heading\"> Errore 6: impossibile aprire il metodo Errore runtime 1004 di Object Binders VBA:<\/h2><p> Questo errore \u00e8 correlato anche alla cartella di lavoro. Pertanto, quando provi ad aprire una cartella di lavoro con il nome per il quale esiste gi\u00e0 un libro ed \u00e8 aperto al momento, VBA ti mostrer\u00e0 l&#8217;errore di runtime 1004 (metodo di apertura delle cartelle di lavoro dell&#8217;oggetto non riuscito). <\/p><div class=\"wp-block-image\"><figure class=\"aligncenter size-large is-resized\"><img loading=\"lazy\" decoding=\"async\" class=\"wp-image-57097\" src=\"https:\/\/exceladvisor.org\/wp-content\/uploads\/2023\/08\/7-methode-douverture-des-classeurs-dobjets-a-echoue.png\" sizes=\"auto, \" srcset=\"\" alt=\"\" width=\"646\" height=\"474\"><\/figure><\/div><p> La stessa cosa \u00e8 accaduta nell&#8217;esempio precedente, in cui ho provato ad aprire una cartella di lavoro gi\u00e0 aperta e VBA mi ha mostrato un errore di runtime (1004).<\/p><h2 class=\"wp-block-heading\"> Come correggere il tempo di esecuzione di VBA (errore 1004)<\/h2><p> L&#8217;errore 1004 \u00e8 un errore di runtime che si verifica durante l&#8217;esecuzione del codice VBA. E tutti gli errori di cui abbiamo discusso sopra sono dovuti a errori umani durante la scrittura del codice, seguendo i punti che puoi utilizzare per evitare l&#8217;errore di runtime 1004.<\/p><ol type=\"1\"><li> Eseguire un&#8217;esecuzione del codice passo passo per vedere su quale riga si verifica l&#8217;errore.<\/li><li> Assicurati di controllare tutti i nomi delle cartelle di lavoro a cui ti riferisci.<\/li><li> Puoi anche utilizzare il codice VBA per verificare se una cartella di lavoro \u00e8 gi\u00e0 aperta o meno.<\/li><li> E usa il metodo di attivazione per attivare un foglio di lavoro prima di fare riferimento a una cella o a un intervallo da esso.<\/li><\/ol><div class=\"gb-container gb-container-4db6181c gb-container-mt\"> <a class=\"gb-button gb-button-c5897111 gb-button-text gb-button-mt-button\" href=\"https:\/\/exceladvisor.org\/it\/vba\/\">Cos&#8217;\u00e8 VBA<\/a><h2 class=\"gb-headline gb-headline-665e5f6b gb-headline-text gb-headline-mt-heading\"> Tutorial correlati <\/h2><div class=\"gb-grid-wrapper gb-grid-wrapper-a20baf7c gb-grid-wrapper-mt-grid\"><div class=\"gb-grid-column gb-grid-column-65ddf67e\"><div class=\"gb-container gb-container-65ddf67e\"><ul><li> <a href=\"https:\/\/exceladvisor.org\/it\/gestione-degli-errori\/\">Gestione degli errori VBA<\/a><\/li><li> <a href=\"https:\/\/exceladvisor.org\/it\/errore-di-automazione-440\/\">Errore di automazione VBA (errore 440)<\/a><\/li><li> <a href=\"https:\/\/exceladvisor.org\/it\/chiamata-di-procedura-non-valida-o-errore-di-argomento-5\/\">Chiamata di procedura VBA o errore di argomento non valido (errore 5)<\/a><\/li><li> L&#8217;oggetto VBA non supporta questa propriet\u00e0 o errore del metodo (errore 438)<\/li><li> <a href=\"https:\/\/exceladvisor.org\/it\/oggetto-richiesto-errore-424\/\">Errore richiesto oggetto VBA (errore 424)<\/a> <\/li><\/ul><\/div><\/div><div class=\"gb-grid-column gb-grid-column-50067b57\"><div class=\"gb-container gb-container-50067b57\"><\/div><\/div><\/div><\/div>","protected":false},"excerpt":{"rendered":"","protected":false},"author":1,"featured_media":0,"parent":0,"menu_order":0,"comment_status":"open","ping_status":"closed","template":"","meta":{"ub_ctt_via":"","footnotes":""},"class_list":["post-2158","page","type-page","status-publish","hentry"],"featured_image_src":null,"yoast_head":"<!-- This site is optimized with the Yoast SEO plugin v25.4 - https:\/\/yoast.com\/wordpress\/plugins\/seo\/ -->\n<title>Come risolvere l&#039;errore di runtime VBA (errore 1004)?<\/title>\n<meta name=\"description\" content=\"In questo tutorial imparerai perch\u00e9 si verifica Runtime (errore 1004) e come gestirlo durante la scrittura del codice VBA.\" \/>\n<meta name=\"robots\" content=\"index, follow, max-snippet:-1, max-image-preview:large, max-video-preview:-1\" \/>\n<link rel=\"canonical\" href=\"https:\/\/exceladvisor.org\/it\/errore-di-esecuzione-1004\/\" \/>\n<meta property=\"og:locale\" content=\"it_IT\" \/>\n<meta property=\"og:type\" content=\"article\" \/>\n<meta property=\"og:title\" content=\"Come risolvere l&#039;errore di runtime VBA (errore 1004)?\" \/>\n<meta property=\"og:description\" content=\"In questo tutorial imparerai perch\u00e9 si verifica Runtime (errore 1004) e come gestirlo durante la scrittura del codice VBA.\" \/>\n<meta property=\"og:url\" content=\"https:\/\/exceladvisor.org\/it\/errore-di-esecuzione-1004\/\" \/>\n<meta property=\"og:site_name\" content=\"Excel Advisor\" \/>\n<meta property=\"article:modified_time\" content=\"2023-12-10T06:22:49+00:00\" \/>\n<meta property=\"og:image\" content=\"https:\/\/exceladvisor.org\/wp-content\/uploads\/2023\/08\/1-erreur-dexecution-vba.png\" \/>\n<meta name=\"twitter:card\" content=\"summary_large_image\" \/>\n<meta name=\"twitter:label1\" content=\"Tempo di lettura stimato\" \/>\n\t<meta name=\"twitter:data1\" content=\"4 minuti\" \/>\n<script type=\"application\/ld+json\" class=\"yoast-schema-graph\">{\"@context\":\"https:\/\/schema.org\",\"@graph\":[{\"@type\":\"WebPage\",\"@id\":\"https:\/\/exceladvisor.org\/it\/errore-di-esecuzione-1004\/\",\"url\":\"https:\/\/exceladvisor.org\/it\/errore-di-esecuzione-1004\/\",\"name\":\"Come risolvere l&#39;errore di runtime VBA (errore 1004)?\",\"isPartOf\":{\"@id\":\"https:\/\/exceladvisor.org\/it\/#website\"},\"primaryImageOfPage\":{\"@id\":\"https:\/\/exceladvisor.org\/it\/errore-di-esecuzione-1004\/#primaryimage\"},\"image\":{\"@id\":\"https:\/\/exceladvisor.org\/it\/errore-di-esecuzione-1004\/#primaryimage\"},\"thumbnailUrl\":\"https:\/\/exceladvisor.org\/wp-content\/uploads\/2023\/08\/1-erreur-dexecution-vba.png\",\"datePublished\":\"2023-09-28T15:20:02+00:00\",\"dateModified\":\"2023-12-10T06:22:49+00:00\",\"description\":\"In questo tutorial imparerai perch\u00e9 si verifica Runtime (errore 1004) e come gestirlo durante la scrittura del codice VBA.\",\"breadcrumb\":{\"@id\":\"https:\/\/exceladvisor.org\/it\/errore-di-esecuzione-1004\/#breadcrumb\"},\"inLanguage\":\"it-IT\",\"potentialAction\":[{\"@type\":\"ReadAction\",\"target\":[\"https:\/\/exceladvisor.org\/it\/errore-di-esecuzione-1004\/\"]}]},{\"@type\":\"ImageObject\",\"inLanguage\":\"it-IT\",\"@id\":\"https:\/\/exceladvisor.org\/it\/errore-di-esecuzione-1004\/#primaryimage\",\"url\":\"https:\/\/exceladvisor.org\/wp-content\/uploads\/2023\/08\/1-erreur-dexecution-vba.png\",\"contentUrl\":\"https:\/\/exceladvisor.org\/wp-content\/uploads\/2023\/08\/1-erreur-dexecution-vba.png\"},{\"@type\":\"BreadcrumbList\",\"@id\":\"https:\/\/exceladvisor.org\/it\/errore-di-esecuzione-1004\/#breadcrumb\",\"itemListElement\":[{\"@type\":\"ListItem\",\"position\":1,\"name\":\"Home\",\"item\":\"https:\/\/exceladvisor.org\/it\/\"},{\"@type\":\"ListItem\",\"position\":2,\"name\":\"Come correggere l&#39;errore di runtime vba 1004?\"}]},{\"@type\":\"WebSite\",\"@id\":\"https:\/\/exceladvisor.org\/it\/#website\",\"url\":\"https:\/\/exceladvisor.org\/it\/\",\"name\":\"Excel Advisor\",\"description\":\"Tips, Tricks, and Time-Saving Hacks\",\"publisher\":{\"@id\":\"https:\/\/exceladvisor.org\/it\/#organization\"},\"potentialAction\":[{\"@type\":\"SearchAction\",\"target\":{\"@type\":\"EntryPoint\",\"urlTemplate\":\"https:\/\/exceladvisor.org\/it\/?s={search_term_string}\"},\"query-input\":{\"@type\":\"PropertyValueSpecification\",\"valueRequired\":true,\"valueName\":\"search_term_string\"}}],\"inLanguage\":\"it-IT\"},{\"@type\":\"Organization\",\"@id\":\"https:\/\/exceladvisor.org\/it\/#organization\",\"name\":\"Excel Advisor\",\"url\":\"https:\/\/exceladvisor.org\/it\/\",\"logo\":{\"@type\":\"ImageObject\",\"inLanguage\":\"it-IT\",\"@id\":\"https:\/\/exceladvisor.org\/it\/#\/schema\/logo\/image\/\",\"url\":\"https:\/\/exceladvisor.org\/it\/wp-content\/uploads\/2023\/12\/exceladvisor.org_.png\",\"contentUrl\":\"https:\/\/exceladvisor.org\/it\/wp-content\/uploads\/2023\/12\/exceladvisor.org_.png\",\"width\":105,\"height\":36,\"caption\":\"Excel Advisor\"},\"image\":{\"@id\":\"https:\/\/exceladvisor.org\/it\/#\/schema\/logo\/image\/\"}}]}<\/script>\n<!-- \/ Yoast SEO plugin. -->","yoast_head_json":{"title":"Come risolvere l&#39;errore di runtime VBA (errore 1004)?","description":"In questo tutorial imparerai perch\u00e9 si verifica Runtime (errore 1004) e come gestirlo durante la scrittura del codice VBA.","robots":{"index":"index","follow":"follow","max-snippet":"max-snippet:-1","max-image-preview":"max-image-preview:large","max-video-preview":"max-video-preview:-1"},"canonical":"https:\/\/exceladvisor.org\/it\/errore-di-esecuzione-1004\/","og_locale":"it_IT","og_type":"article","og_title":"Come risolvere l&#39;errore di runtime VBA (errore 1004)?","og_description":"In questo tutorial imparerai perch\u00e9 si verifica Runtime (errore 1004) e come gestirlo durante la scrittura del codice VBA.","og_url":"https:\/\/exceladvisor.org\/it\/errore-di-esecuzione-1004\/","og_site_name":"Excel Advisor","article_modified_time":"2023-12-10T06:22:49+00:00","og_image":[{"url":"https:\/\/exceladvisor.org\/wp-content\/uploads\/2023\/08\/1-erreur-dexecution-vba.png","type":"","width":"","height":""}],"twitter_card":"summary_large_image","twitter_misc":{"Tempo di lettura stimato":"4 minuti"},"schema":{"@context":"https:\/\/schema.org","@graph":[{"@type":"WebPage","@id":"https:\/\/exceladvisor.org\/it\/errore-di-esecuzione-1004\/","url":"https:\/\/exceladvisor.org\/it\/errore-di-esecuzione-1004\/","name":"Come risolvere l&#39;errore di runtime VBA (errore 1004)?","isPartOf":{"@id":"https:\/\/exceladvisor.org\/it\/#website"},"primaryImageOfPage":{"@id":"https:\/\/exceladvisor.org\/it\/errore-di-esecuzione-1004\/#primaryimage"},"image":{"@id":"https:\/\/exceladvisor.org\/it\/errore-di-esecuzione-1004\/#primaryimage"},"thumbnailUrl":"https:\/\/exceladvisor.org\/wp-content\/uploads\/2023\/08\/1-erreur-dexecution-vba.png","datePublished":"2023-09-28T15:20:02+00:00","dateModified":"2023-12-10T06:22:49+00:00","description":"In questo tutorial imparerai perch\u00e9 si verifica Runtime (errore 1004) e come gestirlo durante la scrittura del codice VBA.","breadcrumb":{"@id":"https:\/\/exceladvisor.org\/it\/errore-di-esecuzione-1004\/#breadcrumb"},"inLanguage":"it-IT","potentialAction":[{"@type":"ReadAction","target":["https:\/\/exceladvisor.org\/it\/errore-di-esecuzione-1004\/"]}]},{"@type":"ImageObject","inLanguage":"it-IT","@id":"https:\/\/exceladvisor.org\/it\/errore-di-esecuzione-1004\/#primaryimage","url":"https:\/\/exceladvisor.org\/wp-content\/uploads\/2023\/08\/1-erreur-dexecution-vba.png","contentUrl":"https:\/\/exceladvisor.org\/wp-content\/uploads\/2023\/08\/1-erreur-dexecution-vba.png"},{"@type":"BreadcrumbList","@id":"https:\/\/exceladvisor.org\/it\/errore-di-esecuzione-1004\/#breadcrumb","itemListElement":[{"@type":"ListItem","position":1,"name":"Home","item":"https:\/\/exceladvisor.org\/it\/"},{"@type":"ListItem","position":2,"name":"Come correggere l&#39;errore di runtime vba 1004?"}]},{"@type":"WebSite","@id":"https:\/\/exceladvisor.org\/it\/#website","url":"https:\/\/exceladvisor.org\/it\/","name":"Excel Advisor","description":"Tips, Tricks, and Time-Saving Hacks","publisher":{"@id":"https:\/\/exceladvisor.org\/it\/#organization"},"potentialAction":[{"@type":"SearchAction","target":{"@type":"EntryPoint","urlTemplate":"https:\/\/exceladvisor.org\/it\/?s={search_term_string}"},"query-input":{"@type":"PropertyValueSpecification","valueRequired":true,"valueName":"search_term_string"}}],"inLanguage":"it-IT"},{"@type":"Organization","@id":"https:\/\/exceladvisor.org\/it\/#organization","name":"Excel Advisor","url":"https:\/\/exceladvisor.org\/it\/","logo":{"@type":"ImageObject","inLanguage":"it-IT","@id":"https:\/\/exceladvisor.org\/it\/#\/schema\/logo\/image\/","url":"https:\/\/exceladvisor.org\/it\/wp-content\/uploads\/2023\/12\/exceladvisor.org_.png","contentUrl":"https:\/\/exceladvisor.org\/it\/wp-content\/uploads\/2023\/12\/exceladvisor.org_.png","width":105,"height":36,"caption":"Excel Advisor"},"image":{"@id":"https:\/\/exceladvisor.org\/it\/#\/schema\/logo\/image\/"}}]}},"yoast_meta":{"yoast_wpseo_title":"","yoast_wpseo_metadesc":"","yoast_wpseo_canonical":""},"_links":{"self":[{"href":"https:\/\/exceladvisor.org\/it\/wp-json\/wp\/v2\/pages\/2158","targetHints":{"allow":["GET"]}}],"collection":[{"href":"https:\/\/exceladvisor.org\/it\/wp-json\/wp\/v2\/pages"}],"about":[{"href":"https:\/\/exceladvisor.org\/it\/wp-json\/wp\/v2\/types\/page"}],"author":[{"embeddable":true,"href":"https:\/\/exceladvisor.org\/it\/wp-json\/wp\/v2\/users\/1"}],"replies":[{"embeddable":true,"href":"https:\/\/exceladvisor.org\/it\/wp-json\/wp\/v2\/comments?post=2158"}],"version-history":[{"count":1,"href":"https:\/\/exceladvisor.org\/it\/wp-json\/wp\/v2\/pages\/2158\/revisions"}],"predecessor-version":[{"id":2444,"href":"https:\/\/exceladvisor.org\/it\/wp-json\/wp\/v2\/pages\/2158\/revisions\/2444"}],"wp:attachment":[{"href":"https:\/\/exceladvisor.org\/it\/wp-json\/wp\/v2\/media?parent=2158"}],"curies":[{"name":"wp","href":"https:\/\/api.w.org\/{rel}","templated":true}]}}