{"id":2165,"date":"2023-09-26T17:03:33","date_gmt":"2023-09-26T17:03:33","guid":{"rendered":"https:\/\/exceladvisor.org\/it\/modalita-scura\/"},"modified":"2023-12-10T06:19:32","modified_gmt":"2023-12-10T06:19:32","slug":"modalita-scura","status":"publish","type":"page","link":"https:\/\/exceladvisor.org\/it\/modalita-scura\/","title":{"rendered":"Come abilitare la modalit\u00e0 oscura in excel?"},"content":{"rendered":"<div class=\"excel-prima-del-contenuto\" id=\"excel-2913920344\"><script type=\"text\/javascript\">\r\n\tatOptions = {\r\n\t\t'key' : 'c1158f160081d6540a8409e6925dab94',\r\n\t\t'format' : 'iframe',\r\n\t\t'height' : 250,\r\n\t\t'width' : 300,\r\n\t\t'params' : {}\r\n\t};\r\n<\/script>\r\n<script type=\"text\/javascript\" src=\"\/\/www.highperformanceformat.com\/c1158f160081d6540a8409e6925dab94\/invoke.js\"><\/script><\/div> <p>Al giorno d&#8217;oggi, ogni app ti consente di cambiarne l&#8217;aspetto in modalit\u00e0 oscura. Ad esempio, allo stesso modo, Excel (Office) ti consente di passare alla modalit\u00e0 oscura. In questo tutorial impareremo come attivarlo e capiremo perch\u00e9 questa funzionalit\u00e0 pu\u00f2 essere migliorata.<\/p><h2 class=\"wp-block-heading\"> Passaggi per abilitare la modalit\u00e0 oscura<\/h2><ol><li> Innanzitutto, fai clic sulla scheda File. <br><img loading=\"lazy\" decoding=\"async\" title=\"1 clic sul file della scheda\" src=\"https:\/\/exceladvisor.org\/wp-content\/uploads\/2023\/08\/1-clic-sur-longlet-fichier.png\" sizes=\"auto, \" srcset=\"\" alt=\"click-on-file-tab\" width=\"492\" height=\"258\"><\/li><li> E apri <a href=\"https:\/\/exceladvisor.org\/it\/opzioni\/\">Opzioni di Excel<\/a> . <br><img loading=\"lazy\" decoding=\"async\" title=\"2 opzioni open-excel\" src=\"https:\/\/exceladvisor.org\/wp-content\/uploads\/2023\/08\/2-options-Excel-ouvertes.png\" sizes=\"auto, \" srcset=\"\" alt=\"open-excel-options\" width=\"352\" height=\"236\"><\/li><li> Ora nella scheda \u201cGenerale\u201d, vai su \u201cPersonalizza la tua copia di Microsoft Office\u201d. <br><img loading=\"lazy\" decoding=\"async\" class=\"alignnone wp-image-12736 \" src=\"https:\/\/exceladvisor.org\/wp-content\/uploads\/2023\/11\/3-personnalisez-votre-exemplair.png\" alt=\"personalizza-la-tua-copia\" width=\"467\" height=\"204\" srcset=\"https:\/\/exceladvisor.org\/wp-content\/uploads\/2023\/11\/3-personnalisez-votre-exemplair.png 791w, https:\/\/exceladvisor.org\/wp-content\/uploads\/2023\/11\/3-personnalisez-votre-exemplair-300x131.png 300w, https:\/\/exceladvisor.org\/wp-content\/uploads\/2023\/11\/3-personnalisez-votre-exemplair-768x335.png 768w\" sizes=\"auto, (max-width: 467px) 100vw, 467px\"><\/li><li> Nel menu a discesa &#8220;Tema di Office&#8221;, seleziona &#8220;Vuoto&#8221;. <br><img loading=\"lazy\" decoding=\"async\" class=\"alignnone wp-image-12737 \" src=\"https:\/\/exceladvisor.org\/wp-content\/uploads\/2023\/11\/4-choisissez-le-noir-du-theme-bureau.png\" alt=\"scegli il tema nero da ufficio\" width=\"459\" height=\"275\" srcset=\"https:\/\/exceladvisor.org\/wp-content\/uploads\/2023\/11\/4-choisissez-le-noir-du-theme-bureau.png 587w, https:\/\/exceladvisor.org\/wp-content\/uploads\/2023\/11\/4-choisissez-le-noir-du-theme-bureau-300x180.png 300w\" sizes=\"auto, (max-width: 459px) 100vw, 459px\"><\/li><li> Alla fine, fare clic su &#8220;OK&#8221;.<\/li><\/ol><p> Quando fai clic su OK, applica la modalit\u00e0 oscura a Excel, lasciando il foglio di lavoro cos\u00ec com&#8217;\u00e8. Ma il resto delle finestre sar\u00e0 completamente vuoto. <\/p><div class=\"wp-block-image\"><figure class=\"aligncenter size-full is-resized\"><img loading=\"lazy\" decoding=\"async\" class=\"wp-image-88779\" src=\"https:\/\/exceladvisor.org\/wp-content\/uploads\/2023\/08\/6-mode-sombre-applique-a-excel.png\" sizes=\"auto, \" srcset=\"\" alt=\"modalit\u00e0 oscura applicata a Excel\" width=\"604\" height=\"350\"><\/figure><\/div><p> C&#8217;\u00e8 una cosa che devi sapere: quando modifichi l&#8217;aspetto di Excel, cambiano anche altre applicazioni di Office, come Word e PowerPoint. <\/p><div class=\"wp-block-image\"><figure class=\"aligncenter size-full is-resized\"><img loading=\"lazy\" decoding=\"async\" class=\"wp-image-88780\" src=\"https:\/\/exceladvisor.org\/wp-content\/uploads\/2023\/08\/7-autres-applications-bureautiques-sont-egalement-passees-en-mode-sombre.png\" sizes=\"auto, \" srcset=\"\" alt=\"anche altre app desktop sono passate alla modalit\u00e0 oscura\" width=\"592\" height=\"333\"><\/figure><\/div><p> Ma come puoi vedere in Word, tutte le finestre passano alla modalit\u00e0 oscura, ma in Excel hai ancora celle bianche e testo vuoto. E se usi Excel su Mac, devi andare su Excel \u21e2 Preferenze\u2026 \u21e2 Generale e deselezionare \u201cDisattiva modalit\u00e0 oscura\u201d. <\/p><div class=\"wp-block-image\"><figure class=\"aligncenter size-full is-resized\"><img loading=\"lazy\" decoding=\"async\" class=\"alignnone wp-image-12733 size-large\" src=\"https:\/\/exceladvisor.org\/wp-content\/uploads\/2023\/11\/decochez-desactivez-le-mode-1024x696.png\" alt=\"deseleziona-disabilita-modalit\u00e0\" width=\"678\" height=\"461\" srcset=\"https:\/\/exceladvisor.org\/wp-content\/uploads\/2023\/11\/decochez-desactivez-le-mode-1024x696.png 1024w, https:\/\/exceladvisor.org\/wp-content\/uploads\/2023\/11\/decochez-desactivez-le-mode-300x204.png 300w, https:\/\/exceladvisor.org\/wp-content\/uploads\/2023\/11\/decochez-desactivez-le-mode-768x522.png 768w, https:\/\/exceladvisor.org\/wp-content\/uploads\/2023\/11\/decochez-desactivez-le-mode-1536x1044.png 1536w, https:\/\/exceladvisor.org\/wp-content\/uploads\/2023\/11\/decochez-desactivez-le-mode.png 1692w\" sizes=\"auto, (max-width: 678px) 100vw, 678px\"><\/figure><\/div><h2 class=\"wp-block-heading\"> Trasforma le celle in modalit\u00e0 oscura e il carattere in bianco<\/h2><p> C&#8217;\u00e8 un semplice trucco che ti permette anche di trasformare le tue celle in modalit\u00e0 oscura.<\/p><ol type=\"1\"><li> Aggiungi uno <a href=\"https:\/\/exceladvisor.org\/wp-content\/uploads\/2023\/08\/photo-17.png\" target=\"_blank\" rel=\"noreferrer noopener nofollow\">sfondo nero<\/a> con un&#8217;immagine.<\/li><li> Cambia il colore del carattere in bianco nel tema.<\/li><\/ol><p> Segui questi passi:<\/p><ol><li> Innanzitutto, apri PowerPoint nel tuo sistema e aggiungi una singola diapositiva. <br><img loading=\"lazy\" decoding=\"async\" title=\"9-punto di alimentazione aperto\" src=\"https:\/\/exceladvisor.org\/wp-content\/uploads\/2023\/08\/9-prise-de-courant-ouverte.png\" sizes=\"auto, \" srcset=\"\" alt=\"open-power-point\" width=\"592\" height=\"344\"><\/li><li> Successivamente, fai clic sulla scheda Design e vai su &#8220;Formato sfondo&#8221;. <br><img loading=\"lazy\" decoding=\"async\" class=\"alignnone wp-image-12734 \" src=\"https:\/\/exceladvisor.org\/wp-content\/uploads\/2023\/11\/format-fond.png\" alt=\"formato di sfondo\" width=\"534\" height=\"257\" srcset=\"https:\/\/exceladvisor.org\/wp-content\/uploads\/2023\/11\/format-fond.png 636w, https:\/\/exceladvisor.org\/wp-content\/uploads\/2023\/11\/format-fond-300x144.png 300w\" sizes=\"auto, (max-width: 534px) 100vw, 534px\"><\/li><li> Ora cambia il colore in nero o qualsiasi altro colore scuro a tua scelta. Ho utilizzato il codice colore (HEX: #3a3a3a) per ottenere un colore scuro personalizzato. <br><img loading=\"lazy\" decoding=\"async\" title=\"11-cambia colore in nero\" src=\"https:\/\/exceladvisor.org\/wp-content\/uploads\/2023\/08\/11-changer-la-couleur-en-noir.png\" sizes=\"auto, \" srcset=\"\" alt=\"change-the-color-to-black\" width=\"262\" height=\"305\"><\/li><li> Successivamente, vai alla scheda File, fai clic su &#8220;Salva con nome&#8221; e salva la presentazione nel formato file PNG (immagine). Oppure puoi <a href=\"https:\/\/exceladvisor.org\/wp-content\/uploads\/2023\/08\/photo-17.png\">scaricarlo qui<\/a> . <br><img loading=\"lazy\" decoding=\"async\" class=\"alignnone wp-image-12735 \" src=\"https:\/\/exceladvisor.org\/wp-content\/uploads\/2023\/11\/12-enregistrer-de-fichier-png.png\" alt=\"salva da file png\" width=\"598\" height=\"228\" srcset=\"https:\/\/exceladvisor.org\/wp-content\/uploads\/2023\/11\/12-enregistrer-de-fichier-png.png 946w, https:\/\/exceladvisor.org\/wp-content\/uploads\/2023\/11\/12-enregistrer-de-fichier-png-300x114.png 300w, https:\/\/exceladvisor.org\/wp-content\/uploads\/2023\/11\/12-enregistrer-de-fichier-png-768x293.png 768w\" sizes=\"auto, (max-width: 598px) 100vw, 598px\"><\/li><li> Ora torna a Excel e vai alla scheda &#8220;Layout di pagina&#8221;. Da l\u00ec, fai clic sul pulsante \u201cSfondo\u201d. <br><img loading=\"lazy\" decoding=\"async\" title=\"13 schede di layout aperte in Excel\" src=\"https:\/\/exceladvisor.org\/wp-content\/uploads\/2023\/08\/13-onglet-de-mise-en-page-ouvert-dans-Excel.png\" sizes=\"auto, \" srcset=\"\" alt=\"open-page-layout-tab-in-excel\" width=\"557\" height=\"225\"><\/li><li> Successivamente, individua l&#8217;immagine di sfondo che abbiamo appena salvato e applicala. <br><img loading=\"lazy\" decoding=\"async\" title=\"14-individuare-l'immagine-di-sfondo-registrata\" src=\"https:\/\/exceladvisor.org\/wp-content\/uploads\/2023\/08\/14-localiser-limage-darriere-plan-enregistree.png\" sizes=\"auto, \" srcset=\"\" alt=\"locate-the-saved-background-image\" width=\"621\" height=\"278\"><\/li><\/ol><p> Convertir\u00e0 Excel in modalit\u00e0 completamente oscura. <\/p><div class=\"wp-block-image\"><figure class=\"aligncenter size-full is-resized\"><img loading=\"lazy\" decoding=\"async\" class=\"wp-image-88788\" src=\"https:\/\/exceladvisor.org\/wp-content\/uploads\/2023\/08\/15-excel-convertis-en-mode-noir-complet.png\" sizes=\"auto, \" srcset=\"\" alt=\"Excel convertito in modalit\u00e0 full dark\" width=\"650\" height=\"407\"><\/figure><\/div><p> Ma c&#8217;\u00e8 un&#8217;altra cosa che devi cambiare: il colore del carattere. Quindi, vai su Layout \u21e2 Temi \u21e2 Colori \u21e2 Personalizza colori. <\/p><div class=\"wp-block-image\"><figure class=\"aligncenter size-full is-resized\"><img loading=\"lazy\" decoding=\"async\" class=\"wp-image-88789\" src=\"https:\/\/exceladvisor.org\/wp-content\/uploads\/2023\/08\/16-en-mise-en-page-personnaliser-les-couleurs.png\" sizes=\"auto, \" srcset=\"\" alt=\"layout-in-page-personalizza-colori\" width=\"492\" height=\"302\"><\/figure><\/div><p> In Colore personalizzato, cambia il colore del carattere in bianco o in qualsiasi colore chiaro desideri. E chiamalo &#8220;Tema scuro&#8221;. <\/p><div class=\"wp-block-image\"><figure class=\"aligncenter size-full is-resized\"><img loading=\"lazy\" decoding=\"async\" class=\"wp-image-88790\" src=\"https:\/\/exceladvisor.org\/wp-content\/uploads\/2023\/08\/17-changer-la-couleur-de-la-police-en-blanc.png\" sizes=\"auto, \" srcset=\"\" alt=\"cambiare il colore del carattere in bianco\" width=\"478\" height=\"514\"><\/figure><\/div><p> Ora hai un tema completamente scuro con celle vuote e carattere bianco. <\/p><div class=\"wp-block-image\"><figure class=\"aligncenter size-full is-resized\"><img loading=\"lazy\" decoding=\"async\" class=\"wp-image-88791\" src=\"https:\/\/exceladvisor.org\/wp-content\/uploads\/2023\/08\/18-themes-sombres-avec-des-cellules-noires-et-une-police-blanche.png\" sizes=\"auto, \" srcset=\"\" alt=\"tema scuro con celle nere e carattere bianco\" width=\"532\" height=\"370\"><\/figure><\/div><p> Puoi anche salvare l&#8217;intero tema corrente. Layout \u21e2 Temi \u21e2 Temi \u21e2 Salva il tema corrente&#8230; e chiamalo tema scuro. <\/p><div class=\"wp-block-image\"><figure class=\"aligncenter size-full is-resized\"><img loading=\"lazy\" decoding=\"async\" class=\"wp-image-88792\" src=\"https:\/\/exceladvisor.org\/wp-content\/uploads\/2023\/08\/19-enregistrer-le-theme-actuel.png\" sizes=\"auto, \" srcset=\"\" alt=\"salva-tema-corrente\" width=\"469\" height=\"367\"><\/figure><\/div><h3 class=\"wp-block-heading\"> Punti importanti<\/h3><ol><li> L&#8217;aggiunta di uno sfondo vuoto con un&#8217;immagine funziona solo nel foglio di lavoro corrente.<\/li><li> La modifica del colore del carattere con il tema funziona solo per la cartella di lavoro attiva.<\/li><\/ol><p> Anche se questi passaggi non sono difficili da seguire, sto ancora cercando un&#8217;opzione da Microsoft per creare un pulsante di attivazione\/disattivazione per passare alle modalit\u00e0 Scuro e Lite con un solo clic.<\/p><p> Puoi andare a questo collegamento e inviare feedback per far sapere a Microsoft che questa funzionalit\u00e0 \u00e8 richiesta. E sto aprendo un commento per questo post in modo che tu possa porre la tua domanda se hai qualche problema.<\/p><div class=\"gb-container gb-container-29c351cb gb-container-mt\"> <a class=\"gb-button gb-button-3f93e23e gb-button-text gb-button-mt-button\" href=\"https:\/\/exceladvisor.org\/it\/nozioni-di-base-su-excel\/\">Nozioni di base su Microsoft Excel (componenti, parti e note informative)<\/a><h2 class=\"gb-headline gb-headline-039c6b39 gb-headline-text gb-headline-mt-heading\"> Altri tutorial <\/h2><div class=\"gb-grid-wrapper gb-grid-wrapper-a21eef70 gb-grid-wrapper-mt-grid\"><div class=\"gb-grid-column gb-grid-column-8876d83d\"><div class=\"gb-container gb-container-8876d83d\"><ul><li> <a href=\"https:\/\/exceladvisor.org\/it\/giustificare-completamente\/\">Compila Giustifica in Excel<\/a><\/li><li> <a href=\"https:\/\/exceladvisor.org\/it\/formato-pittore\/\">Copia formato in Excel<\/a><\/li><li> <a href=\"https:\/\/exceladvisor.org\/it\/barra-di-accesso-rapido\/\">Barra degli strumenti di accesso rapido in Excel<\/a> <\/li><\/ul><\/div><\/div><div class=\"gb-grid-column gb-grid-column-ee06a2c7\"><div class=\"gb-container gb-container-ee06a2c7\"><ul><li> <a href=\"https:\/\/exceladvisor.org\/it\/nastro\/\">Barra multifunzione in Excel<\/a><\/li><li> <a href=\"https:\/\/exceladvisor.org\/it\/allineamento\/\">Allineamento in Excel<\/a><\/li><li> <a href=\"https:\/\/exceladvisor.org\/it\/salvare-il-file\/\">Salva un file in Excel<\/a><\/li><\/ul><\/div><\/div><\/div><\/div>","protected":false},"excerpt":{"rendered":"","protected":false},"author":1,"featured_media":0,"parent":0,"menu_order":0,"comment_status":"open","ping_status":"closed","template":"","meta":{"ub_ctt_via":"","footnotes":""},"class_list":["post-2165","page","type-page","status-publish","hentry"],"featured_image_src":null,"yoast_head":"<!-- This site is optimized with the Yoast SEO plugin v25.4 - https:\/\/yoast.com\/wordpress\/plugins\/seo\/ -->\n<title>Come abilitare la modalit\u00e0 oscura in Excel? (Tutorial 2023)<\/title>\n<meta name=\"description\" content=\"Al giorno d&#039;oggi, ogni app ti consente di modificarne l&#039;aspetto in modalit\u00e0 oscura. Ad esempio, in modo simile,\" \/>\n<meta name=\"robots\" content=\"index, follow, max-snippet:-1, max-image-preview:large, max-video-preview:-1\" \/>\n<link rel=\"canonical\" href=\"https:\/\/exceladvisor.org\/it\/modalita-scura\/\" \/>\n<meta property=\"og:locale\" content=\"it_IT\" \/>\n<meta property=\"og:type\" content=\"article\" \/>\n<meta property=\"og:title\" content=\"Come abilitare la modalit\u00e0 oscura in Excel? (Tutorial 2023)\" \/>\n<meta property=\"og:description\" content=\"Al giorno d&#039;oggi, ogni app ti consente di modificarne l&#039;aspetto in modalit\u00e0 oscura. Ad esempio, in modo simile,\" \/>\n<meta property=\"og:url\" content=\"https:\/\/exceladvisor.org\/it\/modalita-scura\/\" \/>\n<meta property=\"og:site_name\" content=\"Excel Advisor\" \/>\n<meta property=\"article:modified_time\" content=\"2023-12-10T06:19:32+00:00\" \/>\n<meta property=\"og:image\" content=\"https:\/\/exceladvisor.org\/wp-content\/uploads\/2023\/08\/1-clic-sur-longlet-fichier.png\" \/>\n<meta name=\"twitter:card\" content=\"summary_large_image\" \/>\n<meta name=\"twitter:label1\" content=\"Tempo di lettura stimato\" \/>\n\t<meta name=\"twitter:data1\" content=\"3 minuti\" \/>\n<script type=\"application\/ld+json\" class=\"yoast-schema-graph\">{\"@context\":\"https:\/\/schema.org\",\"@graph\":[{\"@type\":\"WebPage\",\"@id\":\"https:\/\/exceladvisor.org\/it\/modalita-scura\/\",\"url\":\"https:\/\/exceladvisor.org\/it\/modalita-scura\/\",\"name\":\"Come abilitare la modalit\u00e0 oscura in Excel? (Tutorial 2023)\",\"isPartOf\":{\"@id\":\"https:\/\/exceladvisor.org\/it\/#website\"},\"primaryImageOfPage\":{\"@id\":\"https:\/\/exceladvisor.org\/it\/modalita-scura\/#primaryimage\"},\"image\":{\"@id\":\"https:\/\/exceladvisor.org\/it\/modalita-scura\/#primaryimage\"},\"thumbnailUrl\":\"https:\/\/exceladvisor.org\/wp-content\/uploads\/2023\/08\/1-clic-sur-longlet-fichier.png\",\"datePublished\":\"2023-09-26T17:03:33+00:00\",\"dateModified\":\"2023-12-10T06:19:32+00:00\",\"description\":\"Al giorno d&#39;oggi, ogni app ti consente di modificarne l&#39;aspetto in modalit\u00e0 oscura. Ad esempio, in modo simile,\",\"breadcrumb\":{\"@id\":\"https:\/\/exceladvisor.org\/it\/modalita-scura\/#breadcrumb\"},\"inLanguage\":\"it-IT\",\"potentialAction\":[{\"@type\":\"ReadAction\",\"target\":[\"https:\/\/exceladvisor.org\/it\/modalita-scura\/\"]}]},{\"@type\":\"ImageObject\",\"inLanguage\":\"it-IT\",\"@id\":\"https:\/\/exceladvisor.org\/it\/modalita-scura\/#primaryimage\",\"url\":\"https:\/\/exceladvisor.org\/wp-content\/uploads\/2023\/08\/1-clic-sur-longlet-fichier.png\",\"contentUrl\":\"https:\/\/exceladvisor.org\/wp-content\/uploads\/2023\/08\/1-clic-sur-longlet-fichier.png\"},{\"@type\":\"BreadcrumbList\",\"@id\":\"https:\/\/exceladvisor.org\/it\/modalita-scura\/#breadcrumb\",\"itemListElement\":[{\"@type\":\"ListItem\",\"position\":1,\"name\":\"Home\",\"item\":\"https:\/\/exceladvisor.org\/it\/\"},{\"@type\":\"ListItem\",\"position\":2,\"name\":\"Come abilitare la modalit\u00e0 oscura in excel?\"}]},{\"@type\":\"WebSite\",\"@id\":\"https:\/\/exceladvisor.org\/it\/#website\",\"url\":\"https:\/\/exceladvisor.org\/it\/\",\"name\":\"Excel Advisor\",\"description\":\"Tips, Tricks, and Time-Saving Hacks\",\"publisher\":{\"@id\":\"https:\/\/exceladvisor.org\/it\/#organization\"},\"potentialAction\":[{\"@type\":\"SearchAction\",\"target\":{\"@type\":\"EntryPoint\",\"urlTemplate\":\"https:\/\/exceladvisor.org\/it\/?s={search_term_string}\"},\"query-input\":{\"@type\":\"PropertyValueSpecification\",\"valueRequired\":true,\"valueName\":\"search_term_string\"}}],\"inLanguage\":\"it-IT\"},{\"@type\":\"Organization\",\"@id\":\"https:\/\/exceladvisor.org\/it\/#organization\",\"name\":\"Excel Advisor\",\"url\":\"https:\/\/exceladvisor.org\/it\/\",\"logo\":{\"@type\":\"ImageObject\",\"inLanguage\":\"it-IT\",\"@id\":\"https:\/\/exceladvisor.org\/it\/#\/schema\/logo\/image\/\",\"url\":\"https:\/\/exceladvisor.org\/it\/wp-content\/uploads\/2023\/12\/exceladvisor.org_.png\",\"contentUrl\":\"https:\/\/exceladvisor.org\/it\/wp-content\/uploads\/2023\/12\/exceladvisor.org_.png\",\"width\":105,\"height\":36,\"caption\":\"Excel Advisor\"},\"image\":{\"@id\":\"https:\/\/exceladvisor.org\/it\/#\/schema\/logo\/image\/\"}}]}<\/script>\n<!-- \/ Yoast SEO plugin. -->","yoast_head_json":{"title":"Come abilitare la modalit\u00e0 oscura in Excel? (Tutorial 2023)","description":"Al giorno d&#39;oggi, ogni app ti consente di modificarne l&#39;aspetto in modalit\u00e0 oscura. Ad esempio, in modo simile,","robots":{"index":"index","follow":"follow","max-snippet":"max-snippet:-1","max-image-preview":"max-image-preview:large","max-video-preview":"max-video-preview:-1"},"canonical":"https:\/\/exceladvisor.org\/it\/modalita-scura\/","og_locale":"it_IT","og_type":"article","og_title":"Come abilitare la modalit\u00e0 oscura in Excel? (Tutorial 2023)","og_description":"Al giorno d&#39;oggi, ogni app ti consente di modificarne l&#39;aspetto in modalit\u00e0 oscura. Ad esempio, in modo simile,","og_url":"https:\/\/exceladvisor.org\/it\/modalita-scura\/","og_site_name":"Excel Advisor","article_modified_time":"2023-12-10T06:19:32+00:00","og_image":[{"url":"https:\/\/exceladvisor.org\/wp-content\/uploads\/2023\/08\/1-clic-sur-longlet-fichier.png","type":"","width":"","height":""}],"twitter_card":"summary_large_image","twitter_misc":{"Tempo di lettura stimato":"3 minuti"},"schema":{"@context":"https:\/\/schema.org","@graph":[{"@type":"WebPage","@id":"https:\/\/exceladvisor.org\/it\/modalita-scura\/","url":"https:\/\/exceladvisor.org\/it\/modalita-scura\/","name":"Come abilitare la modalit\u00e0 oscura in Excel? (Tutorial 2023)","isPartOf":{"@id":"https:\/\/exceladvisor.org\/it\/#website"},"primaryImageOfPage":{"@id":"https:\/\/exceladvisor.org\/it\/modalita-scura\/#primaryimage"},"image":{"@id":"https:\/\/exceladvisor.org\/it\/modalita-scura\/#primaryimage"},"thumbnailUrl":"https:\/\/exceladvisor.org\/wp-content\/uploads\/2023\/08\/1-clic-sur-longlet-fichier.png","datePublished":"2023-09-26T17:03:33+00:00","dateModified":"2023-12-10T06:19:32+00:00","description":"Al giorno d&#39;oggi, ogni app ti consente di modificarne l&#39;aspetto in modalit\u00e0 oscura. Ad esempio, in modo simile,","breadcrumb":{"@id":"https:\/\/exceladvisor.org\/it\/modalita-scura\/#breadcrumb"},"inLanguage":"it-IT","potentialAction":[{"@type":"ReadAction","target":["https:\/\/exceladvisor.org\/it\/modalita-scura\/"]}]},{"@type":"ImageObject","inLanguage":"it-IT","@id":"https:\/\/exceladvisor.org\/it\/modalita-scura\/#primaryimage","url":"https:\/\/exceladvisor.org\/wp-content\/uploads\/2023\/08\/1-clic-sur-longlet-fichier.png","contentUrl":"https:\/\/exceladvisor.org\/wp-content\/uploads\/2023\/08\/1-clic-sur-longlet-fichier.png"},{"@type":"BreadcrumbList","@id":"https:\/\/exceladvisor.org\/it\/modalita-scura\/#breadcrumb","itemListElement":[{"@type":"ListItem","position":1,"name":"Home","item":"https:\/\/exceladvisor.org\/it\/"},{"@type":"ListItem","position":2,"name":"Come abilitare la modalit\u00e0 oscura in excel?"}]},{"@type":"WebSite","@id":"https:\/\/exceladvisor.org\/it\/#website","url":"https:\/\/exceladvisor.org\/it\/","name":"Excel Advisor","description":"Tips, Tricks, and Time-Saving Hacks","publisher":{"@id":"https:\/\/exceladvisor.org\/it\/#organization"},"potentialAction":[{"@type":"SearchAction","target":{"@type":"EntryPoint","urlTemplate":"https:\/\/exceladvisor.org\/it\/?s={search_term_string}"},"query-input":{"@type":"PropertyValueSpecification","valueRequired":true,"valueName":"search_term_string"}}],"inLanguage":"it-IT"},{"@type":"Organization","@id":"https:\/\/exceladvisor.org\/it\/#organization","name":"Excel Advisor","url":"https:\/\/exceladvisor.org\/it\/","logo":{"@type":"ImageObject","inLanguage":"it-IT","@id":"https:\/\/exceladvisor.org\/it\/#\/schema\/logo\/image\/","url":"https:\/\/exceladvisor.org\/it\/wp-content\/uploads\/2023\/12\/exceladvisor.org_.png","contentUrl":"https:\/\/exceladvisor.org\/it\/wp-content\/uploads\/2023\/12\/exceladvisor.org_.png","width":105,"height":36,"caption":"Excel Advisor"},"image":{"@id":"https:\/\/exceladvisor.org\/it\/#\/schema\/logo\/image\/"}}]}},"yoast_meta":{"yoast_wpseo_title":"","yoast_wpseo_metadesc":"","yoast_wpseo_canonical":""},"_links":{"self":[{"href":"https:\/\/exceladvisor.org\/it\/wp-json\/wp\/v2\/pages\/2165","targetHints":{"allow":["GET"]}}],"collection":[{"href":"https:\/\/exceladvisor.org\/it\/wp-json\/wp\/v2\/pages"}],"about":[{"href":"https:\/\/exceladvisor.org\/it\/wp-json\/wp\/v2\/types\/page"}],"author":[{"embeddable":true,"href":"https:\/\/exceladvisor.org\/it\/wp-json\/wp\/v2\/users\/1"}],"replies":[{"embeddable":true,"href":"https:\/\/exceladvisor.org\/it\/wp-json\/wp\/v2\/comments?post=2165"}],"version-history":[{"count":1,"href":"https:\/\/exceladvisor.org\/it\/wp-json\/wp\/v2\/pages\/2165\/revisions"}],"predecessor-version":[{"id":2249,"href":"https:\/\/exceladvisor.org\/it\/wp-json\/wp\/v2\/pages\/2165\/revisions\/2249"}],"wp:attachment":[{"href":"https:\/\/exceladvisor.org\/it\/wp-json\/wp\/v2\/media?parent=2165"}],"curies":[{"name":"wp","href":"https:\/\/api.w.org\/{rel}","templated":true}]}}