{"id":2166,"date":"2023-09-26T11:31:25","date_gmt":"2023-09-26T11:31:25","guid":{"rendered":"https:\/\/exceladvisor.org\/it\/addominali-2\/"},"modified":"2023-12-10T06:27:17","modified_gmt":"2023-12-10T06:27:17","slug":"addominali-2","status":"publish","type":"page","link":"https:\/\/exceladvisor.org\/it\/addominali-2\/","title":{"rendered":"Cos&#39;\u00e8 la funzione abs in excel?"},"content":{"rendered":"<div class=\"excel-prima-del-contenuto\" id=\"excel-3618942358\"><script type=\"text\/javascript\">\r\n\tatOptions = {\r\n\t\t'key' : 'c1158f160081d6540a8409e6925dab94',\r\n\t\t'format' : 'iframe',\r\n\t\t'height' : 250,\r\n\t\t'width' : 300,\r\n\t\t'params' : {}\r\n\t};\r\n<\/script>\r\n<script type=\"text\/javascript\" src=\"\/\/www.highperformanceformat.com\/c1158f160081d6540a8409e6925dab94\/invoke.js\"><\/script><\/div> <p>La funzione ABS \u00e8 la parte delle funzioni matematiche di Excel che pu\u00f2 essere utilizzata per convertire qualsiasi numero in un numero assoluto. In termini semplici, converti un numero negativo in positivo e senza influenzare il numero positivo (restituisce un numero senza segno) nella cella del risultato. \u00c8 possibile fare riferimento direttamente alla cella o al valore di input nella funzione. <\/p><div class=\"wp-block-image\"><figure class=\"aligncenter size-full is-resized\"><img loading=\"lazy\" decoding=\"async\" class=\"wp-image-72649\" src=\"https:\/\/exceladvisor.org\/wp-content\/uploads\/2023\/08\/1-fonction-abs.png\" sizes=\"auto, \" srcset=\"\" alt=\"funzione addominale\" width=\"455\" height=\"166\"><\/figure><\/div><h2 class=\"wp-block-heading\"> Sintassi<\/h2><p> ABS(numero)<\/p><h2 class=\"wp-block-heading\"> argomenti<\/h2><p> numero: un numero o un valore che desideri convertire in un numero assoluto.<\/p><h2 class=\"wp-block-heading\"> Esempio<\/h2><p> Nell&#8217;esempio seguente, hai alcuni numeri nella colonna A e ora devi utilizzare la funzione ABS per convertire questi numeri in numeri assoluti. <\/p><div class=\"wp-block-image\"><figure class=\"aligncenter size-full is-resized\"><img loading=\"lazy\" decoding=\"async\" class=\"wp-image-72650\" src=\"https:\/\/exceladvisor.org\/wp-content\/uploads\/2023\/08\/Donnees-a-2-chiffres.png\" sizes=\"auto, \" srcset=\"\" alt=\"cifre-dati\" width=\"271\" height=\"315\"><\/figure><\/div><p> Tutto quello che devi fare \u00e8 aggiungere la funzione nella prima cella, fare riferimento alle celle con il primo valore, quindi trascinarla sull&#8217;ultima cella con il valore. <\/p><div class=\"wp-block-image\"><figure class=\"aligncenter size-full is-resized\"><img loading=\"lazy\" decoding=\"async\" class=\"wp-image-72651\" src=\"https:\/\/exceladvisor.org\/wp-content\/uploads\/2023\/08\/3-ajouter-la-fonction-abs-dans-la-cellule.png\" sizes=\"auto, \" srcset=\"\" alt=\"aggiungi-funzione-abs-nella-cella\" width=\"399\" height=\"330\"><\/figure><\/div><p> E nel prossimo esempio, abbiamo utilizzato l\u2019ABS per ottenere valori assoluti rispetto alla variazione del tasso di interesse. <\/p><div class=\"wp-block-image\"><figure class=\"aligncenter size-full is-resized\"><img loading=\"lazy\" decoding=\"async\" class=\"wp-image-72652\" src=\"https:\/\/exceladvisor.org\/wp-content\/uploads\/2023\/08\/4-abs-pour-obtenir-la-valeur-absolue.png\" sizes=\"auto, \" srcset=\"\" alt=\"abs-per-ottenere-il-valore-assoluto\" width=\"836\" height=\"135\"><\/figure><\/div><h2 class=\"wp-block-heading\"> Commenti<\/h2><ol><li> \u00c8 possibile inserire direttamente il numero nella funzione.<\/li><li> Se specifichi un numero che non \u00e8 un numero intero, restituir\u00e0 #VALORE!.<\/li><li> Puoi anche usare ABS come funzione di array.<\/li><\/ol>","protected":false},"excerpt":{"rendered":"","protected":false},"author":1,"featured_media":0,"parent":0,"menu_order":0,"comment_status":"open","ping_status":"closed","template":"","meta":{"ub_ctt_via":"","footnotes":""},"class_list":["post-2166","page","type-page","status-publish","hentry"],"featured_image_src":null,"yoast_head":"<!-- This site is optimized with the Yoast SEO plugin v25.4 - https:\/\/yoast.com\/wordpress\/plugins\/seo\/ -->\n<title>Cos&#039;\u00e8 la funzione ABS in Excel? (Guida 2023)<\/title>\n<meta name=\"description\" content=\"La funzione ABS \u00e8 la parte delle funzioni matematiche di Excel che pu\u00f2 essere utilizzata per convertire qualsiasi numero in a\" \/>\n<meta name=\"robots\" content=\"index, follow, max-snippet:-1, max-image-preview:large, max-video-preview:-1\" \/>\n<link rel=\"canonical\" href=\"https:\/\/exceladvisor.org\/it\/addominali-2\/\" \/>\n<meta property=\"og:locale\" content=\"it_IT\" \/>\n<meta property=\"og:type\" content=\"article\" \/>\n<meta property=\"og:title\" content=\"Cos&#039;\u00e8 la funzione ABS in Excel? (Guida 2023)\" \/>\n<meta property=\"og:description\" content=\"La funzione ABS \u00e8 la parte delle funzioni matematiche di Excel che pu\u00f2 essere utilizzata per convertire qualsiasi numero in a\" \/>\n<meta property=\"og:url\" content=\"https:\/\/exceladvisor.org\/it\/addominali-2\/\" \/>\n<meta property=\"og:site_name\" content=\"Excel Advisor\" \/>\n<meta property=\"article:modified_time\" content=\"2023-12-10T06:27:17+00:00\" \/>\n<meta property=\"og:image\" content=\"https:\/\/exceladvisor.org\/wp-content\/uploads\/2023\/08\/1-fonction-abs.png\" \/>\n<meta name=\"twitter:card\" content=\"summary_large_image\" \/>\n<meta name=\"twitter:label1\" content=\"Tempo di lettura stimato\" \/>\n\t<meta name=\"twitter:data1\" content=\"1 minuto\" \/>\n<script type=\"application\/ld+json\" class=\"yoast-schema-graph\">{\"@context\":\"https:\/\/schema.org\",\"@graph\":[{\"@type\":\"WebPage\",\"@id\":\"https:\/\/exceladvisor.org\/it\/addominali-2\/\",\"url\":\"https:\/\/exceladvisor.org\/it\/addominali-2\/\",\"name\":\"Cos&#39;\u00e8 la funzione ABS in Excel? (Guida 2023)\",\"isPartOf\":{\"@id\":\"https:\/\/exceladvisor.org\/it\/#website\"},\"primaryImageOfPage\":{\"@id\":\"https:\/\/exceladvisor.org\/it\/addominali-2\/#primaryimage\"},\"image\":{\"@id\":\"https:\/\/exceladvisor.org\/it\/addominali-2\/#primaryimage\"},\"thumbnailUrl\":\"https:\/\/exceladvisor.org\/wp-content\/uploads\/2023\/08\/1-fonction-abs.png\",\"datePublished\":\"2023-09-26T11:31:25+00:00\",\"dateModified\":\"2023-12-10T06:27:17+00:00\",\"description\":\"La funzione ABS \u00e8 la parte delle funzioni matematiche di Excel che pu\u00f2 essere utilizzata per convertire qualsiasi numero in a\",\"breadcrumb\":{\"@id\":\"https:\/\/exceladvisor.org\/it\/addominali-2\/#breadcrumb\"},\"inLanguage\":\"it-IT\",\"potentialAction\":[{\"@type\":\"ReadAction\",\"target\":[\"https:\/\/exceladvisor.org\/it\/addominali-2\/\"]}]},{\"@type\":\"ImageObject\",\"inLanguage\":\"it-IT\",\"@id\":\"https:\/\/exceladvisor.org\/it\/addominali-2\/#primaryimage\",\"url\":\"https:\/\/exceladvisor.org\/wp-content\/uploads\/2023\/08\/1-fonction-abs.png\",\"contentUrl\":\"https:\/\/exceladvisor.org\/wp-content\/uploads\/2023\/08\/1-fonction-abs.png\"},{\"@type\":\"BreadcrumbList\",\"@id\":\"https:\/\/exceladvisor.org\/it\/addominali-2\/#breadcrumb\",\"itemListElement\":[{\"@type\":\"ListItem\",\"position\":1,\"name\":\"Home\",\"item\":\"https:\/\/exceladvisor.org\/it\/\"},{\"@type\":\"ListItem\",\"position\":2,\"name\":\"Cos&#39;\u00e8 la funzione abs in excel?\"}]},{\"@type\":\"WebSite\",\"@id\":\"https:\/\/exceladvisor.org\/it\/#website\",\"url\":\"https:\/\/exceladvisor.org\/it\/\",\"name\":\"Excel Advisor\",\"description\":\"Tips, Tricks, and Time-Saving Hacks\",\"publisher\":{\"@id\":\"https:\/\/exceladvisor.org\/it\/#organization\"},\"potentialAction\":[{\"@type\":\"SearchAction\",\"target\":{\"@type\":\"EntryPoint\",\"urlTemplate\":\"https:\/\/exceladvisor.org\/it\/?s={search_term_string}\"},\"query-input\":{\"@type\":\"PropertyValueSpecification\",\"valueRequired\":true,\"valueName\":\"search_term_string\"}}],\"inLanguage\":\"it-IT\"},{\"@type\":\"Organization\",\"@id\":\"https:\/\/exceladvisor.org\/it\/#organization\",\"name\":\"Excel Advisor\",\"url\":\"https:\/\/exceladvisor.org\/it\/\",\"logo\":{\"@type\":\"ImageObject\",\"inLanguage\":\"it-IT\",\"@id\":\"https:\/\/exceladvisor.org\/it\/#\/schema\/logo\/image\/\",\"url\":\"https:\/\/exceladvisor.org\/it\/wp-content\/uploads\/2023\/12\/exceladvisor.org_.png\",\"contentUrl\":\"https:\/\/exceladvisor.org\/it\/wp-content\/uploads\/2023\/12\/exceladvisor.org_.png\",\"width\":105,\"height\":36,\"caption\":\"Excel Advisor\"},\"image\":{\"@id\":\"https:\/\/exceladvisor.org\/it\/#\/schema\/logo\/image\/\"}}]}<\/script>\n<!-- \/ Yoast SEO plugin. -->","yoast_head_json":{"title":"Cos&#39;\u00e8 la funzione ABS in Excel? (Guida 2023)","description":"La funzione ABS \u00e8 la parte delle funzioni matematiche di Excel che pu\u00f2 essere utilizzata per convertire qualsiasi numero in a","robots":{"index":"index","follow":"follow","max-snippet":"max-snippet:-1","max-image-preview":"max-image-preview:large","max-video-preview":"max-video-preview:-1"},"canonical":"https:\/\/exceladvisor.org\/it\/addominali-2\/","og_locale":"it_IT","og_type":"article","og_title":"Cos&#39;\u00e8 la funzione ABS in Excel? (Guida 2023)","og_description":"La funzione ABS \u00e8 la parte delle funzioni matematiche di Excel che pu\u00f2 essere utilizzata per convertire qualsiasi numero in a","og_url":"https:\/\/exceladvisor.org\/it\/addominali-2\/","og_site_name":"Excel Advisor","article_modified_time":"2023-12-10T06:27:17+00:00","og_image":[{"url":"https:\/\/exceladvisor.org\/wp-content\/uploads\/2023\/08\/1-fonction-abs.png","type":"","width":"","height":""}],"twitter_card":"summary_large_image","twitter_misc":{"Tempo di lettura stimato":"1 minuto"},"schema":{"@context":"https:\/\/schema.org","@graph":[{"@type":"WebPage","@id":"https:\/\/exceladvisor.org\/it\/addominali-2\/","url":"https:\/\/exceladvisor.org\/it\/addominali-2\/","name":"Cos&#39;\u00e8 la funzione ABS in Excel? (Guida 2023)","isPartOf":{"@id":"https:\/\/exceladvisor.org\/it\/#website"},"primaryImageOfPage":{"@id":"https:\/\/exceladvisor.org\/it\/addominali-2\/#primaryimage"},"image":{"@id":"https:\/\/exceladvisor.org\/it\/addominali-2\/#primaryimage"},"thumbnailUrl":"https:\/\/exceladvisor.org\/wp-content\/uploads\/2023\/08\/1-fonction-abs.png","datePublished":"2023-09-26T11:31:25+00:00","dateModified":"2023-12-10T06:27:17+00:00","description":"La funzione ABS \u00e8 la parte delle funzioni matematiche di Excel che pu\u00f2 essere utilizzata per convertire qualsiasi numero in a","breadcrumb":{"@id":"https:\/\/exceladvisor.org\/it\/addominali-2\/#breadcrumb"},"inLanguage":"it-IT","potentialAction":[{"@type":"ReadAction","target":["https:\/\/exceladvisor.org\/it\/addominali-2\/"]}]},{"@type":"ImageObject","inLanguage":"it-IT","@id":"https:\/\/exceladvisor.org\/it\/addominali-2\/#primaryimage","url":"https:\/\/exceladvisor.org\/wp-content\/uploads\/2023\/08\/1-fonction-abs.png","contentUrl":"https:\/\/exceladvisor.org\/wp-content\/uploads\/2023\/08\/1-fonction-abs.png"},{"@type":"BreadcrumbList","@id":"https:\/\/exceladvisor.org\/it\/addominali-2\/#breadcrumb","itemListElement":[{"@type":"ListItem","position":1,"name":"Home","item":"https:\/\/exceladvisor.org\/it\/"},{"@type":"ListItem","position":2,"name":"Cos&#39;\u00e8 la funzione abs in excel?"}]},{"@type":"WebSite","@id":"https:\/\/exceladvisor.org\/it\/#website","url":"https:\/\/exceladvisor.org\/it\/","name":"Excel Advisor","description":"Tips, Tricks, and Time-Saving Hacks","publisher":{"@id":"https:\/\/exceladvisor.org\/it\/#organization"},"potentialAction":[{"@type":"SearchAction","target":{"@type":"EntryPoint","urlTemplate":"https:\/\/exceladvisor.org\/it\/?s={search_term_string}"},"query-input":{"@type":"PropertyValueSpecification","valueRequired":true,"valueName":"search_term_string"}}],"inLanguage":"it-IT"},{"@type":"Organization","@id":"https:\/\/exceladvisor.org\/it\/#organization","name":"Excel Advisor","url":"https:\/\/exceladvisor.org\/it\/","logo":{"@type":"ImageObject","inLanguage":"it-IT","@id":"https:\/\/exceladvisor.org\/it\/#\/schema\/logo\/image\/","url":"https:\/\/exceladvisor.org\/it\/wp-content\/uploads\/2023\/12\/exceladvisor.org_.png","contentUrl":"https:\/\/exceladvisor.org\/it\/wp-content\/uploads\/2023\/12\/exceladvisor.org_.png","width":105,"height":36,"caption":"Excel Advisor"},"image":{"@id":"https:\/\/exceladvisor.org\/it\/#\/schema\/logo\/image\/"}}]}},"yoast_meta":{"yoast_wpseo_title":"","yoast_wpseo_metadesc":"","yoast_wpseo_canonical":""},"_links":{"self":[{"href":"https:\/\/exceladvisor.org\/it\/wp-json\/wp\/v2\/pages\/2166","targetHints":{"allow":["GET"]}}],"collection":[{"href":"https:\/\/exceladvisor.org\/it\/wp-json\/wp\/v2\/pages"}],"about":[{"href":"https:\/\/exceladvisor.org\/it\/wp-json\/wp\/v2\/types\/page"}],"author":[{"embeddable":true,"href":"https:\/\/exceladvisor.org\/it\/wp-json\/wp\/v2\/users\/1"}],"replies":[{"embeddable":true,"href":"https:\/\/exceladvisor.org\/it\/wp-json\/wp\/v2\/comments?post=2166"}],"version-history":[{"count":1,"href":"https:\/\/exceladvisor.org\/it\/wp-json\/wp\/v2\/pages\/2166\/revisions"}],"predecessor-version":[{"id":2881,"href":"https:\/\/exceladvisor.org\/it\/wp-json\/wp\/v2\/pages\/2166\/revisions\/2881"}],"wp:attachment":[{"href":"https:\/\/exceladvisor.org\/it\/wp-json\/wp\/v2\/media?parent=2166"}],"curies":[{"name":"wp","href":"https:\/\/api.w.org\/{rel}","templated":true}]}}