{"id":2172,"date":"2023-09-26T07:07:25","date_gmt":"2023-09-26T07:07:25","guid":{"rendered":"https:\/\/exceladvisor.org\/it\/aggiornare-una-tabella-pivot\/"},"modified":"2023-12-10T06:19:37","modified_gmt":"2023-12-10T06:19:37","slug":"aggiornare-una-tabella-pivot","status":"publish","type":"page","link":"https:\/\/exceladvisor.org\/it\/aggiornare-una-tabella-pivot\/","title":{"rendered":"Come aggiornare una tabella pivot?"},"content":{"rendered":"<div class=\"excel-prima-del-contenuto\" id=\"excel-2690585412\"><script type=\"text\/javascript\">\r\n\tatOptions = {\r\n\t\t'key' : 'c1158f160081d6540a8409e6925dab94',\r\n\t\t'format' : 'iframe',\r\n\t\t'height' : 250,\r\n\t\t'width' : 300,\r\n\t\t'params' : {}\r\n\t};\r\n<\/script>\r\n<script type=\"text\/javascript\" src=\"\/\/www.highperformanceformat.com\/c1158f160081d6540a8409e6925dab94\/invoke.js\"><\/script><\/div> <p>Eventuali modifiche ai dati non vengono caricate nella tabella pivot a meno che non si aggiorni. Qui impareremo diversi modi per aggiornare la tabella pivot.<\/p><h2 class=\"wp-block-heading\"> <strong>Aggiorna manualmente<\/strong><\/h2><p> Il modo pi\u00f9 semplice e comune per aggiornare una tabella pivot \u00e8 semplicemente premere il pulsante di aggiornamento. Capiamolo con un semplice esempio. Qui abbiamo i dati di vendita per 9 mesi e una semplice tabella pivot con il prodotto e la sua quantit\u00e0 di vendita. <\/p><div class=\"wp-block-image\"><figure class=\"aligncenter size-large is-resized\"><img loading=\"lazy\" decoding=\"async\" class=\"wp-image-59026\" src=\"https:\/\/exceladvisor.org\/wp-content\/uploads\/2023\/08\/1-tableau-croise-dynamique-densemble-de-donnees.png\" sizes=\"auto, \" srcset=\"\" alt=\"tabella pivot del set di dati\" width=\"648\" height=\"325\"><\/figure><\/div><p> Ora apportiamo alcune modifiche ai dati. Poich\u00e9 la nostra tabella pivot contiene prodotti e vendite, modificheremo il numero di vendite per un prodotto. Modifichiamo le vendite di &#8220;Biscotti&#8221; in aprile, riga superiore da 4 a 1230 anzich\u00e9 123 e aggiorniamo la tabella pivot. <\/p><div class=\"wp-block-image\"><figure class=\"aligncenter size-large is-resized\"><img loading=\"lazy\" decoding=\"async\" class=\"wp-image-59028\" src=\"https:\/\/exceladvisor.org\/wp-content\/uploads\/2023\/08\/2-tableaux-croises-dynamiques.png\" sizes=\"auto, \" srcset=\"\" alt=\"tabella pivot\" width=\"351\" height=\"207\"><\/figure><\/div><ol><li> Per iniziare, posiziona il cursore sulla tabella pivot e fai clic con il pulsante destro del mouse. Qui otterrai alcune opzioni come nello screenshot qui sotto. <br><img loading=\"lazy\" decoding=\"async\" title=\"3-cursore-sulla-tabella-pivot-e-clic-destro\" src=\"https:\/\/exceladvisor.org\/wp-content\/uploads\/2023\/08\/3-curseur-sur-le-tableau-croise-dynamique-et-clic-droit.png\" sizes=\"auto, \" srcset=\"\" alt=\"cursor-on-the-pivot-table-and-right-click\" width=\"207\" height=\"347\"><\/li><li> Ora fai clic su &#8220;Aggiorna&#8221;. <br><img loading=\"lazy\" decoding=\"async\" title=\"Aggiorna in 4 clic\" src=\"https:\/\/exceladvisor.org\/wp-content\/uploads\/2023\/08\/4-cliquez-sur-actualiser.png\" sizes=\"auto, \" srcset=\"\" alt=\"click-on-refresh\" width=\"634\" height=\"317\"><\/li><li> Le vendite totali del prodotto \u201cBiscotti sono aggiornate\u201d.<\/li><li> Questo \u00e8 il modo pi\u00f9 semplice per aggiornare la tabella pivot.<\/li><\/ol><p> Un altro modo per farlo \u00e8 semplicemente spostare il cursore in un punto qualsiasi della tabella pivot per attivare la scheda <strong>&#8220;Analizza&#8221;<\/strong> nella barra multifunzione. <\/p><div class=\"wp-block-image\"><figure class=\"aligncenter size-large is-resized\"><img loading=\"lazy\" decoding=\"async\" class=\"wp-image-59031\" src=\"https:\/\/exceladvisor.org\/wp-content\/uploads\/2023\/08\/5-activer-longlet-analyse.png\" sizes=\"auto, \" srcset=\"\" alt=\"abilita-analizza-scheda\" width=\"781\" height=\"157\"><\/figure><\/div><p> Qui cerca il pulsante <strong>Aggiorna<\/strong> . <\/p><div class=\"wp-block-image\"><figure class=\"aligncenter size-large is-resized\"><img loading=\"lazy\" decoding=\"async\" class=\"wp-image-59032\" src=\"https:\/\/exceladvisor.org\/wp-content\/uploads\/2023\/08\/6-recherchez-le-bouton-de-rafraichissement.png\" sizes=\"auto, \" srcset=\"\" alt=\"trova il pulsante di aggiornamento\" width=\"790\" height=\"159\"><\/figure><\/div><p> Ora, fai clic sulla piccola freccia <strong>a discesa<\/strong> e fai clic su <strong>Aggiorna<\/strong> . <\/p><div class=\"wp-block-image\"><figure class=\"aligncenter size-large is-resized\"><img loading=\"lazy\" decoding=\"async\" class=\"wp-image-59033\" src=\"https:\/\/exceladvisor.org\/wp-content\/uploads\/2023\/08\/7-clics-deroulants-cliquez-sur-rafraichir.png\" sizes=\"auto, \" srcset=\"\" alt=\"fare clic-a discesa-clic-aggiorna\" width=\"191\" height=\"138\"><\/figure><\/div><p class=\"qt-tip\"> Nota: per pi\u00f9 tabelle pivot, fare clic su <strong>Aggiorna tutto<\/strong> . (vedi questo: <a href=\"https:\/\/exceladvisor.org\/it\/rinfrescare-tutto\/\">aggiorna tutte le tabelle pivot contemporaneamente<\/a> )<\/p><h2 class=\"wp-block-heading\"> <strong>Aggiorna automaticamente la tabella pivot all&#8217;apertura del file<\/strong><\/h2><p> Nei nostri rapporti a volte utilizziamo formule come ORA e OGGI che continuano ad aggiornarsi. E se avessimo una tabella pivot e un&#8217;analisi collegata a tali formule?<\/p><p> Dobbiamo aggiornare la tabella pivot ogni volta che apriamo o utilizziamo la tabella pivot. Questo sembra pi\u00f9 noioso. Ecco una soluzione Puoi aggiornare automaticamente una tabella pivot quando si apre.<\/p><ol><li> Innanzitutto, fai clic in un punto qualsiasi della tabella pivot e vai alla scheda &#8220;Analizza&#8221; nella barra multifunzione. <br><img loading=\"lazy\" decoding=\"async\" title=\"Scheda da 8 passaggi per l'analisi\" src=\"https:\/\/exceladvisor.org\/wp-content\/uploads\/2023\/08\/8-aller-a-longlet-analyser.png\" sizes=\"auto, \" srcset=\"\" alt=\"go-to-analyze-tab\" width=\"734\" height=\"148\"><\/li><li> Ora fai clic sul piccolo pulsante a discesa sotto la tabella pivot. <br><img loading=\"lazy\" decoding=\"async\" title=\"Tabella pivot in 9 clic\" src=\"https:\/\/exceladvisor.org\/wp-content\/uploads\/2023\/08\/9-cliquez-sous-le-tableau-croise-dynamique.png\" sizes=\"auto, \" srcset=\"\" alt=\"click-below-pivot-table\" width=\"749\" height=\"151\"><\/li><li> Successivamente, fai clic su <strong>Opzioni<\/strong> . <br><img loading=\"lazy\" decoding=\"async\" title=\"Opzioni in 10 clic\" src=\"https:\/\/exceladvisor.org\/wp-content\/uploads\/2023\/08\/10-cliquez-sur-les-options.png\" sizes=\"auto, \" srcset=\"\" alt=\"click-on-options\" width=\"124\" height=\"199\"><\/li><li> Qui si aprir\u00e0 una finestra denominata <strong>&#8220;Opzioni tabella pivot<\/strong> &#8220;. Qui, cerca l&#8217;opzione Dati. <br><img loading=\"lazy\" decoding=\"async\" title=\"Opzione 11-sotto-tabella-pivot\" src=\"https:\/\/exceladvisor.org\/wp-content\/uploads\/2023\/08\/11-sous-loption-de-donnees-de-tableau-croise-dynamique.png\" sizes=\"auto, \" srcset=\"\" alt=\"under-pivot-table-data-option\" width=\"423\" height=\"514\"><\/li><li> Dopo questo controllo, seleziona la casella davanti a &#8221; <strong>Aggiorna i dati all&#8217;apertura del file<\/strong> &#8221; e fai clic su <strong>OK<\/strong> . <br><img loading=\"lazy\" decoding=\"async\" title=\"Aggiorna-i-dati-in-12-clic-all'apertura-del-file\" src=\"https:\/\/exceladvisor.org\/wp-content\/uploads\/2023\/08\/Actualiser-les-donnees-en-12-clics-lors-de-louverture-du-fichier.png\" sizes=\"auto, \" srcset=\"\" alt=\"click-refresh-data-when-opening-the-file\" width=\"432\" height=\"524\"><\/li><\/ol><p class=\"qt-tip\"> Nota: \u00e8 anche possibile fare clic con il pulsante destro del mouse sulla tabella pivot e fare clic su Opzioni tabella pivot per visualizzare la finestra di dialogo. <\/p><div class=\"wp-block-image\"><figure class=\"aligncenter size-large is-resized\"><img loading=\"lazy\" decoding=\"async\" class=\"wp-image-59039\" src=\"https:\/\/exceladvisor.org\/wp-content\/uploads\/2023\/08\/13-clic-droit-sur-le-tableau-croise-dynamique-cliquez-sur-les-options-du-tableau-croise-dynamique.png\" sizes=\"auto, \" srcset=\"\" alt=\"fare clic con il pulsante destro del mouse sulla tabella pivot e fare clic su opzioni tabella pivot\" width=\"147\" height=\"313\"><\/figure><\/div><h2 class=\"wp-block-heading\"> <strong>Automaticamente su un timer<\/strong><\/h2><p> Per aggiornare la tabella pivot con un timer, dobbiamo renderla un pivot OLAP (Online Analytical Processing). Sembra complicato? Se s\u00ec, non preoccuparti. Non entreremo nei suoi dettagli. Aggiungi semplicemente il pivot al modello dati per creare una tabella pivot OLAP.<\/p><ol><li> Per prima cosa, crea una tabella pivot tramite Inserisci \u2192 Pivot.<\/li><li> Ora seleziona la casella <strong>&#8220;Aggiungi questi dati al modello dati&#8221;<\/strong> per renderlo un pivot OLAP. <br><img loading=\"lazy\" decoding=\"async\" title=\"14-tick-mark-add-this-data-to-data-model\" src=\"https:\/\/exceladvisor.org\/wp-content\/uploads\/2023\/08\/14-coche-ajouter-ces-donnees-au-modele-de-donnees.png\" sizes=\"auto, \" srcset=\"\" alt=\"tick-mark-add-this-data-to-data-model\" width=\"463\" height=\"415\"><\/li><li> Da l\u00ec, fai clic sulla <strong>scheda Dati<\/strong> sulla barra multifunzione e cerca <strong>&#8220;Query e connessioni<\/strong> &#8220;. <br><img loading=\"lazy\" decoding=\"async\" title=\"15 query e connessioni sulla scheda dati\" src=\"https:\/\/exceladvisor.org\/wp-content\/uploads\/2023\/08\/15-sur-les-requetes-et-les-connexions-de-longlet-de-donnees.png\" sizes=\"auto, \" srcset=\"\" alt=\"on-data-tab-queries-and-connections\" width=\"536\" height=\"169\"><\/li><li> Non appena fai clic sul pulsante &#8221; <strong>Query e connessioni<\/strong> &#8220;, si apre un menu sul lato destro del foglio di calcolo.<\/li><li> Qui fare clic sulle <strong>connessioni<\/strong> e fare clic con il pulsante destro del mouse sul foglio di lavoro delle connessioni per accedere alle propriet\u00e0. <br><img loading=\"lazy\" decoding=\"async\" title=\"16-clic-destro-sul-foglio-di-accesso-per-propriet\u00e0-hit\" src=\"https:\/\/exceladvisor.org\/wp-content\/uploads\/2023\/08\/16-cliquez-avec-le-bouton-droit-sur-la-feuille-de-travail-de-connexion-pour-acceder-aux-proprietes.png\" sizes=\"auto, \" srcset=\"\" alt=\"right-click-on-the-connection-worksheet-to-hit-properties\" width=\"289\" height=\"383\"><\/li><li> Ora, nella finestra &#8221; <strong>Propriet\u00e0 connessione<\/strong> &#8220;, seleziona l&#8217;opzione &#8221; <strong>Aggiorna tutto<\/strong> &#8221; nella categoria &#8220;Utilizzo&#8221; e seleziona il periodo di tempo in cui desideri aggiornare la tabella pivot. <br><img loading=\"lazy\" decoding=\"async\" title=\"17 segni di spunta per aggiornare ciascuno\" src=\"https:\/\/exceladvisor.org\/wp-content\/uploads\/2023\/08\/17-cochez-lactualisation-tous-les.png\" sizes=\"auto, \" srcset=\"\" alt=\"tick-mark-the-refresh-every\" width=\"410\" height=\"497\"><\/li><\/ol><p> Evviva!! Abbiamo finito. Ora il pivot \u00e8 impostato per l&#8217;aggiornamento automatico.<\/p><h2 class=\"wp-block-heading\"> <strong>Aggiorna pi\u00f9 pivot<\/strong><\/h2><p> Aggiornare pi\u00f9 pivot \u00e8 facile come aggiornare una singola tabella pivot. Funziona come per magia quando hai pi\u00f9 pivot collegati a una singola origine dati. Se modifichi i dati, fai semplicemente clic su un pulsante per aggiornare tutte le tabelle pivot.<\/p><p> Eccoci qui!!<\/p><ol><li> Per aggiornare tutte le tabelle pivot, vai alla scheda Dati sulla barra multifunzione.<\/li><li> In <strong>Query e connessioni<\/strong> , fai clic sul piccolo pulsante a discesa Aggiorna tutto. <br><img loading=\"lazy\" decoding=\"async\" title=\"18 aggiornare pi\u00f9 tabelle pivot\" src=\"https:\/\/exceladvisor.org\/wp-content\/uploads\/2023\/08\/18-actualiser-plusieurs-tableaux-croises-dynamiques.png\" sizes=\"auto, \" srcset=\"\" alt=\"refresh-multiple-pivot-tables\" width=\"535\" height=\"168\"><\/li><li> Ora fai clic su <strong>Aggiorna tutto<\/strong> . Ci\u00f2 aggiorner\u00e0 tutte le tabelle pivot. <br><img loading=\"lazy\" decoding=\"async\" title=\"19 clic su Aggiorna tutto\" src=\"https:\/\/exceladvisor.org\/wp-content\/uploads\/2023\/08\/19-cliquez-sur-tout-actualiser.png\" sizes=\"auto, \" srcset=\"\" alt=\"click-on-refresh-all\" width=\"199\" height=\"215\"><\/li><\/ol><h2 class=\"wp-block-heading\"> <strong>Aggiorna una tabella pivot senza modificare la formattazione<\/strong><\/h2><p> Finora hai notato che la formattazione della tabella pivot cambia dopo ogni aggiornamento. Se formatti la tabella pivot dopo ogni aggiornamento, questo articolo allevier\u00e0 lo stress e il lavoro extra. Per impedire la formattazione dopo aver aggiornato la tabella pivot, seguire i passaggi seguenti.<\/p><ol><li> Supponendo che tu abbia gi\u00e0 creato una tabella pivot nel tuo foglio di lavoro, sposta semplicemente il cursore in qualsiasi punto all&#8217;interno del pivot.<\/li><li> Ora fai clic con il pulsante destro del mouse e tocca &#8221; <strong>Opzioni tabella pivot<\/strong> &#8220;. <br><img loading=\"lazy\" decoding=\"async\" title=\"20 aggiornamenti della tabella pivot senza modificare la formattazione\" src=\"https:\/\/exceladvisor.org\/wp-content\/uploads\/2023\/08\/20-actualiser-le-tableau-croise-dynamique-sans-modifier-la-mise-en-forme.png\" sizes=\"auto, \" srcset=\"\" alt=\"refresh-pivot-table-without-changing-formatting\" width=\"154\" height=\"327\"><\/li><li> Ora, nella <strong>scheda Layout e formato<\/strong> , seleziona l&#8217;ultima opzione, ovvero &#8221; <strong>Preserva la formattazione della cella durante l&#8217;aggiornamento&#8221;.<\/strong> <br><img loading=\"lazy\" decoding=\"async\" title=\"21-tick-preserve-cell-formtting-on-update\" src=\"https:\/\/exceladvisor.org\/wp-content\/uploads\/2023\/08\/21-cocher-conserver-la-mise-en-forme-des-cellules-lors-de-la-mise-a-jour.png\" sizes=\"auto, \" srcset=\"\" alt=\"tick-preserve-cell-formatting-on-update\" width=\"432\" height=\"525\"><\/li><li> Al termine, fare clic su <strong>OK<\/strong> .<\/li><\/ol><p> Ora noterai che la formattazione della tabella pivot non cambia dopo l&#8217;aggiornamento.<\/p><h2 class=\"wp-block-heading\"> Ulteriori informazioni sulla tabella pivot<\/h2><ul><li style=\"font-size: 14px;\"> <a href=\"https:\/\/exceladvisor.org\/it\/ordinare-una-tabella-pivot\/\">Ordinamento pivot della tabella<\/a><\/li><li style=\"font-size: 14px;\"> <a href=\"https:\/\/exceladvisor.org\/it\/aggiornare-una-tabella-pivot\/\">Aggiorna una tabella pivot<\/a><\/li><li style=\"font-size: 14px;\"> <a href=\"https:\/\/exceladvisor.org\/it\/scorciatoie-da-tastiera-1\/\">Scorciatoie da tastiera della tabella pivot<\/a><\/li><li style=\"font-size: 14px;\"> <a href=\"https:\/\/exceladvisor.org\/it\/eliminare-la-tabella-pivot\/\">Elimina una tabella pivot<\/a><\/li><li style=\"font-size: 14px;\"> <a href=\"https:\/\/exceladvisor.org\/it\/disposizione\/\">Formattazione della tabella pivot<\/a><\/li><\/ul>","protected":false},"excerpt":{"rendered":"","protected":false},"author":1,"featured_media":0,"parent":0,"menu_order":0,"comment_status":"open","ping_status":"closed","template":"","meta":{"ub_ctt_via":"","footnotes":""},"class_list":["post-2172","page","type-page","status-publish","hentry"],"featured_image_src":null,"yoast_head":"<!-- This site is optimized with the Yoast SEO plugin v25.4 - https:\/\/yoast.com\/wordpress\/plugins\/seo\/ -->\n<title>\u25b7 Come aggiornare una tabella pivot?<\/title>\n<meta name=\"description\" content=\"In questo tutorial puoi imparare come aggiornare una tabella pivot utilizzando diversi metodi che possono aiutarti\" \/>\n<meta name=\"robots\" content=\"index, follow, max-snippet:-1, max-image-preview:large, max-video-preview:-1\" \/>\n<link rel=\"canonical\" href=\"https:\/\/exceladvisor.org\/it\/aggiornare-una-tabella-pivot\/\" \/>\n<meta property=\"og:locale\" content=\"it_IT\" \/>\n<meta property=\"og:type\" content=\"article\" \/>\n<meta property=\"og:title\" content=\"\u25b7 Come aggiornare una tabella pivot?\" \/>\n<meta property=\"og:description\" content=\"In questo tutorial puoi imparare come aggiornare una tabella pivot utilizzando diversi metodi che possono aiutarti\" \/>\n<meta property=\"og:url\" content=\"https:\/\/exceladvisor.org\/it\/aggiornare-una-tabella-pivot\/\" \/>\n<meta property=\"og:site_name\" content=\"Excel Advisor\" \/>\n<meta property=\"article:modified_time\" content=\"2023-12-10T06:19:37+00:00\" \/>\n<meta property=\"og:image\" content=\"https:\/\/exceladvisor.org\/wp-content\/uploads\/2023\/08\/1-tableau-croise-dynamique-densemble-de-donnees.png\" \/>\n<meta name=\"twitter:card\" content=\"summary_large_image\" \/>\n<meta name=\"twitter:label1\" content=\"Tempo di lettura stimato\" \/>\n\t<meta name=\"twitter:data1\" content=\"4 minuti\" \/>\n<script type=\"application\/ld+json\" class=\"yoast-schema-graph\">{\"@context\":\"https:\/\/schema.org\",\"@graph\":[{\"@type\":\"WebPage\",\"@id\":\"https:\/\/exceladvisor.org\/it\/aggiornare-una-tabella-pivot\/\",\"url\":\"https:\/\/exceladvisor.org\/it\/aggiornare-una-tabella-pivot\/\",\"name\":\"\u25b7 Come aggiornare una tabella pivot?\",\"isPartOf\":{\"@id\":\"https:\/\/exceladvisor.org\/it\/#website\"},\"primaryImageOfPage\":{\"@id\":\"https:\/\/exceladvisor.org\/it\/aggiornare-una-tabella-pivot\/#primaryimage\"},\"image\":{\"@id\":\"https:\/\/exceladvisor.org\/it\/aggiornare-una-tabella-pivot\/#primaryimage\"},\"thumbnailUrl\":\"https:\/\/exceladvisor.org\/wp-content\/uploads\/2023\/08\/1-tableau-croise-dynamique-densemble-de-donnees.png\",\"datePublished\":\"2023-09-26T07:07:25+00:00\",\"dateModified\":\"2023-12-10T06:19:37+00:00\",\"description\":\"In questo tutorial puoi imparare come aggiornare una tabella pivot utilizzando diversi metodi che possono aiutarti\",\"breadcrumb\":{\"@id\":\"https:\/\/exceladvisor.org\/it\/aggiornare-una-tabella-pivot\/#breadcrumb\"},\"inLanguage\":\"it-IT\",\"potentialAction\":[{\"@type\":\"ReadAction\",\"target\":[\"https:\/\/exceladvisor.org\/it\/aggiornare-una-tabella-pivot\/\"]}]},{\"@type\":\"ImageObject\",\"inLanguage\":\"it-IT\",\"@id\":\"https:\/\/exceladvisor.org\/it\/aggiornare-una-tabella-pivot\/#primaryimage\",\"url\":\"https:\/\/exceladvisor.org\/wp-content\/uploads\/2023\/08\/1-tableau-croise-dynamique-densemble-de-donnees.png\",\"contentUrl\":\"https:\/\/exceladvisor.org\/wp-content\/uploads\/2023\/08\/1-tableau-croise-dynamique-densemble-de-donnees.png\"},{\"@type\":\"BreadcrumbList\",\"@id\":\"https:\/\/exceladvisor.org\/it\/aggiornare-una-tabella-pivot\/#breadcrumb\",\"itemListElement\":[{\"@type\":\"ListItem\",\"position\":1,\"name\":\"Home\",\"item\":\"https:\/\/exceladvisor.org\/it\/\"},{\"@type\":\"ListItem\",\"position\":2,\"name\":\"Come aggiornare una tabella pivot?\"}]},{\"@type\":\"WebSite\",\"@id\":\"https:\/\/exceladvisor.org\/it\/#website\",\"url\":\"https:\/\/exceladvisor.org\/it\/\",\"name\":\"Excel Advisor\",\"description\":\"Tips, Tricks, and Time-Saving Hacks\",\"publisher\":{\"@id\":\"https:\/\/exceladvisor.org\/it\/#organization\"},\"potentialAction\":[{\"@type\":\"SearchAction\",\"target\":{\"@type\":\"EntryPoint\",\"urlTemplate\":\"https:\/\/exceladvisor.org\/it\/?s={search_term_string}\"},\"query-input\":{\"@type\":\"PropertyValueSpecification\",\"valueRequired\":true,\"valueName\":\"search_term_string\"}}],\"inLanguage\":\"it-IT\"},{\"@type\":\"Organization\",\"@id\":\"https:\/\/exceladvisor.org\/it\/#organization\",\"name\":\"Excel Advisor\",\"url\":\"https:\/\/exceladvisor.org\/it\/\",\"logo\":{\"@type\":\"ImageObject\",\"inLanguage\":\"it-IT\",\"@id\":\"https:\/\/exceladvisor.org\/it\/#\/schema\/logo\/image\/\",\"url\":\"https:\/\/exceladvisor.org\/it\/wp-content\/uploads\/2023\/12\/exceladvisor.org_.png\",\"contentUrl\":\"https:\/\/exceladvisor.org\/it\/wp-content\/uploads\/2023\/12\/exceladvisor.org_.png\",\"width\":105,\"height\":36,\"caption\":\"Excel Advisor\"},\"image\":{\"@id\":\"https:\/\/exceladvisor.org\/it\/#\/schema\/logo\/image\/\"}}]}<\/script>\n<!-- \/ Yoast SEO plugin. -->","yoast_head_json":{"title":"\u25b7 Come aggiornare una tabella pivot?","description":"In questo tutorial puoi imparare come aggiornare una tabella pivot utilizzando diversi metodi che possono aiutarti","robots":{"index":"index","follow":"follow","max-snippet":"max-snippet:-1","max-image-preview":"max-image-preview:large","max-video-preview":"max-video-preview:-1"},"canonical":"https:\/\/exceladvisor.org\/it\/aggiornare-una-tabella-pivot\/","og_locale":"it_IT","og_type":"article","og_title":"\u25b7 Come aggiornare una tabella pivot?","og_description":"In questo tutorial puoi imparare come aggiornare una tabella pivot utilizzando diversi metodi che possono aiutarti","og_url":"https:\/\/exceladvisor.org\/it\/aggiornare-una-tabella-pivot\/","og_site_name":"Excel Advisor","article_modified_time":"2023-12-10T06:19:37+00:00","og_image":[{"url":"https:\/\/exceladvisor.org\/wp-content\/uploads\/2023\/08\/1-tableau-croise-dynamique-densemble-de-donnees.png","type":"","width":"","height":""}],"twitter_card":"summary_large_image","twitter_misc":{"Tempo di lettura stimato":"4 minuti"},"schema":{"@context":"https:\/\/schema.org","@graph":[{"@type":"WebPage","@id":"https:\/\/exceladvisor.org\/it\/aggiornare-una-tabella-pivot\/","url":"https:\/\/exceladvisor.org\/it\/aggiornare-una-tabella-pivot\/","name":"\u25b7 Come aggiornare una tabella pivot?","isPartOf":{"@id":"https:\/\/exceladvisor.org\/it\/#website"},"primaryImageOfPage":{"@id":"https:\/\/exceladvisor.org\/it\/aggiornare-una-tabella-pivot\/#primaryimage"},"image":{"@id":"https:\/\/exceladvisor.org\/it\/aggiornare-una-tabella-pivot\/#primaryimage"},"thumbnailUrl":"https:\/\/exceladvisor.org\/wp-content\/uploads\/2023\/08\/1-tableau-croise-dynamique-densemble-de-donnees.png","datePublished":"2023-09-26T07:07:25+00:00","dateModified":"2023-12-10T06:19:37+00:00","description":"In questo tutorial puoi imparare come aggiornare una tabella pivot utilizzando diversi metodi che possono aiutarti","breadcrumb":{"@id":"https:\/\/exceladvisor.org\/it\/aggiornare-una-tabella-pivot\/#breadcrumb"},"inLanguage":"it-IT","potentialAction":[{"@type":"ReadAction","target":["https:\/\/exceladvisor.org\/it\/aggiornare-una-tabella-pivot\/"]}]},{"@type":"ImageObject","inLanguage":"it-IT","@id":"https:\/\/exceladvisor.org\/it\/aggiornare-una-tabella-pivot\/#primaryimage","url":"https:\/\/exceladvisor.org\/wp-content\/uploads\/2023\/08\/1-tableau-croise-dynamique-densemble-de-donnees.png","contentUrl":"https:\/\/exceladvisor.org\/wp-content\/uploads\/2023\/08\/1-tableau-croise-dynamique-densemble-de-donnees.png"},{"@type":"BreadcrumbList","@id":"https:\/\/exceladvisor.org\/it\/aggiornare-una-tabella-pivot\/#breadcrumb","itemListElement":[{"@type":"ListItem","position":1,"name":"Home","item":"https:\/\/exceladvisor.org\/it\/"},{"@type":"ListItem","position":2,"name":"Come aggiornare una tabella pivot?"}]},{"@type":"WebSite","@id":"https:\/\/exceladvisor.org\/it\/#website","url":"https:\/\/exceladvisor.org\/it\/","name":"Excel Advisor","description":"Tips, Tricks, and Time-Saving Hacks","publisher":{"@id":"https:\/\/exceladvisor.org\/it\/#organization"},"potentialAction":[{"@type":"SearchAction","target":{"@type":"EntryPoint","urlTemplate":"https:\/\/exceladvisor.org\/it\/?s={search_term_string}"},"query-input":{"@type":"PropertyValueSpecification","valueRequired":true,"valueName":"search_term_string"}}],"inLanguage":"it-IT"},{"@type":"Organization","@id":"https:\/\/exceladvisor.org\/it\/#organization","name":"Excel Advisor","url":"https:\/\/exceladvisor.org\/it\/","logo":{"@type":"ImageObject","inLanguage":"it-IT","@id":"https:\/\/exceladvisor.org\/it\/#\/schema\/logo\/image\/","url":"https:\/\/exceladvisor.org\/it\/wp-content\/uploads\/2023\/12\/exceladvisor.org_.png","contentUrl":"https:\/\/exceladvisor.org\/it\/wp-content\/uploads\/2023\/12\/exceladvisor.org_.png","width":105,"height":36,"caption":"Excel Advisor"},"image":{"@id":"https:\/\/exceladvisor.org\/it\/#\/schema\/logo\/image\/"}}]}},"yoast_meta":{"yoast_wpseo_title":"","yoast_wpseo_metadesc":"","yoast_wpseo_canonical":""},"_links":{"self":[{"href":"https:\/\/exceladvisor.org\/it\/wp-json\/wp\/v2\/pages\/2172","targetHints":{"allow":["GET"]}}],"collection":[{"href":"https:\/\/exceladvisor.org\/it\/wp-json\/wp\/v2\/pages"}],"about":[{"href":"https:\/\/exceladvisor.org\/it\/wp-json\/wp\/v2\/types\/page"}],"author":[{"embeddable":true,"href":"https:\/\/exceladvisor.org\/it\/wp-json\/wp\/v2\/users\/1"}],"replies":[{"embeddable":true,"href":"https:\/\/exceladvisor.org\/it\/wp-json\/wp\/v2\/comments?post=2172"}],"version-history":[{"count":1,"href":"https:\/\/exceladvisor.org\/it\/wp-json\/wp\/v2\/pages\/2172\/revisions"}],"predecessor-version":[{"id":2254,"href":"https:\/\/exceladvisor.org\/it\/wp-json\/wp\/v2\/pages\/2172\/revisions\/2254"}],"wp:attachment":[{"href":"https:\/\/exceladvisor.org\/it\/wp-json\/wp\/v2\/media?parent=2172"}],"curies":[{"name":"wp","href":"https:\/\/api.w.org\/{rel}","templated":true}]}}