{"id":2173,"date":"2023-09-26T05:54:25","date_gmt":"2023-09-26T05:54:25","guid":{"rendered":"https:\/\/exceladvisor.org\/it\/formati-di-data-personalizzati\/"},"modified":"2023-12-10T06:19:20","modified_gmt":"2023-12-10T06:19:20","slug":"formati-di-data-personalizzati","status":"publish","type":"page","link":"https:\/\/exceladvisor.org\/it\/formati-di-data-personalizzati\/","title":{"rendered":"5 formati di data personalizzati in excel"},"content":{"rendered":"<div class=\"excel-prima-del-contenuto\" id=\"excel-3808644676\"><script type=\"text\/javascript\">\r\n\tatOptions = {\r\n\t\t'key' : 'c1158f160081d6540a8409e6925dab94',\r\n\t\t'format' : 'iframe',\r\n\t\t'height' : 250,\r\n\t\t'width' : 300,\r\n\t\t'params' : {}\r\n\t};\r\n<\/script>\r\n<script type=\"text\/javascript\" src=\"\/\/www.highperformanceformat.com\/c1158f160081d6540a8409e6925dab94\/invoke.js\"><\/script><\/div> <p>A volte \u00e8 necessario utilizzare un formato data personalizzato che non \u00e8 conforme ai formati data standard. Come sai, abbiamo la fortuna di avere una formattazione personalizzata, quindi puoi creare una data personalizzata con un numero di serie della data normale.<\/p><p> Il vantaggio di un formato personalizzato \u00e8 che non \u00e8 necessario modificare il numero di serie della data effettiva, il che significa che \u00e8 possibile approfondire queste date nei calcoli.<\/p><p> Quindi oggi vorrei condividere con te alcuni dei miei formati di data personalizzati preferiti che possono aiutarti a presentare le date in un modo unico.<\/p><h2 class=\"wp-block-heading\"> Come utilizzare questi formati di data personalizzati<\/h2><p> Per tutti i formati che ho menzionato sopra, \u00e8 necessario seguire i passaggi seguenti.<\/p><ol><li> Seleziona la cella in cui desideri applicare il formato.<\/li><li> Ora premi il tasto destro e seleziona \u201cFormatta cella\u201d. Oppure puoi anche utilizzare una scorciatoia da tastiera <a href=\"https:\/\/exceladvisor.org\/it\/opzioni-di-cella-in-formato-aperto\/\">Ctrl + 1 per aprire le opzioni Formato celle<\/a> .<\/li><li> Successivamente seleziona Personalizzato e inserisci il formato nella barra di immissione e fai clic su OK. <\/li><\/ol><div class=\"wp-block-image\"><figure class=\"aligncenter\"><img decoding=\"async\" src=\"https:\/\/exceladvisor.org\/wp-content\/uploads\/2023\/08\/ajouter-un-format-personnalise-a-loption-de-format-de-cellule.png\" sizes=\"\" srcset=\"\" alt=\"aggiungi il formato personalizzato all'opzione del formato della cella\"><\/figure><\/div><h2 class=\"wp-block-heading\"> Nome del giorno<\/h2><p> Questo \u00e8 il mio preferito. Se stai lavorando su determinate date in cui desideri ottenere solo il nome del giorno, questo formato data personalizzato pu\u00f2 aiutarti. <\/p><pre class=\"wp-block-code\"> <code class=\"language-excel-formula\" lang=\"excel-formula\">\"It's\" dddd<\/code><\/pre><div class=\"wp-block-image\"><figure class=\"aligncenter\"><img decoding=\"async\" src=\"https:\/\/exceladvisor.org\/wp-content\/uploads\/2023\/08\/nom-du-jour-format-de-date-personnalise-dans-excel.gif\" sizes=\"\" srcset=\"\" alt=\"nome del giorno formato data personalizzato in Excel\"><\/figure><\/div><p> E, se desideri ottenere il nome del giorno in forma breve, puoi utilizzare il formato seguente.<\/p><pre class=\"wp-block-code\"> <code class=\"language-Visual Basic\" lang=\"Visual Basic\">\"It's\" ddd<\/code><\/pre><h2 class=\"wp-block-heading\"> Numero del giorno<\/h2><p> Proprio come il nome del giorno, se desideri ottenere il numero del giorno, puoi utilizzare questo formato personalizzato. <\/p><pre class=\"wp-block-code\"> <code class=\"language-Visual Basic\" lang=\"Visual Basic\">\"Day\" d<\/code><\/pre><div class=\"wp-block-image\"><figure class=\"aligncenter\"><img decoding=\"async\" src=\"https:\/\/exceladvisor.org\/wp-content\/uploads\/2023\/08\/un-numero-de-jour-avec-un-format-de-date-personnalise.gif\" sizes=\"\" srcset=\"\" alt=\"un numero del giorno con un formato data personalizzato\"><\/figure><\/div><h2 class=\"wp-block-heading\"> Nome del mese<\/h2><p> Questo formato di data personalizzato ti aiuter\u00e0 a ottenere il nome del mese per il valore della data. Inoltre, puoi anche aggiungere testo personalizzato secondo le tue esigenze. <\/p><pre class=\"wp-block-code\"> <code class=\"language-Visual Basic\" lang=\"Visual Basic\">\"Current Month is:\" mmmm<\/code><\/pre><div class=\"wp-block-image\"><figure class=\"aligncenter\"><img decoding=\"async\" src=\"https:\/\/exceladvisor.org\/wp-content\/uploads\/2023\/08\/un-nom-de-mois-complet-avec-un-format-personnalise.png\" sizes=\"\" srcset=\"\" alt=\"il nome completo del mese con un formato personalizzato\"><\/figure><\/div><h2 class=\"wp-block-heading\"> Data con nome del giorno<\/h2><p> Questo formato ti aiuta con una data con il nome del giorno alla fine. <\/p><pre class=\"wp-block-code\"> <code class=\"language-Visual Basic\" lang=\"Visual Basic\">dd-mmm-yyyy (ddd)<\/code><\/pre><div class=\"wp-block-image\"><figure class=\"aligncenter\"><img decoding=\"async\" src=\"https:\/\/exceladvisor.org\/wp-content\/uploads\/2023\/08\/une-date-simple-avec-le-nom-du-jour-avec-un-format-personnalise.png\" sizes=\"\" srcset=\"\" alt=\"una data semplice con il nome del giorno con un formato personalizzato\"><\/figure><\/div><h2 class=\"wp-block-heading\"> Data del testo lungo<\/h2><p> E, se desideri dati di testo lunghi, puoi farlo utilizzando il formato seguente. <\/p><pre class=\"wp-block-code\"> <code class=\"language-Visual Basic\" lang=\"Visual Basic\">\"Today is Day\" d\", Month\" m \"&amp; Year\" yyyy.<\/code><\/pre><div class=\"wp-block-image\"><figure class=\"aligncenter\"><img decoding=\"async\" src=\"https:\/\/exceladvisor.org\/wp-content\/uploads\/2023\/08\/une-longue-date-textuelle-avec-un-format-personnalise.png\" sizes=\"\" srcset=\"\" alt=\"una lunga data di testo con un formato personalizzato\"><\/figure><\/div><p> Ora dimmi una cosa. <strong>Hai un formato che usi<\/strong> ? Condividi con me nella sezione commenti.<\/p><div class=\"gb-container gb-container-0df56012 gb-container-mt\"> <a class=\"gb-button gb-button-f9f432f4 gb-button-text gb-button-mt-button\" href=\"https:\/\/exceladvisor.org\/it\/formule\/\">Elenco delle formule di Excel<\/a><h2 class=\"gb-headline gb-headline-233444e8 gb-headline-text gb-headline-mt-heading\"> Formule correlate <\/h2><div class=\"gb-grid-wrapper gb-grid-wrapper-a16fa65c gb-grid-wrapper-mt-grid\"><div class=\"gb-grid-column gb-grid-column-50d07e0d\"><div class=\"gb-container gb-container-50d07e0d\"><ul><li> <a href=\"https:\/\/exceladvisor.org\/it\/confrontare-due-date\/\">Confronta due date in Excel<\/a><\/li><li> <a href=\"https:\/\/exceladvisor.org\/it\/convertire-la-data-in-numero\/\">Converti la data in numero in Excel<\/a><\/li><li> <a href=\"https:\/\/exceladvisor.org\/it\/testo-fino-ad-oggi\/\">Converti il testo aggiornato in Excel<\/a><\/li><li> <a href=\"https:\/\/exceladvisor.org\/it\/intervallo-di-date\/\">Crea un intervallo di date in Excel<\/a> <\/li><\/ul><\/div><\/div><div class=\"gb-grid-column gb-grid-column-5b4a0cf9\"><div class=\"gb-container gb-container-5b4a0cf9\"><ul><li> <a href=\"https:\/\/exceladvisor.org\/it\/evidenziazione-tra-due-date\/\">Evidenzia le date tra due date in Excel<\/a><\/li><li> <a href=\"https:\/\/exceladvisor.org\/it\/concatenare-due-date\/\">Concatena rapidamente due date in Excel<\/a><\/li><li> <a href=\"https:\/\/exceladvisor.org\/it\/generatore-di-date-casuali\/\">Generatore di date casuali (formula Excel) in Excel<\/a><\/li><li> <a href=\"https:\/\/exceladvisor.org\/it\/combinare-data-e-ora\/\">Combina data e ora in Excel<\/a><\/li><\/ul><\/div><\/div><\/div><\/div>","protected":false},"excerpt":{"rendered":"","protected":false},"author":1,"featured_media":0,"parent":0,"menu_order":0,"comment_status":"open","ping_status":"closed","template":"","meta":{"ub_ctt_via":"","footnotes":""},"class_list":["post-2173","page","type-page","status-publish","hentry"],"featured_image_src":null,"yoast_head":"<!-- This site is optimized with the Yoast SEO plugin v25.4 - https:\/\/yoast.com\/wordpress\/plugins\/seo\/ -->\n<title>\u25b7 5 formati di data personalizzati in Excel (ultimo 2023)<\/title>\n<meta name=\"description\" content=\"In questo articolo imparerai alcuni utili formati di data personalizzati. Puoi utilizzare questi formati per visualizzare le tue date...\" \/>\n<meta name=\"robots\" content=\"index, follow, max-snippet:-1, max-image-preview:large, max-video-preview:-1\" \/>\n<link rel=\"canonical\" href=\"https:\/\/exceladvisor.org\/it\/formati-di-data-personalizzati\/\" \/>\n<meta property=\"og:locale\" content=\"it_IT\" \/>\n<meta property=\"og:type\" content=\"article\" \/>\n<meta property=\"og:title\" content=\"\u25b7 5 formati di data personalizzati in Excel (ultimo 2023)\" \/>\n<meta property=\"og:description\" content=\"In questo articolo imparerai alcuni utili formati di data personalizzati. Puoi utilizzare questi formati per visualizzare le tue date...\" \/>\n<meta property=\"og:url\" content=\"https:\/\/exceladvisor.org\/it\/formati-di-data-personalizzati\/\" \/>\n<meta property=\"og:site_name\" content=\"Excel Advisor\" \/>\n<meta property=\"article:modified_time\" content=\"2023-12-10T06:19:20+00:00\" \/>\n<meta property=\"og:image\" content=\"https:\/\/exceladvisor.org\/wp-content\/uploads\/2023\/08\/ajouter-un-format-personnalise-a-loption-de-format-de-cellule.png\" \/>\n<meta name=\"twitter:card\" content=\"summary_large_image\" \/>\n<meta name=\"twitter:label1\" content=\"Tempo di lettura stimato\" \/>\n\t<meta name=\"twitter:data1\" content=\"2 minuti\" \/>\n<script type=\"application\/ld+json\" class=\"yoast-schema-graph\">{\"@context\":\"https:\/\/schema.org\",\"@graph\":[{\"@type\":\"WebPage\",\"@id\":\"https:\/\/exceladvisor.org\/it\/formati-di-data-personalizzati\/\",\"url\":\"https:\/\/exceladvisor.org\/it\/formati-di-data-personalizzati\/\",\"name\":\"\u25b7 5 formati di data personalizzati in Excel (ultimo 2023)\",\"isPartOf\":{\"@id\":\"https:\/\/exceladvisor.org\/it\/#website\"},\"primaryImageOfPage\":{\"@id\":\"https:\/\/exceladvisor.org\/it\/formati-di-data-personalizzati\/#primaryimage\"},\"image\":{\"@id\":\"https:\/\/exceladvisor.org\/it\/formati-di-data-personalizzati\/#primaryimage\"},\"thumbnailUrl\":\"https:\/\/exceladvisor.org\/wp-content\/uploads\/2023\/08\/ajouter-un-format-personnalise-a-loption-de-format-de-cellule.png\",\"datePublished\":\"2023-09-26T05:54:25+00:00\",\"dateModified\":\"2023-12-10T06:19:20+00:00\",\"description\":\"In questo articolo imparerai alcuni utili formati di data personalizzati. Puoi utilizzare questi formati per visualizzare le tue date...\",\"breadcrumb\":{\"@id\":\"https:\/\/exceladvisor.org\/it\/formati-di-data-personalizzati\/#breadcrumb\"},\"inLanguage\":\"it-IT\",\"potentialAction\":[{\"@type\":\"ReadAction\",\"target\":[\"https:\/\/exceladvisor.org\/it\/formati-di-data-personalizzati\/\"]}]},{\"@type\":\"ImageObject\",\"inLanguage\":\"it-IT\",\"@id\":\"https:\/\/exceladvisor.org\/it\/formati-di-data-personalizzati\/#primaryimage\",\"url\":\"https:\/\/exceladvisor.org\/wp-content\/uploads\/2023\/08\/ajouter-un-format-personnalise-a-loption-de-format-de-cellule.png\",\"contentUrl\":\"https:\/\/exceladvisor.org\/wp-content\/uploads\/2023\/08\/ajouter-un-format-personnalise-a-loption-de-format-de-cellule.png\"},{\"@type\":\"BreadcrumbList\",\"@id\":\"https:\/\/exceladvisor.org\/it\/formati-di-data-personalizzati\/#breadcrumb\",\"itemListElement\":[{\"@type\":\"ListItem\",\"position\":1,\"name\":\"Home\",\"item\":\"https:\/\/exceladvisor.org\/it\/\"},{\"@type\":\"ListItem\",\"position\":2,\"name\":\"5 formati di data personalizzati in excel\"}]},{\"@type\":\"WebSite\",\"@id\":\"https:\/\/exceladvisor.org\/it\/#website\",\"url\":\"https:\/\/exceladvisor.org\/it\/\",\"name\":\"Excel Advisor\",\"description\":\"Tips, Tricks, and Time-Saving Hacks\",\"publisher\":{\"@id\":\"https:\/\/exceladvisor.org\/it\/#organization\"},\"potentialAction\":[{\"@type\":\"SearchAction\",\"target\":{\"@type\":\"EntryPoint\",\"urlTemplate\":\"https:\/\/exceladvisor.org\/it\/?s={search_term_string}\"},\"query-input\":{\"@type\":\"PropertyValueSpecification\",\"valueRequired\":true,\"valueName\":\"search_term_string\"}}],\"inLanguage\":\"it-IT\"},{\"@type\":\"Organization\",\"@id\":\"https:\/\/exceladvisor.org\/it\/#organization\",\"name\":\"Excel Advisor\",\"url\":\"https:\/\/exceladvisor.org\/it\/\",\"logo\":{\"@type\":\"ImageObject\",\"inLanguage\":\"it-IT\",\"@id\":\"https:\/\/exceladvisor.org\/it\/#\/schema\/logo\/image\/\",\"url\":\"https:\/\/exceladvisor.org\/it\/wp-content\/uploads\/2023\/12\/exceladvisor.org_.png\",\"contentUrl\":\"https:\/\/exceladvisor.org\/it\/wp-content\/uploads\/2023\/12\/exceladvisor.org_.png\",\"width\":105,\"height\":36,\"caption\":\"Excel Advisor\"},\"image\":{\"@id\":\"https:\/\/exceladvisor.org\/it\/#\/schema\/logo\/image\/\"}}]}<\/script>\n<!-- \/ Yoast SEO plugin. -->","yoast_head_json":{"title":"\u25b7 5 formati di data personalizzati in Excel (ultimo 2023)","description":"In questo articolo imparerai alcuni utili formati di data personalizzati. Puoi utilizzare questi formati per visualizzare le tue date...","robots":{"index":"index","follow":"follow","max-snippet":"max-snippet:-1","max-image-preview":"max-image-preview:large","max-video-preview":"max-video-preview:-1"},"canonical":"https:\/\/exceladvisor.org\/it\/formati-di-data-personalizzati\/","og_locale":"it_IT","og_type":"article","og_title":"\u25b7 5 formati di data personalizzati in Excel (ultimo 2023)","og_description":"In questo articolo imparerai alcuni utili formati di data personalizzati. Puoi utilizzare questi formati per visualizzare le tue date...","og_url":"https:\/\/exceladvisor.org\/it\/formati-di-data-personalizzati\/","og_site_name":"Excel Advisor","article_modified_time":"2023-12-10T06:19:20+00:00","og_image":[{"url":"https:\/\/exceladvisor.org\/wp-content\/uploads\/2023\/08\/ajouter-un-format-personnalise-a-loption-de-format-de-cellule.png","type":"","width":"","height":""}],"twitter_card":"summary_large_image","twitter_misc":{"Tempo di lettura stimato":"2 minuti"},"schema":{"@context":"https:\/\/schema.org","@graph":[{"@type":"WebPage","@id":"https:\/\/exceladvisor.org\/it\/formati-di-data-personalizzati\/","url":"https:\/\/exceladvisor.org\/it\/formati-di-data-personalizzati\/","name":"\u25b7 5 formati di data personalizzati in Excel (ultimo 2023)","isPartOf":{"@id":"https:\/\/exceladvisor.org\/it\/#website"},"primaryImageOfPage":{"@id":"https:\/\/exceladvisor.org\/it\/formati-di-data-personalizzati\/#primaryimage"},"image":{"@id":"https:\/\/exceladvisor.org\/it\/formati-di-data-personalizzati\/#primaryimage"},"thumbnailUrl":"https:\/\/exceladvisor.org\/wp-content\/uploads\/2023\/08\/ajouter-un-format-personnalise-a-loption-de-format-de-cellule.png","datePublished":"2023-09-26T05:54:25+00:00","dateModified":"2023-12-10T06:19:20+00:00","description":"In questo articolo imparerai alcuni utili formati di data personalizzati. Puoi utilizzare questi formati per visualizzare le tue date...","breadcrumb":{"@id":"https:\/\/exceladvisor.org\/it\/formati-di-data-personalizzati\/#breadcrumb"},"inLanguage":"it-IT","potentialAction":[{"@type":"ReadAction","target":["https:\/\/exceladvisor.org\/it\/formati-di-data-personalizzati\/"]}]},{"@type":"ImageObject","inLanguage":"it-IT","@id":"https:\/\/exceladvisor.org\/it\/formati-di-data-personalizzati\/#primaryimage","url":"https:\/\/exceladvisor.org\/wp-content\/uploads\/2023\/08\/ajouter-un-format-personnalise-a-loption-de-format-de-cellule.png","contentUrl":"https:\/\/exceladvisor.org\/wp-content\/uploads\/2023\/08\/ajouter-un-format-personnalise-a-loption-de-format-de-cellule.png"},{"@type":"BreadcrumbList","@id":"https:\/\/exceladvisor.org\/it\/formati-di-data-personalizzati\/#breadcrumb","itemListElement":[{"@type":"ListItem","position":1,"name":"Home","item":"https:\/\/exceladvisor.org\/it\/"},{"@type":"ListItem","position":2,"name":"5 formati di data personalizzati in excel"}]},{"@type":"WebSite","@id":"https:\/\/exceladvisor.org\/it\/#website","url":"https:\/\/exceladvisor.org\/it\/","name":"Excel Advisor","description":"Tips, Tricks, and Time-Saving Hacks","publisher":{"@id":"https:\/\/exceladvisor.org\/it\/#organization"},"potentialAction":[{"@type":"SearchAction","target":{"@type":"EntryPoint","urlTemplate":"https:\/\/exceladvisor.org\/it\/?s={search_term_string}"},"query-input":{"@type":"PropertyValueSpecification","valueRequired":true,"valueName":"search_term_string"}}],"inLanguage":"it-IT"},{"@type":"Organization","@id":"https:\/\/exceladvisor.org\/it\/#organization","name":"Excel Advisor","url":"https:\/\/exceladvisor.org\/it\/","logo":{"@type":"ImageObject","inLanguage":"it-IT","@id":"https:\/\/exceladvisor.org\/it\/#\/schema\/logo\/image\/","url":"https:\/\/exceladvisor.org\/it\/wp-content\/uploads\/2023\/12\/exceladvisor.org_.png","contentUrl":"https:\/\/exceladvisor.org\/it\/wp-content\/uploads\/2023\/12\/exceladvisor.org_.png","width":105,"height":36,"caption":"Excel Advisor"},"image":{"@id":"https:\/\/exceladvisor.org\/it\/#\/schema\/logo\/image\/"}}]}},"yoast_meta":{"yoast_wpseo_title":"","yoast_wpseo_metadesc":"","yoast_wpseo_canonical":""},"_links":{"self":[{"href":"https:\/\/exceladvisor.org\/it\/wp-json\/wp\/v2\/pages\/2173","targetHints":{"allow":["GET"]}}],"collection":[{"href":"https:\/\/exceladvisor.org\/it\/wp-json\/wp\/v2\/pages"}],"about":[{"href":"https:\/\/exceladvisor.org\/it\/wp-json\/wp\/v2\/types\/page"}],"author":[{"embeddable":true,"href":"https:\/\/exceladvisor.org\/it\/wp-json\/wp\/v2\/users\/1"}],"replies":[{"embeddable":true,"href":"https:\/\/exceladvisor.org\/it\/wp-json\/wp\/v2\/comments?post=2173"}],"version-history":[{"count":1,"href":"https:\/\/exceladvisor.org\/it\/wp-json\/wp\/v2\/pages\/2173\/revisions"}],"predecessor-version":[{"id":2236,"href":"https:\/\/exceladvisor.org\/it\/wp-json\/wp\/v2\/pages\/2173\/revisions\/2236"}],"wp:attachment":[{"href":"https:\/\/exceladvisor.org\/it\/wp-json\/wp\/v2\/media?parent=2173"}],"curies":[{"name":"wp","href":"https:\/\/api.w.org\/{rel}","templated":true}]}}