{"id":2174,"date":"2023-09-26T05:13:14","date_gmt":"2023-09-26T05:13:14","guid":{"rendered":"https:\/\/exceladvisor.org\/it\/errore-di-riferimento\/"},"modified":"2023-12-10T06:25:24","modified_gmt":"2023-12-10T06:25:24","slug":"errore-di-riferimento","status":"publish","type":"page","link":"https:\/\/exceladvisor.org\/it\/errore-di-riferimento\/","title":{"rendered":"Come risolvere #ref! errore in excel?"},"content":{"rendered":"<div class=\"excel-prima-del-contenuto\" id=\"excel-812500218\"><script type=\"text\/javascript\">\r\n\tatOptions = {\r\n\t\t'key' : 'c1158f160081d6540a8409e6925dab94',\r\n\t\t'format' : 'iframe',\r\n\t\t'height' : 250,\r\n\t\t'width' : 300,\r\n\t\t'params' : {}\r\n\t};\r\n<\/script>\r\n<script type=\"text\/javascript\" src=\"\/\/www.highperformanceformat.com\/c1158f160081d6540a8409e6925dab94\/invoke.js\"><\/script><\/div> <p>La maggior parte delle volte, #REF! Si verifica un errore quando inserisci una formula in una cella e il riferimento in quella formula non \u00e8 valido. Quindi, ad esempio, supponiamo che tu abbia una formula che aggiunge i valori di cinque celle sopra e copi e incolla quella formula in una posizione in cui hai solo tre celle sopra; otterrai il #REF! Errore.<\/p><h2 id=\"h-copied-formula-to-a-new-location\" class=\"wp-block-heading\"> Formula copiata in una nuova posizione<\/h2><p> Nell&#8217;esempio seguente, abbiamo la formula di somma nella cella A5, che somma i valori nell&#8217;intervallo A1:A5. Nella formula \u00e8 presente un riferimento di cella relativo. <\/p><div class=\"wp-block-image\"><figure class=\"aligncenter size-full is-resized\"><img loading=\"lazy\" decoding=\"async\" class=\"wp-image-82504\" src=\"https:\/\/exceladvisor.org\/wp-content\/uploads\/2023\/08\/1-erreur-de-reference-dans-excel.png\" sizes=\"auto, \" srcset=\"\" alt=\"errore-di-rif.in-excel\" width=\"378\" height=\"382\"><\/figure><\/div><p> E quando copi e incolli questa formula nella cella C3, restituisce #REF! nel risultato. <\/p><div class=\"wp-block-image\"><figure class=\"aligncenter size-full is-resized\"><img loading=\"lazy\" decoding=\"async\" class=\"wp-image-82505\" src=\"https:\/\/exceladvisor.org\/wp-content\/uploads\/2023\/08\/2-renvoie-lerreur-de-reference.png\" sizes=\"auto, \" srcset=\"\" alt=\"errore-riferimento-ritorno\" width=\"496\" height=\"377\"><\/figure><\/div><p> Come ho detto prima, quando copi la formula da A6 a C3, C3 non ha cinque celle sopra di essa, il che significa che \u00e8 impossibile fare riferimento a cinque celle dall&#8217;alto.<\/p><h2 id=\"h-ref-error-with-vlookup\" class=\"wp-block-heading\"> #RIF! Errore con CERCA.VERT<\/h2><p> Quando si utilizza CERCA.VERT, specificare la colonna da cui si desidera ottenere il valore. <\/p><div class=\"wp-block-image\"><figure class=\"aligncenter size-full is-resized\"><img loading=\"lazy\" decoding=\"async\" class=\"wp-image-82506\" src=\"https:\/\/exceladvisor.org\/wp-content\/uploads\/2023\/08\/3-erreur-de-reference-avec-la-recherche-v.png\" sizes=\"auto, \" srcset=\"\" alt=\"ref-error-with-vlookup\" width=\"601\" height=\"317\"><\/figure><\/div><p> Nell&#8217;esempio sopra, ne abbiamo specificati tre come col_index_num nella formula. Ma nella tabella di ricerca abbiamo solo due colonne, ed \u00e8 per questo che abbiamo #REF! Errore nel risultato. <\/p><div class=\"wp-block-image\"><figure class=\"aligncenter size-full is-resized\"><img loading=\"lazy\" decoding=\"async\" class=\"wp-image-82507\" src=\"https:\/\/exceladvisor.org\/wp-content\/uploads\/2023\/08\/4-ref-erreur-dans-le-resultat.png\" sizes=\"auto, \" srcset=\"\" alt=\"errore-di-riferimento-nel-risultato\" width=\"526\" height=\"279\"><\/figure><\/div><p> Potresti affrontare la stessa cosa usando INDEX. Quando provi a cercare una riga o un numero di colonna maggiore del numero totale di colonne o righe presenti nei dati di riferimento, restituisce un #REF! Errore nel risultato. <\/p><div class=\"wp-block-image\"><figure class=\"aligncenter size-full is-resized\"><img loading=\"lazy\" decoding=\"async\" class=\"wp-image-82508\" src=\"https:\/\/exceladvisor.org\/wp-content\/uploads\/2023\/08\/5-erreur-de-reference-lors-de-lutilisation-de-lindex.png\" sizes=\"auto, \" srcset=\"\" alt=\"errore-di-ref-durante-l'utilizzo-di-index\" width=\"470\" height=\"310\"><\/figure><\/div><p> Nell&#8217;esempio sopra, stiamo cercando il valore nella settima riga dell&#8217;intervallo, ma abbiamo solo 6 celle in totale.<\/p><h2 id=\"h-ref-error-when-you-delete-a-column\" class=\"wp-block-heading\"> #RIF! Errore durante l&#8217;eliminazione di una colonna<\/h2><p> Nell&#8217;esempio seguente, abbiamo fatto riferimento all&#8217;intervallo A1:C3 come a tre parti. <\/p><div class=\"wp-block-image\"><figure class=\"aligncenter size-full is-resized\"><img loading=\"lazy\" decoding=\"async\" class=\"wp-image-82509\" src=\"https:\/\/exceladvisor.org\/wp-content\/uploads\/2023\/08\/6-erreur-de-reference-lors-de-la-suppression-dune-colonne.png\" sizes=\"auto, \" srcset=\"\" alt=\"errore-di-rif.quando-elimina-una-colonna\" width=\"474\" height=\"395\"><\/figure><\/div><p> Ma se rimuovi una di queste colonne, la formula restituir\u00e0 un #REF! Errore nel risultato. <\/p><div class=\"wp-block-image\"><figure class=\"aligncenter size-full is-resized\"><img loading=\"lazy\" decoding=\"async\" class=\"wp-image-82510\" src=\"https:\/\/exceladvisor.org\/wp-content\/uploads\/2023\/08\/7-la-formule-renvoie-une-erreur-de-reference.png\" sizes=\"auto, \" srcset=\"\" alt=\"formula-restituisce-errore-rif\" width=\"484\" height=\"330\"><\/figure><\/div><h2 id=\"h-other-reasons\" class=\"wp-block-heading\"> Altri motivi<\/h2><p> Quando si utilizza la funzione INDIRETTO, se si fa riferimento a una cella o un intervallo in una cartella di lavoro chiusa. C&#8217;\u00e8 una possibilit\u00e0 che tu ottenga il #REF! Errore nel risultato. <\/p><div class=\"wp-block-image\"><figure class=\"aligncenter size-full is-resized\"><img loading=\"lazy\" decoding=\"async\" class=\"wp-image-82511\" src=\"https:\/\/exceladvisor.org\/wp-content\/uploads\/2023\/08\/8-ref-erreur-avec-fonction-indirecte.png\" sizes=\"auto, \" srcset=\"\" alt=\"errore-di-ref-con-funzione-indiretta\" width=\"665\" height=\"284\"><\/figure><\/div><h2 id=\"h-fixing-the-ref-error\" class=\"wp-block-heading\"> Correzione di #REF! Errore<\/h2><p> In Excel, quando si lavora con le formule, \u00e8 meglio non intrappolare il #REF! Errore con ISERROR o qualsiasi altra funzione. \u00c8 meglio correggere l&#8217;errore quando lo ottieni nel risultato.<\/p><p> Nella maggior parte dei casi, dovresti impostare il riferimento all&#8217;intervallo o alla cella e le formule funzioneranno correttamente. Ma a volte pu\u00f2 essere difficile sapere esattamente quale riferimento viene rimosso o rimosso.<\/p><p> Ad esempio, quando elimini un foglio da una cartella di lavoro, \u00e8 impossibile annullare questa azione ed \u00e8 pi\u00f9 difficile sostituire questi riferimenti nella formula.<\/p><h2 id=\"h-finding-all-the-ref-errors\" class=\"wp-block-heading\"> Trova tutti i #REF! Errori<\/h2><p> Con l&#8217;aiuto dell&#8217;opzione TROVA di Excel, puoi trovare e selezionare le celle in cui hai l&#8217;#REF! Errore.<\/p><ol type=\"1\"><li> Apri Trova e sostituisci utilizzando Crtl + F.<\/li><li> Inserisci il valore #REF! nella sezione &#8220;Trova cosa&#8221;.<\/li><li> Fare clic sul pulsante &#8220;Opzioni&#8221;.<\/li><li> Selezionare &#8220;Valori&#8221; in &#8220;Cerca in&#8221;.<\/li><li> Fare clic sul pulsante &#8220;Cerca tutto&#8221;. <\/li><\/ol><div class=\"wp-block-image\"><figure class=\"aligncenter size-full is-resized\"><img loading=\"lazy\" decoding=\"async\" class=\"wp-image-82512\" src=\"https:\/\/exceladvisor.org\/wp-content\/uploads\/2023\/08\/9-trouver-toutes-les-erreurs-de-reference.png\" sizes=\"auto, \" srcset=\"\" alt=\"trova tutti gli errori di riferimento\" width=\"655\" height=\"418\"><\/figure><\/div><p> Successivamente, puoi andare in ciascuna cella e correggere la formula. <\/p><div class=\"gb-container gb-container-bafb25cc gb-container-download-2\"><div class=\"gb-grid-wrapper gb-grid-wrapper-91201309\"><div class=\"gb-grid-column gb-grid-column-15a917ef\"><div class=\"gb-container gb-container-15a917ef\"><h2 class=\"gb-headline gb-headline-f2deb261 gb-headline-text gb-headline-download-2\"> Ottieni il file Excel <\/h2><\/div><\/div><div class=\"gb-grid-column gb-grid-column-18357188\"><div class=\"gb-container gb-container-18357188\"><div class=\"gb-container gb-container-76cbe15e\"> <a class=\"gb-button gb-button-cb63d00a gb-button-text gb-button-download-2\" href=\"https:\/\/exceladvisor.org\/wp-content\/uploads\/2023\/11\/ref.xlsx\" rel=\"nofollow\">Scaricamento<\/a><\/div><\/div><\/div><\/div><\/div><div class=\"gb-container gb-container-0df56012 gb-container-mt\"> <a class=\"gb-button gb-button-f9f432f4 gb-button-text gb-button-mt-button\" href=\"https:\/\/exceladvisor.org\/it\/formule\/\">Elenco delle formule di Excel<\/a><h2 class=\"gb-headline gb-headline-233444e8 gb-headline-text gb-headline-mt-heading\"> Formule correlate <\/h2><div class=\"gb-grid-wrapper gb-grid-wrapper-a16fa65c gb-grid-wrapper-mt-grid\"><div class=\"gb-grid-column gb-grid-column-50d07e0d\"><div class=\"gb-container gb-container-50d07e0d\"><ul><li> <a href=\"https:\/\/exceladvisor.org\/it\/errore-di-divisione\/\">Errore #DIV\/0<\/a><\/li><li> <a href=\"https:\/\/exceladvisor.org\/it\/errore-di-fuoriuscita\/\">#DIFFUSIONE! Errore<\/a><\/li><li> <a href=\"https:\/\/exceladvisor.org\/it\/errore-di-valore\/\">#VALORE Errore<\/a><\/li><li> <a href=\"https:\/\/exceladvisor.org\/it\/ignorare-gli-errori\/\">Ignora tutti gli errori in Excel<\/a><\/li><li> <a href=\"https:\/\/exceladvisor.org\/it\/nessun-errore\/\">#N\/D Errore<\/a> <\/li><\/ul><\/div><\/div><div class=\"gb-grid-column gb-grid-column-5b4a0cf9\"><div class=\"gb-container gb-container-5b4a0cf9\"><\/div><\/div><\/div><\/div>","protected":false},"excerpt":{"rendered":"","protected":false},"author":1,"featured_media":0,"parent":0,"menu_order":0,"comment_status":"open","ping_status":"closed","template":"","meta":{"ub_ctt_via":"","footnotes":""},"class_list":["post-2174","page","type-page","status-publish","hentry"],"featured_image_src":null,"yoast_head":"<!-- This site is optimized with the Yoast SEO plugin v25.4 - https:\/\/yoast.com\/wordpress\/plugins\/seo\/ -->\n<title>Come risolvere #REF! Errore in Excel? (Tutorial 2023)<\/title>\n<meta name=\"description\" content=\"Questo tutorial ti aiuter\u00e0 a comprendere il #REF! Errore nella formula di Excel e modi per risolverlo. Controlliamo questo...\" \/>\n<meta name=\"robots\" content=\"index, follow, max-snippet:-1, max-image-preview:large, max-video-preview:-1\" \/>\n<link rel=\"canonical\" href=\"https:\/\/exceladvisor.org\/it\/errore-di-riferimento\/\" \/>\n<meta property=\"og:locale\" content=\"it_IT\" \/>\n<meta property=\"og:type\" content=\"article\" \/>\n<meta property=\"og:title\" content=\"Come risolvere #REF! Errore in Excel? (Tutorial 2023)\" \/>\n<meta property=\"og:description\" content=\"Questo tutorial ti aiuter\u00e0 a comprendere il #REF! Errore nella formula di Excel e modi per risolverlo. Controlliamo questo...\" \/>\n<meta property=\"og:url\" content=\"https:\/\/exceladvisor.org\/it\/errore-di-riferimento\/\" \/>\n<meta property=\"og:site_name\" content=\"Excel Advisor\" \/>\n<meta property=\"article:modified_time\" content=\"2023-12-10T06:25:24+00:00\" \/>\n<meta property=\"og:image\" content=\"https:\/\/exceladvisor.org\/wp-content\/uploads\/2023\/08\/1-erreur-de-reference-dans-excel.png\" \/>\n<meta name=\"twitter:card\" content=\"summary_large_image\" \/>\n<meta name=\"twitter:label1\" content=\"Tempo di lettura stimato\" \/>\n\t<meta name=\"twitter:data1\" content=\"2 minuti\" \/>\n<script type=\"application\/ld+json\" class=\"yoast-schema-graph\">{\"@context\":\"https:\/\/schema.org\",\"@graph\":[{\"@type\":\"WebPage\",\"@id\":\"https:\/\/exceladvisor.org\/it\/errore-di-riferimento\/\",\"url\":\"https:\/\/exceladvisor.org\/it\/errore-di-riferimento\/\",\"name\":\"Come risolvere #REF! Errore in Excel? (Tutorial 2023)\",\"isPartOf\":{\"@id\":\"https:\/\/exceladvisor.org\/it\/#website\"},\"primaryImageOfPage\":{\"@id\":\"https:\/\/exceladvisor.org\/it\/errore-di-riferimento\/#primaryimage\"},\"image\":{\"@id\":\"https:\/\/exceladvisor.org\/it\/errore-di-riferimento\/#primaryimage\"},\"thumbnailUrl\":\"https:\/\/exceladvisor.org\/wp-content\/uploads\/2023\/08\/1-erreur-de-reference-dans-excel.png\",\"datePublished\":\"2023-09-26T05:13:14+00:00\",\"dateModified\":\"2023-12-10T06:25:24+00:00\",\"description\":\"Questo tutorial ti aiuter\u00e0 a comprendere il #REF! Errore nella formula di Excel e modi per risolverlo. Controlliamo questo...\",\"breadcrumb\":{\"@id\":\"https:\/\/exceladvisor.org\/it\/errore-di-riferimento\/#breadcrumb\"},\"inLanguage\":\"it-IT\",\"potentialAction\":[{\"@type\":\"ReadAction\",\"target\":[\"https:\/\/exceladvisor.org\/it\/errore-di-riferimento\/\"]}]},{\"@type\":\"ImageObject\",\"inLanguage\":\"it-IT\",\"@id\":\"https:\/\/exceladvisor.org\/it\/errore-di-riferimento\/#primaryimage\",\"url\":\"https:\/\/exceladvisor.org\/wp-content\/uploads\/2023\/08\/1-erreur-de-reference-dans-excel.png\",\"contentUrl\":\"https:\/\/exceladvisor.org\/wp-content\/uploads\/2023\/08\/1-erreur-de-reference-dans-excel.png\"},{\"@type\":\"BreadcrumbList\",\"@id\":\"https:\/\/exceladvisor.org\/it\/errore-di-riferimento\/#breadcrumb\",\"itemListElement\":[{\"@type\":\"ListItem\",\"position\":1,\"name\":\"Home\",\"item\":\"https:\/\/exceladvisor.org\/it\/\"},{\"@type\":\"ListItem\",\"position\":2,\"name\":\"Come risolvere #ref! errore in excel?\"}]},{\"@type\":\"WebSite\",\"@id\":\"https:\/\/exceladvisor.org\/it\/#website\",\"url\":\"https:\/\/exceladvisor.org\/it\/\",\"name\":\"Excel Advisor\",\"description\":\"Tips, Tricks, and Time-Saving Hacks\",\"publisher\":{\"@id\":\"https:\/\/exceladvisor.org\/it\/#organization\"},\"potentialAction\":[{\"@type\":\"SearchAction\",\"target\":{\"@type\":\"EntryPoint\",\"urlTemplate\":\"https:\/\/exceladvisor.org\/it\/?s={search_term_string}\"},\"query-input\":{\"@type\":\"PropertyValueSpecification\",\"valueRequired\":true,\"valueName\":\"search_term_string\"}}],\"inLanguage\":\"it-IT\"},{\"@type\":\"Organization\",\"@id\":\"https:\/\/exceladvisor.org\/it\/#organization\",\"name\":\"Excel Advisor\",\"url\":\"https:\/\/exceladvisor.org\/it\/\",\"logo\":{\"@type\":\"ImageObject\",\"inLanguage\":\"it-IT\",\"@id\":\"https:\/\/exceladvisor.org\/it\/#\/schema\/logo\/image\/\",\"url\":\"https:\/\/exceladvisor.org\/it\/wp-content\/uploads\/2023\/12\/exceladvisor.org_.png\",\"contentUrl\":\"https:\/\/exceladvisor.org\/it\/wp-content\/uploads\/2023\/12\/exceladvisor.org_.png\",\"width\":105,\"height\":36,\"caption\":\"Excel Advisor\"},\"image\":{\"@id\":\"https:\/\/exceladvisor.org\/it\/#\/schema\/logo\/image\/\"}}]}<\/script>\n<!-- \/ Yoast SEO plugin. -->","yoast_head_json":{"title":"Come risolvere #REF! Errore in Excel? (Tutorial 2023)","description":"Questo tutorial ti aiuter\u00e0 a comprendere il #REF! Errore nella formula di Excel e modi per risolverlo. Controlliamo questo...","robots":{"index":"index","follow":"follow","max-snippet":"max-snippet:-1","max-image-preview":"max-image-preview:large","max-video-preview":"max-video-preview:-1"},"canonical":"https:\/\/exceladvisor.org\/it\/errore-di-riferimento\/","og_locale":"it_IT","og_type":"article","og_title":"Come risolvere #REF! Errore in Excel? (Tutorial 2023)","og_description":"Questo tutorial ti aiuter\u00e0 a comprendere il #REF! Errore nella formula di Excel e modi per risolverlo. Controlliamo questo...","og_url":"https:\/\/exceladvisor.org\/it\/errore-di-riferimento\/","og_site_name":"Excel Advisor","article_modified_time":"2023-12-10T06:25:24+00:00","og_image":[{"url":"https:\/\/exceladvisor.org\/wp-content\/uploads\/2023\/08\/1-erreur-de-reference-dans-excel.png","type":"","width":"","height":""}],"twitter_card":"summary_large_image","twitter_misc":{"Tempo di lettura stimato":"2 minuti"},"schema":{"@context":"https:\/\/schema.org","@graph":[{"@type":"WebPage","@id":"https:\/\/exceladvisor.org\/it\/errore-di-riferimento\/","url":"https:\/\/exceladvisor.org\/it\/errore-di-riferimento\/","name":"Come risolvere #REF! Errore in Excel? (Tutorial 2023)","isPartOf":{"@id":"https:\/\/exceladvisor.org\/it\/#website"},"primaryImageOfPage":{"@id":"https:\/\/exceladvisor.org\/it\/errore-di-riferimento\/#primaryimage"},"image":{"@id":"https:\/\/exceladvisor.org\/it\/errore-di-riferimento\/#primaryimage"},"thumbnailUrl":"https:\/\/exceladvisor.org\/wp-content\/uploads\/2023\/08\/1-erreur-de-reference-dans-excel.png","datePublished":"2023-09-26T05:13:14+00:00","dateModified":"2023-12-10T06:25:24+00:00","description":"Questo tutorial ti aiuter\u00e0 a comprendere il #REF! Errore nella formula di Excel e modi per risolverlo. Controlliamo questo...","breadcrumb":{"@id":"https:\/\/exceladvisor.org\/it\/errore-di-riferimento\/#breadcrumb"},"inLanguage":"it-IT","potentialAction":[{"@type":"ReadAction","target":["https:\/\/exceladvisor.org\/it\/errore-di-riferimento\/"]}]},{"@type":"ImageObject","inLanguage":"it-IT","@id":"https:\/\/exceladvisor.org\/it\/errore-di-riferimento\/#primaryimage","url":"https:\/\/exceladvisor.org\/wp-content\/uploads\/2023\/08\/1-erreur-de-reference-dans-excel.png","contentUrl":"https:\/\/exceladvisor.org\/wp-content\/uploads\/2023\/08\/1-erreur-de-reference-dans-excel.png"},{"@type":"BreadcrumbList","@id":"https:\/\/exceladvisor.org\/it\/errore-di-riferimento\/#breadcrumb","itemListElement":[{"@type":"ListItem","position":1,"name":"Home","item":"https:\/\/exceladvisor.org\/it\/"},{"@type":"ListItem","position":2,"name":"Come risolvere #ref! errore in excel?"}]},{"@type":"WebSite","@id":"https:\/\/exceladvisor.org\/it\/#website","url":"https:\/\/exceladvisor.org\/it\/","name":"Excel Advisor","description":"Tips, Tricks, and Time-Saving Hacks","publisher":{"@id":"https:\/\/exceladvisor.org\/it\/#organization"},"potentialAction":[{"@type":"SearchAction","target":{"@type":"EntryPoint","urlTemplate":"https:\/\/exceladvisor.org\/it\/?s={search_term_string}"},"query-input":{"@type":"PropertyValueSpecification","valueRequired":true,"valueName":"search_term_string"}}],"inLanguage":"it-IT"},{"@type":"Organization","@id":"https:\/\/exceladvisor.org\/it\/#organization","name":"Excel Advisor","url":"https:\/\/exceladvisor.org\/it\/","logo":{"@type":"ImageObject","inLanguage":"it-IT","@id":"https:\/\/exceladvisor.org\/it\/#\/schema\/logo\/image\/","url":"https:\/\/exceladvisor.org\/it\/wp-content\/uploads\/2023\/12\/exceladvisor.org_.png","contentUrl":"https:\/\/exceladvisor.org\/it\/wp-content\/uploads\/2023\/12\/exceladvisor.org_.png","width":105,"height":36,"caption":"Excel Advisor"},"image":{"@id":"https:\/\/exceladvisor.org\/it\/#\/schema\/logo\/image\/"}}]}},"yoast_meta":{"yoast_wpseo_title":"","yoast_wpseo_metadesc":"","yoast_wpseo_canonical":""},"_links":{"self":[{"href":"https:\/\/exceladvisor.org\/it\/wp-json\/wp\/v2\/pages\/2174","targetHints":{"allow":["GET"]}}],"collection":[{"href":"https:\/\/exceladvisor.org\/it\/wp-json\/wp\/v2\/pages"}],"about":[{"href":"https:\/\/exceladvisor.org\/it\/wp-json\/wp\/v2\/types\/page"}],"author":[{"embeddable":true,"href":"https:\/\/exceladvisor.org\/it\/wp-json\/wp\/v2\/users\/1"}],"replies":[{"embeddable":true,"href":"https:\/\/exceladvisor.org\/it\/wp-json\/wp\/v2\/comments?post=2174"}],"version-history":[{"count":1,"href":"https:\/\/exceladvisor.org\/it\/wp-json\/wp\/v2\/pages\/2174\/revisions"}],"predecessor-version":[{"id":2670,"href":"https:\/\/exceladvisor.org\/it\/wp-json\/wp\/v2\/pages\/2174\/revisions\/2670"}],"wp:attachment":[{"href":"https:\/\/exceladvisor.org\/it\/wp-json\/wp\/v2\/media?parent=2174"}],"curies":[{"name":"wp","href":"https:\/\/api.w.org\/{rel}","templated":true}]}}