{"id":2177,"date":"2023-09-26T01:59:07","date_gmt":"2023-09-26T01:59:07","guid":{"rendered":"https:\/\/exceladvisor.org\/it\/ingrandire-rimpicciolire\/"},"modified":"2023-12-10T06:23:44","modified_gmt":"2023-12-10T06:23:44","slug":"ingrandire-rimpicciolire","status":"publish","type":"page","link":"https:\/\/exceladvisor.org\/it\/ingrandire-rimpicciolire\/","title":{"rendered":"Come ingrandire o rimpicciolire in excel?"},"content":{"rendered":"<div class=\"excel-prima-del-contenuto\" id=\"excel-1453000997\"><script type=\"text\/javascript\">\r\n\tatOptions = {\r\n\t\t'key' : 'c1158f160081d6540a8409e6925dab94',\r\n\t\t'format' : 'iframe',\r\n\t\t'height' : 250,\r\n\t\t'width' : 300,\r\n\t\t'params' : {}\r\n\t};\r\n<\/script>\r\n<script type=\"text\/javascript\" src=\"\/\/www.highperformanceformat.com\/c1158f160081d6540a8409e6925dab94\/invoke.js\"><\/script><\/div> <p>Come altre applicazioni di Microsoft Office, Excel ha anche la funzionalit\u00e0 per ingrandire e rimpicciolire il foglio di lavoro. Excel consente uno zoom massimo fino al 400% e uno zoom indietro fino al 10%, il che significa che l&#8217;utente pu\u00f2 ingrandire la dimensione del foglio di lavoro fino a un livello massimo del 400% e pu\u00f2 eseguire uno zoom indietro fino al 10%.<\/p><p> Analogamente ad altre funzionalit\u00e0 di Excel, la funzionalit\u00e0 di ingrandimento e riduzione pu\u00f2 essere utilizzata manualmente o utilizzando la scorciatoia da tastiera.<\/p><h2 class=\"wp-block-heading\"> Scorciatoia da tastiera per ingrandire: rimpicciolisci in Excel<\/h2><p> Qui abbiamo fornito due scorciatoie da tastiera per ingrandire e ridurre le dimensioni del foglio di lavoro come indicato di seguito: <\/p><div class=\"wp-block-image\"><figure class=\"aligncenter size-full is-resized\"><img loading=\"lazy\" decoding=\"async\" class=\"wp-image-69507\" src=\"https:\/\/exceladvisor.org\/wp-content\/uploads\/2023\/08\/1-raccourci-clavier-pour-zoomer.png\" sizes=\"auto, \" srcset=\"\" alt=\"scorciatoia da tastiera per lo zoom\" width=\"819\" height=\"321\"><\/figure><\/div><p> <kbd>Ctrl<\/kbd> + <kbd>Alt<\/kbd> + <kbd>+<\/kbd> Per ingrandire <\/p><div class=\"wp-block-image\"><figure class=\"aligncenter size-full is-resized\"><img loading=\"lazy\" decoding=\"async\" class=\"wp-image-69508\" src=\"https:\/\/exceladvisor.org\/wp-content\/uploads\/2023\/08\/2-raccourcis-clavier-pour-effectuer-un-zoom-arriere.png\" sizes=\"auto, \" srcset=\"\" alt=\"scorciatoia da tastiera per lo zoom\" width=\"818\" height=\"321\"><\/figure><\/div><p> <kbd>Ctrl<\/kbd> + <kbd>Alt<\/kbd> + <kbd>\u2013<\/kbd> Per rimpicciolire <\/p><div class=\"wp-block-image\"><figure class=\"aligncenter size-full is-resized\"><img loading=\"lazy\" decoding=\"async\" class=\"wp-image-69509\" src=\"https:\/\/exceladvisor.org\/wp-content\/uploads\/2023\/08\/3-touches-de-raccourci-pour-zoomer-et-dezoomer.png\" sizes=\"auto, \" srcset=\"\" alt=\"tasti di scelta rapida per ingrandire e rimpicciolire\" width=\"820\" height=\"322\"><\/figure><\/div><p> <kbd>Alt<\/kbd> \u2192 <kbd>V<\/kbd> \u2192 <kbd>Z<\/kbd><\/p><h2 class=\"wp-block-heading\"> Passaggi per ingrandire \u2013 rimpicciolire utilizzando una scorciatoia da tastiera<\/h2><ol><li> Innanzitutto, apri il foglio di calcolo che desideri ingrandire o ridurre.<\/li><li> Successivamente, tieni premuti i tasti &#8220;Ctrl + Alt&#8221;, quindi premi il segno pi\u00f9 &#8220;+&#8221; o il segno meno &#8220;-&#8221; per ingrandire o rimpicciolire rispettivamente.<\/li><li> Oppure premi i tasti &#8220;Alt \u2192 V \u2192 Z&#8221; in ordine e aprirai la finestra di dialogo &#8220;Zoom&#8221;.<\/li><li> Ora seleziona l&#8217;opzione di ingrandimento preimpostata o seleziona &#8220;Personalizzato&#8221; per ingrandire o rimpicciolire utilizzando i tasti freccia su e gi\u00f9 sulla tastiera secondo necessit\u00e0, quindi premi &#8220;Invio&#8221;. <\/li><\/ol><div class=\"wp-block-image\"><figure class=\"aligncenter size-full is-resized\"><img loading=\"lazy\" decoding=\"async\" class=\"wp-image-69510\" src=\"https:\/\/exceladvisor.org\/wp-content\/uploads\/2023\/08\/4-boite-de-dialogue-de-zoom.png\" sizes=\"auto, \" srcset=\"\" alt=\"finestra di dialogo dello zoom\" width=\"233\" height=\"326\"><\/figure><\/div><h2 class=\"wp-block-heading\"> Asporto<\/h2><ul><li> Se ingrandisci o riduci il foglio di lavoro corrente, Excel ingrandir\u00e0 solo quel foglio di lavoro e gli altri fogli di lavoro in quella cartella di lavoro rimarranno invariati.<\/li><li> Per ingrandire o ridurre pi\u00f9 fogli di lavoro contemporaneamente, seleziona tutti i fogli (schede), quindi utilizza le scorciatoie per ingrandire o ridurre.<\/li><li> Se hai una tastiera con tasti numerici, a volte il tasto \u2013 meno non funziona correttamente dai tasti in alto, quindi \u00e8 meglio usare i tasti + pi\u00f9 e \u2013 meno dei tasti numerici. <\/li><\/ul><div class=\"wp-block-group more-tutorials is-layout-flow\"><div class=\"wp-block-group__inner-container\"><h2 class=\"wp-block-heading\"> Altri tutorial <\/h2><div class=\"wp-block-columns is-layout-flex wp-container-27\"><div class=\"wp-block-column is-layout-flow\"><ul><li> <a href=\"https:\/\/exceladvisor.org\/it\/aggiungi-un-nuovo-foglio\/\">Aggiungi un nuovo foglio<\/a><\/li><li> <a href=\"https:\/\/exceladvisor.org\/it\/eliminare-un-foglio\/\">Elimina foglio<\/a><\/li><li> <a href=\"https:\/\/exceladvisor.org\/it\/trova-sostituisci-1\/\">Trova e sostituisci<\/a><\/li><li> <a href=\"https:\/\/exceladvisor.org\/it\/congelare-lotturatore\/\">Congelare la padella<\/a><\/li><li> <a href=\"https:\/\/exceladvisor.org\/it\/collegamento-ipertestuale-2\/\">Collegamento ipertestuale<\/a><\/li><\/ul><\/div><div class=\"wp-block-column is-layout-flow\"><\/div><\/div><p> \u21e0 Ritorna alle <a href=\"https:\/\/exceladvisor.org\/it\/tasti-rapidi\/\">scorciatoie di Excel (scheda di riferimento PDF)<\/a><\/p><\/div><\/div>","protected":false},"excerpt":{"rendered":"","protected":false},"author":1,"featured_media":0,"parent":0,"menu_order":0,"comment_status":"open","ping_status":"closed","template":"","meta":{"ub_ctt_via":"","footnotes":""},"class_list":["post-2177","page","type-page","status-publish","hentry"],"featured_image_src":null,"yoast_head":"<!-- This site is optimized with the Yoast SEO plugin v25.4 - https:\/\/yoast.com\/wordpress\/plugins\/seo\/ -->\n<title>\u25b7 Come ingrandire o rimpicciolire? (Scorciatoia Excel 2023)<\/title>\n<meta name=\"description\" content=\"In questo tutorial imparerai come utilizzare una scorciatoia da tastiera per ingrandire e rimpicciolire in Excel. Ora questa scorciatoia da tastiera\" \/>\n<meta name=\"robots\" content=\"index, follow, max-snippet:-1, max-image-preview:large, max-video-preview:-1\" \/>\n<link rel=\"canonical\" href=\"https:\/\/exceladvisor.org\/it\/ingrandire-rimpicciolire\/\" \/>\n<meta property=\"og:locale\" content=\"it_IT\" \/>\n<meta property=\"og:type\" content=\"article\" \/>\n<meta property=\"og:title\" content=\"\u25b7 Come ingrandire o rimpicciolire? (Scorciatoia Excel 2023)\" \/>\n<meta property=\"og:description\" content=\"In questo tutorial imparerai come utilizzare una scorciatoia da tastiera per ingrandire e rimpicciolire in Excel. Ora questa scorciatoia da tastiera\" \/>\n<meta property=\"og:url\" content=\"https:\/\/exceladvisor.org\/it\/ingrandire-rimpicciolire\/\" \/>\n<meta property=\"og:site_name\" content=\"Excel Advisor\" \/>\n<meta property=\"article:modified_time\" content=\"2023-12-10T06:23:44+00:00\" \/>\n<meta property=\"og:image\" content=\"https:\/\/exceladvisor.org\/wp-content\/uploads\/2023\/08\/1-raccourci-clavier-pour-zoomer.png\" \/>\n<meta name=\"twitter:card\" content=\"summary_large_image\" \/>\n<meta name=\"twitter:label1\" content=\"Tempo di lettura stimato\" \/>\n\t<meta name=\"twitter:data1\" content=\"2 minuti\" \/>\n<script type=\"application\/ld+json\" class=\"yoast-schema-graph\">{\"@context\":\"https:\/\/schema.org\",\"@graph\":[{\"@type\":\"WebPage\",\"@id\":\"https:\/\/exceladvisor.org\/it\/ingrandire-rimpicciolire\/\",\"url\":\"https:\/\/exceladvisor.org\/it\/ingrandire-rimpicciolire\/\",\"name\":\"\u25b7 Come ingrandire o rimpicciolire? (Scorciatoia Excel 2023)\",\"isPartOf\":{\"@id\":\"https:\/\/exceladvisor.org\/it\/#website\"},\"primaryImageOfPage\":{\"@id\":\"https:\/\/exceladvisor.org\/it\/ingrandire-rimpicciolire\/#primaryimage\"},\"image\":{\"@id\":\"https:\/\/exceladvisor.org\/it\/ingrandire-rimpicciolire\/#primaryimage\"},\"thumbnailUrl\":\"https:\/\/exceladvisor.org\/wp-content\/uploads\/2023\/08\/1-raccourci-clavier-pour-zoomer.png\",\"datePublished\":\"2023-09-26T01:59:07+00:00\",\"dateModified\":\"2023-12-10T06:23:44+00:00\",\"description\":\"In questo tutorial imparerai come utilizzare una scorciatoia da tastiera per ingrandire e rimpicciolire in Excel. Ora questa scorciatoia da tastiera\",\"breadcrumb\":{\"@id\":\"https:\/\/exceladvisor.org\/it\/ingrandire-rimpicciolire\/#breadcrumb\"},\"inLanguage\":\"it-IT\",\"potentialAction\":[{\"@type\":\"ReadAction\",\"target\":[\"https:\/\/exceladvisor.org\/it\/ingrandire-rimpicciolire\/\"]}]},{\"@type\":\"ImageObject\",\"inLanguage\":\"it-IT\",\"@id\":\"https:\/\/exceladvisor.org\/it\/ingrandire-rimpicciolire\/#primaryimage\",\"url\":\"https:\/\/exceladvisor.org\/wp-content\/uploads\/2023\/08\/1-raccourci-clavier-pour-zoomer.png\",\"contentUrl\":\"https:\/\/exceladvisor.org\/wp-content\/uploads\/2023\/08\/1-raccourci-clavier-pour-zoomer.png\"},{\"@type\":\"BreadcrumbList\",\"@id\":\"https:\/\/exceladvisor.org\/it\/ingrandire-rimpicciolire\/#breadcrumb\",\"itemListElement\":[{\"@type\":\"ListItem\",\"position\":1,\"name\":\"Home\",\"item\":\"https:\/\/exceladvisor.org\/it\/\"},{\"@type\":\"ListItem\",\"position\":2,\"name\":\"Come ingrandire o rimpicciolire in excel?\"}]},{\"@type\":\"WebSite\",\"@id\":\"https:\/\/exceladvisor.org\/it\/#website\",\"url\":\"https:\/\/exceladvisor.org\/it\/\",\"name\":\"Excel Advisor\",\"description\":\"Tips, Tricks, and Time-Saving Hacks\",\"publisher\":{\"@id\":\"https:\/\/exceladvisor.org\/it\/#organization\"},\"potentialAction\":[{\"@type\":\"SearchAction\",\"target\":{\"@type\":\"EntryPoint\",\"urlTemplate\":\"https:\/\/exceladvisor.org\/it\/?s={search_term_string}\"},\"query-input\":{\"@type\":\"PropertyValueSpecification\",\"valueRequired\":true,\"valueName\":\"search_term_string\"}}],\"inLanguage\":\"it-IT\"},{\"@type\":\"Organization\",\"@id\":\"https:\/\/exceladvisor.org\/it\/#organization\",\"name\":\"Excel Advisor\",\"url\":\"https:\/\/exceladvisor.org\/it\/\",\"logo\":{\"@type\":\"ImageObject\",\"inLanguage\":\"it-IT\",\"@id\":\"https:\/\/exceladvisor.org\/it\/#\/schema\/logo\/image\/\",\"url\":\"https:\/\/exceladvisor.org\/it\/wp-content\/uploads\/2023\/12\/exceladvisor.org_.png\",\"contentUrl\":\"https:\/\/exceladvisor.org\/it\/wp-content\/uploads\/2023\/12\/exceladvisor.org_.png\",\"width\":105,\"height\":36,\"caption\":\"Excel Advisor\"},\"image\":{\"@id\":\"https:\/\/exceladvisor.org\/it\/#\/schema\/logo\/image\/\"}}]}<\/script>\n<!-- \/ Yoast SEO plugin. -->","yoast_head_json":{"title":"\u25b7 Come ingrandire o rimpicciolire? (Scorciatoia Excel 2023)","description":"In questo tutorial imparerai come utilizzare una scorciatoia da tastiera per ingrandire e rimpicciolire in Excel. Ora questa scorciatoia da tastiera","robots":{"index":"index","follow":"follow","max-snippet":"max-snippet:-1","max-image-preview":"max-image-preview:large","max-video-preview":"max-video-preview:-1"},"canonical":"https:\/\/exceladvisor.org\/it\/ingrandire-rimpicciolire\/","og_locale":"it_IT","og_type":"article","og_title":"\u25b7 Come ingrandire o rimpicciolire? (Scorciatoia Excel 2023)","og_description":"In questo tutorial imparerai come utilizzare una scorciatoia da tastiera per ingrandire e rimpicciolire in Excel. Ora questa scorciatoia da tastiera","og_url":"https:\/\/exceladvisor.org\/it\/ingrandire-rimpicciolire\/","og_site_name":"Excel Advisor","article_modified_time":"2023-12-10T06:23:44+00:00","og_image":[{"url":"https:\/\/exceladvisor.org\/wp-content\/uploads\/2023\/08\/1-raccourci-clavier-pour-zoomer.png","type":"","width":"","height":""}],"twitter_card":"summary_large_image","twitter_misc":{"Tempo di lettura stimato":"2 minuti"},"schema":{"@context":"https:\/\/schema.org","@graph":[{"@type":"WebPage","@id":"https:\/\/exceladvisor.org\/it\/ingrandire-rimpicciolire\/","url":"https:\/\/exceladvisor.org\/it\/ingrandire-rimpicciolire\/","name":"\u25b7 Come ingrandire o rimpicciolire? (Scorciatoia Excel 2023)","isPartOf":{"@id":"https:\/\/exceladvisor.org\/it\/#website"},"primaryImageOfPage":{"@id":"https:\/\/exceladvisor.org\/it\/ingrandire-rimpicciolire\/#primaryimage"},"image":{"@id":"https:\/\/exceladvisor.org\/it\/ingrandire-rimpicciolire\/#primaryimage"},"thumbnailUrl":"https:\/\/exceladvisor.org\/wp-content\/uploads\/2023\/08\/1-raccourci-clavier-pour-zoomer.png","datePublished":"2023-09-26T01:59:07+00:00","dateModified":"2023-12-10T06:23:44+00:00","description":"In questo tutorial imparerai come utilizzare una scorciatoia da tastiera per ingrandire e rimpicciolire in Excel. Ora questa scorciatoia da tastiera","breadcrumb":{"@id":"https:\/\/exceladvisor.org\/it\/ingrandire-rimpicciolire\/#breadcrumb"},"inLanguage":"it-IT","potentialAction":[{"@type":"ReadAction","target":["https:\/\/exceladvisor.org\/it\/ingrandire-rimpicciolire\/"]}]},{"@type":"ImageObject","inLanguage":"it-IT","@id":"https:\/\/exceladvisor.org\/it\/ingrandire-rimpicciolire\/#primaryimage","url":"https:\/\/exceladvisor.org\/wp-content\/uploads\/2023\/08\/1-raccourci-clavier-pour-zoomer.png","contentUrl":"https:\/\/exceladvisor.org\/wp-content\/uploads\/2023\/08\/1-raccourci-clavier-pour-zoomer.png"},{"@type":"BreadcrumbList","@id":"https:\/\/exceladvisor.org\/it\/ingrandire-rimpicciolire\/#breadcrumb","itemListElement":[{"@type":"ListItem","position":1,"name":"Home","item":"https:\/\/exceladvisor.org\/it\/"},{"@type":"ListItem","position":2,"name":"Come ingrandire o rimpicciolire in excel?"}]},{"@type":"WebSite","@id":"https:\/\/exceladvisor.org\/it\/#website","url":"https:\/\/exceladvisor.org\/it\/","name":"Excel Advisor","description":"Tips, Tricks, and Time-Saving Hacks","publisher":{"@id":"https:\/\/exceladvisor.org\/it\/#organization"},"potentialAction":[{"@type":"SearchAction","target":{"@type":"EntryPoint","urlTemplate":"https:\/\/exceladvisor.org\/it\/?s={search_term_string}"},"query-input":{"@type":"PropertyValueSpecification","valueRequired":true,"valueName":"search_term_string"}}],"inLanguage":"it-IT"},{"@type":"Organization","@id":"https:\/\/exceladvisor.org\/it\/#organization","name":"Excel Advisor","url":"https:\/\/exceladvisor.org\/it\/","logo":{"@type":"ImageObject","inLanguage":"it-IT","@id":"https:\/\/exceladvisor.org\/it\/#\/schema\/logo\/image\/","url":"https:\/\/exceladvisor.org\/it\/wp-content\/uploads\/2023\/12\/exceladvisor.org_.png","contentUrl":"https:\/\/exceladvisor.org\/it\/wp-content\/uploads\/2023\/12\/exceladvisor.org_.png","width":105,"height":36,"caption":"Excel Advisor"},"image":{"@id":"https:\/\/exceladvisor.org\/it\/#\/schema\/logo\/image\/"}}]}},"yoast_meta":{"yoast_wpseo_title":"","yoast_wpseo_metadesc":"","yoast_wpseo_canonical":""},"_links":{"self":[{"href":"https:\/\/exceladvisor.org\/it\/wp-json\/wp\/v2\/pages\/2177","targetHints":{"allow":["GET"]}}],"collection":[{"href":"https:\/\/exceladvisor.org\/it\/wp-json\/wp\/v2\/pages"}],"about":[{"href":"https:\/\/exceladvisor.org\/it\/wp-json\/wp\/v2\/types\/page"}],"author":[{"embeddable":true,"href":"https:\/\/exceladvisor.org\/it\/wp-json\/wp\/v2\/users\/1"}],"replies":[{"embeddable":true,"href":"https:\/\/exceladvisor.org\/it\/wp-json\/wp\/v2\/comments?post=2177"}],"version-history":[{"count":1,"href":"https:\/\/exceladvisor.org\/it\/wp-json\/wp\/v2\/pages\/2177\/revisions"}],"predecessor-version":[{"id":2540,"href":"https:\/\/exceladvisor.org\/it\/wp-json\/wp\/v2\/pages\/2177\/revisions\/2540"}],"wp:attachment":[{"href":"https:\/\/exceladvisor.org\/it\/wp-json\/wp\/v2\/media?parent=2177"}],"curies":[{"name":"wp","href":"https:\/\/api.w.org\/{rel}","templated":true}]}}