{"id":2179,"date":"2023-09-25T21:58:39","date_gmt":"2023-09-25T21:58:39","guid":{"rendered":"https:\/\/exceladvisor.org\/it\/governate\/"},"modified":"2023-12-10T06:27:07","modified_gmt":"2023-12-10T06:27:07","slug":"governate","status":"publish","type":"page","link":"https:\/\/exceladvisor.org\/it\/governate\/","title":{"rendered":"Come visualizzare il righello in excel?"},"content":{"rendered":"<div class=\"excel-prima-del-contenuto\" id=\"excel-4288877990\"><script type=\"text\/javascript\">\r\n\tatOptions = {\r\n\t\t'key' : 'c1158f160081d6540a8409e6925dab94',\r\n\t\t'format' : 'iframe',\r\n\t\t'height' : 250,\r\n\t\t'width' : 300,\r\n\t\t'params' : {}\r\n\t};\r\n<\/script>\r\n<script type=\"text\/javascript\" src=\"\/\/www.highperformanceformat.com\/c1158f160081d6540a8409e6925dab94\/invoke.js\"><\/script><\/div> <p>In Excel, c&#8217;\u00e8 un&#8217;opzione per visualizzare un righello attorno a righe e colonne che pu\u00f2 aiutarti ad allineare oggetti come grafici e immagini e persino a modificare la larghezza delle colonne e l&#8217;altezza delle righe durante la stampa. <\/p><div class=\"wp-block-image\"><figure class=\"aligncenter size-full is-resized\"><img loading=\"lazy\" decoding=\"async\" class=\"wp-image-63643\" src=\"https:\/\/exceladvisor.org\/wp-content\/uploads\/2023\/08\/1-regle-autour-des-lignes-colonnes.png\" sizes=\"auto, \" srcset=\"\" alt=\"regola attorno alle righe delle colonne\" width=\"376\" height=\"284\"><\/figure><\/div><h2 class=\"wp-block-heading\"> Passaggi per mostrare il righello in Excel<\/h2><ol type=\"1\"><li> Innanzitutto, attiva il foglio in cui desideri visualizzare il righello.<\/li><li> Successivamente, vai alla scheda Visualizza sulla barra multifunzione.<\/li><li> Da l\u00ec, individua il pulsante Layout di pagina nella &#8220;Visualizzazione cartelle di lavoro&#8221;.<\/li><li> Successivamente, fai clic sul pulsante \u201cLayout\u201d.<\/li><li> Alla fine, seleziona la casella &#8220;Righello&#8221; del gruppo di visualizzazione. <\/li><\/ol><div class=\"wp-block-image\"><figure class=\"aligncenter size-full is-resized\"><img loading=\"lazy\" decoding=\"async\" class=\"wp-image-63644\" src=\"https:\/\/exceladvisor.org\/wp-content\/uploads\/2023\/08\/2-afficher-la-regle-dans-excel.png\" sizes=\"auto, \" srcset=\"\" alt=\"mostra-righello-in-excel\" width=\"589\" height=\"348\"><\/figure><\/div><p class=\"qt-tip\"> <strong>Nota:<\/strong> l&#8217;unico modo per visualizzare il righello \u00e8 abilitare il layout. E questo \u00e8 il motivo per cui quando provi a fare clic sulla casella di controllo del righello, questa risulta disattivata nella visualizzazione normale.<\/p><p> Dopo aver abilitato il righello, quando selezioni una cella e un intervallo di celle, Excel evidenzia quella parte della selezione sul righello. <\/p><div class=\"wp-block-image\"><figure class=\"aligncenter size-full is-resized\"><img loading=\"lazy\" decoding=\"async\" class=\"wp-image-63645\" src=\"https:\/\/exceladvisor.org\/wp-content\/uploads\/2023\/08\/3-regles-de-selection-en-surbrillance.png\" sizes=\"auto, \" srcset=\"\" alt=\"evidenziare la regola di selezione\" width=\"616\" height=\"326\"><\/figure><\/div><h2 class=\"wp-block-heading\"> Cambia l&#8217;unit\u00e0 del righello<\/h2><p> Quando abiliti la regola, questa viene fornita con le unit\u00e0 predefinite che hai in base al tuo sistema. Ma puoi modificare le unit\u00e0 dalle opzioni di Excel.<\/p><p> Vai alla <strong>scheda File<\/strong> <strong>\u279f<\/strong> <strong>Opzioni<\/strong> <strong>\u279f<\/strong> <strong>Avanzate<\/strong> . Nelle opzioni avanzate, scorri verso il basso fino al gruppo Visualizza. Nel gruppo di visualizzazione \u00e8 possibile trovare il menu a discesa &#8220;Unit\u00e0 righello&#8221; per modificare l&#8217;unit\u00e0 in pollici, centimetri o millimetri. <\/p><div class=\"wp-block-image\"><figure class=\"aligncenter size-full is-resized\"><img loading=\"lazy\" decoding=\"async\" class=\"wp-image-63646\" src=\"https:\/\/exceladvisor.org\/wp-content\/uploads\/2023\/08\/4-changer-lunite-de-la-regle.png\" sizes=\"auto, \" srcset=\"\" alt=\"cambio di unit\u00e0 governante\" width=\"563\" height=\"416\"><\/figure><\/div><p> E una volta scelta l&#8217;unit\u00e0, fai clic su OK.<\/p><p class=\"qt-tip\"> <strong>Nota:<\/strong> quando si cambia la vista da normale a layout e si attiva il righello. Questa impostazione \u00e8 solo per il foglio di lavoro corrente.<\/p><div class=\"gb-container gb-container-4db6181c gb-container-mt\"> <a class=\"gb-button gb-button-c5897111 gb-button-text gb-button-mt-button\" href=\"https:\/\/exceladvisor.org\/it\/nozioni-di-base-su-excel\/\">Nozioni di base su Microsoft Excel (componenti, parti e note informative)<\/a><h2 class=\"gb-headline gb-headline-665e5f6b gb-headline-text gb-headline-mt-heading\"> Tutorial correlati <\/h2><div class=\"gb-grid-wrapper gb-grid-wrapper-a20baf7c gb-grid-wrapper-mt-grid\"><div class=\"gb-grid-column gb-grid-column-65ddf67e\"><div class=\"gb-container gb-container-65ddf67e\"><ul><li> <a href=\"https:\/\/exceladvisor.org\/it\/giustificare-completamente\/\">Compila Giustifica in Excel<\/a><\/li><li> <a href=\"https:\/\/exceladvisor.org\/it\/barra-delle-formule-excel\/\">Barra della formula in Excel<\/a><\/li><li> <a href=\"https:\/\/exceladvisor.org\/it\/aggiungi-unintestazione-a-pie-di-pagina\/\">Aggiungi un&#8217;intestazione e un pi\u00e8 di pagina in Excel<\/a><\/li><li> <a href=\"https:\/\/exceladvisor.org\/it\/maniglia-di-riempimento\/\">Maniglia di riempimento in Excel<\/a><\/li><li> <a href=\"https:\/\/exceladvisor.org\/it\/formato-pittore\/\">Copia formato in Excel<\/a> <\/li><\/ul><\/div><\/div><div class=\"gb-grid-column gb-grid-column-50067b57\"><div class=\"gb-container gb-container-50067b57\"><\/div><\/div><\/div><\/div>","protected":false},"excerpt":{"rendered":"","protected":false},"author":1,"featured_media":0,"parent":0,"menu_order":0,"comment_status":"open","ping_status":"closed","template":"","meta":{"ub_ctt_via":"","footnotes":""},"class_list":["post-2179","page","type-page","status-publish","hentry"],"featured_image_src":null,"yoast_head":"<!-- This site is optimized with the Yoast SEO plugin v25.4 - https:\/\/yoast.com\/wordpress\/plugins\/seo\/ -->\n<title>\u25b7 Come visualizzare il righello in Excel? (Tutorial 2023)<\/title>\n<meta name=\"description\" content=\"In Excel, c&#039;\u00e8 un&#039;opzione per visualizzare un righello attorno a righe e colonne che pu\u00f2 aiutarti ad allineare oggetti come\" \/>\n<meta name=\"robots\" content=\"index, follow, max-snippet:-1, max-image-preview:large, max-video-preview:-1\" \/>\n<link rel=\"canonical\" href=\"https:\/\/exceladvisor.org\/it\/governate\/\" \/>\n<meta property=\"og:locale\" content=\"it_IT\" \/>\n<meta property=\"og:type\" content=\"article\" \/>\n<meta property=\"og:title\" content=\"\u25b7 Come visualizzare il righello in Excel? (Tutorial 2023)\" \/>\n<meta property=\"og:description\" content=\"In Excel, c&#039;\u00e8 un&#039;opzione per visualizzare un righello attorno a righe e colonne che pu\u00f2 aiutarti ad allineare oggetti come\" \/>\n<meta property=\"og:url\" content=\"https:\/\/exceladvisor.org\/it\/governate\/\" \/>\n<meta property=\"og:site_name\" content=\"Excel Advisor\" \/>\n<meta property=\"article:modified_time\" content=\"2023-12-10T06:27:07+00:00\" \/>\n<meta property=\"og:image\" content=\"https:\/\/exceladvisor.org\/wp-content\/uploads\/2023\/08\/1-regle-autour-des-lignes-colonnes.png\" \/>\n<meta name=\"twitter:card\" content=\"summary_large_image\" \/>\n<meta name=\"twitter:label1\" content=\"Tempo di lettura stimato\" \/>\n\t<meta name=\"twitter:data1\" content=\"1 minuto\" \/>\n<script type=\"application\/ld+json\" class=\"yoast-schema-graph\">{\"@context\":\"https:\/\/schema.org\",\"@graph\":[{\"@type\":\"WebPage\",\"@id\":\"https:\/\/exceladvisor.org\/it\/governate\/\",\"url\":\"https:\/\/exceladvisor.org\/it\/governate\/\",\"name\":\"\u25b7 Come visualizzare il righello in Excel? (Tutorial 2023)\",\"isPartOf\":{\"@id\":\"https:\/\/exceladvisor.org\/it\/#website\"},\"primaryImageOfPage\":{\"@id\":\"https:\/\/exceladvisor.org\/it\/governate\/#primaryimage\"},\"image\":{\"@id\":\"https:\/\/exceladvisor.org\/it\/governate\/#primaryimage\"},\"thumbnailUrl\":\"https:\/\/exceladvisor.org\/wp-content\/uploads\/2023\/08\/1-regle-autour-des-lignes-colonnes.png\",\"datePublished\":\"2023-09-25T21:58:39+00:00\",\"dateModified\":\"2023-12-10T06:27:07+00:00\",\"description\":\"In Excel, c&#39;\u00e8 un&#39;opzione per visualizzare un righello attorno a righe e colonne che pu\u00f2 aiutarti ad allineare oggetti come\",\"breadcrumb\":{\"@id\":\"https:\/\/exceladvisor.org\/it\/governate\/#breadcrumb\"},\"inLanguage\":\"it-IT\",\"potentialAction\":[{\"@type\":\"ReadAction\",\"target\":[\"https:\/\/exceladvisor.org\/it\/governate\/\"]}]},{\"@type\":\"ImageObject\",\"inLanguage\":\"it-IT\",\"@id\":\"https:\/\/exceladvisor.org\/it\/governate\/#primaryimage\",\"url\":\"https:\/\/exceladvisor.org\/wp-content\/uploads\/2023\/08\/1-regle-autour-des-lignes-colonnes.png\",\"contentUrl\":\"https:\/\/exceladvisor.org\/wp-content\/uploads\/2023\/08\/1-regle-autour-des-lignes-colonnes.png\"},{\"@type\":\"BreadcrumbList\",\"@id\":\"https:\/\/exceladvisor.org\/it\/governate\/#breadcrumb\",\"itemListElement\":[{\"@type\":\"ListItem\",\"position\":1,\"name\":\"Home\",\"item\":\"https:\/\/exceladvisor.org\/it\/\"},{\"@type\":\"ListItem\",\"position\":2,\"name\":\"Come visualizzare il righello in excel?\"}]},{\"@type\":\"WebSite\",\"@id\":\"https:\/\/exceladvisor.org\/it\/#website\",\"url\":\"https:\/\/exceladvisor.org\/it\/\",\"name\":\"Excel Advisor\",\"description\":\"Tips, Tricks, and Time-Saving Hacks\",\"publisher\":{\"@id\":\"https:\/\/exceladvisor.org\/it\/#organization\"},\"potentialAction\":[{\"@type\":\"SearchAction\",\"target\":{\"@type\":\"EntryPoint\",\"urlTemplate\":\"https:\/\/exceladvisor.org\/it\/?s={search_term_string}\"},\"query-input\":{\"@type\":\"PropertyValueSpecification\",\"valueRequired\":true,\"valueName\":\"search_term_string\"}}],\"inLanguage\":\"it-IT\"},{\"@type\":\"Organization\",\"@id\":\"https:\/\/exceladvisor.org\/it\/#organization\",\"name\":\"Excel Advisor\",\"url\":\"https:\/\/exceladvisor.org\/it\/\",\"logo\":{\"@type\":\"ImageObject\",\"inLanguage\":\"it-IT\",\"@id\":\"https:\/\/exceladvisor.org\/it\/#\/schema\/logo\/image\/\",\"url\":\"https:\/\/exceladvisor.org\/it\/wp-content\/uploads\/2023\/12\/exceladvisor.org_.png\",\"contentUrl\":\"https:\/\/exceladvisor.org\/it\/wp-content\/uploads\/2023\/12\/exceladvisor.org_.png\",\"width\":105,\"height\":36,\"caption\":\"Excel Advisor\"},\"image\":{\"@id\":\"https:\/\/exceladvisor.org\/it\/#\/schema\/logo\/image\/\"}}]}<\/script>\n<!-- \/ Yoast SEO plugin. -->","yoast_head_json":{"title":"\u25b7 Come visualizzare il righello in Excel? (Tutorial 2023)","description":"In Excel, c&#39;\u00e8 un&#39;opzione per visualizzare un righello attorno a righe e colonne che pu\u00f2 aiutarti ad allineare oggetti come","robots":{"index":"index","follow":"follow","max-snippet":"max-snippet:-1","max-image-preview":"max-image-preview:large","max-video-preview":"max-video-preview:-1"},"canonical":"https:\/\/exceladvisor.org\/it\/governate\/","og_locale":"it_IT","og_type":"article","og_title":"\u25b7 Come visualizzare il righello in Excel? (Tutorial 2023)","og_description":"In Excel, c&#39;\u00e8 un&#39;opzione per visualizzare un righello attorno a righe e colonne che pu\u00f2 aiutarti ad allineare oggetti come","og_url":"https:\/\/exceladvisor.org\/it\/governate\/","og_site_name":"Excel Advisor","article_modified_time":"2023-12-10T06:27:07+00:00","og_image":[{"url":"https:\/\/exceladvisor.org\/wp-content\/uploads\/2023\/08\/1-regle-autour-des-lignes-colonnes.png","type":"","width":"","height":""}],"twitter_card":"summary_large_image","twitter_misc":{"Tempo di lettura stimato":"1 minuto"},"schema":{"@context":"https:\/\/schema.org","@graph":[{"@type":"WebPage","@id":"https:\/\/exceladvisor.org\/it\/governate\/","url":"https:\/\/exceladvisor.org\/it\/governate\/","name":"\u25b7 Come visualizzare il righello in Excel? (Tutorial 2023)","isPartOf":{"@id":"https:\/\/exceladvisor.org\/it\/#website"},"primaryImageOfPage":{"@id":"https:\/\/exceladvisor.org\/it\/governate\/#primaryimage"},"image":{"@id":"https:\/\/exceladvisor.org\/it\/governate\/#primaryimage"},"thumbnailUrl":"https:\/\/exceladvisor.org\/wp-content\/uploads\/2023\/08\/1-regle-autour-des-lignes-colonnes.png","datePublished":"2023-09-25T21:58:39+00:00","dateModified":"2023-12-10T06:27:07+00:00","description":"In Excel, c&#39;\u00e8 un&#39;opzione per visualizzare un righello attorno a righe e colonne che pu\u00f2 aiutarti ad allineare oggetti come","breadcrumb":{"@id":"https:\/\/exceladvisor.org\/it\/governate\/#breadcrumb"},"inLanguage":"it-IT","potentialAction":[{"@type":"ReadAction","target":["https:\/\/exceladvisor.org\/it\/governate\/"]}]},{"@type":"ImageObject","inLanguage":"it-IT","@id":"https:\/\/exceladvisor.org\/it\/governate\/#primaryimage","url":"https:\/\/exceladvisor.org\/wp-content\/uploads\/2023\/08\/1-regle-autour-des-lignes-colonnes.png","contentUrl":"https:\/\/exceladvisor.org\/wp-content\/uploads\/2023\/08\/1-regle-autour-des-lignes-colonnes.png"},{"@type":"BreadcrumbList","@id":"https:\/\/exceladvisor.org\/it\/governate\/#breadcrumb","itemListElement":[{"@type":"ListItem","position":1,"name":"Home","item":"https:\/\/exceladvisor.org\/it\/"},{"@type":"ListItem","position":2,"name":"Come visualizzare il righello in excel?"}]},{"@type":"WebSite","@id":"https:\/\/exceladvisor.org\/it\/#website","url":"https:\/\/exceladvisor.org\/it\/","name":"Excel Advisor","description":"Tips, Tricks, and Time-Saving Hacks","publisher":{"@id":"https:\/\/exceladvisor.org\/it\/#organization"},"potentialAction":[{"@type":"SearchAction","target":{"@type":"EntryPoint","urlTemplate":"https:\/\/exceladvisor.org\/it\/?s={search_term_string}"},"query-input":{"@type":"PropertyValueSpecification","valueRequired":true,"valueName":"search_term_string"}}],"inLanguage":"it-IT"},{"@type":"Organization","@id":"https:\/\/exceladvisor.org\/it\/#organization","name":"Excel Advisor","url":"https:\/\/exceladvisor.org\/it\/","logo":{"@type":"ImageObject","inLanguage":"it-IT","@id":"https:\/\/exceladvisor.org\/it\/#\/schema\/logo\/image\/","url":"https:\/\/exceladvisor.org\/it\/wp-content\/uploads\/2023\/12\/exceladvisor.org_.png","contentUrl":"https:\/\/exceladvisor.org\/it\/wp-content\/uploads\/2023\/12\/exceladvisor.org_.png","width":105,"height":36,"caption":"Excel Advisor"},"image":{"@id":"https:\/\/exceladvisor.org\/it\/#\/schema\/logo\/image\/"}}]}},"yoast_meta":{"yoast_wpseo_title":"","yoast_wpseo_metadesc":"","yoast_wpseo_canonical":""},"_links":{"self":[{"href":"https:\/\/exceladvisor.org\/it\/wp-json\/wp\/v2\/pages\/2179","targetHints":{"allow":["GET"]}}],"collection":[{"href":"https:\/\/exceladvisor.org\/it\/wp-json\/wp\/v2\/pages"}],"about":[{"href":"https:\/\/exceladvisor.org\/it\/wp-json\/wp\/v2\/types\/page"}],"author":[{"embeddable":true,"href":"https:\/\/exceladvisor.org\/it\/wp-json\/wp\/v2\/users\/1"}],"replies":[{"embeddable":true,"href":"https:\/\/exceladvisor.org\/it\/wp-json\/wp\/v2\/comments?post=2179"}],"version-history":[{"count":1,"href":"https:\/\/exceladvisor.org\/it\/wp-json\/wp\/v2\/pages\/2179\/revisions"}],"predecessor-version":[{"id":2870,"href":"https:\/\/exceladvisor.org\/it\/wp-json\/wp\/v2\/pages\/2179\/revisions\/2870"}],"wp:attachment":[{"href":"https:\/\/exceladvisor.org\/it\/wp-json\/wp\/v2\/media?parent=2179"}],"curies":[{"name":"wp","href":"https:\/\/api.w.org\/{rel}","templated":true}]}}