{"id":2187,"date":"2023-09-25T17:53:11","date_gmt":"2023-09-25T17:53:11","guid":{"rendered":"https:\/\/exceladvisor.org\/it\/commento\/"},"modified":"2023-12-10T06:19:57","modified_gmt":"2023-12-10T06:19:57","slug":"commento","status":"publish","type":"page","link":"https:\/\/exceladvisor.org\/it\/commento\/","title":{"rendered":"Come aggiungere un commento nel codice vba?"},"content":{"rendered":"<div class=\"excel-prima-del-contenuto\" id=\"excel-1171115593\"><script type=\"text\/javascript\">\r\n\tatOptions = {\r\n\t\t'key' : 'c1158f160081d6540a8409e6925dab94',\r\n\t\t'format' : 'iframe',\r\n\t\t'height' : 250,\r\n\t\t'width' : 300,\r\n\t\t'params' : {}\r\n\t};\r\n<\/script>\r\n<script type=\"text\/javascript\" src=\"\/\/www.highperformanceformat.com\/c1158f160081d6540a8409e6925dab94\/invoke.js\"><\/script><\/div> <p>Una volta che inizi a scrivere codici VBA, c&#8217;\u00e8 una cosa importante che devi imparare e cio\u00e8 l&#8217;uso dei COMMENTI nei tuoi codici VBA.<\/p><p> Il fatto \u00e8 che usare VBA COMMENT \u00e8 abbastanza facile e semplice, l&#8217;unica cosa che devi imparare \u00e8 farlo in modo efficiente.<\/p><p> Quindi oggi condivider\u00f2 con te tutti i dettagli sull&#8217;utilizzo dei commenti in VBA e tutte le opzioni ad esso correlate.<\/p><h2 id=\"tab-con-10\" class=\"wp-block-heading\"> Cos&#8217;\u00e8 un commento VBA<\/h2><p> UN COMMENTO VBA \u00e8 una riga di testo verde che ti aiuta a descrivere il codice scritto. In poche parole, un commento \u00e8 una riga di testo che non \u00e8 codice e VBA la ignora durante l&#8217;esecuzione del codice. \u00c8 una buona pratica (direi una delle migliori) aggiungere commenti nei tuoi codici VBA. <\/p><div id=\"ub-styled-box-0eaeb4ca-267a-41e0-a8dc-3b1340001037\" class=\"ub-styled-box ub-bordered-box\"><h2 class=\"wp-block-heading\"> (Video) Comprensione dei commenti VBA<\/h2><div class=\"adthrive-video-player in-post\" data-video-id=\"qWDYi2Qt\" data-player-type=\"default\"><\/div><\/div><div class=\"wp-block-image\"><figure class=\"aligncenter is-resized\"><img loading=\"lazy\" decoding=\"async\" src=\"https:\/\/exceladvisor.org\/wp-content\/uploads\/2023\/08\/2-etapes-pour-ajouter-un-commentaire-vba.png\" sizes=\"auto, \" srcset=\"\" alt=\"passaggi per aggiungere un commento vba\" width=\"402\" height=\"194\"><\/figure><\/div><h2 id=\"tab-con-1\" class=\"wp-block-heading\"> Vantaggi dell&#8217;utilizzo di un commento<\/h2><p> Come ho detto, commentare nel codice VBA \u00e8 una delle migliori pratiche e ci sono alcuni vantaggi che ne derivano.<\/p><ul><li> <strong>Ti aiuta a documentare il tuo lavoro<\/strong> : puoi utilizzare un commento per descrivere come funziona il codice, il che pu\u00f2 aiutare te o qualsiasi altro utente a ricordartelo facilmente in futuro.<\/li><li> <strong>Tieni traccia delle modifiche<\/strong> : se alcuni codici richiedono modifiche frequenti, puoi utilizzare i commenti per tenere traccia o salvare le modifiche nel codice.<\/li><li> <strong>Descrivi una procedura di funzione<\/strong> : quando scrivi una procedura, puoi aggiungere un commento all&#8217;inizio per descrivere lo scopo di quella procedura e come funziona.<\/li><li> <strong>Descrivi una variabile<\/strong> : le variabili sono una delle cose pi\u00f9 importanti che devi utilizzare quando scrivi codice VBA e puoi utilizzare un commento per descrivere una variabile.<\/li><li> <strong>Debug del codice<\/strong> : puoi utilizzare i commenti VBA per eseguire il debug del codice convertendo righe di codice in commenti da testare.<\/li><\/ul><h2 id=\"tab-con-2\" class=\"wp-block-heading\"> Aggiungi un commento nel codice VBA<\/h2><p> Passaggi per aggiungere un commento nel codice VBA:<\/p><ol><li> Per prima cosa, <strong>fai clic sulla riga<\/strong> in cui desideri inserire il commento.<\/li><li> Successivamente, <strong>digita un APOSTROFO<\/strong> usando il tasto sulla tastiera.<\/li><li> Successivamente, <strong>digita il commento<\/strong> che desideri aggiungere al codice.<\/li><li> Alla fine, <strong>premi Invio<\/strong> per passare alla nuova riga e il commento diventer\u00e0 verde. <\/li><\/ol><div class=\"wp-block-image\"><figure class=\"aligncenter is-resized\"><img loading=\"lazy\" decoding=\"async\" src=\"https:\/\/exceladvisor.org\/wp-content\/uploads\/2023\/08\/2-etapes-pour-ajouter-un-commentaire-vba.png\" sizes=\"auto, \" srcset=\"\" alt=\"passaggi per aggiungere un commento vba\" width=\"391\" height=\"189\"><\/figure><\/div><p> Nel momento in cui lo fai, l&#8217;intera riga di codice diventer\u00e0 verde, il che significa che quella riga ora \u00e8 un commento. Se guardi il codice qui sotto dove ho usato un commento per aggiungere una descrizione della procedura.<\/p><p> Devi solo aggiungere un apostrofo prima di trasformarlo in un commento e VBA lo ignorer\u00e0 durante l&#8217;esecuzione del codice.<\/p><h2 id=\"tab-con-3\" class=\"wp-block-heading\"> Utilizza il pulsante Commenta\/Decommenta sulla barra degli strumenti<\/h2><p> Il secondo metodo consiste nell&#8217;utilizzare il pulsante del blocco commenti sulla barra degli strumenti. Questo pulsante aggiunge semplicemente un apostrofo all&#8217;inizio di una riga.<\/p><p> Per utilizzare questo pulsante \u00e8 necessario prima <strong>selezionare la riga<\/strong> di codice quindi <strong>fare clic sul pulsante<\/strong> . <\/p><div class=\"wp-block-image\"><figure class=\"aligncenter is-resized\"><img loading=\"lazy\" decoding=\"async\" src=\"https:\/\/exceladvisor.org\/wp-content\/uploads\/2023\/08\/3-etapes-pour-ajouter-un-commentaire-vba.png\" sizes=\"auto, \" srcset=\"\" alt=\"passaggi per aggiungere un commento vba\" width=\"470\" height=\"319\"><\/figure><\/div><p> Accanto al pulsante Commento, c&#8217;\u00e8 un altro pulsante \u201cRimuovi commento\u201d che puoi utilizzare per rimuovere il commento da una riga (questo pulsante rimuove semplicemente l&#8217;apostrofo dalla riga di codice).<\/p><h2 id=\"tab-con-4\" class=\"wp-block-heading\"> Inserisci un commento VBA su pi\u00f9 righe<\/h2><p> In alcuni casi potrebbe essere necessario inserire un commento su pi\u00f9 righe, ad esempio in un blocco di commenti.<\/p><p> <strong><span style=\"background-color: #fff44f;\">Ma ecco<\/span><\/strong> una cosa che dovresti notare, ogni riga di commento deve iniziare con un apostrofo, quindi se vuoi aggiungere pi\u00f9 righe di commento, ogni riga deve avere un APOSTROFO.<\/p><p> Il modo pi\u00f9 semplice \u00e8 selezionare tutte le righe quindi utilizzare il pulsante dei commenti sulla barra degli strumenti oppure aggiungere un APOSTROFO all&#8217;inizio di ogni riga. <\/p><div class=\"wp-block-image\"><figure class=\"aligncenter is-resized\"><img loading=\"lazy\" decoding=\"async\" src=\"https:\/\/exceladvisor.org\/wp-content\/uploads\/2023\/08\/4-entrez-un-commentaire-vba-multi-lignes.png\" sizes=\"auto, \" srcset=\"\" alt=\"inserisci-commento-vba-multi-linea\" width=\"508\" height=\"312\"><\/figure><\/div><p> Nel momento in cui fai clic sul pulsante del commento, tutte le righe verranno convertite in un blocco di commenti su pi\u00f9 righe. <\/p><div class=\"wp-block-image\"><figure class=\"aligncenter is-resized\"><img loading=\"lazy\" decoding=\"async\" src=\"https:\/\/exceladvisor.org\/wp-content\/uploads\/2023\/08\/5-blocs-de-commentaires-vba-multi-lignes.png\" sizes=\"auto, \" srcset=\"\" alt=\"Blocco commenti su pi\u00f9 righe vba\" width=\"494\" height=\"297\"><\/figure><\/div><p class=\"qt-tip\"> <strong>Aggiornamento:<\/strong> c&#8217;\u00e8 una cosa che ho scoperto di recente se hai un blocco di riga di commento (continuo) puoi utilizzare un carattere di continuazione della riga (un carattere di sottolineatura deve essere immediatamente preceduto da uno spazio). <\/p><div class=\"wp-block-image\"><figure class=\"aligncenter is-resized\"><img loading=\"lazy\" decoding=\"async\" src=\"https:\/\/exceladvisor.org\/wp-content\/uploads\/2023\/08\/6-commentaire-vba-avec-saut-de-ligne.png\" sizes=\"auto, \" srcset=\"\" alt=\"vba-commento-con-interruzione di riga\" width=\"524\" height=\"313\"><\/figure><\/div><p> Nell&#8217;esempio sopra ho usato un apostrofo solo all&#8217;inizio della prima riga del commento, le altre due righe non hanno un apostrofo ma ho usato il carattere di continuazione della riga per dare una riga di interruzione alla fine della prima riga e la seconda riga.<\/p><h2 id=\"tab-con-12\" class=\"wp-block-heading\"> Utilizzare la parola chiave &#8220;REM&#8221; per inserire un commento in VBA<\/h2><p> Questo \u00e8 il terzo modo per inserire un commento nel codice VBA. Bene, questo non \u00e8 un modo popolare, ma puoi comunque usarlo. Quindi, invece di usare un apostrofo, puoi usare la <strong>parola chiave REM<\/strong> all&#8217;inizio di una riga di commento.<\/p><p> REM sta per osservazioni. <\/p><div class=\"wp-block-image\"><figure class=\"aligncenter is-resized\"><img loading=\"lazy\" decoding=\"async\" src=\"https:\/\/exceladvisor.org\/wp-content\/uploads\/2023\/08\/7-commentaire-vba-avec-rem.png\" sizes=\"auto, \" srcset=\"\" alt=\"vba-commento-con-rem\" width=\"466\" height=\"187\"><\/figure><\/div><p> Ora, nell&#8217;esempio sopra, ho usato &#8220;REM&#8221; all&#8217;inizio della riga di codice e poi nella riga di codice. Ma non esiste un pulsante per aggiungere REM, devi toccarlo.<\/p><h2 id=\"tab-con-5\" class=\"wp-block-heading\"> Feedback durante la registrazione di una macro con Macro Recorder<\/h2><p> Quando <a href=\"https:\/\/exceladvisor.org\/it\/registrare-una-macro\/\">registri il codice macro<\/a> utilizzando il Registratore macro, hai la possibilit\u00e0 di aggiungere una descrizione prima di salvarlo.<\/p><p> Pertanto, quando apri la finestra di dialogo di registrazione macro, \u00e8 presente una casella di input &#8220;Descrizione&#8221; in cui puoi aggiungere il tuo commento e quindi avviare la registrazione. <\/p><div class=\"wp-block-image\"><figure class=\"aligncenter is-resized\"><img loading=\"lazy\" decoding=\"async\" src=\"https:\/\/exceladvisor.org\/wp-content\/uploads\/2023\/08\/15-enregistreur-de-macros-de-commentaires-vba.png\" sizes=\"auto, \" srcset=\"\" alt=\"vba-come-registratore-macro\" width=\"445\" height=\"358\"><\/figure><\/div><p> E quando apri VBE per vedere il codice salvato, puoi vedere il codice che hai commentato.<\/p><p> Quando aggiungi un commento durante la registrazione di una macro, VBA aggiunge alcune virgolette come commenti vuoti. <\/p><div class=\"wp-block-image\"><figure class=\"aligncenter is-resized\"><img loading=\"lazy\" decoding=\"async\" src=\"https:\/\/exceladvisor.org\/wp-content\/uploads\/2023\/08\/16-commentaire-vba-dans-la-macro-enregistree.png\" sizes=\"auto, \" srcset=\"\" alt=\"vba-commento-nella-macro-salvata\" width=\"450\" height=\"205\"><\/figure><\/div><h2 id=\"tab-con-6\" class=\"wp-block-heading\"> Inserisci un commento nella stessa riga<\/h2><p> Questo \u00e8 un modo piuttosto intelligente per utilizzare un commento nella stessa riga in cui hai scritto il codice. Nell&#8217;esempio seguente, puoi vedere che ho tre righe di codice, in cui ho aggiunto commenti dopo ogni riga per descriverla. <\/p><div class=\"wp-block-image\"><figure class=\"aligncenter is-resized\"><img loading=\"lazy\" decoding=\"async\" src=\"https:\/\/exceladvisor.org\/wp-content\/uploads\/2023\/08\/8-commentaire-vba-dans-la-meme-ligne.png\" sizes=\"auto, \" srcset=\"\" alt=\"vba-commento-nella-stessa-riga\" width=\"539\" height=\"356\"><\/figure><\/div><p> Quindi, una volta terminata una riga di codice, puoi inserire un commento successivo nella stessa riga.<\/p><h2 id=\"tab-con-7\" class=\"wp-block-heading\"> Tasto di scelta rapida per aggiungere un commento<\/h2><p> In realt\u00e0, non esiste una scorciatoia da tastiera (predefinita) da utilizzare per inserire un commento. Ma <a style=\"outline: none;\" href=\"https:\/\/stackoverflow.com\/users\/3405287\/gauravsingh\" target=\"_blank\" rel=\"nofollow noopener noreferrer\">grazie a Stackoverflow<\/a> ho trovato il modo di creare un tasto di scelta rapida per inserire un apostrofo.<\/p><p> Seguire i passaggi seguenti:<\/p><ul><li> Innanzitutto, fai clic con il pulsante destro del mouse sulla barra degli strumenti, quindi fai clic sull&#8217;opzione di personalizzazione. <br><figure><img loading=\"lazy\" decoding=\"async\" title=\"Fare clic su Personalizza\" src=\"https:\/\/exceladvisor.org\/wp-content\/uploads\/2023\/08\/9-raccourci-de-commentaire-vba-cliquez-sur-personnaliser.png\" sizes=\"auto, \" srcset=\"\" alt=\"vba-comment-shortcut-click-customize\" width=\"327\" height=\"216\"><\/figure><\/li><li> Nella finestra di dialogo di personalizzazione, vai su Comando-Scheda \u279c Modifica \u279c seleziona il blocco commenti e trascinalo sulla barra degli strumenti. <br><figure><img loading=\"lazy\" decoding=\"async\" title=\"Trascina e rilascia il pulsante dei commenti\" src=\"https:\/\/exceladvisor.org\/wp-content\/uploads\/2023\/08\/10-raccourci-de-commentaire-vba-ajouter-un-bouton-de-commentaire.png\" sizes=\"auto, \" srcset=\"\" alt=\"\" width=\"334\" height=\"338\"><\/figure><\/li><li> Successivamente, seleziona l&#8217;icona del blocco commenti, come sotto e fai clic con il pulsante destro del mouse su di essa, quindi inserisci &#8220;&amp;&#8221; prima del nome. Quindi dovrebbe assomigliare a &#8220;&amp;Pulsante Commento&#8221;. <br><figure><img loading=\"lazy\" decoding=\"async\" title=\"Rinominare il nome del pulsante\" src=\"https:\/\/exceladvisor.org\/wp-content\/uploads\/2023\/08\/11-renommer-le-raccourci-de-commentaire-vba.png\" sizes=\"auto, \" srcset=\"\" alt=\"\" width=\"409\" height=\"452\"><\/figure><\/li><li> Ora fai nuovamente clic con il pulsante destro del mouse e seleziona &#8220;Immagine e testo&#8221;, quindi torna all&#8217;editor di Visual Basic. <br><figure><img loading=\"lazy\" decoding=\"async\" title=\"Fare clic con il tasto destro sul pulsante\" src=\"https:\/\/exceladvisor.org\/wp-content\/uploads\/2023\/08\/12-image-et-texte-de-raccourci-de-commentaire-vba.png\" sizes=\"auto, \" srcset=\"\" alt=\"\" width=\"452\" height=\"373\"><\/figure><\/li><\/ul><p> Ora puoi convertire una riga in un commento utilizzando la <strong>scorciatoia da tastiera Alt+C<\/strong> . E se desideri creare un tasto di scelta rapida per il pulsante Elimina commento, puoi semplicemente utilizzare i passaggi precedenti per aggiungere il pulsante Elimina commento alla barra degli strumenti e il tasto di scelta rapida corrispondente sar\u00e0 Alt + U .<\/p><h2 id=\"tab-con-8\" class=\"wp-block-heading\"> Cambia il formato<\/h2><p> VBA ti d\u00e0 la possibilit\u00e0 di modificare il formato del commento se lo desideri. In Strumenti \u279c Opzioni \u279c Editor formato, fare clic sul testo del commento. <\/p><div class=\"wp-block-image\"><figure class=\"aligncenter is-resized\"><img loading=\"lazy\" decoding=\"async\" src=\"https:\/\/exceladvisor.org\/wp-content\/uploads\/2023\/08\/13-changer-le-format-du-commentaire-vba.png\" sizes=\"auto, \" srcset=\"\" alt=\"cambiare il formato del commento vba\" width=\"492\" height=\"299\"><\/figure><\/div><p> Come puoi vedere, ho cambiato il colore del testo del commento da verde a blu. Ora tutti i commenti che ho nella finestra del codice sono blu. <\/p><div class=\"wp-block-image\"><figure class=\"aligncenter is-resized\"><img loading=\"lazy\" decoding=\"async\" src=\"https:\/\/exceladvisor.org\/wp-content\/uploads\/2023\/08\/14-commentaire-vba-avec-une-couleur-de-police-bleue.png\" sizes=\"auto, \" srcset=\"\" alt=\"commento-vba-con-colore-carattere-blu\" width=\"496\" height=\"237\"><\/figure><\/div><div class=\"gb-container gb-container-4db6181c gb-container-mt\"> <a class=\"gb-button gb-button-c5897111 gb-button-text gb-button-mt-button\" href=\"https:\/\/exceladvisor.org\/it\/vba\/\">Cos&#8217;\u00e8 VBA<\/a><h2 class=\"gb-headline gb-headline-665e5f6b gb-headline-text gb-headline-mt-heading\"> Tutorial correlati <\/h2><div class=\"gb-grid-wrapper gb-grid-wrapper-a20baf7c gb-grid-wrapper-mt-grid\"><div class=\"gb-grid-column gb-grid-column-65ddf67e\"><div class=\"gb-container gb-container-65ddf67e\"><ul><li> <a href=\"https:\/\/exceladvisor.org\/it\/domande-di-unintervista\/\">Domande per l&#8217;intervista VBA<\/a><\/li><li> <a href=\"https:\/\/exceladvisor.org\/it\/interruzione-di-linea\/\">Aggiungi un&#8217;interruzione di riga nel codice VBA<\/a><\/li><li> <a href=\"https:\/\/exceladvisor.org\/it\/nuova-linea\/\">Aggiungi una nuova riga (ritorno a capo) in una stringa in VBA<\/a><\/li><li> <a href=\"https:\/\/exceladvisor.org\/it\/eseguire-una-macro-2\/\">Esegui una macro in Excel (esegui codice VBA)<\/a><\/li><li> <a href=\"https:\/\/exceladvisor.org\/it\/quaderno-macro-personale\/\">Cartella di lavoro macro personale (personal.xlsb)<\/a> <\/li><\/ul><\/div><\/div><div class=\"gb-grid-column gb-grid-column-50067b57\"><div class=\"gb-container gb-container-50067b57\"><\/div><\/div><\/div><\/div>","protected":false},"excerpt":{"rendered":"","protected":false},"author":1,"featured_media":0,"parent":0,"menu_order":0,"comment_status":"open","ping_status":"closed","template":"","meta":{"ub_ctt_via":"","footnotes":""},"class_list":["post-2187","page","type-page","status-publish","hentry"],"featured_image_src":null,"yoast_head":"<!-- This site is optimized with the Yoast SEO plugin v25.4 - https:\/\/yoast.com\/wordpress\/plugins\/seo\/ -->\n<title>\u25b7 Come aggiungere un commento nel codice VBA?<\/title>\n<meta name=\"description\" content=\"Questo tutorial ti aiuter\u00e0 a imparare tutti i modi possibili per aggiungere un commento in un codice VBA e ti aiuter\u00e0 anche\" \/>\n<meta name=\"robots\" content=\"index, follow, max-snippet:-1, max-image-preview:large, max-video-preview:-1\" \/>\n<link rel=\"canonical\" href=\"https:\/\/exceladvisor.org\/it\/commento\/\" \/>\n<meta property=\"og:locale\" content=\"it_IT\" \/>\n<meta property=\"og:type\" content=\"article\" \/>\n<meta property=\"og:title\" content=\"\u25b7 Come aggiungere un commento nel codice VBA?\" \/>\n<meta property=\"og:description\" content=\"Questo tutorial ti aiuter\u00e0 a imparare tutti i modi possibili per aggiungere un commento in un codice VBA e ti aiuter\u00e0 anche\" \/>\n<meta property=\"og:url\" content=\"https:\/\/exceladvisor.org\/it\/commento\/\" \/>\n<meta property=\"og:site_name\" content=\"Excel Advisor\" \/>\n<meta property=\"article:modified_time\" content=\"2023-12-10T06:19:57+00:00\" \/>\n<meta property=\"og:image\" content=\"https:\/\/exceladvisor.org\/wp-content\/uploads\/2023\/08\/2-etapes-pour-ajouter-un-commentaire-vba.png\" \/>\n<meta name=\"twitter:card\" content=\"summary_large_image\" \/>\n<meta name=\"twitter:label1\" content=\"Tempo di lettura stimato\" \/>\n\t<meta name=\"twitter:data1\" content=\"6 minuti\" \/>\n<script type=\"application\/ld+json\" class=\"yoast-schema-graph\">{\"@context\":\"https:\/\/schema.org\",\"@graph\":[{\"@type\":\"WebPage\",\"@id\":\"https:\/\/exceladvisor.org\/it\/commento\/\",\"url\":\"https:\/\/exceladvisor.org\/it\/commento\/\",\"name\":\"\u25b7 Come aggiungere un commento nel codice VBA?\",\"isPartOf\":{\"@id\":\"https:\/\/exceladvisor.org\/it\/#website\"},\"primaryImageOfPage\":{\"@id\":\"https:\/\/exceladvisor.org\/it\/commento\/#primaryimage\"},\"image\":{\"@id\":\"https:\/\/exceladvisor.org\/it\/commento\/#primaryimage\"},\"thumbnailUrl\":\"https:\/\/exceladvisor.org\/wp-content\/uploads\/2023\/08\/2-etapes-pour-ajouter-un-commentaire-vba.png\",\"datePublished\":\"2023-09-25T17:53:11+00:00\",\"dateModified\":\"2023-12-10T06:19:57+00:00\",\"description\":\"Questo tutorial ti aiuter\u00e0 a imparare tutti i modi possibili per aggiungere un commento in un codice VBA e ti aiuter\u00e0 anche\",\"breadcrumb\":{\"@id\":\"https:\/\/exceladvisor.org\/it\/commento\/#breadcrumb\"},\"inLanguage\":\"it-IT\",\"potentialAction\":[{\"@type\":\"ReadAction\",\"target\":[\"https:\/\/exceladvisor.org\/it\/commento\/\"]}]},{\"@type\":\"ImageObject\",\"inLanguage\":\"it-IT\",\"@id\":\"https:\/\/exceladvisor.org\/it\/commento\/#primaryimage\",\"url\":\"https:\/\/exceladvisor.org\/wp-content\/uploads\/2023\/08\/2-etapes-pour-ajouter-un-commentaire-vba.png\",\"contentUrl\":\"https:\/\/exceladvisor.org\/wp-content\/uploads\/2023\/08\/2-etapes-pour-ajouter-un-commentaire-vba.png\"},{\"@type\":\"BreadcrumbList\",\"@id\":\"https:\/\/exceladvisor.org\/it\/commento\/#breadcrumb\",\"itemListElement\":[{\"@type\":\"ListItem\",\"position\":1,\"name\":\"Home\",\"item\":\"https:\/\/exceladvisor.org\/it\/\"},{\"@type\":\"ListItem\",\"position\":2,\"name\":\"Come aggiungere un commento nel codice vba?\"}]},{\"@type\":\"WebSite\",\"@id\":\"https:\/\/exceladvisor.org\/it\/#website\",\"url\":\"https:\/\/exceladvisor.org\/it\/\",\"name\":\"Excel Advisor\",\"description\":\"Tips, Tricks, and Time-Saving Hacks\",\"publisher\":{\"@id\":\"https:\/\/exceladvisor.org\/it\/#organization\"},\"potentialAction\":[{\"@type\":\"SearchAction\",\"target\":{\"@type\":\"EntryPoint\",\"urlTemplate\":\"https:\/\/exceladvisor.org\/it\/?s={search_term_string}\"},\"query-input\":{\"@type\":\"PropertyValueSpecification\",\"valueRequired\":true,\"valueName\":\"search_term_string\"}}],\"inLanguage\":\"it-IT\"},{\"@type\":\"Organization\",\"@id\":\"https:\/\/exceladvisor.org\/it\/#organization\",\"name\":\"Excel Advisor\",\"url\":\"https:\/\/exceladvisor.org\/it\/\",\"logo\":{\"@type\":\"ImageObject\",\"inLanguage\":\"it-IT\",\"@id\":\"https:\/\/exceladvisor.org\/it\/#\/schema\/logo\/image\/\",\"url\":\"https:\/\/exceladvisor.org\/it\/wp-content\/uploads\/2023\/12\/exceladvisor.org_.png\",\"contentUrl\":\"https:\/\/exceladvisor.org\/it\/wp-content\/uploads\/2023\/12\/exceladvisor.org_.png\",\"width\":105,\"height\":36,\"caption\":\"Excel Advisor\"},\"image\":{\"@id\":\"https:\/\/exceladvisor.org\/it\/#\/schema\/logo\/image\/\"}}]}<\/script>\n<!-- \/ Yoast SEO plugin. -->","yoast_head_json":{"title":"\u25b7 Come aggiungere un commento nel codice VBA?","description":"Questo tutorial ti aiuter\u00e0 a imparare tutti i modi possibili per aggiungere un commento in un codice VBA e ti aiuter\u00e0 anche","robots":{"index":"index","follow":"follow","max-snippet":"max-snippet:-1","max-image-preview":"max-image-preview:large","max-video-preview":"max-video-preview:-1"},"canonical":"https:\/\/exceladvisor.org\/it\/commento\/","og_locale":"it_IT","og_type":"article","og_title":"\u25b7 Come aggiungere un commento nel codice VBA?","og_description":"Questo tutorial ti aiuter\u00e0 a imparare tutti i modi possibili per aggiungere un commento in un codice VBA e ti aiuter\u00e0 anche","og_url":"https:\/\/exceladvisor.org\/it\/commento\/","og_site_name":"Excel Advisor","article_modified_time":"2023-12-10T06:19:57+00:00","og_image":[{"url":"https:\/\/exceladvisor.org\/wp-content\/uploads\/2023\/08\/2-etapes-pour-ajouter-un-commentaire-vba.png","type":"","width":"","height":""}],"twitter_card":"summary_large_image","twitter_misc":{"Tempo di lettura stimato":"6 minuti"},"schema":{"@context":"https:\/\/schema.org","@graph":[{"@type":"WebPage","@id":"https:\/\/exceladvisor.org\/it\/commento\/","url":"https:\/\/exceladvisor.org\/it\/commento\/","name":"\u25b7 Come aggiungere un commento nel codice VBA?","isPartOf":{"@id":"https:\/\/exceladvisor.org\/it\/#website"},"primaryImageOfPage":{"@id":"https:\/\/exceladvisor.org\/it\/commento\/#primaryimage"},"image":{"@id":"https:\/\/exceladvisor.org\/it\/commento\/#primaryimage"},"thumbnailUrl":"https:\/\/exceladvisor.org\/wp-content\/uploads\/2023\/08\/2-etapes-pour-ajouter-un-commentaire-vba.png","datePublished":"2023-09-25T17:53:11+00:00","dateModified":"2023-12-10T06:19:57+00:00","description":"Questo tutorial ti aiuter\u00e0 a imparare tutti i modi possibili per aggiungere un commento in un codice VBA e ti aiuter\u00e0 anche","breadcrumb":{"@id":"https:\/\/exceladvisor.org\/it\/commento\/#breadcrumb"},"inLanguage":"it-IT","potentialAction":[{"@type":"ReadAction","target":["https:\/\/exceladvisor.org\/it\/commento\/"]}]},{"@type":"ImageObject","inLanguage":"it-IT","@id":"https:\/\/exceladvisor.org\/it\/commento\/#primaryimage","url":"https:\/\/exceladvisor.org\/wp-content\/uploads\/2023\/08\/2-etapes-pour-ajouter-un-commentaire-vba.png","contentUrl":"https:\/\/exceladvisor.org\/wp-content\/uploads\/2023\/08\/2-etapes-pour-ajouter-un-commentaire-vba.png"},{"@type":"BreadcrumbList","@id":"https:\/\/exceladvisor.org\/it\/commento\/#breadcrumb","itemListElement":[{"@type":"ListItem","position":1,"name":"Home","item":"https:\/\/exceladvisor.org\/it\/"},{"@type":"ListItem","position":2,"name":"Come aggiungere un commento nel codice vba?"}]},{"@type":"WebSite","@id":"https:\/\/exceladvisor.org\/it\/#website","url":"https:\/\/exceladvisor.org\/it\/","name":"Excel Advisor","description":"Tips, Tricks, and Time-Saving Hacks","publisher":{"@id":"https:\/\/exceladvisor.org\/it\/#organization"},"potentialAction":[{"@type":"SearchAction","target":{"@type":"EntryPoint","urlTemplate":"https:\/\/exceladvisor.org\/it\/?s={search_term_string}"},"query-input":{"@type":"PropertyValueSpecification","valueRequired":true,"valueName":"search_term_string"}}],"inLanguage":"it-IT"},{"@type":"Organization","@id":"https:\/\/exceladvisor.org\/it\/#organization","name":"Excel Advisor","url":"https:\/\/exceladvisor.org\/it\/","logo":{"@type":"ImageObject","inLanguage":"it-IT","@id":"https:\/\/exceladvisor.org\/it\/#\/schema\/logo\/image\/","url":"https:\/\/exceladvisor.org\/it\/wp-content\/uploads\/2023\/12\/exceladvisor.org_.png","contentUrl":"https:\/\/exceladvisor.org\/it\/wp-content\/uploads\/2023\/12\/exceladvisor.org_.png","width":105,"height":36,"caption":"Excel Advisor"},"image":{"@id":"https:\/\/exceladvisor.org\/it\/#\/schema\/logo\/image\/"}}]}},"yoast_meta":{"yoast_wpseo_title":"","yoast_wpseo_metadesc":"","yoast_wpseo_canonical":""},"_links":{"self":[{"href":"https:\/\/exceladvisor.org\/it\/wp-json\/wp\/v2\/pages\/2187","targetHints":{"allow":["GET"]}}],"collection":[{"href":"https:\/\/exceladvisor.org\/it\/wp-json\/wp\/v2\/pages"}],"about":[{"href":"https:\/\/exceladvisor.org\/it\/wp-json\/wp\/v2\/types\/page"}],"author":[{"embeddable":true,"href":"https:\/\/exceladvisor.org\/it\/wp-json\/wp\/v2\/users\/1"}],"replies":[{"embeddable":true,"href":"https:\/\/exceladvisor.org\/it\/wp-json\/wp\/v2\/comments?post=2187"}],"version-history":[{"count":1,"href":"https:\/\/exceladvisor.org\/it\/wp-json\/wp\/v2\/pages\/2187\/revisions"}],"predecessor-version":[{"id":2274,"href":"https:\/\/exceladvisor.org\/it\/wp-json\/wp\/v2\/pages\/2187\/revisions\/2274"}],"wp:attachment":[{"href":"https:\/\/exceladvisor.org\/it\/wp-json\/wp\/v2\/media?parent=2187"}],"curies":[{"name":"wp","href":"https:\/\/api.w.org\/{rel}","templated":true}]}}