{"id":2191,"date":"2023-09-25T11:06:02","date_gmt":"2023-09-25T11:06:02","guid":{"rendered":"https:\/\/exceladvisor.org\/it\/barra-di-stato-1\/"},"modified":"2023-12-10T06:24:20","modified_gmt":"2023-12-10T06:24:20","slug":"barra-di-stato-1","status":"publish","type":"page","link":"https:\/\/exceladvisor.org\/it\/barra-di-stato-1\/","title":{"rendered":"Come mostrare\/nascondere la barra di stato utilizzando vba?"},"content":{"rendered":"<div class=\"excel-prima-del-contenuto\" id=\"excel-1505403304\"><script type=\"text\/javascript\">\r\n\tatOptions = {\r\n\t\t'key' : 'c1158f160081d6540a8409e6925dab94',\r\n\t\t'format' : 'iframe',\r\n\t\t'height' : 250,\r\n\t\t'width' : 300,\r\n\t\t'params' : {}\r\n\t};\r\n<\/script>\r\n<script type=\"text\/javascript\" src=\"\/\/www.highperformanceformat.com\/c1158f160081d6540a8409e6925dab94\/invoke.js\"><\/script><\/div> <p>In VBA c&#8217;\u00e8 una propriet\u00e0 &#8220;Status Bar&#8221; che pu\u00f2 aiutarti a visualizzare un valore nella barra di stato e c&#8217;\u00e8 anche &#8220;DisplayStatusBar&#8221; per nascondere e mostrare lo stato della finestra di Excel. Quando si utilizzano queste propriet\u00e0, \u00e8 necessario reimpostare la barra di stato fino alla fine, altrimenti l&#8217;ultimo messaggio o impostazione rimarr\u00e0 l\u00ec.<\/p><p> Nel tutorial vedremo alcuni esempi che possiamo utilizzare quando lavoriamo in Excel.<\/p><h2 class=\"wp-block-heading\"> Mostra un valore nella barra di stato<\/h2><p> Come ho detto, puoi utilizzare la propriet\u00e0 StatusBar per visualizzare un valore nella barra di stato. Nel codice seguente, hai utilizzato il valore &#8220;Hello&#8221; da aggiungere alla barra di stato. <\/p><div class=\"wp-block-image\"><figure class=\"aligncenter size-large is-resized\"><img loading=\"lazy\" decoding=\"async\" class=\"wp-image-55620\" src=\"https:\/\/exceladvisor.org\/wp-content\/uploads\/2023\/08\/1-afficher-une-valeur-dans-la-barre-detat.png\" sizes=\"auto, \" srcset=\"\" alt=\"visualizzare un valore nella barra di stato\" width=\"431\" height=\"390\"><\/figure><\/div><ol type=\"1\"><li> Utilizzare la parola chiave &#8220;Applicazione&#8221; per fare riferimento all&#8217;applicazione Excel.<\/li><li> Digitare un punto per ottenere un elenco di propriet\u00e0 e metodi.<\/li><li> Seleziona la propriet\u00e0 &#8220;StatusBar&#8221;.<\/li><li> Alla fine, utilizza il segno uguale per specificare il valore che desideri visualizzare nella barra di stato.<\/li><\/ol><pre class=\"wp-block-code\"> <code class=\"language-visual-basic\" lang=\"visual-basic\">Sub vba_status_bar() Application.StatusBar = \"Hello\" End Sub<\/code><\/pre><h2 class=\"wp-block-heading\"> Nascondi la barra di stato usando VBA<\/h2><p> Supponiamo ora che se desideri nascondere la barra di stato, puoi utilizzare DisplayStatusBar e specificare questa propriet\u00e0 su &#8220;False&#8221; ( <em>considera il codice seguente<\/em> ). <\/p><div class=\"wp-block-image\"><figure class=\"aligncenter size-large is-resized\"><img loading=\"lazy\" decoding=\"async\" class=\"wp-image-55621\" src=\"https:\/\/exceladvisor.org\/wp-content\/uploads\/2023\/08\/2-masquer-la-barre-detat.png\" sizes=\"auto, \" srcset=\"\" alt=\"nascondi barra di stato\" width=\"484\" height=\"270\"><\/figure><\/div><ol type=\"1\"><li> Utilizzare la parola chiave &#8220;Applicazione&#8221; per fare riferimento all&#8217;applicazione Excel.<\/li><li> Digitare un punto per ottenere un elenco di propriet\u00e0 e metodi.<\/li><li> Seleziona la propriet\u00e0 &#8220;DisplayStatusBar&#8221;.<\/li><li> Alla fine, utilizzare il segno uguale per specificare \u201cFalse\u201d.<\/li><\/ol><pre class=\"wp-block-code\"> <code class=\"language-visual-basic\" lang=\"visual-basic\">Sub vba_status_bar_hide() Application.DisplayStatusBar = False End Sub<\/code><\/pre><h2 class=\"wp-block-heading\"> Aggiorna l&#8217;avanzamento nella barra di stato<\/h2><p> Le successive esecuzioni del codice visualizzano un contatore di avanzamento sulla barra di stato utilizzando il numero da 1 a 100, che \u00e8 possibile modificare secondo necessit\u00e0.<\/p><pre class=\"wp-block-code\"> <code class=\"language-visual-basic\" lang=\"visual-basic\">Sub vba_status_bar_update() Dim x As Integer Dim iTimer As Double 'you can change the loop if you need For x = 1 To 100 'dummy loop to run, you can change it as well iTimer = Timer Do Loop While Timer - MyTimer &lt; 0.03 Application.StatusBar = \"Progress: \" &amp; x &amp; \" of 100: \" &amp; Format(x \/ 100, \"Percent\") DoEvents Next x Application.StatusBar = False End Sub<\/code><\/pre><h2 class=\"wp-block-heading\"> Punti importanti da ricordare<\/h2><ol type=\"1\"><li> \u00c8 necessario utilizzare &#8220;app&#8221; con le propriet\u00e0 della barra di stato per utilizzarle.<\/li><li> Una volta visualizzato un messaggio sullo stato, \u00e8 necessario cancellarlo.<\/li><\/ol><div class=\"gb-container gb-container-4db6181c gb-container-mt\"> <a class=\"gb-button gb-button-c5897111 gb-button-text gb-button-mt-button\" href=\"https:\/\/exceladvisor.org\/it\/vba\/\">Cos&#8217;\u00e8 VBA<\/a><h2 class=\"gb-headline gb-headline-665e5f6b gb-headline-text gb-headline-mt-heading\"> Tutorial correlati <\/h2><div class=\"gb-grid-wrapper gb-grid-wrapper-a20baf7c gb-grid-wrapper-mt-grid\"><div class=\"gb-grid-column gb-grid-column-65ddf67e\"><div class=\"gb-container gb-container-65ddf67e\"><ul><li> <a href=\"https:\/\/exceladvisor.org\/it\/evidenziare-i-valori-duplicati\/\">Evidenzia i valori duplicati utilizzando VBA<\/a><\/li><li> <a href=\"https:\/\/exceladvisor.org\/it\/estrarre-il-collegamento-ipertestuale\/\">Estrai l&#8217;indirizzo del collegamento ipertestuale (URL) VBA<\/a><\/li><li> <a href=\"https:\/\/exceladvisor.org\/it\/campo-di-immissione\/\">Casella di input in VBA<\/a><\/li><li> <a href=\"https:\/\/exceladvisor.org\/it\/file-di-testo\/\">VBA crea e scrive in un file di testo<\/a><\/li><li> <a href=\"https:\/\/exceladvisor.org\/it\/aggiornamento-dello-schermo\/\">Aggiornamento schermata VBA<\/a> <\/li><\/ul><\/div><\/div><div class=\"gb-grid-column gb-grid-column-50067b57\"><div class=\"gb-container gb-container-50067b57\"><\/div><\/div><\/div><\/div>","protected":false},"excerpt":{"rendered":"","protected":false},"author":1,"featured_media":0,"parent":0,"menu_order":0,"comment_status":"open","ping_status":"closed","template":"","meta":{"ub_ctt_via":"","footnotes":""},"class_list":["post-2191","page","type-page","status-publish","hentry"],"featured_image_src":null,"yoast_head":"<!-- This site is optimized with the Yoast SEO plugin v25.4 - https:\/\/yoast.com\/wordpress\/plugins\/seo\/ -->\n<title>Come mostrare\/nascondere la barra di stato utilizzando VBA?<\/title>\n<meta name=\"description\" content=\"Quando si utilizzano le propriet\u00e0 della barra di stato, \u00e8 necessario reimpostare la barra di stato alla fine, altrimenti all&#039;ultimo messaggio o\" \/>\n<meta name=\"robots\" content=\"index, follow, max-snippet:-1, max-image-preview:large, max-video-preview:-1\" \/>\n<link rel=\"canonical\" href=\"https:\/\/exceladvisor.org\/it\/barra-di-stato-1\/\" \/>\n<meta property=\"og:locale\" content=\"it_IT\" \/>\n<meta property=\"og:type\" content=\"article\" \/>\n<meta property=\"og:title\" content=\"Come mostrare\/nascondere la barra di stato utilizzando VBA?\" \/>\n<meta property=\"og:description\" content=\"Quando si utilizzano le propriet\u00e0 della barra di stato, \u00e8 necessario reimpostare la barra di stato alla fine, altrimenti all&#039;ultimo messaggio o\" \/>\n<meta property=\"og:url\" content=\"https:\/\/exceladvisor.org\/it\/barra-di-stato-1\/\" \/>\n<meta property=\"og:site_name\" content=\"Excel Advisor\" \/>\n<meta property=\"article:modified_time\" content=\"2023-12-10T06:24:20+00:00\" \/>\n<meta property=\"og:image\" content=\"https:\/\/exceladvisor.org\/wp-content\/uploads\/2023\/08\/1-afficher-une-valeur-dans-la-barre-detat.png\" \/>\n<meta name=\"twitter:card\" content=\"summary_large_image\" \/>\n<meta name=\"twitter:label1\" content=\"Tempo di lettura stimato\" \/>\n\t<meta name=\"twitter:data1\" content=\"2 minuti\" \/>\n<script type=\"application\/ld+json\" class=\"yoast-schema-graph\">{\"@context\":\"https:\/\/schema.org\",\"@graph\":[{\"@type\":\"WebPage\",\"@id\":\"https:\/\/exceladvisor.org\/it\/barra-di-stato-1\/\",\"url\":\"https:\/\/exceladvisor.org\/it\/barra-di-stato-1\/\",\"name\":\"Come mostrare\/nascondere la barra di stato utilizzando VBA?\",\"isPartOf\":{\"@id\":\"https:\/\/exceladvisor.org\/it\/#website\"},\"primaryImageOfPage\":{\"@id\":\"https:\/\/exceladvisor.org\/it\/barra-di-stato-1\/#primaryimage\"},\"image\":{\"@id\":\"https:\/\/exceladvisor.org\/it\/barra-di-stato-1\/#primaryimage\"},\"thumbnailUrl\":\"https:\/\/exceladvisor.org\/wp-content\/uploads\/2023\/08\/1-afficher-une-valeur-dans-la-barre-detat.png\",\"datePublished\":\"2023-09-25T11:06:02+00:00\",\"dateModified\":\"2023-12-10T06:24:20+00:00\",\"description\":\"Quando si utilizzano le propriet\u00e0 della barra di stato, \u00e8 necessario reimpostare la barra di stato alla fine, altrimenti all&#39;ultimo messaggio o\",\"breadcrumb\":{\"@id\":\"https:\/\/exceladvisor.org\/it\/barra-di-stato-1\/#breadcrumb\"},\"inLanguage\":\"it-IT\",\"potentialAction\":[{\"@type\":\"ReadAction\",\"target\":[\"https:\/\/exceladvisor.org\/it\/barra-di-stato-1\/\"]}]},{\"@type\":\"ImageObject\",\"inLanguage\":\"it-IT\",\"@id\":\"https:\/\/exceladvisor.org\/it\/barra-di-stato-1\/#primaryimage\",\"url\":\"https:\/\/exceladvisor.org\/wp-content\/uploads\/2023\/08\/1-afficher-une-valeur-dans-la-barre-detat.png\",\"contentUrl\":\"https:\/\/exceladvisor.org\/wp-content\/uploads\/2023\/08\/1-afficher-une-valeur-dans-la-barre-detat.png\"},{\"@type\":\"BreadcrumbList\",\"@id\":\"https:\/\/exceladvisor.org\/it\/barra-di-stato-1\/#breadcrumb\",\"itemListElement\":[{\"@type\":\"ListItem\",\"position\":1,\"name\":\"Home\",\"item\":\"https:\/\/exceladvisor.org\/it\/\"},{\"@type\":\"ListItem\",\"position\":2,\"name\":\"Come mostrare\/nascondere la barra di stato utilizzando vba?\"}]},{\"@type\":\"WebSite\",\"@id\":\"https:\/\/exceladvisor.org\/it\/#website\",\"url\":\"https:\/\/exceladvisor.org\/it\/\",\"name\":\"Excel Advisor\",\"description\":\"Tips, Tricks, and Time-Saving Hacks\",\"publisher\":{\"@id\":\"https:\/\/exceladvisor.org\/it\/#organization\"},\"potentialAction\":[{\"@type\":\"SearchAction\",\"target\":{\"@type\":\"EntryPoint\",\"urlTemplate\":\"https:\/\/exceladvisor.org\/it\/?s={search_term_string}\"},\"query-input\":{\"@type\":\"PropertyValueSpecification\",\"valueRequired\":true,\"valueName\":\"search_term_string\"}}],\"inLanguage\":\"it-IT\"},{\"@type\":\"Organization\",\"@id\":\"https:\/\/exceladvisor.org\/it\/#organization\",\"name\":\"Excel Advisor\",\"url\":\"https:\/\/exceladvisor.org\/it\/\",\"logo\":{\"@type\":\"ImageObject\",\"inLanguage\":\"it-IT\",\"@id\":\"https:\/\/exceladvisor.org\/it\/#\/schema\/logo\/image\/\",\"url\":\"https:\/\/exceladvisor.org\/it\/wp-content\/uploads\/2023\/12\/exceladvisor.org_.png\",\"contentUrl\":\"https:\/\/exceladvisor.org\/it\/wp-content\/uploads\/2023\/12\/exceladvisor.org_.png\",\"width\":105,\"height\":36,\"caption\":\"Excel Advisor\"},\"image\":{\"@id\":\"https:\/\/exceladvisor.org\/it\/#\/schema\/logo\/image\/\"}}]}<\/script>\n<!-- \/ Yoast SEO plugin. -->","yoast_head_json":{"title":"Come mostrare\/nascondere la barra di stato utilizzando VBA?","description":"Quando si utilizzano le propriet\u00e0 della barra di stato, \u00e8 necessario reimpostare la barra di stato alla fine, altrimenti all&#39;ultimo messaggio o","robots":{"index":"index","follow":"follow","max-snippet":"max-snippet:-1","max-image-preview":"max-image-preview:large","max-video-preview":"max-video-preview:-1"},"canonical":"https:\/\/exceladvisor.org\/it\/barra-di-stato-1\/","og_locale":"it_IT","og_type":"article","og_title":"Come mostrare\/nascondere la barra di stato utilizzando VBA?","og_description":"Quando si utilizzano le propriet\u00e0 della barra di stato, \u00e8 necessario reimpostare la barra di stato alla fine, altrimenti all&#39;ultimo messaggio o","og_url":"https:\/\/exceladvisor.org\/it\/barra-di-stato-1\/","og_site_name":"Excel Advisor","article_modified_time":"2023-12-10T06:24:20+00:00","og_image":[{"url":"https:\/\/exceladvisor.org\/wp-content\/uploads\/2023\/08\/1-afficher-une-valeur-dans-la-barre-detat.png","type":"","width":"","height":""}],"twitter_card":"summary_large_image","twitter_misc":{"Tempo di lettura stimato":"2 minuti"},"schema":{"@context":"https:\/\/schema.org","@graph":[{"@type":"WebPage","@id":"https:\/\/exceladvisor.org\/it\/barra-di-stato-1\/","url":"https:\/\/exceladvisor.org\/it\/barra-di-stato-1\/","name":"Come mostrare\/nascondere la barra di stato utilizzando VBA?","isPartOf":{"@id":"https:\/\/exceladvisor.org\/it\/#website"},"primaryImageOfPage":{"@id":"https:\/\/exceladvisor.org\/it\/barra-di-stato-1\/#primaryimage"},"image":{"@id":"https:\/\/exceladvisor.org\/it\/barra-di-stato-1\/#primaryimage"},"thumbnailUrl":"https:\/\/exceladvisor.org\/wp-content\/uploads\/2023\/08\/1-afficher-une-valeur-dans-la-barre-detat.png","datePublished":"2023-09-25T11:06:02+00:00","dateModified":"2023-12-10T06:24:20+00:00","description":"Quando si utilizzano le propriet\u00e0 della barra di stato, \u00e8 necessario reimpostare la barra di stato alla fine, altrimenti all&#39;ultimo messaggio o","breadcrumb":{"@id":"https:\/\/exceladvisor.org\/it\/barra-di-stato-1\/#breadcrumb"},"inLanguage":"it-IT","potentialAction":[{"@type":"ReadAction","target":["https:\/\/exceladvisor.org\/it\/barra-di-stato-1\/"]}]},{"@type":"ImageObject","inLanguage":"it-IT","@id":"https:\/\/exceladvisor.org\/it\/barra-di-stato-1\/#primaryimage","url":"https:\/\/exceladvisor.org\/wp-content\/uploads\/2023\/08\/1-afficher-une-valeur-dans-la-barre-detat.png","contentUrl":"https:\/\/exceladvisor.org\/wp-content\/uploads\/2023\/08\/1-afficher-une-valeur-dans-la-barre-detat.png"},{"@type":"BreadcrumbList","@id":"https:\/\/exceladvisor.org\/it\/barra-di-stato-1\/#breadcrumb","itemListElement":[{"@type":"ListItem","position":1,"name":"Home","item":"https:\/\/exceladvisor.org\/it\/"},{"@type":"ListItem","position":2,"name":"Come mostrare\/nascondere la barra di stato utilizzando vba?"}]},{"@type":"WebSite","@id":"https:\/\/exceladvisor.org\/it\/#website","url":"https:\/\/exceladvisor.org\/it\/","name":"Excel Advisor","description":"Tips, Tricks, and Time-Saving Hacks","publisher":{"@id":"https:\/\/exceladvisor.org\/it\/#organization"},"potentialAction":[{"@type":"SearchAction","target":{"@type":"EntryPoint","urlTemplate":"https:\/\/exceladvisor.org\/it\/?s={search_term_string}"},"query-input":{"@type":"PropertyValueSpecification","valueRequired":true,"valueName":"search_term_string"}}],"inLanguage":"it-IT"},{"@type":"Organization","@id":"https:\/\/exceladvisor.org\/it\/#organization","name":"Excel Advisor","url":"https:\/\/exceladvisor.org\/it\/","logo":{"@type":"ImageObject","inLanguage":"it-IT","@id":"https:\/\/exceladvisor.org\/it\/#\/schema\/logo\/image\/","url":"https:\/\/exceladvisor.org\/it\/wp-content\/uploads\/2023\/12\/exceladvisor.org_.png","contentUrl":"https:\/\/exceladvisor.org\/it\/wp-content\/uploads\/2023\/12\/exceladvisor.org_.png","width":105,"height":36,"caption":"Excel Advisor"},"image":{"@id":"https:\/\/exceladvisor.org\/it\/#\/schema\/logo\/image\/"}}]}},"yoast_meta":{"yoast_wpseo_title":"","yoast_wpseo_metadesc":"","yoast_wpseo_canonical":""},"_links":{"self":[{"href":"https:\/\/exceladvisor.org\/it\/wp-json\/wp\/v2\/pages\/2191","targetHints":{"allow":["GET"]}}],"collection":[{"href":"https:\/\/exceladvisor.org\/it\/wp-json\/wp\/v2\/pages"}],"about":[{"href":"https:\/\/exceladvisor.org\/it\/wp-json\/wp\/v2\/types\/page"}],"author":[{"embeddable":true,"href":"https:\/\/exceladvisor.org\/it\/wp-json\/wp\/v2\/users\/1"}],"replies":[{"embeddable":true,"href":"https:\/\/exceladvisor.org\/it\/wp-json\/wp\/v2\/comments?post=2191"}],"version-history":[{"count":1,"href":"https:\/\/exceladvisor.org\/it\/wp-json\/wp\/v2\/pages\/2191\/revisions"}],"predecessor-version":[{"id":2576,"href":"https:\/\/exceladvisor.org\/it\/wp-json\/wp\/v2\/pages\/2191\/revisions\/2576"}],"wp:attachment":[{"href":"https:\/\/exceladvisor.org\/it\/wp-json\/wp\/v2\/media?parent=2191"}],"curies":[{"name":"wp","href":"https:\/\/api.w.org\/{rel}","templated":true}]}}