{"id":2193,"date":"2023-09-25T10:50:52","date_gmt":"2023-09-25T10:50:52","guid":{"rendered":"https:\/\/exceladvisor.org\/it\/barra-di-stato\/"},"modified":"2023-12-10T06:27:16","modified_gmt":"2023-12-10T06:27:16","slug":"barra-di-stato","status":"publish","type":"page","link":"https:\/\/exceladvisor.org\/it\/barra-di-stato\/","title":{"rendered":"Cos&#39;\u00e8 la barra di stato in excel?"},"content":{"rendered":"<div class=\"excel-prima-del-contenuto\" id=\"excel-3649336372\"><script type=\"text\/javascript\">\r\n\tatOptions = {\r\n\t\t'key' : 'c1158f160081d6540a8409e6925dab94',\r\n\t\t'format' : 'iframe',\r\n\t\t'height' : 250,\r\n\t\t'width' : 300,\r\n\t\t'params' : {}\r\n\t};\r\n<\/script>\r\n<script type=\"text\/javascript\" src=\"\/\/www.highperformanceformat.com\/c1158f160081d6540a8409e6925dab94\/invoke.js\"><\/script><\/div> <p>In Excel, la barra di stato \u00e8 una barra sottile nella parte inferiore della finestra di Excel. Inoltre, offre una variet\u00e0 di opzioni, tra cui layout di pagina, <a href=\"https:\/\/exceladvisor.org\/it\/rimuovere-linterruzione-di-pagina\/\">layout di interruzione di pagina<\/a> , <a href=\"https:\/\/exceladvisor.org\/it\/ingrandire-rimpicciolire\/\">zoom avanti o indietro<\/a> e percentuale di zoom. Visualizza anche la media, il conteggio e la somma delle celle selezionate. <\/p><div class=\"wp-block-image\"><figure class=\"aligncenter size-full is-resized\"><img loading=\"lazy\" decoding=\"async\" class=\"wp-image-71938\" src=\"https:\/\/exceladvisor.org\/wp-content\/uploads\/2023\/08\/barre-detat-2.png\" sizes=\"auto, \" srcset=\"\" alt=\"barra di stato in basso\" width=\"499\" height=\"146\"><\/figure><\/div><p> In questo tutorial esaminiamo tutte le opzioni che abbiamo nella barra di stato.<\/p><h2 id=\"h-modes-on-status-bar\" class=\"wp-block-heading\"> Modalit\u00e0 sulla barra di stato<\/h2><h3 id=\"h-1-ready\" class=\"wp-block-heading\"> 1. Pronto<\/h3><p> La modalit\u00e0 &#8220;Pronto&#8221; viene visualizzata nell&#8217;angolo inferiore sinistro della barra di stato. Ci\u00f2 significa che il foglio \u00e8 pronto con i valori o i dati e ora \u00e8 in attesa del tuo prossimo comando. <\/p><div class=\"wp-block-image\"><figure class=\"aligncenter size-full\"><img loading=\"lazy\" decoding=\"async\" class=\"wp-image-71729\" src=\"https:\/\/exceladvisor.org\/wp-content\/uploads\/2023\/08\/1-mode-pret-dans-la-barre-detat.png\" sizes=\"auto, \" srcset=\"\" alt=\"barra di stato della modalit\u00e0 Pronta nell'angolo in basso a sinistra\" width=\"590\" height=\"270\"><\/figure><\/div><h3 id=\"h-2-enter\" class=\"wp-block-heading\"> 2.Inserisci<\/h3><p> La modalit\u00e0 &#8220;Invio&#8221; viene visualizzata nella barra di stato, il che significa che hai iniziato a inserire i dati nella cella. <\/p><div class=\"wp-block-image\"><figure class=\"aligncenter size-full is-resized\"><img loading=\"lazy\" decoding=\"async\" class=\"wp-image-71731\" src=\"https:\/\/exceladvisor.org\/wp-content\/uploads\/2023\/08\/2-entrer-en-mode.png\" sizes=\"auto, \" srcset=\"\" alt=\"barra di stato della modalit\u00e0 di input in basso a sinistra\" width=\"364\" height=\"209\"><\/figure><\/div><h3 id=\"h-3-edit\" class=\"wp-block-heading\"> 3.Modifica<\/h3><p> In termini semplici, <a href=\"https:\/\/exceladvisor.org\/it\/modifica-cella\/\">\u00e8 in corso la modifica di una cella<\/a> . <\/p><div class=\"wp-block-image\"><figure class=\"aligncenter size-full is-resized\"><img loading=\"lazy\" decoding=\"async\" class=\"wp-image-71732\" src=\"https:\/\/exceladvisor.org\/wp-content\/uploads\/2023\/08\/3-modes-dedition.png\" sizes=\"auto, \" srcset=\"\" alt=\"barra di stato della modalit\u00e0 modifica nell'angolo in basso a sinistra\" width=\"433\" height=\"410\"><\/figure><\/div><h3 id=\"h-4-point\" class=\"wp-block-heading\"> 4.Suggerimento<\/h3><p> Questa modalit\u00e0 \u00e8 abilitata quando inserisci la formula in una cella fornendo allo stesso tempo i dati di input ad altre celle. <\/p><div class=\"wp-block-image\"><figure class=\"aligncenter size-full is-resized\"><img loading=\"lazy\" decoding=\"async\" class=\"wp-image-71733\" src=\"https:\/\/exceladvisor.org\/wp-content\/uploads\/2023\/08\/Mode-4-points.png\" sizes=\"auto, \" srcset=\"\" alt=\"barra di stato della modalit\u00e0 punto in basso a sinistra\" width=\"416\" height=\"480\"><\/figure><\/div><h2 id=\"h-worksheet-views\" class=\"wp-block-heading\"> Visualizzazioni del foglio di calcolo<\/h2><p> Ogni foglio di lavoro dispone di tre opzioni predefinite per la visualizzazione del foglio di lavoro: <strong>Visualizzazione normale, Visualizzazione layout e Anteprima interruzioni di pagina<\/strong> . Hai i tre pulsanti nell&#8217;angolo in basso a destra.<\/p><ul><li> <strong>Visualizzazione normale:<\/strong> in questa visualizzazione puoi visualizzare il tuo foglio di lavoro in un modo semplice che include pi\u00f9 righe e colonne. <\/li><\/ul><div class=\"wp-block-image\"><figure class=\"aligncenter size-full is-resized\"><img loading=\"lazy\" decoding=\"async\" class=\"wp-image-71734\" src=\"https:\/\/exceladvisor.org\/wp-content\/uploads\/2023\/08\/5-feuille-de-calcul-en-vue-normale.png\" sizes=\"auto, \" srcset=\"\" alt=\"barra di stato del foglio di calcolo nella visualizzazione normale\" width=\"495\" height=\"325\"><\/figure><\/div><ul><li> <strong>Visualizzazione layout:<\/strong> questo \u00e8 un ottimo modo per controllare l&#8217; <a href=\"https:\/\/exceladvisor.org\/it\/aggiungi-unintestazione-a-pie-di-pagina\/\">intestazione e il pi\u00e8 di<\/a> pagina della pagina. Insieme a questo, puoi farti un&#8217;idea di come apparir\u00e0 prima di stamparlo. <\/li><\/ul><div class=\"wp-block-image\"><figure class=\"aligncenter size-full is-resized\"><img loading=\"lazy\" decoding=\"async\" class=\"wp-image-71735\" src=\"https:\/\/exceladvisor.org\/wp-content\/uploads\/2023\/08\/Feuille-de-calcul-de-la-vue-de-mise-en-page-de-6-pages.png\" sizes=\"auto, \" srcset=\"\" alt=\"barra-di-stato-del-foglio-di-lavoro-vista-layout-della-pagina\" width=\"847\" height=\"361\"><\/figure><\/div><ul><li> <strong>Anteprima interruzioni di pagina:<\/strong> come suggerisce il nome, questa opzione ti aiuter\u00e0 a farti un&#8217;idea di dove si trovano <a href=\"https:\/\/exceladvisor.org\/it\/rimuovere-linterruzione-di-pagina\/\">le interruzioni di pagina<\/a> nel foglio di lavoro. <\/li><\/ul><div class=\"wp-block-image\"><figure class=\"aligncenter size-full is-resized\"><img loading=\"lazy\" decoding=\"async\" class=\"wp-image-71736\" src=\"https:\/\/exceladvisor.org\/wp-content\/uploads\/2023\/08\/Apercu-de-saut-de-page-de-7-pages.png\" sizes=\"auto, \" srcset=\"\" alt=\"barra-di-stato-del-foglio-di-lavoro-anteprima-interruzione-pagina\" width=\"786\" height=\"492\"><\/figure><\/div><h2 id=\"h-zoom-slider\" class=\"wp-block-heading\"> Dispositivo di scorrimento dello zoom<\/h2><p> Questa \u00e8 un&#8217;opzione utilizzata di frequente tra gli utenti di Excel ed \u00e8 visibile nell&#8217;angolo destro della barra di stato.<\/p><ul><li> Dispone di (-) (+) due pulsanti per &#8220;Zoom indietro&#8221; e &#8220;Zoom avanti&#8221; del foglio di lavoro.<\/li><li> \u00c8 possibile ridurre le dimensioni con il pulsante di zoom indietro. Mentre lo zoom avanti ti aiuta a osservare da vicino i dati. <\/li><\/ul><div class=\"wp-block-image\"><figure class=\"aligncenter size-full is-resized\"><img loading=\"lazy\" decoding=\"async\" class=\"wp-image-71737\" src=\"https:\/\/exceladvisor.org\/wp-content\/uploads\/2023\/08\/8-zoom-avant-zoom-arriere.png\" sizes=\"auto, \" srcset=\"\" alt=\"barra di stato in basso a destra di zoom avanti e zoom indietro\" width=\"429\" height=\"264\"><\/figure><\/div><ul><li> Inoltre, puoi anche regolare la visibilit\u00e0 della pagina trascinando il tasto zoom avanti e indietro. <\/li><\/ul><div class=\"wp-block-image\"><figure class=\"aligncenter size-full is-resized\"><img loading=\"lazy\" decoding=\"async\" class=\"wp-image-71738\" src=\"https:\/\/exceladvisor.org\/wp-content\/uploads\/2023\/08\/9-options-de-curseur-de-zoom.png\" sizes=\"auto, \" srcset=\"\" alt=\"barra di stato del dispositivo di scorrimento dello zoom\" width=\"446\" height=\"272\"><\/figure><\/div><p class=\"mytip\"> Ti consente di aumentare o diminuire la visibilit\u00e0 del (10%) e fare clic sulle opzioni di ingrandimento (-) o rimpicciolimento (+).<\/p><h2 id=\"h-zoom-percentage\" class=\"wp-block-heading\"> Percentuale di zoom<\/h2><p> In Excel, la percentuale di zoom \u00e8 la stessa del dispositivo di scorrimento dello zoom. C&#8217;\u00e8 un pulsante accanto al cursore dello zoom su cui puoi fare clic. <\/p><div class=\"wp-block-image\"><figure class=\"aligncenter size-full is-resized\"><img loading=\"lazy\" decoding=\"async\" class=\"wp-image-71739\" src=\"https:\/\/exceladvisor.org\/wp-content\/uploads\/2023\/08\/10-pourcentage-de-zoom.png\" sizes=\"auto, \" srcset=\"\" alt=\"barra di stato della percentuale di zoom in basso a destra\" width=\"455\" height=\"41\"><\/figure><\/div><p> Ti mostrer\u00e0 una finestra di dialogo di zoom. E ora puoi impostare la percentuale di ingrandimento per un foglio di lavoro corrente. <\/p><div class=\"wp-block-image\"><figure class=\"aligncenter size-full is-resized\"><img loading=\"lazy\" decoding=\"async\" class=\"wp-image-71740\" src=\"https:\/\/exceladvisor.org\/wp-content\/uploads\/2023\/08\/11-boite-de-dialogue-de-pourcentage-de-zoom.png\" sizes=\"auto, \" srcset=\"\" alt=\"finestra di dialogo della percentuale di zoom\" width=\"211\" height=\"287\"><\/figure><\/div><h2 id=\"h-customize-the-status-bar\" class=\"wp-block-heading\"> Personalizza la barra di stato<\/h2><p> La barra di stato in Excel \u00e8 molto utile con le opzioni disponibili per impostazione predefinita. Cliccando col tasto destro troverai altre opzioni che potrebbero esserti molto utili. <\/p><div class=\"wp-block-image\"><figure class=\"aligncenter size-full is-resized\"><img loading=\"lazy\" decoding=\"async\" class=\"wp-image-71741\" src=\"https:\/\/exceladvisor.org\/wp-content\/uploads\/2023\/08\/12-personnaliser-la-barre-detat.png\" sizes=\"auto, \" srcset=\"\" alt=\"personalizza la barra di stato pop-up\" width=\"395\" height=\"726\"><\/figure><\/div><h3 id=\"h-workbook-statistics\" class=\"wp-block-heading\"> Statistiche della cartella di lavoro<\/h3><p> Statistiche cartella di lavoro \u00e8 una finestra di dialogo che visualizza tutte le informazioni sul foglio corrente e sulla cartella di lavoro (il numero di fogli, celle con dati, tabelle, grafici, formule, ecc.).<\/p><p> Puoi attivarlo cliccandoci sopra. Ora questo verr\u00e0 evidenziato con un segno di spunta e apparir\u00e0 nella barra di stato. <\/p><div class=\"wp-block-image\"><figure class=\"aligncenter size-full is-resized\"><img loading=\"lazy\" decoding=\"async\" class=\"wp-image-71742\" src=\"https:\/\/exceladvisor.org\/wp-content\/uploads\/2023\/08\/13-statistiques-de-classeur.png\" sizes=\"auto, \" srcset=\"\" alt=\"cartella di lavoro-statistiche-barra-di-stato\" width=\"643\" height=\"660\"><\/figure><\/div><p> Fai clic su &#8220;Statistiche cartella di lavoro&#8221; e si apre la finestra di dialogo che visualizza il <a href=\"https:\/\/exceladvisor.org\/it\/contare-le-celle-non-vuote\/\">numero di celle con dati<\/a> e altre informazioni sulla cartella di lavoro. <\/p><div class=\"wp-block-image\"><figure class=\"aligncenter size-full is-resized\"><img loading=\"lazy\" decoding=\"async\" class=\"wp-image-71743\" src=\"https:\/\/exceladvisor.org\/wp-content\/uploads\/2023\/08\/14-boite-de-dialogue-des-statistiques-du-classeur.png\" sizes=\"auto, \" srcset=\"\" alt=\"cartella di lavoro-statistiche-dialogo-barra di stato\" width=\"450\" height=\"281\"><\/figure><\/div><h3 id=\"h-caps-num-and-scroll-lock\" class=\"wp-block-heading\"> Maiusc, Num e Blocco scorrimento<\/h3><p> Se una di queste opzioni \u00e8 abilitata, la barra di stato ti avviser\u00e0. Riceverai un messaggio che dice (Bloc Maiusc, Bloc Num e <a href=\"https:\/\/exceladvisor.org\/it\/blocco-scorrimento\/\">Bloc Scorr<\/a> ) sul lato sinistro della barra di stato. <\/p><div class=\"wp-block-image\"><figure class=\"aligncenter size-full is-resized\"><img loading=\"lazy\" decoding=\"async\" class=\"wp-image-71936\" src=\"https:\/\/exceladvisor.org\/wp-content\/uploads\/2023\/08\/16-Verrouillage-des-majuscules-Verrouillage-numerique-Verrouillage-du-defilement-Barre-detat.png\" sizes=\"auto, \" srcset=\"\" alt=\"caps-lock.num-lock.scroll-statusbar\" width=\"372\" height=\"150\"><\/figure><\/div><p> Come puoi vedere nell&#8217;esempio sopra, abbiamo una notifica sulla barra di stato per tutti i blocchi. Non appena disabiliti una di queste opzioni, la notifica verr\u00e0 rimossa anche dalla barra di stato. <\/p><div class=\"wp-block-image\"><figure class=\"aligncenter size-full is-resized\"><img loading=\"lazy\" decoding=\"async\" class=\"wp-image-71937\" src=\"https:\/\/exceladvisor.org\/wp-content\/uploads\/2023\/08\/verrouillage-des-majuscules-sur-la-barre-detat.png\" sizes=\"auto, \" srcset=\"\" alt=\"blocco maiuscole sulla barra di stato\" width=\"414\" height=\"117\"><\/figure><\/div><h3 id=\"h-page-number\" class=\"wp-block-heading\"> Numero di pagina<\/h3><p> L&#8217;opzione Mostra layout appare proprio accanto alla modalit\u00e0 &#8220;Pronto&#8221; nella barra di stato. Quindi puoi osservare il numero totale di pagine con il numero di pagina selezionato nel foglio di lavoro. <\/p><div class=\"wp-block-image\"><figure class=\"aligncenter size-full is-resized\"><img loading=\"lazy\" decoding=\"async\" class=\"wp-image-71746\" src=\"https:\/\/exceladvisor.org\/wp-content\/uploads\/2023\/08\/17-numeros-de-pages.png\" sizes=\"auto, \" srcset=\"\" alt=\"barra di stato del numero di pagina\" width=\"356\" height=\"299\"><\/figure><\/div><h3 id=\"h-statistical-mathematical-options\" class=\"wp-block-heading\"> Opzioni statistiche\/matematiche<\/h3><p> Per calcolare rapidamente valori o dati numerici, abilita alcune opzioni nella finestra di dialogo di personalizzazione della barra di stato. <\/p><div class=\"wp-block-image\"><figure class=\"aligncenter size-full is-resized\"><img loading=\"lazy\" decoding=\"async\" class=\"wp-image-71747\" src=\"https:\/\/exceladvisor.org\/wp-content\/uploads\/2023\/08\/18-selectionner-le-nombre-de-sommes-moyennes.png\" sizes=\"auto, \" srcset=\"\" alt=\"barra di stato delle funzioni statistiche\" width=\"333\" height=\"197\"><\/figure><\/div><ul><li> <strong>Media:<\/strong> ti d\u00e0 una media di tutte le celle che hai selezionato nel foglio di calcolo.<\/li><li> <strong>Conteggio:<\/strong> dal nome specificato, indica il <a href=\"https:\/\/exceladvisor.org\/it\/contare-le-celle-non-vuote\/\">numero di celle non vuote selezionate<\/a> .<\/li><li> <strong>Numero numerico:<\/strong> questa opzione \u00e8 molto utile quando si gestiscono dati misti in un foglio di calcolo. Poich\u00e9 visualizza solo il numero di celle che hanno valori numerici. <\/li><\/ul><div class=\"wp-block-image\"><figure class=\"aligncenter size-full is-resized\"><img loading=\"lazy\" decoding=\"async\" class=\"wp-image-71748\" src=\"https:\/\/exceladvisor.org\/wp-content\/uploads\/2023\/08\/19-decompte-numerique.png\" sizes=\"auto, \" srcset=\"\" alt=\"funzioni-di-conteggio-dei-numeri-statistiche-barra-di-stato\" width=\"472\" height=\"248\"><\/figure><\/div><ul><li> <strong>Somma:<\/strong> mostra la somma dei valori delle celle selezionate.<\/li><li> <strong>Minimo:<\/strong> questa opzione ti aiuter\u00e0 a trovare il valore pi\u00f9 basso tra una grande quantit\u00e0 di dati numerici selezionati.<\/li><li> <strong>Massimo:<\/strong> In caso di massimo, consente di trovare il valore pi\u00f9 alto tra tutti i dati numerici. <\/li><\/ul><div class=\"wp-block-image\"><figure class=\"aligncenter size-full is-resized\"><img loading=\"lazy\" decoding=\"async\" class=\"wp-image-71749\" src=\"https:\/\/exceladvisor.org\/wp-content\/uploads\/2023\/08\/20-surbrillance-somme-maximum-minimum.png\" sizes=\"auto, \" srcset=\"\" alt=\"barra-di-stato-massimo-minimo-evidenzia-somma\" width=\"544\" height=\"272\"><\/figure><\/div><div class=\"gb-container gb-container-4db6181c gb-container-mt\"> <a class=\"gb-button gb-button-c5897111 gb-button-text gb-button-mt-button\" href=\"https:\/\/exceladvisor.org\/it\/nozioni-di-base-su-excel\/\">Nozioni di base su Microsoft Excel (componenti, parti e note informative)<\/a><h2 class=\"gb-headline gb-headline-665e5f6b gb-headline-text gb-headline-mt-heading\"> Tutorial correlati <\/h2><div class=\"gb-grid-wrapper gb-grid-wrapper-a20baf7c gb-grid-wrapper-mt-grid\"><div class=\"gb-grid-column gb-grid-column-65ddf67e\"><div class=\"gb-container gb-container-65ddf67e\"><ul><li> <a href=\"https:\/\/exceladvisor.org\/it\/giustificare-completamente\/\">Compila Giustifica in Excel<\/a><\/li><li> <a href=\"https:\/\/exceladvisor.org\/it\/barra-delle-formule-excel\/\">Barra della formula in Excel<\/a><\/li><li> <a href=\"https:\/\/exceladvisor.org\/it\/aggiungi-unintestazione-a-pie-di-pagina\/\">Aggiungi un&#8217;intestazione e un pi\u00e8 di pagina in Excel<\/a><\/li><li> <a href=\"https:\/\/exceladvisor.org\/it\/governate\/\">Mostra righello in Excel<\/a><\/li><li> <a href=\"https:\/\/exceladvisor.org\/it\/maniglia-di-riempimento\/\">Maniglia di riempimento in Excel<\/a> <\/li><\/ul><\/div><\/div><div class=\"gb-grid-column gb-grid-column-50067b57\"><div class=\"gb-container gb-container-50067b57\"><\/div><\/div><\/div><\/div>","protected":false},"excerpt":{"rendered":"","protected":false},"author":1,"featured_media":0,"parent":0,"menu_order":0,"comment_status":"open","ping_status":"closed","template":"","meta":{"ub_ctt_via":"","footnotes":""},"class_list":["post-2193","page","type-page","status-publish","hentry"],"featured_image_src":null,"yoast_head":"<!-- This site is optimized with the Yoast SEO plugin v25.4 - https:\/\/yoast.com\/wordpress\/plugins\/seo\/ -->\n<title>\u25b7 Barra di stato di Excel: tutto ci\u00f2 che devi sapere nel 2023<\/title>\n<meta name=\"description\" content=\"In questo articolo imparerai le diverse modalit\u00e0 della barra di stato. Con le sue alcune utili opzioni di personalizzazione.\" \/>\n<meta name=\"robots\" content=\"index, follow, max-snippet:-1, max-image-preview:large, max-video-preview:-1\" \/>\n<link rel=\"canonical\" href=\"https:\/\/exceladvisor.org\/it\/barra-di-stato\/\" \/>\n<meta property=\"og:locale\" content=\"it_IT\" \/>\n<meta property=\"og:type\" content=\"article\" \/>\n<meta property=\"og:title\" content=\"\u25b7 Barra di stato di Excel: tutto ci\u00f2 che devi sapere nel 2023\" \/>\n<meta property=\"og:description\" content=\"In questo articolo imparerai le diverse modalit\u00e0 della barra di stato. Con le sue alcune utili opzioni di personalizzazione.\" \/>\n<meta property=\"og:url\" content=\"https:\/\/exceladvisor.org\/it\/barra-di-stato\/\" \/>\n<meta property=\"og:site_name\" content=\"Excel Advisor\" \/>\n<meta property=\"article:modified_time\" content=\"2023-12-10T06:27:16+00:00\" \/>\n<meta property=\"og:image\" content=\"https:\/\/exceladvisor.org\/wp-content\/uploads\/2023\/08\/barre-detat-2.png\" \/>\n<meta name=\"twitter:card\" content=\"summary_large_image\" \/>\n<meta name=\"twitter:label1\" content=\"Tempo di lettura stimato\" \/>\n\t<meta name=\"twitter:data1\" content=\"4 minuti\" \/>\n<script type=\"application\/ld+json\" class=\"yoast-schema-graph\">{\"@context\":\"https:\/\/schema.org\",\"@graph\":[{\"@type\":\"WebPage\",\"@id\":\"https:\/\/exceladvisor.org\/it\/barra-di-stato\/\",\"url\":\"https:\/\/exceladvisor.org\/it\/barra-di-stato\/\",\"name\":\"\u25b7 Barra di stato di Excel: tutto ci\u00f2 che devi sapere nel 2023\",\"isPartOf\":{\"@id\":\"https:\/\/exceladvisor.org\/it\/#website\"},\"primaryImageOfPage\":{\"@id\":\"https:\/\/exceladvisor.org\/it\/barra-di-stato\/#primaryimage\"},\"image\":{\"@id\":\"https:\/\/exceladvisor.org\/it\/barra-di-stato\/#primaryimage\"},\"thumbnailUrl\":\"https:\/\/exceladvisor.org\/wp-content\/uploads\/2023\/08\/barre-detat-2.png\",\"datePublished\":\"2023-09-25T10:50:52+00:00\",\"dateModified\":\"2023-12-10T06:27:16+00:00\",\"description\":\"In questo articolo imparerai le diverse modalit\u00e0 della barra di stato. Con le sue alcune utili opzioni di personalizzazione.\",\"breadcrumb\":{\"@id\":\"https:\/\/exceladvisor.org\/it\/barra-di-stato\/#breadcrumb\"},\"inLanguage\":\"it-IT\",\"potentialAction\":[{\"@type\":\"ReadAction\",\"target\":[\"https:\/\/exceladvisor.org\/it\/barra-di-stato\/\"]}]},{\"@type\":\"ImageObject\",\"inLanguage\":\"it-IT\",\"@id\":\"https:\/\/exceladvisor.org\/it\/barra-di-stato\/#primaryimage\",\"url\":\"https:\/\/exceladvisor.org\/wp-content\/uploads\/2023\/08\/barre-detat-2.png\",\"contentUrl\":\"https:\/\/exceladvisor.org\/wp-content\/uploads\/2023\/08\/barre-detat-2.png\"},{\"@type\":\"BreadcrumbList\",\"@id\":\"https:\/\/exceladvisor.org\/it\/barra-di-stato\/#breadcrumb\",\"itemListElement\":[{\"@type\":\"ListItem\",\"position\":1,\"name\":\"Home\",\"item\":\"https:\/\/exceladvisor.org\/it\/\"},{\"@type\":\"ListItem\",\"position\":2,\"name\":\"Cos&#39;\u00e8 la barra di stato in excel?\"}]},{\"@type\":\"WebSite\",\"@id\":\"https:\/\/exceladvisor.org\/it\/#website\",\"url\":\"https:\/\/exceladvisor.org\/it\/\",\"name\":\"Excel Advisor\",\"description\":\"Tips, Tricks, and Time-Saving Hacks\",\"publisher\":{\"@id\":\"https:\/\/exceladvisor.org\/it\/#organization\"},\"potentialAction\":[{\"@type\":\"SearchAction\",\"target\":{\"@type\":\"EntryPoint\",\"urlTemplate\":\"https:\/\/exceladvisor.org\/it\/?s={search_term_string}\"},\"query-input\":{\"@type\":\"PropertyValueSpecification\",\"valueRequired\":true,\"valueName\":\"search_term_string\"}}],\"inLanguage\":\"it-IT\"},{\"@type\":\"Organization\",\"@id\":\"https:\/\/exceladvisor.org\/it\/#organization\",\"name\":\"Excel Advisor\",\"url\":\"https:\/\/exceladvisor.org\/it\/\",\"logo\":{\"@type\":\"ImageObject\",\"inLanguage\":\"it-IT\",\"@id\":\"https:\/\/exceladvisor.org\/it\/#\/schema\/logo\/image\/\",\"url\":\"https:\/\/exceladvisor.org\/it\/wp-content\/uploads\/2023\/12\/exceladvisor.org_.png\",\"contentUrl\":\"https:\/\/exceladvisor.org\/it\/wp-content\/uploads\/2023\/12\/exceladvisor.org_.png\",\"width\":105,\"height\":36,\"caption\":\"Excel Advisor\"},\"image\":{\"@id\":\"https:\/\/exceladvisor.org\/it\/#\/schema\/logo\/image\/\"}}]}<\/script>\n<!-- \/ Yoast SEO plugin. -->","yoast_head_json":{"title":"\u25b7 Barra di stato di Excel: tutto ci\u00f2 che devi sapere nel 2023","description":"In questo articolo imparerai le diverse modalit\u00e0 della barra di stato. Con le sue alcune utili opzioni di personalizzazione.","robots":{"index":"index","follow":"follow","max-snippet":"max-snippet:-1","max-image-preview":"max-image-preview:large","max-video-preview":"max-video-preview:-1"},"canonical":"https:\/\/exceladvisor.org\/it\/barra-di-stato\/","og_locale":"it_IT","og_type":"article","og_title":"\u25b7 Barra di stato di Excel: tutto ci\u00f2 che devi sapere nel 2023","og_description":"In questo articolo imparerai le diverse modalit\u00e0 della barra di stato. Con le sue alcune utili opzioni di personalizzazione.","og_url":"https:\/\/exceladvisor.org\/it\/barra-di-stato\/","og_site_name":"Excel Advisor","article_modified_time":"2023-12-10T06:27:16+00:00","og_image":[{"url":"https:\/\/exceladvisor.org\/wp-content\/uploads\/2023\/08\/barre-detat-2.png","type":"","width":"","height":""}],"twitter_card":"summary_large_image","twitter_misc":{"Tempo di lettura stimato":"4 minuti"},"schema":{"@context":"https:\/\/schema.org","@graph":[{"@type":"WebPage","@id":"https:\/\/exceladvisor.org\/it\/barra-di-stato\/","url":"https:\/\/exceladvisor.org\/it\/barra-di-stato\/","name":"\u25b7 Barra di stato di Excel: tutto ci\u00f2 che devi sapere nel 2023","isPartOf":{"@id":"https:\/\/exceladvisor.org\/it\/#website"},"primaryImageOfPage":{"@id":"https:\/\/exceladvisor.org\/it\/barra-di-stato\/#primaryimage"},"image":{"@id":"https:\/\/exceladvisor.org\/it\/barra-di-stato\/#primaryimage"},"thumbnailUrl":"https:\/\/exceladvisor.org\/wp-content\/uploads\/2023\/08\/barre-detat-2.png","datePublished":"2023-09-25T10:50:52+00:00","dateModified":"2023-12-10T06:27:16+00:00","description":"In questo articolo imparerai le diverse modalit\u00e0 della barra di stato. Con le sue alcune utili opzioni di personalizzazione.","breadcrumb":{"@id":"https:\/\/exceladvisor.org\/it\/barra-di-stato\/#breadcrumb"},"inLanguage":"it-IT","potentialAction":[{"@type":"ReadAction","target":["https:\/\/exceladvisor.org\/it\/barra-di-stato\/"]}]},{"@type":"ImageObject","inLanguage":"it-IT","@id":"https:\/\/exceladvisor.org\/it\/barra-di-stato\/#primaryimage","url":"https:\/\/exceladvisor.org\/wp-content\/uploads\/2023\/08\/barre-detat-2.png","contentUrl":"https:\/\/exceladvisor.org\/wp-content\/uploads\/2023\/08\/barre-detat-2.png"},{"@type":"BreadcrumbList","@id":"https:\/\/exceladvisor.org\/it\/barra-di-stato\/#breadcrumb","itemListElement":[{"@type":"ListItem","position":1,"name":"Home","item":"https:\/\/exceladvisor.org\/it\/"},{"@type":"ListItem","position":2,"name":"Cos&#39;\u00e8 la barra di stato in excel?"}]},{"@type":"WebSite","@id":"https:\/\/exceladvisor.org\/it\/#website","url":"https:\/\/exceladvisor.org\/it\/","name":"Excel Advisor","description":"Tips, Tricks, and Time-Saving Hacks","publisher":{"@id":"https:\/\/exceladvisor.org\/it\/#organization"},"potentialAction":[{"@type":"SearchAction","target":{"@type":"EntryPoint","urlTemplate":"https:\/\/exceladvisor.org\/it\/?s={search_term_string}"},"query-input":{"@type":"PropertyValueSpecification","valueRequired":true,"valueName":"search_term_string"}}],"inLanguage":"it-IT"},{"@type":"Organization","@id":"https:\/\/exceladvisor.org\/it\/#organization","name":"Excel Advisor","url":"https:\/\/exceladvisor.org\/it\/","logo":{"@type":"ImageObject","inLanguage":"it-IT","@id":"https:\/\/exceladvisor.org\/it\/#\/schema\/logo\/image\/","url":"https:\/\/exceladvisor.org\/it\/wp-content\/uploads\/2023\/12\/exceladvisor.org_.png","contentUrl":"https:\/\/exceladvisor.org\/it\/wp-content\/uploads\/2023\/12\/exceladvisor.org_.png","width":105,"height":36,"caption":"Excel Advisor"},"image":{"@id":"https:\/\/exceladvisor.org\/it\/#\/schema\/logo\/image\/"}}]}},"yoast_meta":{"yoast_wpseo_title":"","yoast_wpseo_metadesc":"","yoast_wpseo_canonical":""},"_links":{"self":[{"href":"https:\/\/exceladvisor.org\/it\/wp-json\/wp\/v2\/pages\/2193","targetHints":{"allow":["GET"]}}],"collection":[{"href":"https:\/\/exceladvisor.org\/it\/wp-json\/wp\/v2\/pages"}],"about":[{"href":"https:\/\/exceladvisor.org\/it\/wp-json\/wp\/v2\/types\/page"}],"author":[{"embeddable":true,"href":"https:\/\/exceladvisor.org\/it\/wp-json\/wp\/v2\/users\/1"}],"replies":[{"embeddable":true,"href":"https:\/\/exceladvisor.org\/it\/wp-json\/wp\/v2\/comments?post=2193"}],"version-history":[{"count":1,"href":"https:\/\/exceladvisor.org\/it\/wp-json\/wp\/v2\/pages\/2193\/revisions"}],"predecessor-version":[{"id":2880,"href":"https:\/\/exceladvisor.org\/it\/wp-json\/wp\/v2\/pages\/2193\/revisions\/2880"}],"wp:attachment":[{"href":"https:\/\/exceladvisor.org\/it\/wp-json\/wp\/v2\/media?parent=2193"}],"curies":[{"name":"wp","href":"https:\/\/api.w.org\/{rel}","templated":true}]}}