{"id":2201,"date":"2023-09-25T03:07:26","date_gmt":"2023-09-25T03:07:26","guid":{"rendered":"https:\/\/exceladvisor.org\/it\/cambia-scheda\/"},"modified":"2023-12-10T06:21:34","modified_gmt":"2023-12-10T06:21:34","slug":"cambia-scheda","status":"publish","type":"page","link":"https:\/\/exceladvisor.org\/it\/cambia-scheda\/","title":{"rendered":"Come cambiare scheda tramite il collegamento di excel?"},"content":{"rendered":"<div class=\"excel-prima-del-contenuto\" id=\"excel-321288048\"><script type=\"text\/javascript\">\r\n\tatOptions = {\r\n\t\t'key' : 'c1158f160081d6540a8409e6925dab94',\r\n\t\t'format' : 'iframe',\r\n\t\t'height' : 250,\r\n\t\t'width' : 300,\r\n\t\t'params' : {}\r\n\t};\r\n<\/script>\r\n<script type=\"text\/javascript\" src=\"\/\/www.highperformanceformat.com\/c1158f160081d6540a8409e6925dab94\/invoke.js\"><\/script><\/div> <p>In Excel, l&#8217;utente pu\u00f2 utilizzare pi\u00f9 schede in una cartella di lavoro per inserire pi\u00f9 dati e si pu\u00f2 anche ricevere la cartella di lavoro contenente dati in pi\u00f9 schede, quindi per passare da una scheda all&#8217;altra, l&#8217;utente pu\u00f2 passare manualmente utilizzando il mouse facendo clic sul nome di ciascuna scheda oppure puoi cambiare scheda utilizzando la scorciatoia da tastiera.<\/p><p> In questo tutorial, abbiamo spiegato la scorciatoia per passare da una scheda all&#8217;altra (fogli di lavoro) in una cartella di lavoro.<\/p><h2 class=\"wp-block-heading\"> Scorciatoia da tastiera per cambiare scheda in Excel<\/h2><p> <kbd>Ctrl<\/kbd> + <kbd>PgDn<\/kbd> (Pagina gi\u00f9) \u2013 Per spostarsi sulle schede a destra <\/p><div class=\"wp-block-image\"><figure class=\"aligncenter size-full\"><img loading=\"lazy\" decoding=\"async\" class=\"wp-image-69484\" src=\"https:\/\/exceladvisor.org\/wp-content\/uploads\/2023\/08\/1-raccourci-clavier-pour-basculer-les-onglets-vers-la-droite.png\" sizes=\"auto, \" srcset=\"\" alt=\"scorciatoia da tastiera per cambiare scheda a destra\" width=\"1918\" height=\"393\"><\/figure><\/div><p> <kbd>Ctrl<\/kbd> + <kbd>PgUp<\/kbd> (Pagina su) \u2013 Per tornare indietro o alle schede di sinistra <\/p><div class=\"wp-block-image\"><figure class=\"aligncenter size-full\"><img loading=\"lazy\" decoding=\"async\" class=\"wp-image-69485\" src=\"https:\/\/exceladvisor.org\/wp-content\/uploads\/2023\/08\/2-raccourci-clavier-pour-basculer-les-onglets-vers-la-gauche-png.png\" sizes=\"auto, \" srcset=\"\" alt=\"scorciatoia da tastiera per cambiare scheda a sinistra\" width=\"1918\" height=\"393\"><\/figure><\/div><h2 class=\"wp-block-heading\"> Passaggi per cambiare scheda utilizzando una scorciatoia da tastiera<\/h2><ol><li> Premere e tenere premuto il tasto &#8220;Ctrl&#8221;, quindi premere il tasto &#8220;PgDn&#8221; per passare alla scheda successiva a destra della scheda corrente.<\/li><li> Oppure tenere premuto il tasto &#8220;Ctrl&#8221;, quindi premere il tasto &#8220;PagSu&#8221; per tornare alle schede di sinistra della scheda corrente.<\/li><\/ol><h2 class=\"wp-block-heading\"> Asporto<\/h2><ol><li> L&#8217;utente deve premere pi\u00f9 volte i tasti &#8220;PgDn&#8221; o PgUp&#8221; per passare a pi\u00f9 schede fino a passare alla scheda richiesta.<\/li><li> Se la cartella di lavoro ha, diciamo, 15-20 o pi\u00f9 schede, non \u00e8 una buona opzione passare utilizzando la scorciatoia da tastiera perch\u00e9 la scorciatoia da tastiera non passa direttamente alle schede, ma si sposta scheda per scheda. Quindi in questo caso possiamo fare clic sulle indicazioni del browser sulla barra di scorrimento in basso e utilizzando i tasti freccia su e gi\u00f9 sulla tastiera possiamo selezionare la scheda (foglio di calcolo) e premere Invio per andare direttamente a questa scheda <\/li><\/ol><div class=\"wp-block-image\"><figure class=\"aligncenter size-full is-resized\"><img loading=\"lazy\" decoding=\"async\" class=\"wp-image-69486\" src=\"https:\/\/exceladvisor.org\/wp-content\/uploads\/2023\/08\/3-signe-de-navigation-sous-la-barre-de-defilement.png\" sizes=\"auto, \" srcset=\"\" alt=\"browser-sign-below-scrollbar\" width=\"379\" height=\"375\"><\/figure><\/div><div class=\"wp-block-group more-tutorials is-layout-flow\"><div class=\"wp-block-group__inner-container\"><h2 class=\"wp-block-heading\"> Altri tutorial <\/h2><div class=\"wp-block-columns is-layout-flex wp-container-39\"><div class=\"wp-block-column is-layout-flow\"><ul><li> <a href=\"https:\/\/exceladvisor.org\/it\/vicino\/\">Vicino<\/a><\/li><li> <a href=\"https:\/\/exceladvisor.org\/it\/a-schermo-intero\/\">A schermo intero<\/a><\/li><li> <a href=\"https:\/\/exceladvisor.org\/it\/gruppo-musicale\/\">Gruppo musicale<\/a><\/li><li> <a href=\"https:\/\/exceladvisor.org\/it\/salva-come\/\">Salva come<\/a><\/li><li> <a href=\"https:\/\/exceladvisor.org\/it\/annulla-ripristina\/\">Annulla e ripeti<\/a><\/li><\/ul><\/div><div class=\"wp-block-column is-layout-flow\"><\/div><\/div><p> \u21e0 Ritorna alle <a href=\"https:\/\/exceladvisor.org\/it\/tasti-rapidi\/\">scorciatoie di Excel (scheda di riferimento PDF)<\/a><\/p><\/div><\/div>","protected":false},"excerpt":{"rendered":"","protected":false},"author":1,"featured_media":0,"parent":0,"menu_order":0,"comment_status":"open","ping_status":"closed","template":"","meta":{"ub_ctt_via":"","footnotes":""},"class_list":["post-2201","page","type-page","status-publish","hentry"],"featured_image_src":null,"yoast_head":"<!-- This site is optimized with the Yoast SEO plugin v25.4 - https:\/\/yoast.com\/wordpress\/plugins\/seo\/ -->\n<title>\u25b7 Come cambiare scheda tramite il collegamento di Excel?<\/title>\n<meta name=\"description\" content=\"In questo tutorial imparerai come utilizzare una scorciatoia da tastiera per cambiare scheda (fogli di lavoro) in Excel. Ora questo\" \/>\n<meta name=\"robots\" content=\"index, follow, max-snippet:-1, max-image-preview:large, max-video-preview:-1\" \/>\n<link rel=\"canonical\" href=\"https:\/\/exceladvisor.org\/it\/cambia-scheda\/\" \/>\n<meta property=\"og:locale\" content=\"it_IT\" \/>\n<meta property=\"og:type\" content=\"article\" \/>\n<meta property=\"og:title\" content=\"\u25b7 Come cambiare scheda tramite il collegamento di Excel?\" \/>\n<meta property=\"og:description\" content=\"In questo tutorial imparerai come utilizzare una scorciatoia da tastiera per cambiare scheda (fogli di lavoro) in Excel. Ora questo\" \/>\n<meta property=\"og:url\" content=\"https:\/\/exceladvisor.org\/it\/cambia-scheda\/\" \/>\n<meta property=\"og:site_name\" content=\"Excel Advisor\" \/>\n<meta property=\"article:modified_time\" content=\"2023-12-10T06:21:34+00:00\" \/>\n<meta property=\"og:image\" content=\"https:\/\/exceladvisor.org\/wp-content\/uploads\/2023\/08\/1-raccourci-clavier-pour-basculer-les-onglets-vers-la-droite.png\" \/>\n<meta name=\"twitter:card\" content=\"summary_large_image\" \/>\n<meta name=\"twitter:label1\" content=\"Tempo di lettura stimato\" \/>\n\t<meta name=\"twitter:data1\" content=\"1 minuto\" \/>\n<script type=\"application\/ld+json\" class=\"yoast-schema-graph\">{\"@context\":\"https:\/\/schema.org\",\"@graph\":[{\"@type\":\"WebPage\",\"@id\":\"https:\/\/exceladvisor.org\/it\/cambia-scheda\/\",\"url\":\"https:\/\/exceladvisor.org\/it\/cambia-scheda\/\",\"name\":\"\u25b7 Come cambiare scheda tramite il collegamento di Excel?\",\"isPartOf\":{\"@id\":\"https:\/\/exceladvisor.org\/it\/#website\"},\"primaryImageOfPage\":{\"@id\":\"https:\/\/exceladvisor.org\/it\/cambia-scheda\/#primaryimage\"},\"image\":{\"@id\":\"https:\/\/exceladvisor.org\/it\/cambia-scheda\/#primaryimage\"},\"thumbnailUrl\":\"https:\/\/exceladvisor.org\/wp-content\/uploads\/2023\/08\/1-raccourci-clavier-pour-basculer-les-onglets-vers-la-droite.png\",\"datePublished\":\"2023-09-25T03:07:26+00:00\",\"dateModified\":\"2023-12-10T06:21:34+00:00\",\"description\":\"In questo tutorial imparerai come utilizzare una scorciatoia da tastiera per cambiare scheda (fogli di lavoro) in Excel. Ora questo\",\"breadcrumb\":{\"@id\":\"https:\/\/exceladvisor.org\/it\/cambia-scheda\/#breadcrumb\"},\"inLanguage\":\"it-IT\",\"potentialAction\":[{\"@type\":\"ReadAction\",\"target\":[\"https:\/\/exceladvisor.org\/it\/cambia-scheda\/\"]}]},{\"@type\":\"ImageObject\",\"inLanguage\":\"it-IT\",\"@id\":\"https:\/\/exceladvisor.org\/it\/cambia-scheda\/#primaryimage\",\"url\":\"https:\/\/exceladvisor.org\/wp-content\/uploads\/2023\/08\/1-raccourci-clavier-pour-basculer-les-onglets-vers-la-droite.png\",\"contentUrl\":\"https:\/\/exceladvisor.org\/wp-content\/uploads\/2023\/08\/1-raccourci-clavier-pour-basculer-les-onglets-vers-la-droite.png\"},{\"@type\":\"BreadcrumbList\",\"@id\":\"https:\/\/exceladvisor.org\/it\/cambia-scheda\/#breadcrumb\",\"itemListElement\":[{\"@type\":\"ListItem\",\"position\":1,\"name\":\"Home\",\"item\":\"https:\/\/exceladvisor.org\/it\/\"},{\"@type\":\"ListItem\",\"position\":2,\"name\":\"Come cambiare scheda tramite il collegamento di excel?\"}]},{\"@type\":\"WebSite\",\"@id\":\"https:\/\/exceladvisor.org\/it\/#website\",\"url\":\"https:\/\/exceladvisor.org\/it\/\",\"name\":\"Excel Advisor\",\"description\":\"Tips, Tricks, and Time-Saving Hacks\",\"publisher\":{\"@id\":\"https:\/\/exceladvisor.org\/it\/#organization\"},\"potentialAction\":[{\"@type\":\"SearchAction\",\"target\":{\"@type\":\"EntryPoint\",\"urlTemplate\":\"https:\/\/exceladvisor.org\/it\/?s={search_term_string}\"},\"query-input\":{\"@type\":\"PropertyValueSpecification\",\"valueRequired\":true,\"valueName\":\"search_term_string\"}}],\"inLanguage\":\"it-IT\"},{\"@type\":\"Organization\",\"@id\":\"https:\/\/exceladvisor.org\/it\/#organization\",\"name\":\"Excel Advisor\",\"url\":\"https:\/\/exceladvisor.org\/it\/\",\"logo\":{\"@type\":\"ImageObject\",\"inLanguage\":\"it-IT\",\"@id\":\"https:\/\/exceladvisor.org\/it\/#\/schema\/logo\/image\/\",\"url\":\"https:\/\/exceladvisor.org\/it\/wp-content\/uploads\/2023\/12\/exceladvisor.org_.png\",\"contentUrl\":\"https:\/\/exceladvisor.org\/it\/wp-content\/uploads\/2023\/12\/exceladvisor.org_.png\",\"width\":105,\"height\":36,\"caption\":\"Excel Advisor\"},\"image\":{\"@id\":\"https:\/\/exceladvisor.org\/it\/#\/schema\/logo\/image\/\"}}]}<\/script>\n<!-- \/ Yoast SEO plugin. -->","yoast_head_json":{"title":"\u25b7 Come cambiare scheda tramite il collegamento di Excel?","description":"In questo tutorial imparerai come utilizzare una scorciatoia da tastiera per cambiare scheda (fogli di lavoro) in Excel. Ora questo","robots":{"index":"index","follow":"follow","max-snippet":"max-snippet:-1","max-image-preview":"max-image-preview:large","max-video-preview":"max-video-preview:-1"},"canonical":"https:\/\/exceladvisor.org\/it\/cambia-scheda\/","og_locale":"it_IT","og_type":"article","og_title":"\u25b7 Come cambiare scheda tramite il collegamento di Excel?","og_description":"In questo tutorial imparerai come utilizzare una scorciatoia da tastiera per cambiare scheda (fogli di lavoro) in Excel. Ora questo","og_url":"https:\/\/exceladvisor.org\/it\/cambia-scheda\/","og_site_name":"Excel Advisor","article_modified_time":"2023-12-10T06:21:34+00:00","og_image":[{"url":"https:\/\/exceladvisor.org\/wp-content\/uploads\/2023\/08\/1-raccourci-clavier-pour-basculer-les-onglets-vers-la-droite.png","type":"","width":"","height":""}],"twitter_card":"summary_large_image","twitter_misc":{"Tempo di lettura stimato":"1 minuto"},"schema":{"@context":"https:\/\/schema.org","@graph":[{"@type":"WebPage","@id":"https:\/\/exceladvisor.org\/it\/cambia-scheda\/","url":"https:\/\/exceladvisor.org\/it\/cambia-scheda\/","name":"\u25b7 Come cambiare scheda tramite il collegamento di Excel?","isPartOf":{"@id":"https:\/\/exceladvisor.org\/it\/#website"},"primaryImageOfPage":{"@id":"https:\/\/exceladvisor.org\/it\/cambia-scheda\/#primaryimage"},"image":{"@id":"https:\/\/exceladvisor.org\/it\/cambia-scheda\/#primaryimage"},"thumbnailUrl":"https:\/\/exceladvisor.org\/wp-content\/uploads\/2023\/08\/1-raccourci-clavier-pour-basculer-les-onglets-vers-la-droite.png","datePublished":"2023-09-25T03:07:26+00:00","dateModified":"2023-12-10T06:21:34+00:00","description":"In questo tutorial imparerai come utilizzare una scorciatoia da tastiera per cambiare scheda (fogli di lavoro) in Excel. Ora questo","breadcrumb":{"@id":"https:\/\/exceladvisor.org\/it\/cambia-scheda\/#breadcrumb"},"inLanguage":"it-IT","potentialAction":[{"@type":"ReadAction","target":["https:\/\/exceladvisor.org\/it\/cambia-scheda\/"]}]},{"@type":"ImageObject","inLanguage":"it-IT","@id":"https:\/\/exceladvisor.org\/it\/cambia-scheda\/#primaryimage","url":"https:\/\/exceladvisor.org\/wp-content\/uploads\/2023\/08\/1-raccourci-clavier-pour-basculer-les-onglets-vers-la-droite.png","contentUrl":"https:\/\/exceladvisor.org\/wp-content\/uploads\/2023\/08\/1-raccourci-clavier-pour-basculer-les-onglets-vers-la-droite.png"},{"@type":"BreadcrumbList","@id":"https:\/\/exceladvisor.org\/it\/cambia-scheda\/#breadcrumb","itemListElement":[{"@type":"ListItem","position":1,"name":"Home","item":"https:\/\/exceladvisor.org\/it\/"},{"@type":"ListItem","position":2,"name":"Come cambiare scheda tramite il collegamento di excel?"}]},{"@type":"WebSite","@id":"https:\/\/exceladvisor.org\/it\/#website","url":"https:\/\/exceladvisor.org\/it\/","name":"Excel Advisor","description":"Tips, Tricks, and Time-Saving Hacks","publisher":{"@id":"https:\/\/exceladvisor.org\/it\/#organization"},"potentialAction":[{"@type":"SearchAction","target":{"@type":"EntryPoint","urlTemplate":"https:\/\/exceladvisor.org\/it\/?s={search_term_string}"},"query-input":{"@type":"PropertyValueSpecification","valueRequired":true,"valueName":"search_term_string"}}],"inLanguage":"it-IT"},{"@type":"Organization","@id":"https:\/\/exceladvisor.org\/it\/#organization","name":"Excel Advisor","url":"https:\/\/exceladvisor.org\/it\/","logo":{"@type":"ImageObject","inLanguage":"it-IT","@id":"https:\/\/exceladvisor.org\/it\/#\/schema\/logo\/image\/","url":"https:\/\/exceladvisor.org\/it\/wp-content\/uploads\/2023\/12\/exceladvisor.org_.png","contentUrl":"https:\/\/exceladvisor.org\/it\/wp-content\/uploads\/2023\/12\/exceladvisor.org_.png","width":105,"height":36,"caption":"Excel Advisor"},"image":{"@id":"https:\/\/exceladvisor.org\/it\/#\/schema\/logo\/image\/"}}]}},"yoast_meta":{"yoast_wpseo_title":"","yoast_wpseo_metadesc":"","yoast_wpseo_canonical":""},"_links":{"self":[{"href":"https:\/\/exceladvisor.org\/it\/wp-json\/wp\/v2\/pages\/2201","targetHints":{"allow":["GET"]}}],"collection":[{"href":"https:\/\/exceladvisor.org\/it\/wp-json\/wp\/v2\/pages"}],"about":[{"href":"https:\/\/exceladvisor.org\/it\/wp-json\/wp\/v2\/types\/page"}],"author":[{"embeddable":true,"href":"https:\/\/exceladvisor.org\/it\/wp-json\/wp\/v2\/users\/1"}],"replies":[{"embeddable":true,"href":"https:\/\/exceladvisor.org\/it\/wp-json\/wp\/v2\/comments?post=2201"}],"version-history":[{"count":1,"href":"https:\/\/exceladvisor.org\/it\/wp-json\/wp\/v2\/pages\/2201\/revisions"}],"predecessor-version":[{"id":2368,"href":"https:\/\/exceladvisor.org\/it\/wp-json\/wp\/v2\/pages\/2201\/revisions\/2368"}],"wp:attachment":[{"href":"https:\/\/exceladvisor.org\/it\/wp-json\/wp\/v2\/media?parent=2201"}],"curies":[{"name":"wp","href":"https:\/\/api.w.org\/{rel}","templated":true}]}}