{"id":2203,"date":"2023-09-25T02:20:43","date_gmt":"2023-09-25T02:20:43","guid":{"rendered":"https:\/\/exceladvisor.org\/it\/annulla-ripristina\/"},"modified":"2023-12-10T06:20:29","modified_gmt":"2023-12-10T06:20:29","slug":"annulla-ripristina","status":"publish","type":"page","link":"https:\/\/exceladvisor.org\/it\/annulla-ripristina\/","title":{"rendered":"Come annullare e ripetere utilizzando il collegamento di excel?"},"content":{"rendered":"<div class=\"excel-prima-del-contenuto\" id=\"excel-3420234937\"><script type=\"text\/javascript\">\r\n\tatOptions = {\r\n\t\t'key' : 'c1158f160081d6540a8409e6925dab94',\r\n\t\t'format' : 'iframe',\r\n\t\t'height' : 250,\r\n\t\t'width' : 300,\r\n\t\t'params' : {}\r\n\t};\r\n<\/script>\r\n<script type=\"text\/javascript\" src=\"\/\/www.highperformanceformat.com\/c1158f160081d6540a8409e6925dab94\/invoke.js\"><\/script><\/div> <p>Annulla viene utilizzato per annullare le ultime azioni eseguite dall&#8217;utente in Excel, Excel per impostazione predefinita memorizza le ultime 100 azioni, quindi utilizzando l&#8217;opzione Annulla l&#8217;utente pu\u00f2 annullare le proprie azioni fino a 100 volte e ripristinare le cose come erano com&#8217;erano. \u00c8 inoltre possibile eseguire un&#8217;azione di annullamento anche se il file \u00e8 stato salvato.<\/p><p> Ripeti fa l&#8217;opposto di Annulla. Supponiamo che l&#8217;utente abbia annullato alcune delle ultime azioni, ma ora desideri ripristinare alcune delle azioni annullate in modo da poter ripetere le azioni annullate utilizzando l&#8217;opzione Ripeti che ripristina le azioni annullate.<\/p><h2 class=\"wp-block-heading\"> Scorciatoia da tastiera per annullare \u2013 ripetere in Excel<\/h2><p> Annulla: <kbd>Ctrl<\/kbd> + <kbd>Z<\/kbd> <\/p><div class=\"wp-block-image\"><figure class=\"aligncenter size-full is-resized\"><img loading=\"lazy\" decoding=\"async\" class=\"wp-image-67565\" src=\"https:\/\/exceladvisor.org\/wp-content\/uploads\/2023\/08\/1-touches-de-raccourci-dannulation.png\" sizes=\"auto, \" srcset=\"\" alt=\"Tasti di scelta rapida Annulla\" width=\"897\" height=\"351\"><\/figure><\/div><p> Ripeti: <kbd>Ctrl<\/kbd> + <kbd>Y<\/kbd> <\/p><div class=\"wp-block-image\"><figure class=\"aligncenter size-full is-resized\"><img loading=\"lazy\" decoding=\"async\" class=\"wp-image-67566\" src=\"https:\/\/exceladvisor.org\/wp-content\/uploads\/2023\/08\/2-touches-de-raccourci-de-retablissement.png\" sizes=\"auto, \" srcset=\"\" alt=\"tasti di scelta rapida ripetuti\" width=\"899\" height=\"352\"><\/figure><\/div><h2 class=\"wp-block-heading\"> Passaggi da utilizzare Annulla \u2013 Ripeti utilizzando la scorciatoia da tastiera<\/h2><ol><li> Premi semplicemente la scorciatoia da tastiera Ctrl+Z una volta se desideri annullare un singolo ultimo passaggio o premi ripetutamente fino al numero di passaggi che desideri annullare.<\/li><li> Per ripristinare i passaggi di annullamento, premi semplicemente la scorciatoia da tastiera Ctrl + Y pi\u00f9 volte fino a raggiungere il punto in cui desideri ripristinare le azioni di annullamento. <\/li><\/ol><div class=\"wp-block-group more-tutorials is-layout-flow\"><div class=\"wp-block-group__inner-container\"><h2 class=\"wp-block-heading\"> Altri tutorial <\/h2><div class=\"wp-block-columns is-layout-flex wp-container-31\"><div class=\"wp-block-column is-layout-flow\"><ul><li> <a href=\"https:\/\/exceladvisor.org\/it\/vicino\/\">Vicino<\/a><\/li><li> <a href=\"https:\/\/exceladvisor.org\/it\/a-schermo-intero\/\">A schermo intero<\/a><\/li><li> <a href=\"https:\/\/exceladvisor.org\/it\/gruppo-musicale\/\">Gruppo musicale<\/a><\/li><li> <a href=\"https:\/\/exceladvisor.org\/it\/anteprima-di-stampa-1\/\">Anteprima prima della stampa<\/a><\/li><li> <a href=\"https:\/\/exceladvisor.org\/it\/salva-come\/\">Salva come<\/a><\/li><\/ul><\/div><div class=\"wp-block-column is-layout-flow\"><\/div><\/div><p> \u21e0 Ritorna alle <a href=\"https:\/\/exceladvisor.org\/it\/tasti-rapidi\/\">scorciatoie di Excel (scheda di riferimento PDF)<\/a><\/p><\/div><\/div>","protected":false},"excerpt":{"rendered":"","protected":false},"author":1,"featured_media":0,"parent":0,"menu_order":0,"comment_status":"open","ping_status":"closed","template":"","meta":{"ub_ctt_via":"","footnotes":""},"class_list":["post-2203","page","type-page","status-publish","hentry"],"featured_image_src":null,"yoast_head":"<!-- This site is optimized with the Yoast SEO plugin v25.4 - https:\/\/yoast.com\/wordpress\/plugins\/seo\/ -->\n<title>\u25b7 Come annullare e ripetere utilizzando il collegamento di Excel?<\/title>\n<meta name=\"description\" content=\"In questo tutorial impareremo come utilizzare una scorciatoia da tastiera per annullare e ripetere in un foglio di lavoro in Excel.\" \/>\n<meta name=\"robots\" content=\"index, follow, max-snippet:-1, max-image-preview:large, max-video-preview:-1\" \/>\n<link rel=\"canonical\" href=\"https:\/\/exceladvisor.org\/it\/annulla-ripristina\/\" \/>\n<meta property=\"og:locale\" content=\"it_IT\" \/>\n<meta property=\"og:type\" content=\"article\" \/>\n<meta property=\"og:title\" content=\"\u25b7 Come annullare e ripetere utilizzando il collegamento di Excel?\" \/>\n<meta property=\"og:description\" content=\"In questo tutorial impareremo come utilizzare una scorciatoia da tastiera per annullare e ripetere in un foglio di lavoro in Excel.\" \/>\n<meta property=\"og:url\" content=\"https:\/\/exceladvisor.org\/it\/annulla-ripristina\/\" \/>\n<meta property=\"og:site_name\" content=\"Excel Advisor\" \/>\n<meta property=\"article:modified_time\" content=\"2023-12-10T06:20:29+00:00\" \/>\n<meta property=\"og:image\" content=\"https:\/\/exceladvisor.org\/wp-content\/uploads\/2023\/08\/1-touches-de-raccourci-dannulation.png\" \/>\n<meta name=\"twitter:card\" content=\"summary_large_image\" \/>\n<meta name=\"twitter:label1\" content=\"Tempo di lettura stimato\" \/>\n\t<meta name=\"twitter:data1\" content=\"1 minuto\" \/>\n<script type=\"application\/ld+json\" class=\"yoast-schema-graph\">{\"@context\":\"https:\/\/schema.org\",\"@graph\":[{\"@type\":\"WebPage\",\"@id\":\"https:\/\/exceladvisor.org\/it\/annulla-ripristina\/\",\"url\":\"https:\/\/exceladvisor.org\/it\/annulla-ripristina\/\",\"name\":\"\u25b7 Come annullare e ripetere utilizzando il collegamento di Excel?\",\"isPartOf\":{\"@id\":\"https:\/\/exceladvisor.org\/it\/#website\"},\"primaryImageOfPage\":{\"@id\":\"https:\/\/exceladvisor.org\/it\/annulla-ripristina\/#primaryimage\"},\"image\":{\"@id\":\"https:\/\/exceladvisor.org\/it\/annulla-ripristina\/#primaryimage\"},\"thumbnailUrl\":\"https:\/\/exceladvisor.org\/wp-content\/uploads\/2023\/08\/1-touches-de-raccourci-dannulation.png\",\"datePublished\":\"2023-09-25T02:20:43+00:00\",\"dateModified\":\"2023-12-10T06:20:29+00:00\",\"description\":\"In questo tutorial impareremo come utilizzare una scorciatoia da tastiera per annullare e ripetere in un foglio di lavoro in Excel.\",\"breadcrumb\":{\"@id\":\"https:\/\/exceladvisor.org\/it\/annulla-ripristina\/#breadcrumb\"},\"inLanguage\":\"it-IT\",\"potentialAction\":[{\"@type\":\"ReadAction\",\"target\":[\"https:\/\/exceladvisor.org\/it\/annulla-ripristina\/\"]}]},{\"@type\":\"ImageObject\",\"inLanguage\":\"it-IT\",\"@id\":\"https:\/\/exceladvisor.org\/it\/annulla-ripristina\/#primaryimage\",\"url\":\"https:\/\/exceladvisor.org\/wp-content\/uploads\/2023\/08\/1-touches-de-raccourci-dannulation.png\",\"contentUrl\":\"https:\/\/exceladvisor.org\/wp-content\/uploads\/2023\/08\/1-touches-de-raccourci-dannulation.png\"},{\"@type\":\"BreadcrumbList\",\"@id\":\"https:\/\/exceladvisor.org\/it\/annulla-ripristina\/#breadcrumb\",\"itemListElement\":[{\"@type\":\"ListItem\",\"position\":1,\"name\":\"Home\",\"item\":\"https:\/\/exceladvisor.org\/it\/\"},{\"@type\":\"ListItem\",\"position\":2,\"name\":\"Come annullare e ripetere utilizzando il collegamento di excel?\"}]},{\"@type\":\"WebSite\",\"@id\":\"https:\/\/exceladvisor.org\/it\/#website\",\"url\":\"https:\/\/exceladvisor.org\/it\/\",\"name\":\"Excel Advisor\",\"description\":\"Tips, Tricks, and Time-Saving Hacks\",\"publisher\":{\"@id\":\"https:\/\/exceladvisor.org\/it\/#organization\"},\"potentialAction\":[{\"@type\":\"SearchAction\",\"target\":{\"@type\":\"EntryPoint\",\"urlTemplate\":\"https:\/\/exceladvisor.org\/it\/?s={search_term_string}\"},\"query-input\":{\"@type\":\"PropertyValueSpecification\",\"valueRequired\":true,\"valueName\":\"search_term_string\"}}],\"inLanguage\":\"it-IT\"},{\"@type\":\"Organization\",\"@id\":\"https:\/\/exceladvisor.org\/it\/#organization\",\"name\":\"Excel Advisor\",\"url\":\"https:\/\/exceladvisor.org\/it\/\",\"logo\":{\"@type\":\"ImageObject\",\"inLanguage\":\"it-IT\",\"@id\":\"https:\/\/exceladvisor.org\/it\/#\/schema\/logo\/image\/\",\"url\":\"https:\/\/exceladvisor.org\/it\/wp-content\/uploads\/2023\/12\/exceladvisor.org_.png\",\"contentUrl\":\"https:\/\/exceladvisor.org\/it\/wp-content\/uploads\/2023\/12\/exceladvisor.org_.png\",\"width\":105,\"height\":36,\"caption\":\"Excel Advisor\"},\"image\":{\"@id\":\"https:\/\/exceladvisor.org\/it\/#\/schema\/logo\/image\/\"}}]}<\/script>\n<!-- \/ Yoast SEO plugin. -->","yoast_head_json":{"title":"\u25b7 Come annullare e ripetere utilizzando il collegamento di Excel?","description":"In questo tutorial impareremo come utilizzare una scorciatoia da tastiera per annullare e ripetere in un foglio di lavoro in Excel.","robots":{"index":"index","follow":"follow","max-snippet":"max-snippet:-1","max-image-preview":"max-image-preview:large","max-video-preview":"max-video-preview:-1"},"canonical":"https:\/\/exceladvisor.org\/it\/annulla-ripristina\/","og_locale":"it_IT","og_type":"article","og_title":"\u25b7 Come annullare e ripetere utilizzando il collegamento di Excel?","og_description":"In questo tutorial impareremo come utilizzare una scorciatoia da tastiera per annullare e ripetere in un foglio di lavoro in Excel.","og_url":"https:\/\/exceladvisor.org\/it\/annulla-ripristina\/","og_site_name":"Excel Advisor","article_modified_time":"2023-12-10T06:20:29+00:00","og_image":[{"url":"https:\/\/exceladvisor.org\/wp-content\/uploads\/2023\/08\/1-touches-de-raccourci-dannulation.png","type":"","width":"","height":""}],"twitter_card":"summary_large_image","twitter_misc":{"Tempo di lettura stimato":"1 minuto"},"schema":{"@context":"https:\/\/schema.org","@graph":[{"@type":"WebPage","@id":"https:\/\/exceladvisor.org\/it\/annulla-ripristina\/","url":"https:\/\/exceladvisor.org\/it\/annulla-ripristina\/","name":"\u25b7 Come annullare e ripetere utilizzando il collegamento di Excel?","isPartOf":{"@id":"https:\/\/exceladvisor.org\/it\/#website"},"primaryImageOfPage":{"@id":"https:\/\/exceladvisor.org\/it\/annulla-ripristina\/#primaryimage"},"image":{"@id":"https:\/\/exceladvisor.org\/it\/annulla-ripristina\/#primaryimage"},"thumbnailUrl":"https:\/\/exceladvisor.org\/wp-content\/uploads\/2023\/08\/1-touches-de-raccourci-dannulation.png","datePublished":"2023-09-25T02:20:43+00:00","dateModified":"2023-12-10T06:20:29+00:00","description":"In questo tutorial impareremo come utilizzare una scorciatoia da tastiera per annullare e ripetere in un foglio di lavoro in Excel.","breadcrumb":{"@id":"https:\/\/exceladvisor.org\/it\/annulla-ripristina\/#breadcrumb"},"inLanguage":"it-IT","potentialAction":[{"@type":"ReadAction","target":["https:\/\/exceladvisor.org\/it\/annulla-ripristina\/"]}]},{"@type":"ImageObject","inLanguage":"it-IT","@id":"https:\/\/exceladvisor.org\/it\/annulla-ripristina\/#primaryimage","url":"https:\/\/exceladvisor.org\/wp-content\/uploads\/2023\/08\/1-touches-de-raccourci-dannulation.png","contentUrl":"https:\/\/exceladvisor.org\/wp-content\/uploads\/2023\/08\/1-touches-de-raccourci-dannulation.png"},{"@type":"BreadcrumbList","@id":"https:\/\/exceladvisor.org\/it\/annulla-ripristina\/#breadcrumb","itemListElement":[{"@type":"ListItem","position":1,"name":"Home","item":"https:\/\/exceladvisor.org\/it\/"},{"@type":"ListItem","position":2,"name":"Come annullare e ripetere utilizzando il collegamento di excel?"}]},{"@type":"WebSite","@id":"https:\/\/exceladvisor.org\/it\/#website","url":"https:\/\/exceladvisor.org\/it\/","name":"Excel Advisor","description":"Tips, Tricks, and Time-Saving Hacks","publisher":{"@id":"https:\/\/exceladvisor.org\/it\/#organization"},"potentialAction":[{"@type":"SearchAction","target":{"@type":"EntryPoint","urlTemplate":"https:\/\/exceladvisor.org\/it\/?s={search_term_string}"},"query-input":{"@type":"PropertyValueSpecification","valueRequired":true,"valueName":"search_term_string"}}],"inLanguage":"it-IT"},{"@type":"Organization","@id":"https:\/\/exceladvisor.org\/it\/#organization","name":"Excel Advisor","url":"https:\/\/exceladvisor.org\/it\/","logo":{"@type":"ImageObject","inLanguage":"it-IT","@id":"https:\/\/exceladvisor.org\/it\/#\/schema\/logo\/image\/","url":"https:\/\/exceladvisor.org\/it\/wp-content\/uploads\/2023\/12\/exceladvisor.org_.png","contentUrl":"https:\/\/exceladvisor.org\/it\/wp-content\/uploads\/2023\/12\/exceladvisor.org_.png","width":105,"height":36,"caption":"Excel Advisor"},"image":{"@id":"https:\/\/exceladvisor.org\/it\/#\/schema\/logo\/image\/"}}]}},"yoast_meta":{"yoast_wpseo_title":"","yoast_wpseo_metadesc":"","yoast_wpseo_canonical":""},"_links":{"self":[{"href":"https:\/\/exceladvisor.org\/it\/wp-json\/wp\/v2\/pages\/2203","targetHints":{"allow":["GET"]}}],"collection":[{"href":"https:\/\/exceladvisor.org\/it\/wp-json\/wp\/v2\/pages"}],"about":[{"href":"https:\/\/exceladvisor.org\/it\/wp-json\/wp\/v2\/types\/page"}],"author":[{"embeddable":true,"href":"https:\/\/exceladvisor.org\/it\/wp-json\/wp\/v2\/users\/1"}],"replies":[{"embeddable":true,"href":"https:\/\/exceladvisor.org\/it\/wp-json\/wp\/v2\/comments?post=2203"}],"version-history":[{"count":1,"href":"https:\/\/exceladvisor.org\/it\/wp-json\/wp\/v2\/pages\/2203\/revisions"}],"predecessor-version":[{"id":2306,"href":"https:\/\/exceladvisor.org\/it\/wp-json\/wp\/v2\/pages\/2203\/revisions\/2306"}],"wp:attachment":[{"href":"https:\/\/exceladvisor.org\/it\/wp-json\/wp\/v2\/media?parent=2203"}],"curies":[{"name":"wp","href":"https:\/\/api.w.org\/{rel}","templated":true}]}}