{"id":2208,"date":"2023-09-01T08:27:58","date_gmt":"2023-09-01T08:27:58","guid":{"rendered":"https:\/\/exceladvisor.org\/it\/trova-la-cella-della-colonna-dellultima-riga\/"},"modified":"2023-12-10T06:26:05","modified_gmt":"2023-12-10T06:26:05","slug":"trova-la-cella-della-colonna-dellultima-riga","status":"publish","type":"page","link":"https:\/\/exceladvisor.org\/it\/trova-la-cella-della-colonna-dellultima-riga\/","title":{"rendered":"Come trovare l&#39;ultima riga, colonna e cella?"},"content":{"rendered":"<div class=\"excel-prima-del-contenuto\" id=\"excel-3659217938\"><script type=\"text\/javascript\">\r\n\tatOptions = {\r\n\t\t'key' : 'c1158f160081d6540a8409e6925dab94',\r\n\t\t'format' : 'iframe',\r\n\t\t'height' : 250,\r\n\t\t'width' : 300,\r\n\t\t'params' : {}\r\n\t};\r\n<\/script>\r\n<script type=\"text\/javascript\" src=\"\/\/www.highperformanceformat.com\/c1158f160081d6540a8409e6925dab94\/invoke.js\"><\/script><\/div> <p>Per trovare l&#8217;ultima riga, colonna o cella, puoi utilizzare la propriet\u00e0 &#8220;Fine&#8221; dell&#8217;intervallo. La propriet\u00e0 end ti consente di navigare fino alla fine dell&#8217;intervallo di dati (fino all&#8217;ultima cella che non \u00e8 vuota). Con questo, ci sono costanti che puoi usare per decidere in quale direzione vuoi navigare (su, gi\u00f9, sinistra o destra).<\/p><h2 class=\"wp-block-heading\"> Utilizza VBA per trovare l&#8217;ultima riga in Excel<\/h2><ol type=\"1\"><li> Imposta la cella o l&#8217;intervallo da cui desideri navigare fino all&#8217;ultima riga.<\/li><li> Successivamente, inserisci un punto per ottenere l&#8217;elenco di propriet\u00e0 e metodi.<\/li><li> Seleziona o digita &#8220;Fine&#8221; e inserisci una parentesi iniziale.<\/li><li> Usa qualunque argomento tu voglia usare.<\/li><li> Inoltre, utilizza la propriet\u00e0 address per ottenere l&#8217;indirizzo della cella.<\/li><\/ol><pre class=\"wp-block-code\"> <code class=\"language-visual-basic\" lang=\"visual-basic\">MsgBox Range(\"A1\").End(xlDown).Address<\/code><\/pre><p> Quando esegui il codice sopra, ti mostra una finestra di messaggio con il numero di riga dell&#8217;ultima cella non vuota. <\/p><div class=\"wp-block-image\"><figure class=\"aligncenter size-large is-resized\"><img loading=\"lazy\" decoding=\"async\" class=\"wp-image-54519\" src=\"https:\/\/exceladvisor.org\/wp-content\/uploads\/2023\/08\/1-utiliser-vba-pour-trouver-la-derniere-ligne.png\" sizes=\"auto, \" srcset=\"\" alt=\"usa vba per trovare l'ultima riga\" width=\"628\" height=\"512\"><\/figure><\/div><h2 class=\"wp-block-heading\"> Trova l&#8217;ultima colonna usando VBA<\/h2><p> Ora diciamo che vuoi trovare l&#8217;ultima colonna. In questo caso, invece di usare la costante &#8220;xlDown&#8221;, dovresti usare &#8220;xlRight&#8221;, e se vuoi selezionare quella cella invece di avere l&#8217;indirizzo, puoi usare il metodo &#8220;select&#8221;. Considera il seguente metodo. <\/p><pre class=\"wp-block-code\"> <code class=\"language-visual-basic\" lang=\"visual-basic\">Range(\"A1\").End(xlToRight).Select<\/code><\/pre><div class=\"wp-block-image\"><figure class=\"aligncenter size-large is-resized\"><img loading=\"lazy\" decoding=\"async\" class=\"wp-image-54521\" src=\"https:\/\/exceladvisor.org\/wp-content\/uploads\/2023\/08\/2-utilisez-vba-pour-trouver-la-derniere-colonne.png\" sizes=\"auto, \" srcset=\"\" alt=\"usa vba per trovare l'ultima colonna\" width=\"616\" height=\"563\"><\/figure><\/div><h2 class=\"wp-block-heading\"> Trova l&#8217;ultima cella<\/h2><p> Utilizzando lo stesso metodo puoi anche ottenere l&#8217;ultima cella che \u00e8 una cella non vuota. Per scrivere questo codice, devi conoscere l&#8217;ultima riga e l&#8217;ultima colonna. <\/p><pre class=\"wp-block-code\"> <code class=\"language-visual-basic\" lang=\"visual-basic\">Sub vba_last_row() Dim lRow As Long Dim lColumn As Long lRow = Range(\"A1\").End(xlDown).Row lColumn = Range(\"A1\").End(xlToRight).Column Cells(lRow, lColumn).Select End Sub<\/code><\/pre><div class=\"wp-block-image\"><figure class=\"aligncenter size-large is-resized\"><img loading=\"lazy\" decoding=\"async\" class=\"wp-image-54522\" src=\"https:\/\/exceladvisor.org\/wp-content\/uploads\/2023\/08\/3-trouver-la-derniere-cellule.png\" sizes=\"auto, \" srcset=\"\" alt=\"trova l'ultima cella\" width=\"793\" height=\"303\"><\/figure><\/div><p> Per comprendere il codice sopra, dobbiamo dividerlo in tre parti. <\/p><div class=\"wp-block-image\"><figure class=\"aligncenter size-large is-resized\"><img loading=\"lazy\" decoding=\"async\" class=\"wp-image-54523\" src=\"https:\/\/exceladvisor.org\/wp-content\/uploads\/2023\/08\/4-code-pour-trouver-la-derniere-ligne-et-colonne.png\" sizes=\"auto, \" srcset=\"\" alt=\"codice per trovare l'ultima riga e colonna\" width=\"484\" height=\"336\"><\/figure><\/div><ol type=\"1\"><li> Nella PRIMA parte, hai <a href=\"https:\/\/exceladvisor.org\/it\/variabili\/\">dichiarato due variabili<\/a> per memorizzare il numero di riga e il numero di colonna.<\/li><li> Nella SECONDA parte, hai usato &#8220;End&#8221; con la &#8220;xlDown&#8221; poi la propriet\u00e0 Row per ottenere il numero di riga dell&#8217;ultima, e allo stesso modo hai usato &#8220;End&#8221; con la &#8220;xlToRight&#8221; poi la propriet\u00e0 \u201cColonna\u201d per ottenere il numero di colonna dell&#8217;ultima colonna.<\/li><li> Nella TERZA parte, utilizzando l&#8217;ultimo numero di colonna e l&#8217;ultimo numero di riga, fare riferimento all&#8217;ultima cella e selezionarla.<\/li><\/ol><p class=\"qt-tip\"> <strong>Nota:<\/strong> se desideri selezionare una cella nei diversi <a href=\"https:\/\/exceladvisor.org\/it\/foglio-di-lavoro-1\/\">fogli di lavoro<\/a> utilizzando il metodo dell&#8217;ultima riga e dell&#8217;ultima colonna, devi prima <a href=\"https:\/\/exceladvisor.org\/it\/attivare-il-foglio\/\">abilitare quel foglio di lavoro<\/a> .<\/p><h2 class=\"wp-block-heading\"> Ultima riga, colonna e cella utilizzando il metodo Trova<\/h2><p> Puoi anche utilizzare il metodo find con l&#8217;oggetto range per ottenere l&#8217;ultima riga, colonna e cella del foglio di lavoro. Per trovare il numero di riga, ecco il codice:<\/p><pre class=\"wp-block-code\"> <code class=\"language-visual-basic\" lang=\"visual-basic\">Sub vba_last_row() Dim iRow As Long iRow = Cells.Find(What:=\"*\", _ After:=Range(\"A1\"), _ LookAt:=xlPart, _ LookIn:=xlFormulas, _ SearchOrder:=xlByRows, _ SearchDirection:=xlPrevious, _ MatchCase:=False).Row MsgBox iRow End Sub<\/code><\/pre><p> Per il numero di colonna:<\/p><pre class=\"wp-block-code\"> <code class=\"language-visual-basic\" lang=\"visual-basic\">Sub vba_last_row() Dim iColumn As Long iColumn = Cells.Find(What:=\"*\", _ After:=Range(\"A1\"), _ LookAt:=xlPart, _ LookIn:=xlFormulas, _ SearchOrder:=xlByColumns, _ SearchDirection:=xlPrevious, _ MatchCase:=False).Column MsgBox iColumn End Sub<\/code><\/pre><p> Per ottenere l&#8217;indirizzo dell&#8217;ultima cella.<\/p><pre class=\"wp-block-code\"> <code class=\"language-visual-basic\" lang=\"visual-basic\">Sub vba_last_row() Dim iColumn As Long Dim iRow As Long iColumn = Cells.Find(What:=\"*\", _ After:=Range(\"A1\"), _ LookAt:=xlPart, _ LookIn:=xlFormulas, _ SearchOrder:=xlByColumns, _ SearchDirection:=xlPrevious, _ MatchCase:=False).Column iRow = Cells.Find(What:=\"*\", _ After:=Range(\"A1\"), _ LookAt:=xlPart, _ LookIn:=xlFormulas, _ SearchOrder:=xlByRows, _ SearchDirection:=xlPrevious, _ MatchCase:=False).Row Cells(iRow, iColumn).Address End Sub<\/code><\/pre><div class=\"gb-container gb-container-4db6181c gb-container-mt\"> <a class=\"gb-button gb-button-c5897111 gb-button-text gb-button-mt-button\" href=\"https:\/\/exceladvisor.org\/it\/vba\/\">Cos&#8217;\u00e8 VBA<\/a><h2 class=\"gb-headline gb-headline-665e5f6b gb-headline-text gb-headline-mt-heading\"> Tutorial correlati <\/h2><div class=\"gb-grid-wrapper gb-grid-wrapper-a20baf7c gb-grid-wrapper-mt-grid\"><div class=\"gb-grid-column gb-grid-column-65ddf67e\"><div class=\"gb-container gb-container-65ddf67e\"><ul><li> <a href=\"https:\/\/exceladvisor.org\/it\/numero-di-righe\/\">Contare le righe utilizzando VBA in Excel<\/a><\/li><li> <a href=\"https:\/\/exceladvisor.org\/it\/carattere-del-carattere\/\">Carattere VBA Excel (colore, dimensione, tipo e grassetto)<\/a><\/li><li> <a href=\"https:\/\/exceladvisor.org\/it\/nascondi-mostra-la-riga-della-colonna\/\">Excel VBA Nascondi e mostra una colonna o una riga<\/a><\/li><li> <a href=\"https:\/\/exceladvisor.org\/it\/gamma-1\/\">Intervallo VBA di Excel: utilizzo di intervalli e celle<\/a><\/li><li> <a href=\"https:\/\/exceladvisor.org\/it\/frontiere\/\">Applica i bordi a una cella utilizzando VBA in Excel<\/a> <\/li><\/ul><\/div><\/div><div class=\"gb-grid-column gb-grid-column-50067b57\"><div class=\"gb-container gb-container-50067b57\"><\/div><\/div><\/div><\/div>","protected":false},"excerpt":{"rendered":"","protected":false},"author":1,"featured_media":0,"parent":0,"menu_order":0,"comment_status":"open","ping_status":"closed","template":"","meta":{"ub_ctt_via":"","footnotes":""},"class_list":["post-2208","page","type-page","status-publish","hentry"],"featured_image_src":null,"yoast_head":"<!-- This site is optimized with the Yoast SEO plugin v25.4 - https:\/\/yoast.com\/wordpress\/plugins\/seo\/ -->\n<title>Come trovare l&#039;ultima riga, colonna e cella in Excel?<\/title>\n<meta name=\"description\" content=\"Questo tutorial mostra come utilizzare VBA per trovare l&#039;ultima riga, l&#039;ultima colonna e l&#039;ultima cella di un foglio di lavoro.\" \/>\n<meta name=\"robots\" content=\"index, follow, max-snippet:-1, max-image-preview:large, max-video-preview:-1\" \/>\n<link rel=\"canonical\" href=\"https:\/\/exceladvisor.org\/it\/trova-la-cella-della-colonna-dellultima-riga\/\" \/>\n<meta property=\"og:locale\" content=\"it_IT\" \/>\n<meta property=\"og:type\" content=\"article\" \/>\n<meta property=\"og:title\" content=\"Come trovare l&#039;ultima riga, colonna e cella in Excel?\" \/>\n<meta property=\"og:description\" content=\"Questo tutorial mostra come utilizzare VBA per trovare l&#039;ultima riga, l&#039;ultima colonna e l&#039;ultima cella di un foglio di lavoro.\" \/>\n<meta property=\"og:url\" content=\"https:\/\/exceladvisor.org\/it\/trova-la-cella-della-colonna-dellultima-riga\/\" \/>\n<meta property=\"og:site_name\" content=\"Excel Advisor\" \/>\n<meta property=\"article:modified_time\" content=\"2023-12-10T06:26:05+00:00\" \/>\n<meta property=\"og:image\" content=\"https:\/\/exceladvisor.org\/wp-content\/uploads\/2023\/08\/1-utiliser-vba-pour-trouver-la-derniere-ligne.png\" \/>\n<meta name=\"twitter:card\" content=\"summary_large_image\" \/>\n<meta name=\"twitter:label1\" content=\"Tempo di lettura stimato\" \/>\n\t<meta name=\"twitter:data1\" content=\"3 minuti\" \/>\n<script type=\"application\/ld+json\" class=\"yoast-schema-graph\">{\"@context\":\"https:\/\/schema.org\",\"@graph\":[{\"@type\":\"WebPage\",\"@id\":\"https:\/\/exceladvisor.org\/it\/trova-la-cella-della-colonna-dellultima-riga\/\",\"url\":\"https:\/\/exceladvisor.org\/it\/trova-la-cella-della-colonna-dellultima-riga\/\",\"name\":\"Come trovare l&#39;ultima riga, colonna e cella in Excel?\",\"isPartOf\":{\"@id\":\"https:\/\/exceladvisor.org\/it\/#website\"},\"primaryImageOfPage\":{\"@id\":\"https:\/\/exceladvisor.org\/it\/trova-la-cella-della-colonna-dellultima-riga\/#primaryimage\"},\"image\":{\"@id\":\"https:\/\/exceladvisor.org\/it\/trova-la-cella-della-colonna-dellultima-riga\/#primaryimage\"},\"thumbnailUrl\":\"https:\/\/exceladvisor.org\/wp-content\/uploads\/2023\/08\/1-utiliser-vba-pour-trouver-la-derniere-ligne.png\",\"datePublished\":\"2023-09-01T08:27:58+00:00\",\"dateModified\":\"2023-12-10T06:26:05+00:00\",\"description\":\"Questo tutorial mostra come utilizzare VBA per trovare l&#39;ultima riga, l&#39;ultima colonna e l&#39;ultima cella di un foglio di lavoro.\",\"breadcrumb\":{\"@id\":\"https:\/\/exceladvisor.org\/it\/trova-la-cella-della-colonna-dellultima-riga\/#breadcrumb\"},\"inLanguage\":\"it-IT\",\"potentialAction\":[{\"@type\":\"ReadAction\",\"target\":[\"https:\/\/exceladvisor.org\/it\/trova-la-cella-della-colonna-dellultima-riga\/\"]}]},{\"@type\":\"ImageObject\",\"inLanguage\":\"it-IT\",\"@id\":\"https:\/\/exceladvisor.org\/it\/trova-la-cella-della-colonna-dellultima-riga\/#primaryimage\",\"url\":\"https:\/\/exceladvisor.org\/wp-content\/uploads\/2023\/08\/1-utiliser-vba-pour-trouver-la-derniere-ligne.png\",\"contentUrl\":\"https:\/\/exceladvisor.org\/wp-content\/uploads\/2023\/08\/1-utiliser-vba-pour-trouver-la-derniere-ligne.png\"},{\"@type\":\"BreadcrumbList\",\"@id\":\"https:\/\/exceladvisor.org\/it\/trova-la-cella-della-colonna-dellultima-riga\/#breadcrumb\",\"itemListElement\":[{\"@type\":\"ListItem\",\"position\":1,\"name\":\"Home\",\"item\":\"https:\/\/exceladvisor.org\/it\/\"},{\"@type\":\"ListItem\",\"position\":2,\"name\":\"Come trovare l&#39;ultima riga, colonna e cella?\"}]},{\"@type\":\"WebSite\",\"@id\":\"https:\/\/exceladvisor.org\/it\/#website\",\"url\":\"https:\/\/exceladvisor.org\/it\/\",\"name\":\"Excel Advisor\",\"description\":\"Tips, Tricks, and Time-Saving Hacks\",\"publisher\":{\"@id\":\"https:\/\/exceladvisor.org\/it\/#organization\"},\"potentialAction\":[{\"@type\":\"SearchAction\",\"target\":{\"@type\":\"EntryPoint\",\"urlTemplate\":\"https:\/\/exceladvisor.org\/it\/?s={search_term_string}\"},\"query-input\":{\"@type\":\"PropertyValueSpecification\",\"valueRequired\":true,\"valueName\":\"search_term_string\"}}],\"inLanguage\":\"it-IT\"},{\"@type\":\"Organization\",\"@id\":\"https:\/\/exceladvisor.org\/it\/#organization\",\"name\":\"Excel Advisor\",\"url\":\"https:\/\/exceladvisor.org\/it\/\",\"logo\":{\"@type\":\"ImageObject\",\"inLanguage\":\"it-IT\",\"@id\":\"https:\/\/exceladvisor.org\/it\/#\/schema\/logo\/image\/\",\"url\":\"https:\/\/exceladvisor.org\/it\/wp-content\/uploads\/2023\/12\/exceladvisor.org_.png\",\"contentUrl\":\"https:\/\/exceladvisor.org\/it\/wp-content\/uploads\/2023\/12\/exceladvisor.org_.png\",\"width\":105,\"height\":36,\"caption\":\"Excel Advisor\"},\"image\":{\"@id\":\"https:\/\/exceladvisor.org\/it\/#\/schema\/logo\/image\/\"}}]}<\/script>\n<!-- \/ Yoast SEO plugin. -->","yoast_head_json":{"title":"Come trovare l&#39;ultima riga, colonna e cella in Excel?","description":"Questo tutorial mostra come utilizzare VBA per trovare l&#39;ultima riga, l&#39;ultima colonna e l&#39;ultima cella di un foglio di lavoro.","robots":{"index":"index","follow":"follow","max-snippet":"max-snippet:-1","max-image-preview":"max-image-preview:large","max-video-preview":"max-video-preview:-1"},"canonical":"https:\/\/exceladvisor.org\/it\/trova-la-cella-della-colonna-dellultima-riga\/","og_locale":"it_IT","og_type":"article","og_title":"Come trovare l&#39;ultima riga, colonna e cella in Excel?","og_description":"Questo tutorial mostra come utilizzare VBA per trovare l&#39;ultima riga, l&#39;ultima colonna e l&#39;ultima cella di un foglio di lavoro.","og_url":"https:\/\/exceladvisor.org\/it\/trova-la-cella-della-colonna-dellultima-riga\/","og_site_name":"Excel Advisor","article_modified_time":"2023-12-10T06:26:05+00:00","og_image":[{"url":"https:\/\/exceladvisor.org\/wp-content\/uploads\/2023\/08\/1-utiliser-vba-pour-trouver-la-derniere-ligne.png","type":"","width":"","height":""}],"twitter_card":"summary_large_image","twitter_misc":{"Tempo di lettura stimato":"3 minuti"},"schema":{"@context":"https:\/\/schema.org","@graph":[{"@type":"WebPage","@id":"https:\/\/exceladvisor.org\/it\/trova-la-cella-della-colonna-dellultima-riga\/","url":"https:\/\/exceladvisor.org\/it\/trova-la-cella-della-colonna-dellultima-riga\/","name":"Come trovare l&#39;ultima riga, colonna e cella in Excel?","isPartOf":{"@id":"https:\/\/exceladvisor.org\/it\/#website"},"primaryImageOfPage":{"@id":"https:\/\/exceladvisor.org\/it\/trova-la-cella-della-colonna-dellultima-riga\/#primaryimage"},"image":{"@id":"https:\/\/exceladvisor.org\/it\/trova-la-cella-della-colonna-dellultima-riga\/#primaryimage"},"thumbnailUrl":"https:\/\/exceladvisor.org\/wp-content\/uploads\/2023\/08\/1-utiliser-vba-pour-trouver-la-derniere-ligne.png","datePublished":"2023-09-01T08:27:58+00:00","dateModified":"2023-12-10T06:26:05+00:00","description":"Questo tutorial mostra come utilizzare VBA per trovare l&#39;ultima riga, l&#39;ultima colonna e l&#39;ultima cella di un foglio di lavoro.","breadcrumb":{"@id":"https:\/\/exceladvisor.org\/it\/trova-la-cella-della-colonna-dellultima-riga\/#breadcrumb"},"inLanguage":"it-IT","potentialAction":[{"@type":"ReadAction","target":["https:\/\/exceladvisor.org\/it\/trova-la-cella-della-colonna-dellultima-riga\/"]}]},{"@type":"ImageObject","inLanguage":"it-IT","@id":"https:\/\/exceladvisor.org\/it\/trova-la-cella-della-colonna-dellultima-riga\/#primaryimage","url":"https:\/\/exceladvisor.org\/wp-content\/uploads\/2023\/08\/1-utiliser-vba-pour-trouver-la-derniere-ligne.png","contentUrl":"https:\/\/exceladvisor.org\/wp-content\/uploads\/2023\/08\/1-utiliser-vba-pour-trouver-la-derniere-ligne.png"},{"@type":"BreadcrumbList","@id":"https:\/\/exceladvisor.org\/it\/trova-la-cella-della-colonna-dellultima-riga\/#breadcrumb","itemListElement":[{"@type":"ListItem","position":1,"name":"Home","item":"https:\/\/exceladvisor.org\/it\/"},{"@type":"ListItem","position":2,"name":"Come trovare l&#39;ultima riga, colonna e cella?"}]},{"@type":"WebSite","@id":"https:\/\/exceladvisor.org\/it\/#website","url":"https:\/\/exceladvisor.org\/it\/","name":"Excel Advisor","description":"Tips, Tricks, and Time-Saving Hacks","publisher":{"@id":"https:\/\/exceladvisor.org\/it\/#organization"},"potentialAction":[{"@type":"SearchAction","target":{"@type":"EntryPoint","urlTemplate":"https:\/\/exceladvisor.org\/it\/?s={search_term_string}"},"query-input":{"@type":"PropertyValueSpecification","valueRequired":true,"valueName":"search_term_string"}}],"inLanguage":"it-IT"},{"@type":"Organization","@id":"https:\/\/exceladvisor.org\/it\/#organization","name":"Excel Advisor","url":"https:\/\/exceladvisor.org\/it\/","logo":{"@type":"ImageObject","inLanguage":"it-IT","@id":"https:\/\/exceladvisor.org\/it\/#\/schema\/logo\/image\/","url":"https:\/\/exceladvisor.org\/it\/wp-content\/uploads\/2023\/12\/exceladvisor.org_.png","contentUrl":"https:\/\/exceladvisor.org\/it\/wp-content\/uploads\/2023\/12\/exceladvisor.org_.png","width":105,"height":36,"caption":"Excel Advisor"},"image":{"@id":"https:\/\/exceladvisor.org\/it\/#\/schema\/logo\/image\/"}}]}},"yoast_meta":{"yoast_wpseo_title":"","yoast_wpseo_metadesc":"","yoast_wpseo_canonical":""},"_links":{"self":[{"href":"https:\/\/exceladvisor.org\/it\/wp-json\/wp\/v2\/pages\/2208","targetHints":{"allow":["GET"]}}],"collection":[{"href":"https:\/\/exceladvisor.org\/it\/wp-json\/wp\/v2\/pages"}],"about":[{"href":"https:\/\/exceladvisor.org\/it\/wp-json\/wp\/v2\/types\/page"}],"author":[{"embeddable":true,"href":"https:\/\/exceladvisor.org\/it\/wp-json\/wp\/v2\/users\/1"}],"replies":[{"embeddable":true,"href":"https:\/\/exceladvisor.org\/it\/wp-json\/wp\/v2\/comments?post=2208"}],"version-history":[{"count":1,"href":"https:\/\/exceladvisor.org\/it\/wp-json\/wp\/v2\/pages\/2208\/revisions"}],"predecessor-version":[{"id":2751,"href":"https:\/\/exceladvisor.org\/it\/wp-json\/wp\/v2\/pages\/2208\/revisions\/2751"}],"wp:attachment":[{"href":"https:\/\/exceladvisor.org\/it\/wp-json\/wp\/v2\/media?parent=2208"}],"curies":[{"name":"wp","href":"https:\/\/api.w.org\/{rel}","templated":true}]}}