{"id":2209,"date":"2023-09-01T08:07:06","date_gmt":"2023-09-01T08:07:06","guid":{"rendered":"https:\/\/exceladvisor.org\/it\/valore-della-cella\/"},"modified":"2023-12-10T06:23:58","modified_gmt":"2023-12-10T06:23:58","slug":"valore-della-cella","status":"publish","type":"page","link":"https:\/\/exceladvisor.org\/it\/valore-della-cella\/","title":{"rendered":"Come inserire un valore in una cella utilizzando vba?"},"content":{"rendered":"<div class=\"excel-prima-del-contenuto\" id=\"excel-2796295468\"><script type=\"text\/javascript\">\r\n\tatOptions = {\r\n\t\t'key' : 'c1158f160081d6540a8409e6925dab94',\r\n\t\t'format' : 'iframe',\r\n\t\t'height' : 250,\r\n\t\t'width' : 300,\r\n\t\t'params' : {}\r\n\t};\r\n<\/script>\r\n<script type=\"text\/javascript\" src=\"\/\/www.highperformanceformat.com\/c1158f160081d6540a8409e6925dab94\/invoke.js\"><\/script><\/div> <p class=\"wp-block-heading\"><strong>Note chiave<\/strong><\/p><ul><li> La propriet\u00e0 value pu\u00f2 essere utilizzata in entrambe le direzioni (puoi leggere e scrivere un valore da una cella).<\/li><li> Puoi <a href=\"https:\/\/exceladvisor.org\/it\/gamma-1\/\">fare riferimento a una cella utilizzando Celle e Oggetto intervallo<\/a> per impostare un valore di cella (anche per ottenere e modificare).<\/li><\/ul><h2 class=\"wp-block-heading\"> Imposta il valore della cella<\/h2><p> Per impostare un valore di cella, \u00e8 necessario utilizzare la propriet\u00e0 &#8220;Valore&#8221;, quindi \u00e8 necessario impostare il valore che si desidera impostare. Qui ho usato alcuni esempi per aiutarti a capire questo.<\/p><h3 class=\"wp-block-heading\"> 1. Immettere un valore in una cella<\/h3><p> Supponiamo di dover inserire il valore &#8220;Fatto&#8221; nella cella A1. In questo caso il codice sarebbe qualcosa del genere: <\/p><pre class=\"wp-block-code\"> <code class=\"language-visual-basic\" lang=\"visual-basic\">Range(\"A1\").Value = \"Done\"<\/code><\/pre><div class=\"wp-block-image\"><figure class=\"aligncenter size-large is-resized\"><img loading=\"lazy\" decoding=\"async\" class=\"wp-image-51319\" src=\"https:\/\/exceladvisor.org\/wp-content\/uploads\/2023\/08\/1-valeur-de-cellule-definie.png\" sizes=\"auto, \" srcset=\"\" alt=\"imposta-valore-cella\" width=\"311\" height=\"148\"><\/figure><\/div><p> Come puoi vedere, prima imposto l&#8217;indirizzo della cella in cui voglio aggiungere il valore, quindi la propriet\u00e0 value. Alla fine ho assegnato il valore &#8220;Fatto&#8221; utilizzando il segno uguale &#8220;=&#8221; tra virgolette doppie.<\/p><p> Puoi anche utilizzare la propriet\u00e0 &#8220;Cells&#8221;, proprio come il codice seguente.<\/p><pre class=\"wp-block-code\"> <code class=\"language-visual-basic\" lang=\"visual-basic\">Cells(1, 1).Value = \"Done\"<\/code><\/pre><p> Il codice sopra si riferisce anche alla cella A1.<\/p><p> Oltre a questo, c&#8217;\u00e8 un altro modo che puoi usare e cio\u00e8 non usare la propriet\u00e0 value assegnando direttamente il valore alla cella.<\/p><pre class=\"wp-block-code\"> <code class=\"language-visual-basic\" lang=\"visual-basic\">Cells(1, 1) = \"Done\"<\/code><\/pre><p> Ma si consiglia di utilizzare la propriet\u00e0 value per inserire un valore in una cella.<\/p><p> Supponiamo ora di voler inserire un numero in una cella. In questo caso non \u00e8 necessario utilizzare le virgolette doppie. Puoi scrivere il codice come segue.<\/p><pre class=\"wp-block-code\"> <code class=\"language-visual-basic\" lang=\"visual-basic\">Range(\"A1\") = 99<\/code><\/pre><p> Puoi anche <a href=\"https:\/\/exceladvisor.org\/it\/data-2\/\">DATA<\/a> e ORA ( <a href=\"https:\/\/exceladvisor.org\/it\/funzioni\/\">Funzioni VBA<\/a> ) per inserire una data o <a href=\"https:\/\/exceladvisor.org\/it\/timestamp\/\">un timestamp<\/a> in una cella utilizzando il codice VBA.<\/p><pre class=\"wp-block-code\"> <code class=\"language-visual-basic\" lang=\"visual-basic\">Range(\"A1\").Value = Date Range(\"A2\").Value = Now<\/code><\/pre><p> E se vuoi inserire un valore nella cella attiva, il codice che ti serve sarebbe come:<\/p><pre class=\"wp-block-code\"> <code class=\"language-visual-basic\" lang=\"visual-basic\">ActiveCell.Value = Date<\/code><\/pre><h3 class=\"wp-block-heading\"> 2. Utilizzando una casella di input<\/h3><p> Se desideri che un utente specifichi un valore da inserire in una cella, puoi utilizzare una casella di input. Supponiamo di voler inserire il valore nella cella A1, il codice sarebbe simile a questo: <\/p><div class=\"wp-block-image\"><figure class=\"aligncenter size-large is-resized\"><img loading=\"lazy\" decoding=\"async\" class=\"wp-image-51320\" src=\"https:\/\/exceladvisor.org\/wp-content\/uploads\/2023\/08\/2-utiliser-la-zone-de-saisie-pour-la-valeur.png\" sizes=\"auto, \" srcset=\"\" alt=\"usa-casella-di-input-per-valore\" width=\"496\" height=\"162\"><\/figure><\/div><pre class=\"wp-block-code\"> <code class=\"language-visual-basic\" lang=\"visual-basic\">Range(\"A1\").Value = _ InputBox(Prompt:=\"Type the value you want enter in A1.\")<\/code><\/pre><p> Nel codice precedente, il valore della cella A1 \u00e8 assegnato al valore restituito dalla <a href=\"https:\/\/exceladvisor.org\/it\/campo-di-immissione\/\">casella di input<\/a> che restituisce il valore inserito dall&#8217;utente.<\/p><h3 class=\"wp-block-heading\"> 3. Da un&#8217;altra cella<\/h3><p> Puoi anche impostare il valore della cella utilizzando il valore di un&#8217;altra cella. Supponiamo di voler aggiungere valore alla cella A1 dalla cella B1, il codice sarebbe: <\/p><pre class=\"wp-block-code\"> <code class=\"language-visual-basic\" lang=\"visual-basic\">Range(\"A1\") = Range(\"B1\").Value<\/code><\/pre><div class=\"wp-block-image\"><figure class=\"aligncenter size-large is-resized\"><img loading=\"lazy\" decoding=\"async\" class=\"wp-image-51321\" src=\"https:\/\/exceladvisor.org\/wp-content\/uploads\/2023\/08\/3-definir-la-valeur-de-la-cellule-en-utilisant-la-valeur-dune-autre-cellule.png\" sizes=\"auto, \" srcset=\"\" alt=\"imposta il valore della cella utilizzando il valore di un'altra cella\" width=\"521\" height=\"303\"><\/figure><\/div><p> Puoi anche fare riferimento alla cella B1 senza utilizzare la propriet\u00e0 value.<\/p><pre class=\"wp-block-code\"> <code class=\"language-visual-basic\" lang=\"visual-basic\">Range(\"A1\") = Range(\"B1\")<\/code><\/pre><h3 class=\"wp-block-heading\"> 4. Impostare il valore in un intero intervallo<\/h3><p> Immagina di voler inserire valori in pi\u00f9 celle o in un intervallo di celle anzich\u00e9 in una singola cella, in questo caso devi scrivere il codice come di seguito: <\/p><pre class=\"wp-block-code\"> <code class=\"language-visual-basic\" lang=\"visual-basic\">Range(\"A1:A10\").Value = Date Range(\"B1, B10\").Value = Now<\/code><\/pre><div class=\"wp-block-image\"><figure class=\"aligncenter size-large is-resized\"><img loading=\"lazy\" decoding=\"async\" class=\"wp-image-51322\" src=\"https:\/\/exceladvisor.org\/wp-content\/uploads\/2023\/08\/4-valeurs-de-consigne-dans-toute-la-plage.png\" sizes=\"auto, \" srcset=\"\" alt=\"impostare il valore nell'intero intervallo\" width=\"326\" height=\"162\"><\/figure><\/div><p> Nella prima riga di codice hai un intero intervallo dalla cella A1 ad A10, e nella seconda riga ci sono due celle B1 e B10.<\/p><h2 class=\"wp-block-heading\"> Ottieni il valore della cella<\/h2><p> Come ho detto, puoi utilizzare la stessa propriet\u00e0 value per ottenere il valore di una cella.<\/p><h3 class=\"wp-block-heading\"> 1. Ottieni il valore di ActiveCell<\/h3><p> Supponiamo di voler ottenere il valore della cella attiva, in questo caso \u00e8 necessario utilizzare il seguente codice. <\/p><pre class=\"wp-block-code\"> <code class=\"language-visual-basic\" lang=\"visual-basic\">ActiveCell.Value = Range(\"A1\")<\/code><\/pre><div class=\"wp-block-image\"><figure class=\"aligncenter size-large is-resized\"><img loading=\"lazy\" decoding=\"async\" class=\"wp-image-51323\" src=\"https:\/\/exceladvisor.org\/wp-content\/uploads\/2023\/08\/5-obtenir-la-valeur-de-la-cellule.png\" sizes=\"auto, \" srcset=\"\" alt=\"ottenere il valore della cella\" width=\"323\" height=\"150\"><\/figure><\/div><p> Nel codice sopra, hai utilizzato la propriet\u00e0 value con la cella attiva e quindi hai assegnato quel valore alla cella A1.<\/p><h3 class=\"wp-block-heading\"> 2. Assegnare a una variabile<\/h3><p> Puoi anche ottenere un valore da una cella e quindi assegnarlo a una <a href=\"https:\/\/exceladvisor.org\/it\/variabili\/\">variabile<\/a> . <\/p><div class=\"wp-block-image\"><figure class=\"aligncenter size-large is-resized\"><img loading=\"lazy\" decoding=\"async\" class=\"wp-image-51324\" src=\"https:\/\/exceladvisor.org\/wp-content\/uploads\/2023\/08\/6-affecter-a-une-variable.png\" sizes=\"auto, \" srcset=\"\" alt=\"assegnare a una variabile\" width=\"333\" height=\"171\"><\/figure><\/div><p> Ora nel codice sopra hai la variabile &#8220;i&#8221; che ha la data come <a href=\"https:\/\/exceladvisor.org\/it\/variabili\/\">tipo di dati<\/a> . Nella seconda riga del codice, alla variabile viene assegnato il valore della cella A1.<\/p><h3 class=\"wp-block-heading\"> 3. Visualizza in un MsgBox<\/h3><p> Ora immagina di voler visualizzare il valore della cella A1 utilizzando una <a href=\"https:\/\/exceladvisor.org\/it\/casella-msg-vba\/\">finestra di messaggio<\/a> . In questo caso il codice sarebbe come di seguito. <\/p><pre class=\"wp-block-code\"> <code class=\"language-visual-basic\" lang=\"visual-basic\">MsgBox Range(\"A1\").Value<\/code><\/pre><div class=\"wp-block-image\"><figure class=\"aligncenter size-large is-resized\"><img loading=\"lazy\" decoding=\"async\" class=\"wp-image-51325\" src=\"https:\/\/exceladvisor.org\/wp-content\/uploads\/2023\/08\/7-afficher-dans-une-msgbox.png\" sizes=\"auto, \" srcset=\"\" alt=\"visualizzare in una casella di messaggio\" width=\"309\" height=\"163\"><\/figure><\/div><p> Nel codice precedente, la finestra di messaggio prender\u00e0 il valore dalla cella A1 e lo mostrer\u00e0 all&#8217;utente. <\/p><div class=\"wp-block-image\"><figure class=\"aligncenter size-large is-resized\"><img loading=\"lazy\" decoding=\"async\" class=\"wp-image-51326\" src=\"https:\/\/exceladvisor.org\/wp-content\/uploads\/2023\/08\/8-msgbox-prennent-de-la-valeur.png\" sizes=\"auto, \" srcset=\"\" alt=\"msgbox-prendi-valore\" width=\"131\" height=\"155\"><\/figure><\/div><h2 class=\"wp-block-heading\"> Modifica il valore della cella<\/h2><p> Puoi anche apportare modifiche al valore di una cella e qui ho condiviso alcuni esempi che possono aiutarti a capirlo.<\/p><h3 class=\"wp-block-heading\"> 1. Aggiungi un numero a un numero esistente<\/h3><p> Diciamo che se vuoi aggiungere uno al numero che hai nella cella A1, puoi utilizzare il seguente codice.<\/p><pre class=\"wp-block-code\"> <code class=\"language-visual-basic\" lang=\"visual-basic\">Range(\"A1\").Value = Range(\"A1\").Value + 1<\/code><\/pre><p> Il codice sopra assegna un valore alla cella A1 prendendo il valore della cella A1 stessa e aggiungendovi uno. Ma puoi anche usare <a href=\"https:\/\/exceladvisor.org\/it\/se-2\/\">VBA IF THEN ELSE<\/a> per scrivere una condizione da modificare solo quando <a href=\"https:\/\/exceladvisor.org\/it\/e-numerico\/\">c&#8217;\u00e8 un numero nella cella<\/a> .<\/p><pre class=\"wp-block-code\"> <code class=\"language-visual-basic\" lang=\"visual-basic\">If IsNumeric(Range(\"A1\").Value) Then Range(\"A1\").Value = Range(\"A1\").Value + 1 End If<\/code><\/pre><h3 class=\"wp-block-heading\"> 2. Elimina il primo carattere dalla cella<\/h3><p> Ora il codice seguente rimuove il primo carattere dal valore della cella e assegna il resto del valore alla cella.<\/p><pre class=\"wp-block-code\"> <code class=\"language-visual-basic\" lang=\"visual-basic\">Range(\"A1\").Value = Right(Range(\"A1\").Value, Len(Range(\"A1\").Value) - 1)<\/code><\/pre><div class=\"gb-container gb-container-4db6181c gb-container-mt\"> <a class=\"gb-button gb-button-c5897111 gb-button-text gb-button-mt-button\" href=\"https:\/\/exceladvisor.org\/it\/vba\/\">Cos&#8217;\u00e8 VBA<\/a><h2 class=\"gb-headline gb-headline-665e5f6b gb-headline-text gb-headline-mt-heading\"> Tutorial correlati <\/h2><div class=\"gb-grid-wrapper gb-grid-wrapper-a20baf7c gb-grid-wrapper-mt-grid\"><div class=\"gb-grid-column gb-grid-column-65ddf67e\"><div class=\"gb-container gb-container-65ddf67e\"><ul><li> <a href=\"https:\/\/exceladvisor.org\/it\/numero-di-righe\/\">Contare le righe utilizzando VBA in Excel<\/a><\/li><li> <a href=\"https:\/\/exceladvisor.org\/it\/carattere-del-carattere\/\">Carattere VBA Excel (colore, dimensione, tipo e grassetto)<\/a><\/li><li> <a href=\"https:\/\/exceladvisor.org\/it\/nascondi-mostra-la-riga-della-colonna\/\">Excel VBA Nascondi e mostra una colonna o una riga<\/a><\/li><li> <a href=\"https:\/\/exceladvisor.org\/it\/gamma-1\/\">Intervallo VBA di Excel: utilizzo di intervalli e celle<\/a><\/li><li> <a href=\"https:\/\/exceladvisor.org\/it\/frontiere\/\">Applica i bordi a una cella utilizzando VBA in Excel<\/a> <\/li><\/ul><\/div><\/div><div class=\"gb-grid-column gb-grid-column-50067b57\"><div class=\"gb-container gb-container-50067b57\"><\/div><\/div><\/div><\/div>","protected":false},"excerpt":{"rendered":"","protected":false},"author":1,"featured_media":0,"parent":0,"menu_order":0,"comment_status":"open","ping_status":"closed","template":"","meta":{"ub_ctt_via":"","footnotes":""},"class_list":["post-2209","page","type-page","status-publish","hentry"],"featured_image_src":null,"yoast_head":"<!-- This site is optimized with the Yoast SEO plugin v25.4 - https:\/\/yoast.com\/wordpress\/plugins\/seo\/ -->\n<title>\u25b7 Come inserire un valore in una cella tramite VBA?<\/title>\n<meta name=\"description\" content=\"Questo tutorial mostra come utilizzare VBA per impostare (immettere) un valore in una cella, ottenere il valore di una cella e\" \/>\n<meta name=\"robots\" content=\"index, follow, max-snippet:-1, max-image-preview:large, max-video-preview:-1\" \/>\n<link rel=\"canonical\" href=\"https:\/\/exceladvisor.org\/it\/valore-della-cella\/\" \/>\n<meta property=\"og:locale\" content=\"it_IT\" \/>\n<meta property=\"og:type\" content=\"article\" \/>\n<meta property=\"og:title\" content=\"\u25b7 Come inserire un valore in una cella tramite VBA?\" \/>\n<meta property=\"og:description\" content=\"Questo tutorial mostra come utilizzare VBA per impostare (immettere) un valore in una cella, ottenere il valore di una cella e\" \/>\n<meta property=\"og:url\" content=\"https:\/\/exceladvisor.org\/it\/valore-della-cella\/\" \/>\n<meta property=\"og:site_name\" content=\"Excel Advisor\" \/>\n<meta property=\"article:modified_time\" content=\"2023-12-10T06:23:58+00:00\" \/>\n<meta property=\"og:image\" content=\"https:\/\/exceladvisor.org\/wp-content\/uploads\/2023\/08\/1-valeur-de-cellule-definie.png\" \/>\n<meta name=\"twitter:card\" content=\"summary_large_image\" \/>\n<meta name=\"twitter:label1\" content=\"Tempo di lettura stimato\" \/>\n\t<meta name=\"twitter:data1\" content=\"4 minuti\" \/>\n<script type=\"application\/ld+json\" class=\"yoast-schema-graph\">{\"@context\":\"https:\/\/schema.org\",\"@graph\":[{\"@type\":\"WebPage\",\"@id\":\"https:\/\/exceladvisor.org\/it\/valore-della-cella\/\",\"url\":\"https:\/\/exceladvisor.org\/it\/valore-della-cella\/\",\"name\":\"\u25b7 Come inserire un valore in una cella tramite VBA?\",\"isPartOf\":{\"@id\":\"https:\/\/exceladvisor.org\/it\/#website\"},\"primaryImageOfPage\":{\"@id\":\"https:\/\/exceladvisor.org\/it\/valore-della-cella\/#primaryimage\"},\"image\":{\"@id\":\"https:\/\/exceladvisor.org\/it\/valore-della-cella\/#primaryimage\"},\"thumbnailUrl\":\"https:\/\/exceladvisor.org\/wp-content\/uploads\/2023\/08\/1-valeur-de-cellule-definie.png\",\"datePublished\":\"2023-09-01T08:07:06+00:00\",\"dateModified\":\"2023-12-10T06:23:58+00:00\",\"description\":\"Questo tutorial mostra come utilizzare VBA per impostare (immettere) un valore in una cella, ottenere il valore di una cella e\",\"breadcrumb\":{\"@id\":\"https:\/\/exceladvisor.org\/it\/valore-della-cella\/#breadcrumb\"},\"inLanguage\":\"it-IT\",\"potentialAction\":[{\"@type\":\"ReadAction\",\"target\":[\"https:\/\/exceladvisor.org\/it\/valore-della-cella\/\"]}]},{\"@type\":\"ImageObject\",\"inLanguage\":\"it-IT\",\"@id\":\"https:\/\/exceladvisor.org\/it\/valore-della-cella\/#primaryimage\",\"url\":\"https:\/\/exceladvisor.org\/wp-content\/uploads\/2023\/08\/1-valeur-de-cellule-definie.png\",\"contentUrl\":\"https:\/\/exceladvisor.org\/wp-content\/uploads\/2023\/08\/1-valeur-de-cellule-definie.png\"},{\"@type\":\"BreadcrumbList\",\"@id\":\"https:\/\/exceladvisor.org\/it\/valore-della-cella\/#breadcrumb\",\"itemListElement\":[{\"@type\":\"ListItem\",\"position\":1,\"name\":\"Home\",\"item\":\"https:\/\/exceladvisor.org\/it\/\"},{\"@type\":\"ListItem\",\"position\":2,\"name\":\"Come inserire un valore in una cella utilizzando vba?\"}]},{\"@type\":\"WebSite\",\"@id\":\"https:\/\/exceladvisor.org\/it\/#website\",\"url\":\"https:\/\/exceladvisor.org\/it\/\",\"name\":\"Excel Advisor\",\"description\":\"Tips, Tricks, and Time-Saving Hacks\",\"publisher\":{\"@id\":\"https:\/\/exceladvisor.org\/it\/#organization\"},\"potentialAction\":[{\"@type\":\"SearchAction\",\"target\":{\"@type\":\"EntryPoint\",\"urlTemplate\":\"https:\/\/exceladvisor.org\/it\/?s={search_term_string}\"},\"query-input\":{\"@type\":\"PropertyValueSpecification\",\"valueRequired\":true,\"valueName\":\"search_term_string\"}}],\"inLanguage\":\"it-IT\"},{\"@type\":\"Organization\",\"@id\":\"https:\/\/exceladvisor.org\/it\/#organization\",\"name\":\"Excel Advisor\",\"url\":\"https:\/\/exceladvisor.org\/it\/\",\"logo\":{\"@type\":\"ImageObject\",\"inLanguage\":\"it-IT\",\"@id\":\"https:\/\/exceladvisor.org\/it\/#\/schema\/logo\/image\/\",\"url\":\"https:\/\/exceladvisor.org\/it\/wp-content\/uploads\/2023\/12\/exceladvisor.org_.png\",\"contentUrl\":\"https:\/\/exceladvisor.org\/it\/wp-content\/uploads\/2023\/12\/exceladvisor.org_.png\",\"width\":105,\"height\":36,\"caption\":\"Excel Advisor\"},\"image\":{\"@id\":\"https:\/\/exceladvisor.org\/it\/#\/schema\/logo\/image\/\"}}]}<\/script>\n<!-- \/ Yoast SEO plugin. -->","yoast_head_json":{"title":"\u25b7 Come inserire un valore in una cella tramite VBA?","description":"Questo tutorial mostra come utilizzare VBA per impostare (immettere) un valore in una cella, ottenere il valore di una cella e","robots":{"index":"index","follow":"follow","max-snippet":"max-snippet:-1","max-image-preview":"max-image-preview:large","max-video-preview":"max-video-preview:-1"},"canonical":"https:\/\/exceladvisor.org\/it\/valore-della-cella\/","og_locale":"it_IT","og_type":"article","og_title":"\u25b7 Come inserire un valore in una cella tramite VBA?","og_description":"Questo tutorial mostra come utilizzare VBA per impostare (immettere) un valore in una cella, ottenere il valore di una cella e","og_url":"https:\/\/exceladvisor.org\/it\/valore-della-cella\/","og_site_name":"Excel Advisor","article_modified_time":"2023-12-10T06:23:58+00:00","og_image":[{"url":"https:\/\/exceladvisor.org\/wp-content\/uploads\/2023\/08\/1-valeur-de-cellule-definie.png","type":"","width":"","height":""}],"twitter_card":"summary_large_image","twitter_misc":{"Tempo di lettura stimato":"4 minuti"},"schema":{"@context":"https:\/\/schema.org","@graph":[{"@type":"WebPage","@id":"https:\/\/exceladvisor.org\/it\/valore-della-cella\/","url":"https:\/\/exceladvisor.org\/it\/valore-della-cella\/","name":"\u25b7 Come inserire un valore in una cella tramite VBA?","isPartOf":{"@id":"https:\/\/exceladvisor.org\/it\/#website"},"primaryImageOfPage":{"@id":"https:\/\/exceladvisor.org\/it\/valore-della-cella\/#primaryimage"},"image":{"@id":"https:\/\/exceladvisor.org\/it\/valore-della-cella\/#primaryimage"},"thumbnailUrl":"https:\/\/exceladvisor.org\/wp-content\/uploads\/2023\/08\/1-valeur-de-cellule-definie.png","datePublished":"2023-09-01T08:07:06+00:00","dateModified":"2023-12-10T06:23:58+00:00","description":"Questo tutorial mostra come utilizzare VBA per impostare (immettere) un valore in una cella, ottenere il valore di una cella e","breadcrumb":{"@id":"https:\/\/exceladvisor.org\/it\/valore-della-cella\/#breadcrumb"},"inLanguage":"it-IT","potentialAction":[{"@type":"ReadAction","target":["https:\/\/exceladvisor.org\/it\/valore-della-cella\/"]}]},{"@type":"ImageObject","inLanguage":"it-IT","@id":"https:\/\/exceladvisor.org\/it\/valore-della-cella\/#primaryimage","url":"https:\/\/exceladvisor.org\/wp-content\/uploads\/2023\/08\/1-valeur-de-cellule-definie.png","contentUrl":"https:\/\/exceladvisor.org\/wp-content\/uploads\/2023\/08\/1-valeur-de-cellule-definie.png"},{"@type":"BreadcrumbList","@id":"https:\/\/exceladvisor.org\/it\/valore-della-cella\/#breadcrumb","itemListElement":[{"@type":"ListItem","position":1,"name":"Home","item":"https:\/\/exceladvisor.org\/it\/"},{"@type":"ListItem","position":2,"name":"Come inserire un valore in una cella utilizzando vba?"}]},{"@type":"WebSite","@id":"https:\/\/exceladvisor.org\/it\/#website","url":"https:\/\/exceladvisor.org\/it\/","name":"Excel Advisor","description":"Tips, Tricks, and Time-Saving Hacks","publisher":{"@id":"https:\/\/exceladvisor.org\/it\/#organization"},"potentialAction":[{"@type":"SearchAction","target":{"@type":"EntryPoint","urlTemplate":"https:\/\/exceladvisor.org\/it\/?s={search_term_string}"},"query-input":{"@type":"PropertyValueSpecification","valueRequired":true,"valueName":"search_term_string"}}],"inLanguage":"it-IT"},{"@type":"Organization","@id":"https:\/\/exceladvisor.org\/it\/#organization","name":"Excel Advisor","url":"https:\/\/exceladvisor.org\/it\/","logo":{"@type":"ImageObject","inLanguage":"it-IT","@id":"https:\/\/exceladvisor.org\/it\/#\/schema\/logo\/image\/","url":"https:\/\/exceladvisor.org\/it\/wp-content\/uploads\/2023\/12\/exceladvisor.org_.png","contentUrl":"https:\/\/exceladvisor.org\/it\/wp-content\/uploads\/2023\/12\/exceladvisor.org_.png","width":105,"height":36,"caption":"Excel Advisor"},"image":{"@id":"https:\/\/exceladvisor.org\/it\/#\/schema\/logo\/image\/"}}]}},"yoast_meta":{"yoast_wpseo_title":"","yoast_wpseo_metadesc":"","yoast_wpseo_canonical":""},"_links":{"self":[{"href":"https:\/\/exceladvisor.org\/it\/wp-json\/wp\/v2\/pages\/2209","targetHints":{"allow":["GET"]}}],"collection":[{"href":"https:\/\/exceladvisor.org\/it\/wp-json\/wp\/v2\/pages"}],"about":[{"href":"https:\/\/exceladvisor.org\/it\/wp-json\/wp\/v2\/types\/page"}],"author":[{"embeddable":true,"href":"https:\/\/exceladvisor.org\/it\/wp-json\/wp\/v2\/users\/1"}],"replies":[{"embeddable":true,"href":"https:\/\/exceladvisor.org\/it\/wp-json\/wp\/v2\/comments?post=2209"}],"version-history":[{"count":1,"href":"https:\/\/exceladvisor.org\/it\/wp-json\/wp\/v2\/pages\/2209\/revisions"}],"predecessor-version":[{"id":2554,"href":"https:\/\/exceladvisor.org\/it\/wp-json\/wp\/v2\/pages\/2209\/revisions\/2554"}],"wp:attachment":[{"href":"https:\/\/exceladvisor.org\/it\/wp-json\/wp\/v2\/media?parent=2209"}],"curies":[{"name":"wp","href":"https:\/\/api.w.org\/{rel}","templated":true}]}}