{"id":2211,"date":"2023-09-01T07:18:23","date_gmt":"2023-09-01T07:18:23","guid":{"rendered":"https:\/\/exceladvisor.org\/it\/frontiere\/"},"modified":"2023-12-10T06:20:32","modified_gmt":"2023-12-10T06:20:32","slug":"frontiere","status":"publish","type":"page","link":"https:\/\/exceladvisor.org\/it\/frontiere\/","title":{"rendered":"Come applicare i bordi a una cella?"},"content":{"rendered":"<div class=\"excel-prima-del-contenuto\" id=\"excel-176097292\"><script type=\"text\/javascript\">\r\n\tatOptions = {\r\n\t\t'key' : 'c1158f160081d6540a8409e6925dab94',\r\n\t\t'format' : 'iframe',\r\n\t\t'height' : 250,\r\n\t\t'width' : 300,\r\n\t\t'params' : {}\r\n\t};\r\n<\/script>\r\n<script type=\"text\/javascript\" src=\"\/\/www.highperformanceformat.com\/c1158f160081d6540a8409e6925dab94\/invoke.js\"><\/script><\/div> <p>Per applicare i bordi a una cella utilizzando VBA in Excel, puoi utilizzare due metodi diversi. La prima \u00e8 la propriet\u00e0 \u201cBorders\u201d e la seconda \u00e8 il metodo \u201cBorderAround\u201d. L&#8217;unica differenza tra questi due metodi \u00e8 nella propriet\u00e0 &#8220;Borders&#8221;, puoi anche applicare il bordo su un lato della cella e il bordo attorno ad esso si applica completamente alla cella.<\/p><p> In questo tutorial esploreremo entrambi i modi e vedremo quali sono i diversi modi per aggiungere il bordo.<\/p><h2 class=\"wp-block-heading\"> Propriet\u00e0 del confine VBA<\/h2><ol><li> Innanzitutto, devi specificare l&#8217;intervallo o la cella in cui desideri applicare il bordo utilizzando l&#8217;oggetto intervallo. <br><img loading=\"lazy\" decoding=\"async\" title=\"1-specificare-intervallo-o-cella\" src=\"https:\/\/exceladvisor.org\/wp-content\/uploads\/2023\/08\/1-specifier-la-plage-ou-la-cellule.png\" sizes=\"auto, \" srcset=\"\" alt=\"specify the range or cell\" width=\"371\" height=\"247\"><\/li><li> Successivamente, digita un punto (.) e quindi seleziona la propriet\u00e0 &#8220;Bordi&#8221; dall&#8217;elenco di propriet\u00e0 e metodi. <br><img loading=\"lazy\" decoding=\"async\" title=\"2-digitare-un-punto-quindi-selezionare-il-bordo\" src=\"https:\/\/exceladvisor.org\/wp-content\/uploads\/2023\/08\/2-tapez-un-point-puis-selectionnez-la-bordure.png\" sizes=\"auto, \" srcset=\"\" alt=\"type a dot and then select the border\" width=\"384\" height=\"315\"><\/li><li> Quindi specificare l&#8217;indice del bordo dai contenuti disponibili. Qui utilizzo &#8220;xlEdgeBottom&#8221; per applicare il bordo solo al fondo della cella. <br><img loading=\"lazy\" decoding=\"async\" title=\"3-specificare-il-bordo-dell'indice\" src=\"https:\/\/exceladvisor.org\/wp-content\/uploads\/2023\/08\/3-specifier-lindex-de-bordure.png\" sizes=\"auto, \" srcset=\"\" alt=\"specify the border index\" width=\"408\" height=\"265\"><\/li><li> Da l\u00ec, specifica lo stile della linea utilizzando &#8220;LineStyle&#8221;. Utilizzo &#8220;xlContinuonus&#8221; come stile di linea. <br><img loading=\"lazy\" decoding=\"async\" title=\"4-specificare lo stile della linea\" src=\"https:\/\/exceladvisor.org\/wp-content\/uploads\/2023\/08\/4-specifier-le-style-de-ligne.png\" sizes=\"auto, \" srcset=\"\" alt=\"specify th line style\" width=\"532\" height=\"201\"><\/li><\/ol><pre class=\"wp-block-code\"> <code class=\"language-visual-basic\" lang=\"visual-basic\">Sub vba_borders() Range(\"A1\") _ .Borders(xlEdgeBottom) _ .LineStyle = XlLineStyle.xlContinuous End Sub<\/code><\/pre><p> Ora quando esegui questo codice verr\u00e0 aggiunto un bordo nella parte inferiore della cella A1. <\/p><div class=\"wp-block-image\"><figure class=\"aligncenter size-large is-resized\"><img loading=\"lazy\" decoding=\"async\" class=\"wp-image-54776\" src=\"https:\/\/exceladvisor.org\/wp-content\/uploads\/2023\/08\/5-il-ajoutera-une-bordure-en-bas.png\" sizes=\"auto, \" srcset=\"\" alt=\"questo aggiunger\u00e0 un bordo in basso\" width=\"544\" height=\"238\"><\/figure><\/div><h2 class=\"wp-block-heading\"> Utilizzo di colori diversi con Indice colore\/Colore<\/h2><p> Proprio come normalmente scegli il colore del bordo quando lo fai manualmente. Nella propriet\u00e0 border \u00e8 inoltre possibile utilizzare l&#8217;indice dei colori e la propriet\u00e0 color per utilizzare un colore diverso da quello predefinito.<\/p><p> Considera il codice seguente.<\/p><pre class=\"wp-block-code\"> <code class=\"language-visual-basic\" lang=\"visual-basic\">With Range(\"A1\").Borders(xlEdgeBottom) .LineStyle = XlLineStyle.xlContinuous .Color = RGB(255, 0, 0) End With<\/code><\/pre><p> Quando esegui questa macro, viene aggiunto un bordo di colore rosso alla parte inferiore della cella. <\/p><div class=\"wp-block-image\"><figure class=\"aligncenter size-large is-resized\"><img loading=\"lazy\" decoding=\"async\" class=\"wp-image-54777\" src=\"https:\/\/exceladvisor.org\/wp-content\/uploads\/2023\/08\/6-en-utilisant-differentes-couleurs-avec-index-de-couleur.png\" sizes=\"auto, \" srcset=\"\" alt=\"utilizzando colori diversi con indice di colore\" width=\"534\" height=\"225\"><\/figure><\/div><p> Oppure se vuoi usare la propriet\u00e0 colorindex, il codice sarebbe cos\u00ec. <\/p><pre class=\"wp-block-code\"> <code class=\"language-visual-basic\" lang=\"visual-basic\">With Range(\"A1\").Borders(xlEdgeBottom) .LineStyle = XlLineStyle.xlContinuous .ColorIndex = 7 End With<\/code><\/pre><div class=\"wp-block-image\"><figure class=\"aligncenter size-large is-resized\"><img loading=\"lazy\" decoding=\"async\" class=\"wp-image-54835\" src=\"https:\/\/exceladvisor.org\/wp-content\/uploads\/2023\/08\/Propriete-dindex-de-7-couleurs.png\" sizes=\"auto, \" srcset=\"\" alt=\"propriet\u00e0 dell'indice di colore\" width=\"502\" height=\"220\"><\/figure><\/div><p class=\"content-box-green\"> <strong>Correlato:<\/strong> <a href=\"https:\/\/exceladvisor.org\/it\/con\/\">VBA con dichiarazione<\/a><\/p><h2 class=\"wp-block-heading\"> Aggiungi un bordo all&#8217;interno di una cella<\/h2><p> Se vuoi applicare un bordo all&#8217;interno di una cella, in questo caso devi usare &#8220;xlDiagonalUp&#8221; e &#8220;xlDiagonalDown&#8221; come xlBorderIndex. <\/p><pre class=\"wp-block-code\"> <code class=\"language-visual-basic\" lang=\"visual-basic\">With Range(\"A1\").Borders(xlDiagonalUp) .LineStyle = XlLineStyle.xlDashDotDot .Color = RGB(255, 0, 0) End With With Range(\"A1\").Borders(xlDiagonalDown) .LineStyle = XlLineStyle.xlDashDotDot .Color = RGB(255, 0, 0) End With<\/code><\/pre><div class=\"wp-block-image\"><figure class=\"aligncenter size-large is-resized\"><img loading=\"lazy\" decoding=\"async\" class=\"wp-image-54778\" src=\"https:\/\/exceladvisor.org\/wp-content\/uploads\/2023\/08\/7-ajouter-une-bordure-a-linterieur-dune-cellule.png\" sizes=\"auto, \" srcset=\"\" alt=\"aggiungi un bordo all'interno di una cella\" width=\"462\" height=\"306\"><\/figure><\/div><p> Quando esegui il codice sopra, viene aggiunto un bordo all&#8217;interno della cella su e gi\u00f9.<\/p><h2 class=\"wp-block-heading\"> Metodo VBA BorderAround<\/h2><p> Nella propriet\u00e0 BorderAround di VBA, hai 5 argomenti facoltativi, ma due devono essere specificati per applicare correttamente il bordo a una cella. <\/p><div class=\"wp-block-image\"><figure class=\"aligncenter size-large is-resized\"><img loading=\"lazy\" decoding=\"async\" class=\"wp-image-54779\" src=\"https:\/\/exceladvisor.org\/wp-content\/uploads\/2023\/08\/8-methode-de-bordure-vba.png\" sizes=\"auto, \" srcset=\"\" alt=\"metodo borderaround vba\" width=\"589\" height=\"134\"><\/figure><\/div><p> Il seguente codice applica il bordo attorno all&#8217;intervallo A1:A3 quando si esegue la macro. <\/p><pre class=\"wp-block-code\"> <code class=\"language-visual-basic\" lang=\"visual-basic\">Range(\"A1:A3\").BorderAround _ LineStyle:=xlContinuous, _ Weight:=xlThin<\/code><\/pre><div class=\"wp-block-image\"><figure class=\"aligncenter size-large is-resized\"><img loading=\"lazy\" decoding=\"async\" class=\"wp-image-54780\" src=\"https:\/\/exceladvisor.org\/wp-content\/uploads\/2023\/08\/9-specifier-dappliquer-la-bordure-a-une-cellule-de-la-bonne-maniere.png\" sizes=\"auto, \" srcset=\"\" alt=\"specificare di applicare il bordo ad una cella nel modo corretto\" width=\"487\" height=\"254\"><\/figure><\/div><h2 class=\"wp-block-heading\"> Aggiungi un bordo a ciascuna cella dell&#8217;intervallo<\/h2><p> Il codice seguente scorre tutte le celle dell&#8217;intervallo e applica il bordo a ciascuna cella una per una. <\/p><pre class=\"wp-block-code\"> <code class=\"language-visual-basic\" lang=\"visual-basic\">Sub vba_borders() Dim iRange As Range Dim iCells As Range Set iRange = Range(\"A1:A10\") For Each iCells In iRange iCells.BorderAround _ LineStyle:=xlContinuous, _ Weight:=xlThin Next iCells End Sub<\/code><\/pre><div class=\"wp-block-image\"><figure class=\"aligncenter size-large is-resized\"><img loading=\"lazy\" decoding=\"async\" class=\"wp-image-54781\" src=\"https:\/\/exceladvisor.org\/wp-content\/uploads\/2023\/08\/10-ajouter-une-bordure-a-chaque-cellule-de-la-plage.png\" sizes=\"auto, \" srcset=\"\" alt=\"Aggiungi un bordo a ciascuna cella dell'intervallo\" width=\"414\" height=\"383\"><\/figure><\/div><h2 class=\"wp-block-heading\"> Applica il bordo a tutte le celle con testo<\/h2><p> Il codice seguente utilizza FOR LOOP, USED RANGE, IFEMPTY e IF STATEMENT per applicare i bordi solo alle celle in cui \u00e8 presente un valore.<\/p><pre class=\"wp-block-code\"> <code class=\"language-visual-basic\" lang=\"visual-basic\">Dim iRange As Range Dim iCells As Range Set iRange = ThisWorkbook.ActiveSheet.UsedRange For Each iCells In iRange If Not IsEmpty(iCells) Then iCells.BorderAround _ LineStyle:=xlContinuous, _ Weight:=xlThin End If Next iCells<\/code><\/pre><h2 class=\"wp-block-heading\"> Rimuovi i bordi<\/h2><p> Basta usare lo stile di linea &#8220;xlNone&#8221;.<\/p><pre class=\"wp-block-code\"> <code class=\"language-visual-basic\" lang=\"visual-basic\">Range(\"A1\").Borders(xlDiagonalDown).LineStyle = xlNone<\/code><\/pre><p> E se vuoi rimuovere il bordo da tutte le celle di un foglio di lavoro in cui hai un valore, considera il seguente codice.<\/p><pre class=\"wp-block-code\"> <code class=\"language-visual-basic\" lang=\"visual-basic\">Dim iRange As Range Dim iCells As Range Set iRange = ThisWorkbook.ActiveSheet.UsedRange For Each iCells In iRange If Not IsEmpty(iCells) Then iCells.Borders(xlDiagonalDown).LineStyle = xlNone End If Next iCells<\/code><\/pre><div class=\"gb-container gb-container-4db6181c gb-container-mt\"> <a class=\"gb-button gb-button-c5897111 gb-button-text gb-button-mt-button\" href=\"https:\/\/exceladvisor.org\/it\/vba\/\">Cos&#8217;\u00e8 VBA<\/a><h2 class=\"gb-headline gb-headline-665e5f6b gb-headline-text gb-headline-mt-heading\"> Tutorial correlati <\/h2><div class=\"gb-grid-wrapper gb-grid-wrapper-a20baf7c gb-grid-wrapper-mt-grid\"><div class=\"gb-grid-column gb-grid-column-65ddf67e\"><div class=\"gb-container gb-container-65ddf67e\"><ul><li> <a href=\"https:\/\/exceladvisor.org\/it\/inserisci-una-riga-1\/\">Inserisci una riga utilizzando VBA in Excel<\/a><\/li><li> <a href=\"https:\/\/exceladvisor.org\/it\/unire\/\">Unisci celle in Excel utilizzando il codice VBA<\/a><\/li><li> Seleziona un intervallo\/cella utilizzando VBA in Excel<\/li><li> <a href=\"https:\/\/exceladvisor.org\/it\/seleziona-tutto\/\">SELEZIONA TUTTE le celle in un foglio di lavoro utilizzando VBA<\/a><\/li><li> <a href=\"https:\/\/exceladvisor.org\/it\/cella-attiva-1\/\">ActiveCell in VBA in Excel<\/a> <\/li><\/ul><\/div><\/div><div class=\"gb-grid-column gb-grid-column-50067b57\"><div class=\"gb-container gb-container-50067b57\"><\/div><\/div><\/div><\/div>","protected":false},"excerpt":{"rendered":"","protected":false},"author":1,"featured_media":0,"parent":0,"menu_order":0,"comment_status":"open","ping_status":"closed","template":"","meta":{"ub_ctt_via":"","footnotes":""},"class_list":["post-2211","page","type-page","status-publish","hentry"],"featured_image_src":null,"yoast_head":"<!-- This site is optimized with the Yoast SEO plugin v25.4 - https:\/\/yoast.com\/wordpress\/plugins\/seo\/ -->\n<title>\u25b7 Come applicare i bordi a una cella tramite VBA?<\/title>\n<meta name=\"description\" content=\"Esistono due modi diversi per applicare i bordi a una cella utilizzando il codice VBA. Metodo Border e BorderAround. Per uso\" \/>\n<meta name=\"robots\" content=\"index, follow, max-snippet:-1, max-image-preview:large, max-video-preview:-1\" \/>\n<link rel=\"canonical\" href=\"https:\/\/exceladvisor.org\/it\/frontiere\/\" \/>\n<meta property=\"og:locale\" content=\"it_IT\" \/>\n<meta property=\"og:type\" content=\"article\" \/>\n<meta property=\"og:title\" content=\"\u25b7 Come applicare i bordi a una cella tramite VBA?\" \/>\n<meta property=\"og:description\" content=\"Esistono due modi diversi per applicare i bordi a una cella utilizzando il codice VBA. Metodo Border e BorderAround. Per uso\" \/>\n<meta property=\"og:url\" content=\"https:\/\/exceladvisor.org\/it\/frontiere\/\" \/>\n<meta property=\"og:site_name\" content=\"Excel Advisor\" \/>\n<meta property=\"article:modified_time\" content=\"2023-12-10T06:20:32+00:00\" \/>\n<meta property=\"og:image\" content=\"https:\/\/exceladvisor.org\/wp-content\/uploads\/2023\/08\/1-specifier-la-plage-ou-la-cellule.png\" \/>\n<meta name=\"twitter:card\" content=\"summary_large_image\" \/>\n<meta name=\"twitter:label1\" content=\"Tempo di lettura stimato\" \/>\n\t<meta name=\"twitter:data1\" content=\"3 minuti\" \/>\n<script type=\"application\/ld+json\" class=\"yoast-schema-graph\">{\"@context\":\"https:\/\/schema.org\",\"@graph\":[{\"@type\":\"WebPage\",\"@id\":\"https:\/\/exceladvisor.org\/it\/frontiere\/\",\"url\":\"https:\/\/exceladvisor.org\/it\/frontiere\/\",\"name\":\"\u25b7 Come applicare i bordi a una cella tramite VBA?\",\"isPartOf\":{\"@id\":\"https:\/\/exceladvisor.org\/it\/#website\"},\"primaryImageOfPage\":{\"@id\":\"https:\/\/exceladvisor.org\/it\/frontiere\/#primaryimage\"},\"image\":{\"@id\":\"https:\/\/exceladvisor.org\/it\/frontiere\/#primaryimage\"},\"thumbnailUrl\":\"https:\/\/exceladvisor.org\/wp-content\/uploads\/2023\/08\/1-specifier-la-plage-ou-la-cellule.png\",\"datePublished\":\"2023-09-01T07:18:23+00:00\",\"dateModified\":\"2023-12-10T06:20:32+00:00\",\"description\":\"Esistono due modi diversi per applicare i bordi a una cella utilizzando il codice VBA. Metodo Border e BorderAround. Per uso\",\"breadcrumb\":{\"@id\":\"https:\/\/exceladvisor.org\/it\/frontiere\/#breadcrumb\"},\"inLanguage\":\"it-IT\",\"potentialAction\":[{\"@type\":\"ReadAction\",\"target\":[\"https:\/\/exceladvisor.org\/it\/frontiere\/\"]}]},{\"@type\":\"ImageObject\",\"inLanguage\":\"it-IT\",\"@id\":\"https:\/\/exceladvisor.org\/it\/frontiere\/#primaryimage\",\"url\":\"https:\/\/exceladvisor.org\/wp-content\/uploads\/2023\/08\/1-specifier-la-plage-ou-la-cellule.png\",\"contentUrl\":\"https:\/\/exceladvisor.org\/wp-content\/uploads\/2023\/08\/1-specifier-la-plage-ou-la-cellule.png\"},{\"@type\":\"BreadcrumbList\",\"@id\":\"https:\/\/exceladvisor.org\/it\/frontiere\/#breadcrumb\",\"itemListElement\":[{\"@type\":\"ListItem\",\"position\":1,\"name\":\"Home\",\"item\":\"https:\/\/exceladvisor.org\/it\/\"},{\"@type\":\"ListItem\",\"position\":2,\"name\":\"Come applicare i bordi a una cella?\"}]},{\"@type\":\"WebSite\",\"@id\":\"https:\/\/exceladvisor.org\/it\/#website\",\"url\":\"https:\/\/exceladvisor.org\/it\/\",\"name\":\"Excel Advisor\",\"description\":\"Tips, Tricks, and Time-Saving Hacks\",\"publisher\":{\"@id\":\"https:\/\/exceladvisor.org\/it\/#organization\"},\"potentialAction\":[{\"@type\":\"SearchAction\",\"target\":{\"@type\":\"EntryPoint\",\"urlTemplate\":\"https:\/\/exceladvisor.org\/it\/?s={search_term_string}\"},\"query-input\":{\"@type\":\"PropertyValueSpecification\",\"valueRequired\":true,\"valueName\":\"search_term_string\"}}],\"inLanguage\":\"it-IT\"},{\"@type\":\"Organization\",\"@id\":\"https:\/\/exceladvisor.org\/it\/#organization\",\"name\":\"Excel Advisor\",\"url\":\"https:\/\/exceladvisor.org\/it\/\",\"logo\":{\"@type\":\"ImageObject\",\"inLanguage\":\"it-IT\",\"@id\":\"https:\/\/exceladvisor.org\/it\/#\/schema\/logo\/image\/\",\"url\":\"https:\/\/exceladvisor.org\/it\/wp-content\/uploads\/2023\/12\/exceladvisor.org_.png\",\"contentUrl\":\"https:\/\/exceladvisor.org\/it\/wp-content\/uploads\/2023\/12\/exceladvisor.org_.png\",\"width\":105,\"height\":36,\"caption\":\"Excel Advisor\"},\"image\":{\"@id\":\"https:\/\/exceladvisor.org\/it\/#\/schema\/logo\/image\/\"}}]}<\/script>\n<!-- \/ Yoast SEO plugin. -->","yoast_head_json":{"title":"\u25b7 Come applicare i bordi a una cella tramite VBA?","description":"Esistono due modi diversi per applicare i bordi a una cella utilizzando il codice VBA. Metodo Border e BorderAround. Per uso","robots":{"index":"index","follow":"follow","max-snippet":"max-snippet:-1","max-image-preview":"max-image-preview:large","max-video-preview":"max-video-preview:-1"},"canonical":"https:\/\/exceladvisor.org\/it\/frontiere\/","og_locale":"it_IT","og_type":"article","og_title":"\u25b7 Come applicare i bordi a una cella tramite VBA?","og_description":"Esistono due modi diversi per applicare i bordi a una cella utilizzando il codice VBA. Metodo Border e BorderAround. Per uso","og_url":"https:\/\/exceladvisor.org\/it\/frontiere\/","og_site_name":"Excel Advisor","article_modified_time":"2023-12-10T06:20:32+00:00","og_image":[{"url":"https:\/\/exceladvisor.org\/wp-content\/uploads\/2023\/08\/1-specifier-la-plage-ou-la-cellule.png","type":"","width":"","height":""}],"twitter_card":"summary_large_image","twitter_misc":{"Tempo di lettura stimato":"3 minuti"},"schema":{"@context":"https:\/\/schema.org","@graph":[{"@type":"WebPage","@id":"https:\/\/exceladvisor.org\/it\/frontiere\/","url":"https:\/\/exceladvisor.org\/it\/frontiere\/","name":"\u25b7 Come applicare i bordi a una cella tramite VBA?","isPartOf":{"@id":"https:\/\/exceladvisor.org\/it\/#website"},"primaryImageOfPage":{"@id":"https:\/\/exceladvisor.org\/it\/frontiere\/#primaryimage"},"image":{"@id":"https:\/\/exceladvisor.org\/it\/frontiere\/#primaryimage"},"thumbnailUrl":"https:\/\/exceladvisor.org\/wp-content\/uploads\/2023\/08\/1-specifier-la-plage-ou-la-cellule.png","datePublished":"2023-09-01T07:18:23+00:00","dateModified":"2023-12-10T06:20:32+00:00","description":"Esistono due modi diversi per applicare i bordi a una cella utilizzando il codice VBA. Metodo Border e BorderAround. Per uso","breadcrumb":{"@id":"https:\/\/exceladvisor.org\/it\/frontiere\/#breadcrumb"},"inLanguage":"it-IT","potentialAction":[{"@type":"ReadAction","target":["https:\/\/exceladvisor.org\/it\/frontiere\/"]}]},{"@type":"ImageObject","inLanguage":"it-IT","@id":"https:\/\/exceladvisor.org\/it\/frontiere\/#primaryimage","url":"https:\/\/exceladvisor.org\/wp-content\/uploads\/2023\/08\/1-specifier-la-plage-ou-la-cellule.png","contentUrl":"https:\/\/exceladvisor.org\/wp-content\/uploads\/2023\/08\/1-specifier-la-plage-ou-la-cellule.png"},{"@type":"BreadcrumbList","@id":"https:\/\/exceladvisor.org\/it\/frontiere\/#breadcrumb","itemListElement":[{"@type":"ListItem","position":1,"name":"Home","item":"https:\/\/exceladvisor.org\/it\/"},{"@type":"ListItem","position":2,"name":"Come applicare i bordi a una cella?"}]},{"@type":"WebSite","@id":"https:\/\/exceladvisor.org\/it\/#website","url":"https:\/\/exceladvisor.org\/it\/","name":"Excel Advisor","description":"Tips, Tricks, and Time-Saving Hacks","publisher":{"@id":"https:\/\/exceladvisor.org\/it\/#organization"},"potentialAction":[{"@type":"SearchAction","target":{"@type":"EntryPoint","urlTemplate":"https:\/\/exceladvisor.org\/it\/?s={search_term_string}"},"query-input":{"@type":"PropertyValueSpecification","valueRequired":true,"valueName":"search_term_string"}}],"inLanguage":"it-IT"},{"@type":"Organization","@id":"https:\/\/exceladvisor.org\/it\/#organization","name":"Excel Advisor","url":"https:\/\/exceladvisor.org\/it\/","logo":{"@type":"ImageObject","inLanguage":"it-IT","@id":"https:\/\/exceladvisor.org\/it\/#\/schema\/logo\/image\/","url":"https:\/\/exceladvisor.org\/it\/wp-content\/uploads\/2023\/12\/exceladvisor.org_.png","contentUrl":"https:\/\/exceladvisor.org\/it\/wp-content\/uploads\/2023\/12\/exceladvisor.org_.png","width":105,"height":36,"caption":"Excel Advisor"},"image":{"@id":"https:\/\/exceladvisor.org\/it\/#\/schema\/logo\/image\/"}}]}},"yoast_meta":{"yoast_wpseo_title":"","yoast_wpseo_metadesc":"","yoast_wpseo_canonical":""},"_links":{"self":[{"href":"https:\/\/exceladvisor.org\/it\/wp-json\/wp\/v2\/pages\/2211","targetHints":{"allow":["GET"]}}],"collection":[{"href":"https:\/\/exceladvisor.org\/it\/wp-json\/wp\/v2\/pages"}],"about":[{"href":"https:\/\/exceladvisor.org\/it\/wp-json\/wp\/v2\/types\/page"}],"author":[{"embeddable":true,"href":"https:\/\/exceladvisor.org\/it\/wp-json\/wp\/v2\/users\/1"}],"replies":[{"embeddable":true,"href":"https:\/\/exceladvisor.org\/it\/wp-json\/wp\/v2\/comments?post=2211"}],"version-history":[{"count":1,"href":"https:\/\/exceladvisor.org\/it\/wp-json\/wp\/v2\/pages\/2211\/revisions"}],"predecessor-version":[{"id":2309,"href":"https:\/\/exceladvisor.org\/it\/wp-json\/wp\/v2\/pages\/2211\/revisions\/2309"}],"wp:attachment":[{"href":"https:\/\/exceladvisor.org\/it\/wp-json\/wp\/v2\/media?parent=2211"}],"curies":[{"name":"wp","href":"https:\/\/api.w.org\/{rel}","templated":true}]}}