{"id":2214,"date":"2023-09-01T06:37:58","date_gmt":"2023-09-01T06:37:58","guid":{"rendered":"https:\/\/exceladvisor.org\/it\/oggetto-richiesto-errore-424\/"},"modified":"2023-12-10T06:22:49","modified_gmt":"2023-12-10T06:22:49","slug":"oggetto-richiesto-errore-424","status":"publish","type":"page","link":"https:\/\/exceladvisor.org\/it\/oggetto-richiesto-errore-424\/","title":{"rendered":"Come correggere l&#39;errore richiesto dall&#39;oggetto vba?"},"content":{"rendered":"<div class=\"excel-prima-del-contenuto\" id=\"excel-3137976483\"><script type=\"text\/javascript\">\r\n\tatOptions = {\r\n\t\t'key' : 'c1158f160081d6540a8409e6925dab94',\r\n\t\t'format' : 'iframe',\r\n\t\t'height' : 250,\r\n\t\t'width' : 300,\r\n\t\t'params' : {}\r\n\t};\r\n<\/script>\r\n<script type=\"text\/javascript\" src=\"\/\/www.highperformanceformat.com\/c1158f160081d6540a8409e6925dab94\/invoke.js\"><\/script><\/div> <p>Quando VBA non \u00e8 in grado di riconoscere l&#8217;oggetto per il quale si fa riferimento alla propriet\u00e0 o al metodo, viene visualizzato l&#8217;errore Oggetto richiesto. In parole semplici, se ti riferisci a un oggetto, ma il nome di quell&#8217;oggetto non \u00e8 corretto (quell&#8217;oggetto non \u00e8 nella gerarchia degli oggetti di VBA), mostra l&#8217;errore 424, come segue. <\/p><div class=\"wp-block-image\"><figure class=\"aligncenter size-large is-resized\"><img loading=\"lazy\" decoding=\"async\" class=\"wp-image-57075\" src=\"https:\/\/exceladvisor.org\/wp-content\/uploads\/2023\/08\/1-erreur-dobjet-vba-requise.png\" sizes=\"auto, \" srcset=\"\" alt=\"vba-object-required-error\" width=\"593\" height=\"408\"><\/figure><\/div><p> Nel codice sopra, come puoi vedere, ho scritto male l&#8217;oggetto cella attiva e quando VBA esegue questa riga di codice, questo oggetto non pu\u00f2 essere utilizzato perch\u00e9 non c&#8217;\u00e8 nessun oggetto con questo nome (poich\u00e9 l&#8217;ho scritto male).<\/p><p class=\"qt-tip\"> <strong>Nota<\/strong> : se hai utilizzato l&#8217;istruzione Option Explicit nel modulo, riceverai un errore diverso (vedi immagine sotto). <\/p><div class=\"wp-block-image\"><figure class=\"aligncenter size-large is-resized\"><img loading=\"lazy\" decoding=\"async\" class=\"wp-image-57076\" src=\"https:\/\/exceladvisor.org\/wp-content\/uploads\/2023\/08\/2-variables-non-definies.png\" sizes=\"auto, \" srcset=\"\" alt=\"\" width=\"481\" height=\"421\"><\/figure><\/div><h2 class=\"wp-block-heading\"> Utilizzando la parola chiave &#8220;Set&#8221; per una variabile non oggetto<\/h2><p> Quando si utilizza una variabile per assegnarle un oggetto, \u00e8 necessario utilizzare la parola chiave &#8220;Set&#8221;. Nell&#8217;esempio seguente, hai myWKS per il foglio di lavoro e iVal per il valore nella cella A1. <\/p><div class=\"wp-block-image\"><figure class=\"aligncenter size-large is-resized\"><img loading=\"lazy\" decoding=\"async\" class=\"wp-image-57077\" src=\"https:\/\/exceladvisor.org\/wp-content\/uploads\/2023\/08\/3-mot-cle-set-utilise-pour-une-variable-non-objet.png\" sizes=\"auto, \" srcset=\"\" alt=\"\" width=\"554\" height=\"485\"><\/figure><\/div><p> Come puoi vedere, nel codice sopra hai delle variabili, una delle quali \u00e8 dichiarata come oggetto del foglio di lavoro e la seconda come una stringa. Ma al momento dell&#8217;assegnazione del valore abbiamo utilizzato la parola chiave \u201cSet\u201d sulla variabile \u201ciVal\u201d che non \u00e8 dichiarata come oggetto ma come stringa.<\/p><h2 class=\"wp-block-heading\"> Come correggere l&#8217;oggetto richiesto (errore 424) in VBA<\/h2><ol type=\"1\"><li> Vai al menu Debug del tuo editor Visual Basic.<\/li><li> Utilizzare il passaggio per eseguire l&#8217;intero codice passo dopo passo.<\/li><li> Nel momento in cui raggiungi la riga in cui hai un errore, VBA ti mostrer\u00e0 un errore.<\/li><li> Correggi questa riga di codice. <\/li><\/ol><div class=\"wp-block-image\"><figure class=\"aligncenter size-large is-resized\"><img loading=\"lazy\" decoding=\"async\" class=\"wp-image-57078\" src=\"https:\/\/exceladvisor.org\/wp-content\/uploads\/2023\/08\/4-comment-reparer-object_required.png\" sizes=\"auto, \" srcset=\"\" alt=\"\" width=\"589\" height=\"338\"><\/figure><\/div><p> L&#8217;altro modo potrebbe essere quello di leggere il codice riga per riga per assicurarsi di fare riferimento agli oggetti giusti e di utilizzare il nome corretto di variabili e oggetti.<\/p><p> \u00c8 inoltre possibile utilizzare l&#8217;istruzione GOTO per superare un errore o visualizzare un messaggio agli utenti dopo che si \u00e8 verificato un errore.<\/p><div class=\"gb-container gb-container-4db6181c gb-container-mt\"> <a class=\"gb-button gb-button-c5897111 gb-button-text gb-button-mt-button\" href=\"https:\/\/exceladvisor.org\/it\/vba\/\">Cos&#8217;\u00e8 VBA<\/a><h2 class=\"gb-headline gb-headline-665e5f6b gb-headline-text gb-headline-mt-heading\"> Tutorial correlati <\/h2><div class=\"gb-grid-wrapper gb-grid-wrapper-a20baf7c gb-grid-wrapper-mt-grid\"><div class=\"gb-grid-column gb-grid-column-65ddf67e\"><div class=\"gb-container gb-container-65ddf67e\"><ul><li> <a href=\"https:\/\/exceladvisor.org\/it\/gestione-degli-errori\/\">Gestione degli errori VBA<\/a><\/li><li> <a href=\"https:\/\/exceladvisor.org\/it\/errore-di-automazione-440\/\">Errore di automazione VBA (errore 440)<\/a><\/li><li> <a href=\"https:\/\/exceladvisor.org\/it\/errore-400\/\">Errore VBA 400<\/a><\/li><li> <a href=\"https:\/\/exceladvisor.org\/it\/chiamata-di-procedura-non-valida-o-errore-di-argomento-5\/\">Chiamata di procedura VBA o errore di argomento non valido (errore 5)<\/a><\/li><li> L&#8217;oggetto VBA non supporta questa propriet\u00e0 o errore del metodo (errore 438) <\/li><\/ul><\/div><\/div><div class=\"gb-grid-column gb-grid-column-50067b57\"><div class=\"gb-container gb-container-50067b57\"><\/div><\/div><\/div><\/div>","protected":false},"excerpt":{"rendered":"","protected":false},"author":1,"featured_media":0,"parent":0,"menu_order":0,"comment_status":"open","ping_status":"closed","template":"","meta":{"ub_ctt_via":"","footnotes":""},"class_list":["post-2214","page","type-page","status-publish","hentry"],"featured_image_src":null,"yoast_head":"<!-- This site is optimized with the Yoast SEO plugin v25.4 - https:\/\/yoast.com\/wordpress\/plugins\/seo\/ -->\n<title>Come correggere l&#039;errore richiesto dall&#039;oggetto VBA? (Errore 424)<\/title>\n<meta name=\"description\" content=\"In questo tutorial imparerai perch\u00e9 si verifica l&#039;oggetto richiesto (errore 424) e come gestirlo durante la scrittura del codice VBA.\" \/>\n<meta name=\"robots\" content=\"index, follow, max-snippet:-1, max-image-preview:large, max-video-preview:-1\" \/>\n<link rel=\"canonical\" href=\"https:\/\/exceladvisor.org\/it\/oggetto-richiesto-errore-424\/\" \/>\n<meta property=\"og:locale\" content=\"it_IT\" \/>\n<meta property=\"og:type\" content=\"article\" \/>\n<meta property=\"og:title\" content=\"Come correggere l&#039;errore richiesto dall&#039;oggetto VBA? (Errore 424)\" \/>\n<meta property=\"og:description\" content=\"In questo tutorial imparerai perch\u00e9 si verifica l&#039;oggetto richiesto (errore 424) e come gestirlo durante la scrittura del codice VBA.\" \/>\n<meta property=\"og:url\" content=\"https:\/\/exceladvisor.org\/it\/oggetto-richiesto-errore-424\/\" \/>\n<meta property=\"og:site_name\" content=\"Excel Advisor\" \/>\n<meta property=\"article:modified_time\" content=\"2023-12-10T06:22:49+00:00\" \/>\n<meta property=\"og:image\" content=\"https:\/\/exceladvisor.org\/wp-content\/uploads\/2023\/08\/1-erreur-dobjet-vba-requise.png\" \/>\n<meta name=\"twitter:card\" content=\"summary_large_image\" \/>\n<meta name=\"twitter:label1\" content=\"Tempo di lettura stimato\" \/>\n\t<meta name=\"twitter:data1\" content=\"2 minuti\" \/>\n<script type=\"application\/ld+json\" class=\"yoast-schema-graph\">{\"@context\":\"https:\/\/schema.org\",\"@graph\":[{\"@type\":\"WebPage\",\"@id\":\"https:\/\/exceladvisor.org\/it\/oggetto-richiesto-errore-424\/\",\"url\":\"https:\/\/exceladvisor.org\/it\/oggetto-richiesto-errore-424\/\",\"name\":\"Come correggere l&#39;errore richiesto dall&#39;oggetto VBA? (Errore 424)\",\"isPartOf\":{\"@id\":\"https:\/\/exceladvisor.org\/it\/#website\"},\"primaryImageOfPage\":{\"@id\":\"https:\/\/exceladvisor.org\/it\/oggetto-richiesto-errore-424\/#primaryimage\"},\"image\":{\"@id\":\"https:\/\/exceladvisor.org\/it\/oggetto-richiesto-errore-424\/#primaryimage\"},\"thumbnailUrl\":\"https:\/\/exceladvisor.org\/wp-content\/uploads\/2023\/08\/1-erreur-dobjet-vba-requise.png\",\"datePublished\":\"2023-09-01T06:37:58+00:00\",\"dateModified\":\"2023-12-10T06:22:49+00:00\",\"description\":\"In questo tutorial imparerai perch\u00e9 si verifica l&#39;oggetto richiesto (errore 424) e come gestirlo durante la scrittura del codice VBA.\",\"breadcrumb\":{\"@id\":\"https:\/\/exceladvisor.org\/it\/oggetto-richiesto-errore-424\/#breadcrumb\"},\"inLanguage\":\"it-IT\",\"potentialAction\":[{\"@type\":\"ReadAction\",\"target\":[\"https:\/\/exceladvisor.org\/it\/oggetto-richiesto-errore-424\/\"]}]},{\"@type\":\"ImageObject\",\"inLanguage\":\"it-IT\",\"@id\":\"https:\/\/exceladvisor.org\/it\/oggetto-richiesto-errore-424\/#primaryimage\",\"url\":\"https:\/\/exceladvisor.org\/wp-content\/uploads\/2023\/08\/1-erreur-dobjet-vba-requise.png\",\"contentUrl\":\"https:\/\/exceladvisor.org\/wp-content\/uploads\/2023\/08\/1-erreur-dobjet-vba-requise.png\"},{\"@type\":\"BreadcrumbList\",\"@id\":\"https:\/\/exceladvisor.org\/it\/oggetto-richiesto-errore-424\/#breadcrumb\",\"itemListElement\":[{\"@type\":\"ListItem\",\"position\":1,\"name\":\"Home\",\"item\":\"https:\/\/exceladvisor.org\/it\/\"},{\"@type\":\"ListItem\",\"position\":2,\"name\":\"Come correggere l&#39;errore richiesto dall&#39;oggetto vba?\"}]},{\"@type\":\"WebSite\",\"@id\":\"https:\/\/exceladvisor.org\/it\/#website\",\"url\":\"https:\/\/exceladvisor.org\/it\/\",\"name\":\"Excel Advisor\",\"description\":\"Tips, Tricks, and Time-Saving Hacks\",\"publisher\":{\"@id\":\"https:\/\/exceladvisor.org\/it\/#organization\"},\"potentialAction\":[{\"@type\":\"SearchAction\",\"target\":{\"@type\":\"EntryPoint\",\"urlTemplate\":\"https:\/\/exceladvisor.org\/it\/?s={search_term_string}\"},\"query-input\":{\"@type\":\"PropertyValueSpecification\",\"valueRequired\":true,\"valueName\":\"search_term_string\"}}],\"inLanguage\":\"it-IT\"},{\"@type\":\"Organization\",\"@id\":\"https:\/\/exceladvisor.org\/it\/#organization\",\"name\":\"Excel Advisor\",\"url\":\"https:\/\/exceladvisor.org\/it\/\",\"logo\":{\"@type\":\"ImageObject\",\"inLanguage\":\"it-IT\",\"@id\":\"https:\/\/exceladvisor.org\/it\/#\/schema\/logo\/image\/\",\"url\":\"https:\/\/exceladvisor.org\/it\/wp-content\/uploads\/2023\/12\/exceladvisor.org_.png\",\"contentUrl\":\"https:\/\/exceladvisor.org\/it\/wp-content\/uploads\/2023\/12\/exceladvisor.org_.png\",\"width\":105,\"height\":36,\"caption\":\"Excel Advisor\"},\"image\":{\"@id\":\"https:\/\/exceladvisor.org\/it\/#\/schema\/logo\/image\/\"}}]}<\/script>\n<!-- \/ Yoast SEO plugin. -->","yoast_head_json":{"title":"Come correggere l&#39;errore richiesto dall&#39;oggetto VBA? (Errore 424)","description":"In questo tutorial imparerai perch\u00e9 si verifica l&#39;oggetto richiesto (errore 424) e come gestirlo durante la scrittura del codice VBA.","robots":{"index":"index","follow":"follow","max-snippet":"max-snippet:-1","max-image-preview":"max-image-preview:large","max-video-preview":"max-video-preview:-1"},"canonical":"https:\/\/exceladvisor.org\/it\/oggetto-richiesto-errore-424\/","og_locale":"it_IT","og_type":"article","og_title":"Come correggere l&#39;errore richiesto dall&#39;oggetto VBA? (Errore 424)","og_description":"In questo tutorial imparerai perch\u00e9 si verifica l&#39;oggetto richiesto (errore 424) e come gestirlo durante la scrittura del codice VBA.","og_url":"https:\/\/exceladvisor.org\/it\/oggetto-richiesto-errore-424\/","og_site_name":"Excel Advisor","article_modified_time":"2023-12-10T06:22:49+00:00","og_image":[{"url":"https:\/\/exceladvisor.org\/wp-content\/uploads\/2023\/08\/1-erreur-dobjet-vba-requise.png","type":"","width":"","height":""}],"twitter_card":"summary_large_image","twitter_misc":{"Tempo di lettura stimato":"2 minuti"},"schema":{"@context":"https:\/\/schema.org","@graph":[{"@type":"WebPage","@id":"https:\/\/exceladvisor.org\/it\/oggetto-richiesto-errore-424\/","url":"https:\/\/exceladvisor.org\/it\/oggetto-richiesto-errore-424\/","name":"Come correggere l&#39;errore richiesto dall&#39;oggetto VBA? (Errore 424)","isPartOf":{"@id":"https:\/\/exceladvisor.org\/it\/#website"},"primaryImageOfPage":{"@id":"https:\/\/exceladvisor.org\/it\/oggetto-richiesto-errore-424\/#primaryimage"},"image":{"@id":"https:\/\/exceladvisor.org\/it\/oggetto-richiesto-errore-424\/#primaryimage"},"thumbnailUrl":"https:\/\/exceladvisor.org\/wp-content\/uploads\/2023\/08\/1-erreur-dobjet-vba-requise.png","datePublished":"2023-09-01T06:37:58+00:00","dateModified":"2023-12-10T06:22:49+00:00","description":"In questo tutorial imparerai perch\u00e9 si verifica l&#39;oggetto richiesto (errore 424) e come gestirlo durante la scrittura del codice VBA.","breadcrumb":{"@id":"https:\/\/exceladvisor.org\/it\/oggetto-richiesto-errore-424\/#breadcrumb"},"inLanguage":"it-IT","potentialAction":[{"@type":"ReadAction","target":["https:\/\/exceladvisor.org\/it\/oggetto-richiesto-errore-424\/"]}]},{"@type":"ImageObject","inLanguage":"it-IT","@id":"https:\/\/exceladvisor.org\/it\/oggetto-richiesto-errore-424\/#primaryimage","url":"https:\/\/exceladvisor.org\/wp-content\/uploads\/2023\/08\/1-erreur-dobjet-vba-requise.png","contentUrl":"https:\/\/exceladvisor.org\/wp-content\/uploads\/2023\/08\/1-erreur-dobjet-vba-requise.png"},{"@type":"BreadcrumbList","@id":"https:\/\/exceladvisor.org\/it\/oggetto-richiesto-errore-424\/#breadcrumb","itemListElement":[{"@type":"ListItem","position":1,"name":"Home","item":"https:\/\/exceladvisor.org\/it\/"},{"@type":"ListItem","position":2,"name":"Come correggere l&#39;errore richiesto dall&#39;oggetto vba?"}]},{"@type":"WebSite","@id":"https:\/\/exceladvisor.org\/it\/#website","url":"https:\/\/exceladvisor.org\/it\/","name":"Excel Advisor","description":"Tips, Tricks, and Time-Saving Hacks","publisher":{"@id":"https:\/\/exceladvisor.org\/it\/#organization"},"potentialAction":[{"@type":"SearchAction","target":{"@type":"EntryPoint","urlTemplate":"https:\/\/exceladvisor.org\/it\/?s={search_term_string}"},"query-input":{"@type":"PropertyValueSpecification","valueRequired":true,"valueName":"search_term_string"}}],"inLanguage":"it-IT"},{"@type":"Organization","@id":"https:\/\/exceladvisor.org\/it\/#organization","name":"Excel Advisor","url":"https:\/\/exceladvisor.org\/it\/","logo":{"@type":"ImageObject","inLanguage":"it-IT","@id":"https:\/\/exceladvisor.org\/it\/#\/schema\/logo\/image\/","url":"https:\/\/exceladvisor.org\/it\/wp-content\/uploads\/2023\/12\/exceladvisor.org_.png","contentUrl":"https:\/\/exceladvisor.org\/it\/wp-content\/uploads\/2023\/12\/exceladvisor.org_.png","width":105,"height":36,"caption":"Excel Advisor"},"image":{"@id":"https:\/\/exceladvisor.org\/it\/#\/schema\/logo\/image\/"}}]}},"yoast_meta":{"yoast_wpseo_title":"","yoast_wpseo_metadesc":"","yoast_wpseo_canonical":""},"_links":{"self":[{"href":"https:\/\/exceladvisor.org\/it\/wp-json\/wp\/v2\/pages\/2214","targetHints":{"allow":["GET"]}}],"collection":[{"href":"https:\/\/exceladvisor.org\/it\/wp-json\/wp\/v2\/pages"}],"about":[{"href":"https:\/\/exceladvisor.org\/it\/wp-json\/wp\/v2\/types\/page"}],"author":[{"embeddable":true,"href":"https:\/\/exceladvisor.org\/it\/wp-json\/wp\/v2\/users\/1"}],"replies":[{"embeddable":true,"href":"https:\/\/exceladvisor.org\/it\/wp-json\/wp\/v2\/comments?post=2214"}],"version-history":[{"count":1,"href":"https:\/\/exceladvisor.org\/it\/wp-json\/wp\/v2\/pages\/2214\/revisions"}],"predecessor-version":[{"id":2446,"href":"https:\/\/exceladvisor.org\/it\/wp-json\/wp\/v2\/pages\/2214\/revisions\/2446"}],"wp:attachment":[{"href":"https:\/\/exceladvisor.org\/it\/wp-json\/wp\/v2\/media?parent=2214"}],"curies":[{"name":"wp","href":"https:\/\/api.w.org\/{rel}","templated":true}]}}