{"id":1495,"date":"2023-11-21T00:24:01","date_gmt":"2023-11-21T00:24:01","guid":{"rendered":"https:\/\/exceladvisor.org\/nl\/werkblad\/"},"modified":"2023-12-06T05:53:29","modified_gmt":"2023-12-06T05:53:29","slug":"werkblad","status":"publish","type":"page","link":"https:\/\/exceladvisor.org\/nl\/werkblad\/","title":{"rendered":"Wat is een excel-spreadsheet?"},"content":{"rendered":"<div class=\"excel-voor-de-inhoud\" id=\"excel-1791622486\"><script type=\"text\/javascript\">\r\n\tatOptions = {\r\n\t\t'key' : 'c1158f160081d6540a8409e6925dab94',\r\n\t\t'format' : 'iframe',\r\n\t\t'height' : 250,\r\n\t\t'width' : 300,\r\n\t\t'params' : {}\r\n\t};\r\n<\/script>\r\n<script type=\"text\/javascript\" src=\"\/\/www.highperformanceformat.com\/c1158f160081d6540a8409e6925dab94\/invoke.js\"><\/script><\/div> <p>In Excel is een werkblad een verzameling van miljoenen cellen waarin u gegevens kunt opslaan. Beschouw \u00e9\u00e9n spreadsheet als een pagina in een notitieboekje met honderden pagina&#8217;s. Op dezelfde manier kunt u meerdere werkbladen in een werkmap (Excel-bestand) hebben. <\/p><div class=\"wp-block-image\"><figure class=\"aligncenter size-full is-resized\"><img loading=\"lazy\" decoding=\"async\" class=\"wp-image-92273\" src=\"https:\/\/exceladvisor.org\/wp-content\/uploads\/2023\/08\/1-feuille-excel-et-feuille-de-calcul.png\" sizes=\"auto, \" srcset=\"\" alt=\"Excel-sheet-en-spreadsheet\" width=\"547\" height=\"370\"><\/figure><\/div><h2 id=\"h-max-number-of-worksheets\" class=\"wp-block-heading\"> Maximaal aantal werkbladen<\/h2><p> U kunt meerdere werkbladen in een werkmap invoegen, tenzij u weinig geheugen heeft. Ik heb het getest door meer dan 4000 vellen in \u00e9\u00e9n werkmap toe te voegen. <\/p><div class=\"wp-block-image\"><figure class=\"aligncenter size-full is-resized\"><img loading=\"lazy\" decoding=\"async\" class=\"wp-image-92275\" src=\"https:\/\/exceladvisor.org\/wp-content\/uploads\/2023\/08\/2-nombre-maximum-de-feuilles-de-travail.png\" sizes=\"auto, \" srcset=\"\" alt=\"max. aantal werkbladen\" width=\"338\" height=\"101\"><\/figure><\/div><p> U hoeft alleen maar te weten dat u slechts 255 werkbladen tegelijk kunt toevoegen. Wanneer u dus meerdere werkbladen toevoegt of VBA-code gebruikt, kunt u slechts 255 werkbladen tegelijk toevoegen.<\/p><h2 id=\"h-is-there-any-difference-between-a-sheet-and-a-worksheet\" class=\"wp-block-heading\"> Is er een verschil tussen een blad en een spreadsheet?<\/h2><p> Ja, er is een klein verschil. Een spreadsheet is een soort blad. Wanneer u in Excel met de rechtermuisknop op het bladtabblad klikt en vervolgens op Invoegen klikt, ziet u een dialoogvenster waarin u het blad kunt selecteren dat u wilt toevoegen. <\/p><div class=\"wp-block-image\"><figure class=\"aligncenter size-full is-resized\"><img loading=\"lazy\" decoding=\"async\" class=\"wp-image-92276\" src=\"https:\/\/exceladvisor.org\/wp-content\/uploads\/2023\/08\/3-feuille-vs-feuille-de-calcul.png\" sizes=\"auto, \" srcset=\"\" alt=\"blad versus spreadsheet\" width=\"502\" height=\"384\"><\/figure><\/div><p> U kunt vier verschillende vellen invoegen.<\/p><ol type=\"1\"><li> Werkblad<\/li><li> Grafiek<\/li><li> MS Excel 4.0-macro<\/li><li> MS Excel 5.0-dialoogvenster<\/li><\/ol><h2> Schokkende feiten over Excel-spreadsheets<\/h2><p> <strong>Wat is er zo speciaal aan spreadsheets?<\/strong><\/p><p> Een spreadsheet is een digitaal grootboek waarin gegevens worden opgeslagen in cellen die in rijen en kolommen worden weergegeven, een zogenaamde tabelvorm. In de kern is een spreadsheet een tweedimensionaal document dat is ontworpen voor het opslaan en berekenen van gegevens. Het is een krachtig hulpmiddel voor taken zoals het verwerken van cijfers, het opslaan van lijsten en het bijhouden van budgetten.<\/p><p> <strong>Hoeveel functies zijn er voor de spreadsheet?<\/strong><\/p><p> Er zijn meer dan 450 ingebouwde functies beschikbaar. Weet jij bijvoorbeeld wat het Arabische cijfer MMMMXCIX is? Je bent echt geweldig als je dat doet! Verlies echter uw moraal niet als u geen duidelijk antwoord kunt geven: Excel biedt een eenvoudige en elegante oplossing.<\/p><p> Deze functie heet ARABIC en, zoals je misschien al geraden had, converteert deze Romeinse cijfers naar Arabische cijfers.<\/p><p> <strong>U kunt uw spreadsheet niet de naam &#8216;Geschiedenis&#8217; geven<\/strong><\/p><p> In elke werkmap maakt Excel een hulpwerkblad met de naam &#8216;Geschiedenis&#8217; om wijzigingen tussen gedeelde werkmappen bij te houden.<\/p><p> Of u uw werkmap nu deelt of niet, het is echter niet mogelijk om een werkblad met de naam &#8216;Geschiedenis&#8217; te maken, omdat dit een gereserveerde naam is. Als u dit probeert, verschijnt de volgende foutmelding. <\/p><p><img loading=\"lazy\" decoding=\"async\" class=\"alignnone size-full wp-image-13272\" src=\"https:\/\/exceladvisor.org\/wp-content\/uploads\/2023\/11\/history.png\" alt=\"geschiedenis\" width=\"217\" height=\"115\"><\/p><p> <strong>Hoeveel hyperlinks kan een spreadsheet bevatten?<\/strong><\/p><p> Waarom zou je zoveel hyperlinks nodig hebben? Welke kwaadaardige doelen u ook nastreeft, onthoud dat hun aantal beperkt is tot 65.530. Het enige wat je kunt doen is het accepteren.<\/p><p> <strong>Hoeveel niet-aaneengesloten elementen kunt u in een werkblad selecteren?<\/strong><\/p><p> Daag Excel uit door 2.147.483.648 niet-aaneengesloten cellen tegelijkertijd te selecteren \u2013 en kijk wat er gebeurt. Als u \u00e9\u00e9n cel per seconde selecteert, kost het u ongeveer 68 jaar saai werk. Het maakt niet uit of je je ambitieuze doel bereikt of halverwege opgeeft, je bent je nu bewust van je eindeloze mogelijkheden.<\/p><p> <strong>Hoeveel rijen en kolommen zijn er in een spreadsheet?<\/strong><\/p><p> Elk werkblad bestaat uit 1.048.576 rijen bij 16.384 kolommen, wat neerkomt op 17.179.869.184 cellen.<\/p><p> <strong>Excel-spreadsheet kan worden gebruikt voor prachtige kunst<\/strong><\/p><p> Terwijl financi\u00eble functies zich minder op de creatieve kant en meer op de eenvoudige kant van zaken en cijfers richten, kan Excel letterlijk kunst maken. Een Japanse man, <a href=\"https:\/\/www.boredpanda.com\/80-year-old-excel-paintings-tatsuo-horiuchi\/\">Tatsuo Horiuchi<\/a> , heeft jarenlang ongelooflijk mooie landschappen gecre\u00eberd met behulp van \u00e9\u00e9n enkel hulpmiddel, Excel. <\/p><p><img loading=\"lazy\" decoding=\"async\" class=\"alignnone size-full wp-image-13273\" src=\"https:\/\/exceladvisor.org\/wp-content\/uploads\/2023\/11\/excel-art.jpg\" alt=\"excel-kunst\" width=\"700\" height=\"364\" srcset=\"https:\/\/exceladvisor.org\/wp-content\/uploads\/2023\/11\/excel-art.jpg 700w, https:\/\/exceladvisor.org\/wp-content\/uploads\/2023\/11\/excel-art-300x156.jpg 300w\" sizes=\"auto, (max-width: 700px) 100vw, 700px\"><\/p><p> <strong>Excel ondersteunt 16 miljoen kleuren<\/strong><\/p><p> Vanaf Excel 2007 beperkt uw creativiteit zich niet langer tot de 56 standaardkleuren zoals voorheen. Nu bent u vrij om het 24-bits kleurenspectrum volledig te benutten en uzelf uit te drukken met 16 miljoen kleuren! Natuurlijk zul je niet de eerste persoon zijn die Excel gebruikt in plaats van grafische software, maar je kunt het gewoon proberen en waarschijnlijk je eigen digitale meesterwerk cre\u00ebren.<\/p><p> Hieronder vindt u enkele tutorials die u zullen helpen meer te leren: <\/p><div class=\"gb-grid-wrapper gb-grid-wrapper-7600a9f5\"><div class=\"gb-grid-column gb-grid-column-108ef88c\"><div class=\"gb-container gb-container-108ef88c\"><ul><li> <a href=\"https:\/\/exceladvisor.org\/nl\/toevoegen\/\">Voeg een blad toe<\/a><\/li><li> <a href=\"https:\/\/exceladvisor.org\/nl\/weergave\/\">Bekijk een Excel-blad<\/a><\/li><li> <a href=\"https:\/\/exceladvisor.org\/nl\/slot\/\">Vergrendel een blad<\/a><\/li><li> <a href=\"https:\/\/exceladvisor.org\/nl\/open\/\">Ontgrendel een blad<\/a><\/li><li> <a href=\"https:\/\/exceladvisor.org\/nl\/kopie-1\/\">Kopieer of verplaats een blad<\/a> <\/li><\/ul><\/div><\/div><div class=\"gb-grid-column gb-grid-column-3909e948\"><div class=\"gb-container gb-container-3909e948\"><\/div><\/div><\/div>","protected":false},"excerpt":{"rendered":"","protected":false},"author":1,"featured_media":0,"parent":0,"menu_order":0,"comment_status":"open","ping_status":"closed","template":"","meta":{"ub_ctt_via":"","footnotes":""},"class_list":["post-1495","page","type-page","status-publish","hentry"],"featured_image_src":null,"yoast_head":"<!-- This site is optimized with the Yoast SEO plugin v25.4 - https:\/\/yoast.com\/wordpress\/plugins\/seo\/ -->\n<title>10+ verborgen feiten over Excel-spreadsheets 2023<\/title>\n<meta name=\"description\" content=\"In Excel is een werkblad een verzameling van miljoenen cellen waarin u gegevens kunt opslaan. Overwegen\" \/>\n<meta name=\"robots\" content=\"index, follow, max-snippet:-1, max-image-preview:large, max-video-preview:-1\" \/>\n<link rel=\"canonical\" href=\"https:\/\/exceladvisor.org\/nl\/werkblad\/\" \/>\n<meta property=\"og:locale\" content=\"nl_NL\" \/>\n<meta property=\"og:type\" content=\"article\" \/>\n<meta property=\"og:title\" content=\"10+ verborgen feiten over Excel-spreadsheets 2023\" \/>\n<meta property=\"og:description\" content=\"In Excel is een werkblad een verzameling van miljoenen cellen waarin u gegevens kunt opslaan. Overwegen\" \/>\n<meta property=\"og:url\" content=\"https:\/\/exceladvisor.org\/nl\/werkblad\/\" \/>\n<meta property=\"og:site_name\" content=\"Excel Advisor\" \/>\n<meta property=\"article:modified_time\" content=\"2023-12-06T05:53:29+00:00\" \/>\n<meta property=\"og:image\" content=\"https:\/\/exceladvisor.org\/wp-content\/uploads\/2023\/08\/1-feuille-excel-et-feuille-de-calcul.png\" \/>\n<meta name=\"twitter:card\" content=\"summary_large_image\" \/>\n<meta name=\"twitter:label1\" content=\"Geschatte leestijd\" \/>\n\t<meta name=\"twitter:data1\" content=\"3 minuten\" \/>\n<script type=\"application\/ld+json\" class=\"yoast-schema-graph\">{\"@context\":\"https:\/\/schema.org\",\"@graph\":[{\"@type\":\"WebPage\",\"@id\":\"https:\/\/exceladvisor.org\/nl\/werkblad\/\",\"url\":\"https:\/\/exceladvisor.org\/nl\/werkblad\/\",\"name\":\"10+ verborgen feiten over Excel-spreadsheets 2023\",\"isPartOf\":{\"@id\":\"https:\/\/exceladvisor.org\/nl\/#website\"},\"primaryImageOfPage\":{\"@id\":\"https:\/\/exceladvisor.org\/nl\/werkblad\/#primaryimage\"},\"image\":{\"@id\":\"https:\/\/exceladvisor.org\/nl\/werkblad\/#primaryimage\"},\"thumbnailUrl\":\"https:\/\/exceladvisor.org\/wp-content\/uploads\/2023\/08\/1-feuille-excel-et-feuille-de-calcul.png\",\"datePublished\":\"2023-11-21T00:24:01+00:00\",\"dateModified\":\"2023-12-06T05:53:29+00:00\",\"description\":\"In Excel is een werkblad een verzameling van miljoenen cellen waarin u gegevens kunt opslaan. Overwegen\",\"breadcrumb\":{\"@id\":\"https:\/\/exceladvisor.org\/nl\/werkblad\/#breadcrumb\"},\"inLanguage\":\"nl-NL\",\"potentialAction\":[{\"@type\":\"ReadAction\",\"target\":[\"https:\/\/exceladvisor.org\/nl\/werkblad\/\"]}]},{\"@type\":\"ImageObject\",\"inLanguage\":\"nl-NL\",\"@id\":\"https:\/\/exceladvisor.org\/nl\/werkblad\/#primaryimage\",\"url\":\"https:\/\/exceladvisor.org\/wp-content\/uploads\/2023\/08\/1-feuille-excel-et-feuille-de-calcul.png\",\"contentUrl\":\"https:\/\/exceladvisor.org\/wp-content\/uploads\/2023\/08\/1-feuille-excel-et-feuille-de-calcul.png\"},{\"@type\":\"BreadcrumbList\",\"@id\":\"https:\/\/exceladvisor.org\/nl\/werkblad\/#breadcrumb\",\"itemListElement\":[{\"@type\":\"ListItem\",\"position\":1,\"name\":\"Thuis\",\"item\":\"https:\/\/exceladvisor.org\/nl\/\"},{\"@type\":\"ListItem\",\"position\":2,\"name\":\"Wat is een excel-spreadsheet?\"}]},{\"@type\":\"WebSite\",\"@id\":\"https:\/\/exceladvisor.org\/nl\/#website\",\"url\":\"https:\/\/exceladvisor.org\/nl\/\",\"name\":\"Excel Advisor\",\"description\":\"Uw gids voor datadominantie\",\"publisher\":{\"@id\":\"https:\/\/exceladvisor.org\/nl\/#organization\"},\"potentialAction\":[{\"@type\":\"SearchAction\",\"target\":{\"@type\":\"EntryPoint\",\"urlTemplate\":\"https:\/\/exceladvisor.org\/nl\/?s={search_term_string}\"},\"query-input\":{\"@type\":\"PropertyValueSpecification\",\"valueRequired\":true,\"valueName\":\"search_term_string\"}}],\"inLanguage\":\"nl-NL\"},{\"@type\":\"Organization\",\"@id\":\"https:\/\/exceladvisor.org\/nl\/#organization\",\"name\":\"Excel Advisor\",\"url\":\"https:\/\/exceladvisor.org\/nl\/\",\"logo\":{\"@type\":\"ImageObject\",\"inLanguage\":\"nl-NL\",\"@id\":\"https:\/\/exceladvisor.org\/nl\/#\/schema\/logo\/image\/\",\"url\":\"https:\/\/exceladvisor.org\/nl\/wp-content\/uploads\/2023\/12\/exceladvisor.org_.png\",\"contentUrl\":\"https:\/\/exceladvisor.org\/nl\/wp-content\/uploads\/2023\/12\/exceladvisor.org_.png\",\"width\":105,\"height\":36,\"caption\":\"Excel Advisor\"},\"image\":{\"@id\":\"https:\/\/exceladvisor.org\/nl\/#\/schema\/logo\/image\/\"}}]}<\/script>\n<!-- \/ Yoast SEO plugin. -->","yoast_head_json":{"title":"10+ verborgen feiten over Excel-spreadsheets 2023","description":"In Excel is een werkblad een verzameling van miljoenen cellen waarin u gegevens kunt opslaan. Overwegen","robots":{"index":"index","follow":"follow","max-snippet":"max-snippet:-1","max-image-preview":"max-image-preview:large","max-video-preview":"max-video-preview:-1"},"canonical":"https:\/\/exceladvisor.org\/nl\/werkblad\/","og_locale":"nl_NL","og_type":"article","og_title":"10+ verborgen feiten over Excel-spreadsheets 2023","og_description":"In Excel is een werkblad een verzameling van miljoenen cellen waarin u gegevens kunt opslaan. Overwegen","og_url":"https:\/\/exceladvisor.org\/nl\/werkblad\/","og_site_name":"Excel Advisor","article_modified_time":"2023-12-06T05:53:29+00:00","og_image":[{"url":"https:\/\/exceladvisor.org\/wp-content\/uploads\/2023\/08\/1-feuille-excel-et-feuille-de-calcul.png","type":"","width":"","height":""}],"twitter_card":"summary_large_image","twitter_misc":{"Geschatte leestijd":"3 minuten"},"schema":{"@context":"https:\/\/schema.org","@graph":[{"@type":"WebPage","@id":"https:\/\/exceladvisor.org\/nl\/werkblad\/","url":"https:\/\/exceladvisor.org\/nl\/werkblad\/","name":"10+ verborgen feiten over Excel-spreadsheets 2023","isPartOf":{"@id":"https:\/\/exceladvisor.org\/nl\/#website"},"primaryImageOfPage":{"@id":"https:\/\/exceladvisor.org\/nl\/werkblad\/#primaryimage"},"image":{"@id":"https:\/\/exceladvisor.org\/nl\/werkblad\/#primaryimage"},"thumbnailUrl":"https:\/\/exceladvisor.org\/wp-content\/uploads\/2023\/08\/1-feuille-excel-et-feuille-de-calcul.png","datePublished":"2023-11-21T00:24:01+00:00","dateModified":"2023-12-06T05:53:29+00:00","description":"In Excel is een werkblad een verzameling van miljoenen cellen waarin u gegevens kunt opslaan. Overwegen","breadcrumb":{"@id":"https:\/\/exceladvisor.org\/nl\/werkblad\/#breadcrumb"},"inLanguage":"nl-NL","potentialAction":[{"@type":"ReadAction","target":["https:\/\/exceladvisor.org\/nl\/werkblad\/"]}]},{"@type":"ImageObject","inLanguage":"nl-NL","@id":"https:\/\/exceladvisor.org\/nl\/werkblad\/#primaryimage","url":"https:\/\/exceladvisor.org\/wp-content\/uploads\/2023\/08\/1-feuille-excel-et-feuille-de-calcul.png","contentUrl":"https:\/\/exceladvisor.org\/wp-content\/uploads\/2023\/08\/1-feuille-excel-et-feuille-de-calcul.png"},{"@type":"BreadcrumbList","@id":"https:\/\/exceladvisor.org\/nl\/werkblad\/#breadcrumb","itemListElement":[{"@type":"ListItem","position":1,"name":"Thuis","item":"https:\/\/exceladvisor.org\/nl\/"},{"@type":"ListItem","position":2,"name":"Wat is een excel-spreadsheet?"}]},{"@type":"WebSite","@id":"https:\/\/exceladvisor.org\/nl\/#website","url":"https:\/\/exceladvisor.org\/nl\/","name":"Excel Advisor","description":"Uw gids voor datadominantie","publisher":{"@id":"https:\/\/exceladvisor.org\/nl\/#organization"},"potentialAction":[{"@type":"SearchAction","target":{"@type":"EntryPoint","urlTemplate":"https:\/\/exceladvisor.org\/nl\/?s={search_term_string}"},"query-input":{"@type":"PropertyValueSpecification","valueRequired":true,"valueName":"search_term_string"}}],"inLanguage":"nl-NL"},{"@type":"Organization","@id":"https:\/\/exceladvisor.org\/nl\/#organization","name":"Excel Advisor","url":"https:\/\/exceladvisor.org\/nl\/","logo":{"@type":"ImageObject","inLanguage":"nl-NL","@id":"https:\/\/exceladvisor.org\/nl\/#\/schema\/logo\/image\/","url":"https:\/\/exceladvisor.org\/nl\/wp-content\/uploads\/2023\/12\/exceladvisor.org_.png","contentUrl":"https:\/\/exceladvisor.org\/nl\/wp-content\/uploads\/2023\/12\/exceladvisor.org_.png","width":105,"height":36,"caption":"Excel Advisor"},"image":{"@id":"https:\/\/exceladvisor.org\/nl\/#\/schema\/logo\/image\/"}}]}},"yoast_meta":{"yoast_wpseo_title":"","yoast_wpseo_metadesc":"","yoast_wpseo_canonical":""},"_links":{"self":[{"href":"https:\/\/exceladvisor.org\/nl\/wp-json\/wp\/v2\/pages\/1495","targetHints":{"allow":["GET"]}}],"collection":[{"href":"https:\/\/exceladvisor.org\/nl\/wp-json\/wp\/v2\/pages"}],"about":[{"href":"https:\/\/exceladvisor.org\/nl\/wp-json\/wp\/v2\/types\/page"}],"author":[{"embeddable":true,"href":"https:\/\/exceladvisor.org\/nl\/wp-json\/wp\/v2\/users\/1"}],"replies":[{"embeddable":true,"href":"https:\/\/exceladvisor.org\/nl\/wp-json\/wp\/v2\/comments?post=1495"}],"version-history":[{"count":1,"href":"https:\/\/exceladvisor.org\/nl\/wp-json\/wp\/v2\/pages\/1495\/revisions"}],"predecessor-version":[{"id":2973,"href":"https:\/\/exceladvisor.org\/nl\/wp-json\/wp\/v2\/pages\/1495\/revisions\/2973"}],"wp:attachment":[{"href":"https:\/\/exceladvisor.org\/nl\/wp-json\/wp\/v2\/media?parent=1495"}],"curies":[{"name":"wp","href":"https:\/\/api.w.org\/{rel}","templated":true}]}}