{"id":1500,"date":"2023-11-20T05:19:51","date_gmt":"2023-11-20T05:19:51","guid":{"rendered":"https:\/\/exceladvisor.org\/nl\/spatie-toevoegen-2\/"},"modified":"2023-12-06T05:51:52","modified_gmt":"2023-12-06T05:51:52","slug":"spatie-toevoegen-2","status":"publish","type":"page","link":"https:\/\/exceladvisor.org\/nl\/spatie-toevoegen-2\/","title":{"rendered":"Hoe voeg ik een spatie toe aan een excel-cel?"},"content":{"rendered":"<div class=\"excel-voor-de-inhoud\" id=\"excel-2041888026\"><script type=\"text\/javascript\">\r\n\tatOptions = {\r\n\t\t'key' : 'c1158f160081d6540a8409e6925dab94',\r\n\t\t'format' : 'iframe',\r\n\t\t'height' : 250,\r\n\t\t'width' : 300,\r\n\t\t'params' : {}\r\n\t};\r\n<\/script>\r\n<script type=\"text\/javascript\" src=\"\/\/www.highperformanceformat.com\/c1158f160081d6540a8409e6925dab94\/invoke.js\"><\/script><\/div> <p>Wanneer je twee waarden in \u00e9\u00e9n cel combineert, is het meestal nodig om een spatie tussen die waarden toe te voegen. Zelfs soms moet u meer dan \u00e9\u00e9n spatie toevoegen. Deze zelfstudie helpt u bij het schrijven van een formule om ruimte of meerdere spaties toe te voegen in Excel.<\/p><h2 class=\"wp-block-heading\"> Voeg een enkele spatie toe<\/h2><ol type=\"1\"><li> Voer eerst (=) in een cel in.<\/li><li> Verwijs naar de cel met de eerste waarde en typ een ampersand (&amp;).<\/li><li> Typ (\u201c\u201d) om de ruimte op te geven die u wilt toevoegen.<\/li><li> Verwijs nu naar de cel met de tweede waarde en typ een ampersand (&amp;).<\/li><li> Druk aan het einde op Enter om het resultaat te krijgen. <\/li><\/ol><div class=\"wp-block-image\"><figure class=\"aligncenter size-full is-resized\"><img loading=\"lazy\" decoding=\"async\" class=\"alignnone wp-image-12824 \" src=\"https:\/\/exceladvisor.org\/wp-content\/uploads\/2023\/11\/1-ajouter-un-espace-unique.png\" alt=\"1 voeg een enkele spatie toe\" width=\"535\" height=\"110\" srcset=\"https:\/\/exceladvisor.org\/wp-content\/uploads\/2023\/11\/1-ajouter-un-espace-unique.png 564w, https:\/\/exceladvisor.org\/wp-content\/uploads\/2023\/11\/1-ajouter-un-espace-unique-300x62.png 300w\" sizes=\"auto, (max-width: 535px) 100vw, 535px\"><\/figure><\/div><p> Op het moment dat je op Enter drukt, krijg je beide waarden in \u00e9\u00e9n cel met een spatie ertussen. <\/p><div class=\"wp-block-image\"><figure class=\"aligncenter size-full is-resized\"><img loading=\"lazy\" decoding=\"async\" class=\"alignnone wp-image-12825 \" src=\"https:\/\/exceladvisor.org\/wp-content\/uploads\/2023\/11\/2-Excel-a-espace-unique.png\" alt=\"2 Enkele spatie Excel\" width=\"542\" height=\"107\" srcset=\"https:\/\/exceladvisor.org\/wp-content\/uploads\/2023\/11\/2-Excel-a-espace-unique.png 557w, https:\/\/exceladvisor.org\/wp-content\/uploads\/2023\/11\/2-Excel-a-espace-unique-300x59.png 300w\" sizes=\"auto, (max-width: 542px) 100vw, 542px\"><\/figure><\/div><pre class=\"wp-block-code\"> <code class=\"language-excel-formula\" lang=\"excel-formula\">=A1&amp;\" \"&amp;B1<\/code><\/pre><h2 class=\"wp-block-heading\"> Voeg meerdere spaties toe<\/h2><p> Als u nu meer dan \u00e9\u00e9n spatie tussen twee waarden wilt toevoegen, kunt u in dat geval de REPT-functie gebruiken. <\/p><div class=\"wp-block-image\"><figure class=\"aligncenter size-full is-resized\"><img loading=\"lazy\" decoding=\"async\" class=\"alignnone  wp-image-12827\" src=\"https:\/\/exceladvisor.org\/wp-content\/uploads\/2023\/11\/4-Excel-a-espaces-multiples.png\" alt=\"4 Multispace-Excel\" width=\"608\" height=\"135\" srcset=\"https:\/\/exceladvisor.org\/wp-content\/uploads\/2023\/11\/4-Excel-a-espaces-multiples.png 693w, https:\/\/exceladvisor.org\/wp-content\/uploads\/2023\/11\/4-Excel-a-espaces-multiples-300x67.png 300w\" sizes=\"auto, (max-width: 608px) 100vw, 608px\"><\/figure><\/div><p> In plaats van een enkele spatie in deze formule te gebruiken, hebben we de REPT gebruikt. En in de REPT hebben we de spatie en het nummer gespecificeerd. <\/p><div class=\"wp-block-image\"><figure class=\"aligncenter size-full is-resized\"><img loading=\"lazy\" decoding=\"async\" class=\"alignnone  wp-image-12826\" src=\"https:\/\/exceladvisor.org\/wp-content\/uploads\/2023\/11\/3-ajouter-plusieurs-espaces.png\" alt=\"3 extra-veel-spaties\" width=\"605\" height=\"147\" srcset=\"https:\/\/exceladvisor.org\/wp-content\/uploads\/2023\/11\/3-ajouter-plusieurs-espaces.png 691w, https:\/\/exceladvisor.org\/wp-content\/uploads\/2023\/11\/3-ajouter-plusieurs-espaces-300x73.png 300w\" sizes=\"auto, (max-width: 605px) 100vw, 605px\"><\/figure><\/div><p> Zoals je kunt zien, hebben we 20 voor het argument number_times, dat de functie vertelt om 20 spaties tussen de twee woorden terug te geven.<\/p><pre class=\"wp-block-code\"> <code class=\"language-excel-formula\" lang=\"excel-formula\">=A1&amp;REPT(\" \",20)&amp;B1<\/code><\/pre><h2 class=\"wp-block-heading\"> Voeg meerdere spaties toe voor meerdere waarden<\/h2><p> Als u meerdere waarden heeft en bij het combineren een spatie tussen elk van de waarden wilt toevoegen, kunt u de functie TEXTJOIN gebruiken. <\/p><div class=\"wp-block-image\"><figure class=\"aligncenter size-full is-resized\"><img loading=\"lazy\" decoding=\"async\" class=\"wp-image-83043\" src=\"https:\/\/exceladvisor.org\/wp-content\/uploads\/2023\/08\/5-ajouter-plusieurs-espaces-pour-plusieurs-valeurs.png\" sizes=\"auto, \" srcset=\"\" alt=\"voeg-meerdere-spatie-voor-meerdere-waarden toe\" width=\"441\" height=\"319\"><\/figure><\/div><p> In TEXTJOIN moet je het scheidingsteken opgeven dat tussen elke waarde wordt toegevoegd, en hier hebben we een spatie. Daarna TRUE om de lege cel te negeren en aan het einde bereik om de waarden op te halen.<\/p><pre class=\"wp-block-code\"> <code class=\"language-excel-formula\" lang=\"excel-formula\">=TEXTJOIN(\" \",TRUE,A1:A5)<\/code><\/pre><div class=\"gb-container gb-container-52dfcee1 gb-container-sample-file\"><h2 class=\"gb-headline gb-headline-e289c143 gb-headline-text gb-headline-4f7959c2\"> Haal het Excel-bestand op<\/h2> <a class=\"gb-button gb-button-e88d6bee gb-button-text gb-button-button1\" href=\"https:\/\/exceladvisor.org\/wp-content\/uploads\/2023\/11\/ajouter-de-lespace-dans-Excel.xlsx\" rel=\"nofollow\">Downloaden<\/a><\/div><div class=\"gb-container gb-container-0df56012 gb-container-mt\"> <a class=\"gb-button gb-button-f9f432f4 gb-button-text gb-button-mt-button\" href=\"https:\/\/exceladvisor.org\/nl\/formules\/\">Lijst met Excel-formules<\/a><h2 class=\"gb-headline gb-headline-233444e8 gb-headline-text gb-headline-mt-heading\"> Gerelateerde formules <\/h2><div class=\"gb-grid-wrapper gb-grid-wrapper-a16fa65c gb-grid-wrapper-mt-grid\"><div class=\"gb-grid-column gb-grid-column-50d07e0d\"><div class=\"gb-container gb-container-50d07e0d\"><ul><li> <a href=\"https:\/\/exceladvisor.org\/nl\/nieuwe-regel-in-cel\/\">Een nieuwe regel toevoegen aan een cel in Excel (regeleinde)<\/a><\/li><li> <a href=\"https:\/\/exceladvisor.org\/nl\/voorloopnullen\/\">Voeg voorloopnullen toe in Excel<\/a><\/li><li> <a href=\"https:\/\/exceladvisor.org\/nl\/cellen-samenvoegen-met-een-komma\/\">Voeg cellen samen met een komma in Excel<\/a><\/li><li> <a href=\"https:\/\/exceladvisor.org\/nl\/een-reeks-cellen-aaneenschakelen\/\">Voeg een reeks cellen samen in Excel<\/a><\/li><li> <a href=\"https:\/\/exceladvisor.org\/nl\/een-regeleinde-aaneenschakelen\/\">Samenvoegen met regeleinde in Excel<\/a> <\/li><\/ul><\/div><\/div><div class=\"gb-grid-column gb-grid-column-5b4a0cf9\"><div class=\"gb-container gb-container-5b4a0cf9\"><\/div><\/div><\/div><\/div>","protected":false},"excerpt":{"rendered":"","protected":false},"author":1,"featured_media":0,"parent":0,"menu_order":0,"comment_status":"open","ping_status":"closed","template":"","meta":{"ub_ctt_via":"","footnotes":""},"class_list":["post-1500","page","type-page","status-publish","hentry"],"featured_image_src":null,"yoast_head":"<!-- This site is optimized with the Yoast SEO plugin v25.4 - https:\/\/yoast.com\/wordpress\/plugins\/seo\/ -->\n<title>\u25b7 Hoe voeg ik een spatie toe in een Excel-cel?<\/title>\n<meta name=\"description\" content=\"In deze zelfstudie leert u hoe u een Excel-formule schrijft om een spatie tussen twee waarden toe te voegen. Laten we dit controleren...\" \/>\n<meta name=\"robots\" content=\"index, follow, max-snippet:-1, max-image-preview:large, max-video-preview:-1\" \/>\n<link rel=\"canonical\" href=\"https:\/\/exceladvisor.org\/nl\/spatie-toevoegen-2\/\" \/>\n<meta property=\"og:locale\" content=\"nl_NL\" \/>\n<meta property=\"og:type\" content=\"article\" \/>\n<meta property=\"og:title\" content=\"\u25b7 Hoe voeg ik een spatie toe in een Excel-cel?\" \/>\n<meta property=\"og:description\" content=\"In deze zelfstudie leert u hoe u een Excel-formule schrijft om een spatie tussen twee waarden toe te voegen. Laten we dit controleren...\" \/>\n<meta property=\"og:url\" content=\"https:\/\/exceladvisor.org\/nl\/spatie-toevoegen-2\/\" \/>\n<meta property=\"og:site_name\" content=\"Excel Advisor\" \/>\n<meta property=\"article:modified_time\" content=\"2023-12-06T05:51:52+00:00\" \/>\n<meta property=\"og:image\" content=\"https:\/\/exceladvisor.org\/wp-content\/uploads\/2023\/11\/1-ajouter-un-espace-unique.png\" \/>\n<meta name=\"twitter:card\" content=\"summary_large_image\" \/>\n<meta name=\"twitter:label1\" content=\"Geschatte leestijd\" \/>\n\t<meta name=\"twitter:data1\" content=\"2 minuten\" \/>\n<script type=\"application\/ld+json\" class=\"yoast-schema-graph\">{\"@context\":\"https:\/\/schema.org\",\"@graph\":[{\"@type\":\"WebPage\",\"@id\":\"https:\/\/exceladvisor.org\/nl\/spatie-toevoegen-2\/\",\"url\":\"https:\/\/exceladvisor.org\/nl\/spatie-toevoegen-2\/\",\"name\":\"\u25b7 Hoe voeg ik een spatie toe in een Excel-cel?\",\"isPartOf\":{\"@id\":\"https:\/\/exceladvisor.org\/nl\/#website\"},\"primaryImageOfPage\":{\"@id\":\"https:\/\/exceladvisor.org\/nl\/spatie-toevoegen-2\/#primaryimage\"},\"image\":{\"@id\":\"https:\/\/exceladvisor.org\/nl\/spatie-toevoegen-2\/#primaryimage\"},\"thumbnailUrl\":\"https:\/\/exceladvisor.org\/wp-content\/uploads\/2023\/11\/1-ajouter-un-espace-unique.png\",\"datePublished\":\"2023-11-20T05:19:51+00:00\",\"dateModified\":\"2023-12-06T05:51:52+00:00\",\"description\":\"In deze zelfstudie leert u hoe u een Excel-formule schrijft om een spatie tussen twee waarden toe te voegen. Laten we dit controleren...\",\"breadcrumb\":{\"@id\":\"https:\/\/exceladvisor.org\/nl\/spatie-toevoegen-2\/#breadcrumb\"},\"inLanguage\":\"nl-NL\",\"potentialAction\":[{\"@type\":\"ReadAction\",\"target\":[\"https:\/\/exceladvisor.org\/nl\/spatie-toevoegen-2\/\"]}]},{\"@type\":\"ImageObject\",\"inLanguage\":\"nl-NL\",\"@id\":\"https:\/\/exceladvisor.org\/nl\/spatie-toevoegen-2\/#primaryimage\",\"url\":\"https:\/\/exceladvisor.org\/wp-content\/uploads\/2023\/11\/1-ajouter-un-espace-unique.png\",\"contentUrl\":\"https:\/\/exceladvisor.org\/wp-content\/uploads\/2023\/11\/1-ajouter-un-espace-unique.png\"},{\"@type\":\"BreadcrumbList\",\"@id\":\"https:\/\/exceladvisor.org\/nl\/spatie-toevoegen-2\/#breadcrumb\",\"itemListElement\":[{\"@type\":\"ListItem\",\"position\":1,\"name\":\"Thuis\",\"item\":\"https:\/\/exceladvisor.org\/nl\/\"},{\"@type\":\"ListItem\",\"position\":2,\"name\":\"Hoe voeg ik een spatie toe aan een excel-cel?\"}]},{\"@type\":\"WebSite\",\"@id\":\"https:\/\/exceladvisor.org\/nl\/#website\",\"url\":\"https:\/\/exceladvisor.org\/nl\/\",\"name\":\"Excel Advisor\",\"description\":\"Uw gids voor datadominantie\",\"publisher\":{\"@id\":\"https:\/\/exceladvisor.org\/nl\/#organization\"},\"potentialAction\":[{\"@type\":\"SearchAction\",\"target\":{\"@type\":\"EntryPoint\",\"urlTemplate\":\"https:\/\/exceladvisor.org\/nl\/?s={search_term_string}\"},\"query-input\":{\"@type\":\"PropertyValueSpecification\",\"valueRequired\":true,\"valueName\":\"search_term_string\"}}],\"inLanguage\":\"nl-NL\"},{\"@type\":\"Organization\",\"@id\":\"https:\/\/exceladvisor.org\/nl\/#organization\",\"name\":\"Excel Advisor\",\"url\":\"https:\/\/exceladvisor.org\/nl\/\",\"logo\":{\"@type\":\"ImageObject\",\"inLanguage\":\"nl-NL\",\"@id\":\"https:\/\/exceladvisor.org\/nl\/#\/schema\/logo\/image\/\",\"url\":\"https:\/\/exceladvisor.org\/nl\/wp-content\/uploads\/2023\/12\/exceladvisor.org_.png\",\"contentUrl\":\"https:\/\/exceladvisor.org\/nl\/wp-content\/uploads\/2023\/12\/exceladvisor.org_.png\",\"width\":105,\"height\":36,\"caption\":\"Excel Advisor\"},\"image\":{\"@id\":\"https:\/\/exceladvisor.org\/nl\/#\/schema\/logo\/image\/\"}}]}<\/script>\n<!-- \/ Yoast SEO plugin. -->","yoast_head_json":{"title":"\u25b7 Hoe voeg ik een spatie toe in een Excel-cel?","description":"In deze zelfstudie leert u hoe u een Excel-formule schrijft om een spatie tussen twee waarden toe te voegen. Laten we dit controleren...","robots":{"index":"index","follow":"follow","max-snippet":"max-snippet:-1","max-image-preview":"max-image-preview:large","max-video-preview":"max-video-preview:-1"},"canonical":"https:\/\/exceladvisor.org\/nl\/spatie-toevoegen-2\/","og_locale":"nl_NL","og_type":"article","og_title":"\u25b7 Hoe voeg ik een spatie toe in een Excel-cel?","og_description":"In deze zelfstudie leert u hoe u een Excel-formule schrijft om een spatie tussen twee waarden toe te voegen. Laten we dit controleren...","og_url":"https:\/\/exceladvisor.org\/nl\/spatie-toevoegen-2\/","og_site_name":"Excel Advisor","article_modified_time":"2023-12-06T05:51:52+00:00","og_image":[{"url":"https:\/\/exceladvisor.org\/wp-content\/uploads\/2023\/11\/1-ajouter-un-espace-unique.png","type":"","width":"","height":""}],"twitter_card":"summary_large_image","twitter_misc":{"Geschatte leestijd":"2 minuten"},"schema":{"@context":"https:\/\/schema.org","@graph":[{"@type":"WebPage","@id":"https:\/\/exceladvisor.org\/nl\/spatie-toevoegen-2\/","url":"https:\/\/exceladvisor.org\/nl\/spatie-toevoegen-2\/","name":"\u25b7 Hoe voeg ik een spatie toe in een Excel-cel?","isPartOf":{"@id":"https:\/\/exceladvisor.org\/nl\/#website"},"primaryImageOfPage":{"@id":"https:\/\/exceladvisor.org\/nl\/spatie-toevoegen-2\/#primaryimage"},"image":{"@id":"https:\/\/exceladvisor.org\/nl\/spatie-toevoegen-2\/#primaryimage"},"thumbnailUrl":"https:\/\/exceladvisor.org\/wp-content\/uploads\/2023\/11\/1-ajouter-un-espace-unique.png","datePublished":"2023-11-20T05:19:51+00:00","dateModified":"2023-12-06T05:51:52+00:00","description":"In deze zelfstudie leert u hoe u een Excel-formule schrijft om een spatie tussen twee waarden toe te voegen. Laten we dit controleren...","breadcrumb":{"@id":"https:\/\/exceladvisor.org\/nl\/spatie-toevoegen-2\/#breadcrumb"},"inLanguage":"nl-NL","potentialAction":[{"@type":"ReadAction","target":["https:\/\/exceladvisor.org\/nl\/spatie-toevoegen-2\/"]}]},{"@type":"ImageObject","inLanguage":"nl-NL","@id":"https:\/\/exceladvisor.org\/nl\/spatie-toevoegen-2\/#primaryimage","url":"https:\/\/exceladvisor.org\/wp-content\/uploads\/2023\/11\/1-ajouter-un-espace-unique.png","contentUrl":"https:\/\/exceladvisor.org\/wp-content\/uploads\/2023\/11\/1-ajouter-un-espace-unique.png"},{"@type":"BreadcrumbList","@id":"https:\/\/exceladvisor.org\/nl\/spatie-toevoegen-2\/#breadcrumb","itemListElement":[{"@type":"ListItem","position":1,"name":"Thuis","item":"https:\/\/exceladvisor.org\/nl\/"},{"@type":"ListItem","position":2,"name":"Hoe voeg ik een spatie toe aan een excel-cel?"}]},{"@type":"WebSite","@id":"https:\/\/exceladvisor.org\/nl\/#website","url":"https:\/\/exceladvisor.org\/nl\/","name":"Excel Advisor","description":"Uw gids voor datadominantie","publisher":{"@id":"https:\/\/exceladvisor.org\/nl\/#organization"},"potentialAction":[{"@type":"SearchAction","target":{"@type":"EntryPoint","urlTemplate":"https:\/\/exceladvisor.org\/nl\/?s={search_term_string}"},"query-input":{"@type":"PropertyValueSpecification","valueRequired":true,"valueName":"search_term_string"}}],"inLanguage":"nl-NL"},{"@type":"Organization","@id":"https:\/\/exceladvisor.org\/nl\/#organization","name":"Excel Advisor","url":"https:\/\/exceladvisor.org\/nl\/","logo":{"@type":"ImageObject","inLanguage":"nl-NL","@id":"https:\/\/exceladvisor.org\/nl\/#\/schema\/logo\/image\/","url":"https:\/\/exceladvisor.org\/nl\/wp-content\/uploads\/2023\/12\/exceladvisor.org_.png","contentUrl":"https:\/\/exceladvisor.org\/nl\/wp-content\/uploads\/2023\/12\/exceladvisor.org_.png","width":105,"height":36,"caption":"Excel Advisor"},"image":{"@id":"https:\/\/exceladvisor.org\/nl\/#\/schema\/logo\/image\/"}}]}},"yoast_meta":{"yoast_wpseo_title":"","yoast_wpseo_metadesc":"","yoast_wpseo_canonical":""},"_links":{"self":[{"href":"https:\/\/exceladvisor.org\/nl\/wp-json\/wp\/v2\/pages\/1500","targetHints":{"allow":["GET"]}}],"collection":[{"href":"https:\/\/exceladvisor.org\/nl\/wp-json\/wp\/v2\/pages"}],"about":[{"href":"https:\/\/exceladvisor.org\/nl\/wp-json\/wp\/v2\/types\/page"}],"author":[{"embeddable":true,"href":"https:\/\/exceladvisor.org\/nl\/wp-json\/wp\/v2\/users\/1"}],"replies":[{"embeddable":true,"href":"https:\/\/exceladvisor.org\/nl\/wp-json\/wp\/v2\/comments?post=1500"}],"version-history":[{"count":1,"href":"https:\/\/exceladvisor.org\/nl\/wp-json\/wp\/v2\/pages\/1500\/revisions"}],"predecessor-version":[{"id":2865,"href":"https:\/\/exceladvisor.org\/nl\/wp-json\/wp\/v2\/pages\/1500\/revisions\/2865"}],"wp:attachment":[{"href":"https:\/\/exceladvisor.org\/nl\/wp-json\/wp\/v2\/media?parent=1500"}],"curies":[{"name":"wp","href":"https:\/\/api.w.org\/{rel}","templated":true}]}}