{"id":1502,"date":"2023-11-20T02:40:37","date_gmt":"2023-11-20T02:40:37","guid":{"rendered":"https:\/\/exceladvisor.org\/nl\/tijdstempel\/"},"modified":"2023-12-06T07:02:53","modified_gmt":"2023-12-06T07:02:53","slug":"tijdstempel","status":"publish","type":"page","link":"https:\/\/exceladvisor.org\/nl\/tijdstempel\/","title":{"rendered":"Hoe voeg ik een tijdstempel in excel in?"},"content":{"rendered":"<div class=\"excel-voor-de-inhoud\" id=\"excel-2441112678\"><script type=\"text\/javascript\">\r\n\tatOptions = {\r\n\t\t'key' : 'c1158f160081d6540a8409e6925dab94',\r\n\t\t'format' : 'iframe',\r\n\t\t'height' : 250,\r\n\t\t'width' : 300,\r\n\t\t'params' : {}\r\n\t};\r\n<\/script>\r\n<script type=\"text\/javascript\" src=\"\/\/www.highperformanceformat.com\/c1158f160081d6540a8409e6925dab94\/invoke.js\"><\/script><\/div>\r\n<p>Toen ik een paar jaar geleden voor een technologiebedrijf werkte <span style=\"font-size: 1em;\">, was ik een van die mensen die voor iedereen een Excel-hulppunt was.<\/span> En dat is de echte reden waarom ik gefascineerd ben om meer te leren. Op een dag kwam de dame die als receptieco\u00f6rdinator werkte naar mij toe en vroeg:<\/p>\r\n<blockquote class=\"wp-block-quote\">\r\n<p>Puneet, ik beheer een takenlijst en ik wil de datum en tijd toevoegen in de overeenkomstige cel aan het einde van elke taak. Wat is de beste manier?<\/p>\r\n<\/blockquote>\r\n<p>En al snel besefte ik dat ze het over een tijdstempel had. Ik weet zeker dat je het ook gebruikt als je in Excel werkt. Meestal bevat het de huidige datum en tijd en we gebruiken het om de voltooiingstijd van een taak vast te leggen. <strong>Het probleem is nu:<\/strong> wat is de beste manier om een tijdstempel in Excel in te voegen?<\/p>\r\n<p>In dit artikel leert u hoe u een tijdstempel in Excel kunt maken met behulp van 5 verschillende methoden en we zullen proberen erachter te komen welke de beste van allemaal is. Dus laten we beginnen.<\/p>\r\n<h2 class=\"wp-block-heading\">1. Een sneltoets gebruiken om een tijdstempel in te voegen<\/h2>\r\n<p>Er zijn twee verschillende sneltoetsen voor het invoegen van een datum en tijd. En hier moeten we ze daarna allebei gebruiken. Hier zijn de stappen:<\/p>\r\n<div class=\"wp-block-image\">\r\n<figure class=\"aligncenter\"><img decoding=\"async\" src=\"https:\/\/exceladvisor.org\/wp-content\/uploads\/2023\/08\/inserer-un-horodatage-dans-excel-a-laide-dune-touche-de-raccourci-1.gif\" sizes=\"\" srcset=\"\" alt=\"tijdstempel in Excel invoegen met behulp van de sneltoets\" \/><\/figure>\r\n<\/div>\r\n<ol>\r\n<li>Selecteer eerst de cel waarin u een tijdstempel moet invoegen.<\/li>\r\n<li>Gebruik daarna de <strong><span style=\"color: #000000;\">Control +<\/span><\/strong> <a href=\"https:\/\/exceladvisor.org\/nl\/toetsenbord-sneltoetsen\/\">sneltoets<\/a> : (Houd Control ingedrukt en druk vervolgens op de dubbele punt). Zodra u erop drukt, wordt de huidige datum (afhankelijk van uw systeem) in de cel ingevoegd.<\/li>\r\n<li>Op dit moment <a href=\"https:\/\/exceladvisor.org\/nl\/cel-bewerken\/\">bevindt uw cel zich in de bewerkingsmodus<\/a> .<\/li>\r\n<li>Druk nu op <strong><span style=\"color: #000000;\">Control + Shift +:<\/span><\/strong> (Houd Ctrl en Shift ingedrukt en druk vervolgens op de dubbele punt).<\/li>\r\n<li>Uw cel bevindt zich nog steeds in de bewerkingsmodus. Druk nu op Enter om het typen te voltooien.<\/li>\r\n<\/ol>\r\n<p>Kortom, je moet twee snelkoppelingen achter elkaar indrukken om deze in te voegen. En als u slechts \u00e9\u00e9n datum- en tijditem wilt toevoegen, negeert u gewoon de sneltoets.<\/p>\r\n<figure class=\"wp-block-table\">\r\n<table class=\"has-fixed-layout mtr-table mtr-thead-th\">\r\n<thead>\r\n<tr>\r\n<th class=\"mtr-th-tag\" data-mtr-content=\"PROs\">\r\n<div class=\"mtr-cell-content\">Voordelen<\/div>\r\n<\/th>\r\n<th class=\"mtr-th-tag\" data-mtr-content=\"Cons\">\r\n<div class=\"mtr-cell-content\">De nadelen<\/div>\r\n<\/th>\r\n<\/tr>\r\n<\/thead>\r\n<tbody>\r\n<tr>\r\n<td class=\"mtr-td-tag\" data-mtr-content=\"PROs\">\r\n<div class=\"mtr-cell-content\">Als je tijd wilt besparen en minder cellen wilt hebben, is deze methode perfect.<\/div>\r\n<\/td>\r\n<td class=\"mtr-td-tag\" data-mtr-content=\"Cons\">\r\n<div class=\"mtr-cell-content\">Dit is geen dynamische methode, je hebt een statische tijdstempel. En als u de tijdstempel wilt bijwerken, moet u deze opnieuw invoeren.<\/div>\r\n<\/td>\r\n<\/tr>\r\n<tr>\r\n<td class=\"mtr-td-tag\" data-mtr-content=\"PROs\">\r\n<div class=\"mtr-cell-content\">Wanneer u zowel de <a href=\"https:\/\/exceladvisor.org\/nl\/combineer-datum-en-tijd\/\">datum als de tijd<\/a> invoert, selecteert Excel automatisch het <a href=\"https:\/\/exceladvisor.org\/nl\/aangepaste-datumformaten\/\">juiste formaat<\/a> om deze weer te geven.<\/div>\r\n<\/td>\r\n<td class=\"mtr-td-tag\" data-mtr-content=\"Cons\">\r\n<div class=\"mtr-cell-content\">U moet op twee verschillende sneltoetsen drukken om toegang te krijgen.<\/div>\r\n<\/td>\r\n<\/tr>\r\n<\/tbody>\r\n<\/table>\r\n<\/figure>\r\n<h2 class=\"wp-block-heading\">2. Voeg een tijdstempel in met de NU-functie<\/h2>\r\n<p>Een eenvoudige dynamische methode. Als u een formule wilt gebruiken om een tijdstempel in te voegen, is de ideale manier om de NU-functie te gebruiken. Wanneer u deze functie in een cel invoert, retourneert deze de huidige datum en tijd op basis van uw systeeminstellingen.<\/p>\r\n<div class=\"wp-block-image\">\r\n<figure class=\"aligncenter\"><img decoding=\"async\" src=\"https:\/\/exceladvisor.org\/wp-content\/uploads\/2023\/08\/inserer-un-horodatage-dans-Excel-en-utilisant-maintenant-la-fonction-1.gif\" sizes=\"\" srcset=\"\" alt=\"\" \/><\/figure>\r\n<\/div>\r\n<p>Het standaardformaat voor de door NOW geretourneerde datum en tijd is mm\/dd\/jjjj uu:mm. Maar om de een of andere reden, als u een aangepast formaat wilt, wijzigt u het formaat met behulp van de optie voor aangepast formaat. Selecteer de cel \u279c Druk op de sneltoets Ctrl + 1 \u279c Selecteer \u201cAangepast\u201d \u279c Typ \u201cmm\/dd\/jjjj uu:mm\u201d in het invoervak \u279c Klik op OK.<\/p>\r\n<div class=\"wp-block-image\">\r\n<figure class=\"aligncenter\"><img decoding=\"async\" src=\"https:\/\/exceladvisor.org\/wp-content\/uploads\/2023\/08\/inserer-un-horodatage-au-format-de-changement-excel-1.png\" sizes=\"\" srcset=\"\" alt=\"voeg een tijdstempel in het Excel-wijzigingsformaat in\" \/><\/figure>\r\n<\/div>\r\n<p>En als u alleen de datum wilt invoeren, kunt u VANDAAG gebruiken in plaats van NU. Afhankelijk van de systeeminstellingen wordt alleen de huidige datum geretourneerd.<\/p>\r\n<div class=\"wp-block-image\">\r\n<figure class=\"aligncenter\"><img decoding=\"async\" src=\"https:\/\/exceladvisor.org\/wp-content\/uploads\/2023\/08\/inserer-un-horodatage-dans-excel-avec-aujourdhui-1.png\" sizes=\"\" srcset=\"\" alt=\"\" \/><\/figure>\r\n<\/div>\r\n<h3 class=\"wp-block-heading\">Voordelen<\/h3>\r\n<ol>\r\n<li>Het is een dynamische methode.<\/li>\r\n<li>U kunt beide functies gebruiken met een ALS-functie om een voorwaarde te cre\u00ebren om een tijdstempel in te voeren als een andere cel een waarde heeft.<\/li>\r\n<\/ol>\r\n<h3 class=\"wp-block-heading\">De nadelen<\/h3>\r\n<ol>\r\n<li>Ook al is het een dynamische methode, maar omdat beide functies vluchtig zijn, worden ze bijgewerkt wanneer u wijzigingen aanbrengt in uw spreadsheet.<\/li>\r\n<li>En als je alleen waarden wilt in plaats van formules, moet je ze handmatig naar waarden converteren.<\/li>\r\n<\/ol>\r\n<h2 class=\"wp-block-heading\">3. Een cirkelreferentie gebruiken om een tijdstempel te maken<\/h2>\r\n<p>Als u een geavanceerde methode wilt gebruiken en de methoden #1 en #2 niet wilt gebruiken, kunt u een kringverwijzing gebruiken om een tijdstempel in te voegen.<\/p>\r\n<p>Maar voordat we deze methode leren, moeten we eerst begrijpen wat een cirkelreferentie is. Stel dat u een waarde van 5 heeft in cel A1 en een waarde van 10 in cel B1. Als u nu een formule =A1+B1+C1 invoert in cel C1, wordt er een foutmelding over een kringverwijzing geretourneerd.<\/p>\r\n<div class=\"wp-block-image\">\r\n<figure class=\"aligncenter\"><img decoding=\"async\" src=\"https:\/\/exceladvisor.org\/wp-content\/uploads\/2023\/08\/inserer-un-horodatage-dans-Excel-avec-une-reference-circulaire-1.png\" sizes=\"\" srcset=\"\" alt=\"\" \/><\/figure>\r\n<\/div>\r\n<p>Dit komt omdat u cel C1 als referentie gebruikt in cel C1. Wanneer er een cirkelreferentiefout optreedt, is er een eindeloze lus in de cel. De referentie van cel A3 is afhankelijk van de waarde van cel A3 en de waarde van A3 is afhankelijk van de verwijzing naar cel A3.<\/p>\r\n<div class=\"wp-block-image\">\r\n<figure class=\"aligncenter\"><img decoding=\"async\" src=\"https:\/\/exceladvisor.org\/wp-content\/uploads\/2023\/08\/inserer-un-horodatage-dans-Excel-avec-une-reference-circulaire-1.png\" sizes=\"\" srcset=\"\" alt=\"plaats een tijdstempel in Excel met een cirkelvormige referentielus\" \/><\/figure>\r\n<\/div>\r\n<p>Maar wanneer een kringverwijzing wordt ingevoerd, berekent Excel deze niet en begint de eindeloze lus nooit.<\/p>\r\n<p><em><strong>Dit is de deal:<\/strong><\/em><\/p>\r\n<p>U kunt de \u201citeratieve berekeningsoptie\u201d inschakelen om Excel te dwingen de berekening minimaal \u00e9\u00e9n keer uit te voeren en de functie nu in de berekening te gebruiken. Op deze manier zal Excel de celformule slechts \u00e9\u00e9n keer bijwerken in plaats van elke keer. Stappen om de iteratieve berekeningsoptie in te schakelen:<\/p>\r\n<ol>\r\n<li>Ga naar Bestand \u279c Opties.<\/li>\r\n<li>Selecteer Formules in Excel-opties.<\/li>\r\n<li>Vink in de Berekende opties de optie Iteratieve berekening inschakelen aan.<\/li>\r\n<li>Klik OK.<\/li>\r\n<\/ol>\r\n<div class=\"wp-block-image\">\r\n<figure class=\"aligncenter\"><img decoding=\"async\" src=\"https:\/\/exceladvisor.org\/wp-content\/uploads\/2023\/08\/inserer-un-horodatage-dans-Excel-avec-une-reference-circulaire-activer-literation-1.png\" sizes=\"\" srcset=\"\" alt=\"voeg een tijdstempel in Excel in met iteratie van cirkelverwijzingen\" \/><\/figure>\r\n<\/div>\r\n<p>Voer daarna in cel B2 de onderstaande formule in de <a href=\"https:\/\/exceladvisor.org\/nl\/excel-formulebalk\/\">formulebalk in<\/a> .<\/p>\r\n<pre class=\"wp-block-code\"><code class=\"language-excel-formula\" lang=\"excel-formula\">=IF(A2&lt;&gt;\"\",IF(B2&lt;&gt;\"\",B2,NOW()),\"\")<\/code><\/pre>\r\n<div class=\"wp-block-image\">\r\n<figure class=\"aligncenter\"><img decoding=\"async\" src=\"https:\/\/exceladvisor.org\/wp-content\/uploads\/2023\/08\/inserer-un-horodatage-dans-Excel-avec-une-reference-circulaire-entrer-la-formule-1.png\" sizes=\"\" srcset=\"\" alt=\"tijdstempel in Excel invoegen met cirkelverwijzing, formule invoeren\" \/><\/figure>\r\n<\/div>\r\n<p>Wanneer u nu een waarde invoert in cel A2, retourneert de formule in cel B2 een tijdstempel.<\/p>\r\n<div class=\"wp-block-image\">\r\n<figure class=\"aligncenter\"><img decoding=\"async\" src=\"https:\/\/exceladvisor.org\/wp-content\/uploads\/2023\/08\/inserer-un-horodatage-dans-Excel-avec-une-reference-circulaire-entrer-une-valeur-1.png\" sizes=\"\" srcset=\"\" alt=\"tijdstempel in Excel invoegen met cirkelverwijzing, voer waarde in\" \/><\/figure>\r\n<\/div>\r\n<h2 class=\"wp-block-heading\">4. VBA om een tijdstempel toe te voegen<\/h2>\r\n<p>Als je een VBA-freak bent, weet ik zeker dat je deze VBA-code nuttig zult vinden. Hiermee hoeft u geen formule in te voeren of zelfs maar een sneltoets te gebruiken. Selecteer eenvoudig de cel waarin u een tijdstempel moet invoeren en voer de macro uit.<\/p>\r\n<pre class=\"wp-block-code\"><code class=\"language-visual-basic line-numbers\" lang=\"visual-basic\">Sub timeStamp() Dim ts As Date With Selection .Value = Now .NumberFormat = \"m\/d\/yyyy h:mm:ss AM\/PM\" End With End Sub<\/code><\/pre>\r\n<h3 class=\"wp-block-heading\">Hoe deze code te gebruiken<\/h3>\r\n<p>Om deze code te gebruiken, kunt u deze toevoegen aan QAT ( <a href=\"https:\/\/exceladvisor.org\/nl\/snelle-toegangsbalk\/\" data-wpel-link=\"internal\">Quick Access Toolbar)<\/a> en deze elke keer uitvoeren als u een tijdstempel moet toevoegen.<\/p>\r\n<div class=\"wp-block-image\">\r\n<figure class=\"aligncenter\"><img decoding=\"async\" src=\"https:\/\/exceladvisor.org\/wp-content\/uploads\/2023\/08\/inserer-un-horodatage-dans-Excel-a-laide-du-bouton-macro-1.gif\" sizes=\"\" srcset=\"\" alt=\"\" \/><\/figure>\r\n<\/div>\r\n<p>Hier zijn de stappen:<\/p>\r\n<ul>\r\n<li>Voeg deze code toe aan de module door de VBA-editor te openen. <br \/><img loading=\"lazy\" decoding=\"async\" title=\"voeg een tijdstempel in excel-vba-code-in-module in\" src=\"https:\/\/exceladvisor.org\/wp-content\/uploads\/2023\/08\/inserer-un-horodatage-dans-le-code-excel-vba-dans-le-module-1.png\" sizes=\"auto, \" srcset=\"\" alt=\"\" width=\"685\" height=\"305\" \/><\/li>\r\n<li>Ga daarna naar Bestand -&gt; Opties -&gt; Werkbalk Snelle toegang.<\/li>\r\n<li>Kies &#8216;Macro&#8217;s&#8217; in de vervolgkeuzelijst &#8216;Kies opdracht uit&#8217;.<\/li>\r\n<li>Voeg daarna de timeStamp-macro toe aan QAT. <br \/><img loading=\"lazy\" decoding=\"async\" title=\"voeg tijdstempel-in-excel-vba-code-add-qat in\" src=\"https:\/\/exceladvisor.org\/wp-content\/uploads\/2023\/08\/inserer-un-horodatage-dans-le-code-excel-vba-ajouter-qat-1.png\" sizes=\"auto, \" srcset=\"\" alt=\"\" width=\"805\" height=\"444\" \/><\/li>\r\n<li>Selecteer nu deze macro, klik op de knop Bewerken. <br \/><img loading=\"lazy\" decoding=\"async\" title=\"voeg-tijdstempel-in-excel-vba-code-add-qat-pictogram in\" src=\"https:\/\/exceladvisor.org\/wp-content\/uploads\/2023\/08\/inserer-un-horodatage-dans-le-code-excel-vba-ajouter-qat-1.png\" sizes=\"auto, \" srcset=\"\" alt=\"\" width=\"561\" height=\"358\" \/><\/li>\r\n<li>Selecteer een pictogram en klik op OK.<\/li>\r\n<\/ul>\r\n<p>U heeft nu een pictogram op QAT en wanneer u een tijdstempel nodig heeft, kunt u de cel selecteren en op deze knop klikken om deze in te voegen.<\/p>\r\n<h3 class=\"wp-block-heading\">4.1 UDF gebruiken voor tijdstempels<\/h3>\r\n<p>Ja, u kunt ook een aangepaste Excel-functie maken om een tijdstempel in Excel in te voegen. Hieronder vindt u de code voor deze UDF.<\/p>\r\n<pre class=\"wp-block-code\"><code class=\"language-visual-basic line-numbers\" lang=\"visual-basic\">Function Timestamp(Reference As Range) If Reference.Value &lt;&gt; \"\" Then Timestamp = Format(Now, \"dd-mm-yyyy hh:mm:ss\") Else Timestamp = \"\" End If End Function<\/code><\/pre>\r\n<p>Met deze door de gebruiker gedefinieerde functie kunt u een tijdstempel in de ene cel krijgen als een andere een waarde bevat. Volg de onderstaande stappen:<\/p>\r\n<ul>\r\n<li>Ga naar het tabblad Ontwikkelaar en open de VBA-editor.<\/li>\r\n<li>Voeg in de VBA-editor een nieuwe module in en plak deze code erin.<\/li>\r\n<li>Sluit nu de VBA-editor en keer terug naar uw spreadsheet.<\/li>\r\n<li>Voer in cel B2 de onderstaande formule in. <br \/><img decoding=\"async\" title=\"voeg een tijdstempel in de Excel VBA-functie in\" src=\"https:\/\/exceladvisor.org\/wp-content\/uploads\/2023\/08\/inserer-un-horodatage-dans-la-fonction-excel-vba-1.png\" sizes=\"\" srcset=\"\" alt=\"insert a timestamp in excel vba function\" \/><\/li>\r\n<li>Wanneer u nu een waarde invoert in cel A1, ontvangt cel B1 een tijdstempel.<\/li>\r\n<\/ul>\r\n<h2 class=\"wp-block-heading\">Conclusie<\/h2>\r\n<p>Het toevoegen van een tijdstempel is iets wat we vaak doen als we in Excel werken. En je hebt 5 verschillende methoden om het in te voegen. Als je het mij vraagt, gebruik ik hiervoor graag de VBA-knop op QAT. De beste manier is om deze code toe te voegen aan een <a style=\"outline: none;\" href=\"https:\/\/exceladvisor.org\/nl\/persoonlijk-macronotitieboekje\/\" data-wpel-link=\"internal\">personal.xlsb-bestand<\/a> , zodat u deze in alle werkmappen kunt gebruiken. Dat is het hele verhaal over tijdstempels en ik weet zeker dat je het nuttig vond, maar vertel me nu \u00e9\u00e9n ding.<\/p>\r\n<p>Kent u een andere methode hiervoor?<\/p>\r\n<p>Deel het met mij in het opmerkingengedeelte. Ik hoor graag van je, en vergeet deze tip niet met je vrienden te delen.<\/p>\r\n<div class=\"gb-container gb-container-4db6181c gb-container-mt\"><a class=\"gb-button gb-button-c5897111 gb-button-text gb-button-mt-button\" href=\"https:\/\/exceladvisor.org\/nl\/excel-basisbeginselen\/\">Basiskennis van Microsoft Excel (componenten, onderdelen en kennisnotities)<\/a>\r\n<h2 class=\"gb-headline gb-headline-665e5f6b gb-headline-text gb-headline-mt-heading\">Gerelateerde tutorials<\/h2>\r\n<div class=\"gb-grid-wrapper gb-grid-wrapper-a20baf7c gb-grid-wrapper-mt-grid\">\r\n<div class=\"gb-grid-column gb-grid-column-65ddf67e\">\r\n<div class=\"gb-container gb-container-65ddf67e\">\r\n<ul>\r\n<li><a href=\"https:\/\/exceladvisor.org\/nl\/verander-het-negatieve-getal-in-positief\/\">Converteer een negatief getal naar positief in Excel<\/a><\/li>\r\n<li><a href=\"https:\/\/exceladvisor.org\/nl\/vlooien\/\">Voeg opsommingstekens in Excel in<\/a><\/li>\r\n<li><a href=\"https:\/\/exceladvisor.org\/nl\/plaats-een-pijl\/\">Voeg een pijl in een cel in Excel in<\/a><\/li>\r\n<li>Voeg automatisch serienummers toe in Excel<\/li>\r\n<li><a href=\"https:\/\/exceladvisor.org\/nl\/delta\/\">Voeg het Delta-symbool in Excel in een cel in<\/a><\/li>\r\n<\/ul>\r\n<\/div>\r\n<\/div>\r\n<div class=\"gb-grid-column gb-grid-column-50067b57\">\r\n<div class=\"gb-container gb-container-50067b57\">\u00a0<\/div>\r\n<\/div>\r\n<\/div>\r\n<\/div>","protected":false},"excerpt":{"rendered":"","protected":false},"author":1,"featured_media":0,"parent":0,"menu_order":0,"comment_status":"open","ping_status":"closed","template":"","meta":{"ub_ctt_via":"","footnotes":""},"class_list":["post-1502","page","type-page","status-publish","hentry"],"featured_image_src":null,"yoast_head":"<!-- This site is optimized with the Yoast SEO plugin v25.4 - https:\/\/yoast.com\/wordpress\/plugins\/seo\/ -->\n<title>Hoe voeg ik een tijdstempel in Excel in? (Tutorial 2023)<\/title>\n<meta name=\"description\" content=\"Over het algemeen bevat de huidige datum en tijd en we hebben verschillende methoden, maar wat is de beste manier om een\" \/>\n<meta name=\"robots\" content=\"index, follow, max-snippet:-1, max-image-preview:large, max-video-preview:-1\" \/>\n<link rel=\"canonical\" href=\"https:\/\/exceladvisor.org\/nl\/tijdstempel\/\" \/>\n<meta property=\"og:locale\" content=\"nl_NL\" \/>\n<meta property=\"og:type\" content=\"article\" \/>\n<meta property=\"og:title\" content=\"Hoe voeg ik een tijdstempel in Excel in? (Tutorial 2023)\" \/>\n<meta property=\"og:description\" content=\"Over het algemeen bevat de huidige datum en tijd en we hebben verschillende methoden, maar wat is de beste manier om een\" \/>\n<meta property=\"og:url\" content=\"https:\/\/exceladvisor.org\/nl\/tijdstempel\/\" \/>\n<meta property=\"og:site_name\" content=\"Excel Advisor\" \/>\n<meta property=\"article:modified_time\" content=\"2023-12-06T07:02:53+00:00\" \/>\n<meta property=\"og:image\" content=\"https:\/\/exceladvisor.org\/wp-content\/uploads\/2023\/08\/inserer-un-horodatage-dans-excel-a-laide-dune-touche-de-raccourci-1.gif\" \/>\n<meta name=\"twitter:card\" content=\"summary_large_image\" \/>\n<meta name=\"twitter:label1\" content=\"Geschatte leestijd\" \/>\n\t<meta name=\"twitter:data1\" content=\"10 minuten\" \/>\n<script type=\"application\/ld+json\" class=\"yoast-schema-graph\">{\"@context\":\"https:\/\/schema.org\",\"@graph\":[{\"@type\":\"WebPage\",\"@id\":\"https:\/\/exceladvisor.org\/nl\/tijdstempel\/\",\"url\":\"https:\/\/exceladvisor.org\/nl\/tijdstempel\/\",\"name\":\"Hoe voeg ik een tijdstempel in Excel in? (Tutorial 2023)\",\"isPartOf\":{\"@id\":\"https:\/\/exceladvisor.org\/nl\/#website\"},\"primaryImageOfPage\":{\"@id\":\"https:\/\/exceladvisor.org\/nl\/tijdstempel\/#primaryimage\"},\"image\":{\"@id\":\"https:\/\/exceladvisor.org\/nl\/tijdstempel\/#primaryimage\"},\"thumbnailUrl\":\"https:\/\/exceladvisor.org\/wp-content\/uploads\/2023\/08\/inserer-un-horodatage-dans-excel-a-laide-dune-touche-de-raccourci-1.gif\",\"datePublished\":\"2023-11-20T02:40:37+00:00\",\"dateModified\":\"2023-12-06T07:02:53+00:00\",\"description\":\"Over het algemeen bevat de huidige datum en tijd en we hebben verschillende methoden, maar wat is de beste manier om een\",\"breadcrumb\":{\"@id\":\"https:\/\/exceladvisor.org\/nl\/tijdstempel\/#breadcrumb\"},\"inLanguage\":\"nl-NL\",\"potentialAction\":[{\"@type\":\"ReadAction\",\"target\":[\"https:\/\/exceladvisor.org\/nl\/tijdstempel\/\"]}]},{\"@type\":\"ImageObject\",\"inLanguage\":\"nl-NL\",\"@id\":\"https:\/\/exceladvisor.org\/nl\/tijdstempel\/#primaryimage\",\"url\":\"https:\/\/exceladvisor.org\/wp-content\/uploads\/2023\/08\/inserer-un-horodatage-dans-excel-a-laide-dune-touche-de-raccourci-1.gif\",\"contentUrl\":\"https:\/\/exceladvisor.org\/wp-content\/uploads\/2023\/08\/inserer-un-horodatage-dans-excel-a-laide-dune-touche-de-raccourci-1.gif\"},{\"@type\":\"BreadcrumbList\",\"@id\":\"https:\/\/exceladvisor.org\/nl\/tijdstempel\/#breadcrumb\",\"itemListElement\":[{\"@type\":\"ListItem\",\"position\":1,\"name\":\"Thuis\",\"item\":\"https:\/\/exceladvisor.org\/nl\/\"},{\"@type\":\"ListItem\",\"position\":2,\"name\":\"Hoe voeg ik een tijdstempel in excel in?\"}]},{\"@type\":\"WebSite\",\"@id\":\"https:\/\/exceladvisor.org\/nl\/#website\",\"url\":\"https:\/\/exceladvisor.org\/nl\/\",\"name\":\"Excel Advisor\",\"description\":\"Uw gids voor datadominantie\",\"publisher\":{\"@id\":\"https:\/\/exceladvisor.org\/nl\/#organization\"},\"potentialAction\":[{\"@type\":\"SearchAction\",\"target\":{\"@type\":\"EntryPoint\",\"urlTemplate\":\"https:\/\/exceladvisor.org\/nl\/?s={search_term_string}\"},\"query-input\":{\"@type\":\"PropertyValueSpecification\",\"valueRequired\":true,\"valueName\":\"search_term_string\"}}],\"inLanguage\":\"nl-NL\"},{\"@type\":\"Organization\",\"@id\":\"https:\/\/exceladvisor.org\/nl\/#organization\",\"name\":\"Excel Advisor\",\"url\":\"https:\/\/exceladvisor.org\/nl\/\",\"logo\":{\"@type\":\"ImageObject\",\"inLanguage\":\"nl-NL\",\"@id\":\"https:\/\/exceladvisor.org\/nl\/#\/schema\/logo\/image\/\",\"url\":\"https:\/\/exceladvisor.org\/nl\/wp-content\/uploads\/2023\/12\/exceladvisor.org_.png\",\"contentUrl\":\"https:\/\/exceladvisor.org\/nl\/wp-content\/uploads\/2023\/12\/exceladvisor.org_.png\",\"width\":105,\"height\":36,\"caption\":\"Excel Advisor\"},\"image\":{\"@id\":\"https:\/\/exceladvisor.org\/nl\/#\/schema\/logo\/image\/\"}}]}<\/script>\n<!-- \/ Yoast SEO plugin. -->","yoast_head_json":{"title":"Hoe voeg ik een tijdstempel in Excel in? (Tutorial 2023)","description":"Over het algemeen bevat de huidige datum en tijd en we hebben verschillende methoden, maar wat is de beste manier om een","robots":{"index":"index","follow":"follow","max-snippet":"max-snippet:-1","max-image-preview":"max-image-preview:large","max-video-preview":"max-video-preview:-1"},"canonical":"https:\/\/exceladvisor.org\/nl\/tijdstempel\/","og_locale":"nl_NL","og_type":"article","og_title":"Hoe voeg ik een tijdstempel in Excel in? (Tutorial 2023)","og_description":"Over het algemeen bevat de huidige datum en tijd en we hebben verschillende methoden, maar wat is de beste manier om een","og_url":"https:\/\/exceladvisor.org\/nl\/tijdstempel\/","og_site_name":"Excel Advisor","article_modified_time":"2023-12-06T07:02:53+00:00","og_image":[{"url":"https:\/\/exceladvisor.org\/wp-content\/uploads\/2023\/08\/inserer-un-horodatage-dans-excel-a-laide-dune-touche-de-raccourci-1.gif","type":"","width":"","height":""}],"twitter_card":"summary_large_image","twitter_misc":{"Geschatte leestijd":"10 minuten"},"schema":{"@context":"https:\/\/schema.org","@graph":[{"@type":"WebPage","@id":"https:\/\/exceladvisor.org\/nl\/tijdstempel\/","url":"https:\/\/exceladvisor.org\/nl\/tijdstempel\/","name":"Hoe voeg ik een tijdstempel in Excel in? (Tutorial 2023)","isPartOf":{"@id":"https:\/\/exceladvisor.org\/nl\/#website"},"primaryImageOfPage":{"@id":"https:\/\/exceladvisor.org\/nl\/tijdstempel\/#primaryimage"},"image":{"@id":"https:\/\/exceladvisor.org\/nl\/tijdstempel\/#primaryimage"},"thumbnailUrl":"https:\/\/exceladvisor.org\/wp-content\/uploads\/2023\/08\/inserer-un-horodatage-dans-excel-a-laide-dune-touche-de-raccourci-1.gif","datePublished":"2023-11-20T02:40:37+00:00","dateModified":"2023-12-06T07:02:53+00:00","description":"Over het algemeen bevat de huidige datum en tijd en we hebben verschillende methoden, maar wat is de beste manier om een","breadcrumb":{"@id":"https:\/\/exceladvisor.org\/nl\/tijdstempel\/#breadcrumb"},"inLanguage":"nl-NL","potentialAction":[{"@type":"ReadAction","target":["https:\/\/exceladvisor.org\/nl\/tijdstempel\/"]}]},{"@type":"ImageObject","inLanguage":"nl-NL","@id":"https:\/\/exceladvisor.org\/nl\/tijdstempel\/#primaryimage","url":"https:\/\/exceladvisor.org\/wp-content\/uploads\/2023\/08\/inserer-un-horodatage-dans-excel-a-laide-dune-touche-de-raccourci-1.gif","contentUrl":"https:\/\/exceladvisor.org\/wp-content\/uploads\/2023\/08\/inserer-un-horodatage-dans-excel-a-laide-dune-touche-de-raccourci-1.gif"},{"@type":"BreadcrumbList","@id":"https:\/\/exceladvisor.org\/nl\/tijdstempel\/#breadcrumb","itemListElement":[{"@type":"ListItem","position":1,"name":"Thuis","item":"https:\/\/exceladvisor.org\/nl\/"},{"@type":"ListItem","position":2,"name":"Hoe voeg ik een tijdstempel in excel in?"}]},{"@type":"WebSite","@id":"https:\/\/exceladvisor.org\/nl\/#website","url":"https:\/\/exceladvisor.org\/nl\/","name":"Excel Advisor","description":"Uw gids voor datadominantie","publisher":{"@id":"https:\/\/exceladvisor.org\/nl\/#organization"},"potentialAction":[{"@type":"SearchAction","target":{"@type":"EntryPoint","urlTemplate":"https:\/\/exceladvisor.org\/nl\/?s={search_term_string}"},"query-input":{"@type":"PropertyValueSpecification","valueRequired":true,"valueName":"search_term_string"}}],"inLanguage":"nl-NL"},{"@type":"Organization","@id":"https:\/\/exceladvisor.org\/nl\/#organization","name":"Excel Advisor","url":"https:\/\/exceladvisor.org\/nl\/","logo":{"@type":"ImageObject","inLanguage":"nl-NL","@id":"https:\/\/exceladvisor.org\/nl\/#\/schema\/logo\/image\/","url":"https:\/\/exceladvisor.org\/nl\/wp-content\/uploads\/2023\/12\/exceladvisor.org_.png","contentUrl":"https:\/\/exceladvisor.org\/nl\/wp-content\/uploads\/2023\/12\/exceladvisor.org_.png","width":105,"height":36,"caption":"Excel Advisor"},"image":{"@id":"https:\/\/exceladvisor.org\/nl\/#\/schema\/logo\/image\/"}}]}},"yoast_meta":{"yoast_wpseo_title":"","yoast_wpseo_metadesc":"","yoast_wpseo_canonical":""},"_links":{"self":[{"href":"https:\/\/exceladvisor.org\/nl\/wp-json\/wp\/v2\/pages\/1502","targetHints":{"allow":["GET"]}}],"collection":[{"href":"https:\/\/exceladvisor.org\/nl\/wp-json\/wp\/v2\/pages"}],"about":[{"href":"https:\/\/exceladvisor.org\/nl\/wp-json\/wp\/v2\/types\/page"}],"author":[{"embeddable":true,"href":"https:\/\/exceladvisor.org\/nl\/wp-json\/wp\/v2\/users\/1"}],"replies":[{"embeddable":true,"href":"https:\/\/exceladvisor.org\/nl\/wp-json\/wp\/v2\/comments?post=1502"}],"version-history":[{"count":3,"href":"https:\/\/exceladvisor.org\/nl\/wp-json\/wp\/v2\/pages\/1502\/revisions"}],"predecessor-version":[{"id":3094,"href":"https:\/\/exceladvisor.org\/nl\/wp-json\/wp\/v2\/pages\/1502\/revisions\/3094"}],"wp:attachment":[{"href":"https:\/\/exceladvisor.org\/nl\/wp-json\/wp\/v2\/media?parent=1502"}],"curies":[{"name":"wp","href":"https:\/\/api.w.org\/{rel}","templated":true}]}}