{"id":1511,"date":"2023-11-19T01:28:13","date_gmt":"2023-11-19T01:28:13","guid":{"rendered":"https:\/\/exceladvisor.org\/nl\/delta\/"},"modified":"2023-12-06T05:49:01","modified_gmt":"2023-12-06T05:49:01","slug":"delta","status":"publish","type":"page","link":"https:\/\/exceladvisor.org\/nl\/delta\/","title":{"rendered":"Hoe het delta \u03b4-symbool in excel invoegen?"},"content":{"rendered":"<div class=\"excel-voor-de-inhoud\" id=\"excel-2724031613\"><script type=\"text\/javascript\">\r\n\tatOptions = {\r\n\t\t'key' : 'c1158f160081d6540a8409e6925dab94',\r\n\t\t'format' : 'iframe',\r\n\t\t'height' : 250,\r\n\t\t'width' : 300,\r\n\t\t'params' : {}\r\n\t};\r\n<\/script>\r\n<script type=\"text\/javascript\" src=\"\/\/www.highperformanceformat.com\/c1158f160081d6540a8409e6925dab94\/invoke.js\"><\/script><\/div> <p>Weten hoe u een deltasymbool in Excel moet invoegen, kan erg nuttig voor u zijn. Laat me uitleggen waarom u, wanneer u met rapporten werkt, deze kunt gebruiken om specifieke typen waarden te presenteren. Geaccepteerd?<\/p><p> In eenvoudige bewoordingen kan een Delta-symbool (\u0394) worden gebruikt om het verschil tussen twee waarden over een bepaalde periode weer te geven.<\/p><p> Als u dus in Excel werkt en verschillen tussen waarden berekent, is het beter om het Delta-symbool te gebruiken in plaats van iets anders <span style=\"font-size: 1em;\">, zoals een specifiek woord of zoiets.<\/span> Het punt is dat als je naar het Excel-lint kijkt, er geen directe manier is om het in een cel in te voegen.<\/p><p> Nou, ik heb begrepen dat er in totaal 7 mogelijke manieren zijn die we kunnen gebruiken. Daarom wil ik vandaag in dit artikel deze eenvoudige manieren met u delen om het delta-symbool in een cel in Excel in te voegen. Dit is een van die <a style=\"outline: none;\" href=\"https:\/\/exceladvisor.org\/nl\/advies\/\" data-wpil=\"url\">Excel-tips en -trucs<\/a> die u kunnen helpen <a href=\"https:\/\/exceladvisor.org\/nl\/excel-vaardigheden\/\">de basisvaardigheden van Excel<\/a> te verbeteren.<\/p><h2 id=\"tab-con-5\" class=\"wp-block-heading\"> 1. Verander het lettertype in symbool om Delta te krijgen<\/h2><p> Ik vond dit de snelste manier om een deltasymbool toe te voegen en het is vrij eenvoudig. Het enige wat u hoeft te doen is:<\/p><ol><li> <strong>Voer eerst \u201cD\u201d in de cel<\/strong> (hoofdletter) in waar u het symbool wilt invoegen. <br><img decoding=\"async\" title=\"voer-delta-dymbol-in-excel-met-lettertype-stijl in\" src=\"https:\/\/exceladvisor.org\/wp-content\/uploads\/2023\/08\/entrez-delta-dymbol-dans-excel-en-utilisant-le-style-de-police-1.png\" sizes=\"\" srcset=\"\" alt=\"enter delta symbol in excel using font style\"><\/li><li> <strong>Wijzig daarna de lettertypestijl in &#8220;Symbool&#8221;<\/strong> van de lettertypenaam op het tabblad Start. <br><img decoding=\"async\" title=\"voer-delta-dymbol-in-excel-in door-het-lettertype-stijl te wijzigen\" src=\"https:\/\/exceladvisor.org\/wp-content\/uploads\/2023\/08\/entrez-delta-dymbol-dans-excel-en-changeant-le-style-de-police-1.png\" sizes=\"\" srcset=\"\" alt=\"enter delta symbol in excel by changing font style\"><\/li><\/ol><p> Hierdoor wordt dit \u201cD\u201d-symbool onmiddellijk omgezet in een delta. Maar \u00e9\u00e9n ding waar u zeker van moet zijn, is dat hierdoor de lettertypestijl voor de gehele tekst in een cel verandert.<\/p><h2 id=\"tab-con-6\" class=\"wp-block-heading\"> 2. Voeg eenvoudigweg het Delta-symbool in vanuit de optie Symbolen<\/h2><p> Het is een eenvoudige manier om elk symbool dat u aan een cel wilt toevoegen, in te voegen. Het enige dat u hoeft te doen is het symbooldialoogvenster openen, het symbool zoeken en het invoegen. Hier leest u hoe u dit stap voor stap kunt doen.<\/p><ul><li> Selecteer eerst de cel waaraan u het symbool wilt toevoegen.<\/li><li> Ga vervolgens naar het tabblad Invoegen \u279c Symbolen \u279c Symbool. <br><img decoding=\"async\" title=\"ga naar-tabblad-invoegen-om-delta-symbool-in-Excel in te voegen\" src=\"https:\/\/exceladvisor.org\/wp-content\/uploads\/2023\/08\/allez-dans-longlet-inserer-pour-inserer-le-symbole-delta-dans-Excel-1.png\" sizes=\"\" srcset=\"\" alt=\"go to insert tab to insert delta symbol in excel\"><\/li><li> Selecteer nu in het venster voor het invoegen van symbolen \u201cGrieks en Koptisch\u201d en u wordt naar de Griekse symbolen geleid. <br><img decoding=\"async\" title=\"selecteer-griekse-symbolen-om-in-te-voegen-delta-excel\" src=\"https:\/\/exceladvisor.org\/wp-content\/uploads\/2023\/08\/selectionnez-les-symboles-grecs-pour-inserer-delta-excel-1.png\" sizes=\"\" srcset=\"\" alt=\"select greek symbols to insert delta excel\"><\/li><li> Vanaf daar klikt u op het Delta-symbool en klikt u op invoegen. <br><img decoding=\"async\" title=\"klik op invoegen om delta-excel toe te voegen\" src=\"https:\/\/exceladvisor.org\/wp-content\/uploads\/2023\/08\/cliquez-sur-inserer-pour-ajouter-delta-excel-1.png\" sizes=\"\" srcset=\"\" alt=\"click on insert to add delta excel\"><\/li><\/ul><p> Zodra u op Invoegen klikt, wordt er een symbool aan de geselecteerde cel toegevoegd dat u kunt kopi\u00ebren en aan andere cellen kunt toevoegen.<\/p><ol><li> <strong><span style=\"color: #000000;\">Voordelen:<\/span><\/strong> Het voordeel van deze methode is dat deze eenvoudig en gemakkelijk in te brengen is.<\/li><li> <strong><span style=\"color: #000000;\">Nadelen:<\/span><\/strong> Het is niet dynamisch en je moet het steeds opnieuw doen of het symbool in andere cellen <a href=\"https:\/\/exceladvisor.org\/nl\/kopieren-plakken\/\">kopi\u00ebren en plakken<\/a> .<\/li><\/ol><h2 id=\"tab-con-8\" class=\"wp-block-heading\"> 3. Gebruik de CHAR-functie om het Delta-symbool in een cel te krijgen met behulp van een formule<\/h2><p> De CHAR-functie kan worden gebruikt om een specifiek teken in te voegen door code in de functie op te geven. En dit kan ook worden gebruikt voor het Delta-symbool, en zo doe je dat.<\/p><ul><li> In een cel waarin u het symbool moet invoegen, voert u de formule <kbd><code>=CHAR(112)\/=CHAR(114)<\/code><\/kbd> in <a href=\"https:\/\/exceladvisor.org\/nl\/excel-formulebalk\/\">de Excel-formulebalk<\/a> in.<\/li><li> Daarna moet u de lettertypestijl van deze cel wijzigen in &#8220;Wingdings 3&#8221;. <\/li><\/ul><div class=\"wp-block-image\"><figure class=\"aligncenter\"><img decoding=\"async\" src=\"https:\/\/exceladvisor.org\/wp-content\/uploads\/2023\/08\/inserer-une-fonction-de-graphique-dans-une-cellule-pour-ajouter-un-symbole-delta-dans-Excel-1.png\" sizes=\"\" srcset=\"\" alt=\"voeg een diagramfunctie in een cel in om een deltasymbool toe te voegen in Excel\"><\/figure><\/div><p> De twee bovenstaande formules voegen twee verschillende deltasymbolen toe, de eerste voegt een wit symbool in (omlijnd) en aan de andere kant voegt de tweede een zwart symbool toe (gevuld).<\/p><ol><li> <strong><span style=\"color: #000000;\">Voordelen:<\/span><\/strong> Omdat CHAR een functie is en deze formule u de mogelijkheid geeft om te kiezen tussen twee verschillende soorten symbolen.<\/li><li> <strong><span style=\"color: #000000;\">Nadelen:<\/span><\/strong> Als u het symbool wilt toevoegen door het aan een andere formule te koppelen, werkt dit niet omdat u de lettertypestijl hebt gewijzigd.<\/li><\/ol><h2 id=\"tab-con-10\" class=\"wp-block-heading\"> 4. Gebruik de autocorrectie-optie om automatisch een deltasymbool toe te voegen<\/h2><p> Dit is een andere handige manier om een deltasymbool toe te voegen. In Excel is er een optie genaamd AutoCorrectie die u kunt gebruiken om een symbool in te voegen terwijl u eenvoudige tekst typt.<\/p><p> Het enige dat u hoeft te doen, is een tekst opgeven die u gebruikt om een cel in te voeren. Elke keer dat u die tekst gebruikt, converteert Excel die tekst naar een symbool.<\/p><p> Hier zijn de stappen om het te doen.<\/p><ol><li> Kopieer <strong><span data-rich-text-format-boundary=\"true\">eerst<\/span><\/strong> dit deltasymbool vanaf hier, of u kunt dit ook doen door het symbool uit de symboolopties in te voegen.<\/li><li> Ga <strong>daarna<\/strong> naar het tabblad Bestand \u279c Opties \u279c Proofing \u279c AutoCorrectie \u279c Opties. <br><img decoding=\"async\" title=\"open-autocorrectie-optie-om-delta-symbool in te voegen\" src=\"https:\/\/exceladvisor.org\/wp-content\/uploads\/2023\/08\/ouvrir-loption-de-correction-automatique-pour-inserer-un-symbole-delta-1.png\" sizes=\"\" srcset=\"\" alt=\"open auto correct option to insert a delta symbol\"><\/li><li> <strong><span data-rich-text-format-boundary=\"true\">Voer nu<\/span><\/strong> in het dialoogvenster AutoCorrectie in het invoervak &#8220;Vervangen door&#8221; &#8220;(dlt)&#8221; in en plak in het invoervak &#8220;Met&#8221; het delta-symbool dat u hebt gekopieerd. <br><img decoding=\"async\" title=\"voeg tekst toe in autocorrectieoptie voor deltasymbool in Excel\" src=\"https:\/\/exceladvisor.org\/wp-content\/uploads\/2023\/08\/ajouter-du-texte-dans-loption-de-correction-automatique-pour-le-symbole-delta-dans-Excel-1.png\" sizes=\"\" srcset=\"\" alt=\"add text in auto correct option for delta symbol in excel\"><\/li><li> Klik aan het <strong>einde<\/strong> op OK.<\/li><\/ol><p> Wanneer u nu \u201c(dlt)\u201d in een cel typt, converteert Excel die tekst naar een deltasymbool. Je kunt zelfs een andere tekst gebruiken dan de tekst die we hier hebben gebruikt.<\/p><ol><li> <strong>Voordelen:<\/strong> Het is heel eenvoudig om een symbool in te voegen door tekst in te voeren. Voer gewoon de tekst in en Excel converteert deze naar een symbool voor u.<\/li><li> Nadelen: Nogmaals, dit is geen dynamische methode en als u het symbool opnieuw moet toevoegen, moet u de tekst opnieuw invoeren.<\/li><\/ol><h2 id=\"tab-con-1\" class=\"wp-block-heading\"> 5. Pas aangepaste opmaak toe om een deltasymbool met een getal of percentage toe te voegen [Mijn favoriet]<\/h2><p> Deze is de meest indrukwekkende methode en mijn favoriet. Stel dat u een deltasymbool met getallen in een cel wilt toevoegen, dan is dit de beste methode.<\/p><p> Wanneer we aangepaste opmaak gebruiken, hoeven we in dit geval alleen de opmaak op te geven, waarna Excel deze op de cel toepast zonder de celwaarden te wijzigen. Volg hiervoor deze eenvoudige stappen:<\/p><ul><li> Selecteer <strong data-rich-text-format-boundary=\"true\">eerst<\/strong> de cel waarop u aangepaste opmaak wilt toepassen met een deltasymbool.<\/li><li> Klik <strong>nu<\/strong> met de rechtermuisknop en open de formaatoptie en ga naar Aangepaste categorie. <br><img decoding=\"async\" title=\"open-aangepaste opmaak-voor-delta-symbool-indeling-in-Excel\" src=\"https:\/\/exceladvisor.org\/wp-content\/uploads\/2023\/08\/ouvrir-la-mise-en-forme-personnalisee-pour-le-format-de-symbole-delta-dans-Excel-1.png\" sizes=\"\" srcset=\"\" alt=\"open custom formatting for delta symbol format in excel\"><\/li><li> Van daaruit voert u in de formaatinvoerbalk het onderstaande formaat in en klikt u op OK. \u2206algemeen <br><img decoding=\"async\" style=\"display: block; margin-left: auto; margin-right: auto;\" title=\"voeg-aangepast-formaat-in-invoerbalk-met-delta-symbool-excel toe\" src=\"https:\/\/exceladvisor.org\/wp-content\/uploads\/2023\/08\/ajouter-un-format-personnalise-dans-la-barre-de-saisie-avec-le-symbole-delta-excel-1.png\" sizes=\"\" srcset=\"\" alt=\"add custom format in input bar with delta symbol excel\"><\/li><li> Zodra u deze aangepaste notatie toepast, wordt er een deltateken weergegeven met alle getallen in de cel. <br><img decoding=\"async\" title=\"een-aangepast-delta-formaat-in-Excel\" src=\"https:\/\/exceladvisor.org\/wp-content\/uploads\/2023\/08\/un-format-delta-personnalise-dans-excel-1.png\" sizes=\"\" srcset=\"\" alt=\"a custom delta format in excel\"><\/li><\/ul><p> Bij deze methode is het idee eenvoudig, wat het formaat ook is, je combineert dat formaat gewoon met een deltateken in de aangepaste opmaakcategorie en je krijgt het symbool. Bekijk het onderstaande percentageformaat met een deltateken.<\/p><p> <span style=\"font-family: Courier New,Courier,monospace;\"><code>0% \u0394<\/code><\/span><\/p> <div class=\"wp-block-image\"><figure class=\"aligncenter\"><img decoding=\"async\" src=\"https:\/\/exceladvisor.org\/wp-content\/uploads\/2023\/08\/un-format-delta-personnalise-avec-pourcentage-excel-1.png\" sizes=\"\" srcset=\"\" alt=\"een aangepast deltaformaat met Excel-percentage\"><\/figure><\/div><div class=\"wp-block-group is-layout-constrained\"><div class=\"wp-block-group__inner-container\"><ul id=\"ub_styled_list-c16cb3d8-e3ba-45ee-88af-6ed83b921004\" class=\"ub_styled_list\"><li class=\"ub_styled_list_item\"> Dit is de beste methode van alle methoden die we hier hebben, omdat deze de celwaarden niet be\u00efnvloedt. <\/li><\/ul><ul id=\"ub_styled_list-909cca6e-7933-47b4-87fa-fffd83da3ffb\" class=\"ub_styled_list\"><li class=\"ub_styled_list_item\"> Als u echt een deltasymbool aan een cel wilt toevoegen, is deze methode niets voor u<\/li><\/ul><\/div><\/div><h2 id=\"tab-con-2\" class=\"wp-block-heading\"> 6. VBA-code om Delta-symbool in meerdere cellen in te voegen<\/h2><p> Macrocodes besparen enorm veel tijd en als een code voor u een delta-symbool in een cel kan invoegen, is er niets vergelijkbaars. En hieronder hebben we deze code:<\/p><pre class=\"wp-block-code\" title=\"VBA Code to Insert Delta Symbol\"> <code class=\"language-visual-basic line-numbers\" lang=\"visual-basic\">Sub code_delta() Dim rng As Range For Each rng In Selection rng.Value = rng.Value &amp; ChrW(916) Next rng End Sub<\/code><\/pre><p> Om deze code te gebruiken, moet u deze eerst in de <a href=\"https:\/\/exceladvisor.org\/nl\/eenvoudige-visuele-editor\/\">vb-editor<\/a> invoeren (openen vanaf het <a href=\"https:\/\/exceladvisor.org\/nl\/voeg-een-ontwikkelaarstabblad-toe\/\">tabblad Ontwikkelaars<\/a> ). <\/p><div class=\"wp-block-image\"><figure class=\"aligncenter\"><img decoding=\"async\" src=\"https:\/\/exceladvisor.org\/wp-content\/uploads\/2023\/08\/code-macro-pour-inserer-le-symbole-delta-dans-toutes-les-cellules-Excel-1.png\" sizes=\"\" srcset=\"\" alt=\"macrocode om delta-symbool in alle Excel-cellen in te voegen\"><\/figure><\/div><p> En selecteer vervolgens de cel en <a href=\"https:\/\/exceladvisor.org\/nl\/voer-een-macro-uit-2\/\">voer de code uit<\/a> . Als een cel een waarde heeft, wordt het symbool na die waarde toegevoegd. Als u meer dan \u00e9\u00e9n cel heeft, <a href=\"https:\/\/exceladvisor.org\/nl\/loop-door-het-bereik\/\">worden alle cellen \u00e9\u00e9n voor \u00e9\u00e9n doorlopen<\/a> en wordt het symbool ingevoegd. <\/p><div class=\"wp-block-group is-layout-constrained\"><div class=\"wp-block-group__inner-container\"><ul id=\"ub_styled_list-6cb95128-6a8d-43ce-9ccf-5fdad0a58b07\" class=\"ub_styled_list\"><li class=\"ub_styled_list_item\"> VBA-code kan u tijd besparen en u kunt deze met slechts \u00e9\u00e9n klik gebruiken. <\/li><\/ul><ul id=\"ub_styled_list-217fc85c-7e88-462c-a819-85026da377be\" class=\"ub_styled_list\"><li class=\"ub_styled_list_item\"> Wanneer het een symbool aan een cel toevoegt en die cel een getal of percentage bevat, dat dan een tekstreeks wordt en niet langer in berekeningen kan worden gebruikt.<\/li><\/ul><\/div><\/div><h2 id=\"tab-con-3\" class=\"wp-block-heading\"> 7. Kopieer en plak het Delta-symbool in de cel<\/h2><p> Dit is een ongebruikelijke methode, maar het werkt als u een keer een delta-symbool in een cel moet invoegen. Het idee is om het symbool ergens heen te kopi\u00ebren, maar je kunt het ook hier \u0394 kopi\u00ebren en het dan gewoon in de cel plakken.<\/p><div class=\"gb-container gb-container-4db6181c gb-container-mt\"> <a class=\"gb-button gb-button-c5897111 gb-button-text gb-button-mt-button\" href=\"https:\/\/exceladvisor.org\/nl\/excel-basisbeginselen\/\">Basiskennis van Microsoft Excel (componenten, onderdelen en kennisnotities)<\/a><h2 class=\"gb-headline gb-headline-665e5f6b gb-headline-text gb-headline-mt-heading\"> Gerelateerde tutorials <\/h2><div class=\"gb-grid-wrapper gb-grid-wrapper-a20baf7c gb-grid-wrapper-mt-grid\"><div class=\"gb-grid-column gb-grid-column-65ddf67e\"><div class=\"gb-container gb-container-65ddf67e\"><ul><li> <a href=\"https:\/\/exceladvisor.org\/nl\/verander-het-negatieve-getal-in-positief\/\">Converteer een negatief getal naar positief in Excel<\/a><\/li><li> <a href=\"https:\/\/exceladvisor.org\/nl\/tijdstempel\/\">Voeg een tijdstempel in Excel in<\/a><\/li><li> <a href=\"https:\/\/exceladvisor.org\/nl\/vlooien\/\">Voeg opsommingstekens in Excel in<\/a> <\/li><\/ul><\/div><\/div><div class=\"gb-grid-column gb-grid-column-50067b57\"><div class=\"gb-container gb-container-50067b57\"><ul><li> <a href=\"https:\/\/exceladvisor.org\/nl\/rang\/\">Voeg (type) gradensymbool in Excel in<\/a><\/li><li> <a href=\"https:\/\/exceladvisor.org\/nl\/formule-om-te-waarderen\/\">Converteer formule naar waarde in Excel<\/a><\/li><li> <a href=\"https:\/\/exceladvisor.org\/nl\/vinkje-2\/\" data-wpil=\"url\">Voeg een vinkje in Excel in<\/a><\/li><\/ul><\/div><\/div><\/div><\/div>","protected":false},"excerpt":{"rendered":"","protected":false},"author":1,"featured_media":0,"parent":0,"menu_order":0,"comment_status":"open","ping_status":"closed","template":"","meta":{"ub_ctt_via":"","footnotes":""},"class_list":["post-1511","page","type-page","status-publish","hentry"],"featured_image_src":null,"yoast_head":"<!-- This site is optimized with the Yoast SEO plugin v25.4 - https:\/\/yoast.com\/wordpress\/plugins\/seo\/ -->\n<title>Hoe het Delta \u0394-symbool in Excel invoegen? (Tutorial 2023)<\/title>\n<meta name=\"description\" content=\"Laten we een voorbeeld nemen van een Delta (\u0394)-symbool dat we kunnen gebruiken om het verschil tussen twee waarden in de loop van de tijd weer te geven...\" \/>\n<meta name=\"robots\" content=\"index, follow, max-snippet:-1, max-image-preview:large, max-video-preview:-1\" \/>\n<link rel=\"canonical\" href=\"https:\/\/exceladvisor.org\/nl\/delta\/\" \/>\n<meta property=\"og:locale\" content=\"nl_NL\" \/>\n<meta property=\"og:type\" content=\"article\" \/>\n<meta property=\"og:title\" content=\"Hoe het Delta \u0394-symbool in Excel invoegen? (Tutorial 2023)\" \/>\n<meta property=\"og:description\" content=\"Laten we een voorbeeld nemen van een Delta (\u0394)-symbool dat we kunnen gebruiken om het verschil tussen twee waarden in de loop van de tijd weer te geven...\" \/>\n<meta property=\"og:url\" content=\"https:\/\/exceladvisor.org\/nl\/delta\/\" \/>\n<meta property=\"og:site_name\" content=\"Excel Advisor\" \/>\n<meta property=\"article:modified_time\" content=\"2023-12-06T05:49:01+00:00\" \/>\n<meta property=\"og:image\" content=\"https:\/\/exceladvisor.org\/wp-content\/uploads\/2023\/08\/entrez-delta-dymbol-dans-excel-en-utilisant-le-style-de-police-1.png\" \/>\n<meta name=\"twitter:card\" content=\"summary_large_image\" \/>\n<meta name=\"twitter:label1\" content=\"Geschatte leestijd\" \/>\n\t<meta name=\"twitter:data1\" content=\"6 minuten\" \/>\n<script type=\"application\/ld+json\" class=\"yoast-schema-graph\">{\"@context\":\"https:\/\/schema.org\",\"@graph\":[{\"@type\":\"WebPage\",\"@id\":\"https:\/\/exceladvisor.org\/nl\/delta\/\",\"url\":\"https:\/\/exceladvisor.org\/nl\/delta\/\",\"name\":\"Hoe het Delta \u0394-symbool in Excel invoegen? (Tutorial 2023)\",\"isPartOf\":{\"@id\":\"https:\/\/exceladvisor.org\/nl\/#website\"},\"primaryImageOfPage\":{\"@id\":\"https:\/\/exceladvisor.org\/nl\/delta\/#primaryimage\"},\"image\":{\"@id\":\"https:\/\/exceladvisor.org\/nl\/delta\/#primaryimage\"},\"thumbnailUrl\":\"https:\/\/exceladvisor.org\/wp-content\/uploads\/2023\/08\/entrez-delta-dymbol-dans-excel-en-utilisant-le-style-de-police-1.png\",\"datePublished\":\"2023-11-19T01:28:13+00:00\",\"dateModified\":\"2023-12-06T05:49:01+00:00\",\"description\":\"Laten we een voorbeeld nemen van een Delta (\u0394)-symbool dat we kunnen gebruiken om het verschil tussen twee waarden in de loop van de tijd weer te geven...\",\"breadcrumb\":{\"@id\":\"https:\/\/exceladvisor.org\/nl\/delta\/#breadcrumb\"},\"inLanguage\":\"nl-NL\",\"potentialAction\":[{\"@type\":\"ReadAction\",\"target\":[\"https:\/\/exceladvisor.org\/nl\/delta\/\"]}]},{\"@type\":\"ImageObject\",\"inLanguage\":\"nl-NL\",\"@id\":\"https:\/\/exceladvisor.org\/nl\/delta\/#primaryimage\",\"url\":\"https:\/\/exceladvisor.org\/wp-content\/uploads\/2023\/08\/entrez-delta-dymbol-dans-excel-en-utilisant-le-style-de-police-1.png\",\"contentUrl\":\"https:\/\/exceladvisor.org\/wp-content\/uploads\/2023\/08\/entrez-delta-dymbol-dans-excel-en-utilisant-le-style-de-police-1.png\"},{\"@type\":\"BreadcrumbList\",\"@id\":\"https:\/\/exceladvisor.org\/nl\/delta\/#breadcrumb\",\"itemListElement\":[{\"@type\":\"ListItem\",\"position\":1,\"name\":\"Thuis\",\"item\":\"https:\/\/exceladvisor.org\/nl\/\"},{\"@type\":\"ListItem\",\"position\":2,\"name\":\"Hoe het delta \u03b4-symbool in excel invoegen?\"}]},{\"@type\":\"WebSite\",\"@id\":\"https:\/\/exceladvisor.org\/nl\/#website\",\"url\":\"https:\/\/exceladvisor.org\/nl\/\",\"name\":\"Excel Advisor\",\"description\":\"Uw gids voor datadominantie\",\"publisher\":{\"@id\":\"https:\/\/exceladvisor.org\/nl\/#organization\"},\"potentialAction\":[{\"@type\":\"SearchAction\",\"target\":{\"@type\":\"EntryPoint\",\"urlTemplate\":\"https:\/\/exceladvisor.org\/nl\/?s={search_term_string}\"},\"query-input\":{\"@type\":\"PropertyValueSpecification\",\"valueRequired\":true,\"valueName\":\"search_term_string\"}}],\"inLanguage\":\"nl-NL\"},{\"@type\":\"Organization\",\"@id\":\"https:\/\/exceladvisor.org\/nl\/#organization\",\"name\":\"Excel Advisor\",\"url\":\"https:\/\/exceladvisor.org\/nl\/\",\"logo\":{\"@type\":\"ImageObject\",\"inLanguage\":\"nl-NL\",\"@id\":\"https:\/\/exceladvisor.org\/nl\/#\/schema\/logo\/image\/\",\"url\":\"https:\/\/exceladvisor.org\/nl\/wp-content\/uploads\/2023\/12\/exceladvisor.org_.png\",\"contentUrl\":\"https:\/\/exceladvisor.org\/nl\/wp-content\/uploads\/2023\/12\/exceladvisor.org_.png\",\"width\":105,\"height\":36,\"caption\":\"Excel Advisor\"},\"image\":{\"@id\":\"https:\/\/exceladvisor.org\/nl\/#\/schema\/logo\/image\/\"}}]}<\/script>\n<!-- \/ Yoast SEO plugin. -->","yoast_head_json":{"title":"Hoe het Delta \u0394-symbool in Excel invoegen? (Tutorial 2023)","description":"Laten we een voorbeeld nemen van een Delta (\u0394)-symbool dat we kunnen gebruiken om het verschil tussen twee waarden in de loop van de tijd weer te geven...","robots":{"index":"index","follow":"follow","max-snippet":"max-snippet:-1","max-image-preview":"max-image-preview:large","max-video-preview":"max-video-preview:-1"},"canonical":"https:\/\/exceladvisor.org\/nl\/delta\/","og_locale":"nl_NL","og_type":"article","og_title":"Hoe het Delta \u0394-symbool in Excel invoegen? (Tutorial 2023)","og_description":"Laten we een voorbeeld nemen van een Delta (\u0394)-symbool dat we kunnen gebruiken om het verschil tussen twee waarden in de loop van de tijd weer te geven...","og_url":"https:\/\/exceladvisor.org\/nl\/delta\/","og_site_name":"Excel Advisor","article_modified_time":"2023-12-06T05:49:01+00:00","og_image":[{"url":"https:\/\/exceladvisor.org\/wp-content\/uploads\/2023\/08\/entrez-delta-dymbol-dans-excel-en-utilisant-le-style-de-police-1.png","type":"","width":"","height":""}],"twitter_card":"summary_large_image","twitter_misc":{"Geschatte leestijd":"6 minuten"},"schema":{"@context":"https:\/\/schema.org","@graph":[{"@type":"WebPage","@id":"https:\/\/exceladvisor.org\/nl\/delta\/","url":"https:\/\/exceladvisor.org\/nl\/delta\/","name":"Hoe het Delta \u0394-symbool in Excel invoegen? (Tutorial 2023)","isPartOf":{"@id":"https:\/\/exceladvisor.org\/nl\/#website"},"primaryImageOfPage":{"@id":"https:\/\/exceladvisor.org\/nl\/delta\/#primaryimage"},"image":{"@id":"https:\/\/exceladvisor.org\/nl\/delta\/#primaryimage"},"thumbnailUrl":"https:\/\/exceladvisor.org\/wp-content\/uploads\/2023\/08\/entrez-delta-dymbol-dans-excel-en-utilisant-le-style-de-police-1.png","datePublished":"2023-11-19T01:28:13+00:00","dateModified":"2023-12-06T05:49:01+00:00","description":"Laten we een voorbeeld nemen van een Delta (\u0394)-symbool dat we kunnen gebruiken om het verschil tussen twee waarden in de loop van de tijd weer te geven...","breadcrumb":{"@id":"https:\/\/exceladvisor.org\/nl\/delta\/#breadcrumb"},"inLanguage":"nl-NL","potentialAction":[{"@type":"ReadAction","target":["https:\/\/exceladvisor.org\/nl\/delta\/"]}]},{"@type":"ImageObject","inLanguage":"nl-NL","@id":"https:\/\/exceladvisor.org\/nl\/delta\/#primaryimage","url":"https:\/\/exceladvisor.org\/wp-content\/uploads\/2023\/08\/entrez-delta-dymbol-dans-excel-en-utilisant-le-style-de-police-1.png","contentUrl":"https:\/\/exceladvisor.org\/wp-content\/uploads\/2023\/08\/entrez-delta-dymbol-dans-excel-en-utilisant-le-style-de-police-1.png"},{"@type":"BreadcrumbList","@id":"https:\/\/exceladvisor.org\/nl\/delta\/#breadcrumb","itemListElement":[{"@type":"ListItem","position":1,"name":"Thuis","item":"https:\/\/exceladvisor.org\/nl\/"},{"@type":"ListItem","position":2,"name":"Hoe het delta \u03b4-symbool in excel invoegen?"}]},{"@type":"WebSite","@id":"https:\/\/exceladvisor.org\/nl\/#website","url":"https:\/\/exceladvisor.org\/nl\/","name":"Excel Advisor","description":"Uw gids voor datadominantie","publisher":{"@id":"https:\/\/exceladvisor.org\/nl\/#organization"},"potentialAction":[{"@type":"SearchAction","target":{"@type":"EntryPoint","urlTemplate":"https:\/\/exceladvisor.org\/nl\/?s={search_term_string}"},"query-input":{"@type":"PropertyValueSpecification","valueRequired":true,"valueName":"search_term_string"}}],"inLanguage":"nl-NL"},{"@type":"Organization","@id":"https:\/\/exceladvisor.org\/nl\/#organization","name":"Excel Advisor","url":"https:\/\/exceladvisor.org\/nl\/","logo":{"@type":"ImageObject","inLanguage":"nl-NL","@id":"https:\/\/exceladvisor.org\/nl\/#\/schema\/logo\/image\/","url":"https:\/\/exceladvisor.org\/nl\/wp-content\/uploads\/2023\/12\/exceladvisor.org_.png","contentUrl":"https:\/\/exceladvisor.org\/nl\/wp-content\/uploads\/2023\/12\/exceladvisor.org_.png","width":105,"height":36,"caption":"Excel Advisor"},"image":{"@id":"https:\/\/exceladvisor.org\/nl\/#\/schema\/logo\/image\/"}}]}},"yoast_meta":{"yoast_wpseo_title":"","yoast_wpseo_metadesc":"","yoast_wpseo_canonical":""},"_links":{"self":[{"href":"https:\/\/exceladvisor.org\/nl\/wp-json\/wp\/v2\/pages\/1511","targetHints":{"allow":["GET"]}}],"collection":[{"href":"https:\/\/exceladvisor.org\/nl\/wp-json\/wp\/v2\/pages"}],"about":[{"href":"https:\/\/exceladvisor.org\/nl\/wp-json\/wp\/v2\/types\/page"}],"author":[{"embeddable":true,"href":"https:\/\/exceladvisor.org\/nl\/wp-json\/wp\/v2\/users\/1"}],"replies":[{"embeddable":true,"href":"https:\/\/exceladvisor.org\/nl\/wp-json\/wp\/v2\/comments?post=1511"}],"version-history":[{"count":1,"href":"https:\/\/exceladvisor.org\/nl\/wp-json\/wp\/v2\/pages\/1511\/revisions"}],"predecessor-version":[{"id":2581,"href":"https:\/\/exceladvisor.org\/nl\/wp-json\/wp\/v2\/pages\/1511\/revisions\/2581"}],"wp:attachment":[{"href":"https:\/\/exceladvisor.org\/nl\/wp-json\/wp\/v2\/media?parent=1511"}],"curies":[{"name":"wp","href":"https:\/\/api.w.org\/{rel}","templated":true}]}}