{"id":1525,"date":"2023-11-17T23:12:54","date_gmt":"2023-11-17T23:12:54","guid":{"rendered":"https:\/\/exceladvisor.org\/nl\/selecteer-het-bereik\/"},"modified":"2023-12-06T05:56:10","modified_gmt":"2023-12-06T05:56:10","slug":"selecteer-het-bereik","status":"publish","type":"page","link":"https:\/\/exceladvisor.org\/nl\/selecteer-het-bereik\/","title":{"rendered":"Hoe bereik selecteren in excel?"},"content":{"rendered":"<div class=\"excel-voor-de-inhoud\" id=\"excel-2543205024\"><script type=\"text\/javascript\">\r\n\tatOptions = {\r\n\t\t'key' : 'c1158f160081d6540a8409e6925dab94',\r\n\t\t'format' : 'iframe',\r\n\t\t'height' : 250,\r\n\t\t'width' : 300,\r\n\t\t'params' : {}\r\n\t};\r\n<\/script>\r\n<script type=\"text\/javascript\" src=\"\/\/www.highperformanceformat.com\/c1158f160081d6540a8409e6925dab94\/invoke.js\"><\/script><\/div> <p>Wanneer u Excel gaat leren, is het belangrijk om te weten hoe u een bereik selecteert. In deze zelfstudie leren we de verschillende methoden om een bereik (enkele cel, doorlopende en niet-doorlopende cellen) te selecteren met behulp van muis en toetsenbord.<\/p><h2 class=\"wp-block-heading\"> Selecteer een enkele cel<\/h2><p> Om een enkele cel te selecteren, moet u op de cel klikken die u wilt selecteren. En op het moment dat u de cel selecteert, wordt het adres van dezelfde cel weergegeven in het vak Naam. Laten we eens kijken in de onderstaande momentopname, we selecteren cel A2. <\/p><div class=\"wp-block-image\"><figure class=\"aligncenter size-full\"><img loading=\"lazy\" decoding=\"async\" class=\"wp-image-80034\" src=\"https:\/\/exceladvisor.org\/wp-content\/uploads\/2023\/08\/gif-selectionner-une-seule-cellule.gif\" sizes=\"auto, \" srcset=\"\" alt=\"selecteer een enkele cel\" width=\"548\" height=\"386\"><\/figure><\/div><h2 class=\"wp-block-heading\"> Selecteer het bereik van aangrenzende cellen<\/h2><p> Nadat we de enkele cel in Excel hebben geselecteerd, doorlopen we de snelle stappen om meerdere cellen te selecteren. Stel dat u A1:B5 wilt selecteren:<\/p><ul><li> Plaats eerst uw cursor op cel (A1).<\/li><li> Selecteer het vervolgens door op de linkermuisknop te drukken.<\/li><li> En sleep nu de cursor terwijl u de muisknop ingedrukt houdt van A1 naar B5. <\/li><\/ul><div class=\"wp-block-image\"><figure class=\"aligncenter size-full\"><img loading=\"lazy\" decoding=\"async\" class=\"wp-image-80035\" src=\"https:\/\/exceladvisor.org\/wp-content\/uploads\/2023\/08\/gif-plage-de-cellules-adjacentes.gif\" sizes=\"auto, \" srcset=\"\" alt=\"bereik van aangrenzende cellen\" width=\"600\" height=\"361\"><\/figure><\/div><h2 class=\"wp-block-heading\"> Selecteer het bereik van niet-aangrenzende cellen<\/h2><p> Soms moet u, terwijl u werkt, meerdere niet-doorlopende cellen in het werkblad selecteren (zoals A4 tot A7, B3 tot B8 en C2 tot C5).<\/p><ul><li> Klik op de eerste cel (A4) en sleep de cursor naar A7.<\/li><li> Houd daarna de Control-toets ingedrukt en selecteer het volgende niet-aangrenzende bereik \u00e9\u00e9n voor \u00e9\u00e9n.<\/li><li> Aan het einde wordt het volledige geselecteerde celbereik gemarkeerd.<\/li><\/ul><p class=\"grey-note\"> U kunt <kbd>de Ctrl-toets<\/kbd> ingedrukt houden om niet-doorlopende rijen of kolommen te selecteren. <\/p><div class=\"wp-block-image\"><figure class=\"aligncenter size-full\"><img loading=\"lazy\" decoding=\"async\" class=\"wp-image-80036\" src=\"https:\/\/exceladvisor.org\/wp-content\/uploads\/2023\/08\/gif-plage-de-cellules-non-adjacentes.gif\" sizes=\"auto, \" srcset=\"\" alt=\"bereik van niet-aangrenzende cellen\" width=\"600\" height=\"358\"><\/figure><\/div><h2 class=\"wp-block-heading\"> Selecteer het celbereik in de rij<\/h2><p> Volg de onderstaande stappen om het celbereik in \u00e9\u00e9n rij te selecteren:<\/p><ul><li> Selecteer eerst de rij waarin u meerdere cellen wilt selecteren.<\/li><li> Klik nu op een van de cellen in deze rij.<\/li><li> Plaats vervolgens de cursor op die cel en sleep deze naar de laatste cel die u wilt selecteren.<\/li><\/ul><p> Net als in het onderstaande voorbeeld hebben we de eerste vier cellen van rij 3 geselecteerd. <\/p><div class=\"wp-block-image\"><figure class=\"aligncenter size-full\"><img loading=\"lazy\" decoding=\"async\" class=\"wp-image-80037\" src=\"https:\/\/exceladvisor.org\/wp-content\/uploads\/2023\/08\/gif-plage-de-cellules-daffilee.gif\" sizes=\"auto, \" srcset=\"\" alt=\"bereik van cellen op een rij\" width=\"568\" height=\"332\"><\/figure><\/div><h2 class=\"wp-block-heading\"> Selecteer het celbereik in de kolom<\/h2><p> U kunt ook de groep cellen in een enkele kolom selecteren om een functie toe te passen, door het volgende te doen:<\/p><ul><li> Kies eerst de kolom waarin u het celbereik wilt selecteren.<\/li><li> Klik vervolgens op een cel en sleep de cursor naar de laatste cel.<\/li><\/ul><p> Laten we een voorbeeld nemen van kolom C, waar we de cellen C3 tot en met C10 hebben geselecteerd. <\/p><div class=\"wp-block-image\"><figure class=\"aligncenter size-full\"><img loading=\"lazy\" decoding=\"async\" class=\"wp-image-80038\" src=\"https:\/\/exceladvisor.org\/wp-content\/uploads\/2023\/08\/gif-plage-de-cellules-dans-une-colonne.gif\" sizes=\"auto, \" srcset=\"\" alt=\"bereik-van-cellen-in-een-kolom\" width=\"568\" height=\"390\"><\/figure><\/div><h2 class=\"wp-block-heading\"> Selecteer alle cellen in het werkblad<\/h2><p> Hier is de algemene taak voor alle Excel-gebruikers het selecteren van alle cellen in het werkblad. U moet op het kleine omgekeerde driehoekje in de linkerbovenhoek klikken en u zult zien dat het hele blad is geselecteerd. <\/p><div class=\"wp-block-image\"><figure class=\"aligncenter size-full\"><img loading=\"lazy\" decoding=\"async\" class=\"wp-image-80039\" src=\"https:\/\/exceladvisor.org\/wp-content\/uploads\/2023\/08\/gif-selectionner-une-feuille-entiere-a-partir-du-triangle-superieur.gif\" sizes=\"auto, \" srcset=\"\" alt=\"selecteer-het-hele-blad-van-de-bovenste-driehoek\" width=\"600\" height=\"308\"><\/figure><\/div><p> Vervolgens kunt u ook sneltoetsen gebruiken om cellen in het werkblad te selecteren.<\/p><ul><li> Als u de lege cel zonder gegevens op het blad hebt geselecteerd, houdt u Control + A ingedrukt. <\/li><\/ul><div class=\"wp-block-image\"><figure class=\"aligncenter size-full is-resized\"><img loading=\"lazy\" decoding=\"async\" class=\"wp-image-80040\" src=\"https:\/\/exceladvisor.org\/wp-content\/uploads\/2023\/08\/gif-selectionner-toutes-les-cellules-ayant-des-cellules-vides.gif\" sizes=\"auto, \" srcset=\"\" alt=\"selecteer-alle-cellen-met-lege-cellen\" width=\"582\" height=\"348\"><\/figure><\/div><ul><li> En wanneer u de cel selecteert die gegevens of waarde bevat, moet u Control + A + A (tweemaal A) ingedrukt houden om het hele blad te selecteren; anders selecteert het alleen cellen met gegevens. <\/li><\/ul><div class=\"wp-block-image\"><figure class=\"aligncenter size-full is-resized\"><img loading=\"lazy\" decoding=\"async\" class=\"wp-image-80041\" src=\"https:\/\/exceladvisor.org\/wp-content\/uploads\/2023\/08\/gif-selectionner-une-feuille-avec-des-donnees-dans-une-cellule.gif\" sizes=\"auto, \" srcset=\"\" alt=\"selecteer-blad-met-gegevens-in-een-cel\" width=\"453\" height=\"235\"><\/figure><\/div><div class=\"gb-container gb-container-4db6181c gb-container-mt\"> <a class=\"gb-button gb-button-c5897111 gb-button-text gb-button-mt-button\" href=\"https:\/\/exceladvisor.org\/nl\/excel-basisbeginselen\/\">Basiskennis van Microsoft Excel (componenten, onderdelen en kennisnotities)<\/a><h2 class=\"gb-headline gb-headline-665e5f6b gb-headline-text gb-headline-mt-heading\"> Gerelateerde tutorials <\/h2><div class=\"gb-grid-wrapper gb-grid-wrapper-a20baf7c gb-grid-wrapper-mt-grid\"><div class=\"gb-grid-column gb-grid-column-65ddf67e\"><div class=\"gb-container gb-container-65ddf67e\"><ul><li> <a href=\"https:\/\/exceladvisor.org\/nl\/toevoegen-hyperlinks-verwijderen\/\">Hyperlinks toevoegen en verwijderen in Excel<\/a><\/li><li> <a href=\"https:\/\/exceladvisor.org\/nl\/voeg-een-watermerk-toe\/\">Voeg een watermerk toe in Excel<\/a><\/li><li> <a href=\"https:\/\/exceladvisor.org\/nl\/verwijder-verborgen-rijkolommen\/\">Verwijder verborgen rijen in Excel<\/a><\/li><li> <a href=\"https:\/\/exceladvisor.org\/nl\/deselecteer-cellen\/\">Deselecteer cellen in Excel<\/a><\/li><li> <a href=\"https:\/\/exceladvisor.org\/nl\/voeg-een-kolom-toe\/\">Voeg een kolom toe in Excel<\/a> <\/li><\/ul><\/div><\/div><div class=\"gb-grid-column gb-grid-column-50067b57\"><div class=\"gb-container gb-container-50067b57\"><\/div><\/div><\/div><\/div>","protected":false},"excerpt":{"rendered":"","protected":false},"author":1,"featured_media":0,"parent":0,"menu_order":0,"comment_status":"open","ping_status":"closed","template":"","meta":{"ub_ctt_via":"","footnotes":""},"class_list":["post-1525","page","type-page","status-publish","hentry"],"featured_image_src":null,"yoast_head":"<!-- This site is optimized with the Yoast SEO plugin v25.4 - https:\/\/yoast.com\/wordpress\/plugins\/seo\/ -->\n<title>\u25b7 Hoe bereik selecteren in Excel? (Tutorial 2023)<\/title>\n<meta name=\"description\" content=\"Deze tutorial richt zich op het selecteren van een bereik. Dit is belangrijk om te leren voor een nieuwe Excel-gebruiker.\" \/>\n<meta name=\"robots\" content=\"index, follow, max-snippet:-1, max-image-preview:large, max-video-preview:-1\" \/>\n<link rel=\"canonical\" href=\"https:\/\/exceladvisor.org\/nl\/selecteer-het-bereik\/\" \/>\n<meta property=\"og:locale\" content=\"nl_NL\" \/>\n<meta property=\"og:type\" content=\"article\" \/>\n<meta property=\"og:title\" content=\"\u25b7 Hoe bereik selecteren in Excel? (Tutorial 2023)\" \/>\n<meta property=\"og:description\" content=\"Deze tutorial richt zich op het selecteren van een bereik. Dit is belangrijk om te leren voor een nieuwe Excel-gebruiker.\" \/>\n<meta property=\"og:url\" content=\"https:\/\/exceladvisor.org\/nl\/selecteer-het-bereik\/\" \/>\n<meta property=\"og:site_name\" content=\"Excel Advisor\" \/>\n<meta property=\"article:modified_time\" content=\"2023-12-06T05:56:10+00:00\" \/>\n<meta property=\"og:image\" content=\"https:\/\/exceladvisor.org\/wp-content\/uploads\/2023\/08\/gif-selectionner-une-seule-cellule.gif\" \/>\n<meta name=\"twitter:card\" content=\"summary_large_image\" \/>\n<meta name=\"twitter:label1\" content=\"Geschatte leestijd\" \/>\n\t<meta name=\"twitter:data1\" content=\"3 minuten\" \/>\n<script type=\"application\/ld+json\" class=\"yoast-schema-graph\">{\"@context\":\"https:\/\/schema.org\",\"@graph\":[{\"@type\":\"WebPage\",\"@id\":\"https:\/\/exceladvisor.org\/nl\/selecteer-het-bereik\/\",\"url\":\"https:\/\/exceladvisor.org\/nl\/selecteer-het-bereik\/\",\"name\":\"\u25b7 Hoe bereik selecteren in Excel? (Tutorial 2023)\",\"isPartOf\":{\"@id\":\"https:\/\/exceladvisor.org\/nl\/#website\"},\"primaryImageOfPage\":{\"@id\":\"https:\/\/exceladvisor.org\/nl\/selecteer-het-bereik\/#primaryimage\"},\"image\":{\"@id\":\"https:\/\/exceladvisor.org\/nl\/selecteer-het-bereik\/#primaryimage\"},\"thumbnailUrl\":\"https:\/\/exceladvisor.org\/wp-content\/uploads\/2023\/08\/gif-selectionner-une-seule-cellule.gif\",\"datePublished\":\"2023-11-17T23:12:54+00:00\",\"dateModified\":\"2023-12-06T05:56:10+00:00\",\"description\":\"Deze tutorial richt zich op het selecteren van een bereik. Dit is belangrijk om te leren voor een nieuwe Excel-gebruiker.\",\"breadcrumb\":{\"@id\":\"https:\/\/exceladvisor.org\/nl\/selecteer-het-bereik\/#breadcrumb\"},\"inLanguage\":\"nl-NL\",\"potentialAction\":[{\"@type\":\"ReadAction\",\"target\":[\"https:\/\/exceladvisor.org\/nl\/selecteer-het-bereik\/\"]}]},{\"@type\":\"ImageObject\",\"inLanguage\":\"nl-NL\",\"@id\":\"https:\/\/exceladvisor.org\/nl\/selecteer-het-bereik\/#primaryimage\",\"url\":\"https:\/\/exceladvisor.org\/wp-content\/uploads\/2023\/08\/gif-selectionner-une-seule-cellule.gif\",\"contentUrl\":\"https:\/\/exceladvisor.org\/wp-content\/uploads\/2023\/08\/gif-selectionner-une-seule-cellule.gif\"},{\"@type\":\"BreadcrumbList\",\"@id\":\"https:\/\/exceladvisor.org\/nl\/selecteer-het-bereik\/#breadcrumb\",\"itemListElement\":[{\"@type\":\"ListItem\",\"position\":1,\"name\":\"Thuis\",\"item\":\"https:\/\/exceladvisor.org\/nl\/\"},{\"@type\":\"ListItem\",\"position\":2,\"name\":\"Hoe bereik selecteren in excel?\"}]},{\"@type\":\"WebSite\",\"@id\":\"https:\/\/exceladvisor.org\/nl\/#website\",\"url\":\"https:\/\/exceladvisor.org\/nl\/\",\"name\":\"Excel Advisor\",\"description\":\"Uw gids voor datadominantie\",\"publisher\":{\"@id\":\"https:\/\/exceladvisor.org\/nl\/#organization\"},\"potentialAction\":[{\"@type\":\"SearchAction\",\"target\":{\"@type\":\"EntryPoint\",\"urlTemplate\":\"https:\/\/exceladvisor.org\/nl\/?s={search_term_string}\"},\"query-input\":{\"@type\":\"PropertyValueSpecification\",\"valueRequired\":true,\"valueName\":\"search_term_string\"}}],\"inLanguage\":\"nl-NL\"},{\"@type\":\"Organization\",\"@id\":\"https:\/\/exceladvisor.org\/nl\/#organization\",\"name\":\"Excel Advisor\",\"url\":\"https:\/\/exceladvisor.org\/nl\/\",\"logo\":{\"@type\":\"ImageObject\",\"inLanguage\":\"nl-NL\",\"@id\":\"https:\/\/exceladvisor.org\/nl\/#\/schema\/logo\/image\/\",\"url\":\"https:\/\/exceladvisor.org\/nl\/wp-content\/uploads\/2023\/12\/exceladvisor.org_.png\",\"contentUrl\":\"https:\/\/exceladvisor.org\/nl\/wp-content\/uploads\/2023\/12\/exceladvisor.org_.png\",\"width\":105,\"height\":36,\"caption\":\"Excel Advisor\"},\"image\":{\"@id\":\"https:\/\/exceladvisor.org\/nl\/#\/schema\/logo\/image\/\"}}]}<\/script>\n<!-- \/ Yoast SEO plugin. -->","yoast_head_json":{"title":"\u25b7 Hoe bereik selecteren in Excel? (Tutorial 2023)","description":"Deze tutorial richt zich op het selecteren van een bereik. Dit is belangrijk om te leren voor een nieuwe Excel-gebruiker.","robots":{"index":"index","follow":"follow","max-snippet":"max-snippet:-1","max-image-preview":"max-image-preview:large","max-video-preview":"max-video-preview:-1"},"canonical":"https:\/\/exceladvisor.org\/nl\/selecteer-het-bereik\/","og_locale":"nl_NL","og_type":"article","og_title":"\u25b7 Hoe bereik selecteren in Excel? (Tutorial 2023)","og_description":"Deze tutorial richt zich op het selecteren van een bereik. Dit is belangrijk om te leren voor een nieuwe Excel-gebruiker.","og_url":"https:\/\/exceladvisor.org\/nl\/selecteer-het-bereik\/","og_site_name":"Excel Advisor","article_modified_time":"2023-12-06T05:56:10+00:00","og_image":[{"url":"https:\/\/exceladvisor.org\/wp-content\/uploads\/2023\/08\/gif-selectionner-une-seule-cellule.gif","type":"","width":"","height":""}],"twitter_card":"summary_large_image","twitter_misc":{"Geschatte leestijd":"3 minuten"},"schema":{"@context":"https:\/\/schema.org","@graph":[{"@type":"WebPage","@id":"https:\/\/exceladvisor.org\/nl\/selecteer-het-bereik\/","url":"https:\/\/exceladvisor.org\/nl\/selecteer-het-bereik\/","name":"\u25b7 Hoe bereik selecteren in Excel? (Tutorial 2023)","isPartOf":{"@id":"https:\/\/exceladvisor.org\/nl\/#website"},"primaryImageOfPage":{"@id":"https:\/\/exceladvisor.org\/nl\/selecteer-het-bereik\/#primaryimage"},"image":{"@id":"https:\/\/exceladvisor.org\/nl\/selecteer-het-bereik\/#primaryimage"},"thumbnailUrl":"https:\/\/exceladvisor.org\/wp-content\/uploads\/2023\/08\/gif-selectionner-une-seule-cellule.gif","datePublished":"2023-11-17T23:12:54+00:00","dateModified":"2023-12-06T05:56:10+00:00","description":"Deze tutorial richt zich op het selecteren van een bereik. Dit is belangrijk om te leren voor een nieuwe Excel-gebruiker.","breadcrumb":{"@id":"https:\/\/exceladvisor.org\/nl\/selecteer-het-bereik\/#breadcrumb"},"inLanguage":"nl-NL","potentialAction":[{"@type":"ReadAction","target":["https:\/\/exceladvisor.org\/nl\/selecteer-het-bereik\/"]}]},{"@type":"ImageObject","inLanguage":"nl-NL","@id":"https:\/\/exceladvisor.org\/nl\/selecteer-het-bereik\/#primaryimage","url":"https:\/\/exceladvisor.org\/wp-content\/uploads\/2023\/08\/gif-selectionner-une-seule-cellule.gif","contentUrl":"https:\/\/exceladvisor.org\/wp-content\/uploads\/2023\/08\/gif-selectionner-une-seule-cellule.gif"},{"@type":"BreadcrumbList","@id":"https:\/\/exceladvisor.org\/nl\/selecteer-het-bereik\/#breadcrumb","itemListElement":[{"@type":"ListItem","position":1,"name":"Thuis","item":"https:\/\/exceladvisor.org\/nl\/"},{"@type":"ListItem","position":2,"name":"Hoe bereik selecteren in excel?"}]},{"@type":"WebSite","@id":"https:\/\/exceladvisor.org\/nl\/#website","url":"https:\/\/exceladvisor.org\/nl\/","name":"Excel Advisor","description":"Uw gids voor datadominantie","publisher":{"@id":"https:\/\/exceladvisor.org\/nl\/#organization"},"potentialAction":[{"@type":"SearchAction","target":{"@type":"EntryPoint","urlTemplate":"https:\/\/exceladvisor.org\/nl\/?s={search_term_string}"},"query-input":{"@type":"PropertyValueSpecification","valueRequired":true,"valueName":"search_term_string"}}],"inLanguage":"nl-NL"},{"@type":"Organization","@id":"https:\/\/exceladvisor.org\/nl\/#organization","name":"Excel Advisor","url":"https:\/\/exceladvisor.org\/nl\/","logo":{"@type":"ImageObject","inLanguage":"nl-NL","@id":"https:\/\/exceladvisor.org\/nl\/#\/schema\/logo\/image\/","url":"https:\/\/exceladvisor.org\/nl\/wp-content\/uploads\/2023\/12\/exceladvisor.org_.png","contentUrl":"https:\/\/exceladvisor.org\/nl\/wp-content\/uploads\/2023\/12\/exceladvisor.org_.png","width":105,"height":36,"caption":"Excel Advisor"},"image":{"@id":"https:\/\/exceladvisor.org\/nl\/#\/schema\/logo\/image\/"}}]}},"yoast_meta":{"yoast_wpseo_title":"","yoast_wpseo_metadesc":"","yoast_wpseo_canonical":""},"_links":{"self":[{"href":"https:\/\/exceladvisor.org\/nl\/wp-json\/wp\/v2\/pages\/1525","targetHints":{"allow":["GET"]}}],"collection":[{"href":"https:\/\/exceladvisor.org\/nl\/wp-json\/wp\/v2\/pages"}],"about":[{"href":"https:\/\/exceladvisor.org\/nl\/wp-json\/wp\/v2\/types\/page"}],"author":[{"embeddable":true,"href":"https:\/\/exceladvisor.org\/nl\/wp-json\/wp\/v2\/users\/1"}],"replies":[{"embeddable":true,"href":"https:\/\/exceladvisor.org\/nl\/wp-json\/wp\/v2\/comments?post=1525"}],"version-history":[{"count":2,"href":"https:\/\/exceladvisor.org\/nl\/wp-json\/wp\/v2\/pages\/1525\/revisions"}],"predecessor-version":[{"id":3036,"href":"https:\/\/exceladvisor.org\/nl\/wp-json\/wp\/v2\/pages\/1525\/revisions\/3036"}],"wp:attachment":[{"href":"https:\/\/exceladvisor.org\/nl\/wp-json\/wp\/v2\/media?parent=1525"}],"curies":[{"name":"wp","href":"https:\/\/api.w.org\/{rel}","templated":true}]}}