{"id":1526,"date":"2023-11-17T21:36:05","date_gmt":"2023-11-17T21:36:05","guid":{"rendered":"https:\/\/exceladvisor.org\/nl\/dynamische-tafel\/"},"modified":"2023-12-06T05:50:04","modified_gmt":"2023-12-06T05:50:04","slug":"dynamische-tafel","status":"publish","type":"page","link":"https:\/\/exceladvisor.org\/nl\/dynamische-tafel\/","title":{"rendered":"Hoe maak je een dynamische tabel in vba?"},"content":{"rendered":"<div class=\"excel-voor-de-inhoud\" id=\"excel-4042233465\"><script type=\"text\/javascript\">\r\n\tatOptions = {\r\n\t\t'key' : 'c1158f160081d6540a8409e6925dab94',\r\n\t\t'format' : 'iframe',\r\n\t\t'height' : 250,\r\n\t\t'width' : 300,\r\n\t\t'params' : {}\r\n\t};\r\n<\/script>\r\n<script type=\"text\/javascript\" src=\"\/\/www.highperformanceformat.com\/c1158f160081d6540a8409e6925dab94\/invoke.js\"><\/script><\/div> <p>Een dynamische array is iets waarbij u de grootte van de array kunt wijzigen en er meer waarde aan kunt toevoegen terwijl u de code uitvoert. In deze zelfstudie onderzoeken we manieren om code te schrijven waarbij u zowel het formaat kunt wijzigen als meer elementen kunt toevoegen.<\/p><h2 class=\"wp-block-heading\"> Maak een dynamische tabel in VBA<\/h2><ol type=\"1\"><li> Declareer eerst een array met zijn naam.<\/li><li> Daarna liet het aantal elementen de haakjes leeg.<\/li><li> Gebruik nu de ReDim-instructie.<\/li><li> Geef aan het einde het aantal elementen op dat u aan de array wilt toevoegen. <\/li><\/ol><pre class=\"wp-block-code\"> <code class=\"language-visual-basic\" lang=\"visual-basic\">Dim myArray() As String ReDim myArray(5)<\/code><\/pre><div class=\"wp-block-image\"><figure class=\"aligncenter size-large is-resized\"><img loading=\"lazy\" decoding=\"async\" class=\"wp-image-57185\" src=\"https:\/\/exceladvisor.org\/wp-content\/uploads\/2023\/08\/1-tableau-dynamique-en-vba-1.png\" sizes=\"auto, \" srcset=\"\" alt=\"dynamische array in vba\" width=\"386\" height=\"292\"><\/figure><\/div><p> Vergeet niet <a href=\"https:\/\/bytecomb.com\/vba-internals-performance-of-fixed-vs-dynamic-arrays\/\" target=\"_blank\" rel=\"noreferrer noopener nofollow\">dit artikel<\/a> van Joshua over vaste en dynamische array-prestaties te lezen.<\/p><h2 class=\"wp-block-heading\"> Dynamische multidimensionale array<\/h2><p> Het voorbeeld dat we gebruikten was een eendimensionale array en op dezelfde manier gebruik je ook de ReDim-instructie om dynamische multidimensionale arrays te maken. <\/p><pre class=\"wp-block-code\"> <code class=\"language-visual-basic\" lang=\"visual-basic\">Dim myArray() As String ReDim myArray(5, 8)<\/code><\/pre><div class=\"wp-block-image\"><figure class=\"aligncenter size-large is-resized\"><img loading=\"lazy\" decoding=\"async\" class=\"wp-image-57186\" src=\"https:\/\/exceladvisor.org\/wp-content\/uploads\/2023\/08\/2-reseau-dynamique-multidimensionnel-2.png\" sizes=\"auto, \" srcset=\"\" alt=\"\" width=\"428\" height=\"310\"><\/figure><\/div><h2 class=\"wp-block-heading\"> Voeg een nieuw element toe aan een dynamische array in VBA<\/h2><p> Een dynamische array is zinloos als u er geen nieuw element aan kunt toevoegen. In het komende voorbeeld zullen we zien hoe u nieuwe elementen kunt toevoegen nadat u het aantal elementen in een array opnieuw hebt gedefinieerd.<\/p><pre class=\"wp-block-code\"> <code class=\"language-visual-basic\" lang=\"visual-basic\">'declaring array with no element. '--------------------- Dim iNames() As String '--------------------- 'declaring variables to store counter _ 'and elements from the range. '---------------------- Dim iCount As Integer Dim iElement As Integer '---------------------- 'get the last row number to decide the _ 'number of elements for the array. '------------------------------------ iCount = Range(\"A1\").End(xlDown).Row '------------------------------------ 're-defining the elements for the array. '------------------- ReDim iNames(iCount) '------------------- 'using a for loop to add elements in the array 'from the range starting from cell A1 '-------------------------------------------------- For iElement = 1 To iCount iNames(iElement - 1) = Cells(iElement, 1).Value Next iElement '-------------------------------------------------- 'print all the elements from the 'to the immediate window '-------------------- Debug.Print iNames(0) Debug.Print iNames(1) Debug.Print iNames(2) '--------------------<\/code><\/pre><p> Laten we deze code stap voor stap begrijpen.<\/p><ol type=\"1\"><li> In de eerste stap hebt u een array gedeclareerd met de naam &#8220;myArray&#8221;.<\/li><li> Daarna heb je twee variabelen om de tellerwaarden voor de lus op te slaan, die je later in de code moet gebruiken om waarden uit het bereik te halen en die waarden als elementen aan de array toe te voegen.<\/li><li> Dan heb je een regel code om de laatste rij van het bereik te krijgen, zodat je weet welke elementen je aan de array moet toevoegen.<\/li><li> In de vierde stap gebruikte u de ReDim-instructie om de array-elementen opnieuw te defini\u00ebren met behulp van het laatste rijnummer dat u in de vorige stap had verkregen.<\/li><li> Dan heb je FOR LOOP (For Next) die door het bereik loopt, beginnend bij cel A1, daar waarden vandaan haalt en ze \u00e9\u00e9n voor \u00e9\u00e9n als elementen aan de array toevoegt.<\/li><li> Uiteindelijk heb je de Debug.Print-instructie om alle items in het <a href=\"https:\/\/exceladvisor.org\/nl\/onmiddellijke-vensterfoutopsporing-afdrukken\/\">directe venster<\/a> af te drukken. <\/li><\/ol><div class=\"wp-block-image\"><figure class=\"aligncenter size-large is-resized\"><img loading=\"lazy\" decoding=\"async\" class=\"wp-image-57187\" src=\"https:\/\/exceladvisor.org\/wp-content\/uploads\/2023\/08\/3-ajouter-un-nouvel-element-au-tableau-dynamique-3.png\" sizes=\"auto, \" srcset=\"\" alt=\"\" width=\"623\" height=\"329\"><\/figure><\/div><p> En wanneer ik een nieuwe waarde aan het bereik toevoeg en de code opnieuw uitvoer, wordt dat element automatisch aan de array toegevoegd en wordt het afgedrukt in het <a href=\"https:\/\/exceladvisor.org\/nl\/onmiddellijke-vensterfoutopsporing-afdrukken\/\">directe venster<\/a> . <\/p><div class=\"wp-block-image\"><figure class=\"aligncenter size-large is-resized\"><img loading=\"lazy\" decoding=\"async\" class=\"wp-image-57188\" src=\"https:\/\/exceladvisor.org\/wp-content\/uploads\/2023\/08\/4-ajouter-une-nouvelle-valeur-a-la-plage-4.png\" sizes=\"auto, \" srcset=\"\" alt=\"\" width=\"549\" height=\"397\"><\/figure><\/div><div class=\"gb-container gb-container-4db6181c gb-container-mt\"> <a class=\"gb-button gb-button-c5897111 gb-button-text gb-button-mt-button\" href=\"https:\/\/exceladvisor.org\/nl\/vba\/\">Wat is VBA<\/a><h2 class=\"gb-headline gb-headline-665e5f6b gb-headline-text gb-headline-mt-heading\"> Meer informatie over <a href=\"https:\/\/exceladvisor.org\/nl\/schilderijen\/\">VBA-tabellen<\/a> <\/h2><div class=\"gb-grid-wrapper gb-grid-wrapper-a20baf7c gb-grid-wrapper-mt-grid\"><div class=\"gb-grid-column gb-grid-column-65ddf67e\"><div class=\"gb-container gb-container-65ddf67e\"><ul><li> <a href=\"https:\/\/exceladvisor.org\/nl\/voeg-een-nieuwe-reeks-waarden-toe\/\">VBA Voeg nieuwe waarde toe aan array<\/a><\/li><li> <a href=\"https:\/\/exceladvisor.org\/nl\/array-grootte\/\">VBA-arraylengte (grootte)<\/a><\/li><li> <a href=\"https:\/\/exceladvisor.org\/nl\/tafel-met-kettingen\/\">VBA-array met tekenreeksen<\/a><\/li><li> <a href=\"https:\/\/exceladvisor.org\/nl\/wis-het-bord\/\">VBA Duidelijke array<\/a> <\/li><\/ul><\/div><\/div><div class=\"gb-grid-column gb-grid-column-50067b57\"><div class=\"gb-container gb-container-50067b57\"><ul><li> <a href=\"https:\/\/exceladvisor.org\/nl\/vba-lusarray\/\">VBA-lus in een array<\/a><\/li><li> <a href=\"https:\/\/exceladvisor.org\/nl\/multidimensionale-array\/\">Multidimensionale array VBA<\/a><\/li><li> <a href=\"https:\/\/exceladvisor.org\/nl\/strand-heeft-een-schilderij\/\">VBA-bereik naar een array<\/a><\/li><li> <a href=\"https:\/\/exceladvisor.org\/nl\/sorteertafel\/\">VBA-uitvoertabel<\/a><\/li><\/ul><\/div><\/div><\/div><\/div>","protected":false},"excerpt":{"rendered":"","protected":false},"author":1,"featured_media":0,"parent":0,"menu_order":0,"comment_status":"open","ping_status":"closed","template":"","meta":{"ub_ctt_via":"","footnotes":""},"class_list":["post-1526","page","type-page","status-publish","hentry"],"featured_image_src":null,"yoast_head":"<!-- This site is optimized with the Yoast SEO plugin v25.4 - https:\/\/yoast.com\/wordpress\/plugins\/seo\/ -->\n<title>\u25b7 Hoe maak ik een dynamische tabel in VBA (ReDim)?<\/title>\n<meta name=\"description\" content=\"In deze zelfstudie leert u hoe u een dynamische tabel maakt waarin u de grootte van de tabel kunt wijzigen.\" \/>\n<meta name=\"robots\" content=\"index, follow, max-snippet:-1, max-image-preview:large, max-video-preview:-1\" \/>\n<link rel=\"canonical\" href=\"https:\/\/exceladvisor.org\/nl\/dynamische-tafel\/\" \/>\n<meta property=\"og:locale\" content=\"nl_NL\" \/>\n<meta property=\"og:type\" content=\"article\" \/>\n<meta property=\"og:title\" content=\"\u25b7 Hoe maak ik een dynamische tabel in VBA (ReDim)?\" \/>\n<meta property=\"og:description\" content=\"In deze zelfstudie leert u hoe u een dynamische tabel maakt waarin u de grootte van de tabel kunt wijzigen.\" \/>\n<meta property=\"og:url\" content=\"https:\/\/exceladvisor.org\/nl\/dynamische-tafel\/\" \/>\n<meta property=\"og:site_name\" content=\"Excel Advisor\" \/>\n<meta property=\"article:modified_time\" content=\"2023-12-06T05:50:04+00:00\" \/>\n<meta property=\"og:image\" content=\"https:\/\/exceladvisor.org\/wp-content\/uploads\/2023\/08\/1-tableau-dynamique-en-vba-1.png\" \/>\n<meta name=\"twitter:card\" content=\"summary_large_image\" \/>\n<meta name=\"twitter:label1\" content=\"Geschatte leestijd\" \/>\n\t<meta name=\"twitter:data1\" content=\"3 minuten\" \/>\n<script type=\"application\/ld+json\" class=\"yoast-schema-graph\">{\"@context\":\"https:\/\/schema.org\",\"@graph\":[{\"@type\":\"WebPage\",\"@id\":\"https:\/\/exceladvisor.org\/nl\/dynamische-tafel\/\",\"url\":\"https:\/\/exceladvisor.org\/nl\/dynamische-tafel\/\",\"name\":\"\u25b7 Hoe maak ik een dynamische tabel in VBA (ReDim)?\",\"isPartOf\":{\"@id\":\"https:\/\/exceladvisor.org\/nl\/#website\"},\"primaryImageOfPage\":{\"@id\":\"https:\/\/exceladvisor.org\/nl\/dynamische-tafel\/#primaryimage\"},\"image\":{\"@id\":\"https:\/\/exceladvisor.org\/nl\/dynamische-tafel\/#primaryimage\"},\"thumbnailUrl\":\"https:\/\/exceladvisor.org\/wp-content\/uploads\/2023\/08\/1-tableau-dynamique-en-vba-1.png\",\"datePublished\":\"2023-11-17T21:36:05+00:00\",\"dateModified\":\"2023-12-06T05:50:04+00:00\",\"description\":\"In deze zelfstudie leert u hoe u een dynamische tabel maakt waarin u de grootte van de tabel kunt wijzigen.\",\"breadcrumb\":{\"@id\":\"https:\/\/exceladvisor.org\/nl\/dynamische-tafel\/#breadcrumb\"},\"inLanguage\":\"nl-NL\",\"potentialAction\":[{\"@type\":\"ReadAction\",\"target\":[\"https:\/\/exceladvisor.org\/nl\/dynamische-tafel\/\"]}]},{\"@type\":\"ImageObject\",\"inLanguage\":\"nl-NL\",\"@id\":\"https:\/\/exceladvisor.org\/nl\/dynamische-tafel\/#primaryimage\",\"url\":\"https:\/\/exceladvisor.org\/wp-content\/uploads\/2023\/08\/1-tableau-dynamique-en-vba-1.png\",\"contentUrl\":\"https:\/\/exceladvisor.org\/wp-content\/uploads\/2023\/08\/1-tableau-dynamique-en-vba-1.png\"},{\"@type\":\"BreadcrumbList\",\"@id\":\"https:\/\/exceladvisor.org\/nl\/dynamische-tafel\/#breadcrumb\",\"itemListElement\":[{\"@type\":\"ListItem\",\"position\":1,\"name\":\"Thuis\",\"item\":\"https:\/\/exceladvisor.org\/nl\/\"},{\"@type\":\"ListItem\",\"position\":2,\"name\":\"Hoe maak je een dynamische tabel in vba?\"}]},{\"@type\":\"WebSite\",\"@id\":\"https:\/\/exceladvisor.org\/nl\/#website\",\"url\":\"https:\/\/exceladvisor.org\/nl\/\",\"name\":\"Excel Advisor\",\"description\":\"Uw gids voor datadominantie\",\"publisher\":{\"@id\":\"https:\/\/exceladvisor.org\/nl\/#organization\"},\"potentialAction\":[{\"@type\":\"SearchAction\",\"target\":{\"@type\":\"EntryPoint\",\"urlTemplate\":\"https:\/\/exceladvisor.org\/nl\/?s={search_term_string}\"},\"query-input\":{\"@type\":\"PropertyValueSpecification\",\"valueRequired\":true,\"valueName\":\"search_term_string\"}}],\"inLanguage\":\"nl-NL\"},{\"@type\":\"Organization\",\"@id\":\"https:\/\/exceladvisor.org\/nl\/#organization\",\"name\":\"Excel Advisor\",\"url\":\"https:\/\/exceladvisor.org\/nl\/\",\"logo\":{\"@type\":\"ImageObject\",\"inLanguage\":\"nl-NL\",\"@id\":\"https:\/\/exceladvisor.org\/nl\/#\/schema\/logo\/image\/\",\"url\":\"https:\/\/exceladvisor.org\/nl\/wp-content\/uploads\/2023\/12\/exceladvisor.org_.png\",\"contentUrl\":\"https:\/\/exceladvisor.org\/nl\/wp-content\/uploads\/2023\/12\/exceladvisor.org_.png\",\"width\":105,\"height\":36,\"caption\":\"Excel Advisor\"},\"image\":{\"@id\":\"https:\/\/exceladvisor.org\/nl\/#\/schema\/logo\/image\/\"}}]}<\/script>\n<!-- \/ Yoast SEO plugin. -->","yoast_head_json":{"title":"\u25b7 Hoe maak ik een dynamische tabel in VBA (ReDim)?","description":"In deze zelfstudie leert u hoe u een dynamische tabel maakt waarin u de grootte van de tabel kunt wijzigen.","robots":{"index":"index","follow":"follow","max-snippet":"max-snippet:-1","max-image-preview":"max-image-preview:large","max-video-preview":"max-video-preview:-1"},"canonical":"https:\/\/exceladvisor.org\/nl\/dynamische-tafel\/","og_locale":"nl_NL","og_type":"article","og_title":"\u25b7 Hoe maak ik een dynamische tabel in VBA (ReDim)?","og_description":"In deze zelfstudie leert u hoe u een dynamische tabel maakt waarin u de grootte van de tabel kunt wijzigen.","og_url":"https:\/\/exceladvisor.org\/nl\/dynamische-tafel\/","og_site_name":"Excel Advisor","article_modified_time":"2023-12-06T05:50:04+00:00","og_image":[{"url":"https:\/\/exceladvisor.org\/wp-content\/uploads\/2023\/08\/1-tableau-dynamique-en-vba-1.png","type":"","width":"","height":""}],"twitter_card":"summary_large_image","twitter_misc":{"Geschatte leestijd":"3 minuten"},"schema":{"@context":"https:\/\/schema.org","@graph":[{"@type":"WebPage","@id":"https:\/\/exceladvisor.org\/nl\/dynamische-tafel\/","url":"https:\/\/exceladvisor.org\/nl\/dynamische-tafel\/","name":"\u25b7 Hoe maak ik een dynamische tabel in VBA (ReDim)?","isPartOf":{"@id":"https:\/\/exceladvisor.org\/nl\/#website"},"primaryImageOfPage":{"@id":"https:\/\/exceladvisor.org\/nl\/dynamische-tafel\/#primaryimage"},"image":{"@id":"https:\/\/exceladvisor.org\/nl\/dynamische-tafel\/#primaryimage"},"thumbnailUrl":"https:\/\/exceladvisor.org\/wp-content\/uploads\/2023\/08\/1-tableau-dynamique-en-vba-1.png","datePublished":"2023-11-17T21:36:05+00:00","dateModified":"2023-12-06T05:50:04+00:00","description":"In deze zelfstudie leert u hoe u een dynamische tabel maakt waarin u de grootte van de tabel kunt wijzigen.","breadcrumb":{"@id":"https:\/\/exceladvisor.org\/nl\/dynamische-tafel\/#breadcrumb"},"inLanguage":"nl-NL","potentialAction":[{"@type":"ReadAction","target":["https:\/\/exceladvisor.org\/nl\/dynamische-tafel\/"]}]},{"@type":"ImageObject","inLanguage":"nl-NL","@id":"https:\/\/exceladvisor.org\/nl\/dynamische-tafel\/#primaryimage","url":"https:\/\/exceladvisor.org\/wp-content\/uploads\/2023\/08\/1-tableau-dynamique-en-vba-1.png","contentUrl":"https:\/\/exceladvisor.org\/wp-content\/uploads\/2023\/08\/1-tableau-dynamique-en-vba-1.png"},{"@type":"BreadcrumbList","@id":"https:\/\/exceladvisor.org\/nl\/dynamische-tafel\/#breadcrumb","itemListElement":[{"@type":"ListItem","position":1,"name":"Thuis","item":"https:\/\/exceladvisor.org\/nl\/"},{"@type":"ListItem","position":2,"name":"Hoe maak je een dynamische tabel in vba?"}]},{"@type":"WebSite","@id":"https:\/\/exceladvisor.org\/nl\/#website","url":"https:\/\/exceladvisor.org\/nl\/","name":"Excel Advisor","description":"Uw gids voor datadominantie","publisher":{"@id":"https:\/\/exceladvisor.org\/nl\/#organization"},"potentialAction":[{"@type":"SearchAction","target":{"@type":"EntryPoint","urlTemplate":"https:\/\/exceladvisor.org\/nl\/?s={search_term_string}"},"query-input":{"@type":"PropertyValueSpecification","valueRequired":true,"valueName":"search_term_string"}}],"inLanguage":"nl-NL"},{"@type":"Organization","@id":"https:\/\/exceladvisor.org\/nl\/#organization","name":"Excel Advisor","url":"https:\/\/exceladvisor.org\/nl\/","logo":{"@type":"ImageObject","inLanguage":"nl-NL","@id":"https:\/\/exceladvisor.org\/nl\/#\/schema\/logo\/image\/","url":"https:\/\/exceladvisor.org\/nl\/wp-content\/uploads\/2023\/12\/exceladvisor.org_.png","contentUrl":"https:\/\/exceladvisor.org\/nl\/wp-content\/uploads\/2023\/12\/exceladvisor.org_.png","width":105,"height":36,"caption":"Excel Advisor"},"image":{"@id":"https:\/\/exceladvisor.org\/nl\/#\/schema\/logo\/image\/"}}]}},"yoast_meta":{"yoast_wpseo_title":"","yoast_wpseo_metadesc":"","yoast_wpseo_canonical":""},"_links":{"self":[{"href":"https:\/\/exceladvisor.org\/nl\/wp-json\/wp\/v2\/pages\/1526","targetHints":{"allow":["GET"]}}],"collection":[{"href":"https:\/\/exceladvisor.org\/nl\/wp-json\/wp\/v2\/pages"}],"about":[{"href":"https:\/\/exceladvisor.org\/nl\/wp-json\/wp\/v2\/types\/page"}],"author":[{"embeddable":true,"href":"https:\/\/exceladvisor.org\/nl\/wp-json\/wp\/v2\/users\/1"}],"replies":[{"embeddable":true,"href":"https:\/\/exceladvisor.org\/nl\/wp-json\/wp\/v2\/comments?post=1526"}],"version-history":[{"count":1,"href":"https:\/\/exceladvisor.org\/nl\/wp-json\/wp\/v2\/pages\/1526\/revisions"}],"predecessor-version":[{"id":2671,"href":"https:\/\/exceladvisor.org\/nl\/wp-json\/wp\/v2\/pages\/1526\/revisions\/2671"}],"wp:attachment":[{"href":"https:\/\/exceladvisor.org\/nl\/wp-json\/wp\/v2\/media?parent=1526"}],"curies":[{"name":"wp","href":"https:\/\/api.w.org\/{rel}","templated":true}]}}