{"id":1532,"date":"2023-11-17T17:16:59","date_gmt":"2023-11-17T17:16:59","guid":{"rendered":"https:\/\/exceladvisor.org\/nl\/expliciete-optie-2\/"},"modified":"2023-12-06T05:48:30","modified_gmt":"2023-12-06T05:48:30","slug":"expliciete-optie-2","status":"publish","type":"page","link":"https:\/\/exceladvisor.org\/nl\/expliciete-optie-2\/","title":{"rendered":"Hoe gebruik ik een expliciete optieverklaring in vba?"},"content":{"rendered":"<div class=\"excel-voor-de-inhoud\" id=\"excel-809096550\"><script type=\"text\/javascript\">\r\n\tatOptions = {\r\n\t\t'key' : 'c1158f160081d6540a8409e6925dab94',\r\n\t\t'format' : 'iframe',\r\n\t\t'height' : 250,\r\n\t\t'width' : 300,\r\n\t\t'params' : {}\r\n\t};\r\n<\/script>\r\n<script type=\"text\/javascript\" src=\"\/\/www.highperformanceformat.com\/c1158f160081d6540a8409e6925dab94\/invoke.js\"><\/script><\/div> <h2 class=\"wp-block-heading\">Belangrijkste punten<\/h2><ul><li> Voor de optie Expliciet moet u alle <a href=\"https:\/\/exceladvisor.org\/nl\/variabelen\/\">variabelen<\/a> declareren.<\/li><li> Dit is een declaratie die u kunt gebruiken bij de start van een <a href=\"https:\/\/exceladvisor.org\/nl\/module\/\">module<\/a> .<\/li><li> U kunt het handmatig invoeren of inschakelen via de opties.<\/li><li> U hoeft Option Explicit slechts \u00e9\u00e9n keer te gebruiken.<\/li><li> Het helpt u ook bij het identificeren van <a href=\"https:\/\/exceladvisor.org\/nl\/foutafhandeling\/\">typefouten<\/a> bij het gebruik van variabelen.<\/li><\/ul><h2 class=\"wp-block-heading\"> Wat is een expliciete VBA-optie<\/h2><p> Option Explicit is een statement dat u aan het begin van een module kunt gebruiken om u te dwingen alle variabelen te declareren. Wanneer u deze verklaring toevoegt, toont VBA u een compilatiefout wanneer u de code uitvoert en wordt ook de variabele in de code gemarkeerd die u moet declareren. <\/p><div class=\"wp-block-image\"><figure class=\"aligncenter size-large is-resized\"><img loading=\"lazy\" decoding=\"async\" class=\"wp-image-49733\" src=\"https:\/\/exceladvisor.org\/wp-content\/uploads\/2023\/08\/1-option-vba-explicite.png\" sizes=\"auto, \" srcset=\"\" alt=\"vba-optie-expliciet\" width=\"325\" height=\"127\"><\/figure><\/div><p> Wanneer u aan het begin van een module een expliciete optie toevoegt, voegt VBA daaronder een scheidingslijn toe, waarna u kunt beginnen met het schrijven van een procedure. En als u de expliciete declaratieoptie heeft en u een procedure uitvoert, controleert VBA of er een niet-gedeclareerde variabele is en krijgt u een foutmelding. <\/p><pre class=\"wp-block-code\"> <code class=\"language-visual-basic\" lang=\"visual-basic\">Option Explicit Sub myMacro() a = 50 MsgBox a End Sub<\/code><\/pre><div class=\"wp-block-image\"><figure class=\"aligncenter size-large is-resized\"><img loading=\"lazy\" decoding=\"async\" class=\"wp-image-49734\" src=\"https:\/\/exceladvisor.org\/wp-content\/uploads\/2023\/08\/2-vba-ajoute-une-ligne-de-separation.png\" sizes=\"auto, \" srcset=\"\" alt=\"vba-scheidingsregel toevoegen\" width=\"387\" height=\"218\"><\/figure><\/div><p> Hierboven ziet u het bericht dat u krijgt als een variabele niet is gedeclareerd.<\/p><h2 class=\"wp-block-heading\"> Schakel expliciete optie in VBA in<\/h2><p> <strong>Volg deze stappen om een expliciete optie-instructie in een module in te schakelen.<\/strong><\/p><ol><li> Open eerst Visual Basic Editor en klik in het menu Extra op Opties. <br><img loading=\"lazy\" decoding=\"async\" title=\"3-opties-expliciet-in-vba inschakelen\" src=\"https:\/\/exceladvisor.org\/wp-content\/uploads\/2023\/08\/3-activer-loption-explicite-dans-vba.png\" sizes=\"auto, \" srcset=\"\" alt=\"activate-option-explicit-in-vba\" width=\"521\" height=\"210\"><\/li><li> Ga daarna in de opties naar het tabblad Editor en vink het vakje &#8220;Variabeledeclaratie vereisen&#8221; aan. <br><img loading=\"lazy\" decoding=\"async\" title=\"4-tab-editor-en-vinkje\" src=\"https:\/\/exceladvisor.org\/wp-content\/uploads\/2023\/08\/4-onglet-de-lediteur-et-coche.png\" sizes=\"auto, \" srcset=\"\" alt=\"editor-tab-and-tick-mark\" width=\"525\" height=\"373\"><\/li><li> Klik aan het einde op OK.<\/li><li> Zodra u dit doet, voegt VBA elke keer dat u een nieuwe module toevoegt een expliciete optie toe.<\/li><\/ol><p> Maar het voegt deze declaratie niet toe aan uw bestaande module, dus u moet ze handmatig \u00e9\u00e9n voor \u00e9\u00e9n aan elk van de bestaande modules toevoegen.<\/p><h2 class=\"wp-block-heading\"> Hoe handmatig toevoegen?<\/h2><p> Zoals ik al zei, moet de Option Explicit-instructie v\u00f3\u00f3r de eerste moduleprocedure (Sub of Function) komen. U moet deze aangifte dus toevoegen boven de eerste procedure (gedeelte Algemene aangiften) en zorg ervoor dat u deze slechts \u00e9\u00e9n keer toevoegt. <\/p><div class=\"wp-block-image\"><figure class=\"aligncenter size-large is-resized\"><img loading=\"lazy\" decoding=\"async\" class=\"wp-image-49738\" src=\"https:\/\/exceladvisor.org\/wp-content\/uploads\/2023\/08\/5-zones-de-declarations-generales.png\" sizes=\"auto, \" srcset=\"\" alt=\"algemene-verklaringen-gebied\" width=\"344\" height=\"392\"><\/figure><\/div><p> Als u het binnen een procedure of tussen twee procedures toevoegt, toont VBA u een foutmelding wanneer u een van de modulecodes probeert uit te voeren. <\/p><div class=\"wp-block-image\"><figure class=\"aligncenter size-large is-resized\"><img loading=\"lazy\" decoding=\"async\" class=\"wp-image-49739\" src=\"https:\/\/exceladvisor.org\/wp-content\/uploads\/2023\/08\/6-vba-vous-montrera-une-erreur.png\" sizes=\"auto, \" srcset=\"\" alt=\"vba-zal-je-een-fout laten zien\" width=\"488\" height=\"305\"><\/figure><\/div><h2 class=\"wp-block-heading\"> Voorbeelden (Waarom het gebruik van Option Explicit Statement een goede gewoonte is)<\/h2><p> Ik zal u een voorbeeld laten zien om u te laten begrijpen waarom de Option Explicit-verklaring ten zeerste wordt aanbevolen. Kijk naar de volgende code.<\/p><pre class=\"wp-block-code\"> <code class=\"language-visual-basic\" lang=\"visual-basic\">Sub myMacro() Dim myText As String myText = \"Puneet\" MsgBox MyTxt End Sub<\/code><\/pre><p> In deze code heb ik een variabele &#8220;myText&#8221; gedeclareerd als een string en vervolgens de waarde van deze variabele ingesteld. En aan het einde gebruikte ik een <a href=\"https:\/\/exceladvisor.org\/nl\/vba-berichtbox\/\">berichtvenster<\/a> waarin de waarde van de variabele werd weergegeven, maar als je goed kijkt, heb ik deze variabele verkeerd gespeld als &#8220;MyTxt&#8221; in plaats van &#8220;myText&#8221;. <\/p><div class=\"wp-block-image\"><figure class=\"aligncenter size-large is-resized\"><img loading=\"lazy\" decoding=\"async\" class=\"wp-image-49740\" src=\"https:\/\/exceladvisor.org\/wp-content\/uploads\/2023\/08\/7-a-declare-une-variable.png\" sizes=\"auto, \" srcset=\"\" alt=\"gedeclareerde variabele\" width=\"284\" height=\"219\"><\/figure><\/div><p> Als ik nu <a href=\"https:\/\/exceladvisor.org\/nl\/voer-een-macro-uit-2\/\">deze code<\/a> uitvoer, wordt er een leeg <a href=\"https:\/\/exceladvisor.org\/nl\/vba-berichtbox\/\">berichtvenster<\/a> weergegeven. <\/p><div class=\"wp-block-image\"><figure class=\"aligncenter size-large is-resized\"><img loading=\"lazy\" decoding=\"async\" class=\"wp-image-49741\" src=\"https:\/\/exceladvisor.org\/wp-content\/uploads\/2023\/08\/8-boite-de-message-vide.png\" sizes=\"auto, \" srcset=\"\" alt=\"leeg berichtenvenster\" width=\"136\" height=\"146\"><\/figure><\/div><p> Ik heb uw twee minuten nodig om u te helpen het echte probleem hier te begrijpen. Toen ik de naam van de variabele verkeerd typte, beschouwt VBA deze als een afzonderlijke variabele, en aangezien ik de expliciete optie-instructie niet gebruik, wordt er geen fout weergegeven. <\/p><div class=\"wp-block-image\"><figure class=\"aligncenter size-large is-resized\"><img loading=\"lazy\" decoding=\"async\" class=\"wp-image-49742\" src=\"https:\/\/exceladvisor.org\/wp-content\/uploads\/2023\/08\/9-mal-tape-le-nom-de-la-variable.png\" sizes=\"auto, \" srcset=\"\" alt=\"typfout in de naam van de variabele\" width=\"278\" height=\"184\"><\/figure><\/div><p> Dit is de reden waarom het berichtvenster de tweede (verkeerd getypte) variabele gebruikt waaraan geen waarde is toegewezen. Denk nu even na; Als u lange code schrijft en geen expliciete optie-instructies gebruikt, zal het moeilijk zijn om deze fout te traceren totdat u alle code opnieuw hebt gelezen.<\/p><p> Maar als de expliciete declaratieoptie AAN staat, krijg ik een foutmelding wanneer ik deze code uitvoer. <\/p><div class=\"wp-block-image\"><figure class=\"aligncenter size-large is-resized\"><img loading=\"lazy\" decoding=\"async\" class=\"wp-image-49743\" src=\"https:\/\/exceladvisor.org\/wp-content\/uploads\/2023\/08\/10-utiliser-loption-explicite.png\" sizes=\"auto, \" srcset=\"\" alt=\"gebruik-optie-expliciet\" width=\"540\" height=\"293\"><\/figure><\/div><pre class=\"wp-block-code\"> <code class=\"language-visual-basic\" lang=\"visual-basic\">Option Explicit Sub myMacro() Dim myText As String myText = \"Puneet\" MsgBox MyTxt End Sub<\/code><\/pre><div class=\"gb-container gb-container-4db6181c gb-container-mt\"> <a class=\"gb-button gb-button-c5897111 gb-button-text gb-button-mt-button\" href=\"https:\/\/exceladvisor.org\/nl\/vba\/\">Wat is VBA<\/a><h2 class=\"gb-headline gb-headline-665e5f6b gb-headline-text gb-headline-mt-heading\"> Gerelateerde tutorials <\/h2><div class=\"gb-grid-wrapper gb-grid-wrapper-a20baf7c gb-grid-wrapper-mt-grid\"><div class=\"gb-grid-column gb-grid-column-65ddf67e\"><div class=\"gb-container gb-container-65ddf67e\"><ul><li> <a href=\"https:\/\/exceladvisor.org\/nl\/globale-variabele\/\">Declareer een globale (openbare) variabele in VBA<\/a><\/li><li> <a href=\"https:\/\/exceladvisor.org\/nl\/variabel-bereik\/\">Gebruik een bereik of cel als variabele in VBA<\/a><\/li><li> <a href=\"https:\/\/exceladvisor.org\/nl\/variabel-berichtenvenster\/\">Variabele in een berichtvenster<\/a><\/li><li> <a href=\"https:\/\/exceladvisor.org\/nl\/constanten\/\">Constante VBA<\/a><\/li><li> <a href=\"https:\/\/exceladvisor.org\/nl\/zwak\/\">Dim VBA-instructie<\/a> <\/li><\/ul><\/div><\/div><div class=\"gb-grid-column gb-grid-column-50067b57\"><div class=\"gb-container gb-container-50067b57\"><\/div><\/div><\/div><\/div>","protected":false},"excerpt":{"rendered":"","protected":false},"author":1,"featured_media":0,"parent":0,"menu_order":0,"comment_status":"open","ping_status":"closed","template":"","meta":{"ub_ctt_via":"","footnotes":""},"class_list":["post-1532","page","type-page","status-publish","hentry"],"featured_image_src":null,"yoast_head":"<!-- This site is optimized with the Yoast SEO plugin v25.4 - https:\/\/yoast.com\/wordpress\/plugins\/seo\/ -->\n<title>\u25b7 Hoe gebruik ik een expliciete optieverklaring in VBA?<\/title>\n<meta name=\"description\" content=\"De expliciete optie is een statement dat u aan het begin van een module kunt gebruiken om u te dwingen alle variabelen te declareren. Wanneer\" \/>\n<meta name=\"robots\" content=\"index, follow, max-snippet:-1, max-image-preview:large, max-video-preview:-1\" \/>\n<link rel=\"canonical\" href=\"https:\/\/exceladvisor.org\/nl\/expliciete-optie-2\/\" \/>\n<meta property=\"og:locale\" content=\"nl_NL\" \/>\n<meta property=\"og:type\" content=\"article\" \/>\n<meta property=\"og:title\" content=\"\u25b7 Hoe gebruik ik een expliciete optieverklaring in VBA?\" \/>\n<meta property=\"og:description\" content=\"De expliciete optie is een statement dat u aan het begin van een module kunt gebruiken om u te dwingen alle variabelen te declareren. Wanneer\" \/>\n<meta property=\"og:url\" content=\"https:\/\/exceladvisor.org\/nl\/expliciete-optie-2\/\" \/>\n<meta property=\"og:site_name\" content=\"Excel Advisor\" \/>\n<meta property=\"article:modified_time\" content=\"2023-12-06T05:48:30+00:00\" \/>\n<meta property=\"og:image\" content=\"https:\/\/exceladvisor.org\/wp-content\/uploads\/2023\/08\/1-option-vba-explicite.png\" \/>\n<meta name=\"twitter:card\" content=\"summary_large_image\" \/>\n<meta name=\"twitter:label1\" content=\"Geschatte leestijd\" \/>\n\t<meta name=\"twitter:data1\" content=\"3 minuten\" \/>\n<script type=\"application\/ld+json\" class=\"yoast-schema-graph\">{\"@context\":\"https:\/\/schema.org\",\"@graph\":[{\"@type\":\"WebPage\",\"@id\":\"https:\/\/exceladvisor.org\/nl\/expliciete-optie-2\/\",\"url\":\"https:\/\/exceladvisor.org\/nl\/expliciete-optie-2\/\",\"name\":\"\u25b7 Hoe gebruik ik een expliciete optieverklaring in VBA?\",\"isPartOf\":{\"@id\":\"https:\/\/exceladvisor.org\/nl\/#website\"},\"primaryImageOfPage\":{\"@id\":\"https:\/\/exceladvisor.org\/nl\/expliciete-optie-2\/#primaryimage\"},\"image\":{\"@id\":\"https:\/\/exceladvisor.org\/nl\/expliciete-optie-2\/#primaryimage\"},\"thumbnailUrl\":\"https:\/\/exceladvisor.org\/wp-content\/uploads\/2023\/08\/1-option-vba-explicite.png\",\"datePublished\":\"2023-11-17T17:16:59+00:00\",\"dateModified\":\"2023-12-06T05:48:30+00:00\",\"description\":\"De expliciete optie is een statement dat u aan het begin van een module kunt gebruiken om u te dwingen alle variabelen te declareren. Wanneer\",\"breadcrumb\":{\"@id\":\"https:\/\/exceladvisor.org\/nl\/expliciete-optie-2\/#breadcrumb\"},\"inLanguage\":\"nl-NL\",\"potentialAction\":[{\"@type\":\"ReadAction\",\"target\":[\"https:\/\/exceladvisor.org\/nl\/expliciete-optie-2\/\"]}]},{\"@type\":\"ImageObject\",\"inLanguage\":\"nl-NL\",\"@id\":\"https:\/\/exceladvisor.org\/nl\/expliciete-optie-2\/#primaryimage\",\"url\":\"https:\/\/exceladvisor.org\/wp-content\/uploads\/2023\/08\/1-option-vba-explicite.png\",\"contentUrl\":\"https:\/\/exceladvisor.org\/wp-content\/uploads\/2023\/08\/1-option-vba-explicite.png\"},{\"@type\":\"BreadcrumbList\",\"@id\":\"https:\/\/exceladvisor.org\/nl\/expliciete-optie-2\/#breadcrumb\",\"itemListElement\":[{\"@type\":\"ListItem\",\"position\":1,\"name\":\"Thuis\",\"item\":\"https:\/\/exceladvisor.org\/nl\/\"},{\"@type\":\"ListItem\",\"position\":2,\"name\":\"Hoe gebruik ik een expliciete optieverklaring in vba?\"}]},{\"@type\":\"WebSite\",\"@id\":\"https:\/\/exceladvisor.org\/nl\/#website\",\"url\":\"https:\/\/exceladvisor.org\/nl\/\",\"name\":\"Excel Advisor\",\"description\":\"Uw gids voor datadominantie\",\"publisher\":{\"@id\":\"https:\/\/exceladvisor.org\/nl\/#organization\"},\"potentialAction\":[{\"@type\":\"SearchAction\",\"target\":{\"@type\":\"EntryPoint\",\"urlTemplate\":\"https:\/\/exceladvisor.org\/nl\/?s={search_term_string}\"},\"query-input\":{\"@type\":\"PropertyValueSpecification\",\"valueRequired\":true,\"valueName\":\"search_term_string\"}}],\"inLanguage\":\"nl-NL\"},{\"@type\":\"Organization\",\"@id\":\"https:\/\/exceladvisor.org\/nl\/#organization\",\"name\":\"Excel Advisor\",\"url\":\"https:\/\/exceladvisor.org\/nl\/\",\"logo\":{\"@type\":\"ImageObject\",\"inLanguage\":\"nl-NL\",\"@id\":\"https:\/\/exceladvisor.org\/nl\/#\/schema\/logo\/image\/\",\"url\":\"https:\/\/exceladvisor.org\/nl\/wp-content\/uploads\/2023\/12\/exceladvisor.org_.png\",\"contentUrl\":\"https:\/\/exceladvisor.org\/nl\/wp-content\/uploads\/2023\/12\/exceladvisor.org_.png\",\"width\":105,\"height\":36,\"caption\":\"Excel Advisor\"},\"image\":{\"@id\":\"https:\/\/exceladvisor.org\/nl\/#\/schema\/logo\/image\/\"}}]}<\/script>\n<!-- \/ Yoast SEO plugin. -->","yoast_head_json":{"title":"\u25b7 Hoe gebruik ik een expliciete optieverklaring in VBA?","description":"De expliciete optie is een statement dat u aan het begin van een module kunt gebruiken om u te dwingen alle variabelen te declareren. Wanneer","robots":{"index":"index","follow":"follow","max-snippet":"max-snippet:-1","max-image-preview":"max-image-preview:large","max-video-preview":"max-video-preview:-1"},"canonical":"https:\/\/exceladvisor.org\/nl\/expliciete-optie-2\/","og_locale":"nl_NL","og_type":"article","og_title":"\u25b7 Hoe gebruik ik een expliciete optieverklaring in VBA?","og_description":"De expliciete optie is een statement dat u aan het begin van een module kunt gebruiken om u te dwingen alle variabelen te declareren. Wanneer","og_url":"https:\/\/exceladvisor.org\/nl\/expliciete-optie-2\/","og_site_name":"Excel Advisor","article_modified_time":"2023-12-06T05:48:30+00:00","og_image":[{"url":"https:\/\/exceladvisor.org\/wp-content\/uploads\/2023\/08\/1-option-vba-explicite.png","type":"","width":"","height":""}],"twitter_card":"summary_large_image","twitter_misc":{"Geschatte leestijd":"3 minuten"},"schema":{"@context":"https:\/\/schema.org","@graph":[{"@type":"WebPage","@id":"https:\/\/exceladvisor.org\/nl\/expliciete-optie-2\/","url":"https:\/\/exceladvisor.org\/nl\/expliciete-optie-2\/","name":"\u25b7 Hoe gebruik ik een expliciete optieverklaring in VBA?","isPartOf":{"@id":"https:\/\/exceladvisor.org\/nl\/#website"},"primaryImageOfPage":{"@id":"https:\/\/exceladvisor.org\/nl\/expliciete-optie-2\/#primaryimage"},"image":{"@id":"https:\/\/exceladvisor.org\/nl\/expliciete-optie-2\/#primaryimage"},"thumbnailUrl":"https:\/\/exceladvisor.org\/wp-content\/uploads\/2023\/08\/1-option-vba-explicite.png","datePublished":"2023-11-17T17:16:59+00:00","dateModified":"2023-12-06T05:48:30+00:00","description":"De expliciete optie is een statement dat u aan het begin van een module kunt gebruiken om u te dwingen alle variabelen te declareren. Wanneer","breadcrumb":{"@id":"https:\/\/exceladvisor.org\/nl\/expliciete-optie-2\/#breadcrumb"},"inLanguage":"nl-NL","potentialAction":[{"@type":"ReadAction","target":["https:\/\/exceladvisor.org\/nl\/expliciete-optie-2\/"]}]},{"@type":"ImageObject","inLanguage":"nl-NL","@id":"https:\/\/exceladvisor.org\/nl\/expliciete-optie-2\/#primaryimage","url":"https:\/\/exceladvisor.org\/wp-content\/uploads\/2023\/08\/1-option-vba-explicite.png","contentUrl":"https:\/\/exceladvisor.org\/wp-content\/uploads\/2023\/08\/1-option-vba-explicite.png"},{"@type":"BreadcrumbList","@id":"https:\/\/exceladvisor.org\/nl\/expliciete-optie-2\/#breadcrumb","itemListElement":[{"@type":"ListItem","position":1,"name":"Thuis","item":"https:\/\/exceladvisor.org\/nl\/"},{"@type":"ListItem","position":2,"name":"Hoe gebruik ik een expliciete optieverklaring in vba?"}]},{"@type":"WebSite","@id":"https:\/\/exceladvisor.org\/nl\/#website","url":"https:\/\/exceladvisor.org\/nl\/","name":"Excel Advisor","description":"Uw gids voor datadominantie","publisher":{"@id":"https:\/\/exceladvisor.org\/nl\/#organization"},"potentialAction":[{"@type":"SearchAction","target":{"@type":"EntryPoint","urlTemplate":"https:\/\/exceladvisor.org\/nl\/?s={search_term_string}"},"query-input":{"@type":"PropertyValueSpecification","valueRequired":true,"valueName":"search_term_string"}}],"inLanguage":"nl-NL"},{"@type":"Organization","@id":"https:\/\/exceladvisor.org\/nl\/#organization","name":"Excel Advisor","url":"https:\/\/exceladvisor.org\/nl\/","logo":{"@type":"ImageObject","inLanguage":"nl-NL","@id":"https:\/\/exceladvisor.org\/nl\/#\/schema\/logo\/image\/","url":"https:\/\/exceladvisor.org\/nl\/wp-content\/uploads\/2023\/12\/exceladvisor.org_.png","contentUrl":"https:\/\/exceladvisor.org\/nl\/wp-content\/uploads\/2023\/12\/exceladvisor.org_.png","width":105,"height":36,"caption":"Excel Advisor"},"image":{"@id":"https:\/\/exceladvisor.org\/nl\/#\/schema\/logo\/image\/"}}]}},"yoast_meta":{"yoast_wpseo_title":"","yoast_wpseo_metadesc":"","yoast_wpseo_canonical":""},"_links":{"self":[{"href":"https:\/\/exceladvisor.org\/nl\/wp-json\/wp\/v2\/pages\/1532","targetHints":{"allow":["GET"]}}],"collection":[{"href":"https:\/\/exceladvisor.org\/nl\/wp-json\/wp\/v2\/pages"}],"about":[{"href":"https:\/\/exceladvisor.org\/nl\/wp-json\/wp\/v2\/types\/page"}],"author":[{"embeddable":true,"href":"https:\/\/exceladvisor.org\/nl\/wp-json\/wp\/v2\/users\/1"}],"replies":[{"embeddable":true,"href":"https:\/\/exceladvisor.org\/nl\/wp-json\/wp\/v2\/comments?post=1532"}],"version-history":[{"count":1,"href":"https:\/\/exceladvisor.org\/nl\/wp-json\/wp\/v2\/pages\/1532\/revisions"}],"predecessor-version":[{"id":2537,"href":"https:\/\/exceladvisor.org\/nl\/wp-json\/wp\/v2\/pages\/1532\/revisions\/2537"}],"wp:attachment":[{"href":"https:\/\/exceladvisor.org\/nl\/wp-json\/wp\/v2\/media?parent=1532"}],"curies":[{"name":"wp","href":"https:\/\/api.w.org\/{rel}","templated":true}]}}