{"id":1535,"date":"2023-11-17T15:38:17","date_gmt":"2023-11-17T15:38:17","guid":{"rendered":"https:\/\/exceladvisor.org\/nl\/voor-de-lus\/"},"modified":"2023-12-06T05:53:02","modified_gmt":"2023-12-06T05:53:02","slug":"voor-de-lus","status":"publish","type":"page","link":"https:\/\/exceladvisor.org\/nl\/voor-de-lus\/","title":{"rendered":"Vba for loop (voor volgende, voor elke)"},"content":{"rendered":"<div class=\"excel-voor-de-inhoud\" id=\"excel-1467136620\"><script type=\"text\/javascript\">\r\n\tatOptions = {\r\n\t\t'key' : 'c1158f160081d6540a8409e6925dab94',\r\n\t\t'format' : 'iframe',\r\n\t\t'height' : 250,\r\n\t\t'width' : 300,\r\n\t\t'params' : {}\r\n\t};\r\n<\/script>\r\n<script type=\"text\/javascript\" src=\"\/\/www.highperformanceformat.com\/c1158f160081d6540a8409e6925dab94\/invoke.js\"><\/script><\/div> <p class=\"wp-block-heading\"><strong>Belangrijkste punten<\/strong><\/p><ul class=\"link\"><li> VBA For-lussen zijn vaste lustypen.<\/li><li> Het is niet mogelijk om een van deze loops te gebruiken bij <a href=\"https:\/\/exceladvisor.org\/nl\/een-macro-opnemen\/\">het opnemen van een macro<\/a> .<\/li><\/ul><h2 class=\"wp-block-heading\"> Voor de volgende lus<\/h2><p> VBA FOR NEXT is een vaste lus die een teller gebruikt om iteraties uit te voeren. Simpel gezegd: u moet het aantal keren opgeven dat u de lus wilt uitvoeren, en zodra dat aantal lussen is bereikt, stopt deze automatisch. Daarom is het een vaste lus en het populairst onder VBA-ontwikkelaars.<\/p><h3 class=\"wp-block-heading\"> Syntaxis<\/h3><p> Hier is de syntaxis van de VBA For Next-lus: <\/p><pre class=\"wp-block-code\"> <code class=\"language-visual-basic\" lang=\"visual-basic\">For counter = Start To End [Step stepsize] [statements] Next [counter]<\/code><\/pre><div class=\"wp-block-image\"><figure class=\"aligncenter size-large is-resized\"><img loading=\"lazy\" decoding=\"async\" class=\"wp-image-51813\" src=\"https:\/\/exceladvisor.org\/wp-content\/uploads\/2023\/08\/1-pour-le-compteur-du-debut-a-la-fin.png\" sizes=\"auto, \" srcset=\"\" alt=\"voor-tegen-begin-tot-eind\" width=\"551\" height=\"192\"><\/figure><\/div><ol type=\"1\"><li> <strong>Teller<\/strong> : Het is een variabele die het aantal herhalingen opslaat en de waarde ervan bij elke herhaling verhoogt. Als de lus zich bijvoorbeeld in de vijfde iteratie bevindt, zal de tellerwaarde vijf zijn, en zodra de lus de instructie voor de vijfde iteratie uitvoert, verandert de tellerwaarde naar zes.<\/li><li> <strong>Start<\/strong> : Het is een numerieke variabele die de startwaarde van de teller opslaat.<\/li><li> <strong>Einde<\/strong> : Het is een numerieke variabele die de uiteindelijke waarde van de teller opslaat.<\/li><li> <strong>Stapgrootte<\/strong> : Deze variabele specificeert een grote toename of afname van de tellerwaarde. Standaard is de stapgrootte \u00e9\u00e9n, maar u kunt ook elke positieve of negatieve waarde gebruiken.<\/li><li> <strong>Verklaring<\/strong> : Dit is een set code die u wilt uitvoeren bij elke iteratie van de For Next-lus.<\/li><li> <strong>Volgende<\/strong> : Dit is de eindinstructie voor een iteratie van de lus en gebruikt de tellerwaarde om VBA te vertellen de lus te herhalen en zodra de teller de eindwaarde bereikt, be\u00ebindigt hij de lus.<\/li><\/ol><h3 class=\"wp-block-heading\"> Voorbeeld om te begrijpen voor de volgende lus<\/h3><p> Laten we, om te begrijpen hoe we het voor de volgende lus kunnen gebruiken, een eenvoudige code schrijven om serienummers in een kolom toe te voegen.<\/p><p class=\"link\"> <strong>Laat me er wat dieper op ingaan:<\/strong> we moeten een code schrijven die \u00e9\u00e9n voor \u00e9\u00e9n van de geselecteerde cel naar de volgende tien cellen kan gaan en alleen serienummers kunnen toevoegen in de onderstaande momentopname. <\/p><div class=\"wp-block-image\"><figure class=\"aligncenter size-large is-resized\"><img loading=\"lazy\" decoding=\"async\" class=\"wp-image-51814\" src=\"https:\/\/exceladvisor.org\/wp-content\/uploads\/2023\/08\/2-exemple-a-comprendre-pour-la-prochaine-boucle.png\" sizes=\"auto, \" srcset=\"\" alt=\"voorbeeld-om-te-begrijpen-voor-de-volgende-lus\" width=\"231\" height=\"263\"><\/figure><\/div><p> <strong>Om For Next Loop te gebruiken, kun je de volgende stappen volgen:<\/strong><\/p><ol><li> Eerst moet u een variabele declareren die u kunt gebruiken om de tellerwaarde op te slaan. <br><img loading=\"lazy\" decoding=\"async\" title=\"3-declareer-een-variabele\" src=\"https:\/\/exceladvisor.org\/wp-content\/uploads\/2023\/08\/3-declarer-une-variable.png\" sizes=\"auto, \" srcset=\"\" alt=\"declare-a-variable\" width=\"352\" height=\"254\"><\/li><li> Vervolgens moeten we de tellerwaarde aan de variabele toewijzen. <br><img loading=\"lazy\" decoding=\"async\" title=\"4-toewijzen-tegenwaarde\" src=\"https:\/\/exceladvisor.org\/wp-content\/uploads\/2023\/08\/4-affecter-la-valeur-du-compteur.png\" sizes=\"auto, \" srcset=\"\" alt=\"assign-the-counter-value\" width=\"350\" height=\"264\"><\/li><li> Nu is het tijd om code voor de lus te schrijven, dus in de eerste regel moet je de countervariabele gebruiken en de begin- en eindwaarden instellen. Hier in deze code heb je variabele &#8216;i&#8217; als eindwaarde. <br><img loading=\"lazy\" decoding=\"async\" title=\"5-schrijfcode-voor-lus\" src=\"https:\/\/exceladvisor.org\/wp-content\/uploads\/2023\/08\/5-ecrire-le-code-pour-la-boucle.png\" sizes=\"auto, \" srcset=\"\" alt=\"write-code-for-loop\" width=\"353\" height=\"284\"><\/li><li> Van daaruit moet u code schrijven die de serienummers aan de actieve cel kan toevoegen en vervolgens naar de volgende cel kan gaan. Naarmate de tellerwaarde bij elke iteratie toeneemt, kunt u deze gebruiken om het serienummer in de actieve cel in te voeren en daarna kunt u de shift gebruiken om de selectie naar de volgende cel naar beneden te verplaatsen. <br><img loading=\"lazy\" decoding=\"async\" title=\"6-code-die-een-serienummer-kan-toevoegen\" src=\"https:\/\/exceladvisor.org\/wp-content\/uploads\/2023\/08\/6-code-qui-peut-ajouter-le-numero-de-serie.png\" sizes=\"auto, \" srcset=\"\" alt=\"code-that-can-add-serial-number\" width=\"404\" height=\"288\"><\/li><li> Gebruik aan het einde het volgende sleutelwoord en de countervariabele om de luscode te voltooien.<\/li><\/ol><pre class=\"wp-block-code\"> <code class=\"language-visual-basic\" lang=\"visual-basic\">Sub AddSerialNumbers() Dim i As Integer i = 10 For i = 1 To i ActiveCell.Value = i ActiveCell.Offset(1, 0).Activate Next i End Sub<\/code><\/pre><p> Je kunt in de onderstaande momentopname zien dat wanneer ik deze code uitvoer, deze begint bij de geselecteerde cel door een serienummer in te voeren en vervolgens in elke iteratie naar de volgende cel gaat. <\/p><div class=\"wp-block-image\"><figure class=\"aligncenter size-large is-resized\"><img loading=\"lazy\" decoding=\"async\" class=\"wp-image-51851\" src=\"https:\/\/exceladvisor.org\/wp-content\/uploads\/2023\/08\/vba-pour-lexemple-de-boucle-suivante-1.gif\" sizes=\"auto, \" srcset=\"\" alt=\"vba-voor-volgende-lus-voorbeeld-1\" width=\"568\" height=\"390\"><\/figure><\/div><p> Zoals je weet is For Next een vaste lus en als je in deze code een numerieke waarde toewijst, vertelt het VBA om de lus dat aantal keren uit te voeren.<\/p><p> En je kunt de onderstaande momentopname zien die ik heb gemaakt in de tweede iteratie van de lus, waarbij de waarde van de tegenvariabele &#8220;i&#8221; twee is. <\/p><div class=\"wp-block-image\"><figure class=\"aligncenter size-large is-resized\"><img loading=\"lazy\" decoding=\"async\" class=\"wp-image-51819\" src=\"https:\/\/exceladvisor.org\/wp-content\/uploads\/2023\/08\/7-attribuer-une-valeur-numerique.png\" sizes=\"auto, \" srcset=\"\" alt=\"een numerieke waarde toekennen\" width=\"461\" height=\"334\"><\/figure><\/div><p> Het punt dat ik probeer te maken is dat de telvariabele bij elke iteratie zijn waarde verandert en die waarde in de actieve cel invoert, waarna door verschuiven de volgende cel naar beneden wordt geactiveerd, waardoor een iteratie wordt voltooid.<\/p><p> Uiteindelijk is het trefwoord &#8220;Volgende&#8221; VBA om terug te keren naar de eerste regel van de lus en deze te herhalen. Zoals je in de For Next-syntaxis hebt gezien, kun je ook een stapwaarde in de lus gebruiken om de teller op basis daarvan te laten werken.<\/p><p> Dus als u twee als stapwaarde gebruikt, ziet de code er als volgt uit.<\/p><pre class=\"wp-block-code\"> <code class=\"language-visual-basic\" lang=\"visual-basic\">Sub AddSerialNumbers() Dim i As Integer i = 10 For i = 1 To i Step 2 ActiveCell.Value = i ActiveCell.Offset(1, 0).Activate Next i End Sub<\/code><\/pre><p> En wanneer u deze code uitvoert, zal er bij de activiteit zoiets zijn als de onderstaande momentopname. <\/p><div class=\"wp-block-image\"><figure class=\"aligncenter size-large is-resized\"><img loading=\"lazy\" decoding=\"async\" class=\"wp-image-51820\" src=\"https:\/\/exceladvisor.org\/wp-content\/uploads\/2023\/08\/8-lorsque-vous-executez-un-instantane-de-code.png\" sizes=\"auto, \" srcset=\"\" alt=\"wanneer-u-een-codemomentopname-uitvoert\" width=\"552\" height=\"426\"><\/figure><\/div><p> Wanneer u een stapwaarde gebruikt (zoals stap 2, die u in de bovenstaande code hebt gebruikt), negeert VBA elke tweede iteratie in de lus, en zoals u kunt zien, heeft u vijf getallen met een verschil van \u00e9\u00e9n in elk getal.<\/p><p class=\"qt-tip\"> <strong>Opmerking<\/strong> : in het bovenstaande voorbeeld heeft u &#8216;i&#8217; als <a href=\"https:\/\/exceladvisor.org\/nl\/variabelen\/\">tellervariabele<\/a> gebruikt, maar u kunt naar eigen inzicht ook een andere naam gebruiken.<\/p><h2 class=\"wp-block-heading\"> Voor elke volgende lus<\/h2><p> VBA FOR EACH NEXT is een vaste lus die door alle objecten in een verzameling kan lopen. In For Each Next hoeft u het aantal iteraties niet op te geven. In plaats daarvan kunt u een verzameling objecten opgeven, waarna deze al deze objecten \u00e9\u00e9n voor \u00e9\u00e9n kan doorlopen.<\/p><p class=\"link\"> <strong>Bijvoorbeeld<\/strong> : als u door alle cellen in een bereik wilt bladeren. In dit geval is het <a href=\"https:\/\/exceladvisor.org\/nl\/bereik-1\/\">bereik<\/a> de verzameling en zijn de cellen de objecten die je hebt.<\/p><h3 class=\"wp-block-heading\"> Syntaxis<\/h3><p> Hier is de VBA-syntaxis voor elke volgende lus: <\/p><pre class=\"wp-block-code\"> <code class=\"language-visual-basic\" lang=\"visual-basic\">For Each Object In Collection [statements] Next [object]<\/code><\/pre><div class=\"wp-block-image\"><figure class=\"aligncenter size-large is-resized\"><img loading=\"lazy\" decoding=\"async\" class=\"wp-image-51821\" src=\"https:\/\/exceladvisor.org\/wp-content\/uploads\/2023\/08\/9-syntaxe-pour-le-vba-pour-chaque-boucle-suivante.png\" sizes=\"auto, \" srcset=\"\" alt=\"syntaxis-voor-vba-voor-elke-volgende-lus\" width=\"604\" height=\"199\"><\/figure><\/div><ol type=\"1\"><li> <strong>Object<\/strong> : Het vertegenwoordigt het enige object in de objectverzameling waar u doorheen loopt. Bij elke iteratie gaat het van het ene object naar het andere.<\/li><li> <strong>Verzameling<\/strong> : dit is een verzameling objecten waar u doorheen wilt lopen.<\/li><li> <strong>Verklaring<\/strong> : Regel(s) code die u in elke lus door alle objecten in de verzameling wilt laten lopen.<\/li><li> <strong>Volgende<\/strong> : Dit is de eindinstructie van een iteratie van de lus en vertelt VBA om naar het volgende object in de verzameling te gaan.<\/li><\/ol><h3 class=\"wp-block-heading\"> Voorbeeld om de For Each Next-lus te begrijpen<\/h3><p> Om de For Each Next-lus te begrijpen, gaan we code schrijven om alle werkbladen behalve het actieve werkblad te verbergen. Deze code controleert de naam van elk werkblad en vergelijkt deze met de naam van het actieve werkblad en verbergt deze als deze niet overeenkomt.<\/p><p> Om de For Each Next-lus te gebruiken, kunt u de volgende stappen volgen:<\/p><ol><li> Eerst moet u een variabele declareren die u als werkblad wilt gebruiken. <br><img loading=\"lazy\" decoding=\"async\" title=\"10-code-om-alle-bladen-te-verbergen\" src=\"https:\/\/exceladvisor.org\/wp-content\/uploads\/2023\/08\/10-code-pour-cacher-toutes-les-feuilles.png\" sizes=\"auto, \" srcset=\"\" alt=\"code-to-hide-the-all-sheets\" width=\"373\" height=\"215\"><\/li><li> Gebruik daarna het trefwoord &#8220;For Each&#8221;, vervolgens de variabele &#8220;mySheet&#8221; voor het blad en gebruik &#8220;ActiveWorkbook.Worksheets&#8221; voor de werkbladverzameling van de actieve werkmap. <br><img loading=\"lazy\" decoding=\"async\" title=\"11-voor-elk-mijnblad-actieve-werkmap-werkbladen\" src=\"https:\/\/exceladvisor.org\/wp-content\/uploads\/2023\/08\/11-pour-chaque-feuille-de-travail-de-classeur-actif-mysheet.png\" sizes=\"auto, \" srcset=\"\" alt=\"for-each-mysheet-active-workbook-worsheets\" width=\"440\" height=\"209\"><\/li><li> Vervolgens moet u de VBA IF-instructie gebruiken om te testen of de naam van het blad dat zich momenteel in deze lus-iteratie bevindt NIET GELIJK is aan het actieve werkblad, en als deze voorwaarde waar is, verberg dan het blad dat zich nu in de lus bevindt iteratie. <br><img loading=\"lazy\" decoding=\"async\" title=\"12-vba-if-statement-to-test\" src=\"https:\/\/exceladvisor.org\/wp-content\/uploads\/2023\/08\/12-vba-si-instruction-a-tester.png\" sizes=\"auto, \" srcset=\"\" alt=\"vba-if-statement-to-test\" width=\"432\" height=\"331\"><\/li><li> Uiteindelijk heb je het trefwoord NEXT en \u201cmySheet\u201d de variabele om de luscode te voltooien. <br><img loading=\"lazy\" decoding=\"async\" title=\"13-volgende-trefwoord-en-mafeuille\" src=\"https:\/\/exceladvisor.org\/wp-content\/uploads\/2023\/08\/13-mot-cle-suivant-et-ma-feuille.png\" sizes=\"auto, \" srcset=\"\" alt=\"next-keyword-and-mysheet\" width=\"435\" height=\"325\"><\/li><\/ol><p> <strong>Laatste code:<\/strong><\/p><pre class=\"wp-block-code\"> <code class=\"language-visual-basic\" lang=\"visual-basic\">Sub Hide_Other_Sheets() Dim mySheet As Worksheet For Each mySheet In ActiveWorkbook.Worksheets If mySheet.Name &lt;&gt; ActiveSheet.Name Then mySheet.Visible = False End If Next mySheet End Sub<\/code><\/pre><p class=\"link\"> Wanneer u <a href=\"https:\/\/exceladvisor.org\/nl\/voer-een-macro-uit-2\/\">deze code uitvoert<\/a> , doorloopt deze elk werkblad in de actieve werkmap en koppelt de naam aan het actieve werkblad. Als de naam van het werkblad niet overeenkomt met de naam van het actieve werkblad, gebeurt dit ook. masker.<\/p><p> Op deze manier worden alle werkbladen verborgen.<\/p><div class=\"gb-container gb-container-4db6181c gb-container-mt\"> <a class=\"gb-button gb-button-c5897111 gb-button-text gb-button-mt-button\" href=\"https:\/\/exceladvisor.org\/nl\/vba\/\">Wat is VBA<\/a><h2 class=\"gb-headline gb-headline-665e5f6b gb-headline-text gb-headline-mt-heading\"> Gerelateerde tutorials <\/h2><div class=\"gb-grid-wrapper gb-grid-wrapper-a20baf7c gb-grid-wrapper-mt-grid\"><div class=\"gb-grid-column gb-grid-column-65ddf67e\"><div class=\"gb-container gb-container-65ddf67e\"><ul><li> <a href=\"https:\/\/exceladvisor.org\/nl\/lussen\/\">VBA-loops (beginner tot gevorderd)<\/a><\/li><li> <a href=\"https:\/\/exceladvisor.org\/nl\/selecteer-de-zaak\/\">VBA Selecteer geval<\/a><\/li><li> <a href=\"https:\/\/exceladvisor.org\/nl\/even-doen\/\">Excel VBA Do While Loop en (Do Loop While) &#8211; Een gids<\/a><\/li><li> <a href=\"https:\/\/exceladvisor.org\/nl\/lus-bladeren\/\">Loop door alle bladen met VBA in Excel<\/a> <\/li><\/ul><\/div><\/div><div class=\"gb-grid-column gb-grid-column-50067b57\"><div class=\"gb-container gb-container-50067b57\"><ul><li> <a href=\"https:\/\/exceladvisor.org\/nl\/loop-door-het-bereik\/\">Loop over een bereik met behulp van VBA (Kolommen, Rij en UsedRange)<\/a><\/li><li> <a href=\"https:\/\/exceladvisor.org\/nl\/ga-naar-1\/\">GoTo VBA-declaratie<\/a><\/li><\/ul><\/div><\/div><\/div><\/div>","protected":false},"excerpt":{"rendered":"","protected":false},"author":1,"featured_media":0,"parent":0,"menu_order":0,"comment_status":"open","ping_status":"closed","template":"","meta":{"ub_ctt_via":"","footnotes":""},"class_list":["post-1535","page","type-page","status-publish","hentry"],"featured_image_src":null,"yoast_head":"<!-- This site is optimized with the Yoast SEO plugin v25.4 - https:\/\/yoast.com\/wordpress\/plugins\/seo\/ -->\n<title>VBA FOR LOOP (For Next, For Each) = Gids + Voorbeelden 2023<\/title>\n<meta name=\"description\" content=\"VBA FOR NEXT is een vaste lus die een teller gebruikt om iteraties uit te voeren. In eenvoudige bewoordingen moet u het nummer opgeven\" \/>\n<meta name=\"robots\" content=\"index, follow, max-snippet:-1, max-image-preview:large, max-video-preview:-1\" \/>\n<link rel=\"canonical\" href=\"https:\/\/exceladvisor.org\/nl\/voor-de-lus\/\" \/>\n<meta property=\"og:locale\" content=\"nl_NL\" \/>\n<meta property=\"og:type\" content=\"article\" \/>\n<meta property=\"og:title\" content=\"VBA FOR LOOP (For Next, For Each) = Gids + Voorbeelden 2023\" \/>\n<meta property=\"og:description\" content=\"VBA FOR NEXT is een vaste lus die een teller gebruikt om iteraties uit te voeren. In eenvoudige bewoordingen moet u het nummer opgeven\" \/>\n<meta property=\"og:url\" content=\"https:\/\/exceladvisor.org\/nl\/voor-de-lus\/\" \/>\n<meta property=\"og:site_name\" content=\"Excel Advisor\" \/>\n<meta property=\"article:modified_time\" content=\"2023-12-06T05:53:02+00:00\" \/>\n<meta property=\"og:image\" content=\"https:\/\/exceladvisor.org\/wp-content\/uploads\/2023\/08\/1-pour-le-compteur-du-debut-a-la-fin.png\" \/>\n<meta name=\"twitter:card\" content=\"summary_large_image\" \/>\n<meta name=\"twitter:label1\" content=\"Geschatte leestijd\" \/>\n\t<meta name=\"twitter:data1\" content=\"6 minuten\" \/>\n<script type=\"application\/ld+json\" class=\"yoast-schema-graph\">{\"@context\":\"https:\/\/schema.org\",\"@graph\":[{\"@type\":\"WebPage\",\"@id\":\"https:\/\/exceladvisor.org\/nl\/voor-de-lus\/\",\"url\":\"https:\/\/exceladvisor.org\/nl\/voor-de-lus\/\",\"name\":\"VBA FOR LOOP (For Next, For Each) = Gids + Voorbeelden 2023\",\"isPartOf\":{\"@id\":\"https:\/\/exceladvisor.org\/nl\/#website\"},\"primaryImageOfPage\":{\"@id\":\"https:\/\/exceladvisor.org\/nl\/voor-de-lus\/#primaryimage\"},\"image\":{\"@id\":\"https:\/\/exceladvisor.org\/nl\/voor-de-lus\/#primaryimage\"},\"thumbnailUrl\":\"https:\/\/exceladvisor.org\/wp-content\/uploads\/2023\/08\/1-pour-le-compteur-du-debut-a-la-fin.png\",\"datePublished\":\"2023-11-17T15:38:17+00:00\",\"dateModified\":\"2023-12-06T05:53:02+00:00\",\"description\":\"VBA FOR NEXT is een vaste lus die een teller gebruikt om iteraties uit te voeren. In eenvoudige bewoordingen moet u het nummer opgeven\",\"breadcrumb\":{\"@id\":\"https:\/\/exceladvisor.org\/nl\/voor-de-lus\/#breadcrumb\"},\"inLanguage\":\"nl-NL\",\"potentialAction\":[{\"@type\":\"ReadAction\",\"target\":[\"https:\/\/exceladvisor.org\/nl\/voor-de-lus\/\"]}]},{\"@type\":\"ImageObject\",\"inLanguage\":\"nl-NL\",\"@id\":\"https:\/\/exceladvisor.org\/nl\/voor-de-lus\/#primaryimage\",\"url\":\"https:\/\/exceladvisor.org\/wp-content\/uploads\/2023\/08\/1-pour-le-compteur-du-debut-a-la-fin.png\",\"contentUrl\":\"https:\/\/exceladvisor.org\/wp-content\/uploads\/2023\/08\/1-pour-le-compteur-du-debut-a-la-fin.png\"},{\"@type\":\"BreadcrumbList\",\"@id\":\"https:\/\/exceladvisor.org\/nl\/voor-de-lus\/#breadcrumb\",\"itemListElement\":[{\"@type\":\"ListItem\",\"position\":1,\"name\":\"Thuis\",\"item\":\"https:\/\/exceladvisor.org\/nl\/\"},{\"@type\":\"ListItem\",\"position\":2,\"name\":\"Vba for loop (voor volgende, voor elke)\"}]},{\"@type\":\"WebSite\",\"@id\":\"https:\/\/exceladvisor.org\/nl\/#website\",\"url\":\"https:\/\/exceladvisor.org\/nl\/\",\"name\":\"Excel Advisor\",\"description\":\"Uw gids voor datadominantie\",\"publisher\":{\"@id\":\"https:\/\/exceladvisor.org\/nl\/#organization\"},\"potentialAction\":[{\"@type\":\"SearchAction\",\"target\":{\"@type\":\"EntryPoint\",\"urlTemplate\":\"https:\/\/exceladvisor.org\/nl\/?s={search_term_string}\"},\"query-input\":{\"@type\":\"PropertyValueSpecification\",\"valueRequired\":true,\"valueName\":\"search_term_string\"}}],\"inLanguage\":\"nl-NL\"},{\"@type\":\"Organization\",\"@id\":\"https:\/\/exceladvisor.org\/nl\/#organization\",\"name\":\"Excel Advisor\",\"url\":\"https:\/\/exceladvisor.org\/nl\/\",\"logo\":{\"@type\":\"ImageObject\",\"inLanguage\":\"nl-NL\",\"@id\":\"https:\/\/exceladvisor.org\/nl\/#\/schema\/logo\/image\/\",\"url\":\"https:\/\/exceladvisor.org\/nl\/wp-content\/uploads\/2023\/12\/exceladvisor.org_.png\",\"contentUrl\":\"https:\/\/exceladvisor.org\/nl\/wp-content\/uploads\/2023\/12\/exceladvisor.org_.png\",\"width\":105,\"height\":36,\"caption\":\"Excel Advisor\"},\"image\":{\"@id\":\"https:\/\/exceladvisor.org\/nl\/#\/schema\/logo\/image\/\"}}]}<\/script>\n<!-- \/ Yoast SEO plugin. -->","yoast_head_json":{"title":"VBA FOR LOOP (For Next, For Each) = Gids + Voorbeelden 2023","description":"VBA FOR NEXT is een vaste lus die een teller gebruikt om iteraties uit te voeren. In eenvoudige bewoordingen moet u het nummer opgeven","robots":{"index":"index","follow":"follow","max-snippet":"max-snippet:-1","max-image-preview":"max-image-preview:large","max-video-preview":"max-video-preview:-1"},"canonical":"https:\/\/exceladvisor.org\/nl\/voor-de-lus\/","og_locale":"nl_NL","og_type":"article","og_title":"VBA FOR LOOP (For Next, For Each) = Gids + Voorbeelden 2023","og_description":"VBA FOR NEXT is een vaste lus die een teller gebruikt om iteraties uit te voeren. In eenvoudige bewoordingen moet u het nummer opgeven","og_url":"https:\/\/exceladvisor.org\/nl\/voor-de-lus\/","og_site_name":"Excel Advisor","article_modified_time":"2023-12-06T05:53:02+00:00","og_image":[{"url":"https:\/\/exceladvisor.org\/wp-content\/uploads\/2023\/08\/1-pour-le-compteur-du-debut-a-la-fin.png","type":"","width":"","height":""}],"twitter_card":"summary_large_image","twitter_misc":{"Geschatte leestijd":"6 minuten"},"schema":{"@context":"https:\/\/schema.org","@graph":[{"@type":"WebPage","@id":"https:\/\/exceladvisor.org\/nl\/voor-de-lus\/","url":"https:\/\/exceladvisor.org\/nl\/voor-de-lus\/","name":"VBA FOR LOOP (For Next, For Each) = Gids + Voorbeelden 2023","isPartOf":{"@id":"https:\/\/exceladvisor.org\/nl\/#website"},"primaryImageOfPage":{"@id":"https:\/\/exceladvisor.org\/nl\/voor-de-lus\/#primaryimage"},"image":{"@id":"https:\/\/exceladvisor.org\/nl\/voor-de-lus\/#primaryimage"},"thumbnailUrl":"https:\/\/exceladvisor.org\/wp-content\/uploads\/2023\/08\/1-pour-le-compteur-du-debut-a-la-fin.png","datePublished":"2023-11-17T15:38:17+00:00","dateModified":"2023-12-06T05:53:02+00:00","description":"VBA FOR NEXT is een vaste lus die een teller gebruikt om iteraties uit te voeren. In eenvoudige bewoordingen moet u het nummer opgeven","breadcrumb":{"@id":"https:\/\/exceladvisor.org\/nl\/voor-de-lus\/#breadcrumb"},"inLanguage":"nl-NL","potentialAction":[{"@type":"ReadAction","target":["https:\/\/exceladvisor.org\/nl\/voor-de-lus\/"]}]},{"@type":"ImageObject","inLanguage":"nl-NL","@id":"https:\/\/exceladvisor.org\/nl\/voor-de-lus\/#primaryimage","url":"https:\/\/exceladvisor.org\/wp-content\/uploads\/2023\/08\/1-pour-le-compteur-du-debut-a-la-fin.png","contentUrl":"https:\/\/exceladvisor.org\/wp-content\/uploads\/2023\/08\/1-pour-le-compteur-du-debut-a-la-fin.png"},{"@type":"BreadcrumbList","@id":"https:\/\/exceladvisor.org\/nl\/voor-de-lus\/#breadcrumb","itemListElement":[{"@type":"ListItem","position":1,"name":"Thuis","item":"https:\/\/exceladvisor.org\/nl\/"},{"@type":"ListItem","position":2,"name":"Vba for loop (voor volgende, voor elke)"}]},{"@type":"WebSite","@id":"https:\/\/exceladvisor.org\/nl\/#website","url":"https:\/\/exceladvisor.org\/nl\/","name":"Excel Advisor","description":"Uw gids voor datadominantie","publisher":{"@id":"https:\/\/exceladvisor.org\/nl\/#organization"},"potentialAction":[{"@type":"SearchAction","target":{"@type":"EntryPoint","urlTemplate":"https:\/\/exceladvisor.org\/nl\/?s={search_term_string}"},"query-input":{"@type":"PropertyValueSpecification","valueRequired":true,"valueName":"search_term_string"}}],"inLanguage":"nl-NL"},{"@type":"Organization","@id":"https:\/\/exceladvisor.org\/nl\/#organization","name":"Excel Advisor","url":"https:\/\/exceladvisor.org\/nl\/","logo":{"@type":"ImageObject","inLanguage":"nl-NL","@id":"https:\/\/exceladvisor.org\/nl\/#\/schema\/logo\/image\/","url":"https:\/\/exceladvisor.org\/nl\/wp-content\/uploads\/2023\/12\/exceladvisor.org_.png","contentUrl":"https:\/\/exceladvisor.org\/nl\/wp-content\/uploads\/2023\/12\/exceladvisor.org_.png","width":105,"height":36,"caption":"Excel Advisor"},"image":{"@id":"https:\/\/exceladvisor.org\/nl\/#\/schema\/logo\/image\/"}}]}},"yoast_meta":{"yoast_wpseo_title":"","yoast_wpseo_metadesc":"","yoast_wpseo_canonical":""},"_links":{"self":[{"href":"https:\/\/exceladvisor.org\/nl\/wp-json\/wp\/v2\/pages\/1535","targetHints":{"allow":["GET"]}}],"collection":[{"href":"https:\/\/exceladvisor.org\/nl\/wp-json\/wp\/v2\/pages"}],"about":[{"href":"https:\/\/exceladvisor.org\/nl\/wp-json\/wp\/v2\/types\/page"}],"author":[{"embeddable":true,"href":"https:\/\/exceladvisor.org\/nl\/wp-json\/wp\/v2\/users\/1"}],"replies":[{"embeddable":true,"href":"https:\/\/exceladvisor.org\/nl\/wp-json\/wp\/v2\/comments?post=1535"}],"version-history":[{"count":1,"href":"https:\/\/exceladvisor.org\/nl\/wp-json\/wp\/v2\/pages\/1535\/revisions"}],"predecessor-version":[{"id":2940,"href":"https:\/\/exceladvisor.org\/nl\/wp-json\/wp\/v2\/pages\/1535\/revisions\/2940"}],"wp:attachment":[{"href":"https:\/\/exceladvisor.org\/nl\/wp-json\/wp\/v2\/media?parent=1535"}],"curies":[{"name":"wp","href":"https:\/\/api.w.org\/{rel}","templated":true}]}}