{"id":1538,"date":"2023-11-17T13:44:50","date_gmt":"2023-11-17T13:44:50","guid":{"rendered":"https:\/\/exceladvisor.org\/nl\/kopieer-blad\/"},"modified":"2023-12-06T05:49:29","modified_gmt":"2023-12-06T05:49:29","slug":"kopieer-blad","status":"publish","type":"page","link":"https:\/\/exceladvisor.org\/nl\/kopieer-blad\/","title":{"rendered":"Hoe kopieer en verplaats je een blad met vba?"},"content":{"rendered":"<div class=\"excel-voor-de-inhoud\" id=\"excel-2315950236\"><script type=\"text\/javascript\">\r\n\tatOptions = {\r\n\t\t'key' : 'c1158f160081d6540a8409e6925dab94',\r\n\t\t'format' : 'iframe',\r\n\t\t'height' : 250,\r\n\t\t'width' : 300,\r\n\t\t'params' : {}\r\n\t};\r\n<\/script>\r\n<script type=\"text\/javascript\" src=\"\/\/www.highperformanceformat.com\/c1158f160081d6540a8409e6925dab94\/invoke.js\"><\/script><\/div> <p>U kunt een blad in Excel kopi\u00ebren en verplaatsen met behulp van VBA-code, en in deze zelfstudie leren we verschillende manieren om dit te doen.<\/p><h2 class=\"wp-block-heading\"> Kopieer een blad in dezelfde werkmap<\/h2><p> Als u een blad in dezelfde werkmap wilt kopi\u00ebren, kunt u de volgende code gebruiken waarbij u de kopieermethode hebt gebruikt.<\/p><pre class=\"wp-block-code\"> <code class=\"language-visual-basic\" lang=\"visual-basic\">Sheets(\"Sheet5\").Copy Before:=Sheets(1)<\/code><\/pre><p> In deze code is blad1 het eerste blad van de werkmap en wanneer u deze code uitvoert, wordt het blad met de naam &#8216;Blad5&#8217; v\u00f3\u00f3r het eerste blad van de werkmap gekopieerd. <\/p><div class=\"wp-block-image\"><figure class=\"aligncenter size-large is-resized\"><img loading=\"lazy\" decoding=\"async\" class=\"wp-image-52324\" src=\"https:\/\/exceladvisor.org\/wp-content\/uploads\/2023\/08\/1-copier-une-feuille-dans-le-meme-classeur.png\" sizes=\"auto, \" srcset=\"\" alt=\"kopieer-een-blad-naar-dezelfde-map\" width=\"510\" height=\"277\"><\/figure><\/div><p> En als u het na het eerste blad wilt kopi\u00ebren, zou de code als volgt zijn.<\/p><pre class=\"wp-block-code\"> <code class=\"language-visual-basic\" lang=\"visual-basic\">Sheets(\"Sheet5\").Copy After:=Sheets(1)<\/code><\/pre><p> En als u het na het eerste blad wilt kopi\u00ebren, zou de code als volgt zijn.<\/p><pre class=\"wp-block-code\"> <code class=\"language-visual-basic\" lang=\"visual-basic\">Sheets(\"Sheet5\").Copy Before:=Sheets(\"Sheet3\") Sheets(\"Sheet5\").Copy After:=Sheets(\"Sheet3\")<\/code><\/pre><p> Wanneer u deze VBA-code uitvoert, kopieert deze de &#8220;Blad5&#8221; voor en na de &#8220;Blad3&#8221;. <\/p><div class=\"wp-block-image\"><figure class=\"aligncenter size-large is-resized\"><img loading=\"lazy\" decoding=\"async\" class=\"wp-image-52326\" src=\"https:\/\/exceladvisor.org\/wp-content\/uploads\/2023\/08\/3-code-vba-si-vous-voulez-le-copier-apres-la-premiere-feuille.png\" sizes=\"auto, \" srcset=\"\" alt=\"vba-code als u deze na het eerste blad wilt kopi\u00ebren\" width=\"631\" height=\"299\"><\/figure><\/div><p> Met de volgende coderegel kunt u een blad na het laatste blad van de werkmap kopi\u00ebren. Het gebruikt sheet.count om het aantal vellen te bepalen en gebruikt vervolgens de telling om het vel als laatste te kopi\u00ebren. <\/p><pre class=\"wp-block-code\"> <code class=\"language-visual-basic\" lang=\"visual-basic\">Sheets(\"myNewSheet\").Move After:=Sheets(Sheets.Count)<\/code><\/pre><div class=\"wp-block-image\"><figure class=\"aligncenter size-large is-resized\"><img loading=\"lazy\" decoding=\"async\" class=\"wp-image-52325\" src=\"https:\/\/exceladvisor.org\/wp-content\/uploads\/2023\/08\/2-copier-une-feuille-apres-la-derniere-feuille-du-classeur.png\" sizes=\"auto, \" srcset=\"\" alt=\"kopieer-\u00e9\u00e9n-vel-na-het-laatste-vel-in-de-map\" width=\"656\" height=\"285\"><\/figure><\/div><p class=\"content-box-grey\"> <em>Handige links: <a href=\"https:\/\/exceladvisor.org\/nl\/voer-een-macro-uit-2\/\">Een macro uitvoeren<\/a> \u2013 <a href=\"https:\/\/exceladvisor.org\/nl\/een-macro-opnemen\/\">Macrorecorder<\/a> \u2013 <a href=\"https:\/\/exceladvisor.org\/nl\/eenvoudige-visuele-editor\/\">Visual Basic Editor<\/a> \u2013 <a href=\"https:\/\/exceladvisor.org\/nl\/persoonlijk-macronotitieboekje\/\">Handboek voor persoonlijke macro&#8217;s<\/a><\/em><\/p><h2 class=\"wp-block-heading\"> Kopieer een blad in dezelfde werkmap met een nieuwe naam<\/h2><p> En als u een blad wilt kopi\u00ebren en het vervolgens onmiddellijk wilt hernoemen, moet u de eigenschap name gebruiken, net als de volgende code. <\/p><pre class=\"wp-block-code\"> <code class=\"language-visual-basic\" lang=\"visual-basic\">Sheets(\"Sheet5\").Move Before:=Sheets(1) ActiveSheet.Name = \"myNewSheet\"<\/code><\/pre><div class=\"wp-block-image\"><figure class=\"aligncenter size-large is-resized\"><img loading=\"lazy\" decoding=\"async\" class=\"wp-image-52327\" src=\"https:\/\/exceladvisor.org\/wp-content\/uploads\/2023\/08\/4-copier-une-feuille-dans-le-meme-classeur-avec-le-nouveau-nom.png\" sizes=\"auto, \" srcset=\"\" alt=\"kopieer-een-blad-naar-dezelfde-werkmap-met-de-nieuwe-naam\" width=\"480\" height=\"290\"><\/figure><\/div><h2 class=\"wp-block-heading\"> Verplaats een blad in dezelfde werkmap<\/h2><p> Om een blad in dezelfde werkmap te verplaatsen, moet u de verplaatsingsmethode gebruiken, zoals in de volgende code. <\/p><pre class=\"wp-block-code\"> <code class=\"language-visual-basic\" lang=\"visual-basic\">Sheets(\"Sheet5\").Move After:=Sheets(1)<\/code><\/pre><div class=\"wp-block-image\"><figure class=\"aligncenter size-large is-resized\"><img loading=\"lazy\" decoding=\"async\" class=\"wp-image-52328\" src=\"https:\/\/exceladvisor.org\/wp-content\/uploads\/2023\/08\/5-deplacer-une-feuille-dans-le-meme-classeur.png\" sizes=\"auto, \" srcset=\"\" alt=\"een vel in dezelfde map verplaatsen\" width=\"527\" height=\"311\"><\/figure><\/div><p> Deze code verplaatst &#8220;Blad5&#8221; v\u00f3\u00f3r &#8220;Blad2&#8221;, zoals u kunt zien in de bovenstaande momentopname.<\/p><h2 class=\"wp-block-heading\"> Kopieer een blad naar de nieuwe werkmap<\/h2><p> Wanneer u de kopieermethode gebruikt zonder een blad in de huidige werkmap te defini\u00ebren, opent VBA een nieuwe werkmap en kopieert dat blad naar die werkmap.<\/p><pre class=\"wp-block-code\"> <code class=\"language-visual-basic\" lang=\"visual-basic\">Sheets(\"Sheet5\").Copy<\/code><\/pre><p> En om een blad naar een nieuwe werkmap te verplaatsen.<\/p><pre class=\"wp-block-code\"> <code class=\"language-visual-basic\" lang=\"visual-basic\">Sheets(\"Sheet5\").Move<\/code><\/pre><h2 class=\"wp-block-heading\"> Kopieer meerdere bladen naar de nieuwe werkmap<\/h2><p> Als u meerdere werkbladen tegelijk aan de nieuwe werkmap wilt toevoegen, gebruikt u deze code.<\/p><pre class=\"wp-block-code\"> <code class=\"language-visual-basic\" lang=\"visual-basic\">Sheets(Array(\"Sheet2\", \"Sheet3\", \"Sheet4\", \"Sheet5\")).Copy<\/code><\/pre><p> Met de bovenstaande code wordt een reeks werkbladen gemaakt en deze vervolgens allemaal naar een nieuwe werkmap gekopieerd.<\/p><h2 class=\"wp-block-heading\"> Kopieer een blad naar een andere werkmap<\/h2><p> Als u een blad naar een andere werkmap wilt kopi\u00ebren die al geopend is, kunt u de naam van de werkmap na of v\u00f3\u00f3r het argument vermelden.<\/p><pre class=\"wp-block-code\"> <code class=\"language-visual-basic\" lang=\"visual-basic\">Sheets(\"Sheet1\").Copy Before:=Workbooks(\"Book1.xlsx\").Sheets(1)<\/code><\/pre><p> De bovenstaande code kopieert Blad1 uit de actieve werkmap en voegt deze toe v\u00f3\u00f3r het eerste blad van Book1.xlsx dat al geopend is.<\/p><p> En als je het wilt verplaatsen.<\/p><pre class=\"wp-block-code\"> <code class=\"language-visual-basic\" lang=\"visual-basic\">Sheets(\"Sheet1\").Move Before:=Workbooks(\"Book1.xlsx\").Sheets(1)<\/code><\/pre><h2 class=\"wp-block-heading\"> Kopieer een blad naar een gesloten werkmap<\/h2><p> Er is een manier om een blad naar een gesloten werkmap te kopi\u00ebren en u hoeft het niet te openen. Kijk naar de onderstaande code.<\/p><pre class=\"wp-block-code\"> <code class=\"language-visual-basic\" lang=\"visual-basic\">Sub vba_copy_sheet() Dim mybook As Workbook Application.ScreenUpdating = False Set mybook = _ Workbooks.Open _ (\"C:UsersDellDesktopsamplefile.xlsx\") Workbooks(\"Book1.xlsx\").Sheets(\"Sheet2\").Copy Before:=mybook.Sheets(1) mybook.Close SaveChanges:=True Application.ScreenUpdating = True End Sub<\/code><\/pre><p> In deze code hebt u de myBook-variabele en vervolgens is er een werkmap aan toegewezen. We hebben het bijwerken van het scherm uitgeschakeld, zodat de code de taak aan de backend kan uitvoeren.<\/p><h2 class=\"wp-block-heading\"> Kopieer een blad uit een andere werkmap zonder het te openen<\/h2><p> Op dezelfde manier kunt u een blad uit een gesloten werkmap kopi\u00ebren en verplaatsen. Kijk naar de onderstaande code.<\/p><pre class=\"wp-block-code\"> <code class=\"language-visual-basic\" lang=\"visual-basic\">Sub vba_copy_sheet() Dim mybook As Workbook Application.ScreenUpdating = False Set mybook = _ Workbooks.Open _ (\"C:UsersDellDesktopsamplefile.xlsx\") mybook.Sheets(\"mySheet\").Copy Before:=Workbooks(\"Book1.xlsx\").Sheets(1) mybook.Close SaveChanges:=True Application.ScreenUpdating = True End Sub<\/code><\/pre><div class=\"gb-container gb-container-4db6181c gb-container-mt\"> <a class=\"gb-button gb-button-c5897111 gb-button-text gb-button-mt-button\" href=\"https:\/\/exceladvisor.org\/nl\/vba\/\">Wat is VBA<\/a><h2 class=\"gb-headline gb-headline-665e5f6b gb-headline-text gb-headline-mt-heading\"> Gerelateerde tutorials <\/h2><div class=\"gb-grid-wrapper gb-grid-wrapper-a20baf7c gb-grid-wrapper-mt-grid\"><div class=\"gb-grid-column gb-grid-column-65ddf67e\"><div class=\"gb-container gb-container-65ddf67e\"><ul><li> <a href=\"https:\/\/exceladvisor.org\/nl\/duidelijk-blad\/\">WIS een heel blad met VBA in Excel<\/a><\/li><li> <a href=\"https:\/\/exceladvisor.org\/nl\/tel-de-bladeren\/\">COUNT Spreadsheets met VBA in Excel<\/a><\/li><li> <a href=\"https:\/\/exceladvisor.org\/nl\/een-blad-verwijderen-1\/\">VERWIJDER een BLAD met VBA in Excel<\/a><\/li><li> <a href=\"https:\/\/exceladvisor.org\/nl\/blad-verbergen\/\">Verberg en toon een blad met VBA in Excel<\/a><\/li><li> <a href=\"https:\/\/exceladvisor.org\/nl\/bescherm-het-blad\/\">BESCHERM EN BEVEILIG een blad met VBA in Excel<\/a><\/li><\/ul><\/div><\/div><\/div><\/div>","protected":false},"excerpt":{"rendered":"","protected":false},"author":1,"featured_media":0,"parent":0,"menu_order":0,"comment_status":"open","ping_status":"closed","template":"","meta":{"ub_ctt_via":"","footnotes":""},"class_list":["post-1538","page","type-page","status-publish","hentry"],"featured_image_src":null,"yoast_head":"<!-- This site is optimized with the Yoast SEO plugin v25.4 - https:\/\/yoast.com\/wordpress\/plugins\/seo\/ -->\n<title>Hoe kopieer\/verplaats ik een blad in Excel met VBA?<\/title>\n<meta name=\"description\" content=\"Leer hoe u een blad in Excel kopieert met behulp van VBA-code. U kunt een blad ook van de ene werkmap naar de andere verplaatsen.\" \/>\n<meta name=\"robots\" content=\"index, follow, max-snippet:-1, max-image-preview:large, max-video-preview:-1\" \/>\n<link rel=\"canonical\" href=\"https:\/\/exceladvisor.org\/nl\/kopieer-blad\/\" \/>\n<meta property=\"og:locale\" content=\"nl_NL\" \/>\n<meta property=\"og:type\" content=\"article\" \/>\n<meta property=\"og:title\" content=\"Hoe kopieer\/verplaats ik een blad in Excel met VBA?\" \/>\n<meta property=\"og:description\" content=\"Leer hoe u een blad in Excel kopieert met behulp van VBA-code. U kunt een blad ook van de ene werkmap naar de andere verplaatsen.\" \/>\n<meta property=\"og:url\" content=\"https:\/\/exceladvisor.org\/nl\/kopieer-blad\/\" \/>\n<meta property=\"og:site_name\" content=\"Excel Advisor\" \/>\n<meta property=\"article:modified_time\" content=\"2023-12-06T05:49:29+00:00\" \/>\n<meta property=\"og:image\" content=\"https:\/\/exceladvisor.org\/wp-content\/uploads\/2023\/08\/1-copier-une-feuille-dans-le-meme-classeur.png\" \/>\n<meta name=\"twitter:card\" content=\"summary_large_image\" \/>\n<meta name=\"twitter:label1\" content=\"Geschatte leestijd\" \/>\n\t<meta name=\"twitter:data1\" content=\"3 minuten\" \/>\n<script type=\"application\/ld+json\" class=\"yoast-schema-graph\">{\"@context\":\"https:\/\/schema.org\",\"@graph\":[{\"@type\":\"WebPage\",\"@id\":\"https:\/\/exceladvisor.org\/nl\/kopieer-blad\/\",\"url\":\"https:\/\/exceladvisor.org\/nl\/kopieer-blad\/\",\"name\":\"Hoe kopieer\/verplaats ik een blad in Excel met VBA?\",\"isPartOf\":{\"@id\":\"https:\/\/exceladvisor.org\/nl\/#website\"},\"primaryImageOfPage\":{\"@id\":\"https:\/\/exceladvisor.org\/nl\/kopieer-blad\/#primaryimage\"},\"image\":{\"@id\":\"https:\/\/exceladvisor.org\/nl\/kopieer-blad\/#primaryimage\"},\"thumbnailUrl\":\"https:\/\/exceladvisor.org\/wp-content\/uploads\/2023\/08\/1-copier-une-feuille-dans-le-meme-classeur.png\",\"datePublished\":\"2023-11-17T13:44:50+00:00\",\"dateModified\":\"2023-12-06T05:49:29+00:00\",\"description\":\"Leer hoe u een blad in Excel kopieert met behulp van VBA-code. U kunt een blad ook van de ene werkmap naar de andere verplaatsen.\",\"breadcrumb\":{\"@id\":\"https:\/\/exceladvisor.org\/nl\/kopieer-blad\/#breadcrumb\"},\"inLanguage\":\"nl-NL\",\"potentialAction\":[{\"@type\":\"ReadAction\",\"target\":[\"https:\/\/exceladvisor.org\/nl\/kopieer-blad\/\"]}]},{\"@type\":\"ImageObject\",\"inLanguage\":\"nl-NL\",\"@id\":\"https:\/\/exceladvisor.org\/nl\/kopieer-blad\/#primaryimage\",\"url\":\"https:\/\/exceladvisor.org\/wp-content\/uploads\/2023\/08\/1-copier-une-feuille-dans-le-meme-classeur.png\",\"contentUrl\":\"https:\/\/exceladvisor.org\/wp-content\/uploads\/2023\/08\/1-copier-une-feuille-dans-le-meme-classeur.png\"},{\"@type\":\"BreadcrumbList\",\"@id\":\"https:\/\/exceladvisor.org\/nl\/kopieer-blad\/#breadcrumb\",\"itemListElement\":[{\"@type\":\"ListItem\",\"position\":1,\"name\":\"Thuis\",\"item\":\"https:\/\/exceladvisor.org\/nl\/\"},{\"@type\":\"ListItem\",\"position\":2,\"name\":\"Hoe kopieer en verplaats je een blad met vba?\"}]},{\"@type\":\"WebSite\",\"@id\":\"https:\/\/exceladvisor.org\/nl\/#website\",\"url\":\"https:\/\/exceladvisor.org\/nl\/\",\"name\":\"Excel Advisor\",\"description\":\"Uw gids voor datadominantie\",\"publisher\":{\"@id\":\"https:\/\/exceladvisor.org\/nl\/#organization\"},\"potentialAction\":[{\"@type\":\"SearchAction\",\"target\":{\"@type\":\"EntryPoint\",\"urlTemplate\":\"https:\/\/exceladvisor.org\/nl\/?s={search_term_string}\"},\"query-input\":{\"@type\":\"PropertyValueSpecification\",\"valueRequired\":true,\"valueName\":\"search_term_string\"}}],\"inLanguage\":\"nl-NL\"},{\"@type\":\"Organization\",\"@id\":\"https:\/\/exceladvisor.org\/nl\/#organization\",\"name\":\"Excel Advisor\",\"url\":\"https:\/\/exceladvisor.org\/nl\/\",\"logo\":{\"@type\":\"ImageObject\",\"inLanguage\":\"nl-NL\",\"@id\":\"https:\/\/exceladvisor.org\/nl\/#\/schema\/logo\/image\/\",\"url\":\"https:\/\/exceladvisor.org\/nl\/wp-content\/uploads\/2023\/12\/exceladvisor.org_.png\",\"contentUrl\":\"https:\/\/exceladvisor.org\/nl\/wp-content\/uploads\/2023\/12\/exceladvisor.org_.png\",\"width\":105,\"height\":36,\"caption\":\"Excel Advisor\"},\"image\":{\"@id\":\"https:\/\/exceladvisor.org\/nl\/#\/schema\/logo\/image\/\"}}]}<\/script>\n<!-- \/ Yoast SEO plugin. -->","yoast_head_json":{"title":"Hoe kopieer\/verplaats ik een blad in Excel met VBA?","description":"Leer hoe u een blad in Excel kopieert met behulp van VBA-code. U kunt een blad ook van de ene werkmap naar de andere verplaatsen.","robots":{"index":"index","follow":"follow","max-snippet":"max-snippet:-1","max-image-preview":"max-image-preview:large","max-video-preview":"max-video-preview:-1"},"canonical":"https:\/\/exceladvisor.org\/nl\/kopieer-blad\/","og_locale":"nl_NL","og_type":"article","og_title":"Hoe kopieer\/verplaats ik een blad in Excel met VBA?","og_description":"Leer hoe u een blad in Excel kopieert met behulp van VBA-code. U kunt een blad ook van de ene werkmap naar de andere verplaatsen.","og_url":"https:\/\/exceladvisor.org\/nl\/kopieer-blad\/","og_site_name":"Excel Advisor","article_modified_time":"2023-12-06T05:49:29+00:00","og_image":[{"url":"https:\/\/exceladvisor.org\/wp-content\/uploads\/2023\/08\/1-copier-une-feuille-dans-le-meme-classeur.png","type":"","width":"","height":""}],"twitter_card":"summary_large_image","twitter_misc":{"Geschatte leestijd":"3 minuten"},"schema":{"@context":"https:\/\/schema.org","@graph":[{"@type":"WebPage","@id":"https:\/\/exceladvisor.org\/nl\/kopieer-blad\/","url":"https:\/\/exceladvisor.org\/nl\/kopieer-blad\/","name":"Hoe kopieer\/verplaats ik een blad in Excel met VBA?","isPartOf":{"@id":"https:\/\/exceladvisor.org\/nl\/#website"},"primaryImageOfPage":{"@id":"https:\/\/exceladvisor.org\/nl\/kopieer-blad\/#primaryimage"},"image":{"@id":"https:\/\/exceladvisor.org\/nl\/kopieer-blad\/#primaryimage"},"thumbnailUrl":"https:\/\/exceladvisor.org\/wp-content\/uploads\/2023\/08\/1-copier-une-feuille-dans-le-meme-classeur.png","datePublished":"2023-11-17T13:44:50+00:00","dateModified":"2023-12-06T05:49:29+00:00","description":"Leer hoe u een blad in Excel kopieert met behulp van VBA-code. U kunt een blad ook van de ene werkmap naar de andere verplaatsen.","breadcrumb":{"@id":"https:\/\/exceladvisor.org\/nl\/kopieer-blad\/#breadcrumb"},"inLanguage":"nl-NL","potentialAction":[{"@type":"ReadAction","target":["https:\/\/exceladvisor.org\/nl\/kopieer-blad\/"]}]},{"@type":"ImageObject","inLanguage":"nl-NL","@id":"https:\/\/exceladvisor.org\/nl\/kopieer-blad\/#primaryimage","url":"https:\/\/exceladvisor.org\/wp-content\/uploads\/2023\/08\/1-copier-une-feuille-dans-le-meme-classeur.png","contentUrl":"https:\/\/exceladvisor.org\/wp-content\/uploads\/2023\/08\/1-copier-une-feuille-dans-le-meme-classeur.png"},{"@type":"BreadcrumbList","@id":"https:\/\/exceladvisor.org\/nl\/kopieer-blad\/#breadcrumb","itemListElement":[{"@type":"ListItem","position":1,"name":"Thuis","item":"https:\/\/exceladvisor.org\/nl\/"},{"@type":"ListItem","position":2,"name":"Hoe kopieer en verplaats je een blad met vba?"}]},{"@type":"WebSite","@id":"https:\/\/exceladvisor.org\/nl\/#website","url":"https:\/\/exceladvisor.org\/nl\/","name":"Excel Advisor","description":"Uw gids voor datadominantie","publisher":{"@id":"https:\/\/exceladvisor.org\/nl\/#organization"},"potentialAction":[{"@type":"SearchAction","target":{"@type":"EntryPoint","urlTemplate":"https:\/\/exceladvisor.org\/nl\/?s={search_term_string}"},"query-input":{"@type":"PropertyValueSpecification","valueRequired":true,"valueName":"search_term_string"}}],"inLanguage":"nl-NL"},{"@type":"Organization","@id":"https:\/\/exceladvisor.org\/nl\/#organization","name":"Excel Advisor","url":"https:\/\/exceladvisor.org\/nl\/","logo":{"@type":"ImageObject","inLanguage":"nl-NL","@id":"https:\/\/exceladvisor.org\/nl\/#\/schema\/logo\/image\/","url":"https:\/\/exceladvisor.org\/nl\/wp-content\/uploads\/2023\/12\/exceladvisor.org_.png","contentUrl":"https:\/\/exceladvisor.org\/nl\/wp-content\/uploads\/2023\/12\/exceladvisor.org_.png","width":105,"height":36,"caption":"Excel Advisor"},"image":{"@id":"https:\/\/exceladvisor.org\/nl\/#\/schema\/logo\/image\/"}}]}},"yoast_meta":{"yoast_wpseo_title":"","yoast_wpseo_metadesc":"","yoast_wpseo_canonical":""},"_links":{"self":[{"href":"https:\/\/exceladvisor.org\/nl\/wp-json\/wp\/v2\/pages\/1538","targetHints":{"allow":["GET"]}}],"collection":[{"href":"https:\/\/exceladvisor.org\/nl\/wp-json\/wp\/v2\/pages"}],"about":[{"href":"https:\/\/exceladvisor.org\/nl\/wp-json\/wp\/v2\/types\/page"}],"author":[{"embeddable":true,"href":"https:\/\/exceladvisor.org\/nl\/wp-json\/wp\/v2\/users\/1"}],"replies":[{"embeddable":true,"href":"https:\/\/exceladvisor.org\/nl\/wp-json\/wp\/v2\/comments?post=1538"}],"version-history":[{"count":1,"href":"https:\/\/exceladvisor.org\/nl\/wp-json\/wp\/v2\/pages\/1538\/revisions"}],"predecessor-version":[{"id":2621,"href":"https:\/\/exceladvisor.org\/nl\/wp-json\/wp\/v2\/pages\/1538\/revisions\/2621"}],"wp:attachment":[{"href":"https:\/\/exceladvisor.org\/nl\/wp-json\/wp\/v2\/media?parent=1538"}],"curies":[{"name":"wp","href":"https:\/\/api.w.org\/{rel}","templated":true}]}}