{"id":1539,"date":"2023-11-17T13:34:11","date_gmt":"2023-11-17T13:34:11","guid":{"rendered":"https:\/\/exceladvisor.org\/nl\/het-controleblad-bestaat\/"},"modified":"2023-12-06T05:56:46","modified_gmt":"2023-12-06T05:56:46","slug":"het-controleblad-bestaat","status":"publish","type":"page","link":"https:\/\/exceladvisor.org\/nl\/het-controleblad-bestaat\/","title":{"rendered":"Hoe controleer ik of een blad bestaat met vba?"},"content":{"rendered":"<div class=\"excel-voor-de-inhoud\" id=\"excel-440635917\"><script type=\"text\/javascript\">\r\n\tatOptions = {\r\n\t\t'key' : 'c1158f160081d6540a8409e6925dab94',\r\n\t\t'format' : 'iframe',\r\n\t\t'height' : 250,\r\n\t\t'width' : 300,\r\n\t\t'params' : {}\r\n\t};\r\n<\/script>\r\n<script type=\"text\/javascript\" src=\"\/\/www.highperformanceformat.com\/c1158f160081d6540a8409e6925dab94\/invoke.js\"><\/script><\/div> <p>Als u een blad wilt maken, verwijderen, verplaatsen of kopi\u00ebren, moet u weten of dit blad bestaat of niet.<\/p><p> Om code te schrijven om te controleren of het blad bestaat of niet, hebt u een lus nodig die door elk blad in de werkmap loopt en overeenkomt met de naam die u heeft opgegeven. Maar het punt is: je kunt hiervoor twee verschillende lussen gebruiken ( <a href=\"https:\/\/exceladvisor.org\/nl\/voor-de-lus\/\">For Next en For Each<\/a> ), en vandaag zullen we beide gebruiken.<\/p><p> In deze zelfstudie bekijken we verschillende manieren om dit te doen. Zorg er dus voor dat het <a href=\"https:\/\/exceladvisor.org\/nl\/voeg-een-ontwikkelaarstabblad-toe\/\">tabblad Ontwikkelaars op uw lint<\/a> staat en open de <a href=\"https:\/\/exceladvisor.org\/nl\/eenvoudige-visuele-editor\/\">VBA-editor<\/a> om deze code te schrijven.<\/p><h2 class=\"wp-block-heading\"> Controleer of er een blad bestaat in de huidige werkmap<\/h2><p> Met deze lus kunt u naar alle bladen in de werkmap verwijzen en ze \u00e9\u00e9n voor \u00e9\u00e9n doorlopen om de bladnaam te matchen met de naam van het blad waarnaar u wilt zoeken.<\/p><p> Volg deze stappen:<\/p><ol><li> Declareer eerst een variabele die u voor het blad wilt gebruiken bij het uitvoeren van de lus en sla de naam op van het blad waarnaar u wilt zoeken. <br><img loading=\"lazy\" decoding=\"async\" title=\"1-declareer-een-variabele-die-voor-het-blad-gebruikt-is\" src=\"https:\/\/exceladvisor.org\/wp-content\/uploads\/2023\/08\/1-declarer-une-variable-a-utiliser-pour-la-feuille.png\" sizes=\"auto, \" srcset=\"\" alt=\"declare-a-variable-to-use-for-the-sheet\" width=\"356\" height=\"215\"><\/li><li> Schrijf vervolgens een regel code voor een invoervak waarin u de naam invoert van het blad waarnaar u wilt zoeken. <br><img loading=\"lazy\" decoding=\"async\" title=\"2 regels code voor een invoergebied\" src=\"https:\/\/exceladvisor.org\/wp-content\/uploads\/2023\/08\/2-lignes-de-code-pour-une-zone-de-saisie.png\" sizes=\"auto, \" srcset=\"\" alt=\"line-of-code-for-an-input-box\" width=\"473\" height=\"211\"><\/li><li> Start daarna uw lus met het trefwoord For Each. En <a href=\"https:\/\/exceladvisor.org\/nl\/variabelen\/\">gebruik de variabele<\/a> om naar elk werkblad in de werkmap te verwijzen. <br><img loading=\"lazy\" decoding=\"async\" title=\"3-start-je-lus\" src=\"https:\/\/exceladvisor.org\/wp-content\/uploads\/2023\/08\/3-commencez-votre-boucle.png\" sizes=\"auto, \" srcset=\"\" alt=\"start-your-loop\" width=\"461\" height=\"325\"><\/li><li> Vanaf hier moet u een <a href=\"https:\/\/exceladvisor.org\/nl\/variabelen\/\">IF THEN ELSE<\/a> -instructie schrijven om de bladnaam te matchen met de naam die u in het invoervak hebt ingevoerd, vervolgens een berichtvenster weergeven als de overeenkomst is gevonden en de procedure afsluiten. <br><img loading=\"lazy\" decoding=\"async\" title=\"4-schrijf-een-als-dan-anders\" src=\"https:\/\/exceladvisor.org\/wp-content\/uploads\/2023\/08\/4-ecrire-un-si-alors-sinon.png\" sizes=\"auto, \" srcset=\"\" alt=\"write-an-if-then-else\" width=\"516\" height=\"331\"><\/li><li> Aan het einde wordt een <a href=\"https:\/\/exceladvisor.org\/nl\/vba-berichtbox\/\">berichtvenster<\/a> weergegeven waarin u wordt ge\u00efnformeerd als er geen overeenkomst is gevonden. <br><img loading=\"lazy\" decoding=\"async\" title=\"5 berichtenvakken om weer te geven\" src=\"https:\/\/exceladvisor.org\/wp-content\/uploads\/2023\/08\/5-boite-de-message-a-afficher.png\" sizes=\"auto, \" srcset=\"\" alt=\"message-box-to-show\" width=\"668\" height=\"513\"><\/li><\/ol><p class=\"content-box-grey\"> <em>Handige links: <a href=\"https:\/\/exceladvisor.org\/nl\/voer-een-macro-uit-2\/\">Een macro uitvoeren<\/a> \u2013 <a href=\"https:\/\/exceladvisor.org\/nl\/een-macro-opnemen\/\">Macrorecorder<\/a> \u2013 <a href=\"https:\/\/exceladvisor.org\/nl\/eenvoudige-visuele-editor\/\">Visual Basic Editor<\/a> \u2013 <a href=\"https:\/\/exceladvisor.org\/nl\/persoonlijk-macronotitieboekje\/\">Handboek voor persoonlijke macro&#8217;s<\/a><\/em><\/p><p> <strong>Volledige code:<\/strong><\/p><pre class=\"wp-block-code\"> <code class=\"language-visual-basic\" lang=\"visual-basic\">Sub vba_check_sheet() Dim sht As Worksheet Dim shtName As String shtName = InputBox(Prompt:=\"Enter the sheet name\", _ Title:=\"Search Sheet\") For Each sht In ThisWorkbook.Worksheets If sht.Name = shtName Then MsgBox \"Yes! \" &amp; shtName &amp; \" is there in the workbook.\" Exit Sub End If Next sht MsgBox \"No! \" &amp; shtName &amp; \"is not there in the workbook.\" End Sub<\/code><\/pre><p> <strong>Laat me uitleggen hoe het werkt:<\/strong> Wanneer u deze code uitvoert, verschijnt er een bericht waarin u de naam moet invoeren van het blad waarnaar u wilt zoeken.<\/p><p> Daarna doorloopt het elk blad om de naam te matchen met de naam die u hebt ingevoerd, en als de naam overeenkomt met een blad, wordt er \u00e9\u00e9n bericht weergegeven en een ander bericht als er geen overeenkomst is.<\/p><p> Hier is nog een code om te controleren of een blad bestaat of niet.<\/p><pre class=\"wp-block-code\"> <code class=\"language-visual-basic\" lang=\"visual-basic\">Sub vba_check_sheet() Dim sht As Worksheet Dim shtName As String Dim i As Long i = Sheets.Count shtName = InputBox(Prompt:=\"Enter the sheet name\", _ Title:=\"Search Sheet\") For i = 1 To i If Sheets(i).Name = shtName Then MsgBox \"Yes! \" &amp; shtName &amp; \" is there in the workbook.\" Exit Sub End If Next i MsgBox \"No! \" &amp; shtName &amp; \" is not there in the workbook.\" End Sub<\/code><\/pre><p> Deze code maakt gebruik van de FOR NEXT-lus en gebruikt het totale aantal bladen in de werkmap, en op basis daarvan doorloopt u elk blad dat overeenkomt met de naam die u hebt ingevoerd.<\/p><h2 class=\"wp-block-heading\"> Controleer of een blad bestaat in een gesloten werkmap<\/h2><p> In de volgende code hebt u een lus die zoekt naar de bladnaam in een gesloten werkmap. Om naar het bestand te verwijzen, hebben we het bestandsadres gebruikt.<\/p><pre class=\"wp-block-code\"> <code class=\"language-visual-basic\" lang=\"visual-basic\">Sub vba_check_sheet() Dim wb As Workbook Dim sht As Worksheet Dim shtName As String shtName = InputBox(Prompt:=\"Enter the sheet name\", _ Title:=\"Search Sheet\") Application.ScreenUpdating = False Set wb = Workbooks.Open _ (\"C:UsersDellDesktopsample-file.xlsx\") For Each sht In wb.Worksheets If sht.Name = shtName Then wb.Close SaveChanges:=True MsgBox \"Yes! \" &amp; shtName &amp; \" is there in the workbook.\" _ , vbInformation, \"Found\" Exit Sub End If Next sht Application.ScreenUpdating = False MsgBox \"No! \" &amp; shtName _ &amp; \" is not there in the workbook.\", _ vbCritical, \"Not Found\" End Sub<\/code><\/pre><p> Wanneer u deze macro uitvoert, wordt het bestand achterin geopend wanneer u schermupdates hebt uitgeschakeld, en zodra alle bladen zijn doorlopen, heeft u de code om schermupdates in te schakelen. &#8216;scherm.<\/p><p class=\"qt-tip\"> <strong>Opmerking:<\/strong> Zoals u kunt zien, hebben we in het bestandslocatieadres de bestandsextensie, wat betekent dat u de juiste bestandsextensie nodig heeft om ernaar te verwijzen.<\/p><div class=\"gb-container gb-container-4db6181c gb-container-mt\"> <a class=\"gb-button gb-button-c5897111 gb-button-text gb-button-mt-button\" href=\"https:\/\/exceladvisor.org\/nl\/vba\/\">Wat is VBA<\/a><h2 class=\"gb-headline gb-headline-665e5f6b gb-headline-text gb-headline-mt-heading\"> Gerelateerde tutorials <\/h2><div class=\"gb-grid-wrapper gb-grid-wrapper-a20baf7c gb-grid-wrapper-mt-grid\"><div class=\"gb-grid-column gb-grid-column-65ddf67e\"><div class=\"gb-container gb-container-65ddf67e\"><ul><li> <a href=\"https:\/\/exceladvisor.org\/nl\/duidelijk-blad\/\">WIS een heel blad met VBA in Excel<\/a><\/li><li> <a href=\"https:\/\/exceladvisor.org\/nl\/kopieer-blad\/\">Kopieer en verplaats een blad in Excel met VBA<\/a><\/li><li> <a href=\"https:\/\/exceladvisor.org\/nl\/tel-de-bladeren\/\">COUNT Spreadsheets met VBA in Excel<\/a><\/li><li> <a href=\"https:\/\/exceladvisor.org\/nl\/een-blad-verwijderen-1\/\">VERWIJDER een BLAD met VBA in Excel<\/a><\/li><li> <a href=\"https:\/\/exceladvisor.org\/nl\/blad-verbergen\/\">Verberg en toon een blad met VBA in Excel<\/a><\/li><\/ul><\/div><\/div><\/div><\/div>","protected":false},"excerpt":{"rendered":"","protected":false},"author":1,"featured_media":0,"parent":0,"menu_order":0,"comment_status":"open","ping_status":"closed","template":"","meta":{"ub_ctt_via":"","footnotes":""},"class_list":["post-1539","page","type-page","status-publish","hentry"],"featured_image_src":null,"yoast_head":"<!-- This site is optimized with the Yoast SEO plugin v25.4 - https:\/\/yoast.com\/wordpress\/plugins\/seo\/ -->\n<title>Hoe controleer ik of een blad bestaat met VBA in Excel?<\/title>\n<meta name=\"description\" content=\"Als u een blad wilt maken, verwijderen, verplaatsen of kopi\u00ebren, moet u weten of dit blad bestaat of niet.\" \/>\n<meta name=\"robots\" content=\"index, follow, max-snippet:-1, max-image-preview:large, max-video-preview:-1\" \/>\n<link rel=\"canonical\" href=\"https:\/\/exceladvisor.org\/nl\/het-controleblad-bestaat\/\" \/>\n<meta property=\"og:locale\" content=\"nl_NL\" \/>\n<meta property=\"og:type\" content=\"article\" \/>\n<meta property=\"og:title\" content=\"Hoe controleer ik of een blad bestaat met VBA in Excel?\" \/>\n<meta property=\"og:description\" content=\"Als u een blad wilt maken, verwijderen, verplaatsen of kopi\u00ebren, moet u weten of dit blad bestaat of niet.\" \/>\n<meta property=\"og:url\" content=\"https:\/\/exceladvisor.org\/nl\/het-controleblad-bestaat\/\" \/>\n<meta property=\"og:site_name\" content=\"Excel Advisor\" \/>\n<meta property=\"article:modified_time\" content=\"2023-12-06T05:56:46+00:00\" \/>\n<meta property=\"og:image\" content=\"https:\/\/exceladvisor.org\/wp-content\/uploads\/2023\/08\/1-declarer-une-variable-a-utiliser-pour-la-feuille.png\" \/>\n<meta name=\"twitter:card\" content=\"summary_large_image\" \/>\n<meta name=\"twitter:label1\" content=\"Geschatte leestijd\" \/>\n\t<meta name=\"twitter:data1\" content=\"4 minuten\" \/>\n<script type=\"application\/ld+json\" class=\"yoast-schema-graph\">{\"@context\":\"https:\/\/schema.org\",\"@graph\":[{\"@type\":\"WebPage\",\"@id\":\"https:\/\/exceladvisor.org\/nl\/het-controleblad-bestaat\/\",\"url\":\"https:\/\/exceladvisor.org\/nl\/het-controleblad-bestaat\/\",\"name\":\"Hoe controleer ik of een blad bestaat met VBA in Excel?\",\"isPartOf\":{\"@id\":\"https:\/\/exceladvisor.org\/nl\/#website\"},\"primaryImageOfPage\":{\"@id\":\"https:\/\/exceladvisor.org\/nl\/het-controleblad-bestaat\/#primaryimage\"},\"image\":{\"@id\":\"https:\/\/exceladvisor.org\/nl\/het-controleblad-bestaat\/#primaryimage\"},\"thumbnailUrl\":\"https:\/\/exceladvisor.org\/wp-content\/uploads\/2023\/08\/1-declarer-une-variable-a-utiliser-pour-la-feuille.png\",\"datePublished\":\"2023-11-17T13:34:11+00:00\",\"dateModified\":\"2023-12-06T05:56:46+00:00\",\"description\":\"Als u een blad wilt maken, verwijderen, verplaatsen of kopi\u00ebren, moet u weten of dit blad bestaat of niet.\",\"breadcrumb\":{\"@id\":\"https:\/\/exceladvisor.org\/nl\/het-controleblad-bestaat\/#breadcrumb\"},\"inLanguage\":\"nl-NL\",\"potentialAction\":[{\"@type\":\"ReadAction\",\"target\":[\"https:\/\/exceladvisor.org\/nl\/het-controleblad-bestaat\/\"]}]},{\"@type\":\"ImageObject\",\"inLanguage\":\"nl-NL\",\"@id\":\"https:\/\/exceladvisor.org\/nl\/het-controleblad-bestaat\/#primaryimage\",\"url\":\"https:\/\/exceladvisor.org\/wp-content\/uploads\/2023\/08\/1-declarer-une-variable-a-utiliser-pour-la-feuille.png\",\"contentUrl\":\"https:\/\/exceladvisor.org\/wp-content\/uploads\/2023\/08\/1-declarer-une-variable-a-utiliser-pour-la-feuille.png\"},{\"@type\":\"BreadcrumbList\",\"@id\":\"https:\/\/exceladvisor.org\/nl\/het-controleblad-bestaat\/#breadcrumb\",\"itemListElement\":[{\"@type\":\"ListItem\",\"position\":1,\"name\":\"Thuis\",\"item\":\"https:\/\/exceladvisor.org\/nl\/\"},{\"@type\":\"ListItem\",\"position\":2,\"name\":\"Hoe controleer ik of een blad bestaat met vba?\"}]},{\"@type\":\"WebSite\",\"@id\":\"https:\/\/exceladvisor.org\/nl\/#website\",\"url\":\"https:\/\/exceladvisor.org\/nl\/\",\"name\":\"Excel Advisor\",\"description\":\"Uw gids voor datadominantie\",\"publisher\":{\"@id\":\"https:\/\/exceladvisor.org\/nl\/#organization\"},\"potentialAction\":[{\"@type\":\"SearchAction\",\"target\":{\"@type\":\"EntryPoint\",\"urlTemplate\":\"https:\/\/exceladvisor.org\/nl\/?s={search_term_string}\"},\"query-input\":{\"@type\":\"PropertyValueSpecification\",\"valueRequired\":true,\"valueName\":\"search_term_string\"}}],\"inLanguage\":\"nl-NL\"},{\"@type\":\"Organization\",\"@id\":\"https:\/\/exceladvisor.org\/nl\/#organization\",\"name\":\"Excel Advisor\",\"url\":\"https:\/\/exceladvisor.org\/nl\/\",\"logo\":{\"@type\":\"ImageObject\",\"inLanguage\":\"nl-NL\",\"@id\":\"https:\/\/exceladvisor.org\/nl\/#\/schema\/logo\/image\/\",\"url\":\"https:\/\/exceladvisor.org\/nl\/wp-content\/uploads\/2023\/12\/exceladvisor.org_.png\",\"contentUrl\":\"https:\/\/exceladvisor.org\/nl\/wp-content\/uploads\/2023\/12\/exceladvisor.org_.png\",\"width\":105,\"height\":36,\"caption\":\"Excel Advisor\"},\"image\":{\"@id\":\"https:\/\/exceladvisor.org\/nl\/#\/schema\/logo\/image\/\"}}]}<\/script>\n<!-- \/ Yoast SEO plugin. -->","yoast_head_json":{"title":"Hoe controleer ik of een blad bestaat met VBA in Excel?","description":"Als u een blad wilt maken, verwijderen, verplaatsen of kopi\u00ebren, moet u weten of dit blad bestaat of niet.","robots":{"index":"index","follow":"follow","max-snippet":"max-snippet:-1","max-image-preview":"max-image-preview:large","max-video-preview":"max-video-preview:-1"},"canonical":"https:\/\/exceladvisor.org\/nl\/het-controleblad-bestaat\/","og_locale":"nl_NL","og_type":"article","og_title":"Hoe controleer ik of een blad bestaat met VBA in Excel?","og_description":"Als u een blad wilt maken, verwijderen, verplaatsen of kopi\u00ebren, moet u weten of dit blad bestaat of niet.","og_url":"https:\/\/exceladvisor.org\/nl\/het-controleblad-bestaat\/","og_site_name":"Excel Advisor","article_modified_time":"2023-12-06T05:56:46+00:00","og_image":[{"url":"https:\/\/exceladvisor.org\/wp-content\/uploads\/2023\/08\/1-declarer-une-variable-a-utiliser-pour-la-feuille.png","type":"","width":"","height":""}],"twitter_card":"summary_large_image","twitter_misc":{"Geschatte leestijd":"4 minuten"},"schema":{"@context":"https:\/\/schema.org","@graph":[{"@type":"WebPage","@id":"https:\/\/exceladvisor.org\/nl\/het-controleblad-bestaat\/","url":"https:\/\/exceladvisor.org\/nl\/het-controleblad-bestaat\/","name":"Hoe controleer ik of een blad bestaat met VBA in Excel?","isPartOf":{"@id":"https:\/\/exceladvisor.org\/nl\/#website"},"primaryImageOfPage":{"@id":"https:\/\/exceladvisor.org\/nl\/het-controleblad-bestaat\/#primaryimage"},"image":{"@id":"https:\/\/exceladvisor.org\/nl\/het-controleblad-bestaat\/#primaryimage"},"thumbnailUrl":"https:\/\/exceladvisor.org\/wp-content\/uploads\/2023\/08\/1-declarer-une-variable-a-utiliser-pour-la-feuille.png","datePublished":"2023-11-17T13:34:11+00:00","dateModified":"2023-12-06T05:56:46+00:00","description":"Als u een blad wilt maken, verwijderen, verplaatsen of kopi\u00ebren, moet u weten of dit blad bestaat of niet.","breadcrumb":{"@id":"https:\/\/exceladvisor.org\/nl\/het-controleblad-bestaat\/#breadcrumb"},"inLanguage":"nl-NL","potentialAction":[{"@type":"ReadAction","target":["https:\/\/exceladvisor.org\/nl\/het-controleblad-bestaat\/"]}]},{"@type":"ImageObject","inLanguage":"nl-NL","@id":"https:\/\/exceladvisor.org\/nl\/het-controleblad-bestaat\/#primaryimage","url":"https:\/\/exceladvisor.org\/wp-content\/uploads\/2023\/08\/1-declarer-une-variable-a-utiliser-pour-la-feuille.png","contentUrl":"https:\/\/exceladvisor.org\/wp-content\/uploads\/2023\/08\/1-declarer-une-variable-a-utiliser-pour-la-feuille.png"},{"@type":"BreadcrumbList","@id":"https:\/\/exceladvisor.org\/nl\/het-controleblad-bestaat\/#breadcrumb","itemListElement":[{"@type":"ListItem","position":1,"name":"Thuis","item":"https:\/\/exceladvisor.org\/nl\/"},{"@type":"ListItem","position":2,"name":"Hoe controleer ik of een blad bestaat met vba?"}]},{"@type":"WebSite","@id":"https:\/\/exceladvisor.org\/nl\/#website","url":"https:\/\/exceladvisor.org\/nl\/","name":"Excel Advisor","description":"Uw gids voor datadominantie","publisher":{"@id":"https:\/\/exceladvisor.org\/nl\/#organization"},"potentialAction":[{"@type":"SearchAction","target":{"@type":"EntryPoint","urlTemplate":"https:\/\/exceladvisor.org\/nl\/?s={search_term_string}"},"query-input":{"@type":"PropertyValueSpecification","valueRequired":true,"valueName":"search_term_string"}}],"inLanguage":"nl-NL"},{"@type":"Organization","@id":"https:\/\/exceladvisor.org\/nl\/#organization","name":"Excel Advisor","url":"https:\/\/exceladvisor.org\/nl\/","logo":{"@type":"ImageObject","inLanguage":"nl-NL","@id":"https:\/\/exceladvisor.org\/nl\/#\/schema\/logo\/image\/","url":"https:\/\/exceladvisor.org\/nl\/wp-content\/uploads\/2023\/12\/exceladvisor.org_.png","contentUrl":"https:\/\/exceladvisor.org\/nl\/wp-content\/uploads\/2023\/12\/exceladvisor.org_.png","width":105,"height":36,"caption":"Excel Advisor"},"image":{"@id":"https:\/\/exceladvisor.org\/nl\/#\/schema\/logo\/image\/"}}]}},"yoast_meta":{"yoast_wpseo_title":"","yoast_wpseo_metadesc":"","yoast_wpseo_canonical":""},"_links":{"self":[{"href":"https:\/\/exceladvisor.org\/nl\/wp-json\/wp\/v2\/pages\/1539","targetHints":{"allow":["GET"]}}],"collection":[{"href":"https:\/\/exceladvisor.org\/nl\/wp-json\/wp\/v2\/pages"}],"about":[{"href":"https:\/\/exceladvisor.org\/nl\/wp-json\/wp\/v2\/types\/page"}],"author":[{"embeddable":true,"href":"https:\/\/exceladvisor.org\/nl\/wp-json\/wp\/v2\/users\/1"}],"replies":[{"embeddable":true,"href":"https:\/\/exceladvisor.org\/nl\/wp-json\/wp\/v2\/comments?post=1539"}],"version-history":[{"count":2,"href":"https:\/\/exceladvisor.org\/nl\/wp-json\/wp\/v2\/pages\/1539\/revisions"}],"predecessor-version":[{"id":3073,"href":"https:\/\/exceladvisor.org\/nl\/wp-json\/wp\/v2\/pages\/1539\/revisions\/3073"}],"wp:attachment":[{"href":"https:\/\/exceladvisor.org\/nl\/wp-json\/wp\/v2\/media?parent=1539"}],"curies":[{"name":"wp","href":"https:\/\/api.w.org\/{rel}","templated":true}]}}