{"id":1552,"date":"2023-11-17T08:33:05","date_gmt":"2023-11-17T08:33:05","guid":{"rendered":"https:\/\/exceladvisor.org\/nl\/controleer-lege-cel\/"},"modified":"2023-12-06T05:56:49","modified_gmt":"2023-12-06T05:56:49","slug":"controleer-lege-cel","status":"publish","type":"page","link":"https:\/\/exceladvisor.org\/nl\/controleer-lege-cel\/","title":{"rendered":"Hoe controleer ik of een cel leeg is via vba?"},"content":{"rendered":"<div class=\"excel-voor-de-inhoud\" id=\"excel-3487724859\"><script type=\"text\/javascript\">\r\n\tatOptions = {\r\n\t\t'key' : 'c1158f160081d6540a8409e6925dab94',\r\n\t\t'format' : 'iframe',\r\n\t\t'height' : 250,\r\n\t\t'width' : 300,\r\n\t\t'params' : {}\r\n\t};\r\n<\/script>\r\n<script type=\"text\/javascript\" src=\"\/\/www.highperformanceformat.com\/c1158f160081d6540a8409e6925dab94\/invoke.js\"><\/script><\/div> <p>Om te controleren of een cel leeg is, kunt u <a href=\"https:\/\/exceladvisor.org\/nl\/is-leeg\/\">de ISEMPTY-functie van VBA<\/a> gebruiken. In deze functie moet u het bereikobject gebruiken om de cel op te geven die u wilt controleren, en het retourneert waar als die cel leeg is, anders onwaar. U kunt een berichtvenster of een cel gebruiken om het resultaat te krijgen.<\/p><h2 class=\"wp-block-heading\"> Gebruik VBA om te controleren of een cel leeg is<\/h2><ol type=\"1\"><li> Begin met de functienaam \u201cIsEmpty\u201d.<\/li><li> Geef de cel op die u wilt controleren.<\/li><li> Gebruik een berichtvenster of cel om de resultaatwaarde op te halen.<\/li><li> Voer aan het einde de code uit. <\/li><\/ol><pre class=\"wp-block-code\"> <code class=\"language-visual-basic\" lang=\"visual-basic\">MsgBox IsEmpty(Range(\"A1\"))<\/code><\/pre><div class=\"wp-block-image\"><figure class=\"aligncenter size-large is-resized\"><img loading=\"lazy\" decoding=\"async\" class=\"wp-image-54527\" src=\"https:\/\/exceladvisor.org\/wp-content\/uploads\/2023\/08\/1-utiliser-vba-pour-verifier-si-une-cellule-est-vide.png\" sizes=\"auto, \" srcset=\"\" alt=\"gebruik vba om te controleren of een cel leeg is\" width=\"584\" height=\"472\"><\/figure><\/div><h2 class=\"wp-block-heading\"> Controleer of meerdere cellen leeg zijn<\/h2><p> Als u lege cellen in een bereik wilt controleren en tellen, moet u elke cel in het bereik herhalen.<\/p><pre class=\"wp-block-code\"> <code class=\"language-visual-basic\" lang=\"visual-basic\">Sub vba_check_empty_cells() Dim i As Long Dim c As Long Dim myRange As Range Dim myCell As Range Set myRange = Range(\"A1:A10\") For Each myCell In myRange c = c + 1 If IsEmpty(myCell) Then i = i + 1 End If Next myCell MsgBox _ \"There are total \" &amp; i &amp; \" empty cell(s) out of \" &amp; c &amp; \".\" End Sub<\/code><\/pre><p> De bovenstaande code doorloopt elke cel in het bereik A1:A10 en controleert elke cel \u00e9\u00e9n voor \u00e9\u00e9n met behulp van de ISEMPTY-functie, of deze leeg is of niet.<\/p><p> En voor elke lege cel wordt een telling uitgevoerd en aan het einde wordt een berichtvenster weergegeven met het totale aantal cellen en lege cellen.<\/p><p> Gebruik de volgende code als u ook lege cellen wilt markeren.<\/p><pre class=\"wp-block-code\"> <code class=\"language-visual-basic\" lang=\"visual-basic\">Dim i As Long Dim c As Long Dim myRange As Range Dim myCell As Range Set myRange = Range(\"A1:A10\") For Each myCell In myRange ' c = c + 1 If IsEmpty(myCell) Then myCell.Interior.Color = RGB(255, 87, 87) i = i + 1 End If Next myCell MsgBox _ \"There are total \" &amp; i &amp; \" empty cell(s) out of \" &amp; c &amp; \".\"<\/code><\/pre><div class=\"gb-container gb-container-4db6181c gb-container-mt\"> <a class=\"gb-button gb-button-c5897111 gb-button-text gb-button-mt-button\" href=\"https:\/\/exceladvisor.org\/nl\/vba\/\">Wat is VBA<\/a><h2 class=\"gb-headline gb-headline-665e5f6b gb-headline-text gb-headline-mt-heading\"> Gerelateerde tutorials <\/h2><div class=\"gb-grid-wrapper gb-grid-wrapper-a20baf7c gb-grid-wrapper-mt-grid\"><div class=\"gb-grid-column gb-grid-column-65ddf67e\"><div class=\"gb-container gb-container-65ddf67e\"><ul><li> <a href=\"https:\/\/exceladvisor.org\/nl\/aantal-lijnen\/\">Tel rijen met VBA in Excel<\/a><\/li><li> <a href=\"https:\/\/exceladvisor.org\/nl\/karakter-lettertype\/\">Excel VBA-lettertype (kleur, grootte, type en vetgedrukt)<\/a><\/li><li> <a href=\"https:\/\/exceladvisor.org\/nl\/verberg-toon-kolomrij\/\">Excel VBA Verberg en toon een kolom of rij<\/a><\/li><li> <a href=\"https:\/\/exceladvisor.org\/nl\/bereik-1\/\">Excel VBA-bereik &#8211; Werken met bereik en cellen<\/a><\/li><li> <a href=\"https:\/\/exceladvisor.org\/nl\/grenzen\/\">Pas randen toe op een cel met VBA in Excel<\/a> <\/li><\/ul><\/div><\/div><div class=\"gb-grid-column gb-grid-column-50067b57\"><div class=\"gb-container gb-container-50067b57\"><\/div><\/div><\/div><\/div>","protected":false},"excerpt":{"rendered":"","protected":false},"author":1,"featured_media":0,"parent":0,"menu_order":0,"comment_status":"open","ping_status":"closed","template":"","meta":{"ub_ctt_via":"","footnotes":""},"class_list":["post-1552","page","type-page","status-publish","hentry"],"featured_image_src":null,"yoast_head":"<!-- This site is optimized with the Yoast SEO plugin v25.4 - https:\/\/yoast.com\/wordpress\/plugins\/seo\/ -->\n<title>Hoe controleer ik of een cel leeg is via VBA? (Tutorial 2023)<\/title>\n<meta name=\"description\" content=\"Deze tutorial laat zien hoe je VBA kunt gebruiken om te controleren of een cel of bereik leeg is of de functie niet gebruikt\" \/>\n<meta name=\"robots\" content=\"index, follow, max-snippet:-1, max-image-preview:large, max-video-preview:-1\" \/>\n<link rel=\"canonical\" href=\"https:\/\/exceladvisor.org\/nl\/controleer-lege-cel\/\" \/>\n<meta property=\"og:locale\" content=\"nl_NL\" \/>\n<meta property=\"og:type\" content=\"article\" \/>\n<meta property=\"og:title\" content=\"Hoe controleer ik of een cel leeg is via VBA? (Tutorial 2023)\" \/>\n<meta property=\"og:description\" content=\"Deze tutorial laat zien hoe je VBA kunt gebruiken om te controleren of een cel of bereik leeg is of de functie niet gebruikt\" \/>\n<meta property=\"og:url\" content=\"https:\/\/exceladvisor.org\/nl\/controleer-lege-cel\/\" \/>\n<meta property=\"og:site_name\" content=\"Excel Advisor\" \/>\n<meta property=\"article:modified_time\" content=\"2023-12-06T05:56:49+00:00\" \/>\n<meta property=\"og:image\" content=\"https:\/\/exceladvisor.org\/wp-content\/uploads\/2023\/08\/1-utiliser-vba-pour-verifier-si-une-cellule-est-vide.png\" \/>\n<meta name=\"twitter:card\" content=\"summary_large_image\" \/>\n<meta name=\"twitter:label1\" content=\"Geschatte leestijd\" \/>\n\t<meta name=\"twitter:data1\" content=\"2 minuten\" \/>\n<script type=\"application\/ld+json\" class=\"yoast-schema-graph\">{\"@context\":\"https:\/\/schema.org\",\"@graph\":[{\"@type\":\"WebPage\",\"@id\":\"https:\/\/exceladvisor.org\/nl\/controleer-lege-cel\/\",\"url\":\"https:\/\/exceladvisor.org\/nl\/controleer-lege-cel\/\",\"name\":\"Hoe controleer ik of een cel leeg is via VBA? (Tutorial 2023)\",\"isPartOf\":{\"@id\":\"https:\/\/exceladvisor.org\/nl\/#website\"},\"primaryImageOfPage\":{\"@id\":\"https:\/\/exceladvisor.org\/nl\/controleer-lege-cel\/#primaryimage\"},\"image\":{\"@id\":\"https:\/\/exceladvisor.org\/nl\/controleer-lege-cel\/#primaryimage\"},\"thumbnailUrl\":\"https:\/\/exceladvisor.org\/wp-content\/uploads\/2023\/08\/1-utiliser-vba-pour-verifier-si-une-cellule-est-vide.png\",\"datePublished\":\"2023-11-17T08:33:05+00:00\",\"dateModified\":\"2023-12-06T05:56:49+00:00\",\"description\":\"Deze tutorial laat zien hoe je VBA kunt gebruiken om te controleren of een cel of bereik leeg is of de functie niet gebruikt\",\"breadcrumb\":{\"@id\":\"https:\/\/exceladvisor.org\/nl\/controleer-lege-cel\/#breadcrumb\"},\"inLanguage\":\"nl-NL\",\"potentialAction\":[{\"@type\":\"ReadAction\",\"target\":[\"https:\/\/exceladvisor.org\/nl\/controleer-lege-cel\/\"]}]},{\"@type\":\"ImageObject\",\"inLanguage\":\"nl-NL\",\"@id\":\"https:\/\/exceladvisor.org\/nl\/controleer-lege-cel\/#primaryimage\",\"url\":\"https:\/\/exceladvisor.org\/wp-content\/uploads\/2023\/08\/1-utiliser-vba-pour-verifier-si-une-cellule-est-vide.png\",\"contentUrl\":\"https:\/\/exceladvisor.org\/wp-content\/uploads\/2023\/08\/1-utiliser-vba-pour-verifier-si-une-cellule-est-vide.png\"},{\"@type\":\"BreadcrumbList\",\"@id\":\"https:\/\/exceladvisor.org\/nl\/controleer-lege-cel\/#breadcrumb\",\"itemListElement\":[{\"@type\":\"ListItem\",\"position\":1,\"name\":\"Thuis\",\"item\":\"https:\/\/exceladvisor.org\/nl\/\"},{\"@type\":\"ListItem\",\"position\":2,\"name\":\"Hoe controleer ik of een cel leeg is via vba?\"}]},{\"@type\":\"WebSite\",\"@id\":\"https:\/\/exceladvisor.org\/nl\/#website\",\"url\":\"https:\/\/exceladvisor.org\/nl\/\",\"name\":\"Excel Advisor\",\"description\":\"Uw gids voor datadominantie\",\"publisher\":{\"@id\":\"https:\/\/exceladvisor.org\/nl\/#organization\"},\"potentialAction\":[{\"@type\":\"SearchAction\",\"target\":{\"@type\":\"EntryPoint\",\"urlTemplate\":\"https:\/\/exceladvisor.org\/nl\/?s={search_term_string}\"},\"query-input\":{\"@type\":\"PropertyValueSpecification\",\"valueRequired\":true,\"valueName\":\"search_term_string\"}}],\"inLanguage\":\"nl-NL\"},{\"@type\":\"Organization\",\"@id\":\"https:\/\/exceladvisor.org\/nl\/#organization\",\"name\":\"Excel Advisor\",\"url\":\"https:\/\/exceladvisor.org\/nl\/\",\"logo\":{\"@type\":\"ImageObject\",\"inLanguage\":\"nl-NL\",\"@id\":\"https:\/\/exceladvisor.org\/nl\/#\/schema\/logo\/image\/\",\"url\":\"https:\/\/exceladvisor.org\/nl\/wp-content\/uploads\/2023\/12\/exceladvisor.org_.png\",\"contentUrl\":\"https:\/\/exceladvisor.org\/nl\/wp-content\/uploads\/2023\/12\/exceladvisor.org_.png\",\"width\":105,\"height\":36,\"caption\":\"Excel Advisor\"},\"image\":{\"@id\":\"https:\/\/exceladvisor.org\/nl\/#\/schema\/logo\/image\/\"}}]}<\/script>\n<!-- \/ Yoast SEO plugin. -->","yoast_head_json":{"title":"Hoe controleer ik of een cel leeg is via VBA? (Tutorial 2023)","description":"Deze tutorial laat zien hoe je VBA kunt gebruiken om te controleren of een cel of bereik leeg is of de functie niet gebruikt","robots":{"index":"index","follow":"follow","max-snippet":"max-snippet:-1","max-image-preview":"max-image-preview:large","max-video-preview":"max-video-preview:-1"},"canonical":"https:\/\/exceladvisor.org\/nl\/controleer-lege-cel\/","og_locale":"nl_NL","og_type":"article","og_title":"Hoe controleer ik of een cel leeg is via VBA? (Tutorial 2023)","og_description":"Deze tutorial laat zien hoe je VBA kunt gebruiken om te controleren of een cel of bereik leeg is of de functie niet gebruikt","og_url":"https:\/\/exceladvisor.org\/nl\/controleer-lege-cel\/","og_site_name":"Excel Advisor","article_modified_time":"2023-12-06T05:56:49+00:00","og_image":[{"url":"https:\/\/exceladvisor.org\/wp-content\/uploads\/2023\/08\/1-utiliser-vba-pour-verifier-si-une-cellule-est-vide.png","type":"","width":"","height":""}],"twitter_card":"summary_large_image","twitter_misc":{"Geschatte leestijd":"2 minuten"},"schema":{"@context":"https:\/\/schema.org","@graph":[{"@type":"WebPage","@id":"https:\/\/exceladvisor.org\/nl\/controleer-lege-cel\/","url":"https:\/\/exceladvisor.org\/nl\/controleer-lege-cel\/","name":"Hoe controleer ik of een cel leeg is via VBA? (Tutorial 2023)","isPartOf":{"@id":"https:\/\/exceladvisor.org\/nl\/#website"},"primaryImageOfPage":{"@id":"https:\/\/exceladvisor.org\/nl\/controleer-lege-cel\/#primaryimage"},"image":{"@id":"https:\/\/exceladvisor.org\/nl\/controleer-lege-cel\/#primaryimage"},"thumbnailUrl":"https:\/\/exceladvisor.org\/wp-content\/uploads\/2023\/08\/1-utiliser-vba-pour-verifier-si-une-cellule-est-vide.png","datePublished":"2023-11-17T08:33:05+00:00","dateModified":"2023-12-06T05:56:49+00:00","description":"Deze tutorial laat zien hoe je VBA kunt gebruiken om te controleren of een cel of bereik leeg is of de functie niet gebruikt","breadcrumb":{"@id":"https:\/\/exceladvisor.org\/nl\/controleer-lege-cel\/#breadcrumb"},"inLanguage":"nl-NL","potentialAction":[{"@type":"ReadAction","target":["https:\/\/exceladvisor.org\/nl\/controleer-lege-cel\/"]}]},{"@type":"ImageObject","inLanguage":"nl-NL","@id":"https:\/\/exceladvisor.org\/nl\/controleer-lege-cel\/#primaryimage","url":"https:\/\/exceladvisor.org\/wp-content\/uploads\/2023\/08\/1-utiliser-vba-pour-verifier-si-une-cellule-est-vide.png","contentUrl":"https:\/\/exceladvisor.org\/wp-content\/uploads\/2023\/08\/1-utiliser-vba-pour-verifier-si-une-cellule-est-vide.png"},{"@type":"BreadcrumbList","@id":"https:\/\/exceladvisor.org\/nl\/controleer-lege-cel\/#breadcrumb","itemListElement":[{"@type":"ListItem","position":1,"name":"Thuis","item":"https:\/\/exceladvisor.org\/nl\/"},{"@type":"ListItem","position":2,"name":"Hoe controleer ik of een cel leeg is via vba?"}]},{"@type":"WebSite","@id":"https:\/\/exceladvisor.org\/nl\/#website","url":"https:\/\/exceladvisor.org\/nl\/","name":"Excel Advisor","description":"Uw gids voor datadominantie","publisher":{"@id":"https:\/\/exceladvisor.org\/nl\/#organization"},"potentialAction":[{"@type":"SearchAction","target":{"@type":"EntryPoint","urlTemplate":"https:\/\/exceladvisor.org\/nl\/?s={search_term_string}"},"query-input":{"@type":"PropertyValueSpecification","valueRequired":true,"valueName":"search_term_string"}}],"inLanguage":"nl-NL"},{"@type":"Organization","@id":"https:\/\/exceladvisor.org\/nl\/#organization","name":"Excel Advisor","url":"https:\/\/exceladvisor.org\/nl\/","logo":{"@type":"ImageObject","inLanguage":"nl-NL","@id":"https:\/\/exceladvisor.org\/nl\/#\/schema\/logo\/image\/","url":"https:\/\/exceladvisor.org\/nl\/wp-content\/uploads\/2023\/12\/exceladvisor.org_.png","contentUrl":"https:\/\/exceladvisor.org\/nl\/wp-content\/uploads\/2023\/12\/exceladvisor.org_.png","width":105,"height":36,"caption":"Excel Advisor"},"image":{"@id":"https:\/\/exceladvisor.org\/nl\/#\/schema\/logo\/image\/"}}]}},"yoast_meta":{"yoast_wpseo_title":"","yoast_wpseo_metadesc":"","yoast_wpseo_canonical":""},"_links":{"self":[{"href":"https:\/\/exceladvisor.org\/nl\/wp-json\/wp\/v2\/pages\/1552","targetHints":{"allow":["GET"]}}],"collection":[{"href":"https:\/\/exceladvisor.org\/nl\/wp-json\/wp\/v2\/pages"}],"about":[{"href":"https:\/\/exceladvisor.org\/nl\/wp-json\/wp\/v2\/types\/page"}],"author":[{"embeddable":true,"href":"https:\/\/exceladvisor.org\/nl\/wp-json\/wp\/v2\/users\/1"}],"replies":[{"embeddable":true,"href":"https:\/\/exceladvisor.org\/nl\/wp-json\/wp\/v2\/comments?post=1552"}],"version-history":[{"count":2,"href":"https:\/\/exceladvisor.org\/nl\/wp-json\/wp\/v2\/pages\/1552\/revisions"}],"predecessor-version":[{"id":3076,"href":"https:\/\/exceladvisor.org\/nl\/wp-json\/wp\/v2\/pages\/1552\/revisions\/3076"}],"wp:attachment":[{"href":"https:\/\/exceladvisor.org\/nl\/wp-json\/wp\/v2\/media?parent=1552"}],"curies":[{"name":"wp","href":"https:\/\/api.w.org\/{rel}","templated":true}]}}