{"id":1554,"date":"2023-11-17T07:52:04","date_gmt":"2023-11-17T07:52:04","guid":{"rendered":"https:\/\/exceladvisor.org\/nl\/kopieer-cel-naar-nieuw-werkblad\/"},"modified":"2023-12-06T05:53:06","modified_gmt":"2023-12-06T05:53:06","slug":"kopieer-cel-naar-nieuw-werkblad","status":"publish","type":"page","link":"https:\/\/exceladvisor.org\/nl\/kopieer-cel-naar-nieuw-werkblad\/","title":{"rendered":"Vba-kopieerbereik naar een ander blad + werkmap"},"content":{"rendered":"<div class=\"excel-voor-de-inhoud\" id=\"excel-1446285003\"><script type=\"text\/javascript\">\r\n\tatOptions = {\r\n\t\t'key' : 'c1158f160081d6540a8409e6925dab94',\r\n\t\t'format' : 'iframe',\r\n\t\t'height' : 250,\r\n\t\t'width' : 300,\r\n\t\t'params' : {}\r\n\t};\r\n<\/script>\r\n<script type=\"text\/javascript\" src=\"\/\/www.highperformanceformat.com\/c1158f160081d6540a8409e6925dab94\/invoke.js\"><\/script><\/div> <p>Om een cel of celbereik naar een ander werkblad te kopi\u00ebren, moet u de &#8220;Kopi\u00ebren&#8221; -methode van VBA gebruiken. Bij deze methode moet u het bereik of de cel defini\u00ebren met behulp van het bereikobject dat u wilt kopi\u00ebren en vervolgens een ander werkblad defini\u00ebren met het bereik waarin u het wilt plakken.<\/p><h2 class=\"wp-block-heading\"> Kopieer een cel of rangschik deze naar een ander werkblad<\/h2><pre class=\"wp-block-code\"> <code class=\"language-visual-basic\" lang=\"visual-basic\">Range(\"A1\").Copy Worksheets(\"Sheet2\").Range(\"A1\")<\/code><\/pre><ol><li> Stel eerst het bereik of de cel in die u wilt kopi\u00ebren. <br><img loading=\"lazy\" decoding=\"async\" title=\"1-set-bereik-of-cel\" src=\"https:\/\/exceladvisor.org\/wp-content\/uploads\/2023\/08\/1-definir-la-plage-ou-la-cellule.png\" sizes=\"auto, \" srcset=\"\" alt=\"define the range or cell\" width=\"373\" height=\"210\"><\/li><li> Typ vervolgens een punt (.) en selecteer de kopieermethode in de lijst met eigenschappen en methoden. <br><img loading=\"lazy\" decoding=\"async\" title=\"2-type-periode-en-selecteer-kopieermethode\" src=\"https:\/\/exceladvisor.org\/wp-content\/uploads\/2023\/08\/2-tapez-un-point-et-selectionnez-la-methode-de-copie.png\" sizes=\"auto, \" srcset=\"\" alt=\"type a dot and select the copy method\" width=\"362\" height=\"244\"><\/li><li> Hier krijgt u een intellisense om de bestemming van de gekopieerde cel in te stellen. <br><img loading=\"lazy\" decoding=\"async\" title=\"3-set-bestemming-van-de-gekopieerde-cel\" src=\"https:\/\/exceladvisor.org\/wp-content\/uploads\/2023\/08\/3-definir-la-destination-de-la-cellule-copiee.png\" sizes=\"auto, \" srcset=\"\" alt=\"define the destination of the copied cell\" width=\"366\" height=\"208\"><\/li><li> Vanaf hier moet u het werkblad en vervolgens het bestemmingsbereik defini\u00ebren. <br><img loading=\"lazy\" decoding=\"async\" title=\"4-stel-het-werkblad-en-het-bestemmingsbereik in\" src=\"https:\/\/exceladvisor.org\/wp-content\/uploads\/2023\/08\/4-definir-la-feuille-de-calcul-et-la-plage-de-destination.png\" sizes=\"auto, \" srcset=\"\" alt=\"define the worksheet and than destination range\" width=\"368\" height=\"164\"><\/li><\/ol><p> Wanneer u deze code nu uitvoert, wordt cel A1 van het <a href=\"https:\/\/exceladvisor.org\/nl\/blad-activeren\/\">actieve blad<\/a> naar &#8220;Blad2&#8221; gekopieerd. E\u00e9n ding waar u zeker van moet zijn, is dat wanneer u een cel kopieert en in een bestemming plakt, de opmaak daar ook wordt geplakt.<\/p><p> Maar als u alleen de waarde van een cel wilt kopi\u00ebren en in de verschillende werkbladen wilt plakken, overweeg dan de volgende code.<\/p><pre class=\"wp-block-code\"> <code class=\"language-visual-basic\" lang=\"visual-basic\">Worksheets(\"Sheet2\").Range(\"A1\") = Range(\"A1\").Value<\/code><\/pre><p> Deze methode maakt geen gebruik van de kopieermethode, maar voegt eenvoudigweg waarde toe aan het doelwerkblad met behulp van een gelijkteken en de waarde-eigenschap met de broncel.<\/p><h2 class=\"wp-block-heading\"> Kopieer cel van een ander werkblad<\/h2><p> Stel nu dat u een cel wilt kopi\u00ebren van een werkblad dat op dat moment niet actief is. In dit geval moet u het werkblad met de broncel defini\u00ebren. Net als de volgende code.<\/p><pre class=\"wp-block-code\"> <code class=\"language-visual-basic\" lang=\"visual-basic\">Worksheets(\"sheet1\").Range(\"A1\").Copy Worksheets(\"Sheet2\").Range(\"A1\")<\/code><\/pre><h2 class=\"wp-block-heading\"> Kopieer een celbereik<\/h2><pre class=\"wp-block-code\"> <code class=\"language-visual-basic\" lang=\"visual-basic\">Range(\"A1:A10\").Copy Worksheets(\"Sheet2\").Range(\"A1:A10\") Range(\"A1:A10\").Copy Worksheets(\"Sheet2\").Range(\"A1\")<\/code><\/pre><h2 class=\"wp-block-heading\"> Kopieer een cel in een werkblad naar een andere werkmap<\/h2><p> Wanneer <a href=\"https:\/\/exceladvisor.org\/nl\/controleer-geopende-werkmap\/\">werkmappen zijn geopend<\/a> maar nog niet zijn opgeslagen.<\/p><pre class=\"wp-block-code\"> <code class=\"language-visual-basic\" lang=\"visual-basic\">Workbooks(\"Book1\").Worksheets(\"Sheet1\").Range(\"A1\").Copy _ Workbooks(\"Book2\").Worksheets(\"Sheet1\").Range(\"A1\")<\/code><\/pre><p> Wanneer <a href=\"https:\/\/exceladvisor.org\/nl\/archiefkast-openen\/\">werkmappen worden geopend<\/a> en opgeslagen.<\/p><pre class=\"wp-block-code\"> <code class=\"language-visual-basic\" lang=\"visual-basic\">Workbooks(\"Book1.xlsx\").Worksheets(\"Sheet1\").Range(\"A1\").Copy _ Workbooks(\"Book2.xlsx\").Worksheets(\"Sheet1\").Range(\"A1\")<\/code><\/pre><h2 class=\"wp-block-heading\"> Kopieer een cel in een werkblad naar een andere gesloten werkmap<\/h2><pre class=\"wp-block-code\"> <code class=\"language-visual-basic\" lang=\"visual-basic\">'to open the workbook that is saved in a folder on your system _ change the path according to the location you have in your _ system Workbooks.Open \"C:UsersDellDesktopmyFile.xlsx\" 'copies cell from the book1 workbook and copy and paste _ it to the workbook myFile Workbooks(\"Book1\").Worksheets(\"Sheet1\").Range(\"A1\").Copy _ Workbooks(\"myFile\").Worksheets(\"Sheet1\").Range(\"A1\") 'close the workbook and after saving Workbooks(\"myFile\").Close SaveChanges:=True<\/code><\/pre><p> Gerelateerd: <a href=\"https:\/\/exceladvisor.org\/nl\/archiefkast-openen\/\">Een werkmap openen met VBA in Excel<\/a><\/p><div class=\"gb-container gb-container-4db6181c gb-container-mt\"> <a class=\"gb-button gb-button-c5897111 gb-button-text gb-button-mt-button\" href=\"https:\/\/exceladvisor.org\/nl\/vba\/\">Wat is VBA<\/a><h2 class=\"gb-headline gb-headline-665e5f6b gb-headline-text gb-headline-mt-heading\"> Gerelateerde tutorials <\/h2><div class=\"gb-grid-wrapper gb-grid-wrapper-a20baf7c gb-grid-wrapper-mt-grid\"><div class=\"gb-grid-column gb-grid-column-65ddf67e\"><div class=\"gb-container gb-container-65ddf67e\"><ul><li> <a href=\"https:\/\/exceladvisor.org\/nl\/aantal-lijnen\/\">Tel rijen met VBA in Excel<\/a><\/li><li> <a href=\"https:\/\/exceladvisor.org\/nl\/karakter-lettertype\/\">Excel VBA-lettertype (kleur, grootte, type en vetgedrukt)<\/a><\/li><li> <a href=\"https:\/\/exceladvisor.org\/nl\/verberg-toon-kolomrij\/\">Excel VBA Verberg en toon een kolom of rij<\/a><\/li><li> <a href=\"https:\/\/exceladvisor.org\/nl\/bereik-1\/\">Excel VBA-bereik &#8211; Werken met bereik en cellen<\/a><\/li><li> <a href=\"https:\/\/exceladvisor.org\/nl\/grenzen\/\">Pas randen toe op een cel met VBA in Excel<\/a><\/li><\/ul><\/div><\/div><\/div><\/div>","protected":false},"excerpt":{"rendered":"","protected":false},"author":1,"featured_media":0,"parent":0,"menu_order":0,"comment_status":"open","ping_status":"closed","template":"","meta":{"ub_ctt_via":"","footnotes":""},"class_list":["post-1554","page","type-page","status-publish","hentry"],"featured_image_src":null,"yoast_head":"<!-- This site is optimized with the Yoast SEO plugin v25.4 - https:\/\/yoast.com\/wordpress\/plugins\/seo\/ -->\n<title>VBA-kopieerbereik naar een ander blad + werkmap<\/title>\n<meta name=\"description\" content=\"In deze zelfstudie ziet u hoe u VBA kunt gebruiken om een cel te kopi\u00ebren of naar een ander blad in dezelfde of een andere werkmap te rangschikken.\" \/>\n<meta name=\"robots\" content=\"index, follow, max-snippet:-1, max-image-preview:large, max-video-preview:-1\" \/>\n<link rel=\"canonical\" href=\"https:\/\/exceladvisor.org\/nl\/kopieer-cel-naar-nieuw-werkblad\/\" \/>\n<meta property=\"og:locale\" content=\"nl_NL\" \/>\n<meta property=\"og:type\" content=\"article\" \/>\n<meta property=\"og:title\" content=\"VBA-kopieerbereik naar een ander blad + werkmap\" \/>\n<meta property=\"og:description\" content=\"In deze zelfstudie ziet u hoe u VBA kunt gebruiken om een cel te kopi\u00ebren of naar een ander blad in dezelfde of een andere werkmap te rangschikken.\" \/>\n<meta property=\"og:url\" content=\"https:\/\/exceladvisor.org\/nl\/kopieer-cel-naar-nieuw-werkblad\/\" \/>\n<meta property=\"og:site_name\" content=\"Excel Advisor\" \/>\n<meta property=\"article:modified_time\" content=\"2023-12-06T05:53:06+00:00\" \/>\n<meta property=\"og:image\" content=\"https:\/\/exceladvisor.org\/wp-content\/uploads\/2023\/08\/1-definir-la-plage-ou-la-cellule.png\" \/>\n<meta name=\"twitter:card\" content=\"summary_large_image\" \/>\n<meta name=\"twitter:label1\" content=\"Geschatte leestijd\" \/>\n\t<meta name=\"twitter:data1\" content=\"2 minuten\" \/>\n<script type=\"application\/ld+json\" class=\"yoast-schema-graph\">{\"@context\":\"https:\/\/schema.org\",\"@graph\":[{\"@type\":\"WebPage\",\"@id\":\"https:\/\/exceladvisor.org\/nl\/kopieer-cel-naar-nieuw-werkblad\/\",\"url\":\"https:\/\/exceladvisor.org\/nl\/kopieer-cel-naar-nieuw-werkblad\/\",\"name\":\"VBA-kopieerbereik naar een ander blad + werkmap\",\"isPartOf\":{\"@id\":\"https:\/\/exceladvisor.org\/nl\/#website\"},\"primaryImageOfPage\":{\"@id\":\"https:\/\/exceladvisor.org\/nl\/kopieer-cel-naar-nieuw-werkblad\/#primaryimage\"},\"image\":{\"@id\":\"https:\/\/exceladvisor.org\/nl\/kopieer-cel-naar-nieuw-werkblad\/#primaryimage\"},\"thumbnailUrl\":\"https:\/\/exceladvisor.org\/wp-content\/uploads\/2023\/08\/1-definir-la-plage-ou-la-cellule.png\",\"datePublished\":\"2023-11-17T07:52:04+00:00\",\"dateModified\":\"2023-12-06T05:53:06+00:00\",\"description\":\"In deze zelfstudie ziet u hoe u VBA kunt gebruiken om een cel te kopi\u00ebren of naar een ander blad in dezelfde of een andere werkmap te rangschikken.\",\"breadcrumb\":{\"@id\":\"https:\/\/exceladvisor.org\/nl\/kopieer-cel-naar-nieuw-werkblad\/#breadcrumb\"},\"inLanguage\":\"nl-NL\",\"potentialAction\":[{\"@type\":\"ReadAction\",\"target\":[\"https:\/\/exceladvisor.org\/nl\/kopieer-cel-naar-nieuw-werkblad\/\"]}]},{\"@type\":\"ImageObject\",\"inLanguage\":\"nl-NL\",\"@id\":\"https:\/\/exceladvisor.org\/nl\/kopieer-cel-naar-nieuw-werkblad\/#primaryimage\",\"url\":\"https:\/\/exceladvisor.org\/wp-content\/uploads\/2023\/08\/1-definir-la-plage-ou-la-cellule.png\",\"contentUrl\":\"https:\/\/exceladvisor.org\/wp-content\/uploads\/2023\/08\/1-definir-la-plage-ou-la-cellule.png\"},{\"@type\":\"BreadcrumbList\",\"@id\":\"https:\/\/exceladvisor.org\/nl\/kopieer-cel-naar-nieuw-werkblad\/#breadcrumb\",\"itemListElement\":[{\"@type\":\"ListItem\",\"position\":1,\"name\":\"Thuis\",\"item\":\"https:\/\/exceladvisor.org\/nl\/\"},{\"@type\":\"ListItem\",\"position\":2,\"name\":\"Vba-kopieerbereik naar een ander blad + werkmap\"}]},{\"@type\":\"WebSite\",\"@id\":\"https:\/\/exceladvisor.org\/nl\/#website\",\"url\":\"https:\/\/exceladvisor.org\/nl\/\",\"name\":\"Excel Advisor\",\"description\":\"Uw gids voor datadominantie\",\"publisher\":{\"@id\":\"https:\/\/exceladvisor.org\/nl\/#organization\"},\"potentialAction\":[{\"@type\":\"SearchAction\",\"target\":{\"@type\":\"EntryPoint\",\"urlTemplate\":\"https:\/\/exceladvisor.org\/nl\/?s={search_term_string}\"},\"query-input\":{\"@type\":\"PropertyValueSpecification\",\"valueRequired\":true,\"valueName\":\"search_term_string\"}}],\"inLanguage\":\"nl-NL\"},{\"@type\":\"Organization\",\"@id\":\"https:\/\/exceladvisor.org\/nl\/#organization\",\"name\":\"Excel Advisor\",\"url\":\"https:\/\/exceladvisor.org\/nl\/\",\"logo\":{\"@type\":\"ImageObject\",\"inLanguage\":\"nl-NL\",\"@id\":\"https:\/\/exceladvisor.org\/nl\/#\/schema\/logo\/image\/\",\"url\":\"https:\/\/exceladvisor.org\/nl\/wp-content\/uploads\/2023\/12\/exceladvisor.org_.png\",\"contentUrl\":\"https:\/\/exceladvisor.org\/nl\/wp-content\/uploads\/2023\/12\/exceladvisor.org_.png\",\"width\":105,\"height\":36,\"caption\":\"Excel Advisor\"},\"image\":{\"@id\":\"https:\/\/exceladvisor.org\/nl\/#\/schema\/logo\/image\/\"}}]}<\/script>\n<!-- \/ Yoast SEO plugin. -->","yoast_head_json":{"title":"VBA-kopieerbereik naar een ander blad + werkmap","description":"In deze zelfstudie ziet u hoe u VBA kunt gebruiken om een cel te kopi\u00ebren of naar een ander blad in dezelfde of een andere werkmap te rangschikken.","robots":{"index":"index","follow":"follow","max-snippet":"max-snippet:-1","max-image-preview":"max-image-preview:large","max-video-preview":"max-video-preview:-1"},"canonical":"https:\/\/exceladvisor.org\/nl\/kopieer-cel-naar-nieuw-werkblad\/","og_locale":"nl_NL","og_type":"article","og_title":"VBA-kopieerbereik naar een ander blad + werkmap","og_description":"In deze zelfstudie ziet u hoe u VBA kunt gebruiken om een cel te kopi\u00ebren of naar een ander blad in dezelfde of een andere werkmap te rangschikken.","og_url":"https:\/\/exceladvisor.org\/nl\/kopieer-cel-naar-nieuw-werkblad\/","og_site_name":"Excel Advisor","article_modified_time":"2023-12-06T05:53:06+00:00","og_image":[{"url":"https:\/\/exceladvisor.org\/wp-content\/uploads\/2023\/08\/1-definir-la-plage-ou-la-cellule.png","type":"","width":"","height":""}],"twitter_card":"summary_large_image","twitter_misc":{"Geschatte leestijd":"2 minuten"},"schema":{"@context":"https:\/\/schema.org","@graph":[{"@type":"WebPage","@id":"https:\/\/exceladvisor.org\/nl\/kopieer-cel-naar-nieuw-werkblad\/","url":"https:\/\/exceladvisor.org\/nl\/kopieer-cel-naar-nieuw-werkblad\/","name":"VBA-kopieerbereik naar een ander blad + werkmap","isPartOf":{"@id":"https:\/\/exceladvisor.org\/nl\/#website"},"primaryImageOfPage":{"@id":"https:\/\/exceladvisor.org\/nl\/kopieer-cel-naar-nieuw-werkblad\/#primaryimage"},"image":{"@id":"https:\/\/exceladvisor.org\/nl\/kopieer-cel-naar-nieuw-werkblad\/#primaryimage"},"thumbnailUrl":"https:\/\/exceladvisor.org\/wp-content\/uploads\/2023\/08\/1-definir-la-plage-ou-la-cellule.png","datePublished":"2023-11-17T07:52:04+00:00","dateModified":"2023-12-06T05:53:06+00:00","description":"In deze zelfstudie ziet u hoe u VBA kunt gebruiken om een cel te kopi\u00ebren of naar een ander blad in dezelfde of een andere werkmap te rangschikken.","breadcrumb":{"@id":"https:\/\/exceladvisor.org\/nl\/kopieer-cel-naar-nieuw-werkblad\/#breadcrumb"},"inLanguage":"nl-NL","potentialAction":[{"@type":"ReadAction","target":["https:\/\/exceladvisor.org\/nl\/kopieer-cel-naar-nieuw-werkblad\/"]}]},{"@type":"ImageObject","inLanguage":"nl-NL","@id":"https:\/\/exceladvisor.org\/nl\/kopieer-cel-naar-nieuw-werkblad\/#primaryimage","url":"https:\/\/exceladvisor.org\/wp-content\/uploads\/2023\/08\/1-definir-la-plage-ou-la-cellule.png","contentUrl":"https:\/\/exceladvisor.org\/wp-content\/uploads\/2023\/08\/1-definir-la-plage-ou-la-cellule.png"},{"@type":"BreadcrumbList","@id":"https:\/\/exceladvisor.org\/nl\/kopieer-cel-naar-nieuw-werkblad\/#breadcrumb","itemListElement":[{"@type":"ListItem","position":1,"name":"Thuis","item":"https:\/\/exceladvisor.org\/nl\/"},{"@type":"ListItem","position":2,"name":"Vba-kopieerbereik naar een ander blad + werkmap"}]},{"@type":"WebSite","@id":"https:\/\/exceladvisor.org\/nl\/#website","url":"https:\/\/exceladvisor.org\/nl\/","name":"Excel Advisor","description":"Uw gids voor datadominantie","publisher":{"@id":"https:\/\/exceladvisor.org\/nl\/#organization"},"potentialAction":[{"@type":"SearchAction","target":{"@type":"EntryPoint","urlTemplate":"https:\/\/exceladvisor.org\/nl\/?s={search_term_string}"},"query-input":{"@type":"PropertyValueSpecification","valueRequired":true,"valueName":"search_term_string"}}],"inLanguage":"nl-NL"},{"@type":"Organization","@id":"https:\/\/exceladvisor.org\/nl\/#organization","name":"Excel Advisor","url":"https:\/\/exceladvisor.org\/nl\/","logo":{"@type":"ImageObject","inLanguage":"nl-NL","@id":"https:\/\/exceladvisor.org\/nl\/#\/schema\/logo\/image\/","url":"https:\/\/exceladvisor.org\/nl\/wp-content\/uploads\/2023\/12\/exceladvisor.org_.png","contentUrl":"https:\/\/exceladvisor.org\/nl\/wp-content\/uploads\/2023\/12\/exceladvisor.org_.png","width":105,"height":36,"caption":"Excel Advisor"},"image":{"@id":"https:\/\/exceladvisor.org\/nl\/#\/schema\/logo\/image\/"}}]}},"yoast_meta":{"yoast_wpseo_title":"","yoast_wpseo_metadesc":"","yoast_wpseo_canonical":""},"_links":{"self":[{"href":"https:\/\/exceladvisor.org\/nl\/wp-json\/wp\/v2\/pages\/1554","targetHints":{"allow":["GET"]}}],"collection":[{"href":"https:\/\/exceladvisor.org\/nl\/wp-json\/wp\/v2\/pages"}],"about":[{"href":"https:\/\/exceladvisor.org\/nl\/wp-json\/wp\/v2\/types\/page"}],"author":[{"embeddable":true,"href":"https:\/\/exceladvisor.org\/nl\/wp-json\/wp\/v2\/users\/1"}],"replies":[{"embeddable":true,"href":"https:\/\/exceladvisor.org\/nl\/wp-json\/wp\/v2\/comments?post=1554"}],"version-history":[{"count":1,"href":"https:\/\/exceladvisor.org\/nl\/wp-json\/wp\/v2\/pages\/1554\/revisions"}],"predecessor-version":[{"id":2943,"href":"https:\/\/exceladvisor.org\/nl\/wp-json\/wp\/v2\/pages\/1554\/revisions\/2943"}],"wp:attachment":[{"href":"https:\/\/exceladvisor.org\/nl\/wp-json\/wp\/v2\/media?parent=1554"}],"curies":[{"name":"wp","href":"https:\/\/api.w.org\/{rel}","templated":true}]}}