{"id":1557,"date":"2023-11-17T07:16:19","date_gmt":"2023-11-17T07:16:19","guid":{"rendered":"https:\/\/exceladvisor.org\/nl\/bestandsnaam-ophalen\/"},"modified":"2023-12-06T05:49:39","modified_gmt":"2023-12-06T05:49:39","slug":"bestandsnaam-ophalen","status":"publish","type":"page","link":"https:\/\/exceladvisor.org\/nl\/bestandsnaam-ophalen\/","title":{"rendered":"Hoe krijg ik een bestandsnaam in excel?"},"content":{"rendered":"<div class=\"excel-voor-de-inhoud\" id=\"excel-2139853893\"><script type=\"text\/javascript\">\r\n\tatOptions = {\r\n\t\t'key' : 'c1158f160081d6540a8409e6925dab94',\r\n\t\t'format' : 'iframe',\r\n\t\t'height' : 250,\r\n\t\t'width' : 300,\r\n\t\t'params' : {}\r\n\t};\r\n<\/script>\r\n<script type=\"text\/javascript\" src=\"\/\/www.highperformanceformat.com\/c1158f160081d6540a8409e6925dab94\/invoke.js\"><\/script><\/div> <p>In Excel is er geen directe functie om de bestandsnaam op te halen, maar u kunt de CELL-functie gebruiken om het bestandspad op te halen, waarna we de MID-functie kunnen gebruiken om de bestandsnaam eruit te halen.<\/p><p> U kunt de volgende stappen gebruiken:<\/p><ol type=\"1\"><li> Eerst moet u de CEL-functie in een cel invoeren.<\/li><li> Daarna moet u de \u201cbestandsnaam\u201d in het argument opgeven.<\/li><li> Voer vervolgens de afsluitende haakjes in<\/li><li> Druk aan het einde op Enter.<\/li><\/ol><pre class=\"wp-block-code\"> <code class=\"language-excel-formula\" lang=\"excel-formula\">=CELL(\"filename\")<\/code><\/pre><p> Op dit punt hebt u het pad naar het bestandsadres. In het volgende voorbeeld kunt u zien dat ik het padadres in cel D1 heb. <\/p><div class=\"wp-block-image\"><figure class=\"aligncenter size-full is-resized\"><img loading=\"lazy\" decoding=\"async\" class=\"wp-image-66806\" src=\"https:\/\/exceladvisor.org\/wp-content\/uploads\/2023\/08\/1-obtenir-le-nom-du-fichier.png\" sizes=\"auto, \" srcset=\"\" alt=\"get-bestandsnaam\" width=\"565\" height=\"298\"><\/figure><\/div><p> Het volgende is nu om de bestandsnaam van dit adres te halen, en hiervoor zullen we de MID + SEARCH-functies gebruiken.<\/p><p> Er is \u00e9\u00e9n ding dat u moet opmerken: de bestandsnaam staat tussen vierkante haakjes.<\/p><p> Laten we dus een formule maken om de bestandsnaam te verkrijgen.<\/p><ol><li> Gebruik eerst de ZOEK-functie om de positie van de starthaak te achterhalen met behulp van de zoekfunctie. <br><img loading=\"lazy\" decoding=\"async\" title=\"2-zoekfunctie-om-de-positie te kennen\" src=\"https:\/\/exceladvisor.org\/wp-content\/uploads\/2023\/08\/2-fonction-de-recherche-pour-connaitre-la-position.png\" sizes=\"auto, \" srcset=\"\" alt=\"search-function-to-know-the-position\" width=\"535\" height=\"163\"><\/li><li> Vervolgens moet u de positie van de eindbeugels vinden. <br><img loading=\"lazy\" decoding=\"async\" title=\"Afwerkinghaken met 3 standen\" src=\"https:\/\/exceladvisor.org\/wp-content\/uploads\/2023\/08\/3-position-des-crochets-de-fin.png\" sizes=\"auto, \" srcset=\"\" alt=\"position-of-ending-square-brackets\" width=\"533\" height=\"157\"><\/li><li> Daarna moet u de MID-functie gebruiken om de eindnaam uit het volledige pad te halen.<\/li><li> En hiervoor moeten we de volgende formule gebruiken, waarin u de waarden moet gebruiken die u uit de zoekfunctie heeft gekregen. <br><img loading=\"lazy\" decoding=\"async\" title=\"4-mid-functie-om-bestandsnaam op te halen\" src=\"https:\/\/exceladvisor.org\/wp-content\/uploads\/2023\/08\/4-fonction-mediane-pour-obtenir-le-nom-du-fichier.png\" sizes=\"auto, \" srcset=\"\" alt=\"mid-function-to-get-file-name\" width=\"532\" height=\"173\"><\/li><\/ol><p> Laten we nu deze formule begrijpen die we met de MID-functie hebben geschreven. In de MID-functie:<\/p><ol type=\"1\"><li> In het eerste argument verwees je naar de cel waar we het volledige pad van het bestand hebben.<\/li><li> In het tweede argument gebruikte je de starthaakpositie die je kreeg van de SEARCH-functie en voegde daar vervolgens 1 aan toe.<\/li><li> In het derde argument gebruikte je de positie van het eindhaakje, trok daar de positie van het beginhaakje af en trok er vervolgens 1 van af. Dit geeft je het exacte aantal tekens dat je moet krijgen.<\/li><\/ol><p> Hier heb ik alle functies in \u00e9\u00e9n enkele formule ingevoerd om het resultaat in \u00e9\u00e9n cel te krijgen.<\/p><pre class=\"wp-block-code\"> <code class=\"language-excel-formula\" lang=\"excel-formula\">=MID(CELL(\"filename\"),SEARCH(\"[\",CELL(\"filename\"))+1,SEARCH(\"]\",CELL(\"filename\"))-SEARCH(\"[\",CELL(\"filename\"))-1)<\/code><\/pre><div class=\"gb-container gb-container-0df56012 gb-container-mt\"> <a class=\"gb-button gb-button-f9f432f4 gb-button-text gb-button-mt-button\" href=\"https:\/\/exceladvisor.org\/nl\/formules\/\">Lijst met Excel-formules<\/a><h2 class=\"gb-headline gb-headline-233444e8 gb-headline-text gb-headline-mt-heading\"> Gerelateerde formules <\/h2><div class=\"gb-grid-wrapper gb-grid-wrapper-a16fa65c gb-grid-wrapper-mt-grid\"><div class=\"gb-grid-column gb-grid-column-50d07e0d\"><div class=\"gb-container gb-container-50d07e0d\"><ul><li> <a href=\"https:\/\/exceladvisor.org\/nl\/horizontaal-filter\/\">Maak een horizontaal filter in Excel<\/a><\/li><li> <a href=\"https:\/\/exceladvisor.org\/nl\/sterrenwaardering\/\">Maak een sterrenbeoordelingssjabloon in Excel<\/a><\/li><li> <a href=\"https:\/\/exceladvisor.org\/nl\/bladnaam-ophalen\/\">Haal de bladnaam op in Excel<\/a><\/li><li> <a href=\"https:\/\/exceladvisor.org\/nl\/willekeurige-letters-genereren\/\">Genereer snel willekeurige letters in Excel<\/a><\/li><li> <a href=\"https:\/\/exceladvisor.org\/nl\/randomiseer-de-lijst\/\">Randomiseer een lijst (willekeurig sorteren) in Excel<\/a> <\/li><\/ul><\/div><\/div><div class=\"gb-grid-column gb-grid-column-5b4a0cf9\"><div class=\"gb-container gb-container-5b4a0cf9\"><\/div><\/div><\/div><\/div>","protected":false},"excerpt":{"rendered":"","protected":false},"author":1,"featured_media":0,"parent":0,"menu_order":0,"comment_status":"open","ping_status":"closed","template":"","meta":{"ub_ctt_via":"","footnotes":""},"class_list":["post-1557","page","type-page","status-publish","hentry"],"featured_image_src":null,"yoast_head":"<!-- This site is optimized with the Yoast SEO plugin v25.4 - https:\/\/yoast.com\/wordpress\/plugins\/seo\/ -->\n<title>Hoe krijg ik een bestandsnaam in Excel? - Excel-adviseur<\/title>\n<meta name=\"description\" content=\"In deze zelfstudie leert u verschillende manieren om een bestandsnaam in Excel te verkrijgen met behulp van eenvoudig te gebruiken formules\" \/>\n<meta name=\"robots\" content=\"index, follow, max-snippet:-1, max-image-preview:large, max-video-preview:-1\" \/>\n<link rel=\"canonical\" href=\"https:\/\/exceladvisor.org\/nl\/bestandsnaam-ophalen\/\" \/>\n<meta property=\"og:locale\" content=\"nl_NL\" \/>\n<meta property=\"og:type\" content=\"article\" \/>\n<meta property=\"og:title\" content=\"Hoe krijg ik een bestandsnaam in Excel? - Excel-adviseur\" \/>\n<meta property=\"og:description\" content=\"In deze zelfstudie leert u verschillende manieren om een bestandsnaam in Excel te verkrijgen met behulp van eenvoudig te gebruiken formules\" \/>\n<meta property=\"og:url\" content=\"https:\/\/exceladvisor.org\/nl\/bestandsnaam-ophalen\/\" \/>\n<meta property=\"og:site_name\" content=\"Excel Advisor\" \/>\n<meta property=\"article:modified_time\" content=\"2023-12-06T05:49:39+00:00\" \/>\n<meta property=\"og:image\" content=\"https:\/\/exceladvisor.org\/wp-content\/uploads\/2023\/08\/1-obtenir-le-nom-du-fichier.png\" \/>\n<meta name=\"twitter:card\" content=\"summary_large_image\" \/>\n<meta name=\"twitter:label1\" content=\"Geschatte leestijd\" \/>\n\t<meta name=\"twitter:data1\" content=\"2 minuten\" \/>\n<script type=\"application\/ld+json\" class=\"yoast-schema-graph\">{\"@context\":\"https:\/\/schema.org\",\"@graph\":[{\"@type\":\"WebPage\",\"@id\":\"https:\/\/exceladvisor.org\/nl\/bestandsnaam-ophalen\/\",\"url\":\"https:\/\/exceladvisor.org\/nl\/bestandsnaam-ophalen\/\",\"name\":\"Hoe krijg ik een bestandsnaam in Excel? - Excel-adviseur\",\"isPartOf\":{\"@id\":\"https:\/\/exceladvisor.org\/nl\/#website\"},\"primaryImageOfPage\":{\"@id\":\"https:\/\/exceladvisor.org\/nl\/bestandsnaam-ophalen\/#primaryimage\"},\"image\":{\"@id\":\"https:\/\/exceladvisor.org\/nl\/bestandsnaam-ophalen\/#primaryimage\"},\"thumbnailUrl\":\"https:\/\/exceladvisor.org\/wp-content\/uploads\/2023\/08\/1-obtenir-le-nom-du-fichier.png\",\"datePublished\":\"2023-11-17T07:16:19+00:00\",\"dateModified\":\"2023-12-06T05:49:39+00:00\",\"description\":\"In deze zelfstudie leert u verschillende manieren om een bestandsnaam in Excel te verkrijgen met behulp van eenvoudig te gebruiken formules\",\"breadcrumb\":{\"@id\":\"https:\/\/exceladvisor.org\/nl\/bestandsnaam-ophalen\/#breadcrumb\"},\"inLanguage\":\"nl-NL\",\"potentialAction\":[{\"@type\":\"ReadAction\",\"target\":[\"https:\/\/exceladvisor.org\/nl\/bestandsnaam-ophalen\/\"]}]},{\"@type\":\"ImageObject\",\"inLanguage\":\"nl-NL\",\"@id\":\"https:\/\/exceladvisor.org\/nl\/bestandsnaam-ophalen\/#primaryimage\",\"url\":\"https:\/\/exceladvisor.org\/wp-content\/uploads\/2023\/08\/1-obtenir-le-nom-du-fichier.png\",\"contentUrl\":\"https:\/\/exceladvisor.org\/wp-content\/uploads\/2023\/08\/1-obtenir-le-nom-du-fichier.png\"},{\"@type\":\"BreadcrumbList\",\"@id\":\"https:\/\/exceladvisor.org\/nl\/bestandsnaam-ophalen\/#breadcrumb\",\"itemListElement\":[{\"@type\":\"ListItem\",\"position\":1,\"name\":\"Thuis\",\"item\":\"https:\/\/exceladvisor.org\/nl\/\"},{\"@type\":\"ListItem\",\"position\":2,\"name\":\"Hoe krijg ik een bestandsnaam in excel?\"}]},{\"@type\":\"WebSite\",\"@id\":\"https:\/\/exceladvisor.org\/nl\/#website\",\"url\":\"https:\/\/exceladvisor.org\/nl\/\",\"name\":\"Excel Advisor\",\"description\":\"Uw gids voor datadominantie\",\"publisher\":{\"@id\":\"https:\/\/exceladvisor.org\/nl\/#organization\"},\"potentialAction\":[{\"@type\":\"SearchAction\",\"target\":{\"@type\":\"EntryPoint\",\"urlTemplate\":\"https:\/\/exceladvisor.org\/nl\/?s={search_term_string}\"},\"query-input\":{\"@type\":\"PropertyValueSpecification\",\"valueRequired\":true,\"valueName\":\"search_term_string\"}}],\"inLanguage\":\"nl-NL\"},{\"@type\":\"Organization\",\"@id\":\"https:\/\/exceladvisor.org\/nl\/#organization\",\"name\":\"Excel Advisor\",\"url\":\"https:\/\/exceladvisor.org\/nl\/\",\"logo\":{\"@type\":\"ImageObject\",\"inLanguage\":\"nl-NL\",\"@id\":\"https:\/\/exceladvisor.org\/nl\/#\/schema\/logo\/image\/\",\"url\":\"https:\/\/exceladvisor.org\/nl\/wp-content\/uploads\/2023\/12\/exceladvisor.org_.png\",\"contentUrl\":\"https:\/\/exceladvisor.org\/nl\/wp-content\/uploads\/2023\/12\/exceladvisor.org_.png\",\"width\":105,\"height\":36,\"caption\":\"Excel Advisor\"},\"image\":{\"@id\":\"https:\/\/exceladvisor.org\/nl\/#\/schema\/logo\/image\/\"}}]}<\/script>\n<!-- \/ Yoast SEO plugin. -->","yoast_head_json":{"title":"Hoe krijg ik een bestandsnaam in Excel? - Excel-adviseur","description":"In deze zelfstudie leert u verschillende manieren om een bestandsnaam in Excel te verkrijgen met behulp van eenvoudig te gebruiken formules","robots":{"index":"index","follow":"follow","max-snippet":"max-snippet:-1","max-image-preview":"max-image-preview:large","max-video-preview":"max-video-preview:-1"},"canonical":"https:\/\/exceladvisor.org\/nl\/bestandsnaam-ophalen\/","og_locale":"nl_NL","og_type":"article","og_title":"Hoe krijg ik een bestandsnaam in Excel? - Excel-adviseur","og_description":"In deze zelfstudie leert u verschillende manieren om een bestandsnaam in Excel te verkrijgen met behulp van eenvoudig te gebruiken formules","og_url":"https:\/\/exceladvisor.org\/nl\/bestandsnaam-ophalen\/","og_site_name":"Excel Advisor","article_modified_time":"2023-12-06T05:49:39+00:00","og_image":[{"url":"https:\/\/exceladvisor.org\/wp-content\/uploads\/2023\/08\/1-obtenir-le-nom-du-fichier.png","type":"","width":"","height":""}],"twitter_card":"summary_large_image","twitter_misc":{"Geschatte leestijd":"2 minuten"},"schema":{"@context":"https:\/\/schema.org","@graph":[{"@type":"WebPage","@id":"https:\/\/exceladvisor.org\/nl\/bestandsnaam-ophalen\/","url":"https:\/\/exceladvisor.org\/nl\/bestandsnaam-ophalen\/","name":"Hoe krijg ik een bestandsnaam in Excel? - Excel-adviseur","isPartOf":{"@id":"https:\/\/exceladvisor.org\/nl\/#website"},"primaryImageOfPage":{"@id":"https:\/\/exceladvisor.org\/nl\/bestandsnaam-ophalen\/#primaryimage"},"image":{"@id":"https:\/\/exceladvisor.org\/nl\/bestandsnaam-ophalen\/#primaryimage"},"thumbnailUrl":"https:\/\/exceladvisor.org\/wp-content\/uploads\/2023\/08\/1-obtenir-le-nom-du-fichier.png","datePublished":"2023-11-17T07:16:19+00:00","dateModified":"2023-12-06T05:49:39+00:00","description":"In deze zelfstudie leert u verschillende manieren om een bestandsnaam in Excel te verkrijgen met behulp van eenvoudig te gebruiken formules","breadcrumb":{"@id":"https:\/\/exceladvisor.org\/nl\/bestandsnaam-ophalen\/#breadcrumb"},"inLanguage":"nl-NL","potentialAction":[{"@type":"ReadAction","target":["https:\/\/exceladvisor.org\/nl\/bestandsnaam-ophalen\/"]}]},{"@type":"ImageObject","inLanguage":"nl-NL","@id":"https:\/\/exceladvisor.org\/nl\/bestandsnaam-ophalen\/#primaryimage","url":"https:\/\/exceladvisor.org\/wp-content\/uploads\/2023\/08\/1-obtenir-le-nom-du-fichier.png","contentUrl":"https:\/\/exceladvisor.org\/wp-content\/uploads\/2023\/08\/1-obtenir-le-nom-du-fichier.png"},{"@type":"BreadcrumbList","@id":"https:\/\/exceladvisor.org\/nl\/bestandsnaam-ophalen\/#breadcrumb","itemListElement":[{"@type":"ListItem","position":1,"name":"Thuis","item":"https:\/\/exceladvisor.org\/nl\/"},{"@type":"ListItem","position":2,"name":"Hoe krijg ik een bestandsnaam in excel?"}]},{"@type":"WebSite","@id":"https:\/\/exceladvisor.org\/nl\/#website","url":"https:\/\/exceladvisor.org\/nl\/","name":"Excel Advisor","description":"Uw gids voor datadominantie","publisher":{"@id":"https:\/\/exceladvisor.org\/nl\/#organization"},"potentialAction":[{"@type":"SearchAction","target":{"@type":"EntryPoint","urlTemplate":"https:\/\/exceladvisor.org\/nl\/?s={search_term_string}"},"query-input":{"@type":"PropertyValueSpecification","valueRequired":true,"valueName":"search_term_string"}}],"inLanguage":"nl-NL"},{"@type":"Organization","@id":"https:\/\/exceladvisor.org\/nl\/#organization","name":"Excel Advisor","url":"https:\/\/exceladvisor.org\/nl\/","logo":{"@type":"ImageObject","inLanguage":"nl-NL","@id":"https:\/\/exceladvisor.org\/nl\/#\/schema\/logo\/image\/","url":"https:\/\/exceladvisor.org\/nl\/wp-content\/uploads\/2023\/12\/exceladvisor.org_.png","contentUrl":"https:\/\/exceladvisor.org\/nl\/wp-content\/uploads\/2023\/12\/exceladvisor.org_.png","width":105,"height":36,"caption":"Excel Advisor"},"image":{"@id":"https:\/\/exceladvisor.org\/nl\/#\/schema\/logo\/image\/"}}]}},"yoast_meta":{"yoast_wpseo_title":"","yoast_wpseo_metadesc":"","yoast_wpseo_canonical":""},"_links":{"self":[{"href":"https:\/\/exceladvisor.org\/nl\/wp-json\/wp\/v2\/pages\/1557","targetHints":{"allow":["GET"]}}],"collection":[{"href":"https:\/\/exceladvisor.org\/nl\/wp-json\/wp\/v2\/pages"}],"about":[{"href":"https:\/\/exceladvisor.org\/nl\/wp-json\/wp\/v2\/types\/page"}],"author":[{"embeddable":true,"href":"https:\/\/exceladvisor.org\/nl\/wp-json\/wp\/v2\/users\/1"}],"replies":[{"embeddable":true,"href":"https:\/\/exceladvisor.org\/nl\/wp-json\/wp\/v2\/comments?post=1557"}],"version-history":[{"count":1,"href":"https:\/\/exceladvisor.org\/nl\/wp-json\/wp\/v2\/pages\/1557\/revisions"}],"predecessor-version":[{"id":2635,"href":"https:\/\/exceladvisor.org\/nl\/wp-json\/wp\/v2\/pages\/1557\/revisions\/2635"}],"wp:attachment":[{"href":"https:\/\/exceladvisor.org\/nl\/wp-json\/wp\/v2\/media?parent=1557"}],"curies":[{"name":"wp","href":"https:\/\/api.w.org\/{rel}","templated":true}]}}