{"id":1570,"date":"2023-11-16T15:11:28","date_gmt":"2023-11-16T15:11:28","guid":{"rendered":"https:\/\/exceladvisor.org\/nl\/bereikverschuiving\/"},"modified":"2023-12-06T05:50:35","modified_gmt":"2023-12-06T05:50:35","slug":"bereikverschuiving","status":"publish","type":"page","link":"https:\/\/exceladvisor.org\/nl\/bereikverschuiving\/","title":{"rendered":"Hoe offset gebruiken met het bereikobject in vba?"},"content":{"rendered":"<div class=\"excel-voor-de-inhoud\" id=\"excel-772352663\"><script type=\"text\/javascript\">\r\n\tatOptions = {\r\n\t\t'key' : 'c1158f160081d6540a8409e6925dab94',\r\n\t\t'format' : 'iframe',\r\n\t\t'height' : 250,\r\n\t\t'width' : 300,\r\n\t\t'params' : {}\r\n\t};\r\n<\/script>\r\n<script type=\"text\/javascript\" src=\"\/\/www.highperformanceformat.com\/c1158f160081d6540a8409e6925dab94\/invoke.js\"><\/script><\/div> <p>Door OFFSET te gebruiken met het bereikobject, kunt u van cel naar cel in het werkblad navigeren en kunt u ook een cel of bereik selecteren. Het geeft je ook toegang tot de eigenschappen en methoden die je hebt met het bereikobject dat je wilt gebruiken, maar je moet de argumenten in OFFSET opgeven om het te kunnen gebruiken.<\/p><h2 class=\"wp-block-heading\"> OFFSET gebruiken met het object Bereik<\/h2><ol type=\"1\"><li> Geef het bereik op waarmee u wilt beginnen.<\/li><li> Voer een punt (.) in om een lijst met eigenschappen en methoden te krijgen.<\/li><li> Selecteer de offset-eigenschap en geef de argumenten op (rij en kolom).<\/li><li> Selecteer aan het einde de eigenschap die u met de offset wilt gebruiken. <\/li><\/ol><div class=\"wp-block-image\"><figure class=\"aligncenter size-large is-resized\"><img loading=\"lazy\" decoding=\"async\" class=\"wp-image-53833\" src=\"https:\/\/exceladvisor.org\/wp-content\/uploads\/2023\/08\/1-decalage-avec-lobjet-plage.png\" sizes=\"auto, \" srcset=\"\" alt=\"offset met bereikobject\" width=\"616\" height=\"261\"><\/figure><\/div><h2 class=\"wp-block-heading\"> Selecteer een bereik met OFFSET<\/h2><p> U kunt ook een bereik selecteren dat het aantal rijen en kolommen verwijderd van een bereik is. Neem de onderstaande coderegel, waarmee een bereik van twee cellen wordt geselecteerd, bestaande uit vijf rijen naar beneden en drie kolommen naar rechts. <\/p><pre class=\"wp-block-code\"> <code class=\"language-visual-basic\" lang=\"visual-basic\">Range(\"A1:A2\").Offset(3, 2).Select<\/code><\/pre><div class=\"wp-block-image\"><figure class=\"aligncenter size-large is-resized\"><img loading=\"lazy\" decoding=\"async\" class=\"wp-image-53834\" src=\"https:\/\/exceladvisor.org\/wp-content\/uploads\/2023\/08\/2-selectionner-la-plage-a-laide-du-decalage.png\" sizes=\"auto, \" srcset=\"\" alt=\"bereik selecteren met behulp van offset\" width=\"692\" height=\"335\"><\/figure><\/div><p> Daarnaast kunt u ook code schrijven om het bereik te selecteren met een aangepast formaat. Beschouw een voorbeeld van de volgende code. <\/p><pre class=\"wp-block-code\"> <code class=\"language-visual-basic\" lang=\"visual-basic\">Range(Range(\"A1\").Offset(1, 1), Range(\"A1\").Offset(5, 2)).Select<\/code><\/pre><div class=\"wp-block-image\"><figure class=\"aligncenter size-large is-resized\"><img loading=\"lazy\" decoding=\"async\" class=\"wp-image-53835\" src=\"https:\/\/exceladvisor.org\/wp-content\/uploads\/2023\/08\/3-selectionnez-la-plage-en-utilisant-la-taille-personnalisee.png\" sizes=\"auto, \" srcset=\"\" alt=\"selecteer bereik met aangepast formaat\" width=\"708\" height=\"226\"><\/figure><\/div><p> Om deze code te begrijpen, moet je deze in drie delen verdelen. <\/p><div class=\"wp-block-image\"><figure class=\"aligncenter size-large is-resized\"><img loading=\"lazy\" decoding=\"async\" class=\"wp-image-53836\" src=\"https:\/\/exceladvisor.org\/wp-content\/uploads\/2023\/08\/4-divise-en-trois-parties.png\" sizes=\"auto, \" srcset=\"\" alt=\"verdeeld in drie delen\" width=\"684\" height=\"121\"><\/figure><\/div><p> Allereerst heeft u in dit bereikobject de mogelijkheid om de eerste en laatste cel van het bereik op te geven. <\/p><div class=\"wp-block-image\"><figure class=\"aligncenter size-large is-resized\"><img loading=\"lazy\" decoding=\"async\" class=\"wp-image-53837\" src=\"https:\/\/exceladvisor.org\/wp-content\/uploads\/2023\/08\/5-option-pour-specifier-la-premiere-cellule.png\" sizes=\"auto, \" srcset=\"\" alt=\"optie om de eerste cel op te geven\" width=\"215\" height=\"71\"><\/figure><\/div><p> Laten we nu terugkeren naar het voorbeeld:<\/p><ul><li> In deel EEN gebruikte u het bereikobject om te verwijzen naar de cel \u00e9\u00e9n rij lager en \u00e9\u00e9n kolom rechts van cel A1.<\/li><li> In deel TWEE gebruikte je het bereikobject om te verwijzen naar de cel vijf rijen lager en twee kolommen rechts van cel A1.<\/li><li> In het DERDE deel gebruikte je de cellen in het eerste en tweede deel om naar een bereik te verwijzen en deze te selecteren.<\/li><\/ul><h2 class=\"wp-block-heading\"> OFFSET gebruiken met ActiveCell<\/h2><p> U kunt ook de actieve cel gebruiken in plaats van een vooraf gedefinieerd bereik. Dit betekent dat u een dynamische offset krijgt om een cel te selecteren die vanuit de actieve cel navigeert.<\/p><pre class=\"wp-block-code\"> <code class=\"language-visual-basic\" lang=\"visual-basic\">ActiveCell.Offset(5, 2).Select<\/code><\/pre><p> De bovenstaande coderegel selecteert de cel die vijf rijen lager ligt en twee kolommen rechts van de actieve cel.<\/p><h2 class=\"wp-block-heading\"> OFFSET gebruiken met ActiveCell om een bereik te selecteren<\/h2><p> Gebruik de volgende code om een bereik in de actieve cel te selecteren.<\/p><pre class=\"wp-block-code\"> <code class=\"language-visual-basic\" lang=\"visual-basic\">Range(ActiveCell.Offset(1, 1), ActiveCell.Offset(5, 2)).Select<\/code><\/pre><p> Bekijk deze uitleg om te begrijpen hoe deze code werkt.<\/p><h2 class=\"wp-block-heading\"> Kopieer een bereik met OFFSET<\/h2><pre class=\"wp-block-code\"> <code class=\"language-visual-basic\" lang=\"visual-basic\">Range(Range(\"A1\").Offset(1, 1), Range(\"A1\").Offset(5, 2)).Copy Range(ActiveCell.Offset(1, 1), ActiveCell.Offset(5, 2)).Copy<\/code><\/pre><h2 class=\"wp-block-heading\"> De eigenschap Cells gebruiken met OFFSET<\/h2><p> U kunt de eigenschap OFFSET ook gebruiken met de eigenschap CELLS. Beschouw de volgende code. <\/p><pre class=\"wp-block-code\"> <code class=\"language-visual-basic\" lang=\"visual-basic\">Cells(1, 3).Offset(2, 3).Select<\/code><\/pre><div class=\"wp-block-image\"><figure class=\"aligncenter size-large is-resized\"><img loading=\"lazy\" decoding=\"async\" class=\"wp-image-53838\" src=\"https:\/\/exceladvisor.org\/wp-content\/uploads\/2023\/08\/Propriete-6-cellules-avec-decalage.png\" sizes=\"auto, \" srcset=\"\" alt=\"celeigenschap met offset\" width=\"656\" height=\"236\"><\/figure><\/div><p> De bovenstaande code verwijst eerst naar cel A1 (zoals u hebt opgegeven) met de eerste rij en eerste kolom met behulp van de eigenschap cellen, en gebruikt vervolgens de eigenschap offset om de cel te selecteren die zich twee rijen lager bevindt en drie kolommen heeft.<\/p><div class=\"gb-container gb-container-4db6181c gb-container-mt\"> <a class=\"gb-button gb-button-c5897111 gb-button-text gb-button-mt-button\" href=\"https:\/\/exceladvisor.org\/nl\/vba\/\">Wat is VBA<\/a><h2 class=\"gb-headline gb-headline-665e5f6b gb-headline-text gb-headline-mt-heading\"> Gerelateerde tutorials <\/h2><div class=\"gb-grid-wrapper gb-grid-wrapper-a20baf7c gb-grid-wrapper-mt-grid\"><div class=\"gb-grid-column gb-grid-column-65ddf67e\"><div class=\"gb-container gb-container-65ddf67e\"><ul><li> <a href=\"https:\/\/exceladvisor.org\/nl\/aantal-lijnen\/\">Tel rijen met VBA in Excel<\/a><\/li><li> <a href=\"https:\/\/exceladvisor.org\/nl\/karakter-lettertype\/\">Excel VBA-lettertype (kleur, grootte, type en vetgedrukt)<\/a><\/li><li> <a href=\"https:\/\/exceladvisor.org\/nl\/verberg-toon-kolomrij\/\">Excel VBA Verberg en toon een kolom of rij<\/a><\/li><li> <a href=\"https:\/\/exceladvisor.org\/nl\/bereik-1\/\">Excel VBA-bereik &#8211; Werken met bereik en cellen<\/a><\/li><li> <a href=\"https:\/\/exceladvisor.org\/nl\/grenzen\/\">Pas randen toe op een cel met VBA in Excel<\/a> <\/li><\/ul><\/div><\/div><div class=\"gb-grid-column gb-grid-column-50067b57\"><div class=\"gb-container gb-container-50067b57\"><\/div><\/div><\/div><\/div>","protected":false},"excerpt":{"rendered":"","protected":false},"author":1,"featured_media":0,"parent":0,"menu_order":0,"comment_status":"open","ping_status":"closed","template":"","meta":{"ub_ctt_via":"","footnotes":""},"class_list":["post-1570","page","type-page","status-publish","hentry"],"featured_image_src":null,"yoast_head":"<!-- This site is optimized with the Yoast SEO plugin v25.4 - https:\/\/yoast.com\/wordpress\/plugins\/seo\/ -->\n<title>\u25b7 Hoe OFFSET gebruiken met het bereikobject in VBA?<\/title>\n<meta name=\"description\" content=\"Deze tutorial laat zien hoe je VBA OFFSET gebruikt met een bereik, hoe je een bereik selecteert, zelfs met behulp van de actieve cel.\" \/>\n<meta name=\"robots\" content=\"index, follow, max-snippet:-1, max-image-preview:large, max-video-preview:-1\" \/>\n<link rel=\"canonical\" href=\"https:\/\/exceladvisor.org\/nl\/bereikverschuiving\/\" \/>\n<meta property=\"og:locale\" content=\"nl_NL\" \/>\n<meta property=\"og:type\" content=\"article\" \/>\n<meta property=\"og:title\" content=\"\u25b7 Hoe OFFSET gebruiken met het bereikobject in VBA?\" \/>\n<meta property=\"og:description\" content=\"Deze tutorial laat zien hoe je VBA OFFSET gebruikt met een bereik, hoe je een bereik selecteert, zelfs met behulp van de actieve cel.\" \/>\n<meta property=\"og:url\" content=\"https:\/\/exceladvisor.org\/nl\/bereikverschuiving\/\" \/>\n<meta property=\"og:site_name\" content=\"Excel Advisor\" \/>\n<meta property=\"article:modified_time\" content=\"2023-12-06T05:50:35+00:00\" \/>\n<meta property=\"og:image\" content=\"https:\/\/exceladvisor.org\/wp-content\/uploads\/2023\/08\/1-decalage-avec-lobjet-plage.png\" \/>\n<meta name=\"twitter:card\" content=\"summary_large_image\" \/>\n<meta name=\"twitter:label1\" content=\"Geschatte leestijd\" \/>\n\t<meta name=\"twitter:data1\" content=\"3 minuten\" \/>\n<script type=\"application\/ld+json\" class=\"yoast-schema-graph\">{\"@context\":\"https:\/\/schema.org\",\"@graph\":[{\"@type\":\"WebPage\",\"@id\":\"https:\/\/exceladvisor.org\/nl\/bereikverschuiving\/\",\"url\":\"https:\/\/exceladvisor.org\/nl\/bereikverschuiving\/\",\"name\":\"\u25b7 Hoe OFFSET gebruiken met het bereikobject in VBA?\",\"isPartOf\":{\"@id\":\"https:\/\/exceladvisor.org\/nl\/#website\"},\"primaryImageOfPage\":{\"@id\":\"https:\/\/exceladvisor.org\/nl\/bereikverschuiving\/#primaryimage\"},\"image\":{\"@id\":\"https:\/\/exceladvisor.org\/nl\/bereikverschuiving\/#primaryimage\"},\"thumbnailUrl\":\"https:\/\/exceladvisor.org\/wp-content\/uploads\/2023\/08\/1-decalage-avec-lobjet-plage.png\",\"datePublished\":\"2023-11-16T15:11:28+00:00\",\"dateModified\":\"2023-12-06T05:50:35+00:00\",\"description\":\"Deze tutorial laat zien hoe je VBA OFFSET gebruikt met een bereik, hoe je een bereik selecteert, zelfs met behulp van de actieve cel.\",\"breadcrumb\":{\"@id\":\"https:\/\/exceladvisor.org\/nl\/bereikverschuiving\/#breadcrumb\"},\"inLanguage\":\"nl-NL\",\"potentialAction\":[{\"@type\":\"ReadAction\",\"target\":[\"https:\/\/exceladvisor.org\/nl\/bereikverschuiving\/\"]}]},{\"@type\":\"ImageObject\",\"inLanguage\":\"nl-NL\",\"@id\":\"https:\/\/exceladvisor.org\/nl\/bereikverschuiving\/#primaryimage\",\"url\":\"https:\/\/exceladvisor.org\/wp-content\/uploads\/2023\/08\/1-decalage-avec-lobjet-plage.png\",\"contentUrl\":\"https:\/\/exceladvisor.org\/wp-content\/uploads\/2023\/08\/1-decalage-avec-lobjet-plage.png\"},{\"@type\":\"BreadcrumbList\",\"@id\":\"https:\/\/exceladvisor.org\/nl\/bereikverschuiving\/#breadcrumb\",\"itemListElement\":[{\"@type\":\"ListItem\",\"position\":1,\"name\":\"Thuis\",\"item\":\"https:\/\/exceladvisor.org\/nl\/\"},{\"@type\":\"ListItem\",\"position\":2,\"name\":\"Hoe offset gebruiken met het bereikobject in vba?\"}]},{\"@type\":\"WebSite\",\"@id\":\"https:\/\/exceladvisor.org\/nl\/#website\",\"url\":\"https:\/\/exceladvisor.org\/nl\/\",\"name\":\"Excel Advisor\",\"description\":\"Uw gids voor datadominantie\",\"publisher\":{\"@id\":\"https:\/\/exceladvisor.org\/nl\/#organization\"},\"potentialAction\":[{\"@type\":\"SearchAction\",\"target\":{\"@type\":\"EntryPoint\",\"urlTemplate\":\"https:\/\/exceladvisor.org\/nl\/?s={search_term_string}\"},\"query-input\":{\"@type\":\"PropertyValueSpecification\",\"valueRequired\":true,\"valueName\":\"search_term_string\"}}],\"inLanguage\":\"nl-NL\"},{\"@type\":\"Organization\",\"@id\":\"https:\/\/exceladvisor.org\/nl\/#organization\",\"name\":\"Excel Advisor\",\"url\":\"https:\/\/exceladvisor.org\/nl\/\",\"logo\":{\"@type\":\"ImageObject\",\"inLanguage\":\"nl-NL\",\"@id\":\"https:\/\/exceladvisor.org\/nl\/#\/schema\/logo\/image\/\",\"url\":\"https:\/\/exceladvisor.org\/nl\/wp-content\/uploads\/2023\/12\/exceladvisor.org_.png\",\"contentUrl\":\"https:\/\/exceladvisor.org\/nl\/wp-content\/uploads\/2023\/12\/exceladvisor.org_.png\",\"width\":105,\"height\":36,\"caption\":\"Excel Advisor\"},\"image\":{\"@id\":\"https:\/\/exceladvisor.org\/nl\/#\/schema\/logo\/image\/\"}}]}<\/script>\n<!-- \/ Yoast SEO plugin. -->","yoast_head_json":{"title":"\u25b7 Hoe OFFSET gebruiken met het bereikobject in VBA?","description":"Deze tutorial laat zien hoe je VBA OFFSET gebruikt met een bereik, hoe je een bereik selecteert, zelfs met behulp van de actieve cel.","robots":{"index":"index","follow":"follow","max-snippet":"max-snippet:-1","max-image-preview":"max-image-preview:large","max-video-preview":"max-video-preview:-1"},"canonical":"https:\/\/exceladvisor.org\/nl\/bereikverschuiving\/","og_locale":"nl_NL","og_type":"article","og_title":"\u25b7 Hoe OFFSET gebruiken met het bereikobject in VBA?","og_description":"Deze tutorial laat zien hoe je VBA OFFSET gebruikt met een bereik, hoe je een bereik selecteert, zelfs met behulp van de actieve cel.","og_url":"https:\/\/exceladvisor.org\/nl\/bereikverschuiving\/","og_site_name":"Excel Advisor","article_modified_time":"2023-12-06T05:50:35+00:00","og_image":[{"url":"https:\/\/exceladvisor.org\/wp-content\/uploads\/2023\/08\/1-decalage-avec-lobjet-plage.png","type":"","width":"","height":""}],"twitter_card":"summary_large_image","twitter_misc":{"Geschatte leestijd":"3 minuten"},"schema":{"@context":"https:\/\/schema.org","@graph":[{"@type":"WebPage","@id":"https:\/\/exceladvisor.org\/nl\/bereikverschuiving\/","url":"https:\/\/exceladvisor.org\/nl\/bereikverschuiving\/","name":"\u25b7 Hoe OFFSET gebruiken met het bereikobject in VBA?","isPartOf":{"@id":"https:\/\/exceladvisor.org\/nl\/#website"},"primaryImageOfPage":{"@id":"https:\/\/exceladvisor.org\/nl\/bereikverschuiving\/#primaryimage"},"image":{"@id":"https:\/\/exceladvisor.org\/nl\/bereikverschuiving\/#primaryimage"},"thumbnailUrl":"https:\/\/exceladvisor.org\/wp-content\/uploads\/2023\/08\/1-decalage-avec-lobjet-plage.png","datePublished":"2023-11-16T15:11:28+00:00","dateModified":"2023-12-06T05:50:35+00:00","description":"Deze tutorial laat zien hoe je VBA OFFSET gebruikt met een bereik, hoe je een bereik selecteert, zelfs met behulp van de actieve cel.","breadcrumb":{"@id":"https:\/\/exceladvisor.org\/nl\/bereikverschuiving\/#breadcrumb"},"inLanguage":"nl-NL","potentialAction":[{"@type":"ReadAction","target":["https:\/\/exceladvisor.org\/nl\/bereikverschuiving\/"]}]},{"@type":"ImageObject","inLanguage":"nl-NL","@id":"https:\/\/exceladvisor.org\/nl\/bereikverschuiving\/#primaryimage","url":"https:\/\/exceladvisor.org\/wp-content\/uploads\/2023\/08\/1-decalage-avec-lobjet-plage.png","contentUrl":"https:\/\/exceladvisor.org\/wp-content\/uploads\/2023\/08\/1-decalage-avec-lobjet-plage.png"},{"@type":"BreadcrumbList","@id":"https:\/\/exceladvisor.org\/nl\/bereikverschuiving\/#breadcrumb","itemListElement":[{"@type":"ListItem","position":1,"name":"Thuis","item":"https:\/\/exceladvisor.org\/nl\/"},{"@type":"ListItem","position":2,"name":"Hoe offset gebruiken met het bereikobject in vba?"}]},{"@type":"WebSite","@id":"https:\/\/exceladvisor.org\/nl\/#website","url":"https:\/\/exceladvisor.org\/nl\/","name":"Excel Advisor","description":"Uw gids voor datadominantie","publisher":{"@id":"https:\/\/exceladvisor.org\/nl\/#organization"},"potentialAction":[{"@type":"SearchAction","target":{"@type":"EntryPoint","urlTemplate":"https:\/\/exceladvisor.org\/nl\/?s={search_term_string}"},"query-input":{"@type":"PropertyValueSpecification","valueRequired":true,"valueName":"search_term_string"}}],"inLanguage":"nl-NL"},{"@type":"Organization","@id":"https:\/\/exceladvisor.org\/nl\/#organization","name":"Excel Advisor","url":"https:\/\/exceladvisor.org\/nl\/","logo":{"@type":"ImageObject","inLanguage":"nl-NL","@id":"https:\/\/exceladvisor.org\/nl\/#\/schema\/logo\/image\/","url":"https:\/\/exceladvisor.org\/nl\/wp-content\/uploads\/2023\/12\/exceladvisor.org_.png","contentUrl":"https:\/\/exceladvisor.org\/nl\/wp-content\/uploads\/2023\/12\/exceladvisor.org_.png","width":105,"height":36,"caption":"Excel Advisor"},"image":{"@id":"https:\/\/exceladvisor.org\/nl\/#\/schema\/logo\/image\/"}}]}},"yoast_meta":{"yoast_wpseo_title":"","yoast_wpseo_metadesc":"","yoast_wpseo_canonical":""},"_links":{"self":[{"href":"https:\/\/exceladvisor.org\/nl\/wp-json\/wp\/v2\/pages\/1570","targetHints":{"allow":["GET"]}}],"collection":[{"href":"https:\/\/exceladvisor.org\/nl\/wp-json\/wp\/v2\/pages"}],"about":[{"href":"https:\/\/exceladvisor.org\/nl\/wp-json\/wp\/v2\/types\/page"}],"author":[{"embeddable":true,"href":"https:\/\/exceladvisor.org\/nl\/wp-json\/wp\/v2\/users\/1"}],"replies":[{"embeddable":true,"href":"https:\/\/exceladvisor.org\/nl\/wp-json\/wp\/v2\/comments?post=1570"}],"version-history":[{"count":1,"href":"https:\/\/exceladvisor.org\/nl\/wp-json\/wp\/v2\/pages\/1570\/revisions"}],"predecessor-version":[{"id":2752,"href":"https:\/\/exceladvisor.org\/nl\/wp-json\/wp\/v2\/pages\/1570\/revisions\/2752"}],"wp:attachment":[{"href":"https:\/\/exceladvisor.org\/nl\/wp-json\/wp\/v2\/media?parent=1570"}],"curies":[{"name":"wp","href":"https:\/\/api.w.org\/{rel}","templated":true}]}}