{"id":1574,"date":"2023-11-16T13:19:07","date_gmt":"2023-11-16T13:19:07","guid":{"rendered":"https:\/\/exceladvisor.org\/nl\/blad-verbergen\/"},"modified":"2023-12-06T05:57:44","modified_gmt":"2023-12-06T05:57:44","slug":"blad-verbergen","status":"publish","type":"page","link":"https:\/\/exceladvisor.org\/nl\/blad-verbergen\/","title":{"rendered":"Hoe een blad verbergen\/tonen met vba?"},"content":{"rendered":"<div class=\"excel-voor-de-inhoud\" id=\"excel-345145163\"><script type=\"text\/javascript\">\r\n\tatOptions = {\r\n\t\t'key' : 'c1158f160081d6540a8409e6925dab94',\r\n\t\t'format' : 'iframe',\r\n\t\t'height' : 250,\r\n\t\t'width' : 300,\r\n\t\t'params' : {}\r\n\t};\r\n<\/script>\r\n<script type=\"text\/javascript\" src=\"\/\/www.highperformanceformat.com\/c1158f160081d6540a8409e6925dab94\/invoke.js\"><\/script><\/div> <p>U kunt VBA-code gebruiken om een blad in Excel te verbergen of weer te geven. Wanneer u met de rechtermuisknop op het bladtabblad klikt, ziet u de optie om het te verbergen of weer te geven, en hetzelfde kunt u doen met een VBA-code.<\/p><p> In dit artikel zullen we enkele manieren en methoden bekijken die we kunnen gebruiken.<\/p><h2 class=\"wp-block-heading\"> VBA-code om een blad te verbergen<\/h2><p> Stel dat u &#8216;Blad1&#8217; wilt verbergen in de actieve werkmap. In dit geval moet u code als deze gebruiken.<\/p><pre class=\"wp-block-code\"> <code class=\"language-visual-basic\" lang=\"visual-basic\">Sheets(\"Sheet1\").Visible = False<\/code><\/pre><p> In de bovenstaande code heb je naar Sheet1 verwezen, de eigenschap zichtbaar gebruikt en deze gewijzigd in false.<\/p><h2 class=\"wp-block-heading\"> Maak een blad heel verborgen<\/h2><p> Er is nog een andere optie die u kunt gebruiken om een zeer verborgen blad te maken dat niet gemakkelijk door de gebruiker kan worden verborgen.<\/p><h2 class=\"wp-block-heading\"> Verberg een blad op basis van de waarde van een cel<\/h2><p> Ok\u00e9, als je een celwaarde wilt gebruiken in plaats van rechtstreeks de bladnaam in de code te gebruiken, kun je naar deze cel verwijzen.<\/p><pre class=\"wp-block-code\"> <code class=\"language-visual-basic\" lang=\"visual-basic\">Sheets(Range(\"A1\").Value).Visible = True<\/code><\/pre><p> Deze code verwijst naar cel A1 en gebruikt de waarde daar om te verwijzen naar het blad dat u wilt verbergen.<\/p><p class=\"content-box-grey\"> <em>Handige links: <a href=\"https:\/\/exceladvisor.org\/nl\/voer-een-macro-uit-2\/\">Een macro uitvoeren<\/a> \u2013 <a href=\"https:\/\/exceladvisor.org\/nl\/een-macro-opnemen\/\">Macrorecorder<\/a> \u2013 <a href=\"https:\/\/exceladvisor.org\/nl\/eenvoudige-visuele-editor\/\">Visual Basic Editor<\/a> \u2013 <a href=\"https:\/\/exceladvisor.org\/nl\/persoonlijk-macronotitieboekje\/\">Handboek voor persoonlijke macro&#8217;s<\/a><\/em><\/p><h2 class=\"wp-block-heading\"> Controleer het blad voordat u het verbergt<\/h2><p> U kunt ook een kleine code als deze gebruiken om het werkblad te controleren waarvan u de uitvoer wel of niet wilt verbergen.<\/p><pre class=\"wp-block-code\"> <code class=\"language-visual-basic\" lang=\"visual-basic\">Sub vba_hide_sheet() Dim sht As Worksheet For Each sht In ThisWorkbook.Worksheets If sht.Name = \"Sheet1\" Then sht.Visible = False Exit Sub End If Next sht MsgBox \"Sheet not found\", vbCritical, \"Error\" End Sub<\/code><\/pre><p> De bovenstaande code gebruikt <a href=\"https:\/\/exceladvisor.org\/nl\/voor-de-lus\/\">FOR EACH LOOP<\/a> + <a href=\"https:\/\/exceladvisor.org\/nl\/als-2\/\">IF STATEMENT<\/a> om elk blad in de werkmap te doorlopen. En vink het blad aan dat u wilt verbergen.<\/p><h2 class=\"wp-block-heading\"> Alle bladen verbergen (behalve ActiveSheet)<\/h2><p> Nu is er \u00e9\u00e9n ding dat je moet begrijpen: je kunt niet alle bladeren verbergen. Er moet altijd \u00e9\u00e9n blad zichtbaar zijn.<\/p><pre class=\"wp-block-code\"> <code class=\"language-visual-basic\" lang=\"visual-basic\">Sub vba_hide_sheet() Dim ws As Worksheet For Each ws In ThisWorkbook.Sheets If ActiveSheet.Name &lt;&gt; ws.Name Then ws.Visible = False End If Next ws End Sub<\/code><\/pre><p> De bovenstaande code doorloopt alle bladen in de werkmap, vergelijkt vervolgens de naam van elk blad met de naam van het actieve blad en verbergt deze als deze niet overeenkomt.<\/p><h2 class=\"wp-block-heading\"> VBA-code om een blad weer te geven<\/h2><p> Om een blad weer te geven, moet u de eigenschap zichtbaar wijzigen in TRUE.<\/p><pre class=\"wp-block-code\"> <code class=\"language-visual-basic\" lang=\"visual-basic\">Sheets(\"Sheet1\").Visible = False<\/code><\/pre><p> Als het blad dat u wilt weergeven al zichtbaar is, geeft deze code geen fouten weer. Maar als dit blad niet bestaat, krijgt u een runtime-fout &#8216;9&#8217;. <\/p><div class=\"wp-block-image\"><figure class=\"aligncenter size-large is-resized\"><img loading=\"lazy\" decoding=\"async\" class=\"wp-image-52343\" src=\"https:\/\/exceladvisor.org\/wp-content\/uploads\/2023\/08\/1-code-vba-pour-afficher-une-feuille.png\" sizes=\"auto, \" srcset=\"\" alt=\"vba-code-om-een-blad zichtbaar te maken\" width=\"380\" height=\"214\"><\/figure><\/div><h2 class=\"wp-block-heading\"> Gebruik VBA om alle verborgen bladen weer te geven<\/h2><p> Stel je voor dat je meerdere verborgen werkbladen in een werkmap hebt en als je ze handmatig wilt verbergen, moet je dat een voor een doen.<\/p><p> Maar hier is de code die dit in \u00e9\u00e9n keer doet.<\/p><pre class=\"wp-block-code\"> <code class=\"language-visual-basic\" lang=\"visual-basic\">Sub vba_unhide_sheet() Dim ws As Worksheet For Each ws In ThisWorkbook.Sheets If ws.Visible = False Then ws.Visible = True End If Next ws End Sub<\/code><\/pre><p> Hij doorzoekt elk blad en ontmaskert het.<\/p><div class=\"gb-container gb-container-4db6181c gb-container-mt\"> <a class=\"gb-button gb-button-c5897111 gb-button-text gb-button-mt-button\" href=\"https:\/\/exceladvisor.org\/nl\/vba\/\">Wat is VBA<\/a><h2 class=\"gb-headline gb-headline-665e5f6b gb-headline-text gb-headline-mt-heading\"> Gerelateerde tutorials <\/h2><div class=\"gb-grid-wrapper gb-grid-wrapper-a20baf7c gb-grid-wrapper-mt-grid\"><div class=\"gb-grid-column gb-grid-column-65ddf67e\"><div class=\"gb-container gb-container-65ddf67e\"><ul><li> <a href=\"https:\/\/exceladvisor.org\/nl\/duidelijk-blad\/\">WIS een heel blad met VBA in Excel<\/a><\/li><li> <a href=\"https:\/\/exceladvisor.org\/nl\/kopieer-blad\/\">Kopieer en verplaats een blad in Excel met VBA<\/a><\/li><li> <a href=\"https:\/\/exceladvisor.org\/nl\/tel-de-bladeren\/\">COUNT Spreadsheets met VBA in Excel<\/a><\/li><li> <a href=\"https:\/\/exceladvisor.org\/nl\/een-blad-verwijderen-1\/\">VERWIJDER een BLAD met VBA in Excel<\/a><\/li><li> <a href=\"https:\/\/exceladvisor.org\/nl\/bescherm-het-blad\/\">BESCHERM EN BEVEILIG een blad met VBA in Excel<\/a> <\/li><\/ul><\/div><\/div><div class=\"gb-grid-column gb-grid-column-50067b57\"><div class=\"gb-container gb-container-50067b57\"><\/div><\/div><\/div><\/div>","protected":false},"excerpt":{"rendered":"","protected":false},"author":1,"featured_media":0,"parent":0,"menu_order":0,"comment_status":"open","ping_status":"closed","template":"","meta":{"ub_ctt_via":"","footnotes":""},"class_list":["post-1574","page","type-page","status-publish","hentry"],"featured_image_src":null,"yoast_head":"<!-- This site is optimized with the Yoast SEO plugin v25.4 - https:\/\/yoast.com\/wordpress\/plugins\/seo\/ -->\n<title>\u25b7 Hoe kan ik een blad verbergen\/tonen met VBA?<\/title>\n<meta name=\"description\" content=\"In deze zelfstudie ziet u hoe u een werkblad kunt verbergen en weergeven met VBA-code. Het laat je ook anders zien\" \/>\n<meta name=\"robots\" content=\"index, follow, max-snippet:-1, max-image-preview:large, max-video-preview:-1\" \/>\n<link rel=\"canonical\" href=\"https:\/\/exceladvisor.org\/nl\/blad-verbergen\/\" \/>\n<meta property=\"og:locale\" content=\"nl_NL\" \/>\n<meta property=\"og:type\" content=\"article\" \/>\n<meta property=\"og:title\" content=\"\u25b7 Hoe kan ik een blad verbergen\/tonen met VBA?\" \/>\n<meta property=\"og:description\" content=\"In deze zelfstudie ziet u hoe u een werkblad kunt verbergen en weergeven met VBA-code. Het laat je ook anders zien\" \/>\n<meta property=\"og:url\" content=\"https:\/\/exceladvisor.org\/nl\/blad-verbergen\/\" \/>\n<meta property=\"og:site_name\" content=\"Excel Advisor\" \/>\n<meta property=\"article:modified_time\" content=\"2023-12-06T05:57:44+00:00\" \/>\n<meta property=\"og:image\" content=\"https:\/\/exceladvisor.org\/wp-content\/uploads\/2023\/08\/1-code-vba-pour-afficher-une-feuille.png\" \/>\n<meta name=\"twitter:card\" content=\"summary_large_image\" \/>\n<meta name=\"twitter:label1\" content=\"Geschatte leestijd\" \/>\n\t<meta name=\"twitter:data1\" content=\"3 minuten\" \/>\n<script type=\"application\/ld+json\" class=\"yoast-schema-graph\">{\"@context\":\"https:\/\/schema.org\",\"@graph\":[{\"@type\":\"WebPage\",\"@id\":\"https:\/\/exceladvisor.org\/nl\/blad-verbergen\/\",\"url\":\"https:\/\/exceladvisor.org\/nl\/blad-verbergen\/\",\"name\":\"\u25b7 Hoe kan ik een blad verbergen\/tonen met VBA?\",\"isPartOf\":{\"@id\":\"https:\/\/exceladvisor.org\/nl\/#website\"},\"primaryImageOfPage\":{\"@id\":\"https:\/\/exceladvisor.org\/nl\/blad-verbergen\/#primaryimage\"},\"image\":{\"@id\":\"https:\/\/exceladvisor.org\/nl\/blad-verbergen\/#primaryimage\"},\"thumbnailUrl\":\"https:\/\/exceladvisor.org\/wp-content\/uploads\/2023\/08\/1-code-vba-pour-afficher-une-feuille.png\",\"datePublished\":\"2023-11-16T13:19:07+00:00\",\"dateModified\":\"2023-12-06T05:57:44+00:00\",\"description\":\"In deze zelfstudie ziet u hoe u een werkblad kunt verbergen en weergeven met VBA-code. Het laat je ook anders zien\",\"breadcrumb\":{\"@id\":\"https:\/\/exceladvisor.org\/nl\/blad-verbergen\/#breadcrumb\"},\"inLanguage\":\"nl-NL\",\"potentialAction\":[{\"@type\":\"ReadAction\",\"target\":[\"https:\/\/exceladvisor.org\/nl\/blad-verbergen\/\"]}]},{\"@type\":\"ImageObject\",\"inLanguage\":\"nl-NL\",\"@id\":\"https:\/\/exceladvisor.org\/nl\/blad-verbergen\/#primaryimage\",\"url\":\"https:\/\/exceladvisor.org\/wp-content\/uploads\/2023\/08\/1-code-vba-pour-afficher-une-feuille.png\",\"contentUrl\":\"https:\/\/exceladvisor.org\/wp-content\/uploads\/2023\/08\/1-code-vba-pour-afficher-une-feuille.png\"},{\"@type\":\"BreadcrumbList\",\"@id\":\"https:\/\/exceladvisor.org\/nl\/blad-verbergen\/#breadcrumb\",\"itemListElement\":[{\"@type\":\"ListItem\",\"position\":1,\"name\":\"Thuis\",\"item\":\"https:\/\/exceladvisor.org\/nl\/\"},{\"@type\":\"ListItem\",\"position\":2,\"name\":\"Hoe een blad verbergen\/tonen met vba?\"}]},{\"@type\":\"WebSite\",\"@id\":\"https:\/\/exceladvisor.org\/nl\/#website\",\"url\":\"https:\/\/exceladvisor.org\/nl\/\",\"name\":\"Excel Advisor\",\"description\":\"Uw gids voor datadominantie\",\"publisher\":{\"@id\":\"https:\/\/exceladvisor.org\/nl\/#organization\"},\"potentialAction\":[{\"@type\":\"SearchAction\",\"target\":{\"@type\":\"EntryPoint\",\"urlTemplate\":\"https:\/\/exceladvisor.org\/nl\/?s={search_term_string}\"},\"query-input\":{\"@type\":\"PropertyValueSpecification\",\"valueRequired\":true,\"valueName\":\"search_term_string\"}}],\"inLanguage\":\"nl-NL\"},{\"@type\":\"Organization\",\"@id\":\"https:\/\/exceladvisor.org\/nl\/#organization\",\"name\":\"Excel Advisor\",\"url\":\"https:\/\/exceladvisor.org\/nl\/\",\"logo\":{\"@type\":\"ImageObject\",\"inLanguage\":\"nl-NL\",\"@id\":\"https:\/\/exceladvisor.org\/nl\/#\/schema\/logo\/image\/\",\"url\":\"https:\/\/exceladvisor.org\/nl\/wp-content\/uploads\/2023\/12\/exceladvisor.org_.png\",\"contentUrl\":\"https:\/\/exceladvisor.org\/nl\/wp-content\/uploads\/2023\/12\/exceladvisor.org_.png\",\"width\":105,\"height\":36,\"caption\":\"Excel Advisor\"},\"image\":{\"@id\":\"https:\/\/exceladvisor.org\/nl\/#\/schema\/logo\/image\/\"}}]}<\/script>\n<!-- \/ Yoast SEO plugin. -->","yoast_head_json":{"title":"\u25b7 Hoe kan ik een blad verbergen\/tonen met VBA?","description":"In deze zelfstudie ziet u hoe u een werkblad kunt verbergen en weergeven met VBA-code. Het laat je ook anders zien","robots":{"index":"index","follow":"follow","max-snippet":"max-snippet:-1","max-image-preview":"max-image-preview:large","max-video-preview":"max-video-preview:-1"},"canonical":"https:\/\/exceladvisor.org\/nl\/blad-verbergen\/","og_locale":"nl_NL","og_type":"article","og_title":"\u25b7 Hoe kan ik een blad verbergen\/tonen met VBA?","og_description":"In deze zelfstudie ziet u hoe u een werkblad kunt verbergen en weergeven met VBA-code. Het laat je ook anders zien","og_url":"https:\/\/exceladvisor.org\/nl\/blad-verbergen\/","og_site_name":"Excel Advisor","article_modified_time":"2023-12-06T05:57:44+00:00","og_image":[{"url":"https:\/\/exceladvisor.org\/wp-content\/uploads\/2023\/08\/1-code-vba-pour-afficher-une-feuille.png","type":"","width":"","height":""}],"twitter_card":"summary_large_image","twitter_misc":{"Geschatte leestijd":"3 minuten"},"schema":{"@context":"https:\/\/schema.org","@graph":[{"@type":"WebPage","@id":"https:\/\/exceladvisor.org\/nl\/blad-verbergen\/","url":"https:\/\/exceladvisor.org\/nl\/blad-verbergen\/","name":"\u25b7 Hoe kan ik een blad verbergen\/tonen met VBA?","isPartOf":{"@id":"https:\/\/exceladvisor.org\/nl\/#website"},"primaryImageOfPage":{"@id":"https:\/\/exceladvisor.org\/nl\/blad-verbergen\/#primaryimage"},"image":{"@id":"https:\/\/exceladvisor.org\/nl\/blad-verbergen\/#primaryimage"},"thumbnailUrl":"https:\/\/exceladvisor.org\/wp-content\/uploads\/2023\/08\/1-code-vba-pour-afficher-une-feuille.png","datePublished":"2023-11-16T13:19:07+00:00","dateModified":"2023-12-06T05:57:44+00:00","description":"In deze zelfstudie ziet u hoe u een werkblad kunt verbergen en weergeven met VBA-code. Het laat je ook anders zien","breadcrumb":{"@id":"https:\/\/exceladvisor.org\/nl\/blad-verbergen\/#breadcrumb"},"inLanguage":"nl-NL","potentialAction":[{"@type":"ReadAction","target":["https:\/\/exceladvisor.org\/nl\/blad-verbergen\/"]}]},{"@type":"ImageObject","inLanguage":"nl-NL","@id":"https:\/\/exceladvisor.org\/nl\/blad-verbergen\/#primaryimage","url":"https:\/\/exceladvisor.org\/wp-content\/uploads\/2023\/08\/1-code-vba-pour-afficher-une-feuille.png","contentUrl":"https:\/\/exceladvisor.org\/wp-content\/uploads\/2023\/08\/1-code-vba-pour-afficher-une-feuille.png"},{"@type":"BreadcrumbList","@id":"https:\/\/exceladvisor.org\/nl\/blad-verbergen\/#breadcrumb","itemListElement":[{"@type":"ListItem","position":1,"name":"Thuis","item":"https:\/\/exceladvisor.org\/nl\/"},{"@type":"ListItem","position":2,"name":"Hoe een blad verbergen\/tonen met vba?"}]},{"@type":"WebSite","@id":"https:\/\/exceladvisor.org\/nl\/#website","url":"https:\/\/exceladvisor.org\/nl\/","name":"Excel Advisor","description":"Uw gids voor datadominantie","publisher":{"@id":"https:\/\/exceladvisor.org\/nl\/#organization"},"potentialAction":[{"@type":"SearchAction","target":{"@type":"EntryPoint","urlTemplate":"https:\/\/exceladvisor.org\/nl\/?s={search_term_string}"},"query-input":{"@type":"PropertyValueSpecification","valueRequired":true,"valueName":"search_term_string"}}],"inLanguage":"nl-NL"},{"@type":"Organization","@id":"https:\/\/exceladvisor.org\/nl\/#organization","name":"Excel Advisor","url":"https:\/\/exceladvisor.org\/nl\/","logo":{"@type":"ImageObject","inLanguage":"nl-NL","@id":"https:\/\/exceladvisor.org\/nl\/#\/schema\/logo\/image\/","url":"https:\/\/exceladvisor.org\/nl\/wp-content\/uploads\/2023\/12\/exceladvisor.org_.png","contentUrl":"https:\/\/exceladvisor.org\/nl\/wp-content\/uploads\/2023\/12\/exceladvisor.org_.png","width":105,"height":36,"caption":"Excel Advisor"},"image":{"@id":"https:\/\/exceladvisor.org\/nl\/#\/schema\/logo\/image\/"}}]}},"yoast_meta":{"yoast_wpseo_title":"","yoast_wpseo_metadesc":"","yoast_wpseo_canonical":""},"_links":{"self":[{"href":"https:\/\/exceladvisor.org\/nl\/wp-json\/wp\/v2\/pages\/1574","targetHints":{"allow":["GET"]}}],"collection":[{"href":"https:\/\/exceladvisor.org\/nl\/wp-json\/wp\/v2\/pages"}],"about":[{"href":"https:\/\/exceladvisor.org\/nl\/wp-json\/wp\/v2\/types\/page"}],"author":[{"embeddable":true,"href":"https:\/\/exceladvisor.org\/nl\/wp-json\/wp\/v2\/users\/1"}],"replies":[{"embeddable":true,"href":"https:\/\/exceladvisor.org\/nl\/wp-json\/wp\/v2\/comments?post=1574"}],"version-history":[{"count":1,"href":"https:\/\/exceladvisor.org\/nl\/wp-json\/wp\/v2\/pages\/1574\/revisions"}],"predecessor-version":[{"id":2400,"href":"https:\/\/exceladvisor.org\/nl\/wp-json\/wp\/v2\/pages\/1574\/revisions\/2400"}],"wp:attachment":[{"href":"https:\/\/exceladvisor.org\/nl\/wp-json\/wp\/v2\/media?parent=1574"}],"curies":[{"name":"wp","href":"https:\/\/api.w.org\/{rel}","templated":true}]}}