{"id":1576,"date":"2023-11-16T12:38:56","date_gmt":"2023-11-16T12:38:56","guid":{"rendered":"https:\/\/exceladvisor.org\/nl\/werkmap-hernoemen\/"},"modified":"2023-12-06T05:48:59","modified_gmt":"2023-12-06T05:48:59","slug":"werkmap-hernoemen","status":"publish","type":"page","link":"https:\/\/exceladvisor.org\/nl\/werkmap-hernoemen\/","title":{"rendered":"Hoe hernoem ik een werkmap in vba?"},"content":{"rendered":"<div class=\"excel-voor-de-inhoud\" id=\"excel-2457559265\"><script type=\"text\/javascript\">\r\n\tatOptions = {\r\n\t\t'key' : 'c1158f160081d6540a8409e6925dab94',\r\n\t\t'format' : 'iframe',\r\n\t\t'height' : 250,\r\n\t\t'width' : 300,\r\n\t\t'params' : {}\r\n\t};\r\n<\/script>\r\n<script type=\"text\/javascript\" src=\"\/\/www.highperformanceformat.com\/c1158f160081d6540a8409e6925dab94\/invoke.js\"><\/script><\/div> <p>Om een Excel-bestand dat op uw computer is opgeslagen te hernoemen, moet u de \u201cNAME\u201d-instructie gebruiken. In deze verklaring moet u de oude bestandsnaam defini\u00ebren en de nieuwe naam die u wilt toepassen. Maar er is \u00e9\u00e9n ding dat u moet onthouden: het bestand moet worden gesloten.<\/p><p> Hier heb ik een Excel-bestand dat is opgeslagen in de map &#8220;Data&#8221; op mijn bureaublad en daar in deze map &#8220;SampleFile&#8221; die ik wil hernoemen naar &#8220;myFile&#8221; en de code hiervoor zou als volgt zijn.<\/p><pre class=\"wp-block-code\"> <code class=\"language-visual-basic\" lang=\"visual-basic\">Name \"C:\\Users\\Dell\\Desktop\\myFolder\\SampleFile.xlsx\" As _ \"C:\\Users\\Dell\\Desktop\\myFolder\\myNewFile.xlsx\"<\/code><\/pre><h2 class=\"wp-block-heading\"> Stappen om VBA te gebruiken om de naam van een Excel-bestand te wijzigen<\/h2><p> Laten we nu deze regel code in detail begrijpen. <\/p><div class=\"wp-block-image\"><figure class=\"aligncenter size-large is-resized\"><img loading=\"lazy\" decoding=\"async\" class=\"wp-image-52791\" src=\"https:\/\/exceladvisor.org\/wp-content\/uploads\/2023\/08\/1-renommer-un-classeur-en-utilisant-vba.png\" sizes=\"auto, \" srcset=\"\" alt=\"hernoem-een-werkmap-met-vba\" width=\"619\" height=\"200\"><\/figure><\/div><ol type=\"1\"><li> De naamverklaring waarmee u de code moet beginnen.<\/li><li> Bestandsadres met oude naam en bestandsextensie.<\/li><li> \u2018Vind ik leuk\u2019 verwijst naar de nieuwe naam.<\/li><li> Bestandsadres met nieuwe naam en bestandsextensie.<\/li><\/ol><p class=\"content-box-grey\"> <em>Handige links: <a href=\"https:\/\/exceladvisor.org\/nl\/voer-een-macro-uit-2\/\">Een macro uitvoeren<\/a> \u2013 <a href=\"https:\/\/exceladvisor.org\/nl\/een-macro-opnemen\/\">Macrorecorder<\/a> \u2013 <a href=\"https:\/\/exceladvisor.org\/nl\/eenvoudige-visuele-editor\/\">Visual Basic Editor<\/a> \u2013 <a href=\"https:\/\/exceladvisor.org\/nl\/persoonlijk-macronotitieboekje\/\">Handboek voor persoonlijke macro&#8217;s<\/a><\/em><\/p><p> Om de naamstatussen wat duidelijker te maken, kun je variabelen gebruiken, net als de volgende code. <\/p><div class=\"wp-block-image\"><figure class=\"aligncenter size-large is-resized\"><img loading=\"lazy\" decoding=\"async\" class=\"wp-image-52792\" src=\"https:\/\/exceladvisor.org\/wp-content\/uploads\/2023\/08\/2-vous-pouvez-utiliser-une-variable.png\" sizes=\"auto, \" srcset=\"\" alt=\"u-kunt-een-variabele-gebruiken\" width=\"457\" height=\"315\"><\/figure><\/div><pre class=\"wp-block-code\"> <code class=\"language-visual-basic\" lang=\"visual-basic\">Sub vba_rename_workbook() Dim oldName As String Dim newName As String oldName = \"C:\\Users\\Dell\\Desktop\\myFolder\\SampleFile.xlsx\" newName = \"C:\\Users\\Dell\\Desktop\\myFolder\\myNewFile.xlsx\" Name oldName As newName End Sub<\/code><\/pre><div class=\"gb-container gb-container-4db6181c gb-container-mt\"> <a class=\"gb-button gb-button-c5897111 gb-button-text gb-button-mt-button\" href=\"https:\/\/exceladvisor.org\/nl\/vba\/\">Wat is VBA<\/a><h2 class=\"gb-headline gb-headline-665e5f6b gb-headline-text gb-headline-mt-heading\"> Gerelateerde tutorials <\/h2><div class=\"gb-grid-wrapper gb-grid-wrapper-a20baf7c gb-grid-wrapper-mt-grid\"><div class=\"gb-grid-column gb-grid-column-65ddf67e\"><div class=\"gb-container gb-container-65ddf67e\"><ul><li> <a href=\"https:\/\/exceladvisor.org\/nl\/excel-bestand-kopieren\/\">Kopieer een Excel-bestand (werkmap) met VBA<\/a><\/li><li> <a href=\"https:\/\/exceladvisor.org\/nl\/werkmap-activeren\/\">VBA Werkmap activeren (Excel-bestand)<\/a><\/li><li> <a href=\"https:\/\/exceladvisor.org\/nl\/sluit-de-werkmap\/\">VBA Werkmap sluiten (Excel-bestand)<\/a><\/li><li> <a href=\"https:\/\/exceladvisor.org\/nl\/werkmappen-combineren\/\">VBA Combineer werkmappen (Excel-bestanden)<\/a><\/li><li> <a href=\"https:\/\/exceladvisor.org\/nl\/maak-een-werkmap\/\">VBA Maak een nieuwe werkmap (Excel-bestand)<\/a><\/li><\/ul><\/div><\/div><\/div><\/div>","protected":false},"excerpt":{"rendered":"","protected":false},"author":1,"featured_media":0,"parent":0,"menu_order":0,"comment_status":"open","ping_status":"closed","template":"","meta":{"ub_ctt_via":"","footnotes":""},"class_list":["post-1576","page","type-page","status-publish","hentry"],"featured_image_src":null,"yoast_head":"<!-- This site is optimized with the Yoast SEO plugin v25.4 - https:\/\/yoast.com\/wordpress\/plugins\/seo\/ -->\n<title>Hoe kan ik een werkmap hernoemen met VBA in Excel?<\/title>\n<meta name=\"description\" content=\"In deze zelfstudie wordt uitgelegd hoe u een bestand dat op uw systeem is opgeslagen, kunt hernoemen met behulp van VBA-code, waarbij u het pad van dat bestand gebruikt.\" \/>\n<meta name=\"robots\" content=\"index, follow, max-snippet:-1, max-image-preview:large, max-video-preview:-1\" \/>\n<link rel=\"canonical\" href=\"https:\/\/exceladvisor.org\/nl\/werkmap-hernoemen\/\" \/>\n<meta property=\"og:locale\" content=\"nl_NL\" \/>\n<meta property=\"og:type\" content=\"article\" \/>\n<meta property=\"og:title\" content=\"Hoe kan ik een werkmap hernoemen met VBA in Excel?\" \/>\n<meta property=\"og:description\" content=\"In deze zelfstudie wordt uitgelegd hoe u een bestand dat op uw systeem is opgeslagen, kunt hernoemen met behulp van VBA-code, waarbij u het pad van dat bestand gebruikt.\" \/>\n<meta property=\"og:url\" content=\"https:\/\/exceladvisor.org\/nl\/werkmap-hernoemen\/\" \/>\n<meta property=\"og:site_name\" content=\"Excel Advisor\" \/>\n<meta property=\"article:modified_time\" content=\"2023-12-06T05:48:59+00:00\" \/>\n<meta property=\"og:image\" content=\"https:\/\/exceladvisor.org\/wp-content\/uploads\/2023\/08\/1-renommer-un-classeur-en-utilisant-vba.png\" \/>\n<meta name=\"twitter:card\" content=\"summary_large_image\" \/>\n<meta name=\"twitter:label1\" content=\"Geschatte leestijd\" \/>\n\t<meta name=\"twitter:data1\" content=\"1 minuut\" \/>\n<script type=\"application\/ld+json\" class=\"yoast-schema-graph\">{\"@context\":\"https:\/\/schema.org\",\"@graph\":[{\"@type\":\"WebPage\",\"@id\":\"https:\/\/exceladvisor.org\/nl\/werkmap-hernoemen\/\",\"url\":\"https:\/\/exceladvisor.org\/nl\/werkmap-hernoemen\/\",\"name\":\"Hoe kan ik een werkmap hernoemen met VBA in Excel?\",\"isPartOf\":{\"@id\":\"https:\/\/exceladvisor.org\/nl\/#website\"},\"primaryImageOfPage\":{\"@id\":\"https:\/\/exceladvisor.org\/nl\/werkmap-hernoemen\/#primaryimage\"},\"image\":{\"@id\":\"https:\/\/exceladvisor.org\/nl\/werkmap-hernoemen\/#primaryimage\"},\"thumbnailUrl\":\"https:\/\/exceladvisor.org\/wp-content\/uploads\/2023\/08\/1-renommer-un-classeur-en-utilisant-vba.png\",\"datePublished\":\"2023-11-16T12:38:56+00:00\",\"dateModified\":\"2023-12-06T05:48:59+00:00\",\"description\":\"In deze zelfstudie wordt uitgelegd hoe u een bestand dat op uw systeem is opgeslagen, kunt hernoemen met behulp van VBA-code, waarbij u het pad van dat bestand gebruikt.\",\"breadcrumb\":{\"@id\":\"https:\/\/exceladvisor.org\/nl\/werkmap-hernoemen\/#breadcrumb\"},\"inLanguage\":\"nl-NL\",\"potentialAction\":[{\"@type\":\"ReadAction\",\"target\":[\"https:\/\/exceladvisor.org\/nl\/werkmap-hernoemen\/\"]}]},{\"@type\":\"ImageObject\",\"inLanguage\":\"nl-NL\",\"@id\":\"https:\/\/exceladvisor.org\/nl\/werkmap-hernoemen\/#primaryimage\",\"url\":\"https:\/\/exceladvisor.org\/wp-content\/uploads\/2023\/08\/1-renommer-un-classeur-en-utilisant-vba.png\",\"contentUrl\":\"https:\/\/exceladvisor.org\/wp-content\/uploads\/2023\/08\/1-renommer-un-classeur-en-utilisant-vba.png\"},{\"@type\":\"BreadcrumbList\",\"@id\":\"https:\/\/exceladvisor.org\/nl\/werkmap-hernoemen\/#breadcrumb\",\"itemListElement\":[{\"@type\":\"ListItem\",\"position\":1,\"name\":\"Thuis\",\"item\":\"https:\/\/exceladvisor.org\/nl\/\"},{\"@type\":\"ListItem\",\"position\":2,\"name\":\"Hoe hernoem ik een werkmap in vba?\"}]},{\"@type\":\"WebSite\",\"@id\":\"https:\/\/exceladvisor.org\/nl\/#website\",\"url\":\"https:\/\/exceladvisor.org\/nl\/\",\"name\":\"Excel Advisor\",\"description\":\"Uw gids voor datadominantie\",\"publisher\":{\"@id\":\"https:\/\/exceladvisor.org\/nl\/#organization\"},\"potentialAction\":[{\"@type\":\"SearchAction\",\"target\":{\"@type\":\"EntryPoint\",\"urlTemplate\":\"https:\/\/exceladvisor.org\/nl\/?s={search_term_string}\"},\"query-input\":{\"@type\":\"PropertyValueSpecification\",\"valueRequired\":true,\"valueName\":\"search_term_string\"}}],\"inLanguage\":\"nl-NL\"},{\"@type\":\"Organization\",\"@id\":\"https:\/\/exceladvisor.org\/nl\/#organization\",\"name\":\"Excel Advisor\",\"url\":\"https:\/\/exceladvisor.org\/nl\/\",\"logo\":{\"@type\":\"ImageObject\",\"inLanguage\":\"nl-NL\",\"@id\":\"https:\/\/exceladvisor.org\/nl\/#\/schema\/logo\/image\/\",\"url\":\"https:\/\/exceladvisor.org\/nl\/wp-content\/uploads\/2023\/12\/exceladvisor.org_.png\",\"contentUrl\":\"https:\/\/exceladvisor.org\/nl\/wp-content\/uploads\/2023\/12\/exceladvisor.org_.png\",\"width\":105,\"height\":36,\"caption\":\"Excel Advisor\"},\"image\":{\"@id\":\"https:\/\/exceladvisor.org\/nl\/#\/schema\/logo\/image\/\"}}]}<\/script>\n<!-- \/ Yoast SEO plugin. -->","yoast_head_json":{"title":"Hoe kan ik een werkmap hernoemen met VBA in Excel?","description":"In deze zelfstudie wordt uitgelegd hoe u een bestand dat op uw systeem is opgeslagen, kunt hernoemen met behulp van VBA-code, waarbij u het pad van dat bestand gebruikt.","robots":{"index":"index","follow":"follow","max-snippet":"max-snippet:-1","max-image-preview":"max-image-preview:large","max-video-preview":"max-video-preview:-1"},"canonical":"https:\/\/exceladvisor.org\/nl\/werkmap-hernoemen\/","og_locale":"nl_NL","og_type":"article","og_title":"Hoe kan ik een werkmap hernoemen met VBA in Excel?","og_description":"In deze zelfstudie wordt uitgelegd hoe u een bestand dat op uw systeem is opgeslagen, kunt hernoemen met behulp van VBA-code, waarbij u het pad van dat bestand gebruikt.","og_url":"https:\/\/exceladvisor.org\/nl\/werkmap-hernoemen\/","og_site_name":"Excel Advisor","article_modified_time":"2023-12-06T05:48:59+00:00","og_image":[{"url":"https:\/\/exceladvisor.org\/wp-content\/uploads\/2023\/08\/1-renommer-un-classeur-en-utilisant-vba.png","type":"","width":"","height":""}],"twitter_card":"summary_large_image","twitter_misc":{"Geschatte leestijd":"1 minuut"},"schema":{"@context":"https:\/\/schema.org","@graph":[{"@type":"WebPage","@id":"https:\/\/exceladvisor.org\/nl\/werkmap-hernoemen\/","url":"https:\/\/exceladvisor.org\/nl\/werkmap-hernoemen\/","name":"Hoe kan ik een werkmap hernoemen met VBA in Excel?","isPartOf":{"@id":"https:\/\/exceladvisor.org\/nl\/#website"},"primaryImageOfPage":{"@id":"https:\/\/exceladvisor.org\/nl\/werkmap-hernoemen\/#primaryimage"},"image":{"@id":"https:\/\/exceladvisor.org\/nl\/werkmap-hernoemen\/#primaryimage"},"thumbnailUrl":"https:\/\/exceladvisor.org\/wp-content\/uploads\/2023\/08\/1-renommer-un-classeur-en-utilisant-vba.png","datePublished":"2023-11-16T12:38:56+00:00","dateModified":"2023-12-06T05:48:59+00:00","description":"In deze zelfstudie wordt uitgelegd hoe u een bestand dat op uw systeem is opgeslagen, kunt hernoemen met behulp van VBA-code, waarbij u het pad van dat bestand gebruikt.","breadcrumb":{"@id":"https:\/\/exceladvisor.org\/nl\/werkmap-hernoemen\/#breadcrumb"},"inLanguage":"nl-NL","potentialAction":[{"@type":"ReadAction","target":["https:\/\/exceladvisor.org\/nl\/werkmap-hernoemen\/"]}]},{"@type":"ImageObject","inLanguage":"nl-NL","@id":"https:\/\/exceladvisor.org\/nl\/werkmap-hernoemen\/#primaryimage","url":"https:\/\/exceladvisor.org\/wp-content\/uploads\/2023\/08\/1-renommer-un-classeur-en-utilisant-vba.png","contentUrl":"https:\/\/exceladvisor.org\/wp-content\/uploads\/2023\/08\/1-renommer-un-classeur-en-utilisant-vba.png"},{"@type":"BreadcrumbList","@id":"https:\/\/exceladvisor.org\/nl\/werkmap-hernoemen\/#breadcrumb","itemListElement":[{"@type":"ListItem","position":1,"name":"Thuis","item":"https:\/\/exceladvisor.org\/nl\/"},{"@type":"ListItem","position":2,"name":"Hoe hernoem ik een werkmap in vba?"}]},{"@type":"WebSite","@id":"https:\/\/exceladvisor.org\/nl\/#website","url":"https:\/\/exceladvisor.org\/nl\/","name":"Excel Advisor","description":"Uw gids voor datadominantie","publisher":{"@id":"https:\/\/exceladvisor.org\/nl\/#organization"},"potentialAction":[{"@type":"SearchAction","target":{"@type":"EntryPoint","urlTemplate":"https:\/\/exceladvisor.org\/nl\/?s={search_term_string}"},"query-input":{"@type":"PropertyValueSpecification","valueRequired":true,"valueName":"search_term_string"}}],"inLanguage":"nl-NL"},{"@type":"Organization","@id":"https:\/\/exceladvisor.org\/nl\/#organization","name":"Excel Advisor","url":"https:\/\/exceladvisor.org\/nl\/","logo":{"@type":"ImageObject","inLanguage":"nl-NL","@id":"https:\/\/exceladvisor.org\/nl\/#\/schema\/logo\/image\/","url":"https:\/\/exceladvisor.org\/nl\/wp-content\/uploads\/2023\/12\/exceladvisor.org_.png","contentUrl":"https:\/\/exceladvisor.org\/nl\/wp-content\/uploads\/2023\/12\/exceladvisor.org_.png","width":105,"height":36,"caption":"Excel Advisor"},"image":{"@id":"https:\/\/exceladvisor.org\/nl\/#\/schema\/logo\/image\/"}}]}},"yoast_meta":{"yoast_wpseo_title":"","yoast_wpseo_metadesc":"","yoast_wpseo_canonical":""},"_links":{"self":[{"href":"https:\/\/exceladvisor.org\/nl\/wp-json\/wp\/v2\/pages\/1576","targetHints":{"allow":["GET"]}}],"collection":[{"href":"https:\/\/exceladvisor.org\/nl\/wp-json\/wp\/v2\/pages"}],"about":[{"href":"https:\/\/exceladvisor.org\/nl\/wp-json\/wp\/v2\/types\/page"}],"author":[{"embeddable":true,"href":"https:\/\/exceladvisor.org\/nl\/wp-json\/wp\/v2\/users\/1"}],"replies":[{"embeddable":true,"href":"https:\/\/exceladvisor.org\/nl\/wp-json\/wp\/v2\/comments?post=1576"}],"version-history":[{"count":1,"href":"https:\/\/exceladvisor.org\/nl\/wp-json\/wp\/v2\/pages\/1576\/revisions"}],"predecessor-version":[{"id":2578,"href":"https:\/\/exceladvisor.org\/nl\/wp-json\/wp\/v2\/pages\/1576\/revisions\/2578"}],"wp:attachment":[{"href":"https:\/\/exceladvisor.org\/nl\/wp-json\/wp\/v2\/media?parent=1576"}],"curies":[{"name":"wp","href":"https:\/\/api.w.org\/{rel}","templated":true}]}}