{"id":1581,"date":"2023-11-16T09:48:27","date_gmt":"2023-11-16T09:48:27","guid":{"rendered":"https:\/\/exceladvisor.org\/nl\/bladnaam-ophalen\/"},"modified":"2023-12-06T05:56:26","modified_gmt":"2023-12-06T05:56:26","slug":"bladnaam-ophalen","status":"publish","type":"page","link":"https:\/\/exceladvisor.org\/nl\/bladnaam-ophalen\/","title":{"rendered":"Hoe bladnaam in excel te krijgen?"},"content":{"rendered":"<div class=\"excel-voor-de-inhoud\" id=\"excel-3336045483\"><script type=\"text\/javascript\">\r\n\tatOptions = {\r\n\t\t'key' : 'c1158f160081d6540a8409e6925dab94',\r\n\t\t'format' : 'iframe',\r\n\t\t'height' : 250,\r\n\t\t'width' : 300,\r\n\t\t'params' : {}\r\n\t};\r\n<\/script>\r\n<script type=\"text\/javascript\" src=\"\/\/www.highperformanceformat.com\/c1158f160081d6540a8409e6925dab94\/invoke.js\"><\/script><\/div> <p>In Excel is er geen directe functie om de naam van het actieve blad op te halen. De oplossing voor dit probleem is nu het maken van een formule met meerdere functies, of het gebruik van een aangepaste functie die met VBA is gemaakt.<\/p><p> In deze tutorial leer je beide methoden met voorbeelden.<\/p><h2 class=\"wp-block-heading\"> Gebruik een formule om de werkbladnaam te verkrijgen<\/h2><p> Om een formule te maken om de naam van het werkblad te achterhalen, moeten we de functies CELLS, FIND en MID gebruiken. Hier is de functie waar u de bladnaam kunt krijgen.<\/p><pre class=\"wp-block-code\"> <code class=\"language-excel-formula\" lang=\"excel-formula\">=MID(CELL(\"filename\"),FIND(\"]\",CELL(\"filename\"))+1,LEN(CELL(\"filename\")))<\/code><\/pre><p> U voert bovenstaande formule in een van de cellen van het werkblad waarvan u de bladnaam wilt weten. Laten we nu deze formule begrijpen, en om deze te begrijpen moeten we deze in vier delen verdelen.<\/p><p> In het eerste deel hebben we een CEL-functie die het adres van de werkmap retourneert met de naam van het huidige blad. <\/p><div class=\"wp-block-image\"><figure class=\"aligncenter size-full is-resized\"><img loading=\"lazy\" decoding=\"async\" class=\"wp-image-64178\" src=\"https:\/\/exceladvisor.org\/wp-content\/uploads\/2023\/08\/1-formule-pour-obtenir-le-nom-de-la-feuille-de-calcul.png\" sizes=\"auto, \" srcset=\"\" alt=\"formule om de werkbladnaam te krijgen\" width=\"577\" height=\"129\"><\/figure><\/div><p> En hier is het adres dat we van de celfunctie hebben gekregen. Hier kunt u zien dat de naam van het blad aan het einde van het adres staat en dat u de naam ervan moet achterhalen. <\/p><div class=\"wp-block-image\"><figure class=\"aligncenter size-full is-resized\"><img loading=\"lazy\" decoding=\"async\" class=\"wp-image-64179\" src=\"https:\/\/exceladvisor.org\/wp-content\/uploads\/2023\/08\/2-adresse-de-feuille-de-calcul.png\" sizes=\"auto, \" srcset=\"\" alt=\"spreadsheet-adres\" width=\"353\" height=\"41\"><\/figure><\/div><p> In het tweede deel hebben we nu de FIND-functie die de celfunctie gebruikt om het adres op te halen en de positie van het personage te vinden, precies \u00e9\u00e9n positie v\u00f3\u00f3r de bladnaam. <\/p><div class=\"wp-block-image\"><figure class=\"aligncenter size-full is-resized\"><img loading=\"lazy\" decoding=\"async\" class=\"wp-image-64180\" src=\"https:\/\/exceladvisor.org\/wp-content\/uploads\/2023\/08\/3-fonction-de-recherche.png\" sizes=\"auto, \" srcset=\"\" alt=\"zoekfunctie\" width=\"559\" height=\"131\"><\/figure><\/div><p> En zodra u het positienummer &#8220;]&#8221; heeft, moet u er 1 aan toevoegen om de positie van het eerste teken van de bladnaam te krijgen. <\/p><div class=\"wp-block-image\"><figure class=\"aligncenter size-full is-resized\"><img loading=\"lazy\" decoding=\"async\" class=\"wp-image-64181\" src=\"https:\/\/exceladvisor.org\/wp-content\/uploads\/2023\/08\/4-ajouter-1-pour-obtenir-la-position.png\" sizes=\"auto, \" srcset=\"\" alt=\"voeg-1-te-krijgen-positie toe\" width=\"451\" height=\"125\"><\/figure><\/div><p> In het derde deel heb je nu de LEN- en CELL-functies om de tekens in het hele pad te tellen. <\/p><div class=\"wp-block-image\"><figure class=\"aligncenter size-full is-resized\"><img loading=\"lazy\" decoding=\"async\" class=\"wp-image-64182\" src=\"https:\/\/exceladvisor.org\/wp-content\/uploads\/2023\/08\/5-fonction-len-et-cellule.png\" sizes=\"auto, \" srcset=\"\" alt=\"len-en-cel-functie\" width=\"563\" height=\"94\"><\/figure><\/div><p> Nu hebben we op dit punt het adrespad, de positie van het eerste teken van de bladnaam en het aantal tekens dat we in het adrespad hebben. <\/p><div class=\"wp-block-image\"><figure class=\"aligncenter size-full is-resized\"><img loading=\"lazy\" decoding=\"async\" class=\"wp-image-64183\" src=\"https:\/\/exceladvisor.org\/wp-content\/uploads\/2023\/08\/6-chemin-dadresse-de-feuille-de-calcul.png\" sizes=\"auto, \" srcset=\"\" alt=\"spreadsheet-adres-pad\" width=\"495\" height=\"140\"><\/figure><\/div><p> En in het vierde deel, met behulp van de MID-functie, heb je de bladnaam in het resultaat.<\/p><h2 class=\"wp-block-heading\"> Maak een door de gebruiker gedefinieerde functie om de bladnaam op te halen<\/h2><p> Het verkrijgen van een bladnaam via een UDF is de eenvoudigste manier. U hoeft geen complexe formule te maken, maar eenvoudige code zoals deze. <\/p><div class=\"wp-block-image\"><figure class=\"aligncenter size-full is-resized\"><img loading=\"lazy\" decoding=\"async\" class=\"wp-image-64184\" src=\"https:\/\/exceladvisor.org\/wp-content\/uploads\/2023\/08\/7-fonction-definie-par-lutilisateur-pour-obtenir-le-nom-de-la-feuille.png\" sizes=\"auto, \" srcset=\"\" alt=\"door de gebruiker gedefinieerde functie om de bladnaam op te halen\" width=\"540\" height=\"282\"><\/figure><\/div><pre class=\"wp-block-code\"> <code class=\"language-visual-basic line-numbers\" lang=\"visual-basic\">Function mySheetName() mySheetName = ActiveSheet.Name End Function<\/code><\/pre><p> Laten we nu kijken hoe we deze code kunnen gebruiken om de naam van het huidige werkblad in een cel te extraheren. Gebruik de volgende stappen:<\/p><ol><li> Ga eerst naar het tabblad Ontwikkelaars en klik op Visual Basic. <br><img loading=\"lazy\" decoding=\"async\" title=\"Ontwikkelaar met 8 tabbladen\" src=\"https:\/\/exceladvisor.org\/wp-content\/uploads\/2023\/08\/8-onglet-developpeur.png\" sizes=\"auto, \" srcset=\"\" alt=\"developer-tab\" width=\"653\" height=\"188\"><\/li><li> Ga nu in Visual Basic Editor naar de optie Invoegen en klik op module om een module in te voegen. <br><img loading=\"lazy\" decoding=\"async\" title=\"9 modules om in te voegen\" src=\"https:\/\/exceladvisor.org\/wp-content\/uploads\/2023\/08\/9-module-pour-inserer-le-module.png\" sizes=\"auto, \" srcset=\"\" alt=\"module-to-insert-module\" width=\"221\" height=\"221\"><\/li><li> Ga daarna naar het codevenster en plak daar de bovenstaande code. <br><img loading=\"lazy\" decoding=\"async\" title=\"10 codevenster\" src=\"https:\/\/exceladvisor.org\/wp-content\/uploads\/2023\/08\/fenetre-de-10-codes.png\" sizes=\"auto, \" srcset=\"\" alt=\"code-window\" width=\"628\" height=\"380\"><\/li><li> Sluit aan het einde de Visual Basic-editor en keer terug naar de spreadsheet.<\/li><\/ol><p> Selecteer nu een van de cellen in het werkblad waarvan u de naam wilt krijgen en voer daarin de volgende functie in. <\/p><div class=\"wp-block-image\"><figure class=\"aligncenter size-full is-resized\"><img loading=\"lazy\" decoding=\"async\" class=\"wp-image-64188\" src=\"https:\/\/exceladvisor.org\/wp-content\/uploads\/2023\/08\/11-selectionnez-nimporte-quelle-cellule-pour-obtenir-le-nom.png\" sizes=\"auto, \" srcset=\"\" alt=\"selecteer-elke-cel-om-naam-op te halen\" width=\"442\" height=\"120\"><\/figure><\/div><p> In deze zelfstudie kunt u meer leren over het maken van een aangepaste functie. <\/p><div class=\"gb-container gb-container-52dfcee1 gb-container-sample-file\"><h2 class=\"gb-headline gb-headline-e289c143 gb-headline-text gb-headline-4f7959c2\"> Haal het Excel-bestand op<\/h2> <a class=\"gb-button gb-button-e88d6bee gb-button-text gb-button-button1\" href=\"https:\/\/exceladvisor.org\/wp-content\/uploads\/2023\/08\/obtenir-le-nom-de-la-feuille-2.xlsx\" rel=\"nofollow\">Downloaden<\/a><\/div><div class=\"gb-container gb-container-0df56012 gb-container-mt\"> <a class=\"gb-button gb-button-f9f432f4 gb-button-text gb-button-mt-button\" href=\"https:\/\/exceladvisor.org\/nl\/formules\/\">Lijst met Excel-formules<\/a><h2 class=\"gb-headline gb-headline-233444e8 gb-headline-text gb-headline-mt-heading\"> Gerelateerde formules <\/h2><div class=\"gb-grid-wrapper gb-grid-wrapper-a16fa65c gb-grid-wrapper-mt-grid\"><div class=\"gb-grid-column gb-grid-column-50d07e0d\"><div class=\"gb-container gb-container-50d07e0d\"><ul><li> <a href=\"https:\/\/exceladvisor.org\/nl\/horizontaal-filter\/\">Maak een horizontaal filter in Excel<\/a><\/li><li> <a href=\"https:\/\/exceladvisor.org\/nl\/sterrenwaardering\/\">Maak een sterrenbeoordelingssjabloon in Excel<\/a><\/li><li> <a href=\"https:\/\/exceladvisor.org\/nl\/bestandsnaam-ophalen\/\">Bestandsnaam ophalen in Excel<\/a><\/li><li> <a href=\"https:\/\/exceladvisor.org\/nl\/willekeurige-letters-genereren\/\">Genereer snel willekeurige letters in Excel<\/a><\/li><li> <a href=\"https:\/\/exceladvisor.org\/nl\/randomiseer-de-lijst\/\">Randomiseer een lijst (willekeurig sorteren) in Excel<\/a> <\/li><\/ul><\/div><\/div><div class=\"gb-grid-column gb-grid-column-5b4a0cf9\"><div class=\"gb-container gb-container-5b4a0cf9\"><\/div><\/div><\/div><\/div>","protected":false},"excerpt":{"rendered":"","protected":false},"author":1,"featured_media":0,"parent":0,"menu_order":0,"comment_status":"open","ping_status":"closed","template":"","meta":{"ub_ctt_via":"","footnotes":""},"class_list":["post-1581","page","type-page","status-publish","hentry"],"featured_image_src":null,"yoast_head":"<!-- This site is optimized with the Yoast SEO plugin v25.4 - https:\/\/yoast.com\/wordpress\/plugins\/seo\/ -->\n<title>Hoe bladnaam in Excel te krijgen? - Excel-adviseur<\/title>\n<meta name=\"description\" content=\"In deze zelfstudie over formules leert u hoe u de bladnaam kunt verkrijgen met behulp van een formule en vervolgens een gedefinieerde functie\" \/>\n<meta name=\"robots\" content=\"index, follow, max-snippet:-1, max-image-preview:large, max-video-preview:-1\" \/>\n<link rel=\"canonical\" href=\"https:\/\/exceladvisor.org\/nl\/bladnaam-ophalen\/\" \/>\n<meta property=\"og:locale\" content=\"nl_NL\" \/>\n<meta property=\"og:type\" content=\"article\" \/>\n<meta property=\"og:title\" content=\"Hoe bladnaam in Excel te krijgen? - Excel-adviseur\" \/>\n<meta property=\"og:description\" content=\"In deze zelfstudie over formules leert u hoe u de bladnaam kunt verkrijgen met behulp van een formule en vervolgens een gedefinieerde functie\" \/>\n<meta property=\"og:url\" content=\"https:\/\/exceladvisor.org\/nl\/bladnaam-ophalen\/\" \/>\n<meta property=\"og:site_name\" content=\"Excel Advisor\" \/>\n<meta property=\"article:modified_time\" content=\"2023-12-06T05:56:26+00:00\" \/>\n<meta property=\"og:image\" content=\"https:\/\/exceladvisor.org\/wp-content\/uploads\/2023\/08\/1-formule-pour-obtenir-le-nom-de-la-feuille-de-calcul.png\" \/>\n<meta name=\"twitter:card\" content=\"summary_large_image\" \/>\n<meta name=\"twitter:label1\" content=\"Geschatte leestijd\" \/>\n\t<meta name=\"twitter:data1\" content=\"3 minuten\" \/>\n<script type=\"application\/ld+json\" class=\"yoast-schema-graph\">{\"@context\":\"https:\/\/schema.org\",\"@graph\":[{\"@type\":\"WebPage\",\"@id\":\"https:\/\/exceladvisor.org\/nl\/bladnaam-ophalen\/\",\"url\":\"https:\/\/exceladvisor.org\/nl\/bladnaam-ophalen\/\",\"name\":\"Hoe bladnaam in Excel te krijgen? - Excel-adviseur\",\"isPartOf\":{\"@id\":\"https:\/\/exceladvisor.org\/nl\/#website\"},\"primaryImageOfPage\":{\"@id\":\"https:\/\/exceladvisor.org\/nl\/bladnaam-ophalen\/#primaryimage\"},\"image\":{\"@id\":\"https:\/\/exceladvisor.org\/nl\/bladnaam-ophalen\/#primaryimage\"},\"thumbnailUrl\":\"https:\/\/exceladvisor.org\/wp-content\/uploads\/2023\/08\/1-formule-pour-obtenir-le-nom-de-la-feuille-de-calcul.png\",\"datePublished\":\"2023-11-16T09:48:27+00:00\",\"dateModified\":\"2023-12-06T05:56:26+00:00\",\"description\":\"In deze zelfstudie over formules leert u hoe u de bladnaam kunt verkrijgen met behulp van een formule en vervolgens een gedefinieerde functie\",\"breadcrumb\":{\"@id\":\"https:\/\/exceladvisor.org\/nl\/bladnaam-ophalen\/#breadcrumb\"},\"inLanguage\":\"nl-NL\",\"potentialAction\":[{\"@type\":\"ReadAction\",\"target\":[\"https:\/\/exceladvisor.org\/nl\/bladnaam-ophalen\/\"]}]},{\"@type\":\"ImageObject\",\"inLanguage\":\"nl-NL\",\"@id\":\"https:\/\/exceladvisor.org\/nl\/bladnaam-ophalen\/#primaryimage\",\"url\":\"https:\/\/exceladvisor.org\/wp-content\/uploads\/2023\/08\/1-formule-pour-obtenir-le-nom-de-la-feuille-de-calcul.png\",\"contentUrl\":\"https:\/\/exceladvisor.org\/wp-content\/uploads\/2023\/08\/1-formule-pour-obtenir-le-nom-de-la-feuille-de-calcul.png\"},{\"@type\":\"BreadcrumbList\",\"@id\":\"https:\/\/exceladvisor.org\/nl\/bladnaam-ophalen\/#breadcrumb\",\"itemListElement\":[{\"@type\":\"ListItem\",\"position\":1,\"name\":\"Thuis\",\"item\":\"https:\/\/exceladvisor.org\/nl\/\"},{\"@type\":\"ListItem\",\"position\":2,\"name\":\"Hoe bladnaam in excel te krijgen?\"}]},{\"@type\":\"WebSite\",\"@id\":\"https:\/\/exceladvisor.org\/nl\/#website\",\"url\":\"https:\/\/exceladvisor.org\/nl\/\",\"name\":\"Excel Advisor\",\"description\":\"Uw gids voor datadominantie\",\"publisher\":{\"@id\":\"https:\/\/exceladvisor.org\/nl\/#organization\"},\"potentialAction\":[{\"@type\":\"SearchAction\",\"target\":{\"@type\":\"EntryPoint\",\"urlTemplate\":\"https:\/\/exceladvisor.org\/nl\/?s={search_term_string}\"},\"query-input\":{\"@type\":\"PropertyValueSpecification\",\"valueRequired\":true,\"valueName\":\"search_term_string\"}}],\"inLanguage\":\"nl-NL\"},{\"@type\":\"Organization\",\"@id\":\"https:\/\/exceladvisor.org\/nl\/#organization\",\"name\":\"Excel Advisor\",\"url\":\"https:\/\/exceladvisor.org\/nl\/\",\"logo\":{\"@type\":\"ImageObject\",\"inLanguage\":\"nl-NL\",\"@id\":\"https:\/\/exceladvisor.org\/nl\/#\/schema\/logo\/image\/\",\"url\":\"https:\/\/exceladvisor.org\/nl\/wp-content\/uploads\/2023\/12\/exceladvisor.org_.png\",\"contentUrl\":\"https:\/\/exceladvisor.org\/nl\/wp-content\/uploads\/2023\/12\/exceladvisor.org_.png\",\"width\":105,\"height\":36,\"caption\":\"Excel Advisor\"},\"image\":{\"@id\":\"https:\/\/exceladvisor.org\/nl\/#\/schema\/logo\/image\/\"}}]}<\/script>\n<!-- \/ Yoast SEO plugin. -->","yoast_head_json":{"title":"Hoe bladnaam in Excel te krijgen? - Excel-adviseur","description":"In deze zelfstudie over formules leert u hoe u de bladnaam kunt verkrijgen met behulp van een formule en vervolgens een gedefinieerde functie","robots":{"index":"index","follow":"follow","max-snippet":"max-snippet:-1","max-image-preview":"max-image-preview:large","max-video-preview":"max-video-preview:-1"},"canonical":"https:\/\/exceladvisor.org\/nl\/bladnaam-ophalen\/","og_locale":"nl_NL","og_type":"article","og_title":"Hoe bladnaam in Excel te krijgen? - Excel-adviseur","og_description":"In deze zelfstudie over formules leert u hoe u de bladnaam kunt verkrijgen met behulp van een formule en vervolgens een gedefinieerde functie","og_url":"https:\/\/exceladvisor.org\/nl\/bladnaam-ophalen\/","og_site_name":"Excel Advisor","article_modified_time":"2023-12-06T05:56:26+00:00","og_image":[{"url":"https:\/\/exceladvisor.org\/wp-content\/uploads\/2023\/08\/1-formule-pour-obtenir-le-nom-de-la-feuille-de-calcul.png","type":"","width":"","height":""}],"twitter_card":"summary_large_image","twitter_misc":{"Geschatte leestijd":"3 minuten"},"schema":{"@context":"https:\/\/schema.org","@graph":[{"@type":"WebPage","@id":"https:\/\/exceladvisor.org\/nl\/bladnaam-ophalen\/","url":"https:\/\/exceladvisor.org\/nl\/bladnaam-ophalen\/","name":"Hoe bladnaam in Excel te krijgen? - Excel-adviseur","isPartOf":{"@id":"https:\/\/exceladvisor.org\/nl\/#website"},"primaryImageOfPage":{"@id":"https:\/\/exceladvisor.org\/nl\/bladnaam-ophalen\/#primaryimage"},"image":{"@id":"https:\/\/exceladvisor.org\/nl\/bladnaam-ophalen\/#primaryimage"},"thumbnailUrl":"https:\/\/exceladvisor.org\/wp-content\/uploads\/2023\/08\/1-formule-pour-obtenir-le-nom-de-la-feuille-de-calcul.png","datePublished":"2023-11-16T09:48:27+00:00","dateModified":"2023-12-06T05:56:26+00:00","description":"In deze zelfstudie over formules leert u hoe u de bladnaam kunt verkrijgen met behulp van een formule en vervolgens een gedefinieerde functie","breadcrumb":{"@id":"https:\/\/exceladvisor.org\/nl\/bladnaam-ophalen\/#breadcrumb"},"inLanguage":"nl-NL","potentialAction":[{"@type":"ReadAction","target":["https:\/\/exceladvisor.org\/nl\/bladnaam-ophalen\/"]}]},{"@type":"ImageObject","inLanguage":"nl-NL","@id":"https:\/\/exceladvisor.org\/nl\/bladnaam-ophalen\/#primaryimage","url":"https:\/\/exceladvisor.org\/wp-content\/uploads\/2023\/08\/1-formule-pour-obtenir-le-nom-de-la-feuille-de-calcul.png","contentUrl":"https:\/\/exceladvisor.org\/wp-content\/uploads\/2023\/08\/1-formule-pour-obtenir-le-nom-de-la-feuille-de-calcul.png"},{"@type":"BreadcrumbList","@id":"https:\/\/exceladvisor.org\/nl\/bladnaam-ophalen\/#breadcrumb","itemListElement":[{"@type":"ListItem","position":1,"name":"Thuis","item":"https:\/\/exceladvisor.org\/nl\/"},{"@type":"ListItem","position":2,"name":"Hoe bladnaam in excel te krijgen?"}]},{"@type":"WebSite","@id":"https:\/\/exceladvisor.org\/nl\/#website","url":"https:\/\/exceladvisor.org\/nl\/","name":"Excel Advisor","description":"Uw gids voor datadominantie","publisher":{"@id":"https:\/\/exceladvisor.org\/nl\/#organization"},"potentialAction":[{"@type":"SearchAction","target":{"@type":"EntryPoint","urlTemplate":"https:\/\/exceladvisor.org\/nl\/?s={search_term_string}"},"query-input":{"@type":"PropertyValueSpecification","valueRequired":true,"valueName":"search_term_string"}}],"inLanguage":"nl-NL"},{"@type":"Organization","@id":"https:\/\/exceladvisor.org\/nl\/#organization","name":"Excel Advisor","url":"https:\/\/exceladvisor.org\/nl\/","logo":{"@type":"ImageObject","inLanguage":"nl-NL","@id":"https:\/\/exceladvisor.org\/nl\/#\/schema\/logo\/image\/","url":"https:\/\/exceladvisor.org\/nl\/wp-content\/uploads\/2023\/12\/exceladvisor.org_.png","contentUrl":"https:\/\/exceladvisor.org\/nl\/wp-content\/uploads\/2023\/12\/exceladvisor.org_.png","width":105,"height":36,"caption":"Excel Advisor"},"image":{"@id":"https:\/\/exceladvisor.org\/nl\/#\/schema\/logo\/image\/"}}]}},"yoast_meta":{"yoast_wpseo_title":"","yoast_wpseo_metadesc":"","yoast_wpseo_canonical":""},"_links":{"self":[{"href":"https:\/\/exceladvisor.org\/nl\/wp-json\/wp\/v2\/pages\/1581","targetHints":{"allow":["GET"]}}],"collection":[{"href":"https:\/\/exceladvisor.org\/nl\/wp-json\/wp\/v2\/pages"}],"about":[{"href":"https:\/\/exceladvisor.org\/nl\/wp-json\/wp\/v2\/types\/page"}],"author":[{"embeddable":true,"href":"https:\/\/exceladvisor.org\/nl\/wp-json\/wp\/v2\/users\/1"}],"replies":[{"embeddable":true,"href":"https:\/\/exceladvisor.org\/nl\/wp-json\/wp\/v2\/comments?post=1581"}],"version-history":[{"count":2,"href":"https:\/\/exceladvisor.org\/nl\/wp-json\/wp\/v2\/pages\/1581\/revisions"}],"predecessor-version":[{"id":3053,"href":"https:\/\/exceladvisor.org\/nl\/wp-json\/wp\/v2\/pages\/1581\/revisions\/3053"}],"wp:attachment":[{"href":"https:\/\/exceladvisor.org\/nl\/wp-json\/wp\/v2\/media?parent=1581"}],"curies":[{"name":"wp","href":"https:\/\/api.w.org\/{rel}","templated":true}]}}