{"id":1589,"date":"2023-11-16T06:38:44","date_gmt":"2023-11-16T06:38:44","guid":{"rendered":"https:\/\/exceladvisor.org\/nl\/regel-verwijderen\/"},"modified":"2023-12-06T05:50:54","modified_gmt":"2023-12-06T05:50:54","slug":"regel-verwijderen","status":"publish","type":"page","link":"https:\/\/exceladvisor.org\/nl\/regel-verwijderen\/","title":{"rendered":"Hoe rijen verwijderen met de excel-snelkoppeling?"},"content":{"rendered":"<div class=\"excel-voor-de-inhoud\" id=\"excel-3496841826\"><script type=\"text\/javascript\">\r\n\tatOptions = {\r\n\t\t'key' : 'c1158f160081d6540a8409e6925dab94',\r\n\t\t'format' : 'iframe',\r\n\t\t'height' : 250,\r\n\t\t'width' : 300,\r\n\t\t'params' : {}\r\n\t};\r\n<\/script>\r\n<script type=\"text\/javascript\" src=\"\/\/www.highperformanceformat.com\/c1158f160081d6540a8409e6925dab94\/invoke.js\"><\/script><\/div> <p>Bij het werken in Excel willen gebruikers vaak onnodige of ongewenste rijen verwijderen om de gegevens duidelijk en overzichtelijk te maken. Hiervoor heeft Excel de mogelijkheid om op elk moment rijen te verwijderen.<\/p><p> Het verwijderen van de rij is net zo eenvoudig als het toevoegen van de rij in Excel en de rij kan handmatig of met behulp van sneltoetsen worden verwijderd.<\/p><h2 class=\"wp-block-heading\"> Sneltoets om een rij in Excel te verwijderen<\/h2><p> De sneltoets voor het verwijderen van regels is zoals hieronder en kan op twee manieren worden gebruikt. <\/p><div class=\"wp-block-image\"><figure class=\"aligncenter size-full is-resized\"><img loading=\"lazy\" decoding=\"async\" class=\"wp-image-67529\" src=\"https:\/\/exceladvisor.org\/wp-content\/uploads\/2023\/08\/1-raccourci-pour-supprimer-la-ligne.png\" sizes=\"auto, \" srcset=\"\" alt=\"snelkoppeling naar verwijderregel\" width=\"816\" height=\"320\"><\/figure><\/div><p> Ctrl + minteken (-)<\/p><h2 class=\"wp-block-heading\"> Stappen om rijen te verwijderen met behulp van een sneltoets<\/h2><ol><li> Druk eerst op de sneltoetsen &#8220;Shift + Spatiebalk&#8221; om de hele rij te selecteren en druk vervolgens eenvoudig op &#8220;Ctrl + minteken (-) om die geselecteerde rij te verwijderen.<\/li><li> Of klik op een cel in de rij die u wilt verwijderen en druk op de sneltoetsen \u201cCtrl + minteken (-)\u201d.<\/li><li> Als u meerdere niet-opeenvolgende rijen wilt verwijderen, houdt u de toets &#8220;Ctrl&#8221; ingedrukt en klikt u \u00e9\u00e9n voor \u00e9\u00e9n op de cellen in elke rij die u wilt verwijderen. Druk vervolgens op de sneltoetsen &#8220;Ctrl + teken minder (-)&#8221; . <br><img loading=\"lazy\" decoding=\"async\" title=\"2-selecteer-meerdere-cellen\" src=\"https:\/\/exceladvisor.org\/wp-content\/uploads\/2023\/08\/2-selectionner-les-multiples-cellules.png\" sizes=\"auto, \" srcset=\"\" alt=\"select-the-multiple-cells\" width=\"544\" height=\"235\"><\/li><li> Daarna wordt het dialoogvenster &#8220;Verwijderen&#8221; geopend en selecteert u met de pijl-omlaag het keuzerondje &#8220;Alle rijen&#8221;.<\/li><li> Druk nu op de \u201cEnter\u201d-toets en u verwijdert deze regels. <br><img decoding=\"async\" title=\"3-selecteer-hele-regel\" src=\"https:\/\/exceladvisor.org\/wp-content\/uploads\/2023\/08\/3-selectionner-la-ligne-entiere.png\" sizes=\"\" srcset=\"\" alt=\"select-entire-row\"><\/li><\/ol><div class=\"wp-block-group more-tutorials is-layout-flow\"><div class=\"wp-block-group__inner-container\"><h2 class=\"wp-block-heading\"> Meer tutorials <\/h2><div class=\"wp-block-columns is-layout-flex wp-container-79\"><div class=\"wp-block-column is-layout-flow\"><ul><li> <a href=\"https:\/\/exceladvisor.org\/nl\/kolom-1-toevoegen\/\">Voeg een kolom toe<\/a><\/li><li> <a href=\"https:\/\/exceladvisor.org\/nl\/cel-verwijderen\/\">Cel verwijderen<\/a><\/li><li> <a href=\"https:\/\/exceladvisor.org\/nl\/cel-bewerken\/\">Cel bewerken<\/a><\/li><li> <a href=\"https:\/\/exceladvisor.org\/nl\/kolommen-weergeven\/\">Kolommen weergeven<\/a><\/li><\/ul><\/div><div class=\"wp-block-column is-layout-flow\"><ul><li> <a href=\"https:\/\/exceladvisor.org\/nl\/een-cel-invoegen\/\">Voeg een cel in<\/a><\/li><li> <a href=\"https:\/\/exceladvisor.org\/nl\/een-regel-invoegen\/\">Invoegen \u2013 Rijen toevoegen<\/a><\/li><li> <a href=\"https:\/\/exceladvisor.org\/nl\/samenvoegen-en-dissocieren-van-cellen-1\/\">Cellen samenvoegen en samenvoegen<\/a><\/li><\/ul><\/div><\/div><p> \u21e0 Terug naar <a href=\"https:\/\/exceladvisor.org\/nl\/toetsenbord-sneltoetsen\/\">Excel-snelkoppelingen (PDF-spiekbriefje)<\/a><\/p><\/div><\/div>","protected":false},"excerpt":{"rendered":"","protected":false},"author":1,"featured_media":0,"parent":0,"menu_order":0,"comment_status":"open","ping_status":"closed","template":"","meta":{"ub_ctt_via":"","footnotes":""},"class_list":["post-1589","page","type-page","status-publish","hentry"],"featured_image_src":null,"yoast_head":"<!-- This site is optimized with the Yoast SEO plugin v25.4 - https:\/\/yoast.com\/wordpress\/plugins\/seo\/ -->\n<title>\u25b7 Hoe rijen verwijderen met de Excel-snelkoppeling?<\/title>\n<meta name=\"description\" content=\"In deze zelfstudie leren we hoe u een sneltoets kunt gebruiken om rijen in een werkblad in Excel te verwijderen.\" \/>\n<meta name=\"robots\" content=\"index, follow, max-snippet:-1, max-image-preview:large, max-video-preview:-1\" \/>\n<link rel=\"canonical\" href=\"https:\/\/exceladvisor.org\/nl\/regel-verwijderen\/\" \/>\n<meta property=\"og:locale\" content=\"nl_NL\" \/>\n<meta property=\"og:type\" content=\"article\" \/>\n<meta property=\"og:title\" content=\"\u25b7 Hoe rijen verwijderen met de Excel-snelkoppeling?\" \/>\n<meta property=\"og:description\" content=\"In deze zelfstudie leren we hoe u een sneltoets kunt gebruiken om rijen in een werkblad in Excel te verwijderen.\" \/>\n<meta property=\"og:url\" content=\"https:\/\/exceladvisor.org\/nl\/regel-verwijderen\/\" \/>\n<meta property=\"og:site_name\" content=\"Excel Advisor\" \/>\n<meta property=\"article:modified_time\" content=\"2023-12-06T05:50:54+00:00\" \/>\n<meta property=\"og:image\" content=\"https:\/\/exceladvisor.org\/wp-content\/uploads\/2023\/08\/1-raccourci-pour-supprimer-la-ligne.png\" \/>\n<meta name=\"twitter:card\" content=\"summary_large_image\" \/>\n<meta name=\"twitter:label1\" content=\"Geschatte leestijd\" \/>\n\t<meta name=\"twitter:data1\" content=\"1 minuut\" \/>\n<script type=\"application\/ld+json\" class=\"yoast-schema-graph\">{\"@context\":\"https:\/\/schema.org\",\"@graph\":[{\"@type\":\"WebPage\",\"@id\":\"https:\/\/exceladvisor.org\/nl\/regel-verwijderen\/\",\"url\":\"https:\/\/exceladvisor.org\/nl\/regel-verwijderen\/\",\"name\":\"\u25b7 Hoe rijen verwijderen met de Excel-snelkoppeling?\",\"isPartOf\":{\"@id\":\"https:\/\/exceladvisor.org\/nl\/#website\"},\"primaryImageOfPage\":{\"@id\":\"https:\/\/exceladvisor.org\/nl\/regel-verwijderen\/#primaryimage\"},\"image\":{\"@id\":\"https:\/\/exceladvisor.org\/nl\/regel-verwijderen\/#primaryimage\"},\"thumbnailUrl\":\"https:\/\/exceladvisor.org\/wp-content\/uploads\/2023\/08\/1-raccourci-pour-supprimer-la-ligne.png\",\"datePublished\":\"2023-11-16T06:38:44+00:00\",\"dateModified\":\"2023-12-06T05:50:54+00:00\",\"description\":\"In deze zelfstudie leren we hoe u een sneltoets kunt gebruiken om rijen in een werkblad in Excel te verwijderen.\",\"breadcrumb\":{\"@id\":\"https:\/\/exceladvisor.org\/nl\/regel-verwijderen\/#breadcrumb\"},\"inLanguage\":\"nl-NL\",\"potentialAction\":[{\"@type\":\"ReadAction\",\"target\":[\"https:\/\/exceladvisor.org\/nl\/regel-verwijderen\/\"]}]},{\"@type\":\"ImageObject\",\"inLanguage\":\"nl-NL\",\"@id\":\"https:\/\/exceladvisor.org\/nl\/regel-verwijderen\/#primaryimage\",\"url\":\"https:\/\/exceladvisor.org\/wp-content\/uploads\/2023\/08\/1-raccourci-pour-supprimer-la-ligne.png\",\"contentUrl\":\"https:\/\/exceladvisor.org\/wp-content\/uploads\/2023\/08\/1-raccourci-pour-supprimer-la-ligne.png\"},{\"@type\":\"BreadcrumbList\",\"@id\":\"https:\/\/exceladvisor.org\/nl\/regel-verwijderen\/#breadcrumb\",\"itemListElement\":[{\"@type\":\"ListItem\",\"position\":1,\"name\":\"Thuis\",\"item\":\"https:\/\/exceladvisor.org\/nl\/\"},{\"@type\":\"ListItem\",\"position\":2,\"name\":\"Hoe rijen verwijderen met de excel-snelkoppeling?\"}]},{\"@type\":\"WebSite\",\"@id\":\"https:\/\/exceladvisor.org\/nl\/#website\",\"url\":\"https:\/\/exceladvisor.org\/nl\/\",\"name\":\"Excel Advisor\",\"description\":\"Uw gids voor datadominantie\",\"publisher\":{\"@id\":\"https:\/\/exceladvisor.org\/nl\/#organization\"},\"potentialAction\":[{\"@type\":\"SearchAction\",\"target\":{\"@type\":\"EntryPoint\",\"urlTemplate\":\"https:\/\/exceladvisor.org\/nl\/?s={search_term_string}\"},\"query-input\":{\"@type\":\"PropertyValueSpecification\",\"valueRequired\":true,\"valueName\":\"search_term_string\"}}],\"inLanguage\":\"nl-NL\"},{\"@type\":\"Organization\",\"@id\":\"https:\/\/exceladvisor.org\/nl\/#organization\",\"name\":\"Excel Advisor\",\"url\":\"https:\/\/exceladvisor.org\/nl\/\",\"logo\":{\"@type\":\"ImageObject\",\"inLanguage\":\"nl-NL\",\"@id\":\"https:\/\/exceladvisor.org\/nl\/#\/schema\/logo\/image\/\",\"url\":\"https:\/\/exceladvisor.org\/nl\/wp-content\/uploads\/2023\/12\/exceladvisor.org_.png\",\"contentUrl\":\"https:\/\/exceladvisor.org\/nl\/wp-content\/uploads\/2023\/12\/exceladvisor.org_.png\",\"width\":105,\"height\":36,\"caption\":\"Excel Advisor\"},\"image\":{\"@id\":\"https:\/\/exceladvisor.org\/nl\/#\/schema\/logo\/image\/\"}}]}<\/script>\n<!-- \/ Yoast SEO plugin. -->","yoast_head_json":{"title":"\u25b7 Hoe rijen verwijderen met de Excel-snelkoppeling?","description":"In deze zelfstudie leren we hoe u een sneltoets kunt gebruiken om rijen in een werkblad in Excel te verwijderen.","robots":{"index":"index","follow":"follow","max-snippet":"max-snippet:-1","max-image-preview":"max-image-preview:large","max-video-preview":"max-video-preview:-1"},"canonical":"https:\/\/exceladvisor.org\/nl\/regel-verwijderen\/","og_locale":"nl_NL","og_type":"article","og_title":"\u25b7 Hoe rijen verwijderen met de Excel-snelkoppeling?","og_description":"In deze zelfstudie leren we hoe u een sneltoets kunt gebruiken om rijen in een werkblad in Excel te verwijderen.","og_url":"https:\/\/exceladvisor.org\/nl\/regel-verwijderen\/","og_site_name":"Excel Advisor","article_modified_time":"2023-12-06T05:50:54+00:00","og_image":[{"url":"https:\/\/exceladvisor.org\/wp-content\/uploads\/2023\/08\/1-raccourci-pour-supprimer-la-ligne.png","type":"","width":"","height":""}],"twitter_card":"summary_large_image","twitter_misc":{"Geschatte leestijd":"1 minuut"},"schema":{"@context":"https:\/\/schema.org","@graph":[{"@type":"WebPage","@id":"https:\/\/exceladvisor.org\/nl\/regel-verwijderen\/","url":"https:\/\/exceladvisor.org\/nl\/regel-verwijderen\/","name":"\u25b7 Hoe rijen verwijderen met de Excel-snelkoppeling?","isPartOf":{"@id":"https:\/\/exceladvisor.org\/nl\/#website"},"primaryImageOfPage":{"@id":"https:\/\/exceladvisor.org\/nl\/regel-verwijderen\/#primaryimage"},"image":{"@id":"https:\/\/exceladvisor.org\/nl\/regel-verwijderen\/#primaryimage"},"thumbnailUrl":"https:\/\/exceladvisor.org\/wp-content\/uploads\/2023\/08\/1-raccourci-pour-supprimer-la-ligne.png","datePublished":"2023-11-16T06:38:44+00:00","dateModified":"2023-12-06T05:50:54+00:00","description":"In deze zelfstudie leren we hoe u een sneltoets kunt gebruiken om rijen in een werkblad in Excel te verwijderen.","breadcrumb":{"@id":"https:\/\/exceladvisor.org\/nl\/regel-verwijderen\/#breadcrumb"},"inLanguage":"nl-NL","potentialAction":[{"@type":"ReadAction","target":["https:\/\/exceladvisor.org\/nl\/regel-verwijderen\/"]}]},{"@type":"ImageObject","inLanguage":"nl-NL","@id":"https:\/\/exceladvisor.org\/nl\/regel-verwijderen\/#primaryimage","url":"https:\/\/exceladvisor.org\/wp-content\/uploads\/2023\/08\/1-raccourci-pour-supprimer-la-ligne.png","contentUrl":"https:\/\/exceladvisor.org\/wp-content\/uploads\/2023\/08\/1-raccourci-pour-supprimer-la-ligne.png"},{"@type":"BreadcrumbList","@id":"https:\/\/exceladvisor.org\/nl\/regel-verwijderen\/#breadcrumb","itemListElement":[{"@type":"ListItem","position":1,"name":"Thuis","item":"https:\/\/exceladvisor.org\/nl\/"},{"@type":"ListItem","position":2,"name":"Hoe rijen verwijderen met de excel-snelkoppeling?"}]},{"@type":"WebSite","@id":"https:\/\/exceladvisor.org\/nl\/#website","url":"https:\/\/exceladvisor.org\/nl\/","name":"Excel Advisor","description":"Uw gids voor datadominantie","publisher":{"@id":"https:\/\/exceladvisor.org\/nl\/#organization"},"potentialAction":[{"@type":"SearchAction","target":{"@type":"EntryPoint","urlTemplate":"https:\/\/exceladvisor.org\/nl\/?s={search_term_string}"},"query-input":{"@type":"PropertyValueSpecification","valueRequired":true,"valueName":"search_term_string"}}],"inLanguage":"nl-NL"},{"@type":"Organization","@id":"https:\/\/exceladvisor.org\/nl\/#organization","name":"Excel Advisor","url":"https:\/\/exceladvisor.org\/nl\/","logo":{"@type":"ImageObject","inLanguage":"nl-NL","@id":"https:\/\/exceladvisor.org\/nl\/#\/schema\/logo\/image\/","url":"https:\/\/exceladvisor.org\/nl\/wp-content\/uploads\/2023\/12\/exceladvisor.org_.png","contentUrl":"https:\/\/exceladvisor.org\/nl\/wp-content\/uploads\/2023\/12\/exceladvisor.org_.png","width":105,"height":36,"caption":"Excel Advisor"},"image":{"@id":"https:\/\/exceladvisor.org\/nl\/#\/schema\/logo\/image\/"}}]}},"yoast_meta":{"yoast_wpseo_title":"","yoast_wpseo_metadesc":"","yoast_wpseo_canonical":""},"_links":{"self":[{"href":"https:\/\/exceladvisor.org\/nl\/wp-json\/wp\/v2\/pages\/1589","targetHints":{"allow":["GET"]}}],"collection":[{"href":"https:\/\/exceladvisor.org\/nl\/wp-json\/wp\/v2\/pages"}],"about":[{"href":"https:\/\/exceladvisor.org\/nl\/wp-json\/wp\/v2\/types\/page"}],"author":[{"embeddable":true,"href":"https:\/\/exceladvisor.org\/nl\/wp-json\/wp\/v2\/users\/1"}],"replies":[{"embeddable":true,"href":"https:\/\/exceladvisor.org\/nl\/wp-json\/wp\/v2\/comments?post=1589"}],"version-history":[{"count":1,"href":"https:\/\/exceladvisor.org\/nl\/wp-json\/wp\/v2\/pages\/1589\/revisions"}],"predecessor-version":[{"id":2802,"href":"https:\/\/exceladvisor.org\/nl\/wp-json\/wp\/v2\/pages\/1589\/revisions\/2802"}],"wp:attachment":[{"href":"https:\/\/exceladvisor.org\/nl\/wp-json\/wp\/v2\/media?parent=1589"}],"curies":[{"name":"wp","href":"https:\/\/api.w.org\/{rel}","templated":true}]}}