{"id":1597,"date":"2023-11-15T18:44:47","date_gmt":"2023-11-15T18:44:47","guid":{"rendered":"https:\/\/exceladvisor.org\/nl\/knip-en-plak\/"},"modified":"2023-12-06T05:49:23","modified_gmt":"2023-12-06T05:49:23","slug":"knip-en-plak","status":"publish","type":"page","link":"https:\/\/exceladvisor.org\/nl\/knip-en-plak\/","title":{"rendered":"Hoe knippen en plakken in excel?"},"content":{"rendered":"<div class=\"excel-voor-de-inhoud\" id=\"excel-583176759\"><script type=\"text\/javascript\">\r\n\tatOptions = {\r\n\t\t'key' : 'c1158f160081d6540a8409e6925dab94',\r\n\t\t'format' : 'iframe',\r\n\t\t'height' : 250,\r\n\t\t'width' : 300,\r\n\t\t'params' : {}\r\n\t};\r\n<\/script>\r\n<script type=\"text\/javascript\" src=\"\/\/www.highperformanceformat.com\/c1158f160081d6540a8409e6925dab94\/invoke.js\"><\/script><\/div> <p>In Excel kan de gebruiker met de kopieer- en plakfunctie de gegevens alleen van \u00e9\u00e9n plaats kopi\u00ebren en elders plakken, wat betekent dat de gegevens na het plakken op beide plaatsen beschikbaar zullen zijn.<\/p><p> Maar de knipfunctie wordt gebruikt om de gegevens van hun plaats te knippen om ze ergens anders te verplaatsen, wat betekent dat wanneer u de knipoptie gebruikt om de gegevens te verplaatsen, de cel(len) waaruit u de gegevens knipt, eenmaal leeg zullen worden. deze gegevens elders.<\/p><p> In deze zelfstudie hebben we uitgelegd hoe u een sneltoets kunt gebruiken om gegevens van de ene plaats naar de andere te knippen en plakken.<\/p><h2 class=\"wp-block-heading\"> Sneltoets om te knippen en plakken in Excel<\/h2><p> <kbd>Ctrl<\/kbd> + <kbd>X<\/kbd> <\/p><div class=\"wp-block-image\"><figure class=\"aligncenter size-full is-resized\"><img loading=\"lazy\" decoding=\"async\" class=\"wp-image-69429\" src=\"https:\/\/exceladvisor.org\/wp-content\/uploads\/2023\/08\/1-couper-le-raccourci-clavier.png\" sizes=\"auto, \" srcset=\"\" alt=\"cut-toetsenbord-snelkoppeling\" width=\"812\" height=\"318\"><\/figure><\/div><p> <kbd>Ctrl<\/kbd> + <kbd>V<\/kbd> of <kbd>Enter<\/kbd> <\/p><div class=\"wp-block-image\"><figure class=\"aligncenter size-full is-resized\"><img loading=\"lazy\" decoding=\"async\" class=\"wp-image-69430\" src=\"https:\/\/exceladvisor.org\/wp-content\/uploads\/2023\/08\/2-coller-le-raccourci-clavier.png\" sizes=\"auto, \" srcset=\"\" alt=\"sneltoetsenbord plakken\" width=\"810\" height=\"318\"><\/figure><\/div><h2 class=\"wp-block-heading\"> Stappen voor knippen en plakken met behulp van een sneltoets<\/h2><ul><li> Ga eerst naar de cel of selecteer het celbereik waaruit u gegevens wilt knippen en druk vervolgens op de toetsen &#8220;Ctrl + X&#8221;. <br><img decoding=\"async\" title=\"3-cut-cells-met-sneltoets\" src=\"https:\/\/exceladvisor.org\/wp-content\/uploads\/2023\/08\/3-cellules-coupees-a-laide-dun-raccourci-clavier.png\" sizes=\"\" srcset=\"\" alt=\"cut-cells-using-keyboard-shortcut\"><\/li><li> Ga daarna naar de cel waarnaar u deze gegevens wilt verplaatsen en druk op de toets &#8220;Enter&#8221; of &#8220;Ctrl + V&#8221; en uw gegevens worden daarheen verplaatst. <br><img decoding=\"async\" title=\"4-plak de knipgegevens\" src=\"https:\/\/exceladvisor.org\/wp-content\/uploads\/2023\/08\/4-coller-les-donnees-coupees.png\" sizes=\"\" srcset=\"\" alt=\"paste-the-cut-data\"><\/li><\/ul><p> In de afbeelding hierboven kun je zien dat we op &#8220;Enter&#8221; of &#8220;Ctrl + V&#8221; hebben gedrukt in cel &#8220;F2&#8221;, en dat de gegevens daarheen zijn verplaatst en dat de cellen die we uit de gegevens hadden gekopieerd leeg worden, wat aangeeft dat de gegevens zijn van de ene locatie naar de andere verplaatst. <\/p><div class=\"wp-block-group more-tutorials is-layout-flow\"><div class=\"wp-block-group__inner-container\"><h2 class=\"wp-block-heading\"> Meer tutorials <\/h2><div class=\"wp-block-columns is-layout-flex wp-container-15\"><div class=\"wp-block-column is-layout-flow\"><ul><li> <a href=\"https:\/\/exceladvisor.org\/nl\/absolute-referentie\/\">Absolute referentie<\/a><\/li><li> <a href=\"https:\/\/exceladvisor.org\/nl\/kopieren-plakken\/\">Knippen en plakken<\/a><\/li><li> Cellen vergrendelen<\/li><\/ul><\/div><div class=\"wp-block-column is-layout-flow\"><ul><li> <a href=\"https:\/\/exceladvisor.org\/nl\/waarden-plakken\/\">Waarden plakken<\/a><\/li><li> <a href=\"https:\/\/exceladvisor.org\/nl\/selecteer-een-lijn\/\">Selecteer een lijn<\/a><\/li><li> <a href=\"https:\/\/exceladvisor.org\/nl\/transponeren-2\/\">Transponeren<\/a><\/li><\/ul><\/div><\/div><p> \u21e0 Terug naar <a href=\"https:\/\/exceladvisor.org\/nl\/toetsenbord-sneltoetsen\/\">Excel-snelkoppelingen (PDF-spiekbriefje)<\/a><\/p><\/div><\/div>","protected":false},"excerpt":{"rendered":"","protected":false},"author":1,"featured_media":0,"parent":0,"menu_order":0,"comment_status":"open","ping_status":"closed","template":"","meta":{"ub_ctt_via":"","footnotes":""},"class_list":["post-1597","page","type-page","status-publish","hentry"],"featured_image_src":null,"yoast_head":"<!-- This site is optimized with the Yoast SEO plugin v25.4 - https:\/\/yoast.com\/wordpress\/plugins\/seo\/ -->\n<title>\u25b7Hoe knippen en plakken in Excel? (Excel-snelkoppeling)<\/title>\n<meta name=\"description\" content=\"In deze zelfstudie leert u hoe u een sneltoets gebruikt om kopi\u00ebren en plakken in Excel toe te passen. Nu deze snelkoppeling\" \/>\n<meta name=\"robots\" content=\"index, follow, max-snippet:-1, max-image-preview:large, max-video-preview:-1\" \/>\n<link rel=\"canonical\" href=\"https:\/\/exceladvisor.org\/nl\/knip-en-plak\/\" \/>\n<meta property=\"og:locale\" content=\"nl_NL\" \/>\n<meta property=\"og:type\" content=\"article\" \/>\n<meta property=\"og:title\" content=\"\u25b7Hoe knippen en plakken in Excel? (Excel-snelkoppeling)\" \/>\n<meta property=\"og:description\" content=\"In deze zelfstudie leert u hoe u een sneltoets gebruikt om kopi\u00ebren en plakken in Excel toe te passen. Nu deze snelkoppeling\" \/>\n<meta property=\"og:url\" content=\"https:\/\/exceladvisor.org\/nl\/knip-en-plak\/\" \/>\n<meta property=\"og:site_name\" content=\"Excel Advisor\" \/>\n<meta property=\"article:modified_time\" content=\"2023-12-06T05:49:23+00:00\" \/>\n<meta property=\"og:image\" content=\"https:\/\/exceladvisor.org\/wp-content\/uploads\/2023\/08\/1-couper-le-raccourci-clavier.png\" \/>\n<meta name=\"twitter:card\" content=\"summary_large_image\" \/>\n<meta name=\"twitter:label1\" content=\"Geschatte leestijd\" \/>\n\t<meta name=\"twitter:data1\" content=\"1 minuut\" \/>\n<script type=\"application\/ld+json\" class=\"yoast-schema-graph\">{\"@context\":\"https:\/\/schema.org\",\"@graph\":[{\"@type\":\"WebPage\",\"@id\":\"https:\/\/exceladvisor.org\/nl\/knip-en-plak\/\",\"url\":\"https:\/\/exceladvisor.org\/nl\/knip-en-plak\/\",\"name\":\"\u25b7Hoe knippen en plakken in Excel? (Excel-snelkoppeling)\",\"isPartOf\":{\"@id\":\"https:\/\/exceladvisor.org\/nl\/#website\"},\"primaryImageOfPage\":{\"@id\":\"https:\/\/exceladvisor.org\/nl\/knip-en-plak\/#primaryimage\"},\"image\":{\"@id\":\"https:\/\/exceladvisor.org\/nl\/knip-en-plak\/#primaryimage\"},\"thumbnailUrl\":\"https:\/\/exceladvisor.org\/wp-content\/uploads\/2023\/08\/1-couper-le-raccourci-clavier.png\",\"datePublished\":\"2023-11-15T18:44:47+00:00\",\"dateModified\":\"2023-12-06T05:49:23+00:00\",\"description\":\"In deze zelfstudie leert u hoe u een sneltoets gebruikt om kopi\u00ebren en plakken in Excel toe te passen. Nu deze snelkoppeling\",\"breadcrumb\":{\"@id\":\"https:\/\/exceladvisor.org\/nl\/knip-en-plak\/#breadcrumb\"},\"inLanguage\":\"nl-NL\",\"potentialAction\":[{\"@type\":\"ReadAction\",\"target\":[\"https:\/\/exceladvisor.org\/nl\/knip-en-plak\/\"]}]},{\"@type\":\"ImageObject\",\"inLanguage\":\"nl-NL\",\"@id\":\"https:\/\/exceladvisor.org\/nl\/knip-en-plak\/#primaryimage\",\"url\":\"https:\/\/exceladvisor.org\/wp-content\/uploads\/2023\/08\/1-couper-le-raccourci-clavier.png\",\"contentUrl\":\"https:\/\/exceladvisor.org\/wp-content\/uploads\/2023\/08\/1-couper-le-raccourci-clavier.png\"},{\"@type\":\"BreadcrumbList\",\"@id\":\"https:\/\/exceladvisor.org\/nl\/knip-en-plak\/#breadcrumb\",\"itemListElement\":[{\"@type\":\"ListItem\",\"position\":1,\"name\":\"Thuis\",\"item\":\"https:\/\/exceladvisor.org\/nl\/\"},{\"@type\":\"ListItem\",\"position\":2,\"name\":\"Hoe knippen en plakken in excel?\"}]},{\"@type\":\"WebSite\",\"@id\":\"https:\/\/exceladvisor.org\/nl\/#website\",\"url\":\"https:\/\/exceladvisor.org\/nl\/\",\"name\":\"Excel Advisor\",\"description\":\"Uw gids voor datadominantie\",\"publisher\":{\"@id\":\"https:\/\/exceladvisor.org\/nl\/#organization\"},\"potentialAction\":[{\"@type\":\"SearchAction\",\"target\":{\"@type\":\"EntryPoint\",\"urlTemplate\":\"https:\/\/exceladvisor.org\/nl\/?s={search_term_string}\"},\"query-input\":{\"@type\":\"PropertyValueSpecification\",\"valueRequired\":true,\"valueName\":\"search_term_string\"}}],\"inLanguage\":\"nl-NL\"},{\"@type\":\"Organization\",\"@id\":\"https:\/\/exceladvisor.org\/nl\/#organization\",\"name\":\"Excel Advisor\",\"url\":\"https:\/\/exceladvisor.org\/nl\/\",\"logo\":{\"@type\":\"ImageObject\",\"inLanguage\":\"nl-NL\",\"@id\":\"https:\/\/exceladvisor.org\/nl\/#\/schema\/logo\/image\/\",\"url\":\"https:\/\/exceladvisor.org\/nl\/wp-content\/uploads\/2023\/12\/exceladvisor.org_.png\",\"contentUrl\":\"https:\/\/exceladvisor.org\/nl\/wp-content\/uploads\/2023\/12\/exceladvisor.org_.png\",\"width\":105,\"height\":36,\"caption\":\"Excel Advisor\"},\"image\":{\"@id\":\"https:\/\/exceladvisor.org\/nl\/#\/schema\/logo\/image\/\"}}]}<\/script>\n<!-- \/ Yoast SEO plugin. -->","yoast_head_json":{"title":"\u25b7Hoe knippen en plakken in Excel? (Excel-snelkoppeling)","description":"In deze zelfstudie leert u hoe u een sneltoets gebruikt om kopi\u00ebren en plakken in Excel toe te passen. Nu deze snelkoppeling","robots":{"index":"index","follow":"follow","max-snippet":"max-snippet:-1","max-image-preview":"max-image-preview:large","max-video-preview":"max-video-preview:-1"},"canonical":"https:\/\/exceladvisor.org\/nl\/knip-en-plak\/","og_locale":"nl_NL","og_type":"article","og_title":"\u25b7Hoe knippen en plakken in Excel? (Excel-snelkoppeling)","og_description":"In deze zelfstudie leert u hoe u een sneltoets gebruikt om kopi\u00ebren en plakken in Excel toe te passen. Nu deze snelkoppeling","og_url":"https:\/\/exceladvisor.org\/nl\/knip-en-plak\/","og_site_name":"Excel Advisor","article_modified_time":"2023-12-06T05:49:23+00:00","og_image":[{"url":"https:\/\/exceladvisor.org\/wp-content\/uploads\/2023\/08\/1-couper-le-raccourci-clavier.png","type":"","width":"","height":""}],"twitter_card":"summary_large_image","twitter_misc":{"Geschatte leestijd":"1 minuut"},"schema":{"@context":"https:\/\/schema.org","@graph":[{"@type":"WebPage","@id":"https:\/\/exceladvisor.org\/nl\/knip-en-plak\/","url":"https:\/\/exceladvisor.org\/nl\/knip-en-plak\/","name":"\u25b7Hoe knippen en plakken in Excel? (Excel-snelkoppeling)","isPartOf":{"@id":"https:\/\/exceladvisor.org\/nl\/#website"},"primaryImageOfPage":{"@id":"https:\/\/exceladvisor.org\/nl\/knip-en-plak\/#primaryimage"},"image":{"@id":"https:\/\/exceladvisor.org\/nl\/knip-en-plak\/#primaryimage"},"thumbnailUrl":"https:\/\/exceladvisor.org\/wp-content\/uploads\/2023\/08\/1-couper-le-raccourci-clavier.png","datePublished":"2023-11-15T18:44:47+00:00","dateModified":"2023-12-06T05:49:23+00:00","description":"In deze zelfstudie leert u hoe u een sneltoets gebruikt om kopi\u00ebren en plakken in Excel toe te passen. Nu deze snelkoppeling","breadcrumb":{"@id":"https:\/\/exceladvisor.org\/nl\/knip-en-plak\/#breadcrumb"},"inLanguage":"nl-NL","potentialAction":[{"@type":"ReadAction","target":["https:\/\/exceladvisor.org\/nl\/knip-en-plak\/"]}]},{"@type":"ImageObject","inLanguage":"nl-NL","@id":"https:\/\/exceladvisor.org\/nl\/knip-en-plak\/#primaryimage","url":"https:\/\/exceladvisor.org\/wp-content\/uploads\/2023\/08\/1-couper-le-raccourci-clavier.png","contentUrl":"https:\/\/exceladvisor.org\/wp-content\/uploads\/2023\/08\/1-couper-le-raccourci-clavier.png"},{"@type":"BreadcrumbList","@id":"https:\/\/exceladvisor.org\/nl\/knip-en-plak\/#breadcrumb","itemListElement":[{"@type":"ListItem","position":1,"name":"Thuis","item":"https:\/\/exceladvisor.org\/nl\/"},{"@type":"ListItem","position":2,"name":"Hoe knippen en plakken in excel?"}]},{"@type":"WebSite","@id":"https:\/\/exceladvisor.org\/nl\/#website","url":"https:\/\/exceladvisor.org\/nl\/","name":"Excel Advisor","description":"Uw gids voor datadominantie","publisher":{"@id":"https:\/\/exceladvisor.org\/nl\/#organization"},"potentialAction":[{"@type":"SearchAction","target":{"@type":"EntryPoint","urlTemplate":"https:\/\/exceladvisor.org\/nl\/?s={search_term_string}"},"query-input":{"@type":"PropertyValueSpecification","valueRequired":true,"valueName":"search_term_string"}}],"inLanguage":"nl-NL"},{"@type":"Organization","@id":"https:\/\/exceladvisor.org\/nl\/#organization","name":"Excel Advisor","url":"https:\/\/exceladvisor.org\/nl\/","logo":{"@type":"ImageObject","inLanguage":"nl-NL","@id":"https:\/\/exceladvisor.org\/nl\/#\/schema\/logo\/image\/","url":"https:\/\/exceladvisor.org\/nl\/wp-content\/uploads\/2023\/12\/exceladvisor.org_.png","contentUrl":"https:\/\/exceladvisor.org\/nl\/wp-content\/uploads\/2023\/12\/exceladvisor.org_.png","width":105,"height":36,"caption":"Excel Advisor"},"image":{"@id":"https:\/\/exceladvisor.org\/nl\/#\/schema\/logo\/image\/"}}]}},"yoast_meta":{"yoast_wpseo_title":"","yoast_wpseo_metadesc":"","yoast_wpseo_canonical":""},"_links":{"self":[{"href":"https:\/\/exceladvisor.org\/nl\/wp-json\/wp\/v2\/pages\/1597","targetHints":{"allow":["GET"]}}],"collection":[{"href":"https:\/\/exceladvisor.org\/nl\/wp-json\/wp\/v2\/pages"}],"about":[{"href":"https:\/\/exceladvisor.org\/nl\/wp-json\/wp\/v2\/types\/page"}],"author":[{"embeddable":true,"href":"https:\/\/exceladvisor.org\/nl\/wp-json\/wp\/v2\/users\/1"}],"replies":[{"embeddable":true,"href":"https:\/\/exceladvisor.org\/nl\/wp-json\/wp\/v2\/comments?post=1597"}],"version-history":[{"count":1,"href":"https:\/\/exceladvisor.org\/nl\/wp-json\/wp\/v2\/pages\/1597\/revisions"}],"predecessor-version":[{"id":2613,"href":"https:\/\/exceladvisor.org\/nl\/wp-json\/wp\/v2\/pages\/1597\/revisions\/2613"}],"wp:attachment":[{"href":"https:\/\/exceladvisor.org\/nl\/wp-json\/wp\/v2\/media?parent=1597"}],"curies":[{"name":"wp","href":"https:\/\/api.w.org\/{rel}","templated":true}]}}