{"id":1605,"date":"2023-11-15T13:06:05","date_gmt":"2023-11-15T13:06:05","guid":{"rendered":"https:\/\/exceladvisor.org\/nl\/naam-van-de-maand\/"},"modified":"2023-12-06T05:48:58","modified_gmt":"2023-12-06T05:48:58","slug":"naam-van-de-maand","status":"publish","type":"page","link":"https:\/\/exceladvisor.org\/nl\/naam-van-de-maand\/","title":{"rendered":"Hoe haal je een maand uit een date?"},"content":{"rendered":"<div class=\"excel-voor-de-inhoud\" id=\"excel-1465403060\"><script type=\"text\/javascript\">\r\n\tatOptions = {\r\n\t\t'key' : 'c1158f160081d6540a8409e6925dab94',\r\n\t\t'format' : 'iframe',\r\n\t\t'height' : 250,\r\n\t\t'width' : 300,\r\n\t\t'params' : {}\r\n\t};\r\n<\/script>\r\n<script type=\"text\/javascript\" src=\"\/\/www.highperformanceformat.com\/c1158f160081d6540a8409e6925dab94\/invoke.js\"><\/script><\/div> <p>Datums zijn een belangrijk onderdeel van gegevens. Er zijn een paar momenten waarop we slechts een deel van een datum hoeven te gebruiken. Laten we een voorbeeld uit de maand nemen. Soms heb je maar een maand nodig vanaf een date.<\/p><p> Een maand is een van de nuttige componenten van een datum die u kunt gebruiken om gegevens samen te vatten. Als het om Excel gaat, hebben we verschillende methoden om uit een datum een maand te halen.<\/p><p> Ik heb hiervoor in totaal 5 methoden gevonden. En vandaag wil ik in dit artikel al deze methoden met u delen om de maand uit een datum te halen\/extraheren. Dus laten we aan de slag gaan.<\/p><h2 id=\"tab-con-4\" class=\"wp-block-heading\"> 1. MAAND-functie<\/h2><p> Het gebruik van de MAAND-functie is de eenvoudigste methode om een maand uit een datum te halen. Het enige wat u hoeft te doen is eenvoudigweg naar een geldige datum in deze functie te verwijzen en het zal het maandnummer retourneren, vari\u00ebrend van 1 tot 12. <\/p><pre class=\"wp-block-preformatted\"> = <a href=\"https:\/\/exceladvisor.org\/fonctions-de-date-excel\/\">MONTH<\/a> (A2) <\/pre><p class=\"has-text-align-center\"><img loading=\"lazy\" decoding=\"async\" src=\"https:\/\/exceladvisor.org\/wp-content\/uploads\/2023\/08\/obtenir-le-mois-a-partir-dune-date-avec-la-fonction-mois-min-1.png\" sizes=\"auto, \" srcset=\"\" alt=\"haal de maand op van een datum met maandfunctie\" width=\"348\" height=\"348\" data-id=\"11843\"><\/p><p> U kunt ook rechtstreeks een datum in de functie invoegen met het <a href=\"https:\/\/exceladvisor.org\/nl\/tekst-tot-nu-toe\/\">juiste datumformaat<\/a> . <\/p><figure class=\"wp-block-table\"><table class=\"mtr-table mtr-thead-th\"><thead><tr><th class=\"mtr-th-tag\" data-mtr-content=\"Pro\"><div class=\"mtr-cell-content\"> Pro<\/div><\/th><th class=\"mtr-th-tag\" data-mtr-content=\"Con\"><div class=\"mtr-cell-content\"> Lul <\/div><\/th><\/tr><\/thead><tbody><tr><td class=\"mtr-td-tag\" data-mtr-content=\"Pro\"><div class=\"mtr-cell-content\">Het is eenvoudig toe te passen en het is niet nodig om het te combineren met andere functies.<\/div><\/td><td class=\"mtr-td-tag\" data-mtr-content=\"Con\"><div class=\"mtr-cell-content\"> Het maandnummer wordt beperkt gebruikt, meestal is het beter om de maandnaam weer te geven in plaats van cijfers en als je een maandnaam wilt, heb je een andere methode nodig.<\/div><\/td><\/tr><\/tbody><\/table><\/figure><h2 id=\"tab-con-2\" class=\"wp-block-heading\"> 2. TEKST-functie<\/h2><p> Zoals ik al zei, is het beter om een maandnaam te gebruiken in plaats van een maandnummer. Het gebruik van de TEXT-functie is een perfecte methode om de maandnaam uit een datum te extraheren. De basistaak van de tekstfunctie hier is het converteren van een datum naar een maand met behulp van een specifiek formaat. <\/p><pre class=\"wp-block-preformatted\"> <span style=\"font-family: 'Courier New', Courier, monospace;\">=<\/span> <span style=\"font-family: 'Courier New', Courier, monospace;\">TEXT<\/span> <span style=\"font-family: 'Courier New', Courier, monospace;\">(A2,\"MMM\")<\/span> <\/pre><div class=\"wp-block-image\"><figure class=\"aligncenter is-resized\"><img loading=\"lazy\" decoding=\"async\" src=\"https:\/\/exceladvisor.org\/wp-content\/uploads\/2023\/08\/obtenir-le-mois-a-partir-dune-date-avec-la-fonction-de-texte-min-1.png\" sizes=\"auto, \" srcset=\"\" alt=\"krijg de maand van een datum met tekstfunctie\" width=\"421\" height=\"383\"><\/figure><\/div><p> Standaard heb je <a href=\"https:\/\/support.office.com\/en-us\/article\/TEXT-function-20d5ac4d-7b94-49fd-bb38-93d29371225c\" target=\"_blank\" rel=\"noopener noreferrer\">5 verschillende datumformaten<\/a> die je in de tekstfunctie kunt gebruiken. Deze formaten retourneren de naam van de maand als tekst. Het enige wat u hoeft te doen is naar een datum in de functie te verwijzen en een formaat op te geven. Ja, dat is alles. En zorg ervoor dat de datum die u gebruikt een <a style=\"outline: none;\" href=\"https:\/\/exceladvisor.org\/nl\/tekst-tot-nu-toe\/\">geldige datum<\/a> moet zijn volgens het datumsysteem van Excel. <\/p><figure class=\"wp-block-table\"><table class=\"has-fixed-layout mtr-table mtr-thead-th\"><thead><tr><th class=\"mtr-th-tag\" data-mtr-content=\"Pros\"><div class=\"mtr-cell-content\"> Voordelen<\/div><\/th><th class=\"mtr-th-tag\" data-mtr-content=\"Cons\"><div class=\"mtr-cell-content\"> De nadelen <\/div><\/th><\/tr><\/thead><tbody><tr><td class=\"mtr-td-tag\" data-mtr-content=\"Pros\"><div class=\"mtr-cell-content\"> Je hebt de mogelijkheid om een formaat te kiezen uit 5 verschillende formaten en de originele datumkolom blijft hetzelfde.<\/div><\/td><td class=\"mtr-td-tag\" data-mtr-content=\"Cons\"><div class=\"mtr-cell-content\"> Het retourneert de maandnaam die uit tekst bestaat en het gebruik van een aangepaste afkorting voor de maandnaam is niet mogelijk.<\/div><\/td><\/tr><\/tbody><\/table><\/figure><h2 id=\"tab-con-3\" class=\"wp-block-heading\"> 3. KIES de functie<\/h2><p> Stel dat u een aangepaste maandnaam wilt of misschien een naam in een andere taal in plaats van een normaal nummer of naam. In deze situatie kan de KIES-functie u helpen. U moet een aangepaste naam opgeven voor de 12 maanden in de functie en de maandfunctie gebruiken om het maandnummer uit de datum te halen. <\/p><pre class=\"wp-block-preformatted\"> =CHOOSE(MONTH(A1),\"Jan\",\"Feb\",\"Mar\",\"Apr\",\"May\",\"Jun\",\"Jul\",\"Aug\",\"Sep\",\"Oct\",\"Nov \",\"Dec\") <\/pre><div class=\"wp-block-image\"><figure class=\"aligncenter\"><img decoding=\"async\" src=\"https:\/\/exceladvisor.org\/wp-content\/uploads\/2023\/08\/obtenir-le-mois-a-partir-dune-date-avec-choisir-la-fonction-min-1.png\" sizes=\"\" srcset=\"\" alt=\"gegevens met maandnaam vanaf een datum\"><\/figure><\/div><p> Wanneer de maandfunctie een maandnummer vanaf de datum retourneert, retourneert het kiezen van de functie de aangepaste maandnaam in plaats van dat nummer.<\/p><p> <strong>Gerelateerd:<\/strong> <a href=\"https:\/\/exceladvisor.org\/nl\/excel-formulebalk\/\">Formulebalk<\/a> <\/p><figure class=\"wp-block-table\"><table class=\"has-fixed-layout mtr-table mtr-thead-th\"><thead><tr><th class=\"mtr-th-tag\" data-mtr-content=\"Pros\"><div class=\"mtr-cell-content\"> Voordelen<\/div><\/th><th class=\"mtr-th-tag\" data-mtr-content=\"Cons\"><div class=\"mtr-cell-content\"> De nadelen <\/div><\/th><\/tr><\/thead><tbody><tr><td class=\"mtr-td-tag\" data-mtr-content=\"Pros\"><div class=\"mtr-cell-content\"> Hierdoor heeft u meer flexibiliteit en kunt u voor elke maand een aangepaste maandnaam opgeven.<\/div><\/td><td class=\"mtr-td-tag\" data-mtr-content=\"Cons\"><div class=\"mtr-cell-content\"> Het is een tijdrovend proces om alle waarden van de functie \u00e9\u00e9n voor \u00e9\u00e9n op te tellen.<\/div><\/td><\/tr><\/tbody><\/table><\/figure><h2 id=\"tab-con-1\" class=\"wp-block-heading\"> 4. PowerQuery<\/h2><p> Als u op een slimme manier de naam van een maand uit een datum wilt halen, dan is powerquery uw keuze. Hiermee kunt u een datum naar maand converteren en ook een maandnummer of maandnaam uit een datum halen. Power Query is een compleet pakket waarmee u met datums kunt werken. Hier heb je onderstaande gegevens en hier heb je maanden vanaf datums nodig.<\/p><ul><li> Converteer eerst uw gegevens naar een tabel.<\/li><li> Selecteer daarna een van de tabelcellen en ga naar het tabblad Gegevens.<\/li><li> Klik op het tabblad Gegevens op &#8216;Uit tabel&#8217;. <\/li><\/ul><div class=\"wp-block-image\"><figure class=\"aligncenter\"><img decoding=\"async\" src=\"https:\/\/exceladvisor.org\/wp-content\/uploads\/2023\/08\/cliquez-sur-le-tableau-pour-obtenir-le-mois-a-partir-de-la-date-avec-la-requete-de-puissance-min-1.png\" sizes=\"\" srcset=\"\" alt=\"klik op de tabel om de maand vanaf de datum te krijgen met een powerquery\"><\/figure><\/div><ul><li> Uw tabel wordt geladen in de Power Query Editor.<\/li><\/ul><p> Vanaf hier heeft u twee verschillende opties: \u00e9\u00e9n is het toevoegen van een nieuwe kolom met maandnaam of maandnummer of het converteren van uw datums naar een maandnaam of -nummer. Sla de volgende twee stappen over als u uw datums alleen naar maanden wilt converteren zonder een nieuwe kolom toe te voegen.<\/p><ul><li> Klik eerst met de rechtermuisknop op de kolomkop.<\/li><li> En klik daarna op &#8220;Kolom dupliceren&#8221;. <\/li><\/ul><div class=\"wp-block-image\"><figure class=\"aligncenter\"><img decoding=\"async\" src=\"https:\/\/exceladvisor.org\/wp-content\/uploads\/2023\/08\/ajouter-une-colonne-en-double-pour-obtenir-le-mois-a-partir-dune-date-min-1.png\" sizes=\"\" srcset=\"\" alt=\"voeg een dubbele kolom toe om de maand van een datum te krijgen\"><\/figure><\/div><ul><li> Selecteer de nieuwe kolom in de koptekst en klik er met de rechtermuisknop op.<\/li><li> Ga naar Transformeren \u279c Maand \u279c Naam van de maand of maand. <\/li><\/ul><div class=\"wp-block-image\"><figure class=\"aligncenter\"><img decoding=\"async\" src=\"https:\/\/exceladvisor.org\/wp-content\/uploads\/2023\/08\/selectionnez-le-nom-du-mois-pour-obtenir-le-mois-min-1.png\" sizes=\"\" srcset=\"\" alt=\"selecteer de naam van de maand om de maand te krijgen\"><\/figure><\/div><ul><li> Het converteert datums onmiddellijk naar maanden. <\/li><\/ul><div class=\"wp-block-image\"><figure class=\"aligncenter\"><img decoding=\"async\" src=\"https:\/\/exceladvisor.org\/wp-content\/uploads\/2023\/08\/cliquez-sur-fermer-et-chargez-pour-obtenir-le-mois-a-partir-dune-date-min-1.png\" sizes=\"\" srcset=\"\" alt=\"klik op sluiten en laden om de maand van een datum te krijgen\"><\/figure><\/div><ul><li> Nog \u00e9\u00e9n ding: klik met de rechtermuisknop op de kolomkop en hernoem de kolom naar &#8220;Maand&#8221;.<\/li><li> Klik aan het einde op &#8220;Sluiten en laden&#8221; en uw gegevens worden in een spreadsheet geladen. <\/li><\/ul><div class=\"wp-block-image\"><figure class=\"aligncenter\"><img decoding=\"async\" src=\"https:\/\/exceladvisor.org\/wp-content\/uploads\/2023\/08\/donnees-avec-le-nom-du-mois-a-partir-dune-date-min-1.png\" sizes=\"\" srcset=\"\" alt=\"gegevens met maandnaam vanaf een datum\"><\/figure><\/div><figure class=\"wp-block-table\"><table class=\"has-fixed-layout mtr-table mtr-thead-th\"><thead><tr><th class=\"mtr-th-tag\" data-mtr-content=\"Pro\"><div class=\"mtr-cell-content\"> Pro<\/div><\/th><th class=\"mtr-th-tag\" data-mtr-content=\"Con\"><div class=\"mtr-cell-content\"> Lul <\/div><\/th><\/tr><\/thead><tbody><tr><td class=\"mtr-td-tag\" data-mtr-content=\"Pro\"><div class=\"mtr-cell-content\">Het is een dynamische en punctuele configuratie. Uw oorspronkelijke gegevens worden niet be\u00efnvloed.<\/div><\/td><td class=\"mtr-td-tag\" data-mtr-content=\"Con\"><div class=\"mtr-cell-content\"> U zou een powerquery in uw Excel-versie moeten hebben en de naam van de maand zal een volledige naam zijn.<\/div><\/td><\/tr><\/tbody><\/table><\/figure><h2 id=\"tab-con-0\" class=\"wp-block-heading\"> 5. Aangepaste opmaak<\/h2><p> Als u niet in een formulemethode wilt duiken, kunt u deze eenvoudig gebruiken om een datum naar een maand te converteren door <a href=\"https:\/\/support.office.com\/en-us\/article\/Create-or-delete-a-custom-number-format-78f2a361-936b-4c03-8772-09fab54be7f4?ui=en-US&amp;rs=en-US&amp;ad=US&amp;fromAR=1\" target=\"_blank\" rel=\"noopener noreferrer\">aangepaste opmaak toe te passen<\/a> . Volg deze eenvoudige stappen.<\/p><ol><li> Selecteer het celbereik of de kolom.<\/li><li> Druk op de sneltoets Ctrl + 1.<\/li><li> Ga in de formaatoptie naar &#8220;Aangepast&#8221;.<\/li><li> Voer nu in de invoerbalk &#8220;Type&#8221; &#8220;MM&#8221;, &#8220;MMM&#8221; of &#8220;MMMMMM&#8221; in.<\/li><li> Klik OK. <\/li><\/ol><div class=\"wp-block-image\"><figure class=\"aligncenter is-resized\"><img loading=\"lazy\" decoding=\"async\" src=\"https:\/\/exceladvisor.org\/wp-content\/uploads\/2023\/08\/obtenir-le-mois-a-partir-dune-date-avec-des-options-de-mise-en-forme-ouvertes-de-mise-en-forme-conditionnelle-min-1.png\" sizes=\"auto, \" srcset=\"\" alt=\"haal de maand op van een datum met voorwaardelijke opmaak open opmaakopties\" width=\"534\" height=\"466\"><\/figure><\/div><figure class=\"wp-block-table\"><table class=\"has-fixed-layout mtr-table mtr-thead-th\"><thead><tr><th class=\"mtr-th-tag\" data-mtr-content=\"Pros\"><div class=\"mtr-cell-content\"> Voordelen<\/div><\/th><th class=\"mtr-th-tag\" data-mtr-content=\"Cons\"><div class=\"mtr-cell-content\"> De nadelen <\/div><\/th><\/tr><\/thead><tbody><tr><td class=\"mtr-td-tag\" data-mtr-content=\"Pros\"><div class=\"mtr-cell-content\"> Het is gemakkelijk toe te passen en verandert niet de datum, maar het formaat ervan.<\/div><\/td><td class=\"mtr-td-tag\" data-mtr-content=\"Cons\"><div class=\"mtr-cell-content\"> Omdat de waarde een datum is, zal het, als u deze ergens anders als waarde kopieert en plakt, een datum zijn en geen tekst. Als iemand het formaat wijzigt, gaat de maandnaam verloren.<\/div><\/td><\/tr><\/tbody><\/table><\/figure><h2 class=\"wp-block-heading\"> Conclusie<\/h2><p> Alle bovenstaande methoden kunnen in verschillende situaties worden gebruikt. Maar sommige worden vaker gebruikt.<\/p><p> De TEKST-functie is in de meeste situaties toepasbaar. Aan de andere kant heb je ook een krachtige vraag om maanden in slechts een paar klikken te krijgen. Als je het mij vraagt, gebruik ik de tekstfunctie, maar tegenwoordig ben ik meer verliefd op de powerquery, dus die zou ik ook graag willen gebruiken.<\/p><p> Uiteindelijk wil ik alleen maar zeggen dat je elk van deze methoden kunt gebruiken, afhankelijk van je behoeften. Maar je moet me \u00e9\u00e9n ding vertellen.<\/p><p> <strong>Wat is uw voorkeursmethode?<\/strong><\/p><p> Deel het met mij in het opmerkingengedeelte, ik hoor graag van je. En vergeet niet om het met je vrienden te delen. <\/p><div class=\"gb-container gb-container-52dfcee1 gb-container-sample-file\"><h2 class=\"gb-headline gb-headline-e289c143 gb-headline-text gb-headline-4f7959c2\"> Haal het Excel-bestand op<\/h2><p> <a class=\"gb-button gb-button-e88d6bee gb-button-text gb-button-button1\" href=\"https:\/\/exceladvisor.org\/wp-content\/uploads\/2023\/08\/obtenir-le-mois-a-partir-de-la-date-2.xlsx\" rel=\"nofollow\">Downloaden<\/a><\/p><\/div><div class=\"gb-container gb-container-0df56012 gb-container-mt\"> <a class=\"gb-button gb-button-f9f432f4 gb-button-text gb-button-mt-button\" href=\"https:\/\/exceladvisor.org\/nl\/formules\/\">Lijst met Excel-formules<\/a><h2 class=\"gb-headline gb-headline-233444e8 gb-headline-text gb-headline-mt-heading\"> Gerelateerde formules <\/h2><div class=\"gb-grid-wrapper gb-grid-wrapper-a16fa65c gb-grid-wrapper-mt-grid\"><div class=\"gb-grid-column gb-grid-column-50d07e0d\"><div class=\"gb-container gb-container-50d07e0d\"><ul><li> <a href=\"https:\/\/exceladvisor.org\/nl\/een-maand-toevoegen-aan-een-datum-2\/\">Voeg een maand toe aan een datum in Excel<\/a><\/li><li> <a href=\"https:\/\/exceladvisor.org\/nl\/eind-van-de-maand\/\">Ontvang de einddatum van de maand in Excel<\/a><\/li><li> <a href=\"https:\/\/exceladvisor.org\/nl\/eerste-dag-van-maand-2\/\">Ontvang de eerste dag van de maand in Excel (begin van de maand)<\/a><\/li><li> <a href=\"https:\/\/exceladvisor.org\/nl\/kwartaal\/\">Ontvang een kwartaal uit een datum [Fiscaal + Kalender] in Excel<\/a><\/li><li> <a href=\"https:\/\/exceladvisor.org\/nl\/maand-tussen-twee-data\/\">Aantal maanden tussen twee datums in Excel<\/a> <\/li><\/ul><\/div><\/div><div class=\"gb-grid-column gb-grid-column-5b4a0cf9\"><div class=\"gb-container gb-container-5b4a0cf9\"><\/div><\/div><\/div><\/div>","protected":false},"excerpt":{"rendered":"","protected":false},"author":1,"featured_media":0,"parent":0,"menu_order":0,"comment_status":"open","ping_status":"closed","template":"","meta":{"ub_ctt_via":"","footnotes":""},"class_list":["post-1605","page","type-page","status-publish","hentry"],"featured_image_src":null,"yoast_head":"<!-- This site is optimized with the Yoast SEO plugin v25.4 - https:\/\/yoast.com\/wordpress\/plugins\/seo\/ -->\n<title>Hoe haal je een maand uit een date? (Gids 2023)<\/title>\n<meta name=\"description\" content=\"In deze zelfstudie leert u hoe u de maandnaam uit een datum in Excel kunt halen\/extraheren met behulp van vijf verschillende methoden\" \/>\n<meta name=\"robots\" content=\"index, follow, max-snippet:-1, max-image-preview:large, max-video-preview:-1\" \/>\n<link rel=\"canonical\" href=\"https:\/\/exceladvisor.org\/nl\/naam-van-de-maand\/\" \/>\n<meta property=\"og:locale\" content=\"nl_NL\" \/>\n<meta property=\"og:type\" content=\"article\" \/>\n<meta property=\"og:title\" content=\"Hoe haal je een maand uit een date? (Gids 2023)\" \/>\n<meta property=\"og:description\" content=\"In deze zelfstudie leert u hoe u de maandnaam uit een datum in Excel kunt halen\/extraheren met behulp van vijf verschillende methoden\" \/>\n<meta property=\"og:url\" content=\"https:\/\/exceladvisor.org\/nl\/naam-van-de-maand\/\" \/>\n<meta property=\"og:site_name\" content=\"Excel Advisor\" \/>\n<meta property=\"article:modified_time\" content=\"2023-12-06T05:48:58+00:00\" \/>\n<meta property=\"og:image\" content=\"https:\/\/exceladvisor.org\/wp-content\/uploads\/2023\/08\/obtenir-le-mois-a-partir-dune-date-avec-la-fonction-mois-min-1.png\" \/>\n<meta name=\"twitter:card\" content=\"summary_large_image\" \/>\n<meta name=\"twitter:label1\" content=\"Geschatte leestijd\" \/>\n\t<meta name=\"twitter:data1\" content=\"5 minuten\" \/>\n<script type=\"application\/ld+json\" class=\"yoast-schema-graph\">{\"@context\":\"https:\/\/schema.org\",\"@graph\":[{\"@type\":\"WebPage\",\"@id\":\"https:\/\/exceladvisor.org\/nl\/naam-van-de-maand\/\",\"url\":\"https:\/\/exceladvisor.org\/nl\/naam-van-de-maand\/\",\"name\":\"Hoe haal je een maand uit een date? (Gids 2023)\",\"isPartOf\":{\"@id\":\"https:\/\/exceladvisor.org\/nl\/#website\"},\"primaryImageOfPage\":{\"@id\":\"https:\/\/exceladvisor.org\/nl\/naam-van-de-maand\/#primaryimage\"},\"image\":{\"@id\":\"https:\/\/exceladvisor.org\/nl\/naam-van-de-maand\/#primaryimage\"},\"thumbnailUrl\":\"https:\/\/exceladvisor.org\/wp-content\/uploads\/2023\/08\/obtenir-le-mois-a-partir-dune-date-avec-la-fonction-mois-min-1.png\",\"datePublished\":\"2023-11-15T13:06:05+00:00\",\"dateModified\":\"2023-12-06T05:48:58+00:00\",\"description\":\"In deze zelfstudie leert u hoe u de maandnaam uit een datum in Excel kunt halen\/extraheren met behulp van vijf verschillende methoden\",\"breadcrumb\":{\"@id\":\"https:\/\/exceladvisor.org\/nl\/naam-van-de-maand\/#breadcrumb\"},\"inLanguage\":\"nl-NL\",\"potentialAction\":[{\"@type\":\"ReadAction\",\"target\":[\"https:\/\/exceladvisor.org\/nl\/naam-van-de-maand\/\"]}]},{\"@type\":\"ImageObject\",\"inLanguage\":\"nl-NL\",\"@id\":\"https:\/\/exceladvisor.org\/nl\/naam-van-de-maand\/#primaryimage\",\"url\":\"https:\/\/exceladvisor.org\/wp-content\/uploads\/2023\/08\/obtenir-le-mois-a-partir-dune-date-avec-la-fonction-mois-min-1.png\",\"contentUrl\":\"https:\/\/exceladvisor.org\/wp-content\/uploads\/2023\/08\/obtenir-le-mois-a-partir-dune-date-avec-la-fonction-mois-min-1.png\"},{\"@type\":\"BreadcrumbList\",\"@id\":\"https:\/\/exceladvisor.org\/nl\/naam-van-de-maand\/#breadcrumb\",\"itemListElement\":[{\"@type\":\"ListItem\",\"position\":1,\"name\":\"Thuis\",\"item\":\"https:\/\/exceladvisor.org\/nl\/\"},{\"@type\":\"ListItem\",\"position\":2,\"name\":\"Hoe haal je een maand uit een date?\"}]},{\"@type\":\"WebSite\",\"@id\":\"https:\/\/exceladvisor.org\/nl\/#website\",\"url\":\"https:\/\/exceladvisor.org\/nl\/\",\"name\":\"Excel Advisor\",\"description\":\"Uw gids voor datadominantie\",\"publisher\":{\"@id\":\"https:\/\/exceladvisor.org\/nl\/#organization\"},\"potentialAction\":[{\"@type\":\"SearchAction\",\"target\":{\"@type\":\"EntryPoint\",\"urlTemplate\":\"https:\/\/exceladvisor.org\/nl\/?s={search_term_string}\"},\"query-input\":{\"@type\":\"PropertyValueSpecification\",\"valueRequired\":true,\"valueName\":\"search_term_string\"}}],\"inLanguage\":\"nl-NL\"},{\"@type\":\"Organization\",\"@id\":\"https:\/\/exceladvisor.org\/nl\/#organization\",\"name\":\"Excel Advisor\",\"url\":\"https:\/\/exceladvisor.org\/nl\/\",\"logo\":{\"@type\":\"ImageObject\",\"inLanguage\":\"nl-NL\",\"@id\":\"https:\/\/exceladvisor.org\/nl\/#\/schema\/logo\/image\/\",\"url\":\"https:\/\/exceladvisor.org\/nl\/wp-content\/uploads\/2023\/12\/exceladvisor.org_.png\",\"contentUrl\":\"https:\/\/exceladvisor.org\/nl\/wp-content\/uploads\/2023\/12\/exceladvisor.org_.png\",\"width\":105,\"height\":36,\"caption\":\"Excel Advisor\"},\"image\":{\"@id\":\"https:\/\/exceladvisor.org\/nl\/#\/schema\/logo\/image\/\"}}]}<\/script>\n<!-- \/ Yoast SEO plugin. -->","yoast_head_json":{"title":"Hoe haal je een maand uit een date? (Gids 2023)","description":"In deze zelfstudie leert u hoe u de maandnaam uit een datum in Excel kunt halen\/extraheren met behulp van vijf verschillende methoden","robots":{"index":"index","follow":"follow","max-snippet":"max-snippet:-1","max-image-preview":"max-image-preview:large","max-video-preview":"max-video-preview:-1"},"canonical":"https:\/\/exceladvisor.org\/nl\/naam-van-de-maand\/","og_locale":"nl_NL","og_type":"article","og_title":"Hoe haal je een maand uit een date? (Gids 2023)","og_description":"In deze zelfstudie leert u hoe u de maandnaam uit een datum in Excel kunt halen\/extraheren met behulp van vijf verschillende methoden","og_url":"https:\/\/exceladvisor.org\/nl\/naam-van-de-maand\/","og_site_name":"Excel Advisor","article_modified_time":"2023-12-06T05:48:58+00:00","og_image":[{"url":"https:\/\/exceladvisor.org\/wp-content\/uploads\/2023\/08\/obtenir-le-mois-a-partir-dune-date-avec-la-fonction-mois-min-1.png","type":"","width":"","height":""}],"twitter_card":"summary_large_image","twitter_misc":{"Geschatte leestijd":"5 minuten"},"schema":{"@context":"https:\/\/schema.org","@graph":[{"@type":"WebPage","@id":"https:\/\/exceladvisor.org\/nl\/naam-van-de-maand\/","url":"https:\/\/exceladvisor.org\/nl\/naam-van-de-maand\/","name":"Hoe haal je een maand uit een date? (Gids 2023)","isPartOf":{"@id":"https:\/\/exceladvisor.org\/nl\/#website"},"primaryImageOfPage":{"@id":"https:\/\/exceladvisor.org\/nl\/naam-van-de-maand\/#primaryimage"},"image":{"@id":"https:\/\/exceladvisor.org\/nl\/naam-van-de-maand\/#primaryimage"},"thumbnailUrl":"https:\/\/exceladvisor.org\/wp-content\/uploads\/2023\/08\/obtenir-le-mois-a-partir-dune-date-avec-la-fonction-mois-min-1.png","datePublished":"2023-11-15T13:06:05+00:00","dateModified":"2023-12-06T05:48:58+00:00","description":"In deze zelfstudie leert u hoe u de maandnaam uit een datum in Excel kunt halen\/extraheren met behulp van vijf verschillende methoden","breadcrumb":{"@id":"https:\/\/exceladvisor.org\/nl\/naam-van-de-maand\/#breadcrumb"},"inLanguage":"nl-NL","potentialAction":[{"@type":"ReadAction","target":["https:\/\/exceladvisor.org\/nl\/naam-van-de-maand\/"]}]},{"@type":"ImageObject","inLanguage":"nl-NL","@id":"https:\/\/exceladvisor.org\/nl\/naam-van-de-maand\/#primaryimage","url":"https:\/\/exceladvisor.org\/wp-content\/uploads\/2023\/08\/obtenir-le-mois-a-partir-dune-date-avec-la-fonction-mois-min-1.png","contentUrl":"https:\/\/exceladvisor.org\/wp-content\/uploads\/2023\/08\/obtenir-le-mois-a-partir-dune-date-avec-la-fonction-mois-min-1.png"},{"@type":"BreadcrumbList","@id":"https:\/\/exceladvisor.org\/nl\/naam-van-de-maand\/#breadcrumb","itemListElement":[{"@type":"ListItem","position":1,"name":"Thuis","item":"https:\/\/exceladvisor.org\/nl\/"},{"@type":"ListItem","position":2,"name":"Hoe haal je een maand uit een date?"}]},{"@type":"WebSite","@id":"https:\/\/exceladvisor.org\/nl\/#website","url":"https:\/\/exceladvisor.org\/nl\/","name":"Excel Advisor","description":"Uw gids voor datadominantie","publisher":{"@id":"https:\/\/exceladvisor.org\/nl\/#organization"},"potentialAction":[{"@type":"SearchAction","target":{"@type":"EntryPoint","urlTemplate":"https:\/\/exceladvisor.org\/nl\/?s={search_term_string}"},"query-input":{"@type":"PropertyValueSpecification","valueRequired":true,"valueName":"search_term_string"}}],"inLanguage":"nl-NL"},{"@type":"Organization","@id":"https:\/\/exceladvisor.org\/nl\/#organization","name":"Excel Advisor","url":"https:\/\/exceladvisor.org\/nl\/","logo":{"@type":"ImageObject","inLanguage":"nl-NL","@id":"https:\/\/exceladvisor.org\/nl\/#\/schema\/logo\/image\/","url":"https:\/\/exceladvisor.org\/nl\/wp-content\/uploads\/2023\/12\/exceladvisor.org_.png","contentUrl":"https:\/\/exceladvisor.org\/nl\/wp-content\/uploads\/2023\/12\/exceladvisor.org_.png","width":105,"height":36,"caption":"Excel Advisor"},"image":{"@id":"https:\/\/exceladvisor.org\/nl\/#\/schema\/logo\/image\/"}}]}},"yoast_meta":{"yoast_wpseo_title":"","yoast_wpseo_metadesc":"","yoast_wpseo_canonical":""},"_links":{"self":[{"href":"https:\/\/exceladvisor.org\/nl\/wp-json\/wp\/v2\/pages\/1605","targetHints":{"allow":["GET"]}}],"collection":[{"href":"https:\/\/exceladvisor.org\/nl\/wp-json\/wp\/v2\/pages"}],"about":[{"href":"https:\/\/exceladvisor.org\/nl\/wp-json\/wp\/v2\/types\/page"}],"author":[{"embeddable":true,"href":"https:\/\/exceladvisor.org\/nl\/wp-json\/wp\/v2\/users\/1"}],"replies":[{"embeddable":true,"href":"https:\/\/exceladvisor.org\/nl\/wp-json\/wp\/v2\/comments?post=1605"}],"version-history":[{"count":1,"href":"https:\/\/exceladvisor.org\/nl\/wp-json\/wp\/v2\/pages\/1605\/revisions"}],"predecessor-version":[{"id":2577,"href":"https:\/\/exceladvisor.org\/nl\/wp-json\/wp\/v2\/pages\/1605\/revisions\/2577"}],"wp:attachment":[{"href":"https:\/\/exceladvisor.org\/nl\/wp-json\/wp\/v2\/media?parent=1605"}],"curies":[{"name":"wp","href":"https:\/\/api.w.org\/{rel}","templated":true}]}}