{"id":1609,"date":"2023-11-15T12:06:15","date_gmt":"2023-11-15T12:06:15","guid":{"rendered":"https:\/\/exceladvisor.org\/nl\/voeg-de-datum-van-de-week-toe\/"},"modified":"2023-12-06T05:49:14","modified_gmt":"2023-12-06T05:49:14","slug":"voeg-de-datum-van-de-week-toe","status":"publish","type":"page","link":"https:\/\/exceladvisor.org\/nl\/voeg-de-datum-van-de-week-toe\/","title":{"rendered":"Hoe kan ik een week toevoegen aan\/aftrekken van een datum?"},"content":{"rendered":"<div class=\"excel-voor-de-inhoud\" id=\"excel-208978637\"><script type=\"text\/javascript\">\r\n\tatOptions = {\r\n\t\t'key' : 'c1158f160081d6540a8409e6925dab94',\r\n\t\t'format' : 'iframe',\r\n\t\t'height' : 250,\r\n\t\t'width' : 300,\r\n\t\t'params' : {}\r\n\t};\r\n<\/script>\r\n<script type=\"text\/javascript\" src=\"\/\/www.highperformanceformat.com\/c1158f160081d6540a8409e6925dab94\/invoke.js\"><\/script><\/div> <p>Om een datum uit Excel op te tellen of af te trekken, kunt u een eenvoudige rekenkundige methode gebruiken. Maar afgezien daarvan zijn er nog een paar andere manieren die u kunt gebruiken. In deze tutorial zullen we al deze methoden \u00e9\u00e9n voor \u00e9\u00e9n bekijken.<\/p><h2 id=\"add-a-week-in-a-date\" class=\"wp-block-heading\"> Voeg een week toe aan een datum<\/h2><p> In het volgende voorbeeld hebt u een datum in cel A1 en nu moet u een week aan de datum toevoegen. <\/p><div class=\"wp-block-image\"><figure class=\"aligncenter size-full is-resized\"><img loading=\"lazy\" decoding=\"async\" class=\"wp-image-64159\" src=\"https:\/\/exceladvisor.org\/wp-content\/uploads\/2023\/08\/1-ajouter-une-semaine-dans-une-date.png\" sizes=\"auto, \" srcset=\"\" alt=\"voeg een week toe aan een datum\" width=\"414\" height=\"271\"><\/figure><\/div><ol type=\"1\"><li> Voer eerst \u201c=\u201d in cel B1 in.<\/li><li> Raadpleeg vervolgens de cel waar u de datum hebt.<\/li><li> Voer nu \u201c+\u201d in om toe te voegen.<\/li><li> Voer aan het einde 7 in om \u00e9\u00e9n week aan de datum toe te voegen. <\/li><\/ol><div class=\"wp-block-image\"><figure class=\"aligncenter size-full is-resized\"><img loading=\"lazy\" decoding=\"async\" class=\"wp-image-64160\" src=\"https:\/\/exceladvisor.org\/wp-content\/uploads\/2023\/08\/2-semaine-et-date-dans-une-colonne.png\" sizes=\"auto, \" srcset=\"\" alt=\"weekend-en-datum-in-een-kolom\" width=\"507\" height=\"286\"><\/figure><\/div><p> Zoals u kunt zien, kreeg u, nadat u zeven dagen aan de gegevens had toegevoegd, 8 <sup>december<\/sup> , precies een week na <sup>1<\/sup> december. Als u nu meer dan een week aan een datum wilt toevoegen, kunt u de 7 met dit getal vermenigvuldigen. . <\/p><div class=\"wp-block-image\"><figure class=\"aligncenter size-full is-resized\"><img loading=\"lazy\" decoding=\"async\" class=\"wp-image-64161\" src=\"https:\/\/exceladvisor.org\/wp-content\/uploads\/2023\/08\/3-ajouter-des-nombres-dans-la-date-de-la-semaine.png\" sizes=\"auto, \" srcset=\"\" alt=\"voeg cijfers toe in de weekdatum\" width=\"520\" height=\"249\"><\/figure><\/div><p> In het bovenstaande voorbeeld vermenigvuldig je (7*3) om de 21 dagen op te tellen, wat gelijk is aan 3 weken.<\/p><h2 id=\"subtract-week-from-a-data\" class=\"wp-block-heading\"> Trek een week af van de gegevens<\/h2><p> Met exact dezelfde methode kunt u ook een week of meerdere weken van een datum aftrekken. Je moet aftrekken gebruiken in plaats van optellen. <\/p><div class=\"wp-block-image\"><figure class=\"aligncenter size-full is-resized\"><img loading=\"lazy\" decoding=\"async\" class=\"wp-image-64162\" src=\"https:\/\/exceladvisor.org\/wp-content\/uploads\/2023\/08\/4-soustraire-une-semaine-a-une-date.png\" sizes=\"auto, \" srcset=\"\" alt=\"trek-week-van-een-datum af\" width=\"517\" height=\"286\"><\/figure><\/div><p> En als u meer dan een week van een datum wilt aftrekken, kunt u 7 met dat getal vermenigvuldigen. <\/p><div class=\"wp-block-image\"><figure class=\"aligncenter size-full is-resized\"><img loading=\"lazy\" decoding=\"async\" class=\"wp-image-64163\" src=\"https:\/\/exceladvisor.org\/wp-content\/uploads\/2023\/08\/5-soustraire-une-semaine-de-la-date-de-la-semaine.png\" sizes=\"auto, \" srcset=\"\" alt=\"trek-een-week-af van-de-datum-van-de-week\" width=\"536\" height=\"276\"><\/figure><\/div><h2 id=\"other-methods-sum-function\" class=\"wp-block-heading\"> Andere methoden (SUM-functie)<\/h2><p> Er is een andere methode die u kunt gebruiken om weken toe te voegen aan of af te trekken van een datum. In plaats van een operator voor optellen of aftrekken te gebruiken, kunt u de somfunctie gebruiken.<\/p><p> In het volgende voorbeeld heb je de somfunctie waarbij het eerste argument de datum is en in het tweede argument hebben we 7 om een week bij de datum op te tellen. <\/p><pre class=\"wp-block-code\"> <code class=\"language-excel-formula\" lang=\"excel-formula\">=SUM(A1,7)<\/code><\/pre><div class=\"wp-block-image\"><figure class=\"aligncenter size-full is-resized\"><img loading=\"lazy\" decoding=\"async\" class=\"wp-image-64164\" src=\"https:\/\/exceladvisor.org\/wp-content\/uploads\/2023\/08\/6-fonction-de-somme-ajouter-supprimer-la-date-de-la-semaine.png\" sizes=\"auto, \" srcset=\"\" alt=\"som-functie-toevoegen-verwijderen-week-datum\" width=\"531\" height=\"293\"><\/figure><\/div><p> En dit gedurende meerdere weken. <\/p><pre class=\"wp-block-code\"> <code class=\"language-excel-formula\" lang=\"excel-formula\">=SUM(A1,7*3)<\/code><\/pre><div class=\"wp-block-image\"><figure class=\"aligncenter size-full is-resized\"><img loading=\"lazy\" decoding=\"async\" class=\"wp-image-64165\" src=\"https:\/\/exceladvisor.org\/wp-content\/uploads\/2023\/08\/7-ajouter-plusieurs-semaines-dans-la-date-de-la-semaine.png\" sizes=\"auto, \" srcset=\"\" alt=\"voeg-meerdere-weken-in-week-datum toe\" width=\"549\" height=\"261\"><\/figure><\/div><div class=\"gb-container gb-container-52dfcee1 gb-container-sample-file\"><h2 class=\"gb-headline gb-headline-e289c143 gb-headline-text gb-headline-4f7959c2\"> Haal het Excel-bestand op<\/h2><p> <a class=\"gb-button gb-button-e88d6bee gb-button-text gb-button-button1\" href=\"https:\/\/exceladvisor.org\/wp-content\/uploads\/2023\/11\/ajouter-une-semaine-a-une-date-2.xlsx\" rel=\"nofollow\">Downloaden<\/a><\/p><\/div><div class=\"gb-container gb-container-0df56012 gb-container-mt\"> <a class=\"gb-button gb-button-f9f432f4 gb-button-text gb-button-mt-button\" href=\"https:\/\/exceladvisor.org\/nl\/formules\/\">Lijst met Excel-formules<\/a><h2 class=\"gb-headline gb-headline-233444e8 gb-headline-text gb-headline-mt-heading\"> Gerelateerde formules <\/h2><div class=\"gb-grid-wrapper gb-grid-wrapper-a16fa65c gb-grid-wrapper-mt-grid\"><div class=\"gb-grid-column gb-grid-column-50d07e0d\"><div class=\"gb-container gb-container-50d07e0d\"><ul><li> <a href=\"https:\/\/exceladvisor.org\/nl\/krijg-de-naam-van-de-dag\/\">Haal de dagnaam op uit een datum in Excel<\/a><\/li><li> <a href=\"https:\/\/exceladvisor.org\/nl\/dagen-van-de-maand\/\">Krijg het totale aantal dagen van maanden in Excel<\/a><\/li><li> <a href=\"https:\/\/exceladvisor.org\/nl\/maanden-werkdagen\/\">Werkdagen in een maand<\/a><\/li><li> <a href=\"https:\/\/exceladvisor.org\/nl\/datum-tot-tekst-2\/\">Converteer datum naar tekst<\/a> <\/li><\/ul><\/div><\/div><div class=\"gb-grid-column gb-grid-column-5b4a0cf9\"><div class=\"gb-container gb-container-5b4a0cf9\"><\/div><\/div><\/div><\/div>","protected":false},"excerpt":{"rendered":"","protected":false},"author":1,"featured_media":0,"parent":0,"menu_order":0,"comment_status":"open","ping_status":"closed","template":"","meta":{"ub_ctt_via":"","footnotes":""},"class_list":["post-1609","page","type-page","status-publish","hentry"],"featured_image_src":null,"yoast_head":"<!-- This site is optimized with the Yoast SEO plugin v25.4 - https:\/\/yoast.com\/wordpress\/plugins\/seo\/ -->\n<title>\u25b7 Hoe kan ik een week optellen bij of aftrekken van een datum?<\/title>\n<meta name=\"description\" content=\"In deze formule-tutorial leert u hoe u een of meer weken aan een datum kunt toevoegen. En je leert ook aftrekken\" \/>\n<meta name=\"robots\" content=\"index, follow, max-snippet:-1, max-image-preview:large, max-video-preview:-1\" \/>\n<link rel=\"canonical\" href=\"https:\/\/exceladvisor.org\/nl\/voeg-de-datum-van-de-week-toe\/\" \/>\n<meta property=\"og:locale\" content=\"nl_NL\" \/>\n<meta property=\"og:type\" content=\"article\" \/>\n<meta property=\"og:title\" content=\"\u25b7 Hoe kan ik een week optellen bij of aftrekken van een datum?\" \/>\n<meta property=\"og:description\" content=\"In deze formule-tutorial leert u hoe u een of meer weken aan een datum kunt toevoegen. En je leert ook aftrekken\" \/>\n<meta property=\"og:url\" content=\"https:\/\/exceladvisor.org\/nl\/voeg-de-datum-van-de-week-toe\/\" \/>\n<meta property=\"og:site_name\" content=\"Excel Advisor\" \/>\n<meta property=\"article:modified_time\" content=\"2023-12-06T05:49:14+00:00\" \/>\n<meta property=\"og:image\" content=\"https:\/\/exceladvisor.org\/wp-content\/uploads\/2023\/08\/1-ajouter-une-semaine-dans-une-date.png\" \/>\n<meta name=\"twitter:card\" content=\"summary_large_image\" \/>\n<meta name=\"twitter:label1\" content=\"Geschatte leestijd\" \/>\n\t<meta name=\"twitter:data1\" content=\"2 minuten\" \/>\n<script type=\"application\/ld+json\" class=\"yoast-schema-graph\">{\"@context\":\"https:\/\/schema.org\",\"@graph\":[{\"@type\":\"WebPage\",\"@id\":\"https:\/\/exceladvisor.org\/nl\/voeg-de-datum-van-de-week-toe\/\",\"url\":\"https:\/\/exceladvisor.org\/nl\/voeg-de-datum-van-de-week-toe\/\",\"name\":\"\u25b7 Hoe kan ik een week optellen bij of aftrekken van een datum?\",\"isPartOf\":{\"@id\":\"https:\/\/exceladvisor.org\/nl\/#website\"},\"primaryImageOfPage\":{\"@id\":\"https:\/\/exceladvisor.org\/nl\/voeg-de-datum-van-de-week-toe\/#primaryimage\"},\"image\":{\"@id\":\"https:\/\/exceladvisor.org\/nl\/voeg-de-datum-van-de-week-toe\/#primaryimage\"},\"thumbnailUrl\":\"https:\/\/exceladvisor.org\/wp-content\/uploads\/2023\/08\/1-ajouter-une-semaine-dans-une-date.png\",\"datePublished\":\"2023-11-15T12:06:15+00:00\",\"dateModified\":\"2023-12-06T05:49:14+00:00\",\"description\":\"In deze formule-tutorial leert u hoe u een of meer weken aan een datum kunt toevoegen. En je leert ook aftrekken\",\"breadcrumb\":{\"@id\":\"https:\/\/exceladvisor.org\/nl\/voeg-de-datum-van-de-week-toe\/#breadcrumb\"},\"inLanguage\":\"nl-NL\",\"potentialAction\":[{\"@type\":\"ReadAction\",\"target\":[\"https:\/\/exceladvisor.org\/nl\/voeg-de-datum-van-de-week-toe\/\"]}]},{\"@type\":\"ImageObject\",\"inLanguage\":\"nl-NL\",\"@id\":\"https:\/\/exceladvisor.org\/nl\/voeg-de-datum-van-de-week-toe\/#primaryimage\",\"url\":\"https:\/\/exceladvisor.org\/wp-content\/uploads\/2023\/08\/1-ajouter-une-semaine-dans-une-date.png\",\"contentUrl\":\"https:\/\/exceladvisor.org\/wp-content\/uploads\/2023\/08\/1-ajouter-une-semaine-dans-une-date.png\"},{\"@type\":\"BreadcrumbList\",\"@id\":\"https:\/\/exceladvisor.org\/nl\/voeg-de-datum-van-de-week-toe\/#breadcrumb\",\"itemListElement\":[{\"@type\":\"ListItem\",\"position\":1,\"name\":\"Thuis\",\"item\":\"https:\/\/exceladvisor.org\/nl\/\"},{\"@type\":\"ListItem\",\"position\":2,\"name\":\"Hoe kan ik een week toevoegen aan\/aftrekken van een datum?\"}]},{\"@type\":\"WebSite\",\"@id\":\"https:\/\/exceladvisor.org\/nl\/#website\",\"url\":\"https:\/\/exceladvisor.org\/nl\/\",\"name\":\"Excel Advisor\",\"description\":\"Uw gids voor datadominantie\",\"publisher\":{\"@id\":\"https:\/\/exceladvisor.org\/nl\/#organization\"},\"potentialAction\":[{\"@type\":\"SearchAction\",\"target\":{\"@type\":\"EntryPoint\",\"urlTemplate\":\"https:\/\/exceladvisor.org\/nl\/?s={search_term_string}\"},\"query-input\":{\"@type\":\"PropertyValueSpecification\",\"valueRequired\":true,\"valueName\":\"search_term_string\"}}],\"inLanguage\":\"nl-NL\"},{\"@type\":\"Organization\",\"@id\":\"https:\/\/exceladvisor.org\/nl\/#organization\",\"name\":\"Excel Advisor\",\"url\":\"https:\/\/exceladvisor.org\/nl\/\",\"logo\":{\"@type\":\"ImageObject\",\"inLanguage\":\"nl-NL\",\"@id\":\"https:\/\/exceladvisor.org\/nl\/#\/schema\/logo\/image\/\",\"url\":\"https:\/\/exceladvisor.org\/nl\/wp-content\/uploads\/2023\/12\/exceladvisor.org_.png\",\"contentUrl\":\"https:\/\/exceladvisor.org\/nl\/wp-content\/uploads\/2023\/12\/exceladvisor.org_.png\",\"width\":105,\"height\":36,\"caption\":\"Excel Advisor\"},\"image\":{\"@id\":\"https:\/\/exceladvisor.org\/nl\/#\/schema\/logo\/image\/\"}}]}<\/script>\n<!-- \/ Yoast SEO plugin. -->","yoast_head_json":{"title":"\u25b7 Hoe kan ik een week optellen bij of aftrekken van een datum?","description":"In deze formule-tutorial leert u hoe u een of meer weken aan een datum kunt toevoegen. En je leert ook aftrekken","robots":{"index":"index","follow":"follow","max-snippet":"max-snippet:-1","max-image-preview":"max-image-preview:large","max-video-preview":"max-video-preview:-1"},"canonical":"https:\/\/exceladvisor.org\/nl\/voeg-de-datum-van-de-week-toe\/","og_locale":"nl_NL","og_type":"article","og_title":"\u25b7 Hoe kan ik een week optellen bij of aftrekken van een datum?","og_description":"In deze formule-tutorial leert u hoe u een of meer weken aan een datum kunt toevoegen. En je leert ook aftrekken","og_url":"https:\/\/exceladvisor.org\/nl\/voeg-de-datum-van-de-week-toe\/","og_site_name":"Excel Advisor","article_modified_time":"2023-12-06T05:49:14+00:00","og_image":[{"url":"https:\/\/exceladvisor.org\/wp-content\/uploads\/2023\/08\/1-ajouter-une-semaine-dans-une-date.png","type":"","width":"","height":""}],"twitter_card":"summary_large_image","twitter_misc":{"Geschatte leestijd":"2 minuten"},"schema":{"@context":"https:\/\/schema.org","@graph":[{"@type":"WebPage","@id":"https:\/\/exceladvisor.org\/nl\/voeg-de-datum-van-de-week-toe\/","url":"https:\/\/exceladvisor.org\/nl\/voeg-de-datum-van-de-week-toe\/","name":"\u25b7 Hoe kan ik een week optellen bij of aftrekken van een datum?","isPartOf":{"@id":"https:\/\/exceladvisor.org\/nl\/#website"},"primaryImageOfPage":{"@id":"https:\/\/exceladvisor.org\/nl\/voeg-de-datum-van-de-week-toe\/#primaryimage"},"image":{"@id":"https:\/\/exceladvisor.org\/nl\/voeg-de-datum-van-de-week-toe\/#primaryimage"},"thumbnailUrl":"https:\/\/exceladvisor.org\/wp-content\/uploads\/2023\/08\/1-ajouter-une-semaine-dans-une-date.png","datePublished":"2023-11-15T12:06:15+00:00","dateModified":"2023-12-06T05:49:14+00:00","description":"In deze formule-tutorial leert u hoe u een of meer weken aan een datum kunt toevoegen. En je leert ook aftrekken","breadcrumb":{"@id":"https:\/\/exceladvisor.org\/nl\/voeg-de-datum-van-de-week-toe\/#breadcrumb"},"inLanguage":"nl-NL","potentialAction":[{"@type":"ReadAction","target":["https:\/\/exceladvisor.org\/nl\/voeg-de-datum-van-de-week-toe\/"]}]},{"@type":"ImageObject","inLanguage":"nl-NL","@id":"https:\/\/exceladvisor.org\/nl\/voeg-de-datum-van-de-week-toe\/#primaryimage","url":"https:\/\/exceladvisor.org\/wp-content\/uploads\/2023\/08\/1-ajouter-une-semaine-dans-une-date.png","contentUrl":"https:\/\/exceladvisor.org\/wp-content\/uploads\/2023\/08\/1-ajouter-une-semaine-dans-une-date.png"},{"@type":"BreadcrumbList","@id":"https:\/\/exceladvisor.org\/nl\/voeg-de-datum-van-de-week-toe\/#breadcrumb","itemListElement":[{"@type":"ListItem","position":1,"name":"Thuis","item":"https:\/\/exceladvisor.org\/nl\/"},{"@type":"ListItem","position":2,"name":"Hoe kan ik een week toevoegen aan\/aftrekken van een datum?"}]},{"@type":"WebSite","@id":"https:\/\/exceladvisor.org\/nl\/#website","url":"https:\/\/exceladvisor.org\/nl\/","name":"Excel Advisor","description":"Uw gids voor datadominantie","publisher":{"@id":"https:\/\/exceladvisor.org\/nl\/#organization"},"potentialAction":[{"@type":"SearchAction","target":{"@type":"EntryPoint","urlTemplate":"https:\/\/exceladvisor.org\/nl\/?s={search_term_string}"},"query-input":{"@type":"PropertyValueSpecification","valueRequired":true,"valueName":"search_term_string"}}],"inLanguage":"nl-NL"},{"@type":"Organization","@id":"https:\/\/exceladvisor.org\/nl\/#organization","name":"Excel Advisor","url":"https:\/\/exceladvisor.org\/nl\/","logo":{"@type":"ImageObject","inLanguage":"nl-NL","@id":"https:\/\/exceladvisor.org\/nl\/#\/schema\/logo\/image\/","url":"https:\/\/exceladvisor.org\/nl\/wp-content\/uploads\/2023\/12\/exceladvisor.org_.png","contentUrl":"https:\/\/exceladvisor.org\/nl\/wp-content\/uploads\/2023\/12\/exceladvisor.org_.png","width":105,"height":36,"caption":"Excel Advisor"},"image":{"@id":"https:\/\/exceladvisor.org\/nl\/#\/schema\/logo\/image\/"}}]}},"yoast_meta":{"yoast_wpseo_title":"","yoast_wpseo_metadesc":"","yoast_wpseo_canonical":""},"_links":{"self":[{"href":"https:\/\/exceladvisor.org\/nl\/wp-json\/wp\/v2\/pages\/1609","targetHints":{"allow":["GET"]}}],"collection":[{"href":"https:\/\/exceladvisor.org\/nl\/wp-json\/wp\/v2\/pages"}],"about":[{"href":"https:\/\/exceladvisor.org\/nl\/wp-json\/wp\/v2\/types\/page"}],"author":[{"embeddable":true,"href":"https:\/\/exceladvisor.org\/nl\/wp-json\/wp\/v2\/users\/1"}],"replies":[{"embeddable":true,"href":"https:\/\/exceladvisor.org\/nl\/wp-json\/wp\/v2\/comments?post=1609"}],"version-history":[{"count":1,"href":"https:\/\/exceladvisor.org\/nl\/wp-json\/wp\/v2\/pages\/1609\/revisions"}],"predecessor-version":[{"id":2600,"href":"https:\/\/exceladvisor.org\/nl\/wp-json\/wp\/v2\/pages\/1609\/revisions\/2600"}],"wp:attachment":[{"href":"https:\/\/exceladvisor.org\/nl\/wp-json\/wp\/v2\/media?parent=1609"}],"curies":[{"name":"wp","href":"https:\/\/api.w.org\/{rel}","templated":true}]}}