{"id":1619,"date":"2023-11-15T09:18:53","date_gmt":"2023-11-15T09:18:53","guid":{"rendered":"https:\/\/exceladvisor.org\/nl\/tijdlijnfilter\/"},"modified":"2023-12-06T05:55:28","modified_gmt":"2023-12-06T05:55:28","slug":"tijdlijnfilter","status":"publish","type":"page","link":"https:\/\/exceladvisor.org\/nl\/tijdlijnfilter\/","title":{"rendered":"Draaitabeltijdlijn"},"content":{"rendered":"<div class=\"excel-voor-de-inhoud\" id=\"excel-1487074451\"><script type=\"text\/javascript\">\r\n\tatOptions = {\r\n\t\t'key' : 'c1158f160081d6540a8409e6925dab94',\r\n\t\t'format' : 'iframe',\r\n\t\t'height' : 250,\r\n\t\t'width' : 300,\r\n\t\t'params' : {}\r\n\t};\r\n<\/script>\r\n<script type=\"text\/javascript\" src=\"\/\/www.highperformanceformat.com\/c1158f160081d6540a8409e6925dab94\/invoke.js\"><\/script><\/div> <p>De tijdlijnfunctie werd voor het eerst ge\u00efntroduceerd in Excel 2013 en het goede nieuws is dat je deze ook met een draaitabel kunt gebruiken. Het kan een game changer zijn als u datums in een draaitabel filtert.<\/p><p> Het probleem met de standaard filteroptie is namelijk dat het erg lastig is om te filteren op maanden, kwartalen en jaren als je eenvoudige datums hebt.<\/p><p> Maar met een tijdlijnfilter hoeft u het filter niet steeds opnieuw te openen, u doet het gewoon met \u00e9\u00e9n klik. Dit is de reden waarom Microsoft de tijdlijnfilteroptie heeft ge\u00efntroduceerd. <\/p><div class=\"wp-block-image\"><figure class=\"aligncenter\"><img decoding=\"async\" src=\"https:\/\/exceladvisor.org\/wp-content\/uploads\/2023\/08\/Remplacer-le-filtre-normal-par-la-chronologie-du-tableau-croise-dynamique-1.png\" sizes=\"\" srcset=\"\" alt=\"Vervang het normale filter door de draaitabeltijdlijn\"><\/figure><\/div><p> Een tijdlijn is <a style=\"outline: none;\" href=\"https:\/\/exceladvisor.org\/nl\/koppel-de-slicer-aan-verschillende-draaitabellen\/\" data-wpel-link=\"internal\">als een segment<\/a> , het verschil is dat de tijdlijn alleen datums filtert. Daarom wil ik vandaag in dit artikel eenvoudige stappen met u delen om een tijdlijnfilter toe te voegen om datums in de draaitabel te filteren.<\/p><p class=\"qt-tip\"> OPMERKING: Draaitabellen maken deel uit van <a style=\"outline: none;\" href=\"https:\/\/exceladvisor.org\/nl\/excel-vaardigheden\/\">INTERMEDIATE EXCEL SKILLS<\/a> .<\/p><h2 id=\"tab-con-1\" class=\"wp-block-heading\"> Stappen om een tijdlijn in een draaitabel in te voegen<\/h2><p> <a style=\"outline: none;\" href=\"https:\/\/exceladvisor.org\/wp-content\/uploads\/2023\/11\/utiliser-la-chronologie-du-tableau-croise-dynamique.xlsx\" rel=\"nofollow\">voorbeeldbestand<\/a> <\/p><ol id=\"block-67eca96c-43a3-4ad9-b21e-127f3a0dca02\" class=\"block-editor-rich-text__editable block-editor-block-list__block wp-block is-selected rich-text\" tabindex=\"0\" role=\"group\" contenteditable=\"true\" aria-multiline=\"true\" aria-label=\"Block: List\" data-block=\"67eca96c-43a3-4ad9-b21e-127f3a0dca02\" data-type=\"core\/list\" data-title=\"List\"><li> Selecteer een van de cellen in uw draaitabel. <br><img decoding=\"async\" title=\"nt\/uploads\/2016\/05\/Select-Pivot-Table-To-Add-Pivot-Table-Timeline\" src=\"https:\/\/exceladvisor.org\/wp-content\/uploads\/2023\/08\/Selectionnez-le-tableau-croise-dynamique-pour-ajouter-une-chronologie-de-tableau-croise-dynamique.png\" sizes=\"\" srcset=\"\" alt=\"nt\/uploads\/2016\/05\/select-pivot-table-to-add-pivot-table-timeline\"><\/li><li> Ga naar Draaitabelhulpmiddelen \u2192 Analyseren \u2192 Filter \u2192 Tijdlijn invoegen. <br><img decoding=\"async\" title=\"nt\/uploads\/2016\/05\/Add-Pivot-Table-Timeline\" src=\"https:\/\/exceladvisor.org\/wp-content\/uploads\/2023\/08\/Ajouter-une-chronologie-de-tableau-croise-dynamique-1.png\" sizes=\"\" srcset=\"\" alt=\"nt\/uploads\/2016\/05\/add-pivot-table-timeline\"><\/li><li> Klik op tijdlijn invoegen en u krijgt een dialoogvenster.<\/li><li> Selecteer in het pop-upvenster de datumkolommen die u in uw gegevens heeft.<\/li><li> Klik OK. <br><img decoding=\"async\" title=\"nt\/uploads\/2016\/05\/Select-Date-To-Insert-Pivot-Table-Timeline\" src=\"https:\/\/exceladvisor.org\/wp-content\/uploads\/2023\/08\/Selectionnez-la-date-pour-inserer-la-chronologie-du-tableau-croise-dynamique.png\" sizes=\"\" srcset=\"\" alt=\"nt\/uploads\/2016\/05\/select-date-to-insert-pivot-table-timeline\"><\/li><\/ol><p> Je hebt nu een tijdlijnfilter in je werkblad en hiermee kun je je draaitabel filteren. <\/p><div class=\"wp-block-image\"><figure class=\"aligncenter\"><img decoding=\"async\" src=\"https:\/\/exceladvisor.org\/wp-content\/uploads\/2023\/08\/25.png\" sizes=\"\" srcset=\"\" alt=\"Draaitabeltijdlijn\"><\/figure><\/div><p> Gerelateerd: <a href=\"https:\/\/exceladvisor.org\/nl\/excel-snijder\/\"><strong>Excel Slicer<\/strong><\/a><\/p><h2 class=\"wp-block-heading\"> Onderdelen van een tijdlijnfilter<\/h2><p> Hier zijn enkele belangrijke componenten die u kunt gebruiken om tijdlijnen onder de knie te krijgen. <\/p><div class=\"wp-block-image\"><figure class=\"aligncenter\"><img decoding=\"async\" src=\"https:\/\/exceladvisor.org\/wp-content\/uploads\/2023\/08\/Chronologie-du-tableau-croise-dynamique-des-composants-1.png\" sizes=\"\" srcset=\"\" alt=\"Component draaitabeltijdlijn\"><\/figure><\/div><ol><li> <strong>Filters wissen:<\/strong> Met deze knop kunt u alle filters wissen.<\/li><li> <strong>Tijdniveau:<\/strong> Vanuit de tijdniveau-optie kunt u vier verschillende tijdniveaus gebruiken. Je hebt dagen, maanden, kwartalen en jaren om als tijdniveau te gebruiken.<\/li><li> <strong>Tijdlijn:<\/strong> gebruik de tijdlijn om datums voor de gewenste tijdsperiode te filteren. U kunt datums filteren op dagen, maanden, kwartalen en jaren. U selecteert ook meer dan \u00e9\u00e9n dag, maand, kwartaal en jaar, maar alleen op volgorde.<\/li><li> <strong>Schuifbalk:<\/strong> Gebruik de schuifbalk om door dagen, maanden, kwartalen en jaren te bladeren.<\/li><\/ol><h2 id=\"tab-con-3\" class=\"wp-block-heading\"> Pas een tijdlijn aan<\/h2><p> Je hebt ook opties om je tijdlijn aan te passen. U kunt er de volgende wijzigingen in aanbrengen.<\/p><h3 id=\"tab-con-4\" class=\"wp-block-heading\"> 1. Verander de maat<\/h3><p> U kunt de grootte van een draaitabeltijdlijn wijzigen door deze stappen te volgen.<\/p><ul><li> Selecteer uw tijdlijn.<\/li><li> Ga naar Tijdlijnhulpmiddelen \u2192 Opties \u2192 Grootte.<\/li><li> Wijzig de hoogte en breedte van uw tijdlijn. <\/li><\/ul><div class=\"wp-block-image\"><figure class=\"aligncenter\"><img decoding=\"async\" src=\"https:\/\/exceladvisor.org\/wp-content\/uploads\/2023\/08\/Chronologie-du-tableau-croise-dynamique-de-la-taille-du-changement.png\" sizes=\"\" srcset=\"\" alt=\"Wijzig de grootte van de draaitabeltijdlijn\"><\/figure><\/div><p> En een andere beste manier is om het formaat van een tijdlijn vanaf de randen te wijzigen.<\/p><h3 id=\"tab-con-5\" class=\"wp-block-heading\"> 2. Wijzig de naam van het bijschrift<\/h3><p> Standaard wordt dezelfde bijschriftnaam weergegeven als de kolomnaam die u hebt geselecteerd om een tijdlijn in te voegen. Maar u kunt dit op elk gewenst moment wijzigen door het volgende te doen.<\/p><ul><li> Selecteer uw tijdlijn.<\/li><li> Ga naar Tijdlijnhulpmiddelen \u2192 Opties \u2192 Tijdlijn \u2192 Tijdlijnlegenda.<\/li><li> Voer een nieuwe naam in.<\/li><li> Druk op Enter. <\/li><\/ul><div class=\"wp-block-image\"><figure class=\"aligncenter\"><img decoding=\"async\" src=\"https:\/\/exceladvisor.org\/wp-content\/uploads\/2023\/08\/Modifier-le-nom-de-la-legende-Tableau-croise-dynamique-Chronologie.png\" sizes=\"\" srcset=\"\" alt=\"Wijzig de legendanaam Draaitabeltijdlijn\"><\/figure><\/div><h3 id=\"tab-con-6\" class=\"wp-block-heading\"> 3. Pas tijdlijnstijlen toe<\/h3><p> Ja, u kunt verschillende stijlen gebruiken voor uw tijdlijn in de draaitabel. Er zijn in totaal twaalf verschillende themastijlen die u kunt gebruiken voor de draaitabeltijdlijn. <\/p><div class=\"wp-block-image\"><figure class=\"aligncenter\"><img decoding=\"async\" src=\"https:\/\/exceladvisor.org\/wp-content\/uploads\/2023\/08\/Differents-styles-a-utiliser-dans-la-chronologie-du-tableau-croise-dynamique-1.png\" sizes=\"\" srcset=\"\" alt=\"Verschillende stijlen om te gebruiken in de draaitabeltijdlijn\"><\/figure><\/div><p> U kunt ook een aangepast thema voor uw tijdlijn maken door een nieuwe tijdlijnstijl te maken. <\/p><div class=\"wp-block-image\"><figure class=\"aligncenter\"><img decoding=\"async\" src=\"https:\/\/exceladvisor.org\/wp-content\/uploads\/2023\/08\/Creer-un-nouveau-style-pour-la-chronologie-du-tableau-croise-dynamique-1.png\" sizes=\"\" srcset=\"\" alt=\"Maak een nieuwe stijl voor de draaitabeltijdlijn\"><\/figure><\/div><p> U heeft de volgende opties om uw tijdlijn aan te passen. <\/p><div class=\"wp-block-image\"><figure class=\"aligncenter\"><img decoding=\"async\" src=\"https:\/\/exceladvisor.org\/wp-content\/uploads\/2023\/08\/Personnaliser-le-style-de-chronologie-du-nouveau-tableau-croise-dynamique.png\" sizes=\"\" srcset=\"\" alt=\"Pas de tijdlijnstijl van de nieuwe draaitabel aan\"><\/figure><\/div><h3 id=\"tab-con-7\" class=\"wp-block-heading\"> 4. Koppel een tijdlijn aan meerdere draaitabellen<\/h3><p> <a style=\"outline: none;\" href=\"https:\/\/exceladvisor.org\/nl\/koppel-de-slicer-aan-verschillende-draaitabellen\/\">Net als bij een slicer<\/a> kun je ook een tijdlijn aan meerdere draaitabellen koppelen. Volg gewoon deze eenvoudige stappen om het te doen. <\/p><ol id=\"block-e8e85b1b-1b94-4023-96d4-7c6c30c5236e\" class=\"block-editor-rich-text__editable block-editor-block-list__block wp-block is-selected rich-text\" tabindex=\"0\" role=\"group\" contenteditable=\"true\" aria-multiline=\"true\" aria-label=\"Block: List\" data-block=\"e8e85b1b-1b94-4023-96d4-7c6c30c5236e\" data-type=\"core\/list\" data-title=\"List\"><li> Selecteer uw tijdlijn en klik er met de rechtermuisknop op.<\/li><li> Klik nu op Rapportverbindingen. <br><img decoding=\"async\" title=\"nt\/uploads\/2016\/05\/Click-Report-Connections-ToLink-Pivot-Table-Timeline\" src=\"https:\/\/exceladvisor.org\/wp-content\/uploads\/2023\/08\/Cliquez-sur-Rapporter-les-connexions-pour-lier-la-chronologie-du-tableau-croise-dynamique.png\" sizes=\"\" srcset=\"\" alt=\"nt\/uploads\/2016\/05\/click-report-connections-tolink-pivot-table-timeline\"><\/li><li> Nu krijgt u een pop-upvenster met de lijst met draaitabellen.<\/li><li> Vink de draaitabellen aan die u aan de tijdlijn wilt koppelen. <br><img decoding=\"async\" title=\"nt\/uploads\/2016\/05\/Tick-Mark-All-Pivot-Table-To-Link-Pivot-Tables-Timeline\" src=\"https:\/\/exceladvisor.org\/wp-content\/uploads\/2023\/08\/Cochez-Marquer-tous-les-tableaux-croises-dynamiques-pour-lier-la-chronologie-des-tableaux-croises-dynamiques.png\" sizes=\"\" srcset=\"\" alt=\"nt\/uploads\/2016\/05\/tick-mark-all-pivot-table-to-link-pivot-tables-timeline\"><\/li><li> En klik op OK.<\/li><\/ol><h2 class=\"wp-block-heading\"> Meer informatie over draaitabellen<\/h2><ol><li> <a style=\"outline: none;\" href=\"https:\/\/exceladvisor.org\/nl\/koppel-de-slicer-aan-verschillende-draaitabellen\/\">Sluit slicers aan op meerdere draaitabellen<\/a><\/li><li> <a style=\"outline: none;\" href=\"https:\/\/exceladvisor.org\/nl\/dynamische-tabel-kruisverwijzingen-naar-verschillende-bestanden\/\">Maak een draaitabel met meerdere werkmappen<\/a><\/li><li> <a style=\"outline: none;\" href=\"https:\/\/exceladvisor.org\/nl\/kolom-van-rangen\/\" data-wpel-link=\"internal\">Hoe te classificeren in een draaitabel in Excel<\/a><\/li><li> <a style=\"outline: none;\" href=\"https:\/\/exceladvisor.org\/nl\/cumulatief-totaal\/\" data-wpel-link=\"internal\">Voeg het lopende totaal toe aan de draaitabel<\/a><\/li><li> <a style=\"outline: none;\" href=\"https:\/\/exceladvisor.org\/nl\/automatisch-updatebereik\/\">Automatisch een draaitabelbereik bijwerken<\/a><\/li><\/ol>","protected":false},"excerpt":{"rendered":"","protected":false},"author":1,"featured_media":0,"parent":0,"menu_order":0,"comment_status":"open","ping_status":"closed","template":"","meta":{"ub_ctt_via":"","footnotes":""},"class_list":["post-1619","page","type-page","status-publish","hentry"],"featured_image_src":null,"yoast_head":"<!-- This site is optimized with the Yoast SEO plugin v25.4 - https:\/\/yoast.com\/wordpress\/plugins\/seo\/ -->\n<title>Chronologisch filter | Excel-draaitabel-zelfstudie<\/title>\n<meta name=\"description\" content=\"Wilt u een geavanceerde draaitabelgebruiker zijn? U moet meer weten over de draaitabeltijdlijn\" \/>\n<meta name=\"robots\" content=\"index, follow, max-snippet:-1, max-image-preview:large, max-video-preview:-1\" \/>\n<link rel=\"canonical\" href=\"https:\/\/exceladvisor.org\/nl\/tijdlijnfilter\/\" \/>\n<meta property=\"og:locale\" content=\"nl_NL\" \/>\n<meta property=\"og:type\" content=\"article\" \/>\n<meta property=\"og:title\" content=\"Chronologisch filter | Excel-draaitabel-zelfstudie\" \/>\n<meta property=\"og:description\" content=\"Wilt u een geavanceerde draaitabelgebruiker zijn? U moet meer weten over de draaitabeltijdlijn\" \/>\n<meta property=\"og:url\" content=\"https:\/\/exceladvisor.org\/nl\/tijdlijnfilter\/\" \/>\n<meta property=\"og:site_name\" content=\"Excel Advisor\" \/>\n<meta property=\"article:modified_time\" content=\"2023-12-06T05:55:28+00:00\" \/>\n<meta property=\"og:image\" content=\"https:\/\/exceladvisor.org\/wp-content\/uploads\/2023\/08\/Remplacer-le-filtre-normal-par-la-chronologie-du-tableau-croise-dynamique-1.png\" \/>\n<meta name=\"twitter:card\" content=\"summary_large_image\" \/>\n<meta name=\"twitter:label1\" content=\"Geschatte leestijd\" \/>\n\t<meta name=\"twitter:data1\" content=\"3 minuten\" \/>\n<script type=\"application\/ld+json\" class=\"yoast-schema-graph\">{\"@context\":\"https:\/\/schema.org\",\"@graph\":[{\"@type\":\"WebPage\",\"@id\":\"https:\/\/exceladvisor.org\/nl\/tijdlijnfilter\/\",\"url\":\"https:\/\/exceladvisor.org\/nl\/tijdlijnfilter\/\",\"name\":\"Chronologisch filter | Excel-draaitabel-zelfstudie\",\"isPartOf\":{\"@id\":\"https:\/\/exceladvisor.org\/nl\/#website\"},\"primaryImageOfPage\":{\"@id\":\"https:\/\/exceladvisor.org\/nl\/tijdlijnfilter\/#primaryimage\"},\"image\":{\"@id\":\"https:\/\/exceladvisor.org\/nl\/tijdlijnfilter\/#primaryimage\"},\"thumbnailUrl\":\"https:\/\/exceladvisor.org\/wp-content\/uploads\/2023\/08\/Remplacer-le-filtre-normal-par-la-chronologie-du-tableau-croise-dynamique-1.png\",\"datePublished\":\"2023-11-15T09:18:53+00:00\",\"dateModified\":\"2023-12-06T05:55:28+00:00\",\"description\":\"Wilt u een geavanceerde draaitabelgebruiker zijn? U moet meer weten over de draaitabeltijdlijn\",\"breadcrumb\":{\"@id\":\"https:\/\/exceladvisor.org\/nl\/tijdlijnfilter\/#breadcrumb\"},\"inLanguage\":\"nl-NL\",\"potentialAction\":[{\"@type\":\"ReadAction\",\"target\":[\"https:\/\/exceladvisor.org\/nl\/tijdlijnfilter\/\"]}]},{\"@type\":\"ImageObject\",\"inLanguage\":\"nl-NL\",\"@id\":\"https:\/\/exceladvisor.org\/nl\/tijdlijnfilter\/#primaryimage\",\"url\":\"https:\/\/exceladvisor.org\/wp-content\/uploads\/2023\/08\/Remplacer-le-filtre-normal-par-la-chronologie-du-tableau-croise-dynamique-1.png\",\"contentUrl\":\"https:\/\/exceladvisor.org\/wp-content\/uploads\/2023\/08\/Remplacer-le-filtre-normal-par-la-chronologie-du-tableau-croise-dynamique-1.png\"},{\"@type\":\"BreadcrumbList\",\"@id\":\"https:\/\/exceladvisor.org\/nl\/tijdlijnfilter\/#breadcrumb\",\"itemListElement\":[{\"@type\":\"ListItem\",\"position\":1,\"name\":\"Thuis\",\"item\":\"https:\/\/exceladvisor.org\/nl\/\"},{\"@type\":\"ListItem\",\"position\":2,\"name\":\"Draaitabeltijdlijn\"}]},{\"@type\":\"WebSite\",\"@id\":\"https:\/\/exceladvisor.org\/nl\/#website\",\"url\":\"https:\/\/exceladvisor.org\/nl\/\",\"name\":\"Excel Advisor\",\"description\":\"Uw gids voor datadominantie\",\"publisher\":{\"@id\":\"https:\/\/exceladvisor.org\/nl\/#organization\"},\"potentialAction\":[{\"@type\":\"SearchAction\",\"target\":{\"@type\":\"EntryPoint\",\"urlTemplate\":\"https:\/\/exceladvisor.org\/nl\/?s={search_term_string}\"},\"query-input\":{\"@type\":\"PropertyValueSpecification\",\"valueRequired\":true,\"valueName\":\"search_term_string\"}}],\"inLanguage\":\"nl-NL\"},{\"@type\":\"Organization\",\"@id\":\"https:\/\/exceladvisor.org\/nl\/#organization\",\"name\":\"Excel Advisor\",\"url\":\"https:\/\/exceladvisor.org\/nl\/\",\"logo\":{\"@type\":\"ImageObject\",\"inLanguage\":\"nl-NL\",\"@id\":\"https:\/\/exceladvisor.org\/nl\/#\/schema\/logo\/image\/\",\"url\":\"https:\/\/exceladvisor.org\/nl\/wp-content\/uploads\/2023\/12\/exceladvisor.org_.png\",\"contentUrl\":\"https:\/\/exceladvisor.org\/nl\/wp-content\/uploads\/2023\/12\/exceladvisor.org_.png\",\"width\":105,\"height\":36,\"caption\":\"Excel Advisor\"},\"image\":{\"@id\":\"https:\/\/exceladvisor.org\/nl\/#\/schema\/logo\/image\/\"}}]}<\/script>\n<!-- \/ Yoast SEO plugin. -->","yoast_head_json":{"title":"Chronologisch filter | Excel-draaitabel-zelfstudie","description":"Wilt u een geavanceerde draaitabelgebruiker zijn? U moet meer weten over de draaitabeltijdlijn","robots":{"index":"index","follow":"follow","max-snippet":"max-snippet:-1","max-image-preview":"max-image-preview:large","max-video-preview":"max-video-preview:-1"},"canonical":"https:\/\/exceladvisor.org\/nl\/tijdlijnfilter\/","og_locale":"nl_NL","og_type":"article","og_title":"Chronologisch filter | Excel-draaitabel-zelfstudie","og_description":"Wilt u een geavanceerde draaitabelgebruiker zijn? U moet meer weten over de draaitabeltijdlijn","og_url":"https:\/\/exceladvisor.org\/nl\/tijdlijnfilter\/","og_site_name":"Excel Advisor","article_modified_time":"2023-12-06T05:55:28+00:00","og_image":[{"url":"https:\/\/exceladvisor.org\/wp-content\/uploads\/2023\/08\/Remplacer-le-filtre-normal-par-la-chronologie-du-tableau-croise-dynamique-1.png","type":"","width":"","height":""}],"twitter_card":"summary_large_image","twitter_misc":{"Geschatte leestijd":"3 minuten"},"schema":{"@context":"https:\/\/schema.org","@graph":[{"@type":"WebPage","@id":"https:\/\/exceladvisor.org\/nl\/tijdlijnfilter\/","url":"https:\/\/exceladvisor.org\/nl\/tijdlijnfilter\/","name":"Chronologisch filter | Excel-draaitabel-zelfstudie","isPartOf":{"@id":"https:\/\/exceladvisor.org\/nl\/#website"},"primaryImageOfPage":{"@id":"https:\/\/exceladvisor.org\/nl\/tijdlijnfilter\/#primaryimage"},"image":{"@id":"https:\/\/exceladvisor.org\/nl\/tijdlijnfilter\/#primaryimage"},"thumbnailUrl":"https:\/\/exceladvisor.org\/wp-content\/uploads\/2023\/08\/Remplacer-le-filtre-normal-par-la-chronologie-du-tableau-croise-dynamique-1.png","datePublished":"2023-11-15T09:18:53+00:00","dateModified":"2023-12-06T05:55:28+00:00","description":"Wilt u een geavanceerde draaitabelgebruiker zijn? U moet meer weten over de draaitabeltijdlijn","breadcrumb":{"@id":"https:\/\/exceladvisor.org\/nl\/tijdlijnfilter\/#breadcrumb"},"inLanguage":"nl-NL","potentialAction":[{"@type":"ReadAction","target":["https:\/\/exceladvisor.org\/nl\/tijdlijnfilter\/"]}]},{"@type":"ImageObject","inLanguage":"nl-NL","@id":"https:\/\/exceladvisor.org\/nl\/tijdlijnfilter\/#primaryimage","url":"https:\/\/exceladvisor.org\/wp-content\/uploads\/2023\/08\/Remplacer-le-filtre-normal-par-la-chronologie-du-tableau-croise-dynamique-1.png","contentUrl":"https:\/\/exceladvisor.org\/wp-content\/uploads\/2023\/08\/Remplacer-le-filtre-normal-par-la-chronologie-du-tableau-croise-dynamique-1.png"},{"@type":"BreadcrumbList","@id":"https:\/\/exceladvisor.org\/nl\/tijdlijnfilter\/#breadcrumb","itemListElement":[{"@type":"ListItem","position":1,"name":"Thuis","item":"https:\/\/exceladvisor.org\/nl\/"},{"@type":"ListItem","position":2,"name":"Draaitabeltijdlijn"}]},{"@type":"WebSite","@id":"https:\/\/exceladvisor.org\/nl\/#website","url":"https:\/\/exceladvisor.org\/nl\/","name":"Excel Advisor","description":"Uw gids voor datadominantie","publisher":{"@id":"https:\/\/exceladvisor.org\/nl\/#organization"},"potentialAction":[{"@type":"SearchAction","target":{"@type":"EntryPoint","urlTemplate":"https:\/\/exceladvisor.org\/nl\/?s={search_term_string}"},"query-input":{"@type":"PropertyValueSpecification","valueRequired":true,"valueName":"search_term_string"}}],"inLanguage":"nl-NL"},{"@type":"Organization","@id":"https:\/\/exceladvisor.org\/nl\/#organization","name":"Excel Advisor","url":"https:\/\/exceladvisor.org\/nl\/","logo":{"@type":"ImageObject","inLanguage":"nl-NL","@id":"https:\/\/exceladvisor.org\/nl\/#\/schema\/logo\/image\/","url":"https:\/\/exceladvisor.org\/nl\/wp-content\/uploads\/2023\/12\/exceladvisor.org_.png","contentUrl":"https:\/\/exceladvisor.org\/nl\/wp-content\/uploads\/2023\/12\/exceladvisor.org_.png","width":105,"height":36,"caption":"Excel Advisor"},"image":{"@id":"https:\/\/exceladvisor.org\/nl\/#\/schema\/logo\/image\/"}}]}},"yoast_meta":{"yoast_wpseo_title":"","yoast_wpseo_metadesc":"","yoast_wpseo_canonical":""},"_links":{"self":[{"href":"https:\/\/exceladvisor.org\/nl\/wp-json\/wp\/v2\/pages\/1619","targetHints":{"allow":["GET"]}}],"collection":[{"href":"https:\/\/exceladvisor.org\/nl\/wp-json\/wp\/v2\/pages"}],"about":[{"href":"https:\/\/exceladvisor.org\/nl\/wp-json\/wp\/v2\/types\/page"}],"author":[{"embeddable":true,"href":"https:\/\/exceladvisor.org\/nl\/wp-json\/wp\/v2\/users\/1"}],"replies":[{"embeddable":true,"href":"https:\/\/exceladvisor.org\/nl\/wp-json\/wp\/v2\/comments?post=1619"}],"version-history":[{"count":2,"href":"https:\/\/exceladvisor.org\/nl\/wp-json\/wp\/v2\/pages\/1619\/revisions"}],"predecessor-version":[{"id":2993,"href":"https:\/\/exceladvisor.org\/nl\/wp-json\/wp\/v2\/pages\/1619\/revisions\/2993"}],"wp:attachment":[{"href":"https:\/\/exceladvisor.org\/nl\/wp-json\/wp\/v2\/media?parent=1619"}],"curies":[{"name":"wp","href":"https:\/\/api.w.org\/{rel}","templated":true}]}}