{"id":1631,"date":"2023-11-14T19:13:47","date_gmt":"2023-11-14T19:13:47","guid":{"rendered":"https:\/\/exceladvisor.org\/nl\/verwijder-pagina-einde\/"},"modified":"2023-12-06T05:51:20","modified_gmt":"2023-12-06T05:51:20","slug":"verwijder-pagina-einde","status":"publish","type":"page","link":"https:\/\/exceladvisor.org\/nl\/verwijder-pagina-einde\/","title":{"rendered":"Hoe verwijder ik een pagina-einde in excel?"},"content":{"rendered":"<div class=\"excel-voor-de-inhoud\" id=\"excel-2961646020\"><script type=\"text\/javascript\">\r\n\tatOptions = {\r\n\t\t'key' : 'c1158f160081d6540a8409e6925dab94',\r\n\t\t'format' : 'iframe',\r\n\t\t'height' : 250,\r\n\t\t'width' : 300,\r\n\t\t'params' : {}\r\n\t};\r\n<\/script>\r\n<script type=\"text\/javascript\" src=\"\/\/www.highperformanceformat.com\/c1158f160081d6540a8409e6925dab94\/invoke.js\"><\/script><\/div> <p>Pagina-einde in Excel is een functie waarmee u uw spreadsheetgegevens opsplitst of verdeelt in afzonderlijke pagina&#8217;s om af te drukken.<\/p><p> Het wordt opgesplitst en toont u de gegevens die u op \u00e9\u00e9n en elke pagina moet afdrukken tot het einde van uw gegevens.<\/p><p> Excel-pagina-einde splitst gegevens op basis van verschillende parameters, zoals paginamarge, schaal, paginagrootte, enz. In de weergave Pagina-einde worden stippellijnen weergegeven om te zien waar de gegevens op de volgende pagina zijn verdeeld.<\/p><p> Voordat de werkmapgegevens worden afgedrukt, wil elke gebruiker zien hoe de gegevens op elke pagina worden afgedrukt. Hiervoor kunnen ze dit zien door de normale Excel-weergave te wijzigen in de weergave voor pagina-einden en kunnen ze ook de selectiepagina voor onderverdelingen aanpassen aan hun voorkeur. .<\/p><p> Hieronder hebben we enkele snelle en eenvoudige stappen voor u vastgelegd voor het invoegen en verwijderen van pagina-einden in Excel.<\/p><h2 class=\"wp-block-heading\"> Open de pagina-eindeweergave in Excel<\/h2><ol><li> Ga eerst naar het tabblad &#8220;Weergave&#8221; en klik onder de groep &#8220;Werkmapweergaven&#8221; op het pictogram &#8220;Pagina-eindevoorbeeld&#8221;. <br><img loading=\"lazy\" decoding=\"async\" title=\"1-pagina-einde-preview-pictogram\" src=\"https:\/\/exceladvisor.org\/wp-content\/uploads\/2023\/08\/1-icone-dapercu-de-saut-de-page.png\" sizes=\"auto, \" srcset=\"\" alt=\"page-break-preview-icon\" width=\"549\" height=\"299\"><\/li><li> Zodra u op \u201cPagina-eindevoorbeeld\u201d klikt, converteert Excel de normale weergave naar een pagina-eindeweergave. <br><img loading=\"lazy\" decoding=\"async\" title=\"2-pagina-einde-voorbeeld\" src=\"https:\/\/exceladvisor.org\/wp-content\/uploads\/2023\/08\/Apercu-de-saut-de-page-de-2-pages.png\" sizes=\"auto, \" srcset=\"\" alt=\"page-break-preview\" width=\"563\" height=\"364\"><\/li><li> Hier kunt u zien hoe uw werkmapgegevens op elke pagina worden verdeeld wanneer u afdrukt.<\/li><\/ol><h2 class=\"wp-block-heading\"> Pas pagina-einden aan in Excel<\/h2><ol><li> Klik op de gestippelde verticale pagina-eindelijn, houd de muisknop ingedrukt en sleep naar links of rechts naar de kolom waarin u de gegevenskoppen wilt verdelen voor afdrukken op elke pagina.<\/li><li> Klik op de gestippelde horizontale pagina-eindelijn(en), houd de muisknop ingedrukt en sleep naar de bovenste of onderste locatie waar u de gegevens op elke pagina wilt afdrukken. <br><img loading=\"lazy\" decoding=\"async\" title=\"3-punts pagina-eindelijnen\" src=\"https:\/\/exceladvisor.org\/wp-content\/uploads\/2023\/08\/3-lignes-de-saut-de-page-en-pointilles.png\" sizes=\"auto, \" srcset=\"\" alt=\"dotted-page-break-lines\" width=\"485\" height=\"434\"><\/li><li> Als u wilt dat alle koptekstkolommen van uw gegevens op elke pagina worden afgedrukt, sleept u eenvoudigweg de verticale stippellijn aan het einde van de kopkolommen. <br><img loading=\"lazy\" decoding=\"async\" title=\"4 verticale stippellijnen\" src=\"https:\/\/exceladvisor.org\/wp-content\/uploads\/2023\/08\/4-lignes-pointillees-verticales.png\" sizes=\"auto, \" srcset=\"\" alt=\"vertical-dotted-lines\" width=\"511\" height=\"405\"><\/li><\/ol><p> In de afbeelding hierboven hebben we de verticale stippellijn aan het einde van de koptekstkolommen versleept om alle koptekstkolommen (AJ) op elke pagina af te drukken.<\/p><h2 class=\"wp-block-heading\"> Handmatig ingevoegd pagina-einde invoegen of verwijderen<\/h2><p> U kunt ook handmatige pagina-einden invoegen of verwijderen in de pagina-eindenweergave door de onderstaande stappen te volgen.<\/p><ol><li> Schakel eerst over naar de pagina-eindemodus en klik op de cel links en bovenaan waarvan u het pagina-einde wilt invoegen. <br><img loading=\"lazy\" decoding=\"async\" title=\"5 handmatig ingevoegde pagina-einden\" src=\"https:\/\/exceladvisor.org\/wp-content\/uploads\/2023\/08\/5-sauts-de-page-inseres-manuellement.png\" sizes=\"auto, \" srcset=\"\" alt=\"manual-inserted-page-break\" width=\"500\" height=\"469\"><\/li><li> Ga daarna naar het tabblad \u201cPagina-indeling\u201d, klik vervolgens op het pictogram \u201cOnderbrekingen\u201d onder de groep \u201cLay-out\u201d en klik vervolgens op de optie \u201cPagina-einde invoegen\u201d. <br><img loading=\"lazy\" decoding=\"async\" title=\"Optie voor pagina-einde met 6 invoegingen\" src=\"https:\/\/exceladvisor.org\/wp-content\/uploads\/2023\/08\/6-option-dinsertion-de-saut-de-page.png\" sizes=\"auto, \" srcset=\"\" alt=\"insert-page-break-option\" width=\"500\" height=\"471\"><\/li><li> Zodra u op &#8216;Pagina-einde invoegen&#8217; klikt, is Excel gesplitst en wordt het handmatige pagina-einde links en bovenaan de geselecteerde cel gemaakt. <br><img loading=\"lazy\" decoding=\"async\" title=\"7-maak-het-leerboek-pagina-einde\" src=\"https:\/\/exceladvisor.org\/wp-content\/uploads\/2023\/08\/7-cree-le-saut-de-page-manuel.png\" sizes=\"auto, \" srcset=\"\" alt=\"creates-the-manual-page-break\" width=\"500\" height=\"470\"><\/li><li> Om het handmatig ingevoegde pagina-einde te verwijderen, klikt u op de cel links en bovenaan waarvan u het handmatig ingevoegde pagina-einde wilt verwijderen en klikt u op de optie \u201cPagina-einde verwijderen\u201d. <br><img loading=\"lazy\" decoding=\"async\" title=\"8-verwijder-pagina-einde\" src=\"https:\/\/exceladvisor.org\/wp-content\/uploads\/2023\/08\/8-supprimer-le-saut-de-page.png\" sizes=\"auto, \" srcset=\"\" alt=\"remove-page-break\" width=\"500\" height=\"472\"><\/li><li> Op dit punt is het handmatig ingevoegde pagina-einde verwijderd. <br><img loading=\"lazy\" decoding=\"async\" title=\"9-verwijder-handmatig-pagina-einde invoegen\" src=\"https:\/\/exceladvisor.org\/wp-content\/uploads\/2023\/08\/9-supprimer-le-saut-de-page-insere-manuellement.png\" sizes=\"auto, \" srcset=\"\" alt=\"remove-manual-inserted-page-break\" width=\"510\" height=\"292\"><\/li><\/ol><p> Als u meerdere handmatige pagina-einden heeft ingevoegd, kunt u deze in \u00e9\u00e9n keer verwijderen door eenvoudigweg op de opties &#8220;Alle pagina-einden opnieuw instellen&#8221; te klikken, of u kunt ze \u00e9\u00e9n voor \u00e9\u00e9n verwijderen door de onderstaande stappen steeds opnieuw te herhalen. boven. <\/p><div class=\"wp-block-image\"><figure class=\"aligncenter size-full is-resized\"><img loading=\"lazy\" decoding=\"async\" class=\"wp-image-64126\" src=\"https:\/\/exceladvisor.org\/wp-content\/uploads\/2023\/08\/10-reinitialiser-tous-les-sauts-de-page.png\" sizes=\"auto, \" srcset=\"\" alt=\"reset alle pagina-einden\" width=\"586\" height=\"350\"><\/figure><\/div><h2 class=\"wp-block-heading\"> Verwijder de gestippelde pagina-eindelijnen uit de normale weergave<\/h2><p> Zodra u vanuit de pagina-eindeweergave terugkeert naar de normale weergave, wordt de Excel-pagina-eindeweergave automatisch ingeschakeld.<\/p><p> En de gestreepte, vetgedrukte grijze pagina-eindelijn begint weerspiegeld te worden in uw gegevens. Om deze lijnen uit de normale weergave te verwijderen, moet u enkele stappen volgen, zoals hieronder aangegeven.<\/p><ol><li> Klik eerst op het tabblad &#8220;Bestand&#8221; en klik vervolgens op &#8220;opties&#8221; in het contextmenu. <br><img loading=\"lazy\" decoding=\"async\" title=\"tabblad 11 bestanden\" src=\"https:\/\/exceladvisor.org\/wp-content\/uploads\/2023\/08\/11-onglet-fichier.png\" sizes=\"auto, \" srcset=\"\" alt=\"file-tab\" width=\"424\" height=\"119\"><br><img loading=\"lazy\" decoding=\"async\" style=\"display: block; margin-left: auto; margin-right: auto;\" title=\"12 klikopties\" src=\"https:\/\/exceladvisor.org\/wp-content\/uploads\/2023\/08\/12-cliquez-sur-les-options.png\" sizes=\"auto, \" srcset=\"\" alt=\"click-on-options\" width=\"132\" height=\"473\"><\/li><li> Klik daarna op \u201cGeavanceerd\u201d en scrol omlaag naar \u201cOpties voor dit werkblad bekijken\u201d in de schuifbalk.<\/li><li> Schakel nu het selectievakje &#8216;Pagina-einden weergeven&#8217; uit en klik op &#8216;OK&#8217;. <br><img loading=\"lazy\" decoding=\"async\" title=\"13-deselecteer-pagina-einden weergeven\" src=\"https:\/\/exceladvisor.org\/wp-content\/uploads\/2023\/08\/13-decochez-Afficher-les-sauts-de-page.png\" sizes=\"auto, \" srcset=\"\" alt=\"uncheck-show-page-breaks\" width=\"636\" height=\"431\"><\/li><\/ol><div class=\"gb-container gb-container-4db6181c gb-container-mt\"> <a class=\"gb-button gb-button-c5897111 gb-button-text gb-button-mt-button\" href=\"https:\/\/exceladvisor.org\/nl\/excel-basisbeginselen\/\">Basiskennis van Microsoft Excel (componenten, onderdelen en kennisnotities)<\/a><h2 class=\"gb-headline gb-headline-665e5f6b gb-headline-text gb-headline-mt-heading\"> Gerelateerde tutorials <\/h2><div class=\"gb-grid-wrapper gb-grid-wrapper-a20baf7c gb-grid-wrapper-mt-grid\"><div class=\"gb-grid-column gb-grid-column-65ddf67e\"><div class=\"gb-container gb-container-65ddf67e\"><ul><li> <a href=\"https:\/\/exceladvisor.org\/nl\/afdrukgebied-instellen\/\">Stel het afdrukgebied in Excel in<\/a><\/li><li> <a href=\"https:\/\/exceladvisor.org\/nl\/paginarichting-wijzigen\/\">Wijzig de paginarichting in Excel<\/a><\/li><li> <a href=\"https:\/\/exceladvisor.org\/nl\/paginamarge\/\">Paginamarge in Excel (wijzigen en instellen)<\/a><\/li><li> <a href=\"https:\/\/exceladvisor.org\/nl\/voorbeeld-voordat-u-afdrukt\/\">Afdrukvoorbeeld in Excel<\/a><\/li><li> <a href=\"https:\/\/exceladvisor.org\/nl\/focus-op-selectie\/\">Centreer op selectie in Excel<\/a> <\/li><\/ul><\/div><\/div><div class=\"gb-grid-column gb-grid-column-50067b57\"><div class=\"gb-container gb-container-50067b57\"><\/div><\/div><\/div><\/div>","protected":false},"excerpt":{"rendered":"","protected":false},"author":1,"featured_media":0,"parent":0,"menu_order":0,"comment_status":"open","ping_status":"closed","template":"","meta":{"ub_ctt_via":"","footnotes":""},"class_list":["post-1631","page","type-page","status-publish","hentry"],"featured_image_src":null,"yoast_head":"<!-- This site is optimized with the Yoast SEO plugin v25.4 - https:\/\/yoast.com\/wordpress\/plugins\/seo\/ -->\n<title>\u25b7 Hoe verwijder ik een pagina-einde in Excel?<\/title>\n<meta name=\"description\" content=\"In deze zelfstudie leert u hoe u een pagina-einde in Excel kunt invoegen en verwijderen door een paar snelle en eenvoudige stappen te volgen.\" \/>\n<meta name=\"robots\" content=\"index, follow, max-snippet:-1, max-image-preview:large, max-video-preview:-1\" \/>\n<link rel=\"canonical\" href=\"https:\/\/exceladvisor.org\/nl\/verwijder-pagina-einde\/\" \/>\n<meta property=\"og:locale\" content=\"nl_NL\" \/>\n<meta property=\"og:type\" content=\"article\" \/>\n<meta property=\"og:title\" content=\"\u25b7 Hoe verwijder ik een pagina-einde in Excel?\" \/>\n<meta property=\"og:description\" content=\"In deze zelfstudie leert u hoe u een pagina-einde in Excel kunt invoegen en verwijderen door een paar snelle en eenvoudige stappen te volgen.\" \/>\n<meta property=\"og:url\" content=\"https:\/\/exceladvisor.org\/nl\/verwijder-pagina-einde\/\" \/>\n<meta property=\"og:site_name\" content=\"Excel Advisor\" \/>\n<meta property=\"article:modified_time\" content=\"2023-12-06T05:51:20+00:00\" \/>\n<meta property=\"og:image\" content=\"https:\/\/exceladvisor.org\/wp-content\/uploads\/2023\/08\/1-icone-dapercu-de-saut-de-page.png\" \/>\n<meta name=\"twitter:card\" content=\"summary_large_image\" \/>\n<meta name=\"twitter:label1\" content=\"Geschatte leestijd\" \/>\n\t<meta name=\"twitter:data1\" content=\"3 minuten\" \/>\n<script type=\"application\/ld+json\" class=\"yoast-schema-graph\">{\"@context\":\"https:\/\/schema.org\",\"@graph\":[{\"@type\":\"WebPage\",\"@id\":\"https:\/\/exceladvisor.org\/nl\/verwijder-pagina-einde\/\",\"url\":\"https:\/\/exceladvisor.org\/nl\/verwijder-pagina-einde\/\",\"name\":\"\u25b7 Hoe verwijder ik een pagina-einde in Excel?\",\"isPartOf\":{\"@id\":\"https:\/\/exceladvisor.org\/nl\/#website\"},\"primaryImageOfPage\":{\"@id\":\"https:\/\/exceladvisor.org\/nl\/verwijder-pagina-einde\/#primaryimage\"},\"image\":{\"@id\":\"https:\/\/exceladvisor.org\/nl\/verwijder-pagina-einde\/#primaryimage\"},\"thumbnailUrl\":\"https:\/\/exceladvisor.org\/wp-content\/uploads\/2023\/08\/1-icone-dapercu-de-saut-de-page.png\",\"datePublished\":\"2023-11-14T19:13:47+00:00\",\"dateModified\":\"2023-12-06T05:51:20+00:00\",\"description\":\"In deze zelfstudie leert u hoe u een pagina-einde in Excel kunt invoegen en verwijderen door een paar snelle en eenvoudige stappen te volgen.\",\"breadcrumb\":{\"@id\":\"https:\/\/exceladvisor.org\/nl\/verwijder-pagina-einde\/#breadcrumb\"},\"inLanguage\":\"nl-NL\",\"potentialAction\":[{\"@type\":\"ReadAction\",\"target\":[\"https:\/\/exceladvisor.org\/nl\/verwijder-pagina-einde\/\"]}]},{\"@type\":\"ImageObject\",\"inLanguage\":\"nl-NL\",\"@id\":\"https:\/\/exceladvisor.org\/nl\/verwijder-pagina-einde\/#primaryimage\",\"url\":\"https:\/\/exceladvisor.org\/wp-content\/uploads\/2023\/08\/1-icone-dapercu-de-saut-de-page.png\",\"contentUrl\":\"https:\/\/exceladvisor.org\/wp-content\/uploads\/2023\/08\/1-icone-dapercu-de-saut-de-page.png\"},{\"@type\":\"BreadcrumbList\",\"@id\":\"https:\/\/exceladvisor.org\/nl\/verwijder-pagina-einde\/#breadcrumb\",\"itemListElement\":[{\"@type\":\"ListItem\",\"position\":1,\"name\":\"Thuis\",\"item\":\"https:\/\/exceladvisor.org\/nl\/\"},{\"@type\":\"ListItem\",\"position\":2,\"name\":\"Hoe verwijder ik een pagina-einde in excel?\"}]},{\"@type\":\"WebSite\",\"@id\":\"https:\/\/exceladvisor.org\/nl\/#website\",\"url\":\"https:\/\/exceladvisor.org\/nl\/\",\"name\":\"Excel Advisor\",\"description\":\"Uw gids voor datadominantie\",\"publisher\":{\"@id\":\"https:\/\/exceladvisor.org\/nl\/#organization\"},\"potentialAction\":[{\"@type\":\"SearchAction\",\"target\":{\"@type\":\"EntryPoint\",\"urlTemplate\":\"https:\/\/exceladvisor.org\/nl\/?s={search_term_string}\"},\"query-input\":{\"@type\":\"PropertyValueSpecification\",\"valueRequired\":true,\"valueName\":\"search_term_string\"}}],\"inLanguage\":\"nl-NL\"},{\"@type\":\"Organization\",\"@id\":\"https:\/\/exceladvisor.org\/nl\/#organization\",\"name\":\"Excel Advisor\",\"url\":\"https:\/\/exceladvisor.org\/nl\/\",\"logo\":{\"@type\":\"ImageObject\",\"inLanguage\":\"nl-NL\",\"@id\":\"https:\/\/exceladvisor.org\/nl\/#\/schema\/logo\/image\/\",\"url\":\"https:\/\/exceladvisor.org\/nl\/wp-content\/uploads\/2023\/12\/exceladvisor.org_.png\",\"contentUrl\":\"https:\/\/exceladvisor.org\/nl\/wp-content\/uploads\/2023\/12\/exceladvisor.org_.png\",\"width\":105,\"height\":36,\"caption\":\"Excel Advisor\"},\"image\":{\"@id\":\"https:\/\/exceladvisor.org\/nl\/#\/schema\/logo\/image\/\"}}]}<\/script>\n<!-- \/ Yoast SEO plugin. -->","yoast_head_json":{"title":"\u25b7 Hoe verwijder ik een pagina-einde in Excel?","description":"In deze zelfstudie leert u hoe u een pagina-einde in Excel kunt invoegen en verwijderen door een paar snelle en eenvoudige stappen te volgen.","robots":{"index":"index","follow":"follow","max-snippet":"max-snippet:-1","max-image-preview":"max-image-preview:large","max-video-preview":"max-video-preview:-1"},"canonical":"https:\/\/exceladvisor.org\/nl\/verwijder-pagina-einde\/","og_locale":"nl_NL","og_type":"article","og_title":"\u25b7 Hoe verwijder ik een pagina-einde in Excel?","og_description":"In deze zelfstudie leert u hoe u een pagina-einde in Excel kunt invoegen en verwijderen door een paar snelle en eenvoudige stappen te volgen.","og_url":"https:\/\/exceladvisor.org\/nl\/verwijder-pagina-einde\/","og_site_name":"Excel Advisor","article_modified_time":"2023-12-06T05:51:20+00:00","og_image":[{"url":"https:\/\/exceladvisor.org\/wp-content\/uploads\/2023\/08\/1-icone-dapercu-de-saut-de-page.png","type":"","width":"","height":""}],"twitter_card":"summary_large_image","twitter_misc":{"Geschatte leestijd":"3 minuten"},"schema":{"@context":"https:\/\/schema.org","@graph":[{"@type":"WebPage","@id":"https:\/\/exceladvisor.org\/nl\/verwijder-pagina-einde\/","url":"https:\/\/exceladvisor.org\/nl\/verwijder-pagina-einde\/","name":"\u25b7 Hoe verwijder ik een pagina-einde in Excel?","isPartOf":{"@id":"https:\/\/exceladvisor.org\/nl\/#website"},"primaryImageOfPage":{"@id":"https:\/\/exceladvisor.org\/nl\/verwijder-pagina-einde\/#primaryimage"},"image":{"@id":"https:\/\/exceladvisor.org\/nl\/verwijder-pagina-einde\/#primaryimage"},"thumbnailUrl":"https:\/\/exceladvisor.org\/wp-content\/uploads\/2023\/08\/1-icone-dapercu-de-saut-de-page.png","datePublished":"2023-11-14T19:13:47+00:00","dateModified":"2023-12-06T05:51:20+00:00","description":"In deze zelfstudie leert u hoe u een pagina-einde in Excel kunt invoegen en verwijderen door een paar snelle en eenvoudige stappen te volgen.","breadcrumb":{"@id":"https:\/\/exceladvisor.org\/nl\/verwijder-pagina-einde\/#breadcrumb"},"inLanguage":"nl-NL","potentialAction":[{"@type":"ReadAction","target":["https:\/\/exceladvisor.org\/nl\/verwijder-pagina-einde\/"]}]},{"@type":"ImageObject","inLanguage":"nl-NL","@id":"https:\/\/exceladvisor.org\/nl\/verwijder-pagina-einde\/#primaryimage","url":"https:\/\/exceladvisor.org\/wp-content\/uploads\/2023\/08\/1-icone-dapercu-de-saut-de-page.png","contentUrl":"https:\/\/exceladvisor.org\/wp-content\/uploads\/2023\/08\/1-icone-dapercu-de-saut-de-page.png"},{"@type":"BreadcrumbList","@id":"https:\/\/exceladvisor.org\/nl\/verwijder-pagina-einde\/#breadcrumb","itemListElement":[{"@type":"ListItem","position":1,"name":"Thuis","item":"https:\/\/exceladvisor.org\/nl\/"},{"@type":"ListItem","position":2,"name":"Hoe verwijder ik een pagina-einde in excel?"}]},{"@type":"WebSite","@id":"https:\/\/exceladvisor.org\/nl\/#website","url":"https:\/\/exceladvisor.org\/nl\/","name":"Excel Advisor","description":"Uw gids voor datadominantie","publisher":{"@id":"https:\/\/exceladvisor.org\/nl\/#organization"},"potentialAction":[{"@type":"SearchAction","target":{"@type":"EntryPoint","urlTemplate":"https:\/\/exceladvisor.org\/nl\/?s={search_term_string}"},"query-input":{"@type":"PropertyValueSpecification","valueRequired":true,"valueName":"search_term_string"}}],"inLanguage":"nl-NL"},{"@type":"Organization","@id":"https:\/\/exceladvisor.org\/nl\/#organization","name":"Excel Advisor","url":"https:\/\/exceladvisor.org\/nl\/","logo":{"@type":"ImageObject","inLanguage":"nl-NL","@id":"https:\/\/exceladvisor.org\/nl\/#\/schema\/logo\/image\/","url":"https:\/\/exceladvisor.org\/nl\/wp-content\/uploads\/2023\/12\/exceladvisor.org_.png","contentUrl":"https:\/\/exceladvisor.org\/nl\/wp-content\/uploads\/2023\/12\/exceladvisor.org_.png","width":105,"height":36,"caption":"Excel Advisor"},"image":{"@id":"https:\/\/exceladvisor.org\/nl\/#\/schema\/logo\/image\/"}}]}},"yoast_meta":{"yoast_wpseo_title":"","yoast_wpseo_metadesc":"","yoast_wpseo_canonical":""},"_links":{"self":[{"href":"https:\/\/exceladvisor.org\/nl\/wp-json\/wp\/v2\/pages\/1631","targetHints":{"allow":["GET"]}}],"collection":[{"href":"https:\/\/exceladvisor.org\/nl\/wp-json\/wp\/v2\/pages"}],"about":[{"href":"https:\/\/exceladvisor.org\/nl\/wp-json\/wp\/v2\/types\/page"}],"author":[{"embeddable":true,"href":"https:\/\/exceladvisor.org\/nl\/wp-json\/wp\/v2\/users\/1"}],"replies":[{"embeddable":true,"href":"https:\/\/exceladvisor.org\/nl\/wp-json\/wp\/v2\/comments?post=1631"}],"version-history":[{"count":1,"href":"https:\/\/exceladvisor.org\/nl\/wp-json\/wp\/v2\/pages\/1631\/revisions"}],"predecessor-version":[{"id":2832,"href":"https:\/\/exceladvisor.org\/nl\/wp-json\/wp\/v2\/pages\/1631\/revisions\/2832"}],"wp:attachment":[{"href":"https:\/\/exceladvisor.org\/nl\/wp-json\/wp\/v2\/media?parent=1631"}],"curies":[{"name":"wp","href":"https:\/\/api.w.org\/{rel}","templated":true}]}}