{"id":1634,"date":"2023-11-14T17:14:32","date_gmt":"2023-11-14T17:14:32","guid":{"rendered":"https:\/\/exceladvisor.org\/nl\/spellingscontrole\/"},"modified":"2023-12-06T05:50:22","modified_gmt":"2023-12-06T05:50:22","slug":"spellingscontrole","status":"publish","type":"page","link":"https:\/\/exceladvisor.org\/nl\/spellingscontrole\/","title":{"rendered":"Hoe spelling controleren in excel?"},"content":{"rendered":"<div class=\"excel-voor-de-inhoud\" id=\"excel-2963954093\"><script type=\"text\/javascript\">\r\n\tatOptions = {\r\n\t\t'key' : 'c1158f160081d6540a8409e6925dab94',\r\n\t\t'format' : 'iframe',\r\n\t\t'height' : 250,\r\n\t\t'width' : 300,\r\n\t\t'params' : {}\r\n\t};\r\n<\/script>\r\n<script type=\"text\/javascript\" src=\"\/\/www.highperformanceformat.com\/c1158f160081d6540a8409e6925dab94\/invoke.js\"><\/script><\/div> <p>Net als Microsoft Word heeft Excel ook een spellingcontrolefunctie, maar de meeste Excel-gebruikers kennen of gebruiken deze functie niet omdat Excel voornamelijk wordt gebruikt voor numerieke waarden in plaats van tekstgegevens.<\/p><p> De spellingcontrole in Excel identificeert het verkeerd gespelde woord en gebruikers kunnen deze corrigeren met behulp van deze spellingcontrolefunctie.<\/p><p> Als we het vergelijken, is de spellingcontrole in Excel niet erg geavanceerd, zoals in Word, waar het grammaticafouten, verkeerd gespelde woorden controleert en onjuiste woorden onderstreept, maar toch is het een goede optie voor gebruikers van Excel die deze controle uitvoeren om verkeerd gespelde woorden te identificeren en te corrigeren. .<\/p><h2 class=\"wp-block-heading\"> Voer spellingcontrole uit in Excel<\/h2><ol><li> Selecteer eerst de cel van waaruit u de spellingcontrole wilt uitvoeren of selecteer cel A1 om de spellingcontrole op het hele blad uit te voeren.<\/li><li> Ga daarna naar het tabblad \u201cReview\u201d en klik op het pictogram \u201cSpelling\u201d onder de groep \u201cControleren\u201d op het lint of druk op F7 als sneltoets voor spellingcontrole. <br><img loading=\"lazy\" decoding=\"async\" title=\"spellingscontrole in 1 keer\" src=\"https:\/\/exceladvisor.org\/wp-content\/uploads\/2023\/08\/1-verification-orthographique.png\" sizes=\"auto, \" srcset=\"\" alt=\"run-spell-check\" width=\"444\" height=\"156\"><\/li><li> Zodra u op &#8220;Spelling&#8221; klikt, wordt de spellingcontrole gestart en als u een verkeerd gespeld woord vindt, wordt het spellingdialoogvenster geopend.<\/li><li> Het spellingdialoogvenster geeft u meerdere suggestie-opties om er een te kiezen op basis van het verkeerd gespelde woord, met meerdere acties die u voor dat woord kunt ondernemen, zoals &#8220;Eenmalig negeren, bewerken, toevoegen aan woordenboek&#8221; en vele andere opties. anderen. <br><img loading=\"lazy\" decoding=\"async\" title=\"Dialoogvenster voor twee spellingscontrole\" src=\"https:\/\/exceladvisor.org\/wp-content\/uploads\/2023\/08\/2-boite-de-dialogue-de-verification-orthographique.png\" sizes=\"auto, \" srcset=\"\" alt=\"spell-check-dialog-box\" width=\"509\" height=\"302\"><\/li><li> Nu kunt u de suggestie kiezen en op \u201cBewerken\u201d klikken om het verkeerd gespelde woord alleen voor deze keer bij te werken of u kunt op \u201cE\u00e9n keer negeren\u201d klikken om dit verkeerd gespelde woord alleen deze keer te negeren of op \u201cToevoegen aan woordenboek\u201d klikken om dit woord aan de spelling toe te voegen woordenboek.<\/li><li> Zodra u klaar bent met alle verkeerd gespelde woorden, wordt het dialoogvenster weergegeven waarin staat dat de spellingcontrole is voltooid en klikt u op OK. <br><img loading=\"lazy\" decoding=\"async\" title=\"3 spellingscontroles voltooid\" src=\"https:\/\/exceladvisor.org\/wp-content\/uploads\/2023\/08\/3-verification-orthographique-terminee.png\" sizes=\"auto, \" srcset=\"\" alt=\"spell-check-complete\" width=\"284\" height=\"125\"><\/li><\/ol><h2 class=\"wp-block-heading\"> Dialoogvenster Spellingcontrole<\/h2><ol><li> <strong>E\u00e9n keer negeren:<\/strong> Negeert het woord slechts \u00e9\u00e9n keer als verkeerd gespeld. Dit betekent dat als hetzelfde woord in het werkblad wordt herhaald, het woord opnieuw als verkeerd gespeld wordt aangetroffen.<\/li><li> <strong>Alles negeren:<\/strong> Negeert het woord dat als verkeerd gespeld is gevonden voor alle instanties en zal dat herhaalde woord niet langer als verkeerd gespeld weergeven in het werkblad.<\/li><li> <strong>Toevoegen aan woordenboek:<\/strong> Als u een woord moet gebruiken dat identiek is aan het woord dat u hebt ingevoerd (vooral in het geval van afkortingen), maar de spellingcontrole identificeert dat woord als verkeerd gespeld, kunt u dat woord toevoegen aan de spellingcontrole in het woordenboek, zodat u elke keer Als u dit woord gebruikt, zal de spellingcontrole het niet als verkeerd gespeld aantreffen.<\/li><li> <strong>Bewerken:<\/strong> vervangt het verkeerd gespelde woord door de suggestie die u selecteert uit de beschikbare suggesties voor dat verkeerd gespelde woord.<\/li><li> <strong>Alles wijzigen:<\/strong> Wijzig het voorkomen van het verkeerd gespelde woord met de suggestie die u selecteert.<\/li><li> <strong>Autocorrectie:<\/strong> Bewerk het verkeerd gespelde woord met de suggestie en voeg die suggestie toe aan de autocorrectielijst. Telkens wanneer u dat verkeerd gespelde woord invoert, corrigeert de spellingcontrole automatisch dat woord met die vooraf geselecteerde suggestie.<\/li><\/ol><h2 class=\"wp-block-heading\"> Wijzig de standaardinstellingen voor spellingcontrole in Excel<\/h2><p> Spellingcontrole in Excel heeft een aantal standaardinstellingen die gebruikers als volgt kunnen wijzigen:<\/p><ol><li> Klik eerst op de knop &#8220;Opties&#8221; in het dialoogvenster voor de spellingcontrole. <br><img loading=\"lazy\" decoding=\"async\" title=\"4 dialoogopties voor spellingcontrole\" src=\"https:\/\/exceladvisor.org\/wp-content\/uploads\/2023\/08\/4-options-de-boite-de-dialogue-de-verification-orthographique.png\" sizes=\"auto, \" srcset=\"\" alt=\"spell-check-dialog-box-options\" width=\"498\" height=\"296\"><\/li><li> Zodra u op &#8220;Opties&#8221; klikt, wordt het dialoogvenster &#8220;Excel-opties&#8221; geopend waarin u de standaardinstelling kunt wijzigen.<\/li><li> Schakel nu de standaardinstellingsopties die u wilt wijzigen uit of vink deze aan en klik op OK. <br><img loading=\"lazy\" decoding=\"async\" title=\"5 standaardopties voor spellingcontrole\" src=\"https:\/\/exceladvisor.org\/wp-content\/uploads\/2023\/08\/5-options-de-verification-orthographique-par-defaut.png\" sizes=\"auto, \" srcset=\"\" alt=\"spell-check-default-options\" width=\"626\" height=\"514\"><\/li><\/ol><h2 class=\"wp-block-heading\"> Afhaalrestaurants:<\/h2><ol><li> De spellingcontrole identificeert alleen verkeerd gespelde woorden.<\/li><li> De spellingcontrole identificeert woorden met hoofdletters en woorden met de cijfercombinatie pas als u deze standaardinstellingsopties uitschakelt.<\/li><li> De spellingcontrole identificeert geen woorden in Excel-formules.<\/li><li> De spellingcontrole loopt regel voor regel van links naar rechts.<\/li><li> Als u op een andere cel dan A1 klikt en de spellingcontrole uitvoert, worden de cellen links van de geselecteerde kolom in die rij genegeerd.<\/li><li> Als u meerdere cellen selecteert en de spellingcontrole uitvoert, wordt deze alleen op de geselecteerde cellen uitgevoerd.<\/li><li> De spellingcontrole toont u de verkeerd gespelde woorden \u00e9\u00e9n voor \u00e9\u00e9n, wat betekent dat er in elke cel een fout wordt gevonden. Er wordt een dialoogvenster voor de spellingcontrole geopend om op die fout te reageren. Zodra u controleert of dit is gebeurd, wordt de volgende verkeerd gespelde taal weergegeven, al was het maar.<\/li><\/ol><div class=\"gb-container gb-container-4db6181c gb-container-mt\"> <a class=\"gb-button gb-button-c5897111 gb-button-text gb-button-mt-button\" href=\"https:\/\/exceladvisor.org\/nl\/excel-basisbeginselen\/\">Basiskennis van Microsoft Excel (componenten, onderdelen en kennisnotities)<\/a><h2 class=\"gb-headline gb-headline-665e5f6b gb-headline-text gb-headline-mt-heading\"> Gerelateerde tutorials <\/h2><div class=\"gb-grid-wrapper gb-grid-wrapper-a20baf7c gb-grid-wrapper-mt-grid\"><div class=\"gb-grid-column gb-grid-column-65ddf67e\"><div class=\"gb-container gb-container-65ddf67e\"><ul><li> <a href=\"https:\/\/exceladvisor.org\/nl\/teken-een-lijn\/\">Teken een lijn in Excel<\/a><\/li><li> <a href=\"https:\/\/exceladvisor.org\/nl\/voeg-een-knop-toe\/\">Voeg een knop toe in Excel<\/a><\/li><li> <a href=\"https:\/\/exceladvisor.org\/nl\/gedissocieerde-cellen-samenvoegen\/\">Samenvoegen \u2013 degroepeer cellen in Excel<\/a><\/li><li> <a href=\"https:\/\/exceladvisor.org\/nl\/opname\/\">Inspringing vergroten en verkleinen in Excel<\/a><\/li><li> <a href=\"https:\/\/exceladvisor.org\/nl\/tekst-draaien\/\">Tekst roteren in Excel (tekstrichting)<\/a> <\/li><\/ul><\/div><\/div><div class=\"gb-grid-column gb-grid-column-50067b57\"><div class=\"gb-container gb-container-50067b57\"><\/div><\/div><\/div><\/div>","protected":false},"excerpt":{"rendered":"","protected":false},"author":1,"featured_media":0,"parent":0,"menu_order":0,"comment_status":"open","ping_status":"closed","template":"","meta":{"ub_ctt_via":"","footnotes":""},"class_list":["post-1634","page","type-page","status-publish","hentry"],"featured_image_src":null,"yoast_head":"<!-- This site is optimized with the Yoast SEO plugin v25.4 - https:\/\/yoast.com\/wordpress\/plugins\/seo\/ -->\n<title>\u25b7 Hoe spelling controleren in Excel? (Tutorial 2023)<\/title>\n<meta name=\"description\" content=\"In deze zelfstudie leren we hoe u de spellingcontrole in Excel kunt uitvoeren, en we leren ook over alle\" \/>\n<meta name=\"robots\" content=\"index, follow, max-snippet:-1, max-image-preview:large, max-video-preview:-1\" \/>\n<link rel=\"canonical\" href=\"https:\/\/exceladvisor.org\/nl\/spellingscontrole\/\" \/>\n<meta property=\"og:locale\" content=\"nl_NL\" \/>\n<meta property=\"og:type\" content=\"article\" \/>\n<meta property=\"og:title\" content=\"\u25b7 Hoe spelling controleren in Excel? (Tutorial 2023)\" \/>\n<meta property=\"og:description\" content=\"In deze zelfstudie leren we hoe u de spellingcontrole in Excel kunt uitvoeren, en we leren ook over alle\" \/>\n<meta property=\"og:url\" content=\"https:\/\/exceladvisor.org\/nl\/spellingscontrole\/\" \/>\n<meta property=\"og:site_name\" content=\"Excel Advisor\" \/>\n<meta property=\"article:modified_time\" content=\"2023-12-06T05:50:22+00:00\" \/>\n<meta property=\"og:image\" content=\"https:\/\/exceladvisor.org\/wp-content\/uploads\/2023\/08\/1-verification-orthographique.png\" \/>\n<meta name=\"twitter:card\" content=\"summary_large_image\" \/>\n<meta name=\"twitter:label1\" content=\"Geschatte leestijd\" \/>\n\t<meta name=\"twitter:data1\" content=\"4 minuten\" \/>\n<script type=\"application\/ld+json\" class=\"yoast-schema-graph\">{\"@context\":\"https:\/\/schema.org\",\"@graph\":[{\"@type\":\"WebPage\",\"@id\":\"https:\/\/exceladvisor.org\/nl\/spellingscontrole\/\",\"url\":\"https:\/\/exceladvisor.org\/nl\/spellingscontrole\/\",\"name\":\"\u25b7 Hoe spelling controleren in Excel? (Tutorial 2023)\",\"isPartOf\":{\"@id\":\"https:\/\/exceladvisor.org\/nl\/#website\"},\"primaryImageOfPage\":{\"@id\":\"https:\/\/exceladvisor.org\/nl\/spellingscontrole\/#primaryimage\"},\"image\":{\"@id\":\"https:\/\/exceladvisor.org\/nl\/spellingscontrole\/#primaryimage\"},\"thumbnailUrl\":\"https:\/\/exceladvisor.org\/wp-content\/uploads\/2023\/08\/1-verification-orthographique.png\",\"datePublished\":\"2023-11-14T17:14:32+00:00\",\"dateModified\":\"2023-12-06T05:50:22+00:00\",\"description\":\"In deze zelfstudie leren we hoe u de spellingcontrole in Excel kunt uitvoeren, en we leren ook over alle\",\"breadcrumb\":{\"@id\":\"https:\/\/exceladvisor.org\/nl\/spellingscontrole\/#breadcrumb\"},\"inLanguage\":\"nl-NL\",\"potentialAction\":[{\"@type\":\"ReadAction\",\"target\":[\"https:\/\/exceladvisor.org\/nl\/spellingscontrole\/\"]}]},{\"@type\":\"ImageObject\",\"inLanguage\":\"nl-NL\",\"@id\":\"https:\/\/exceladvisor.org\/nl\/spellingscontrole\/#primaryimage\",\"url\":\"https:\/\/exceladvisor.org\/wp-content\/uploads\/2023\/08\/1-verification-orthographique.png\",\"contentUrl\":\"https:\/\/exceladvisor.org\/wp-content\/uploads\/2023\/08\/1-verification-orthographique.png\"},{\"@type\":\"BreadcrumbList\",\"@id\":\"https:\/\/exceladvisor.org\/nl\/spellingscontrole\/#breadcrumb\",\"itemListElement\":[{\"@type\":\"ListItem\",\"position\":1,\"name\":\"Thuis\",\"item\":\"https:\/\/exceladvisor.org\/nl\/\"},{\"@type\":\"ListItem\",\"position\":2,\"name\":\"Hoe spelling controleren in excel?\"}]},{\"@type\":\"WebSite\",\"@id\":\"https:\/\/exceladvisor.org\/nl\/#website\",\"url\":\"https:\/\/exceladvisor.org\/nl\/\",\"name\":\"Excel Advisor\",\"description\":\"Uw gids voor datadominantie\",\"publisher\":{\"@id\":\"https:\/\/exceladvisor.org\/nl\/#organization\"},\"potentialAction\":[{\"@type\":\"SearchAction\",\"target\":{\"@type\":\"EntryPoint\",\"urlTemplate\":\"https:\/\/exceladvisor.org\/nl\/?s={search_term_string}\"},\"query-input\":{\"@type\":\"PropertyValueSpecification\",\"valueRequired\":true,\"valueName\":\"search_term_string\"}}],\"inLanguage\":\"nl-NL\"},{\"@type\":\"Organization\",\"@id\":\"https:\/\/exceladvisor.org\/nl\/#organization\",\"name\":\"Excel Advisor\",\"url\":\"https:\/\/exceladvisor.org\/nl\/\",\"logo\":{\"@type\":\"ImageObject\",\"inLanguage\":\"nl-NL\",\"@id\":\"https:\/\/exceladvisor.org\/nl\/#\/schema\/logo\/image\/\",\"url\":\"https:\/\/exceladvisor.org\/nl\/wp-content\/uploads\/2023\/12\/exceladvisor.org_.png\",\"contentUrl\":\"https:\/\/exceladvisor.org\/nl\/wp-content\/uploads\/2023\/12\/exceladvisor.org_.png\",\"width\":105,\"height\":36,\"caption\":\"Excel Advisor\"},\"image\":{\"@id\":\"https:\/\/exceladvisor.org\/nl\/#\/schema\/logo\/image\/\"}}]}<\/script>\n<!-- \/ Yoast SEO plugin. -->","yoast_head_json":{"title":"\u25b7 Hoe spelling controleren in Excel? (Tutorial 2023)","description":"In deze zelfstudie leren we hoe u de spellingcontrole in Excel kunt uitvoeren, en we leren ook over alle","robots":{"index":"index","follow":"follow","max-snippet":"max-snippet:-1","max-image-preview":"max-image-preview:large","max-video-preview":"max-video-preview:-1"},"canonical":"https:\/\/exceladvisor.org\/nl\/spellingscontrole\/","og_locale":"nl_NL","og_type":"article","og_title":"\u25b7 Hoe spelling controleren in Excel? (Tutorial 2023)","og_description":"In deze zelfstudie leren we hoe u de spellingcontrole in Excel kunt uitvoeren, en we leren ook over alle","og_url":"https:\/\/exceladvisor.org\/nl\/spellingscontrole\/","og_site_name":"Excel Advisor","article_modified_time":"2023-12-06T05:50:22+00:00","og_image":[{"url":"https:\/\/exceladvisor.org\/wp-content\/uploads\/2023\/08\/1-verification-orthographique.png","type":"","width":"","height":""}],"twitter_card":"summary_large_image","twitter_misc":{"Geschatte leestijd":"4 minuten"},"schema":{"@context":"https:\/\/schema.org","@graph":[{"@type":"WebPage","@id":"https:\/\/exceladvisor.org\/nl\/spellingscontrole\/","url":"https:\/\/exceladvisor.org\/nl\/spellingscontrole\/","name":"\u25b7 Hoe spelling controleren in Excel? (Tutorial 2023)","isPartOf":{"@id":"https:\/\/exceladvisor.org\/nl\/#website"},"primaryImageOfPage":{"@id":"https:\/\/exceladvisor.org\/nl\/spellingscontrole\/#primaryimage"},"image":{"@id":"https:\/\/exceladvisor.org\/nl\/spellingscontrole\/#primaryimage"},"thumbnailUrl":"https:\/\/exceladvisor.org\/wp-content\/uploads\/2023\/08\/1-verification-orthographique.png","datePublished":"2023-11-14T17:14:32+00:00","dateModified":"2023-12-06T05:50:22+00:00","description":"In deze zelfstudie leren we hoe u de spellingcontrole in Excel kunt uitvoeren, en we leren ook over alle","breadcrumb":{"@id":"https:\/\/exceladvisor.org\/nl\/spellingscontrole\/#breadcrumb"},"inLanguage":"nl-NL","potentialAction":[{"@type":"ReadAction","target":["https:\/\/exceladvisor.org\/nl\/spellingscontrole\/"]}]},{"@type":"ImageObject","inLanguage":"nl-NL","@id":"https:\/\/exceladvisor.org\/nl\/spellingscontrole\/#primaryimage","url":"https:\/\/exceladvisor.org\/wp-content\/uploads\/2023\/08\/1-verification-orthographique.png","contentUrl":"https:\/\/exceladvisor.org\/wp-content\/uploads\/2023\/08\/1-verification-orthographique.png"},{"@type":"BreadcrumbList","@id":"https:\/\/exceladvisor.org\/nl\/spellingscontrole\/#breadcrumb","itemListElement":[{"@type":"ListItem","position":1,"name":"Thuis","item":"https:\/\/exceladvisor.org\/nl\/"},{"@type":"ListItem","position":2,"name":"Hoe spelling controleren in excel?"}]},{"@type":"WebSite","@id":"https:\/\/exceladvisor.org\/nl\/#website","url":"https:\/\/exceladvisor.org\/nl\/","name":"Excel Advisor","description":"Uw gids voor datadominantie","publisher":{"@id":"https:\/\/exceladvisor.org\/nl\/#organization"},"potentialAction":[{"@type":"SearchAction","target":{"@type":"EntryPoint","urlTemplate":"https:\/\/exceladvisor.org\/nl\/?s={search_term_string}"},"query-input":{"@type":"PropertyValueSpecification","valueRequired":true,"valueName":"search_term_string"}}],"inLanguage":"nl-NL"},{"@type":"Organization","@id":"https:\/\/exceladvisor.org\/nl\/#organization","name":"Excel Advisor","url":"https:\/\/exceladvisor.org\/nl\/","logo":{"@type":"ImageObject","inLanguage":"nl-NL","@id":"https:\/\/exceladvisor.org\/nl\/#\/schema\/logo\/image\/","url":"https:\/\/exceladvisor.org\/nl\/wp-content\/uploads\/2023\/12\/exceladvisor.org_.png","contentUrl":"https:\/\/exceladvisor.org\/nl\/wp-content\/uploads\/2023\/12\/exceladvisor.org_.png","width":105,"height":36,"caption":"Excel Advisor"},"image":{"@id":"https:\/\/exceladvisor.org\/nl\/#\/schema\/logo\/image\/"}}]}},"yoast_meta":{"yoast_wpseo_title":"","yoast_wpseo_metadesc":"","yoast_wpseo_canonical":""},"_links":{"self":[{"href":"https:\/\/exceladvisor.org\/nl\/wp-json\/wp\/v2\/pages\/1634","targetHints":{"allow":["GET"]}}],"collection":[{"href":"https:\/\/exceladvisor.org\/nl\/wp-json\/wp\/v2\/pages"}],"about":[{"href":"https:\/\/exceladvisor.org\/nl\/wp-json\/wp\/v2\/types\/page"}],"author":[{"embeddable":true,"href":"https:\/\/exceladvisor.org\/nl\/wp-json\/wp\/v2\/users\/1"}],"replies":[{"embeddable":true,"href":"https:\/\/exceladvisor.org\/nl\/wp-json\/wp\/v2\/comments?post=1634"}],"version-history":[{"count":1,"href":"https:\/\/exceladvisor.org\/nl\/wp-json\/wp\/v2\/pages\/1634\/revisions"}],"predecessor-version":[{"id":2717,"href":"https:\/\/exceladvisor.org\/nl\/wp-json\/wp\/v2\/pages\/1634\/revisions\/2717"}],"wp:attachment":[{"href":"https:\/\/exceladvisor.org\/nl\/wp-json\/wp\/v2\/media?parent=1634"}],"curies":[{"name":"wp","href":"https:\/\/api.w.org\/{rel}","templated":true}]}}