{"id":1640,"date":"2023-11-14T15:02:28","date_gmt":"2023-11-14T15:02:28","guid":{"rendered":"https:\/\/exceladvisor.org\/nl\/som-van-waarden-tussen-twee-datums\/"},"modified":"2023-12-06T05:52:05","modified_gmt":"2023-12-06T05:52:05","slug":"som-van-waarden-tussen-twee-datums","status":"publish","type":"page","link":"https:\/\/exceladvisor.org\/nl\/som-van-waarden-tussen-twee-datums\/","title":{"rendered":"Hoe voeg ik twee datumtabellen toe?"},"content":{"rendered":"<div class=\"excel-voor-de-inhoud\" id=\"excel-2996899223\"><script type=\"text\/javascript\">\r\n\tatOptions = {\r\n\t\t'key' : 'c1158f160081d6540a8409e6925dab94',\r\n\t\t'format' : 'iframe',\r\n\t\t'height' : 250,\r\n\t\t'width' : 300,\r\n\t\t'params' : {}\r\n\t};\r\n<\/script>\r\n<script type=\"text\/javascript\" src=\"\/\/www.highperformanceformat.com\/c1158f160081d6540a8409e6925dab94\/invoke.js\"><\/script><\/div> <p>Ja, je hebt het goed gehoord. SUMIFS is de eenvoudigste en beste methode om waarden tussen twee datums (dat wil zeggen een datumbereik) toe te voegen.<\/p><p> Laat me je iets vertellen. Stel dat u in een handelsbedrijf werkt en uw baas vraagt u om het totale verkoopbedrag van de afgelopen 15 dagen.<\/p><p> In dit geval moet u het omzetbedrag vanaf de huidige datum tot 15 dagen ervoor, dat wil zeggen tussen twee datums, optellen. Laat me je vertellen hoe. Hier heb je een bereik van twee datums met in totaal 15 dagen en je moet de waarden voor elk daarvan toevoegen.<\/p><p> En met SUMIFS kun je deze twee datums als criteria toevoegen, en het werkt als een bereik en somt alle waarden tussen dat bereik op.<\/p><p class=\"qt-tip\"> <strong>Snelle introductie:<\/strong> SUMIFS kan u helpen waarden toe te voegen door meerdere criteria op te geven. Kortom, het vat alleen cellen samen waarin aan alle voorwaarden is voldaan.<\/p><pre class=\"wp-block-code\"> <code class=\"language-excel-formula\" lang=\"excel-formula\">=SUMIFS(sum_range,range1,criteria1,[range2],[criteria2],\u2026)<\/code><\/pre><p> In de bovenstaande syntaxis moet u eerst verwijzen naar het bereik waarvan u de waarden wilt optellen, vervolgens naar het bereik om de criteria te controleren, en daarna naar dat criterium om te controleren, enzovoort.<\/p><h2 class=\"wp-block-heading\"> Formule om waarden toe te voegen tussen twee datums in Excel<\/h2><p> Hier heb je verkoopgegevens voor de maand januari en moet je de waarden tussen 15 januari 2017 en 25 januari 2017 bij elkaar optellen. <\/p><div class=\"gb-container gb-container-52dfcee1 gb-container-sample-file\"><h2 class=\"gb-headline gb-headline-e289c143 gb-headline-text gb-headline-4f7959c2\"> Haal het Excel-bestand op<\/h2> <a class=\"gb-button gb-button-e88d6bee gb-button-text gb-button-button1\" href=\"https:\/\/exceladvisor.org\/wp-content\/uploads\/2023\/08\/somme-des-valeurs-entre-deux-donnees-de-dates.xlsx\" rel=\"nofollow\">Downloaden<\/a> <\/div><div class=\"wp-block-image\"><figure class=\"aligncenter\"><img decoding=\"async\" src=\"https:\/\/exceladvisor.org\/wp-content\/uploads\/2023\/08\/donnees-pour-additionner-les-valeurs-entre-deux-dates-min-1.png\" sizes=\"\" srcset=\"\" alt=\"gegevens om waarden tussen twee datums toe te voegen met behulp van SUMIFS\"><\/figure><\/div><p> Voeg in cel D2 de onderstaande formule in en druk op Enter:<\/p><pre class=\"wp-block-code\"> <code class=\"language-excel-formula\" lang=\"excel-formula\">=SUMIFS(B2:B31,A2:A31,\"&gt;=15-Jan-2017\",A2:A31,\"&lt;=25-Jan-2017\")<\/code><\/pre><p> Wanneer u op Enter drukt, retourneert deze functie \u20ac15.682 in de cel, wat de som is van het bedrag tussen 15 januari 2017 en 25 januari 2017. En hier in deze berekening heeft u ook de begin- en einddatum opgenomen. <\/p><div class=\"wp-block-image\"><figure class=\"aligncenter\"><img decoding=\"async\" src=\"https:\/\/exceladvisor.org\/wp-content\/uploads\/2023\/08\/formule-pour-additionner-les-valeurs-entre-deux-dates-min-1.png\" sizes=\"\" srcset=\"\" alt=\"formule om waarden tussen twee datums toe te voegen\"><\/figure><\/div><p> Om deze berekening te controleren, selecteert u eenvoudigweg de bedragcellen van 15 januari 2017 tot 25 januari 2017 en controleert u de statusbalk voor de som van deze waarden, of u kunt de waarden ook filteren om dit te controleren. <\/p><div class=\"wp-block-image\"><figure class=\"aligncenter\"><img decoding=\"async\" src=\"https:\/\/exceladvisor.org\/wp-content\/uploads\/2023\/08\/verifier-la-somme-de-la-barre-detat-pour-verifier-que-la-somme-des-valeurs-entre-les-dates-min-1.png\" sizes=\"\" srcset=\"\" alt=\"controleer de som van de statusbalk om te verifi\u00ebren dat de som van de waarden tussen datums is\"><\/figure><\/div><h3 class=\"wp-block-heading\"> Dit is hoe het werkt.<\/h3><p> In deze formule hebben we logische operatoren met SUMIFS gebruikt waarmee we een voorwaarde kunnen toevoegen bij het berekenen van de som. Laten we de formule ontleden om deze te begrijpen. <\/p><div class=\"wp-block-image\"><figure class=\"aligncenter\"><img decoding=\"async\" src=\"https:\/\/exceladvisor.org\/wp-content\/uploads\/2023\/08\/comment-cette-formule-fonctionne-pour-additionner-les-valeurs-entre-deux-dates-min-1.png\" sizes=\"\" srcset=\"\" alt=\"hoe deze formule werkt om de waarden tussen twee datums op te tellen\"><\/figure><\/div><ul><li> Eerst hebben we het bereik B2:B31 gebruikt als som_bereik waar we het bedrag hebben.<\/li><li> <span style=\"color: #000000;\">Daarna<\/span> verwezen we naar A2:A31 als het eerste criteriumbereik en \u201c&gt;=15-Jan-2017\u201d als het eerste criterium.<\/li><li> Vervolgens verwezen we opnieuw naar A2:A31, maar deze keer als het tweede criteriumbereik en \u201c&lt;=25-Jan-2017\u201d als het tweede criterium.<\/li><\/ul><p> Deze twee criteria vertellen de functie daarom om de waarden op te tellen die gelijk zijn aan of groter zijn dan 15 januari 2017 en die gelijk zijn aan of kleiner dan 25 januari 2017.<\/p><p> Dit <strong><span style=\"color: #000000;\">punt is<\/span><\/strong> dus dat we twee verschillende criteria hebben, \u00e9\u00e9n voor de ondergrens en \u00e9\u00e9n voor de bovengrens, waardoor een datumbereik ontstaat. En de functie telt alleen de waarden binnen dat bereik op.<\/p><h2 class=\"wp-block-heading\"> Som van waarden tussen een <span style=\"color: #ea493f;\">dynamisch<\/span> datumbereik<\/h2><p> Het kan voorkomen dat u tussen twee datums continu waarden moet toevoegen. Laten we zeggen dat u de waarden van de afgelopen 7 dagen moet optellen en dat dit dynamisch moet zijn, zodat u elke dag de som van de afgelopen 7 dagen krijgt. De formules zullen dus zijn:<\/p><pre class=\"wp-block-code\"> <code class=\"language-excel-formula\" lang=\"excel-formula\">=SUMIFS(B2:B31,A2:A31,\"&lt;=\"&amp;TODAY(),A2:A31,\"&gt;=\"&amp;(TODAY()-6))<\/code><\/pre><h3 class=\"wp-block-heading\"> Dit is hoe het werkt<\/h3><p> In de bovenstaande formule hebben we de functie VANDAAG gebruikt om de huidige dynamische datum te verkrijgen, die automatisch zal veranderen. Het eerste criterium vertelt de functie om alleen waarden toe te voegen die gelijk zijn aan of kleiner zijn dan de datum van vandaag.<\/p><p> En het <span style=\"color: #000000;\">tweede<\/span> criterium vertelt de functie om alleen waarden toe te voegen die gelijk zijn aan of kleiner zijn dan de datum die zes dagen v\u00f3\u00f3r vandaag ligt.<\/p><p> <span style=\"color: #000000;\"><strong>Nu<\/strong><\/span> zal het bereik van twee datums ongeveer zo zijn, <strong>van vandaag tot zes dagen terug<\/strong> , wat betekent dat je in totaal zeven dagen hebt. En de functie telt alleen de waarden binnen dit bereik op. <\/p><div class=\"gb-container gb-container-9b8f593d gb-container-sample-file\"><h2 class=\"gb-headline gb-headline-e7dd4817 gb-headline-text gb-headline-4f7959c2\"> Haal het Excel-bestand op<\/h2> <a class=\"gb-button gb-button-e0766fef gb-button-text gb-button-button1\" href=\"https:\/\/exceladvisor.org\/wp-content\/uploads\/2023\/08\/somme-des-valeurs-entre-deux-dates-2.xlsx\" rel=\"nofollow\">Downloaden<\/a><\/div><div class=\"gb-container gb-container-0df56012 gb-container-mt\"> <a class=\"gb-button gb-button-f9f432f4 gb-button-text gb-button-mt-button\" href=\"https:\/\/exceladvisor.org\/nl\/formules\/\">Lijst met Excel-formules<\/a><h2 class=\"gb-headline gb-headline-233444e8 gb-headline-text gb-headline-mt-heading\"> Gerelateerde formules <\/h2><div class=\"gb-grid-wrapper gb-grid-wrapper-a16fa65c gb-grid-wrapper-mt-grid\"><div class=\"gb-grid-column gb-grid-column-50d07e0d\"><div class=\"gb-container gb-container-50d07e0d\"><ul><li> <a href=\"https:\/\/exceladvisor.org\/nl\/som-indien-groter-dan\/\">Som groter dan waarden met SUMIF<\/a><\/li><li> <a href=\"https:\/\/exceladvisor.org\/nl\/sumives-niet-gelijk\/\">Som van niet-gelijke waarden (SUMIFS) in Excel<\/a><\/li><li> <a href=\"https:\/\/exceladvisor.org\/nl\/sumif-sumifs-of-logica\/\">SUMIF\/SUMIFS met OR-logica in Excel<\/a><\/li><li> <a href=\"https:\/\/exceladvisor.org\/nl\/sumif-met-jokertekens\/\">SUMIF met jokertekens in Excel<\/a><\/li><li> <a href=\"https:\/\/exceladvisor.org\/nl\/sumif-vlookup\/\">Combineer VERT.ZOEKEN met SUMIF<\/a> <\/li><\/ul><\/div><\/div><div class=\"gb-grid-column gb-grid-column-5b4a0cf9\"><div class=\"gb-container gb-container-5b4a0cf9\"><\/div><\/div><\/div><\/div>","protected":false},"excerpt":{"rendered":"","protected":false},"author":1,"featured_media":0,"parent":0,"menu_order":0,"comment_status":"open","ping_status":"closed","template":"","meta":{"ub_ctt_via":"","footnotes":""},"class_list":["post-1640","page","type-page","status-publish","hentry"],"featured_image_src":null,"yoast_head":"<!-- This site is optimized with the Yoast SEO plugin v25.4 - https:\/\/yoast.com\/wordpress\/plugins\/seo\/ -->\n<title>SUMIFS: Som van waarden tussen twee datumtabellen<\/title>\n<meta name=\"description\" content=\"SUMIFS is de beste manier om waarden toe te voegen als deze tussen twee datums vallen. U hoeft alleen maar de lagere datum te vermelden\" \/>\n<meta name=\"robots\" content=\"index, follow, max-snippet:-1, max-image-preview:large, max-video-preview:-1\" \/>\n<link rel=\"canonical\" href=\"https:\/\/exceladvisor.org\/nl\/som-van-waarden-tussen-twee-datums\/\" \/>\n<meta property=\"og:locale\" content=\"nl_NL\" \/>\n<meta property=\"og:type\" content=\"article\" \/>\n<meta property=\"og:title\" content=\"SUMIFS: Som van waarden tussen twee datumtabellen\" \/>\n<meta property=\"og:description\" content=\"SUMIFS is de beste manier om waarden toe te voegen als deze tussen twee datums vallen. U hoeft alleen maar de lagere datum te vermelden\" \/>\n<meta property=\"og:url\" content=\"https:\/\/exceladvisor.org\/nl\/som-van-waarden-tussen-twee-datums\/\" \/>\n<meta property=\"og:site_name\" content=\"Excel Advisor\" \/>\n<meta property=\"article:modified_time\" content=\"2023-12-06T05:52:05+00:00\" \/>\n<meta property=\"og:image\" content=\"https:\/\/exceladvisor.org\/wp-content\/uploads\/2023\/08\/donnees-pour-additionner-les-valeurs-entre-deux-dates-min-1.png\" \/>\n<meta name=\"twitter:card\" content=\"summary_large_image\" \/>\n<meta name=\"twitter:label1\" content=\"Geschatte leestijd\" \/>\n\t<meta name=\"twitter:data1\" content=\"4 minuten\" \/>\n<script type=\"application\/ld+json\" class=\"yoast-schema-graph\">{\"@context\":\"https:\/\/schema.org\",\"@graph\":[{\"@type\":\"WebPage\",\"@id\":\"https:\/\/exceladvisor.org\/nl\/som-van-waarden-tussen-twee-datums\/\",\"url\":\"https:\/\/exceladvisor.org\/nl\/som-van-waarden-tussen-twee-datums\/\",\"name\":\"SUMIFS: Som van waarden tussen twee datumtabellen\",\"isPartOf\":{\"@id\":\"https:\/\/exceladvisor.org\/nl\/#website\"},\"primaryImageOfPage\":{\"@id\":\"https:\/\/exceladvisor.org\/nl\/som-van-waarden-tussen-twee-datums\/#primaryimage\"},\"image\":{\"@id\":\"https:\/\/exceladvisor.org\/nl\/som-van-waarden-tussen-twee-datums\/#primaryimage\"},\"thumbnailUrl\":\"https:\/\/exceladvisor.org\/wp-content\/uploads\/2023\/08\/donnees-pour-additionner-les-valeurs-entre-deux-dates-min-1.png\",\"datePublished\":\"2023-11-14T15:02:28+00:00\",\"dateModified\":\"2023-12-06T05:52:05+00:00\",\"description\":\"SUMIFS is de beste manier om waarden toe te voegen als deze tussen twee datums vallen. U hoeft alleen maar de lagere datum te vermelden\",\"breadcrumb\":{\"@id\":\"https:\/\/exceladvisor.org\/nl\/som-van-waarden-tussen-twee-datums\/#breadcrumb\"},\"inLanguage\":\"nl-NL\",\"potentialAction\":[{\"@type\":\"ReadAction\",\"target\":[\"https:\/\/exceladvisor.org\/nl\/som-van-waarden-tussen-twee-datums\/\"]}]},{\"@type\":\"ImageObject\",\"inLanguage\":\"nl-NL\",\"@id\":\"https:\/\/exceladvisor.org\/nl\/som-van-waarden-tussen-twee-datums\/#primaryimage\",\"url\":\"https:\/\/exceladvisor.org\/wp-content\/uploads\/2023\/08\/donnees-pour-additionner-les-valeurs-entre-deux-dates-min-1.png\",\"contentUrl\":\"https:\/\/exceladvisor.org\/wp-content\/uploads\/2023\/08\/donnees-pour-additionner-les-valeurs-entre-deux-dates-min-1.png\"},{\"@type\":\"BreadcrumbList\",\"@id\":\"https:\/\/exceladvisor.org\/nl\/som-van-waarden-tussen-twee-datums\/#breadcrumb\",\"itemListElement\":[{\"@type\":\"ListItem\",\"position\":1,\"name\":\"Thuis\",\"item\":\"https:\/\/exceladvisor.org\/nl\/\"},{\"@type\":\"ListItem\",\"position\":2,\"name\":\"Hoe voeg ik twee datumtabellen toe?\"}]},{\"@type\":\"WebSite\",\"@id\":\"https:\/\/exceladvisor.org\/nl\/#website\",\"url\":\"https:\/\/exceladvisor.org\/nl\/\",\"name\":\"Excel Advisor\",\"description\":\"Uw gids voor datadominantie\",\"publisher\":{\"@id\":\"https:\/\/exceladvisor.org\/nl\/#organization\"},\"potentialAction\":[{\"@type\":\"SearchAction\",\"target\":{\"@type\":\"EntryPoint\",\"urlTemplate\":\"https:\/\/exceladvisor.org\/nl\/?s={search_term_string}\"},\"query-input\":{\"@type\":\"PropertyValueSpecification\",\"valueRequired\":true,\"valueName\":\"search_term_string\"}}],\"inLanguage\":\"nl-NL\"},{\"@type\":\"Organization\",\"@id\":\"https:\/\/exceladvisor.org\/nl\/#organization\",\"name\":\"Excel Advisor\",\"url\":\"https:\/\/exceladvisor.org\/nl\/\",\"logo\":{\"@type\":\"ImageObject\",\"inLanguage\":\"nl-NL\",\"@id\":\"https:\/\/exceladvisor.org\/nl\/#\/schema\/logo\/image\/\",\"url\":\"https:\/\/exceladvisor.org\/nl\/wp-content\/uploads\/2023\/12\/exceladvisor.org_.png\",\"contentUrl\":\"https:\/\/exceladvisor.org\/nl\/wp-content\/uploads\/2023\/12\/exceladvisor.org_.png\",\"width\":105,\"height\":36,\"caption\":\"Excel Advisor\"},\"image\":{\"@id\":\"https:\/\/exceladvisor.org\/nl\/#\/schema\/logo\/image\/\"}}]}<\/script>\n<!-- \/ Yoast SEO plugin. -->","yoast_head_json":{"title":"SUMIFS: Som van waarden tussen twee datumtabellen","description":"SUMIFS is de beste manier om waarden toe te voegen als deze tussen twee datums vallen. U hoeft alleen maar de lagere datum te vermelden","robots":{"index":"index","follow":"follow","max-snippet":"max-snippet:-1","max-image-preview":"max-image-preview:large","max-video-preview":"max-video-preview:-1"},"canonical":"https:\/\/exceladvisor.org\/nl\/som-van-waarden-tussen-twee-datums\/","og_locale":"nl_NL","og_type":"article","og_title":"SUMIFS: Som van waarden tussen twee datumtabellen","og_description":"SUMIFS is de beste manier om waarden toe te voegen als deze tussen twee datums vallen. U hoeft alleen maar de lagere datum te vermelden","og_url":"https:\/\/exceladvisor.org\/nl\/som-van-waarden-tussen-twee-datums\/","og_site_name":"Excel Advisor","article_modified_time":"2023-12-06T05:52:05+00:00","og_image":[{"url":"https:\/\/exceladvisor.org\/wp-content\/uploads\/2023\/08\/donnees-pour-additionner-les-valeurs-entre-deux-dates-min-1.png","type":"","width":"","height":""}],"twitter_card":"summary_large_image","twitter_misc":{"Geschatte leestijd":"4 minuten"},"schema":{"@context":"https:\/\/schema.org","@graph":[{"@type":"WebPage","@id":"https:\/\/exceladvisor.org\/nl\/som-van-waarden-tussen-twee-datums\/","url":"https:\/\/exceladvisor.org\/nl\/som-van-waarden-tussen-twee-datums\/","name":"SUMIFS: Som van waarden tussen twee datumtabellen","isPartOf":{"@id":"https:\/\/exceladvisor.org\/nl\/#website"},"primaryImageOfPage":{"@id":"https:\/\/exceladvisor.org\/nl\/som-van-waarden-tussen-twee-datums\/#primaryimage"},"image":{"@id":"https:\/\/exceladvisor.org\/nl\/som-van-waarden-tussen-twee-datums\/#primaryimage"},"thumbnailUrl":"https:\/\/exceladvisor.org\/wp-content\/uploads\/2023\/08\/donnees-pour-additionner-les-valeurs-entre-deux-dates-min-1.png","datePublished":"2023-11-14T15:02:28+00:00","dateModified":"2023-12-06T05:52:05+00:00","description":"SUMIFS is de beste manier om waarden toe te voegen als deze tussen twee datums vallen. U hoeft alleen maar de lagere datum te vermelden","breadcrumb":{"@id":"https:\/\/exceladvisor.org\/nl\/som-van-waarden-tussen-twee-datums\/#breadcrumb"},"inLanguage":"nl-NL","potentialAction":[{"@type":"ReadAction","target":["https:\/\/exceladvisor.org\/nl\/som-van-waarden-tussen-twee-datums\/"]}]},{"@type":"ImageObject","inLanguage":"nl-NL","@id":"https:\/\/exceladvisor.org\/nl\/som-van-waarden-tussen-twee-datums\/#primaryimage","url":"https:\/\/exceladvisor.org\/wp-content\/uploads\/2023\/08\/donnees-pour-additionner-les-valeurs-entre-deux-dates-min-1.png","contentUrl":"https:\/\/exceladvisor.org\/wp-content\/uploads\/2023\/08\/donnees-pour-additionner-les-valeurs-entre-deux-dates-min-1.png"},{"@type":"BreadcrumbList","@id":"https:\/\/exceladvisor.org\/nl\/som-van-waarden-tussen-twee-datums\/#breadcrumb","itemListElement":[{"@type":"ListItem","position":1,"name":"Thuis","item":"https:\/\/exceladvisor.org\/nl\/"},{"@type":"ListItem","position":2,"name":"Hoe voeg ik twee datumtabellen toe?"}]},{"@type":"WebSite","@id":"https:\/\/exceladvisor.org\/nl\/#website","url":"https:\/\/exceladvisor.org\/nl\/","name":"Excel Advisor","description":"Uw gids voor datadominantie","publisher":{"@id":"https:\/\/exceladvisor.org\/nl\/#organization"},"potentialAction":[{"@type":"SearchAction","target":{"@type":"EntryPoint","urlTemplate":"https:\/\/exceladvisor.org\/nl\/?s={search_term_string}"},"query-input":{"@type":"PropertyValueSpecification","valueRequired":true,"valueName":"search_term_string"}}],"inLanguage":"nl-NL"},{"@type":"Organization","@id":"https:\/\/exceladvisor.org\/nl\/#organization","name":"Excel Advisor","url":"https:\/\/exceladvisor.org\/nl\/","logo":{"@type":"ImageObject","inLanguage":"nl-NL","@id":"https:\/\/exceladvisor.org\/nl\/#\/schema\/logo\/image\/","url":"https:\/\/exceladvisor.org\/nl\/wp-content\/uploads\/2023\/12\/exceladvisor.org_.png","contentUrl":"https:\/\/exceladvisor.org\/nl\/wp-content\/uploads\/2023\/12\/exceladvisor.org_.png","width":105,"height":36,"caption":"Excel Advisor"},"image":{"@id":"https:\/\/exceladvisor.org\/nl\/#\/schema\/logo\/image\/"}}]}},"yoast_meta":{"yoast_wpseo_title":"","yoast_wpseo_metadesc":"","yoast_wpseo_canonical":""},"_links":{"self":[{"href":"https:\/\/exceladvisor.org\/nl\/wp-json\/wp\/v2\/pages\/1640","targetHints":{"allow":["GET"]}}],"collection":[{"href":"https:\/\/exceladvisor.org\/nl\/wp-json\/wp\/v2\/pages"}],"about":[{"href":"https:\/\/exceladvisor.org\/nl\/wp-json\/wp\/v2\/types\/page"}],"author":[{"embeddable":true,"href":"https:\/\/exceladvisor.org\/nl\/wp-json\/wp\/v2\/users\/1"}],"replies":[{"embeddable":true,"href":"https:\/\/exceladvisor.org\/nl\/wp-json\/wp\/v2\/comments?post=1640"}],"version-history":[{"count":1,"href":"https:\/\/exceladvisor.org\/nl\/wp-json\/wp\/v2\/pages\/1640\/revisions"}],"predecessor-version":[{"id":2878,"href":"https:\/\/exceladvisor.org\/nl\/wp-json\/wp\/v2\/pages\/1640\/revisions\/2878"}],"wp:attachment":[{"href":"https:\/\/exceladvisor.org\/nl\/wp-json\/wp\/v2\/media?parent=1640"}],"curies":[{"name":"wp","href":"https:\/\/api.w.org\/{rel}","templated":true}]}}