{"id":1641,"date":"2023-11-14T14:51:46","date_gmt":"2023-11-14T14:51:46","guid":{"rendered":"https:\/\/exceladvisor.org\/nl\/verwijder-lege-regels\/"},"modified":"2023-12-06T05:49:46","modified_gmt":"2023-12-06T05:49:46","slug":"verwijder-lege-regels","status":"publish","type":"page","link":"https:\/\/exceladvisor.org\/nl\/verwijder-lege-regels\/","title":{"rendered":"Hoe lege regels in excel te verwijderen?"},"content":{"rendered":"<div class=\"excel-voor-de-inhoud\" id=\"excel-1534026220\"><script type=\"text\/javascript\">\r\n\tatOptions = {\r\n\t\t'key' : 'c1158f160081d6540a8409e6925dab94',\r\n\t\t'format' : 'iframe',\r\n\t\t'height' : 250,\r\n\t\t'width' : 300,\r\n\t\t'params' : {}\r\n\t};\r\n<\/script>\r\n<script type=\"text\/javascript\" src=\"\/\/www.highperformanceformat.com\/c1158f160081d6540a8409e6925dab94\/invoke.js\"><\/script><\/div> <p>In een Excel-werkblad kunnen er lege rijen in de gegevensset voorkomen, wat het navigeren door de gegevens moeilijk kan maken. Excel gebruikt lege cellen en rijen om bereiken te bepalen, zodat ook de formules kunnen worden verbroken.<\/p><p> Maar gebruikers kunnen deze lege regels snel verwijderen omdat Excel verschillende manieren heeft om lege regels te verwijderen. Hieronder vindt u snelle en eenvoudige stappen voor het verwijderen van lege rijen in Excel.<\/p><h2 class=\"wp-block-heading\"> Verwijder lege regels met behulp van de filteroptie<\/h2><p> De filteroptie om lege rijen te verwijderen is een van de gemakkelijkste manieren om lege rijen uit uw gegevensset te verwijderen of te verwijderen.<\/p><ol><li> Selecteer eerst het volledige gegevensbereik, inclusief lege rijen, ga vervolgens naar het tabblad &#8220;Gegevens&#8221; en klik op het pictogram &#8220;Filter&#8221; onder de groep &#8220;Sorteren en filteren&#8221;.<\/li><li> Of selecteer het volledige gegevensbereik, inclusief lege rijen, en druk vervolgens op de sneltoetsen \u201cCtrl+Shift+L\u201d om het filter toe te passen. <br><img loading=\"lazy\" decoding=\"async\" title=\"1-selecteer-het-bereik-inclusief-lege-regels\" src=\"https:\/\/exceladvisor.org\/wp-content\/uploads\/2023\/08\/1-selectionnez-la-plage-comprenant-des-lignes-vides.png\" sizes=\"auto, \" srcset=\"\" alt=\"select-the-range-including-blank-rows\" width=\"540\" height=\"413\"><\/li><li> Zodra u een van de bovenstaande stappen heeft voltooid, worden de filters aan de gegevensbereikkoppen toegevoegd.<\/li><li> Klik nu op een van de toegepaste filterknoppen, schakel vervolgens de optie &#8220;Alles selecteren&#8221; uit het vervolgkeuzemenu met filters uit om alle vooraf geselecteerde opties te deselecteren, vink vervolgens alleen de optie &#8220;Leeg&#8221; aan en druk vervolgens op OK. <br><img loading=\"lazy\" decoding=\"async\" title=\"2-klik-op-de-filterknop\" src=\"https:\/\/exceladvisor.org\/wp-content\/uploads\/2023\/08\/2-cliquez-sur-le-bouton-filtre.png\" sizes=\"auto, \" srcset=\"\" alt=\"click-the-filter-button\" width=\"384\" height=\"483\"><\/li><li> Op dit punt worden de lege rijen eruit gefilterd en hoeft u ze alleen maar allemaal te selecteren en met de rechtermuisknop te klikken en &#8220;Rij verwijderen&#8221; te selecteren of op &#8220;Ctrl + (-) te drukken en uw lege regels worden verwijderd. <br><img loading=\"lazy\" decoding=\"async\" title=\"3 blanco regels gefilterd\" src=\"https:\/\/exceladvisor.org\/wp-content\/uploads\/2023\/08\/3-lignes-vierges-filtrees.png\" sizes=\"auto, \" srcset=\"\" alt=\"filtered-blank-rows\" width=\"333\" height=\"343\"><\/li><li> Klik aan het einde nogmaals op de toegepaste filterknop en vink \u201cAlles selecteren\u201d aan of druk gewoon op de toetsen \u201cCtrl+Shift+L\u201d om het filter te deselecteren en u krijgt uw gesorteerde gegevens. <br><img loading=\"lazy\" decoding=\"async\" title=\"4-check-selecteer-alles-optie\" src=\"https:\/\/exceladvisor.org\/wp-content\/uploads\/2023\/08\/4-coche-selectionner-toutes-les-options.png\" sizes=\"auto, \" srcset=\"\" alt=\"checkmark-select-all-option\" width=\"405\" height=\"443\"><\/li><\/ol><p> Wanneer u een rij verwijdert, verwijdert Excel de hele rij van het werkblad, zelfs als u alleen gegevens in de kolommen A tot en met D hebt, verwijdert Excel de hele rij uit kolom A aan het einde van de kolommen in de bladberekening en kunt u verliezen de waarde als deze zich in de cellen van deze rij bevindt, buiten uw gegevensset.<\/p><p class=\"formula\"> Het is dus aan te raden om uw dataset naar tabelformaat te converteren met behulp van de \u201cCtrl + T\u201d-toetsen, omdat Excel in tabelformaat alleen de rijen van uw geselecteerde tabelgegevens verwijdert.<\/p><h2 class=\"wp-block-heading\"> Verwijder lege rijen met de sorteeroptie<\/h2><ul><li> Selecteer eerst het volledige gegevensbereik, inclusief lege rijen, en ga naar het tabblad \u2018Gegevens\u2019.<\/li><li> Klik daarna op het pictogram &#8220;Sorteren&#8221; onder de groep &#8220;Sorteren en filteren&#8221; en een dialoogvenster &#8220;Sorteren&#8221; wordt geopend.<\/li><li> Selecteer nu de selecties voor het sorteren van gegevens en klik op OK. <em>(In dit voorbeeld hebben we ervoor gekozen om gegevens te sorteren op \u201cMaand\u201d) <br><img loading=\"lazy\" decoding=\"async\" title=\"5 lege regels met sorteeroptie\" src=\"https:\/\/exceladvisor.org\/wp-content\/uploads\/2023\/08\/5-lignes-vides-en-utilisant-loption-de-tri.png\" sizes=\"auto, \" srcset=\"\" alt=\"blank-rows-using-sort-option\" width=\"698\" height=\"369\"><\/em><\/li><li> Op dit punt worden uw gegevens gesorteerd, waarbij lege rijen naar het einde van de gegevensset worden verplaatst. <br><img loading=\"lazy\" decoding=\"async\" title=\"6 gesorteerde gegevens zonder lege rijen\" src=\"https:\/\/exceladvisor.org\/wp-content\/uploads\/2023\/08\/6-donnees-triees-sans-lignes-vides.png\" sizes=\"auto, \" srcset=\"\" alt=\"sorted-data-without-blank-rows\" width=\"356\" height=\"441\"><\/li><\/ul><h2 class=\"wp-block-heading\"> Handmatig lege regels verwijderen<\/h2><p> Het handmatig verwijderen van lege rijen is een goede optie als u een kleine dataset heeft met een paar lege rijen en waarbij u deze lege rijen gemakkelijk op het scherm kunt identificeren.<\/p><ul><li> Selecteer de lege rijen \u00e9\u00e9n voor \u00e9\u00e9n, klik met de rechtermuisknop en selecteer Verwijderen om de geselecteerde lege rij te verwijderen.<\/li><li> Of selecteer alle lege rijen samen, klik vervolgens met de rechtermuisknop en selecteer Verwijderen om alle geselecteerde lege rijen in \u00e9\u00e9n keer te verwijderen. <\/li><\/ul><div class=\"wp-block-image\"><figure class=\"aligncenter size-full is-resized\"><img loading=\"lazy\" decoding=\"async\" class=\"wp-image-66755\" src=\"https:\/\/exceladvisor.org\/wp-content\/uploads\/2023\/08\/7-supprimer-manuellement-les-lignes-vides.png\" sizes=\"auto, \" srcset=\"\" alt=\"verwijder-lege-regels-handmatig\" width=\"360\" height=\"429\"><\/figure><\/div><p> U kunt de sneltoetsen <kbd>Shift<\/kbd> + <kbd>Spatie<\/kbd> gebruiken om de rij te selecteren en vervolgens de toetsen <kbd>Ctrl<\/kbd> + <kbd>-<\/kbd> om die geselecteerde rij te verwijderen.<\/p><h2 class=\"wp-block-heading\"> Verwijder lege regels met Go TO Special<\/h2><ul><li> Selecteer eerst het volledige gegevensbereik en ga naar het tabblad \u201cHome\u201d en klik vervolgens op het pictogram \u201cZoeken en selecteren\u201d.<\/li><li> Klik daarna op de optie &#8220;Ga naar speciaal&#8221; in de vervolgkeuzelijst. <br><img loading=\"lazy\" decoding=\"async\" title=\"8-go-to-special-optie\" src=\"https:\/\/exceladvisor.org\/wp-content\/uploads\/2023\/08\/8-aller-a-loption-speciale.png\" sizes=\"auto, \" srcset=\"\" alt=\"go-to-special-option\" width=\"531\" height=\"402\"><\/li><li> Nadat u op &#8220;Ga naar Speciaal&#8221; klikt, wordt het dialoogvenster &#8220;Ga naar Speciaal&#8221; geopend.<\/li><li> Selecteer nu het keuzerondje &#8220;Leeg&#8221; en klik op OK. U krijgt de geselecteerde lege rijen. <br><img loading=\"lazy\" decoding=\"async\" title=\"9-selecteer-optie-leeg\" src=\"https:\/\/exceladvisor.org\/wp-content\/uploads\/2023\/08\/9-selectionnez-loption-vide.png\" sizes=\"auto, \" srcset=\"\" alt=\"select-blank-option\" width=\"306\" height=\"348\"><\/li><li> Klik aan het einde met de rechtermuisknop en selecteer de optie &#8220;Verwijderen&#8221;. U krijgt de opties in het dialoogvenster &#8220;Verwijderen&#8221; waarin u wordt gevraagd de optie voor celverschuiving te selecteren.<\/li><li> Selecteer &#8220;Cellen omhoog verplaatsen&#8221; en klik op OK. Uw lege rijen worden verwijderd. <br><img loading=\"lazy\" decoding=\"async\" title=\"10-select-shift-cellen-omhoog\" src=\"https:\/\/exceladvisor.org\/wp-content\/uploads\/2023\/08\/10-selectionner-les-cellules-de-decalage-vers-le-haut.png\" sizes=\"auto, \" srcset=\"\" alt=\"select-shift-cells-up\" width=\"184\" height=\"192\"><\/li><\/ul><p class=\"qt-tip\"> <strong>Let op:<\/strong> Ga naar de Speciale optie en selecteer zowel lege rijen als lege kolommen. Dus als uw dataset in een rij een lege kolom bevat, wordt die lege kolom ook verwijderd en vervangen door een andere celwaarde op basis van de offsetcellen. optie die uw gegevens kan verknoeien.<\/p><div class=\"gb-container gb-container-4db6181c gb-container-mt\"> <a class=\"gb-button gb-button-c5897111 gb-button-text gb-button-mt-button\" href=\"https:\/\/exceladvisor.org\/nl\/excel-basisbeginselen\/\">Basiskennis van Microsoft Excel (componenten, onderdelen en kennisnotities)<\/a><h2 class=\"gb-headline gb-headline-665e5f6b gb-headline-text gb-headline-mt-heading\"> Gerelateerde tutorials <\/h2><div class=\"gb-grid-wrapper gb-grid-wrapper-a20baf7c gb-grid-wrapper-mt-grid\"><div class=\"gb-grid-column gb-grid-column-65ddf67e\"><div class=\"gb-container gb-container-65ddf67e\"><ul><li> <a href=\"https:\/\/exceladvisor.org\/nl\/toevoegen-hyperlinks-verwijderen\/\">Hyperlinks toevoegen en verwijderen in Excel<\/a><\/li><li> <a href=\"https:\/\/exceladvisor.org\/nl\/voeg-een-watermerk-toe\/\">Voeg een watermerk toe in Excel<\/a><\/li><li> <a href=\"https:\/\/exceladvisor.org\/nl\/verwijder-verborgen-rijkolommen\/\">Verwijder verborgen rijen in Excel<\/a><\/li><li> <a href=\"https:\/\/exceladvisor.org\/nl\/deselecteer-cellen\/\">Deselecteer cellen in Excel<\/a> <\/li><\/ul><\/div><\/div><div class=\"gb-grid-column gb-grid-column-50067b57\"><div class=\"gb-container gb-container-50067b57\"><ul><li> <a href=\"https:\/\/exceladvisor.org\/nl\/lijnen-verwijderen\/\">Verwijder een rij of meerdere rijen in Excel<\/a><\/li><li> <a href=\"https:\/\/exceladvisor.org\/nl\/kolom-kopieren\/\">Kopieer en plak een kolom in Excel<\/a><\/li><li> <a href=\"https:\/\/exceladvisor.org\/nl\/rij-kolom-verplaatsen\/\">Verplaats een rij en kolom in Excel<\/a><\/li><li> <a href=\"https:\/\/exceladvisor.org\/nl\/kolombreedte\/\">Hoe u de kolombreedte in Excel kunt wijzigen<\/a><\/li><\/ul><\/div><\/div><\/div><\/div>","protected":false},"excerpt":{"rendered":"","protected":false},"author":1,"featured_media":0,"parent":0,"menu_order":0,"comment_status":"open","ping_status":"closed","template":"","meta":{"ub_ctt_via":"","footnotes":""},"class_list":["post-1641","page","type-page","status-publish","hentry"],"featured_image_src":null,"yoast_head":"<!-- This site is optimized with the Yoast SEO plugin v25.4 - https:\/\/yoast.com\/wordpress\/plugins\/seo\/ -->\n<title>Hoe lege regels in Excel te verwijderen? (Tutorial 2023)<\/title>\n<meta name=\"description\" content=\"In deze zelfstudie leert u hoe u lege regels verwijdert met behulp van eenvoudig te volgen en eenvoudig te gebruiken methoden.\" \/>\n<meta name=\"robots\" content=\"index, follow, max-snippet:-1, max-image-preview:large, max-video-preview:-1\" \/>\n<link rel=\"canonical\" href=\"https:\/\/exceladvisor.org\/nl\/verwijder-lege-regels\/\" \/>\n<meta property=\"og:locale\" content=\"nl_NL\" \/>\n<meta property=\"og:type\" content=\"article\" \/>\n<meta property=\"og:title\" content=\"Hoe lege regels in Excel te verwijderen? (Tutorial 2023)\" \/>\n<meta property=\"og:description\" content=\"In deze zelfstudie leert u hoe u lege regels verwijdert met behulp van eenvoudig te volgen en eenvoudig te gebruiken methoden.\" \/>\n<meta property=\"og:url\" content=\"https:\/\/exceladvisor.org\/nl\/verwijder-lege-regels\/\" \/>\n<meta property=\"og:site_name\" content=\"Excel Advisor\" \/>\n<meta property=\"article:modified_time\" content=\"2023-12-06T05:49:46+00:00\" \/>\n<meta property=\"og:image\" content=\"https:\/\/exceladvisor.org\/wp-content\/uploads\/2023\/08\/1-selectionnez-la-plage-comprenant-des-lignes-vides.png\" \/>\n<meta name=\"twitter:card\" content=\"summary_large_image\" \/>\n<meta name=\"twitter:label1\" content=\"Geschatte leestijd\" \/>\n\t<meta name=\"twitter:data1\" content=\"4 minuten\" \/>\n<script type=\"application\/ld+json\" class=\"yoast-schema-graph\">{\"@context\":\"https:\/\/schema.org\",\"@graph\":[{\"@type\":\"WebPage\",\"@id\":\"https:\/\/exceladvisor.org\/nl\/verwijder-lege-regels\/\",\"url\":\"https:\/\/exceladvisor.org\/nl\/verwijder-lege-regels\/\",\"name\":\"Hoe lege regels in Excel te verwijderen? (Tutorial 2023)\",\"isPartOf\":{\"@id\":\"https:\/\/exceladvisor.org\/nl\/#website\"},\"primaryImageOfPage\":{\"@id\":\"https:\/\/exceladvisor.org\/nl\/verwijder-lege-regels\/#primaryimage\"},\"image\":{\"@id\":\"https:\/\/exceladvisor.org\/nl\/verwijder-lege-regels\/#primaryimage\"},\"thumbnailUrl\":\"https:\/\/exceladvisor.org\/wp-content\/uploads\/2023\/08\/1-selectionnez-la-plage-comprenant-des-lignes-vides.png\",\"datePublished\":\"2023-11-14T14:51:46+00:00\",\"dateModified\":\"2023-12-06T05:49:46+00:00\",\"description\":\"In deze zelfstudie leert u hoe u lege regels verwijdert met behulp van eenvoudig te volgen en eenvoudig te gebruiken methoden.\",\"breadcrumb\":{\"@id\":\"https:\/\/exceladvisor.org\/nl\/verwijder-lege-regels\/#breadcrumb\"},\"inLanguage\":\"nl-NL\",\"potentialAction\":[{\"@type\":\"ReadAction\",\"target\":[\"https:\/\/exceladvisor.org\/nl\/verwijder-lege-regels\/\"]}]},{\"@type\":\"ImageObject\",\"inLanguage\":\"nl-NL\",\"@id\":\"https:\/\/exceladvisor.org\/nl\/verwijder-lege-regels\/#primaryimage\",\"url\":\"https:\/\/exceladvisor.org\/wp-content\/uploads\/2023\/08\/1-selectionnez-la-plage-comprenant-des-lignes-vides.png\",\"contentUrl\":\"https:\/\/exceladvisor.org\/wp-content\/uploads\/2023\/08\/1-selectionnez-la-plage-comprenant-des-lignes-vides.png\"},{\"@type\":\"BreadcrumbList\",\"@id\":\"https:\/\/exceladvisor.org\/nl\/verwijder-lege-regels\/#breadcrumb\",\"itemListElement\":[{\"@type\":\"ListItem\",\"position\":1,\"name\":\"Thuis\",\"item\":\"https:\/\/exceladvisor.org\/nl\/\"},{\"@type\":\"ListItem\",\"position\":2,\"name\":\"Hoe lege regels in excel te verwijderen?\"}]},{\"@type\":\"WebSite\",\"@id\":\"https:\/\/exceladvisor.org\/nl\/#website\",\"url\":\"https:\/\/exceladvisor.org\/nl\/\",\"name\":\"Excel Advisor\",\"description\":\"Uw gids voor datadominantie\",\"publisher\":{\"@id\":\"https:\/\/exceladvisor.org\/nl\/#organization\"},\"potentialAction\":[{\"@type\":\"SearchAction\",\"target\":{\"@type\":\"EntryPoint\",\"urlTemplate\":\"https:\/\/exceladvisor.org\/nl\/?s={search_term_string}\"},\"query-input\":{\"@type\":\"PropertyValueSpecification\",\"valueRequired\":true,\"valueName\":\"search_term_string\"}}],\"inLanguage\":\"nl-NL\"},{\"@type\":\"Organization\",\"@id\":\"https:\/\/exceladvisor.org\/nl\/#organization\",\"name\":\"Excel Advisor\",\"url\":\"https:\/\/exceladvisor.org\/nl\/\",\"logo\":{\"@type\":\"ImageObject\",\"inLanguage\":\"nl-NL\",\"@id\":\"https:\/\/exceladvisor.org\/nl\/#\/schema\/logo\/image\/\",\"url\":\"https:\/\/exceladvisor.org\/nl\/wp-content\/uploads\/2023\/12\/exceladvisor.org_.png\",\"contentUrl\":\"https:\/\/exceladvisor.org\/nl\/wp-content\/uploads\/2023\/12\/exceladvisor.org_.png\",\"width\":105,\"height\":36,\"caption\":\"Excel Advisor\"},\"image\":{\"@id\":\"https:\/\/exceladvisor.org\/nl\/#\/schema\/logo\/image\/\"}}]}<\/script>\n<!-- \/ Yoast SEO plugin. -->","yoast_head_json":{"title":"Hoe lege regels in Excel te verwijderen? (Tutorial 2023)","description":"In deze zelfstudie leert u hoe u lege regels verwijdert met behulp van eenvoudig te volgen en eenvoudig te gebruiken methoden.","robots":{"index":"index","follow":"follow","max-snippet":"max-snippet:-1","max-image-preview":"max-image-preview:large","max-video-preview":"max-video-preview:-1"},"canonical":"https:\/\/exceladvisor.org\/nl\/verwijder-lege-regels\/","og_locale":"nl_NL","og_type":"article","og_title":"Hoe lege regels in Excel te verwijderen? (Tutorial 2023)","og_description":"In deze zelfstudie leert u hoe u lege regels verwijdert met behulp van eenvoudig te volgen en eenvoudig te gebruiken methoden.","og_url":"https:\/\/exceladvisor.org\/nl\/verwijder-lege-regels\/","og_site_name":"Excel Advisor","article_modified_time":"2023-12-06T05:49:46+00:00","og_image":[{"url":"https:\/\/exceladvisor.org\/wp-content\/uploads\/2023\/08\/1-selectionnez-la-plage-comprenant-des-lignes-vides.png","type":"","width":"","height":""}],"twitter_card":"summary_large_image","twitter_misc":{"Geschatte leestijd":"4 minuten"},"schema":{"@context":"https:\/\/schema.org","@graph":[{"@type":"WebPage","@id":"https:\/\/exceladvisor.org\/nl\/verwijder-lege-regels\/","url":"https:\/\/exceladvisor.org\/nl\/verwijder-lege-regels\/","name":"Hoe lege regels in Excel te verwijderen? (Tutorial 2023)","isPartOf":{"@id":"https:\/\/exceladvisor.org\/nl\/#website"},"primaryImageOfPage":{"@id":"https:\/\/exceladvisor.org\/nl\/verwijder-lege-regels\/#primaryimage"},"image":{"@id":"https:\/\/exceladvisor.org\/nl\/verwijder-lege-regels\/#primaryimage"},"thumbnailUrl":"https:\/\/exceladvisor.org\/wp-content\/uploads\/2023\/08\/1-selectionnez-la-plage-comprenant-des-lignes-vides.png","datePublished":"2023-11-14T14:51:46+00:00","dateModified":"2023-12-06T05:49:46+00:00","description":"In deze zelfstudie leert u hoe u lege regels verwijdert met behulp van eenvoudig te volgen en eenvoudig te gebruiken methoden.","breadcrumb":{"@id":"https:\/\/exceladvisor.org\/nl\/verwijder-lege-regels\/#breadcrumb"},"inLanguage":"nl-NL","potentialAction":[{"@type":"ReadAction","target":["https:\/\/exceladvisor.org\/nl\/verwijder-lege-regels\/"]}]},{"@type":"ImageObject","inLanguage":"nl-NL","@id":"https:\/\/exceladvisor.org\/nl\/verwijder-lege-regels\/#primaryimage","url":"https:\/\/exceladvisor.org\/wp-content\/uploads\/2023\/08\/1-selectionnez-la-plage-comprenant-des-lignes-vides.png","contentUrl":"https:\/\/exceladvisor.org\/wp-content\/uploads\/2023\/08\/1-selectionnez-la-plage-comprenant-des-lignes-vides.png"},{"@type":"BreadcrumbList","@id":"https:\/\/exceladvisor.org\/nl\/verwijder-lege-regels\/#breadcrumb","itemListElement":[{"@type":"ListItem","position":1,"name":"Thuis","item":"https:\/\/exceladvisor.org\/nl\/"},{"@type":"ListItem","position":2,"name":"Hoe lege regels in excel te verwijderen?"}]},{"@type":"WebSite","@id":"https:\/\/exceladvisor.org\/nl\/#website","url":"https:\/\/exceladvisor.org\/nl\/","name":"Excel Advisor","description":"Uw gids voor datadominantie","publisher":{"@id":"https:\/\/exceladvisor.org\/nl\/#organization"},"potentialAction":[{"@type":"SearchAction","target":{"@type":"EntryPoint","urlTemplate":"https:\/\/exceladvisor.org\/nl\/?s={search_term_string}"},"query-input":{"@type":"PropertyValueSpecification","valueRequired":true,"valueName":"search_term_string"}}],"inLanguage":"nl-NL"},{"@type":"Organization","@id":"https:\/\/exceladvisor.org\/nl\/#organization","name":"Excel Advisor","url":"https:\/\/exceladvisor.org\/nl\/","logo":{"@type":"ImageObject","inLanguage":"nl-NL","@id":"https:\/\/exceladvisor.org\/nl\/#\/schema\/logo\/image\/","url":"https:\/\/exceladvisor.org\/nl\/wp-content\/uploads\/2023\/12\/exceladvisor.org_.png","contentUrl":"https:\/\/exceladvisor.org\/nl\/wp-content\/uploads\/2023\/12\/exceladvisor.org_.png","width":105,"height":36,"caption":"Excel Advisor"},"image":{"@id":"https:\/\/exceladvisor.org\/nl\/#\/schema\/logo\/image\/"}}]}},"yoast_meta":{"yoast_wpseo_title":"","yoast_wpseo_metadesc":"","yoast_wpseo_canonical":""},"_links":{"self":[{"href":"https:\/\/exceladvisor.org\/nl\/wp-json\/wp\/v2\/pages\/1641","targetHints":{"allow":["GET"]}}],"collection":[{"href":"https:\/\/exceladvisor.org\/nl\/wp-json\/wp\/v2\/pages"}],"about":[{"href":"https:\/\/exceladvisor.org\/nl\/wp-json\/wp\/v2\/types\/page"}],"author":[{"embeddable":true,"href":"https:\/\/exceladvisor.org\/nl\/wp-json\/wp\/v2\/users\/1"}],"replies":[{"embeddable":true,"href":"https:\/\/exceladvisor.org\/nl\/wp-json\/wp\/v2\/comments?post=1641"}],"version-history":[{"count":1,"href":"https:\/\/exceladvisor.org\/nl\/wp-json\/wp\/v2\/pages\/1641\/revisions"}],"predecessor-version":[{"id":2645,"href":"https:\/\/exceladvisor.org\/nl\/wp-json\/wp\/v2\/pages\/1641\/revisions\/2645"}],"wp:attachment":[{"href":"https:\/\/exceladvisor.org\/nl\/wp-json\/wp\/v2\/media?parent=1641"}],"curies":[{"name":"wp","href":"https:\/\/api.w.org\/{rel}","templated":true}]}}