{"id":1643,"date":"2023-11-14T12:32:07","date_gmt":"2023-11-14T12:32:07","guid":{"rendered":"https:\/\/exceladvisor.org\/nl\/lijnen-verwijderen\/"},"modified":"2023-12-06T05:51:18","modified_gmt":"2023-12-06T05:51:18","slug":"lijnen-verwijderen","status":"publish","type":"page","link":"https:\/\/exceladvisor.org\/nl\/lijnen-verwijderen\/","title":{"rendered":"Hoe verwijder ik een enkele rij\/meerdere rijen in excel?"},"content":{"rendered":"<div class=\"excel-voor-de-inhoud\" id=\"excel-1376391616\"><script type=\"text\/javascript\">\r\n\tatOptions = {\r\n\t\t'key' : 'c1158f160081d6540a8409e6925dab94',\r\n\t\t'format' : 'iframe',\r\n\t\t'height' : 250,\r\n\t\t'width' : 300,\r\n\t\t'params' : {}\r\n\t};\r\n<\/script>\r\n<script type=\"text\/javascript\" src=\"\/\/www.highperformanceformat.com\/c1158f160081d6540a8409e6925dab94\/invoke.js\"><\/script><\/div> <p>Wanneer u in Excel werkt, kan het voorkomen dat u een rij of meerdere rijen uit uw spreadsheet moet verwijderen. In deze tutorial bespreken we de verschillende methoden hiervoor.<\/p><p> Laten we elke methode \u00e9\u00e9n voor \u00e9\u00e9n begrijpen.<\/p><h2 class=\"wp-block-heading\"> Stappen om \u00e9\u00e9n rij te verwijderen <\/h2><div class=\"wp-block-image\"><figure class=\"aligncenter size-full is-resized\"><img loading=\"lazy\" decoding=\"async\" class=\"wp-image-70193\" src=\"https:\/\/exceladvisor.org\/wp-content\/uploads\/2023\/08\/supprimer-une-seule-ligne.gif\" sizes=\"auto, \" srcset=\"\" alt=\"verwijder een enkele regel\" width=\"365\" height=\"466\"><\/figure><\/div><ol type=\"1\"><li> Plaats eerst de cursor op de rijkop die u uit het werkblad wilt verwijderen.<\/li><li> Druk vervolgens op de rechtermuisknop op uw muis.<\/li><li> Vanaf hier moet u de verwijderoptie gebruiken.<\/li><li> Klik daarom op de verwijderoptie om de rij uit het werkblad te verwijderen.<\/li><\/ol><h2 class=\"wp-block-heading\"> Stappen om meerdere doorlopende lijnen te verwijderen<\/h2><p> Als u meerdere rijen tegelijk in uw spreadsheet wilt verwijderen. Volg dan de onderstaande stappen: <\/p><div class=\"wp-block-image\"><figure class=\"aligncenter size-full is-resized\"><img loading=\"lazy\" decoding=\"async\" class=\"wp-image-70194\" src=\"https:\/\/exceladvisor.org\/wp-content\/uploads\/2023\/08\/supprimer-plusieurs-lignes-continues.gif\" sizes=\"auto, \" srcset=\"\" alt=\"verwijder meerdere doorlopende regels\" width=\"352\" height=\"368\"><\/figure><\/div><ol type=\"1\"><li> Selecteer eerst alle rijen die u uit de rijkop wilt verwijderen.<\/li><li> Klik vervolgens met de rechtermuisknop op een van de beoogde rijen.<\/li><li> En klik nu op de verwijderoptie in het menu.<\/li><li> Zodra u op de verwijderoptie klikt, ziet u dat alle geselecteerde rijen met succes uit het werkblad zijn verwijderd.<\/li><\/ol><h2 class=\"wp-block-heading\"> Verwijder meerdere niet-doorlopende lijnen<\/h2><p> Het verwijderen van meerdere niet-aangrenzende rijen van het blad is eenvoudig en spannend om te doen. Hieronder staan de stappen hiervoor: <\/p><div class=\"wp-block-image\"><figure class=\"aligncenter size-full is-resized\"><img loading=\"lazy\" decoding=\"async\" class=\"wp-image-70195\" src=\"https:\/\/exceladvisor.org\/wp-content\/uploads\/2023\/08\/supprimer-plusieurs-lignes-non-continues.gif\" sizes=\"auto, \" srcset=\"\" alt=\"verwijder-meerdere-niet-doorlopende-regels\" width=\"445\" height=\"397\"><\/figure><\/div><ol><li> Selecteer in eerste instantie al deze niet-aangrenzende lijnen \u00e9\u00e9n voor \u00e9\u00e9n door de Ctrl-toets ingedrukt te houden.<\/li><li> Verplaats daarna de cursor naar de koptekst van een van deze regels.<\/li><li> Klik er nu met de rechtermuisknop op en klik op de optie <strong>Verwijderen<\/strong> .<\/li><li> Op het moment dat u op verwijderen klikt; het zal alle geselecteerde niet-doorlopende lijnen verwijderen.<\/li><\/ol><h2 class=\"wp-block-heading\"> Rijen verwijderen met een lintopdracht<\/h2><p> Een andere manier om rijen uit het werkblad te verwijderen is ook erg snel en spannend. Hier zijn de stappen daarvoor. <\/p><div class=\"wp-block-image\"><figure class=\"aligncenter size-full is-resized\"><img loading=\"lazy\" decoding=\"async\" class=\"wp-image-70196\" src=\"https:\/\/exceladvisor.org\/wp-content\/uploads\/2023\/08\/supprimer-des-lignes-a-laide-du-ruban.gif\" sizes=\"auto, \" srcset=\"\" alt=\"verwijder regels met behulp van het lint\" width=\"800\" height=\"361\"><\/figure><\/div><ol><li> Om de rij in Excel te verwijderen, selecteert u eerst (de meerdere rij(en)) die u wilt verwijderen.<\/li><li> Klik nu op het tabblad Start van het lint op de cellen en klik vervolgens op Verwijderen.<\/li><li> Selecteer daarna de optie <strong>Bladrijen verwijderen<\/strong> in de vervolgkeuzelijst.<\/li><li> Zodra u erop klikt, ziet u dat alle geselecteerde rijen van het blad worden verwijderd.<\/li><\/ol><p> U kunt ook de sneltoets Ctrl+ (-) gebruiken om snel regels te verwijderen.<\/p><h2 class=\"wp-block-heading\"> Conclusie<\/h2><p> Hier is dus de lijst met manieren om een snelkoppeling op te nemen om de rijen te verwijderen die u niet in uw spreadsheet wilt hebben. Bovendien helpt het u ook tijd te besparen en dingen beter te doen.<\/p><p> Vertel me nu \u00e9\u00e9n ding. \u201cWelke methode heeft jouw voorkeur?\u201d \u00bb Stuur mij een e-mail in het opmerkingenveld hieronder, ik hoor graag van je.<\/p><div class=\"gb-container gb-container-4db6181c gb-container-mt\"> <a class=\"gb-button gb-button-c5897111 gb-button-text gb-button-mt-button\" href=\"https:\/\/exceladvisor.org\/nl\/excel-basisbeginselen\/\">Basiskennis van Microsoft Excel (componenten, onderdelen en kennisnotities)<\/a><h2 class=\"gb-headline gb-headline-665e5f6b gb-headline-text gb-headline-mt-heading\"> Gerelateerde tutorials <\/h2><div class=\"gb-grid-wrapper gb-grid-wrapper-a20baf7c gb-grid-wrapper-mt-grid\"><div class=\"gb-grid-column gb-grid-column-65ddf67e\"><div class=\"gb-container gb-container-65ddf67e\"><ul><li> <a href=\"https:\/\/exceladvisor.org\/nl\/toevoegen-hyperlinks-verwijderen\/\">Hyperlinks toevoegen en verwijderen in Excel<\/a><\/li><li> <a href=\"https:\/\/exceladvisor.org\/nl\/voeg-een-watermerk-toe\/\">Voeg een watermerk toe in Excel<\/a><\/li><li> <a href=\"https:\/\/exceladvisor.org\/nl\/verwijder-verborgen-rijkolommen\/\">Verwijder verborgen rijen in Excel<\/a><\/li><li> <a href=\"https:\/\/exceladvisor.org\/nl\/deselecteer-cellen\/\">Deselecteer cellen in Excel<\/a><\/li><li> <a href=\"https:\/\/exceladvisor.org\/nl\/voeg-een-kolom-toe\/\">Voeg een kolom toe in Excel<\/a> <\/li><\/ul><\/div><\/div><div class=\"gb-grid-column gb-grid-column-50067b57\"><div class=\"gb-container gb-container-50067b57\"><ul><li> <a href=\"https:\/\/exceladvisor.org\/nl\/kolom-kopieren\/\">Kopieer en plak een kolom in Excel<\/a><\/li><li> <a href=\"https:\/\/exceladvisor.org\/nl\/rij-kolom-verplaatsen\/\">Verplaats een rij en kolom in Excel<\/a><\/li><li> <a href=\"https:\/\/exceladvisor.org\/nl\/kolombreedte\/\">Hoe u de kolombreedte in Excel kunt wijzigen<\/a><\/li><li> <a href=\"https:\/\/exceladvisor.org\/nl\/verwissel-de-cel\/\">Verwissel snel twee cellen in Excel<\/a><\/li><li> <a href=\"https:\/\/exceladvisor.org\/nl\/kolom-2\/\">Wat is een kolom in Excel<\/a><\/li><\/ul><\/div><\/div><\/div><\/div>","protected":false},"excerpt":{"rendered":"","protected":false},"author":1,"featured_media":0,"parent":0,"menu_order":0,"comment_status":"open","ping_status":"closed","template":"","meta":{"ub_ctt_via":"","footnotes":""},"class_list":["post-1643","page","type-page","status-publish","hentry"],"featured_image_src":null,"yoast_head":"<!-- This site is optimized with the Yoast SEO plugin v25.4 - https:\/\/yoast.com\/wordpress\/plugins\/seo\/ -->\n<title>Hoe verwijder ik een enkele rij \/ meerdere rijen in Excel?<\/title>\n<meta name=\"description\" content=\"In deze zelfstudie leren we hoe u enkele en meerdere rijen in Excel kunt verwijderen. Lees zeker de volledige blog voor\" \/>\n<meta name=\"robots\" content=\"index, follow, max-snippet:-1, max-image-preview:large, max-video-preview:-1\" \/>\n<link rel=\"canonical\" href=\"https:\/\/exceladvisor.org\/nl\/lijnen-verwijderen\/\" \/>\n<meta property=\"og:locale\" content=\"nl_NL\" \/>\n<meta property=\"og:type\" content=\"article\" \/>\n<meta property=\"og:title\" content=\"Hoe verwijder ik een enkele rij \/ meerdere rijen in Excel?\" \/>\n<meta property=\"og:description\" content=\"In deze zelfstudie leren we hoe u enkele en meerdere rijen in Excel kunt verwijderen. Lees zeker de volledige blog voor\" \/>\n<meta property=\"og:url\" content=\"https:\/\/exceladvisor.org\/nl\/lijnen-verwijderen\/\" \/>\n<meta property=\"og:site_name\" content=\"Excel Advisor\" \/>\n<meta property=\"article:modified_time\" content=\"2023-12-06T05:51:18+00:00\" \/>\n<meta property=\"og:image\" content=\"https:\/\/exceladvisor.org\/wp-content\/uploads\/2023\/08\/supprimer-une-seule-ligne.gif\" \/>\n<meta name=\"twitter:card\" content=\"summary_large_image\" \/>\n<meta name=\"twitter:label1\" content=\"Geschatte leestijd\" \/>\n\t<meta name=\"twitter:data1\" content=\"2 minuten\" \/>\n<script type=\"application\/ld+json\" class=\"yoast-schema-graph\">{\"@context\":\"https:\/\/schema.org\",\"@graph\":[{\"@type\":\"WebPage\",\"@id\":\"https:\/\/exceladvisor.org\/nl\/lijnen-verwijderen\/\",\"url\":\"https:\/\/exceladvisor.org\/nl\/lijnen-verwijderen\/\",\"name\":\"Hoe verwijder ik een enkele rij \/ meerdere rijen in Excel?\",\"isPartOf\":{\"@id\":\"https:\/\/exceladvisor.org\/nl\/#website\"},\"primaryImageOfPage\":{\"@id\":\"https:\/\/exceladvisor.org\/nl\/lijnen-verwijderen\/#primaryimage\"},\"image\":{\"@id\":\"https:\/\/exceladvisor.org\/nl\/lijnen-verwijderen\/#primaryimage\"},\"thumbnailUrl\":\"https:\/\/exceladvisor.org\/wp-content\/uploads\/2023\/08\/supprimer-une-seule-ligne.gif\",\"datePublished\":\"2023-11-14T12:32:07+00:00\",\"dateModified\":\"2023-12-06T05:51:18+00:00\",\"description\":\"In deze zelfstudie leren we hoe u enkele en meerdere rijen in Excel kunt verwijderen. Lees zeker de volledige blog voor\",\"breadcrumb\":{\"@id\":\"https:\/\/exceladvisor.org\/nl\/lijnen-verwijderen\/#breadcrumb\"},\"inLanguage\":\"nl-NL\",\"potentialAction\":[{\"@type\":\"ReadAction\",\"target\":[\"https:\/\/exceladvisor.org\/nl\/lijnen-verwijderen\/\"]}]},{\"@type\":\"ImageObject\",\"inLanguage\":\"nl-NL\",\"@id\":\"https:\/\/exceladvisor.org\/nl\/lijnen-verwijderen\/#primaryimage\",\"url\":\"https:\/\/exceladvisor.org\/wp-content\/uploads\/2023\/08\/supprimer-une-seule-ligne.gif\",\"contentUrl\":\"https:\/\/exceladvisor.org\/wp-content\/uploads\/2023\/08\/supprimer-une-seule-ligne.gif\"},{\"@type\":\"BreadcrumbList\",\"@id\":\"https:\/\/exceladvisor.org\/nl\/lijnen-verwijderen\/#breadcrumb\",\"itemListElement\":[{\"@type\":\"ListItem\",\"position\":1,\"name\":\"Thuis\",\"item\":\"https:\/\/exceladvisor.org\/nl\/\"},{\"@type\":\"ListItem\",\"position\":2,\"name\":\"Hoe verwijder ik een enkele rij\/meerdere rijen in excel?\"}]},{\"@type\":\"WebSite\",\"@id\":\"https:\/\/exceladvisor.org\/nl\/#website\",\"url\":\"https:\/\/exceladvisor.org\/nl\/\",\"name\":\"Excel Advisor\",\"description\":\"Uw gids voor datadominantie\",\"publisher\":{\"@id\":\"https:\/\/exceladvisor.org\/nl\/#organization\"},\"potentialAction\":[{\"@type\":\"SearchAction\",\"target\":{\"@type\":\"EntryPoint\",\"urlTemplate\":\"https:\/\/exceladvisor.org\/nl\/?s={search_term_string}\"},\"query-input\":{\"@type\":\"PropertyValueSpecification\",\"valueRequired\":true,\"valueName\":\"search_term_string\"}}],\"inLanguage\":\"nl-NL\"},{\"@type\":\"Organization\",\"@id\":\"https:\/\/exceladvisor.org\/nl\/#organization\",\"name\":\"Excel Advisor\",\"url\":\"https:\/\/exceladvisor.org\/nl\/\",\"logo\":{\"@type\":\"ImageObject\",\"inLanguage\":\"nl-NL\",\"@id\":\"https:\/\/exceladvisor.org\/nl\/#\/schema\/logo\/image\/\",\"url\":\"https:\/\/exceladvisor.org\/nl\/wp-content\/uploads\/2023\/12\/exceladvisor.org_.png\",\"contentUrl\":\"https:\/\/exceladvisor.org\/nl\/wp-content\/uploads\/2023\/12\/exceladvisor.org_.png\",\"width\":105,\"height\":36,\"caption\":\"Excel Advisor\"},\"image\":{\"@id\":\"https:\/\/exceladvisor.org\/nl\/#\/schema\/logo\/image\/\"}}]}<\/script>\n<!-- \/ Yoast SEO plugin. -->","yoast_head_json":{"title":"Hoe verwijder ik een enkele rij \/ meerdere rijen in Excel?","description":"In deze zelfstudie leren we hoe u enkele en meerdere rijen in Excel kunt verwijderen. Lees zeker de volledige blog voor","robots":{"index":"index","follow":"follow","max-snippet":"max-snippet:-1","max-image-preview":"max-image-preview:large","max-video-preview":"max-video-preview:-1"},"canonical":"https:\/\/exceladvisor.org\/nl\/lijnen-verwijderen\/","og_locale":"nl_NL","og_type":"article","og_title":"Hoe verwijder ik een enkele rij \/ meerdere rijen in Excel?","og_description":"In deze zelfstudie leren we hoe u enkele en meerdere rijen in Excel kunt verwijderen. Lees zeker de volledige blog voor","og_url":"https:\/\/exceladvisor.org\/nl\/lijnen-verwijderen\/","og_site_name":"Excel Advisor","article_modified_time":"2023-12-06T05:51:18+00:00","og_image":[{"url":"https:\/\/exceladvisor.org\/wp-content\/uploads\/2023\/08\/supprimer-une-seule-ligne.gif","type":"","width":"","height":""}],"twitter_card":"summary_large_image","twitter_misc":{"Geschatte leestijd":"2 minuten"},"schema":{"@context":"https:\/\/schema.org","@graph":[{"@type":"WebPage","@id":"https:\/\/exceladvisor.org\/nl\/lijnen-verwijderen\/","url":"https:\/\/exceladvisor.org\/nl\/lijnen-verwijderen\/","name":"Hoe verwijder ik een enkele rij \/ meerdere rijen in Excel?","isPartOf":{"@id":"https:\/\/exceladvisor.org\/nl\/#website"},"primaryImageOfPage":{"@id":"https:\/\/exceladvisor.org\/nl\/lijnen-verwijderen\/#primaryimage"},"image":{"@id":"https:\/\/exceladvisor.org\/nl\/lijnen-verwijderen\/#primaryimage"},"thumbnailUrl":"https:\/\/exceladvisor.org\/wp-content\/uploads\/2023\/08\/supprimer-une-seule-ligne.gif","datePublished":"2023-11-14T12:32:07+00:00","dateModified":"2023-12-06T05:51:18+00:00","description":"In deze zelfstudie leren we hoe u enkele en meerdere rijen in Excel kunt verwijderen. Lees zeker de volledige blog voor","breadcrumb":{"@id":"https:\/\/exceladvisor.org\/nl\/lijnen-verwijderen\/#breadcrumb"},"inLanguage":"nl-NL","potentialAction":[{"@type":"ReadAction","target":["https:\/\/exceladvisor.org\/nl\/lijnen-verwijderen\/"]}]},{"@type":"ImageObject","inLanguage":"nl-NL","@id":"https:\/\/exceladvisor.org\/nl\/lijnen-verwijderen\/#primaryimage","url":"https:\/\/exceladvisor.org\/wp-content\/uploads\/2023\/08\/supprimer-une-seule-ligne.gif","contentUrl":"https:\/\/exceladvisor.org\/wp-content\/uploads\/2023\/08\/supprimer-une-seule-ligne.gif"},{"@type":"BreadcrumbList","@id":"https:\/\/exceladvisor.org\/nl\/lijnen-verwijderen\/#breadcrumb","itemListElement":[{"@type":"ListItem","position":1,"name":"Thuis","item":"https:\/\/exceladvisor.org\/nl\/"},{"@type":"ListItem","position":2,"name":"Hoe verwijder ik een enkele rij\/meerdere rijen in excel?"}]},{"@type":"WebSite","@id":"https:\/\/exceladvisor.org\/nl\/#website","url":"https:\/\/exceladvisor.org\/nl\/","name":"Excel Advisor","description":"Uw gids voor datadominantie","publisher":{"@id":"https:\/\/exceladvisor.org\/nl\/#organization"},"potentialAction":[{"@type":"SearchAction","target":{"@type":"EntryPoint","urlTemplate":"https:\/\/exceladvisor.org\/nl\/?s={search_term_string}"},"query-input":{"@type":"PropertyValueSpecification","valueRequired":true,"valueName":"search_term_string"}}],"inLanguage":"nl-NL"},{"@type":"Organization","@id":"https:\/\/exceladvisor.org\/nl\/#organization","name":"Excel Advisor","url":"https:\/\/exceladvisor.org\/nl\/","logo":{"@type":"ImageObject","inLanguage":"nl-NL","@id":"https:\/\/exceladvisor.org\/nl\/#\/schema\/logo\/image\/","url":"https:\/\/exceladvisor.org\/nl\/wp-content\/uploads\/2023\/12\/exceladvisor.org_.png","contentUrl":"https:\/\/exceladvisor.org\/nl\/wp-content\/uploads\/2023\/12\/exceladvisor.org_.png","width":105,"height":36,"caption":"Excel Advisor"},"image":{"@id":"https:\/\/exceladvisor.org\/nl\/#\/schema\/logo\/image\/"}}]}},"yoast_meta":{"yoast_wpseo_title":"","yoast_wpseo_metadesc":"","yoast_wpseo_canonical":""},"_links":{"self":[{"href":"https:\/\/exceladvisor.org\/nl\/wp-json\/wp\/v2\/pages\/1643","targetHints":{"allow":["GET"]}}],"collection":[{"href":"https:\/\/exceladvisor.org\/nl\/wp-json\/wp\/v2\/pages"}],"about":[{"href":"https:\/\/exceladvisor.org\/nl\/wp-json\/wp\/v2\/types\/page"}],"author":[{"embeddable":true,"href":"https:\/\/exceladvisor.org\/nl\/wp-json\/wp\/v2\/users\/1"}],"replies":[{"embeddable":true,"href":"https:\/\/exceladvisor.org\/nl\/wp-json\/wp\/v2\/comments?post=1643"}],"version-history":[{"count":1,"href":"https:\/\/exceladvisor.org\/nl\/wp-json\/wp\/v2\/pages\/1643\/revisions"}],"predecessor-version":[{"id":2830,"href":"https:\/\/exceladvisor.org\/nl\/wp-json\/wp\/v2\/pages\/1643\/revisions\/2830"}],"wp:attachment":[{"href":"https:\/\/exceladvisor.org\/nl\/wp-json\/wp\/v2\/media?parent=1643"}],"curies":[{"name":"wp","href":"https:\/\/api.w.org\/{rel}","templated":true}]}}