{"id":1649,"date":"2023-11-13T21:20:58","date_gmt":"2023-11-13T21:20:58","guid":{"rendered":"https:\/\/exceladvisor.org\/nl\/waarden-plakken-zonder-opmaak\/"},"modified":"2023-12-06T05:52:20","modified_gmt":"2023-12-06T05:52:20","slug":"waarden-plakken-zonder-opmaak","status":"publish","type":"page","link":"https:\/\/exceladvisor.org\/nl\/waarden-plakken-zonder-opmaak\/","title":{"rendered":"Hoe waarden kopi\u00ebren en plakken zonder opmaak?"},"content":{"rendered":"<div class=\"excel-voor-de-inhoud\" id=\"excel-4117094819\"><script type=\"text\/javascript\">\r\n\tatOptions = {\r\n\t\t'key' : 'c1158f160081d6540a8409e6925dab94',\r\n\t\t'format' : 'iframe',\r\n\t\t'height' : 250,\r\n\t\t'width' : 300,\r\n\t\t'params' : {}\r\n\t};\r\n<\/script>\r\n<script type=\"text\/javascript\" src=\"\/\/www.highperformanceformat.com\/c1158f160081d6540a8409e6925dab94\/invoke.js\"><\/script><\/div> <p>Zoals jullie allemaal weten, is kopi\u00ebren en plakken een veel voorkomende zaak die iedereen doet tijdens het werken met gegevens en soms wil je gegevens kopi\u00ebren en plakken waarop opmaak is toegepast, maar je wilt alleen de waarden daarvan plakken en hiervoor heeft Excel verschillende manieren om dit te doen.<\/p><p> In deze zelfstudie laten we u verschillende manieren zien om waarden alleen te kopi\u00ebren en te plakken zonder opmaak.<\/p><h2 class=\"wp-block-heading\"> Stappen om waarden alleen te kopi\u00ebren en te plakken met de speciale optie Plakken<\/h2><ol><li> Selecteer eerst de cel of het celbereik dat u wilt kopi\u00ebren en plakken.<\/li><li> Druk daarna op de sneltoetsen &#8220;CTRL + C&#8221; of klik met de rechtermuisknop en selecteer de optie &#8220;Kopi\u00ebren&#8221; in de vervolgkeuzelijst om de geselecteerde cellen te kopi\u00ebren. <br><img loading=\"lazy\" decoding=\"async\" title=\"1-kopieer-plak-alleen-waarden\" src=\"https:\/\/exceladvisor.org\/wp-content\/uploads\/2023\/08\/1-copier-et-coller-uniquement-les-valeurs.png\" sizes=\"auto, \" srcset=\"\" alt=\"copy-and-paste-values-only\" width=\"448\" height=\"393\"><\/li><li> Zodra uw gegevens zijn geselecteerd, begint Excel de gemarkeerde rand in het geselecteerde gebied weer te geven, zoals weergegeven in de onderstaande afbeelding. <br><img loading=\"lazy\" decoding=\"async\" title=\"2 geselecteerde gegevensbereiken\" src=\"https:\/\/exceladvisor.org\/wp-content\/uploads\/2023\/08\/2-plage-de-donnees-selectionnee.png\" sizes=\"auto, \" srcset=\"\" alt=\"selected-data-range\" width=\"405\" height=\"223\"><\/li><li> Ga nu naar de cel waar u de gekopieerde gegevens wilt plakken, klik met de rechtermuisknop en kies de optie \u201c123\u201d (Waarden) en uw gegevens worden als waarden geplakt. <br><img loading=\"lazy\" decoding=\"async\" title=\"Optie 3 keuzewaarden\" src=\"https:\/\/exceladvisor.org\/wp-content\/uploads\/2023\/08\/3-choisir-loption-des-valeurs.png\" sizes=\"auto, \" srcset=\"\" alt=\"choose-values-option\" width=\"613\" height=\"253\"><\/li><li> Of ga naar de cel waar u de gekopieerde gegevens wilt plakken en ga naar het tabblad &#8220;Home&#8221; en klik op het pictogram &#8220;Plakken&#8221; en kunt vanaf daar de optie &#8220;123&#8221;-waarden kiezen en uw gegevens worden als waarden geplakt. <br><img loading=\"lazy\" decoding=\"async\" title=\"4-kies-alleen-plakken-waarden\" src=\"https:\/\/exceladvisor.org\/wp-content\/uploads\/2023\/08\/4-choisir-uniquement-les-valeurs-de-collage.png\" sizes=\"auto, \" srcset=\"\" alt=\"choose-paste-values-only\" width=\"564\" height=\"354\"><\/li><\/ol><h2 class=\"wp-block-heading\"> Kopieer en plak waarden met behulp van slepen en neerzetten<\/h2><p> Excel heeft ook een zeer snelle en gemakkelijke drag-and-drop-functionaliteit om de gekopieerde gegevens alleen als waarden te plakken. Volg hiervoor de onderstaande stappen:<\/p><ol><li> Selecteer eerst de cel of het celbereik dat u wilt kopi\u00ebren en plakken.<\/li><li> Beweeg daarna uw muis over de rand van het geselecteerde bereik. <br><img loading=\"lazy\" decoding=\"async\" title=\"5-zweefmuis-op-de-bereikgrens\" src=\"https:\/\/exceladvisor.org\/wp-content\/uploads\/2023\/08\/5-survolez-la-souris-sur-la-bordure-de-la-plage.png\" sizes=\"auto, \" srcset=\"\" alt=\"hover-mouse-on-the-range-border\" width=\"408\" height=\"227\"><\/li><li> Klik nu met de rechtermuisknop, houd ingedrukt en sleep het bereik naar de cel waar u het wilt plakken, en laat vervolgens de rechtermuisknop los.<\/li><li> Zodra u de rechterknop loslaat, krijgt u het vervolgkeuzemenu met de meerdere opties en klikt u vanaf daar op \u201cAlleen hier kopi\u00ebren als waarden\u201d. <br><img loading=\"lazy\" decoding=\"async\" title=\"6-kopieer-hier-alleen-als-waarden\" src=\"https:\/\/exceladvisor.org\/wp-content\/uploads\/2023\/08\/6-copier-ici-en-tant-que-valeurs-uniquement.png\" sizes=\"auto, \" srcset=\"\" alt=\"copy-here-as-values-only\" width=\"540\" height=\"339\"><\/li><li> Op het moment dat u op de optie \u201cKopieer hier alleen als waarden\u201d klikt, worden de gekopieerde gegevens alleen als waarden geplakt. <br><img loading=\"lazy\" decoding=\"async\" title=\"7-gegevens-alleen-geplakt-als-waarden\" src=\"https:\/\/exceladvisor.org\/wp-content\/uploads\/2023\/08\/7-donnees-collees-en-tant-que-valeurs-uniquement.png\" sizes=\"auto, \" srcset=\"\" alt=\"data-pasted-as-values-only\" width=\"611\" height=\"233\"><\/li><\/ol><h2 class=\"wp-block-heading\"> Kopieer en plak waarden alleen met behulp van een sneltoets<\/h2><p> Als u een liefhebber bent van Excel-snelkoppelingen, is dit kopi\u00ebren en plakken met behulp van de sneltoets de beste keuze voor u.<\/p><ol><li> Selecteer eerst het gegevensbereik dat u wilt kopi\u00ebren en plakken en druk vervolgens op de sneltoets \u201cCtrl + C\u201d om dat bereik te kopi\u00ebren.<\/li><li> Of, als u de gehele dataset wilt selecteren, drukt u eerst op &#8220;Ctrl + A&#8221; om de gehele dataset te selecteren en vervolgens op &#8220;Ctrl + C&#8221; om de geselecteerde dataset te kopi\u00ebren.<\/li><li> Zodra uw gegevens zijn geselecteerd, begint Excel de gemarkeerde rand in het geselecteerde gebied weer te geven, zoals weergegeven in de onderstaande afbeelding. <br><img loading=\"lazy\" decoding=\"async\" title=\"8-select-databereik\" src=\"https:\/\/exceladvisor.org\/wp-content\/uploads\/2023\/08\/8-selectionner-la-plage-de-donnees.png\" sizes=\"auto, \" srcset=\"\" alt=\"select-the-data-range\" width=\"426\" height=\"248\"><\/li><li> Ga nu naar de cel waarin u de geselecteerde gegevens wilt plakken, druk vervolgens achtereenvolgens op de toetsen \u201cAlt \u2192 E \u2192 S \u2192 E\u201d en druk vervolgens op de toets \u201cEnter\u201d en uw gegevens worden alleen als waarden geplakt.<\/li><li> Of u kunt op \u201cCtrl + Alt + V \u2192 \u201cE\u201d drukken en vervolgens op de \u201cEnter\u201d-toets drukken om de gekopieerde gegevens alleen als waarden te plakken. <br><img loading=\"lazy\" decoding=\"async\" title=\"9-snelkoppeling-voor-alleen-plakken van waarden\" src=\"https:\/\/exceladvisor.org\/wp-content\/uploads\/2023\/08\/9-raccourci-pour-coller-uniquement-les-valeurs.png\" sizes=\"auto, \" srcset=\"\" alt=\"shortcut-to-paste-values-only\" width=\"707\" height=\"223\"><\/li><\/ol><p class=\"grey-note\"> De twee hierboven genoemde sneltoetsen openen het dialoogvenster &#8220;Plakken speciaal&#8221; wanneer u op de eerste drie toetsen van de sneltoetscombinatie drukt en wanneer u op de laatste toets &#8220;V&#8221; drukt, waardoor de optie &#8220;Waarden&#8221; van het dialoogvenster wordt geselecteerd om de tekst te plakken. gegevens alleen als waarden. <\/p><div class=\"wp-block-image\"><figure class=\"aligncenter size-full is-resized\"><img loading=\"lazy\" decoding=\"async\" class=\"wp-image-80398\" src=\"https:\/\/exceladvisor.org\/wp-content\/uploads\/2023\/08\/Boite-de-dialogue-speciale-10-coller.png\" sizes=\"auto, \" srcset=\"\" alt=\"plak-speciaal-dialoogvenster\" width=\"452\" height=\"339\"><\/figure><\/div><h2 class=\"wp-block-heading\"> Kopieer en plak waarden in de celbewerkingsmodus<\/h2><p> Deze optie werkt alleen als u \u00e9\u00e9n celwaarde wilt kopi\u00ebren en plakken.<\/p><ol><li> Navigeer naar de cel die u wilt kopi\u00ebren, dubbelklik erop om de cel in de bewerkingsmodus te zetten en selecteer en kopieer vervolgens de celwaarde.<\/li><li> Ga daarna naar de cel waar u de gekopieerde waarde plakt en plak daar met de sneltoets &#8220;Ctrl + V&#8221;. <\/li><\/ol><div class=\"wp-block-image\"><figure class=\"aligncenter size-full is-resized\"><img loading=\"lazy\" decoding=\"async\" class=\"wp-image-80399\" src=\"https:\/\/exceladvisor.org\/wp-content\/uploads\/2023\/08\/11-selectionner-la-valeur-de-la-cellule.png\" sizes=\"auto, \" srcset=\"\" alt=\"selecteer-cel-waarde\" width=\"450\" height=\"253\"><\/figure><\/div><div class=\"gb-container gb-container-4db6181c gb-container-mt\"> <a class=\"gb-button gb-button-c5897111 gb-button-text gb-button-mt-button\" href=\"https:\/\/exceladvisor.org\/nl\/excel-basisbeginselen\/\">Basiskennis van Microsoft Excel (componenten, onderdelen en kennisnotities)<\/a><h2 class=\"gb-headline gb-headline-665e5f6b gb-headline-text gb-headline-mt-heading\"> Gerelateerde tutorials <\/h2><div class=\"gb-grid-wrapper gb-grid-wrapper-a20baf7c gb-grid-wrapper-mt-grid\"><div class=\"gb-grid-column gb-grid-column-65ddf67e\"><div class=\"gb-container gb-container-65ddf67e\"><ul><li> <a href=\"https:\/\/exceladvisor.org\/nl\/teken-een-lijn\/\">Teken een lijn in Excel<\/a><\/li><li> <a href=\"https:\/\/exceladvisor.org\/nl\/voeg-een-knop-toe\/\">Voeg een knop toe in Excel<\/a><\/li><li> <a href=\"https:\/\/exceladvisor.org\/nl\/gedissocieerde-cellen-samenvoegen\/\">Samenvoegen \u2013 degroepeer cellen in Excel<\/a><\/li><li> <a href=\"https:\/\/exceladvisor.org\/nl\/spellingscontrole\/\">Spellingcontrole in Excel<\/a> <\/li><\/ul><\/div><\/div><div class=\"gb-grid-column gb-grid-column-50067b57\"><div class=\"gb-container gb-container-50067b57\"><ul><li> <a href=\"https:\/\/exceladvisor.org\/nl\/vervangen-vinden\/\">Zoeken en vervangen in Excel<\/a><\/li><li> <a href=\"https:\/\/exceladvisor.org\/nl\/kopieer-en-plak-de-kolombreedte\/\">Kopieer en plak de kolombreedte in Excel<\/a><\/li><li> <a href=\"https:\/\/exceladvisor.org\/nl\/dollarteken\/\">Voeg een dollarteken toe in Excel<\/a><\/li><li> <a href=\"https:\/\/exceladvisor.org\/nl\/maak-de-koptekst-van-de-eerste-regel\/\">Maak een eerste rijkop in Excel<\/a><\/li><\/ul><\/div><\/div><\/div><\/div>","protected":false},"excerpt":{"rendered":"","protected":false},"author":1,"featured_media":0,"parent":0,"menu_order":0,"comment_status":"open","ping_status":"closed","template":"","meta":{"ub_ctt_via":"","footnotes":""},"class_list":["post-1649","page","type-page","status-publish","hentry"],"featured_image_src":null,"yoast_head":"<!-- This site is optimized with the Yoast SEO plugin v25.4 - https:\/\/yoast.com\/wordpress\/plugins\/seo\/ -->\n<title>\u25b7 Hoe waarden kopi\u00ebren en plakken zonder opmaak?<\/title>\n<meta name=\"description\" content=\"Dit is een eenvoudige Microsoft Excel-tutorial voor het kopi\u00ebren en plakken van waarden zonder opmaak. In deze tutorial leert u hoe u dat kunt doen\" \/>\n<meta name=\"robots\" content=\"index, follow, max-snippet:-1, max-image-preview:large, max-video-preview:-1\" \/>\n<link rel=\"canonical\" href=\"https:\/\/exceladvisor.org\/nl\/waarden-plakken-zonder-opmaak\/\" \/>\n<meta property=\"og:locale\" content=\"nl_NL\" \/>\n<meta property=\"og:type\" content=\"article\" \/>\n<meta property=\"og:title\" content=\"\u25b7 Hoe waarden kopi\u00ebren en plakken zonder opmaak?\" \/>\n<meta property=\"og:description\" content=\"Dit is een eenvoudige Microsoft Excel-tutorial voor het kopi\u00ebren en plakken van waarden zonder opmaak. In deze tutorial leert u hoe u dat kunt doen\" \/>\n<meta property=\"og:url\" content=\"https:\/\/exceladvisor.org\/nl\/waarden-plakken-zonder-opmaak\/\" \/>\n<meta property=\"og:site_name\" content=\"Excel Advisor\" \/>\n<meta property=\"article:modified_time\" content=\"2023-12-06T05:52:20+00:00\" \/>\n<meta property=\"og:image\" content=\"https:\/\/exceladvisor.org\/wp-content\/uploads\/2023\/08\/1-copier-et-coller-uniquement-les-valeurs.png\" \/>\n<meta name=\"twitter:card\" content=\"summary_large_image\" \/>\n<meta name=\"twitter:label1\" content=\"Geschatte leestijd\" \/>\n\t<meta name=\"twitter:data1\" content=\"3 minuten\" \/>\n<script type=\"application\/ld+json\" class=\"yoast-schema-graph\">{\"@context\":\"https:\/\/schema.org\",\"@graph\":[{\"@type\":\"WebPage\",\"@id\":\"https:\/\/exceladvisor.org\/nl\/waarden-plakken-zonder-opmaak\/\",\"url\":\"https:\/\/exceladvisor.org\/nl\/waarden-plakken-zonder-opmaak\/\",\"name\":\"\u25b7 Hoe waarden kopi\u00ebren en plakken zonder opmaak?\",\"isPartOf\":{\"@id\":\"https:\/\/exceladvisor.org\/nl\/#website\"},\"primaryImageOfPage\":{\"@id\":\"https:\/\/exceladvisor.org\/nl\/waarden-plakken-zonder-opmaak\/#primaryimage\"},\"image\":{\"@id\":\"https:\/\/exceladvisor.org\/nl\/waarden-plakken-zonder-opmaak\/#primaryimage\"},\"thumbnailUrl\":\"https:\/\/exceladvisor.org\/wp-content\/uploads\/2023\/08\/1-copier-et-coller-uniquement-les-valeurs.png\",\"datePublished\":\"2023-11-13T21:20:58+00:00\",\"dateModified\":\"2023-12-06T05:52:20+00:00\",\"description\":\"Dit is een eenvoudige Microsoft Excel-tutorial voor het kopi\u00ebren en plakken van waarden zonder opmaak. In deze tutorial leert u hoe u dat kunt doen\",\"breadcrumb\":{\"@id\":\"https:\/\/exceladvisor.org\/nl\/waarden-plakken-zonder-opmaak\/#breadcrumb\"},\"inLanguage\":\"nl-NL\",\"potentialAction\":[{\"@type\":\"ReadAction\",\"target\":[\"https:\/\/exceladvisor.org\/nl\/waarden-plakken-zonder-opmaak\/\"]}]},{\"@type\":\"ImageObject\",\"inLanguage\":\"nl-NL\",\"@id\":\"https:\/\/exceladvisor.org\/nl\/waarden-plakken-zonder-opmaak\/#primaryimage\",\"url\":\"https:\/\/exceladvisor.org\/wp-content\/uploads\/2023\/08\/1-copier-et-coller-uniquement-les-valeurs.png\",\"contentUrl\":\"https:\/\/exceladvisor.org\/wp-content\/uploads\/2023\/08\/1-copier-et-coller-uniquement-les-valeurs.png\"},{\"@type\":\"BreadcrumbList\",\"@id\":\"https:\/\/exceladvisor.org\/nl\/waarden-plakken-zonder-opmaak\/#breadcrumb\",\"itemListElement\":[{\"@type\":\"ListItem\",\"position\":1,\"name\":\"Thuis\",\"item\":\"https:\/\/exceladvisor.org\/nl\/\"},{\"@type\":\"ListItem\",\"position\":2,\"name\":\"Hoe waarden kopi\u00ebren en plakken zonder opmaak?\"}]},{\"@type\":\"WebSite\",\"@id\":\"https:\/\/exceladvisor.org\/nl\/#website\",\"url\":\"https:\/\/exceladvisor.org\/nl\/\",\"name\":\"Excel Advisor\",\"description\":\"Uw gids voor datadominantie\",\"publisher\":{\"@id\":\"https:\/\/exceladvisor.org\/nl\/#organization\"},\"potentialAction\":[{\"@type\":\"SearchAction\",\"target\":{\"@type\":\"EntryPoint\",\"urlTemplate\":\"https:\/\/exceladvisor.org\/nl\/?s={search_term_string}\"},\"query-input\":{\"@type\":\"PropertyValueSpecification\",\"valueRequired\":true,\"valueName\":\"search_term_string\"}}],\"inLanguage\":\"nl-NL\"},{\"@type\":\"Organization\",\"@id\":\"https:\/\/exceladvisor.org\/nl\/#organization\",\"name\":\"Excel Advisor\",\"url\":\"https:\/\/exceladvisor.org\/nl\/\",\"logo\":{\"@type\":\"ImageObject\",\"inLanguage\":\"nl-NL\",\"@id\":\"https:\/\/exceladvisor.org\/nl\/#\/schema\/logo\/image\/\",\"url\":\"https:\/\/exceladvisor.org\/nl\/wp-content\/uploads\/2023\/12\/exceladvisor.org_.png\",\"contentUrl\":\"https:\/\/exceladvisor.org\/nl\/wp-content\/uploads\/2023\/12\/exceladvisor.org_.png\",\"width\":105,\"height\":36,\"caption\":\"Excel Advisor\"},\"image\":{\"@id\":\"https:\/\/exceladvisor.org\/nl\/#\/schema\/logo\/image\/\"}}]}<\/script>\n<!-- \/ Yoast SEO plugin. -->","yoast_head_json":{"title":"\u25b7 Hoe waarden kopi\u00ebren en plakken zonder opmaak?","description":"Dit is een eenvoudige Microsoft Excel-tutorial voor het kopi\u00ebren en plakken van waarden zonder opmaak. In deze tutorial leert u hoe u dat kunt doen","robots":{"index":"index","follow":"follow","max-snippet":"max-snippet:-1","max-image-preview":"max-image-preview:large","max-video-preview":"max-video-preview:-1"},"canonical":"https:\/\/exceladvisor.org\/nl\/waarden-plakken-zonder-opmaak\/","og_locale":"nl_NL","og_type":"article","og_title":"\u25b7 Hoe waarden kopi\u00ebren en plakken zonder opmaak?","og_description":"Dit is een eenvoudige Microsoft Excel-tutorial voor het kopi\u00ebren en plakken van waarden zonder opmaak. In deze tutorial leert u hoe u dat kunt doen","og_url":"https:\/\/exceladvisor.org\/nl\/waarden-plakken-zonder-opmaak\/","og_site_name":"Excel Advisor","article_modified_time":"2023-12-06T05:52:20+00:00","og_image":[{"url":"https:\/\/exceladvisor.org\/wp-content\/uploads\/2023\/08\/1-copier-et-coller-uniquement-les-valeurs.png","type":"","width":"","height":""}],"twitter_card":"summary_large_image","twitter_misc":{"Geschatte leestijd":"3 minuten"},"schema":{"@context":"https:\/\/schema.org","@graph":[{"@type":"WebPage","@id":"https:\/\/exceladvisor.org\/nl\/waarden-plakken-zonder-opmaak\/","url":"https:\/\/exceladvisor.org\/nl\/waarden-plakken-zonder-opmaak\/","name":"\u25b7 Hoe waarden kopi\u00ebren en plakken zonder opmaak?","isPartOf":{"@id":"https:\/\/exceladvisor.org\/nl\/#website"},"primaryImageOfPage":{"@id":"https:\/\/exceladvisor.org\/nl\/waarden-plakken-zonder-opmaak\/#primaryimage"},"image":{"@id":"https:\/\/exceladvisor.org\/nl\/waarden-plakken-zonder-opmaak\/#primaryimage"},"thumbnailUrl":"https:\/\/exceladvisor.org\/wp-content\/uploads\/2023\/08\/1-copier-et-coller-uniquement-les-valeurs.png","datePublished":"2023-11-13T21:20:58+00:00","dateModified":"2023-12-06T05:52:20+00:00","description":"Dit is een eenvoudige Microsoft Excel-tutorial voor het kopi\u00ebren en plakken van waarden zonder opmaak. In deze tutorial leert u hoe u dat kunt doen","breadcrumb":{"@id":"https:\/\/exceladvisor.org\/nl\/waarden-plakken-zonder-opmaak\/#breadcrumb"},"inLanguage":"nl-NL","potentialAction":[{"@type":"ReadAction","target":["https:\/\/exceladvisor.org\/nl\/waarden-plakken-zonder-opmaak\/"]}]},{"@type":"ImageObject","inLanguage":"nl-NL","@id":"https:\/\/exceladvisor.org\/nl\/waarden-plakken-zonder-opmaak\/#primaryimage","url":"https:\/\/exceladvisor.org\/wp-content\/uploads\/2023\/08\/1-copier-et-coller-uniquement-les-valeurs.png","contentUrl":"https:\/\/exceladvisor.org\/wp-content\/uploads\/2023\/08\/1-copier-et-coller-uniquement-les-valeurs.png"},{"@type":"BreadcrumbList","@id":"https:\/\/exceladvisor.org\/nl\/waarden-plakken-zonder-opmaak\/#breadcrumb","itemListElement":[{"@type":"ListItem","position":1,"name":"Thuis","item":"https:\/\/exceladvisor.org\/nl\/"},{"@type":"ListItem","position":2,"name":"Hoe waarden kopi\u00ebren en plakken zonder opmaak?"}]},{"@type":"WebSite","@id":"https:\/\/exceladvisor.org\/nl\/#website","url":"https:\/\/exceladvisor.org\/nl\/","name":"Excel Advisor","description":"Uw gids voor datadominantie","publisher":{"@id":"https:\/\/exceladvisor.org\/nl\/#organization"},"potentialAction":[{"@type":"SearchAction","target":{"@type":"EntryPoint","urlTemplate":"https:\/\/exceladvisor.org\/nl\/?s={search_term_string}"},"query-input":{"@type":"PropertyValueSpecification","valueRequired":true,"valueName":"search_term_string"}}],"inLanguage":"nl-NL"},{"@type":"Organization","@id":"https:\/\/exceladvisor.org\/nl\/#organization","name":"Excel Advisor","url":"https:\/\/exceladvisor.org\/nl\/","logo":{"@type":"ImageObject","inLanguage":"nl-NL","@id":"https:\/\/exceladvisor.org\/nl\/#\/schema\/logo\/image\/","url":"https:\/\/exceladvisor.org\/nl\/wp-content\/uploads\/2023\/12\/exceladvisor.org_.png","contentUrl":"https:\/\/exceladvisor.org\/nl\/wp-content\/uploads\/2023\/12\/exceladvisor.org_.png","width":105,"height":36,"caption":"Excel Advisor"},"image":{"@id":"https:\/\/exceladvisor.org\/nl\/#\/schema\/logo\/image\/"}}]}},"yoast_meta":{"yoast_wpseo_title":"","yoast_wpseo_metadesc":"","yoast_wpseo_canonical":""},"_links":{"self":[{"href":"https:\/\/exceladvisor.org\/nl\/wp-json\/wp\/v2\/pages\/1649","targetHints":{"allow":["GET"]}}],"collection":[{"href":"https:\/\/exceladvisor.org\/nl\/wp-json\/wp\/v2\/pages"}],"about":[{"href":"https:\/\/exceladvisor.org\/nl\/wp-json\/wp\/v2\/types\/page"}],"author":[{"embeddable":true,"href":"https:\/\/exceladvisor.org\/nl\/wp-json\/wp\/v2\/users\/1"}],"replies":[{"embeddable":true,"href":"https:\/\/exceladvisor.org\/nl\/wp-json\/wp\/v2\/comments?post=1649"}],"version-history":[{"count":1,"href":"https:\/\/exceladvisor.org\/nl\/wp-json\/wp\/v2\/pages\/1649\/revisions"}],"predecessor-version":[{"id":2895,"href":"https:\/\/exceladvisor.org\/nl\/wp-json\/wp\/v2\/pages\/1649\/revisions\/2895"}],"wp:attachment":[{"href":"https:\/\/exceladvisor.org\/nl\/wp-json\/wp\/v2\/media?parent=1649"}],"curies":[{"name":"wp","href":"https:\/\/api.w.org\/{rel}","templated":true}]}}