{"id":1655,"date":"2023-11-13T16:32:31","date_gmt":"2023-11-13T16:32:31","guid":{"rendered":"https:\/\/exceladvisor.org\/nl\/verschillende-criteria-opzoeken\/"},"modified":"2023-12-06T05:51:13","modified_gmt":"2023-12-06T05:51:13","slug":"verschillende-criteria-opzoeken","status":"publish","type":"page","link":"https:\/\/exceladvisor.org\/nl\/verschillende-criteria-opzoeken\/","title":{"rendered":"Hoe vert.zoeken met meerdere criteria in excel?"},"content":{"rendered":"<div class=\"excel-voor-de-inhoud\" id=\"excel-2839637135\"><script type=\"text\/javascript\">\r\n\tatOptions = {\r\n\t\t'key' : 'c1158f160081d6540a8409e6925dab94',\r\n\t\t'format' : 'iframe',\r\n\t\t'height' : 250,\r\n\t\t'width' : 300,\r\n\t\t'params' : {}\r\n\t};\r\n<\/script>\r\n<script type=\"text\/javascript\" src=\"\/\/www.highperformanceformat.com\/c1158f160081d6540a8409e6925dab94\/invoke.js\"><\/script><\/div> <p>VERT.ZOEKEN is een van de<a style=\"outline: none; display: inline-block;\" href=\"https:\/\/exceladvisor.org\/nl\/excel-functies\/\">populairste Excel-functies<\/a> . Maar het is ook een van de meest beperkte functies.<\/p><p> Gevorderde Excel-gebruikers weten dat er zoveel dingen zijn die we niet kunnen doen met VERT.ZOEKEN of dat ze extra moeite moeten doen om het te laten werken.<\/p><p> Gebruik bijvoorbeeld VERT.ZOEKEN met meerdere criteria. Met VERT.ZOEKEN kunt u standaard naar \u00e9\u00e9n waarde zoeken.<\/p><p> Maar in de echte wereld zijn er situaties waarin we twee of meer criteria moeten gebruiken.<\/p><p> Stel dat u een lijst met leerlingen heeft voor een hele school, en in die lijst wilt u zoeken naar een leerling met de naam \u201cJan\u201d en die in klas IX zit. <\/p><div class=\"wp-block-image\"><figure class=\"aligncenter\"><img decoding=\"async\" src=\"https:\/\/exceladvisor.org\/wp-content\/uploads\/2023\/08\/2-vlookup-avec-table-de-donnees-a-criteres-multiples-min-1.png\" sizes=\"\" srcset=\"\" alt=\"\"><\/figure><\/div><p> Er is een grote kans dat er meer dan \u00e9\u00e9n student is wiens naam &#8220;John&#8221; is. De beste oplossing hier is om twee verschillende criteria (naam en klasse) te combineren om de juiste waarde ervoor terug te krijgen. <\/p><div class=\"wp-block-image\"><figure class=\"aligncenter\"><img decoding=\"async\" src=\"https:\/\/exceladvisor.org\/wp-content\/uploads\/2023\/08\/1-vlookup-avec-plusieurs-criteres-comment-min-1.png\" sizes=\"\" srcset=\"\" alt=\"\"><\/figure><\/div><p> Vandaag zullen we in dit artikel de methode onderzoeken om meerdere criteria te gebruiken met VERT.ZOEKEN.<\/p><p> Laten we dus aan de slag gaan en zorg ervoor dat <a href=\"https:\/\/exceladvisor.org\/wp-content\/uploads\/2023\/08\/vlookup-de-donnees-brutes-avec-plusieurs-criteres.xlsx\" rel=\"nofollow\">u dit voorbeeldbestand hier downloadt<\/a> om verder te gaan.<\/p><p> Volgens het bovenstaande probleem dat ik noemde, moeten we twee criteria gebruiken als zoekwaarde in VERT.ZOEKEN. Hiervoor moeten we twee gemakkelijke en eenvoudige aanpassingen maken.<\/p><h2 id=\"tab-con-1\" class=\"wp-block-heading\"> Maak een nieuwe ondersteuningskolom<\/h2><p> Hier volgen de stappen om een nieuwe kolom in te voegen door twee criteria samen te voegen.<\/p><ul><li> Eerst moeten we een nieuwe kolom toevoegen. <\/li><\/ul><div class=\"wp-block-image\"><figure class=\"aligncenter\"><img decoding=\"async\" src=\"https:\/\/exceladvisor.org\/wp-content\/uploads\/2023\/08\/3-vlookup-avec-plusieurs-criteres-inserer-une-colonne-vide-min-1.png\" sizes=\"\" srcset=\"\" alt=\"\"><\/figure><\/div><ul><li> Voer daarna in de nieuwe kolom een formule in om de naam en klasse samen te voegen, zoals hieronder. <\/li><\/ul><div class=\"wp-block-image\"><figure class=\"aligncenter\"><img decoding=\"async\" src=\"https:\/\/exceladvisor.org\/wp-content\/uploads\/2023\/08\/4-vlookup-avec-plusieurs-criteres-inserer-une-formule-pour-joindre-des-colonnes-min-1.png\" sizes=\"\" srcset=\"\" alt=\"\"><\/figure><\/div><ul><li> Sleep nu de formule naar de laatste cel in de kolom.<\/li><li> Nu hebben we \u00e9\u00e9n enkele kolom waarin we twee verschillende criteria hebben gecombineerd (naam en klasse). <\/li><\/ul><div class=\"wp-block-image\"><figure class=\"aligncenter\"><img decoding=\"async\" src=\"https:\/\/exceladvisor.org\/wp-content\/uploads\/2023\/08\/5-vlookup-avec-plusieurs-criteres-nouvelle-colonne-combinee-avec-deux-criteres-min-1.png\" sizes=\"\" srcset=\"\" alt=\"\"><\/figure><\/div><h2 id=\"tab-con-2\" class=\"wp-block-heading\"> Combineer twee criteria in de zoekwaarde<\/h2><p> Het volgende is nu om twee criteria te combineren in het lookup_value-argument van VERT.ZOEKEN.<\/p><p> Hier willen we \u201cJohn\u201d en \u201cKlasse-IX\u201d gebruiken en daarvoor moeten we de twee combineren met behulp van een ampersand in lookup_argument. <\/p><div class=\"wp-block-image\"><figure class=\"aligncenter\"><img decoding=\"async\" src=\"https:\/\/exceladvisor.org\/wp-content\/uploads\/2023\/08\/6-vlookup-avec-plusieurs-criteres-utilise-deux-arguments-dans-vlookup-min-1.png\" sizes=\"\" srcset=\"\" alt=\"\"><\/figure><\/div><p> Daarna moeten we kolommen C en D selecteren als lookup_range, 2 als col_index_number en 0 als [range_lookup] <\/p><div class=\"wp-block-image\"><figure class=\"aligncenter\"><img decoding=\"async\" src=\"https:\/\/exceladvisor.org\/wp-content\/uploads\/2023\/08\/7-vlookup-avec-plusieurs-criteres-definissent-la-plage-min-1.png\" sizes=\"\" srcset=\"\" alt=\"\"><\/figure><\/div><p> Druk aan het einde op Enter. En nu hebben we de score van John die in klasse IX zit. <\/p><div class=\"wp-block-image\"><figure class=\"aligncenter\"><img decoding=\"async\" src=\"https:\/\/exceladvisor.org\/wp-content\/uploads\/2023\/08\/8-vlookup-avec-plusieurs-criteres-resultat-final-min-1.png\" sizes=\"\" srcset=\"\" alt=\"\"><\/figure><\/div><h2 id=\"tab-con-3\" class=\"wp-block-heading\"> Hoe het werkt<\/h2><p> De methode voor het gebruik van gecombineerde criteria in VERT.ZOEKEN is eenvoudig. Wanneer we twee kolommen in \u00e9\u00e9n combineren, krijgen we unieke waarden.<\/p><p> Denk er eens zo over na: we hebben de naam John drie keer in onze gegevens. Maar als we namen aan hun klasse toevoegen, krijgen we voor elke naam een unieke waarde.<\/p><p> Bijvoorbeeld JohnClass-IX, JohnClass-VI en JohnClass-II. Nu is er geen waarde in duplicaten.<\/p><p> Op dezelfde manier hebben we bij het specificeren van lookup_argument in VERT.ZOEKEN de twee criteria gecombineerd: naam en klasse, zodat deze de score van de juiste leerling retourneert, d.w.z. John die in klas IX zit. <\/p><div class=\"wp-block-image\"><figure class=\"aligncenter\"><img decoding=\"async\" src=\"https:\/\/exceladvisor.org\/wp-content\/uploads\/2023\/08\/9-vlookup-avec-plusieurs-criteres-trouver-des-valeurs-precises-min-1.png\" sizes=\"\" srcset=\"\" alt=\"\"><\/figure><\/div><h2 id=\"tab-con-4\" class=\"wp-block-heading\"> Conclusie<\/h2><p> Door meerdere criteria te gebruiken met VERT.ZOEKEN kunt u nauwkeuriger en gemakkelijker naar een waarde zoeken. Net zoals we in het bovenstaande voorbeeld deden.<\/p><p> En het beste is dat het combineren van twee verschillende criteria geen probleem is; het is eenvoudig en gemakkelijk. Ik hoop dat u deze formule nuttig vond en dat deze u zal helpen bij uw werk.<\/p><p> Vertel me nu \u00e9\u00e9n ding. Heb je ooit geprobeerd meer dan \u00e9\u00e9n criterium toe te voegen in VERT.ZOEKEN? Of hebben jullie hier een andere methode voor? Deel het met mij in het opmerkingengedeelte, ik hoor graag van je. En vergeet deze tip niet met je vrienden te delen.<\/p><div class=\"gb-container gb-container-0df56012 gb-container-mt\"> <a class=\"gb-button gb-button-f9f432f4 gb-button-text gb-button-mt-button\" href=\"https:\/\/exceladvisor.org\/nl\/formules\/\">Lijst met Excel-formules<\/a><h2 class=\"gb-headline gb-headline-233444e8 gb-headline-text gb-headline-mt-heading\"> Gerelateerde formules <\/h2><div class=\"gb-grid-wrapper gb-grid-wrapper-a16fa65c gb-grid-wrapper-mt-grid\"><div class=\"gb-grid-column gb-grid-column-50d07e0d\"><div class=\"gb-container gb-container-50d07e0d\"><ul><li> <a href=\"https:\/\/exceladvisor.org\/nl\/als-er-een-fout-is-opgetreden\/\">IFERROR met VERT.ZOEKEN in Excel om #N\/A in Excel te vervangen<\/a><\/li><li> <a href=\"https:\/\/exceladvisor.org\/nl\/bidirectioneel-zoeken\/\">Voer een tweerichtingszoekopdracht uit in Excel<\/a><\/li><li> <a href=\"https:\/\/exceladvisor.org\/nl\/omgekeerd-zoeken\/\">Omgekeerde VERT.ZOEKEN (achteruit: van rechts naar links) in Excel<\/a><\/li><li> <a href=\"https:\/\/exceladvisor.org\/nl\/vzoek-overeenkomst\/\">VLOOKUP-MATCH combineren in Excel<\/a><\/li><li> <a href=\"https:\/\/exceladvisor.org\/nl\/jokertekens-met-vlookup\/\">Jokertekens met VERT.ZOEKEN in Excel<\/a> <\/li><\/ul><\/div><\/div><div class=\"gb-grid-column gb-grid-column-5b4a0cf9\"><div class=\"gb-container gb-container-5b4a0cf9\"><\/div><\/div><\/div><\/div>","protected":false},"excerpt":{"rendered":"","protected":false},"author":1,"featured_media":0,"parent":0,"menu_order":0,"comment_status":"open","ping_status":"closed","template":"","meta":{"ub_ctt_via":"","footnotes":""},"class_list":["post-1655","page","type-page","status-publish","hentry"],"featured_image_src":null,"yoast_head":"<!-- This site is optimized with the Yoast SEO plugin v25.4 - https:\/\/yoast.com\/wordpress\/plugins\/seo\/ -->\n<title>\u25b7 Hoe VERT.ZOEKEN met meerdere criteria in Excel?<\/title>\n<meta name=\"description\" content=\"Door VERT.ZOEKEN met meerdere criteria te gebruiken, krijgt u meer precisie bij het zoeken naar een waarde. En het beste is dat het gemakkelijk is om...\" \/>\n<meta name=\"robots\" content=\"index, follow, max-snippet:-1, max-image-preview:large, max-video-preview:-1\" \/>\n<link rel=\"canonical\" href=\"https:\/\/exceladvisor.org\/nl\/verschillende-criteria-opzoeken\/\" \/>\n<meta property=\"og:locale\" content=\"nl_NL\" \/>\n<meta property=\"og:type\" content=\"article\" \/>\n<meta property=\"og:title\" content=\"\u25b7 Hoe VERT.ZOEKEN met meerdere criteria in Excel?\" \/>\n<meta property=\"og:description\" content=\"Door VERT.ZOEKEN met meerdere criteria te gebruiken, krijgt u meer precisie bij het zoeken naar een waarde. En het beste is dat het gemakkelijk is om...\" \/>\n<meta property=\"og:url\" content=\"https:\/\/exceladvisor.org\/nl\/verschillende-criteria-opzoeken\/\" \/>\n<meta property=\"og:site_name\" content=\"Excel Advisor\" \/>\n<meta property=\"article:modified_time\" content=\"2023-12-06T05:51:13+00:00\" \/>\n<meta property=\"og:image\" content=\"https:\/\/exceladvisor.org\/wp-content\/uploads\/2023\/08\/2-vlookup-avec-table-de-donnees-a-criteres-multiples-min-1.png\" \/>\n<meta name=\"twitter:card\" content=\"summary_large_image\" \/>\n<meta name=\"twitter:label1\" content=\"Geschatte leestijd\" \/>\n\t<meta name=\"twitter:data1\" content=\"3 minuten\" \/>\n<script type=\"application\/ld+json\" class=\"yoast-schema-graph\">{\"@context\":\"https:\/\/schema.org\",\"@graph\":[{\"@type\":\"WebPage\",\"@id\":\"https:\/\/exceladvisor.org\/nl\/verschillende-criteria-opzoeken\/\",\"url\":\"https:\/\/exceladvisor.org\/nl\/verschillende-criteria-opzoeken\/\",\"name\":\"\u25b7 Hoe VERT.ZOEKEN met meerdere criteria in Excel?\",\"isPartOf\":{\"@id\":\"https:\/\/exceladvisor.org\/nl\/#website\"},\"primaryImageOfPage\":{\"@id\":\"https:\/\/exceladvisor.org\/nl\/verschillende-criteria-opzoeken\/#primaryimage\"},\"image\":{\"@id\":\"https:\/\/exceladvisor.org\/nl\/verschillende-criteria-opzoeken\/#primaryimage\"},\"thumbnailUrl\":\"https:\/\/exceladvisor.org\/wp-content\/uploads\/2023\/08\/2-vlookup-avec-table-de-donnees-a-criteres-multiples-min-1.png\",\"datePublished\":\"2023-11-13T16:32:31+00:00\",\"dateModified\":\"2023-12-06T05:51:13+00:00\",\"description\":\"Door VERT.ZOEKEN met meerdere criteria te gebruiken, krijgt u meer precisie bij het zoeken naar een waarde. En het beste is dat het gemakkelijk is om...\",\"breadcrumb\":{\"@id\":\"https:\/\/exceladvisor.org\/nl\/verschillende-criteria-opzoeken\/#breadcrumb\"},\"inLanguage\":\"nl-NL\",\"potentialAction\":[{\"@type\":\"ReadAction\",\"target\":[\"https:\/\/exceladvisor.org\/nl\/verschillende-criteria-opzoeken\/\"]}]},{\"@type\":\"ImageObject\",\"inLanguage\":\"nl-NL\",\"@id\":\"https:\/\/exceladvisor.org\/nl\/verschillende-criteria-opzoeken\/#primaryimage\",\"url\":\"https:\/\/exceladvisor.org\/wp-content\/uploads\/2023\/08\/2-vlookup-avec-table-de-donnees-a-criteres-multiples-min-1.png\",\"contentUrl\":\"https:\/\/exceladvisor.org\/wp-content\/uploads\/2023\/08\/2-vlookup-avec-table-de-donnees-a-criteres-multiples-min-1.png\"},{\"@type\":\"BreadcrumbList\",\"@id\":\"https:\/\/exceladvisor.org\/nl\/verschillende-criteria-opzoeken\/#breadcrumb\",\"itemListElement\":[{\"@type\":\"ListItem\",\"position\":1,\"name\":\"Thuis\",\"item\":\"https:\/\/exceladvisor.org\/nl\/\"},{\"@type\":\"ListItem\",\"position\":2,\"name\":\"Hoe vert.zoeken met meerdere criteria in excel?\"}]},{\"@type\":\"WebSite\",\"@id\":\"https:\/\/exceladvisor.org\/nl\/#website\",\"url\":\"https:\/\/exceladvisor.org\/nl\/\",\"name\":\"Excel Advisor\",\"description\":\"Uw gids voor datadominantie\",\"publisher\":{\"@id\":\"https:\/\/exceladvisor.org\/nl\/#organization\"},\"potentialAction\":[{\"@type\":\"SearchAction\",\"target\":{\"@type\":\"EntryPoint\",\"urlTemplate\":\"https:\/\/exceladvisor.org\/nl\/?s={search_term_string}\"},\"query-input\":{\"@type\":\"PropertyValueSpecification\",\"valueRequired\":true,\"valueName\":\"search_term_string\"}}],\"inLanguage\":\"nl-NL\"},{\"@type\":\"Organization\",\"@id\":\"https:\/\/exceladvisor.org\/nl\/#organization\",\"name\":\"Excel Advisor\",\"url\":\"https:\/\/exceladvisor.org\/nl\/\",\"logo\":{\"@type\":\"ImageObject\",\"inLanguage\":\"nl-NL\",\"@id\":\"https:\/\/exceladvisor.org\/nl\/#\/schema\/logo\/image\/\",\"url\":\"https:\/\/exceladvisor.org\/nl\/wp-content\/uploads\/2023\/12\/exceladvisor.org_.png\",\"contentUrl\":\"https:\/\/exceladvisor.org\/nl\/wp-content\/uploads\/2023\/12\/exceladvisor.org_.png\",\"width\":105,\"height\":36,\"caption\":\"Excel Advisor\"},\"image\":{\"@id\":\"https:\/\/exceladvisor.org\/nl\/#\/schema\/logo\/image\/\"}}]}<\/script>\n<!-- \/ Yoast SEO plugin. -->","yoast_head_json":{"title":"\u25b7 Hoe VERT.ZOEKEN met meerdere criteria in Excel?","description":"Door VERT.ZOEKEN met meerdere criteria te gebruiken, krijgt u meer precisie bij het zoeken naar een waarde. En het beste is dat het gemakkelijk is om...","robots":{"index":"index","follow":"follow","max-snippet":"max-snippet:-1","max-image-preview":"max-image-preview:large","max-video-preview":"max-video-preview:-1"},"canonical":"https:\/\/exceladvisor.org\/nl\/verschillende-criteria-opzoeken\/","og_locale":"nl_NL","og_type":"article","og_title":"\u25b7 Hoe VERT.ZOEKEN met meerdere criteria in Excel?","og_description":"Door VERT.ZOEKEN met meerdere criteria te gebruiken, krijgt u meer precisie bij het zoeken naar een waarde. En het beste is dat het gemakkelijk is om...","og_url":"https:\/\/exceladvisor.org\/nl\/verschillende-criteria-opzoeken\/","og_site_name":"Excel Advisor","article_modified_time":"2023-12-06T05:51:13+00:00","og_image":[{"url":"https:\/\/exceladvisor.org\/wp-content\/uploads\/2023\/08\/2-vlookup-avec-table-de-donnees-a-criteres-multiples-min-1.png","type":"","width":"","height":""}],"twitter_card":"summary_large_image","twitter_misc":{"Geschatte leestijd":"3 minuten"},"schema":{"@context":"https:\/\/schema.org","@graph":[{"@type":"WebPage","@id":"https:\/\/exceladvisor.org\/nl\/verschillende-criteria-opzoeken\/","url":"https:\/\/exceladvisor.org\/nl\/verschillende-criteria-opzoeken\/","name":"\u25b7 Hoe VERT.ZOEKEN met meerdere criteria in Excel?","isPartOf":{"@id":"https:\/\/exceladvisor.org\/nl\/#website"},"primaryImageOfPage":{"@id":"https:\/\/exceladvisor.org\/nl\/verschillende-criteria-opzoeken\/#primaryimage"},"image":{"@id":"https:\/\/exceladvisor.org\/nl\/verschillende-criteria-opzoeken\/#primaryimage"},"thumbnailUrl":"https:\/\/exceladvisor.org\/wp-content\/uploads\/2023\/08\/2-vlookup-avec-table-de-donnees-a-criteres-multiples-min-1.png","datePublished":"2023-11-13T16:32:31+00:00","dateModified":"2023-12-06T05:51:13+00:00","description":"Door VERT.ZOEKEN met meerdere criteria te gebruiken, krijgt u meer precisie bij het zoeken naar een waarde. En het beste is dat het gemakkelijk is om...","breadcrumb":{"@id":"https:\/\/exceladvisor.org\/nl\/verschillende-criteria-opzoeken\/#breadcrumb"},"inLanguage":"nl-NL","potentialAction":[{"@type":"ReadAction","target":["https:\/\/exceladvisor.org\/nl\/verschillende-criteria-opzoeken\/"]}]},{"@type":"ImageObject","inLanguage":"nl-NL","@id":"https:\/\/exceladvisor.org\/nl\/verschillende-criteria-opzoeken\/#primaryimage","url":"https:\/\/exceladvisor.org\/wp-content\/uploads\/2023\/08\/2-vlookup-avec-table-de-donnees-a-criteres-multiples-min-1.png","contentUrl":"https:\/\/exceladvisor.org\/wp-content\/uploads\/2023\/08\/2-vlookup-avec-table-de-donnees-a-criteres-multiples-min-1.png"},{"@type":"BreadcrumbList","@id":"https:\/\/exceladvisor.org\/nl\/verschillende-criteria-opzoeken\/#breadcrumb","itemListElement":[{"@type":"ListItem","position":1,"name":"Thuis","item":"https:\/\/exceladvisor.org\/nl\/"},{"@type":"ListItem","position":2,"name":"Hoe vert.zoeken met meerdere criteria in excel?"}]},{"@type":"WebSite","@id":"https:\/\/exceladvisor.org\/nl\/#website","url":"https:\/\/exceladvisor.org\/nl\/","name":"Excel Advisor","description":"Uw gids voor datadominantie","publisher":{"@id":"https:\/\/exceladvisor.org\/nl\/#organization"},"potentialAction":[{"@type":"SearchAction","target":{"@type":"EntryPoint","urlTemplate":"https:\/\/exceladvisor.org\/nl\/?s={search_term_string}"},"query-input":{"@type":"PropertyValueSpecification","valueRequired":true,"valueName":"search_term_string"}}],"inLanguage":"nl-NL"},{"@type":"Organization","@id":"https:\/\/exceladvisor.org\/nl\/#organization","name":"Excel Advisor","url":"https:\/\/exceladvisor.org\/nl\/","logo":{"@type":"ImageObject","inLanguage":"nl-NL","@id":"https:\/\/exceladvisor.org\/nl\/#\/schema\/logo\/image\/","url":"https:\/\/exceladvisor.org\/nl\/wp-content\/uploads\/2023\/12\/exceladvisor.org_.png","contentUrl":"https:\/\/exceladvisor.org\/nl\/wp-content\/uploads\/2023\/12\/exceladvisor.org_.png","width":105,"height":36,"caption":"Excel Advisor"},"image":{"@id":"https:\/\/exceladvisor.org\/nl\/#\/schema\/logo\/image\/"}}]}},"yoast_meta":{"yoast_wpseo_title":"","yoast_wpseo_metadesc":"","yoast_wpseo_canonical":""},"_links":{"self":[{"href":"https:\/\/exceladvisor.org\/nl\/wp-json\/wp\/v2\/pages\/1655","targetHints":{"allow":["GET"]}}],"collection":[{"href":"https:\/\/exceladvisor.org\/nl\/wp-json\/wp\/v2\/pages"}],"about":[{"href":"https:\/\/exceladvisor.org\/nl\/wp-json\/wp\/v2\/types\/page"}],"author":[{"embeddable":true,"href":"https:\/\/exceladvisor.org\/nl\/wp-json\/wp\/v2\/users\/1"}],"replies":[{"embeddable":true,"href":"https:\/\/exceladvisor.org\/nl\/wp-json\/wp\/v2\/comments?post=1655"}],"version-history":[{"count":1,"href":"https:\/\/exceladvisor.org\/nl\/wp-json\/wp\/v2\/pages\/1655\/revisions"}],"predecessor-version":[{"id":2825,"href":"https:\/\/exceladvisor.org\/nl\/wp-json\/wp\/v2\/pages\/1655\/revisions\/2825"}],"wp:attachment":[{"href":"https:\/\/exceladvisor.org\/nl\/wp-json\/wp\/v2\/media?parent=1655"}],"curies":[{"name":"wp","href":"https:\/\/api.w.org\/{rel}","templated":true}]}}