{"id":1656,"date":"2023-11-13T16:20:36","date_gmt":"2023-11-13T16:20:36","guid":{"rendered":"https:\/\/exceladvisor.org\/nl\/voorloopnullen\/"},"modified":"2023-12-06T05:52:14","modified_gmt":"2023-12-06T05:52:14","slug":"voorloopnullen","status":"publish","type":"page","link":"https:\/\/exceladvisor.org\/nl\/voorloopnullen\/","title":{"rendered":"Hoe voorloopnullen toevoegen in excel?"},"content":{"rendered":"<div class=\"excel-voor-de-inhoud\" id=\"excel-1451179634\"><script type=\"text\/javascript\">\r\n\tatOptions = {\r\n\t\t'key' : 'c1158f160081d6540a8409e6925dab94',\r\n\t\t'format' : 'iframe',\r\n\t\t'height' : 250,\r\n\t\t'width' : 300,\r\n\t\t'params' : {}\r\n\t};\r\n<\/script>\r\n<script type=\"text\/javascript\" src=\"\/\/www.highperformanceformat.com\/c1158f160081d6540a8409e6925dab94\/invoke.js\"><\/script><\/div> <p>Er zijn een paar standaardregels in Excel die u misschien irriteren. E\u00e9n van deze regels is dat je geen nul v\u00f3\u00f3r een getal mag zetten.<\/p><p> De reden hierachter is dat een nul voor een getal geen betekenis heeft en geen waarde heeft voor het getal zelf.<\/p><p> Telkens wanneer u een nul v\u00f3\u00f3r een getal probeert in te voegen, verwijdert Excel deze en krijgt u alleen het getal van een re\u00ebel getal.<\/p><p> Het probleem is nu dit: er zijn unieke situaties waarin we een nul v\u00f3\u00f3r een getal moeten toevoegen en we willen dat de nul daar blijft.<\/p><p> <span style=\"color: #000000;\">Bijvoorbeeld<\/span> telefoonnummers, postcodes, factuurnummers etc.<\/p><p> Daarom wil ik vandaag in dit artikel vijf verschillende methoden met u delen die we kunnen gebruiken om voorloopnullen toe te voegen in Excel.<\/p><h2 id=\"h-convert-a-number-into-a-text-for-adding-zeros\" class=\"wp-block-heading\"> Converteer een getal naar tekst om nullen toe te voegen<\/h2><p> Hier is \u00e9\u00e9n ding <span style=\"font-size: revert;\">: als u<\/span> <strong style=\"font-size: revert;\"><span style=\"color: #000000;\">de opmaak van een cel wijzigt van getal naar tekst<\/span><\/strong> <span style=\"font-size: revert;\">, kunt u zonder enig probleem een voorloopnul toevoegen.<\/span><\/p><p> Op deze manier behandelt Excel uw nummer niet als een re\u00ebel getal en worden eventuele nullen eruit verwijderd.<\/p><ul><li> Selecteer de cellen waaraan u voorloopnullen wilt toevoegen.<\/li><li> Ga naar Home \u279c Getal \u279c Wijzig het getalformaat naar tekst. <\/li><\/ul><div class=\"wp-block-image\"><figure class=\"aligncenter\"><img decoding=\"async\" src=\"https:\/\/exceladvisor.org\/wp-content\/uploads\/2023\/08\/Ajouter-des-zeros-non-significatifs-dans-Excel-3-1.gif\" sizes=\"\" srcset=\"\" alt=\"Tekstformaat gebruiken om voorloopnullen toe te voegen in Excel v\u00f3\u00f3r een getal\"><\/figure><\/div><p> Nu kunt u eenvoudig nullen toevoegen aan het begin van cijfers. U kunt deze getallen niet langer in welk type berekening dan ook gebruiken, omdat ze nu in tekstformaat zijn.<\/p><h2 id=\"h-use-concatenate-function-to-add-a-zero\" class=\"wp-block-heading\"> Gebruik de samenvoegfunctie om een nul toe te voegen<\/h2><p> Als u een vast aantal nullen v\u00f3\u00f3r een getal wilt invoegen, kunt u de aaneenschakelingsfunctie gebruiken.<\/p><p> Met de CONCATENATE-functie <span style=\"font-size: revert;\">combineer je nullen met re\u00eble getallen.<\/span> U kunt een formule zoals hieronder gebruiken om een nul toe te voegen v\u00f3\u00f3r getallen in een cel. <\/p><pre class=\"wp-block-code\"> <code class=\"language-excel-formula\" lang=\"excel-formula\">=CONCATENATE(\"0\",\"123458\")<\/code><\/pre><div class=\"wp-block-image\"><figure class=\"aligncenter\"><img decoding=\"async\" src=\"https:\/\/exceladvisor.org\/wp-content\/uploads\/2023\/08\/Ajouter-des-zeros-non-significatifs-dans-Excel-4-1.png\" sizes=\"\" srcset=\"\" alt=\"De aaneengeschakelde functie gebruiken om voorloopnullen in Excel v\u00f3\u00f3r een getal toe te voegen\"><\/figure><\/div><p class=\"content-box-red\"> U kunt deze getallen niet langer in welk type berekening dan ook gebruiken, omdat ze nu in tekstformaat zijn.<\/p><h2 id=\"h-add-dynamic-leading-zeros-with-rept-function\" class=\"wp-block-heading\"> Voeg dynamische voorloopnullen toe met de REPT-functie<\/h2><p> REPT is een van<a style=\"outline: none; display: inline-block;\" href=\"https:\/\/exceladvisor.org\/nl\/excel-functies\/\">mijn favoriete Excel-functies<\/a> waarmee tekst meerdere keren kan worden herhaald. Ik zal u nu laten zien hoe dit ons kan helpen om nul in een cel voor te zetten. <\/p><div class=\"wp-block-image\"><figure class=\"aligncenter\"><img decoding=\"async\" src=\"https:\/\/exceladvisor.org\/wp-content\/uploads\/2023\/08\/Ajouter-des-zeros-non-significatifs-dans-Excel-5-1.gif\" sizes=\"\" srcset=\"\" alt=\"De REPT-functie gebruiken om voorloopnullen in Excel v\u00f3\u00f3r een getal toe te voegen\"><\/figure><\/div><pre class=\"wp-block-code\"> <code class=\"language-excel-formula\" lang=\"excel-formula\">=REPT(0,7-LEN(B5))&amp;B5<\/code><\/pre><p> In het bovenstaande voorbeeld hebben we REPT gebruikt om een totaal van 8 cijfers in een cel te krijgen. Als een cel 6 cijfers heeft, is de rest van de 2 cijfers nul en als een cel 4 cijfers heeft, is de rest van de 4 cijfers nul.<\/p><p> Dit is een dynamische formule om nul v\u00f3\u00f3r getallen te krijgen. U kunt deze getallen niet langer in welk type berekening dan ook gebruiken, omdat ze nu in tekstformaat zijn.<\/p><h2 id=\"h-use-text-function-to-add-leading-zeros-format\" class=\"wp-block-heading\"> Gebruik de functie TEXT om het formaat voorloopnul toe te voegen<\/h2><p> U kunt ook de <a href=\"https:\/\/support.office.com\/en-us\/article\/text-functions-reference-cccd86ad-547d-4ea9-a065-7bb697c2a56e\" target=\"_blank\" rel=\"noopener noreferrer\">functie TEXT<\/a> gebruiken om voorloopnullen toe te voegen. De TEXT-functie geeft u hetzelfde resultaat als u kunt krijgen met het tekstformaat. <\/p><pre class=\"wp-block-code\"> <code class=\"language-excel-formula\" lang=\"excel-formula\">=TEXT(B6,\"0000000\")<\/code><\/pre><div class=\"wp-block-image\"><figure class=\"aligncenter\"><img decoding=\"async\" src=\"https:\/\/exceladvisor.org\/wp-content\/uploads\/2023\/08\/Ajouter-des-zeros-non-significatifs-dans-Excel-6-1.gif\" sizes=\"\" srcset=\"\" alt=\"De tekstfunctie gebruiken om voorloopnullen in Excel v\u00f3\u00f3r een getal toe te voegen\"><\/figure><\/div><p> In bovenstaand voorbeeld hebben we een getal omgezet naar een tekst waarbij je altijd 7 cijfers krijgt. Als u 5 cijfers heeft, zijn de resterende cijfers van de 2 in het begin nul.<\/p><p> Verwijs in de tekstfunctie eenvoudigweg naar de cel die de waarde heeft en vervolgens naar het formaat zoals ik in het bovenstaande voorbeeld heb gespecificeerd. U kunt deze getallen bij geen enkele berekening gebruiken, omdat ze nu in tekstformaat zijn.<\/p><h2 id=\"h-apply-custom-format-with-leading-zeros\" class=\"wp-block-heading\"> Pas een aangepast formaat toe met voorloopnullen<\/h2><p> Als u geen formules of andere methoden wilt gebruiken, kunt u een aangepaste opmaak op een cel toepassen. Ik denk dat dit de beste methode is om te gebruiken en <span style=\"color: #000000;\">een bijkomend voordeel heeft ten opzichte van alle andere methoden<\/span> . <\/p><div class=\"wp-block-image\"><figure class=\"aligncenter\"><img decoding=\"async\" src=\"https:\/\/exceladvisor.org\/wp-content\/uploads\/2023\/08\/Ajouter-des-zeros-non-significatifs-dans-Excel-7-1.png\" sizes=\"\" srcset=\"\" alt=\"gebruik een aangepast formaat om voorloopnullen toe te voegen in Excel\"><\/figure><\/div><ol><li> Selecteer de cel waaraan u nullen als voorvoegsel wilt toevoegen.<\/li><li> Klik met de rechtermuisknop op \u279c Opmaakoptie of u kunt ook de sneltoets Ctrl+1 gebruiken om het dialoogvenster \u201cCel opmaken\u201d te openen.<\/li><li> In Categorie \u279c Selecteer Aangepast.<\/li><li> Voer in het aangepaste invoerdialoogvenster &#8220;0000000&#8221; in.<\/li><li> Klik OK.<\/li><\/ol><p> In het bovenstaande voorbeeld hebben we de cellen opgemaakt met 7-cijferige getallen, waarbij u altijd 7 cijfers krijgt. Als u vijf cijfers heeft, zijn de overige twee voorloopnullen.<\/p><p> Als u <a style=\"outline: none;\" href=\"https:\/\/exceladvisor.org\/nl\/excel-formulebalk\/\">de Excel-formulebalk<\/a> aanvinkt, heeft u de werkelijke numerieke waarde in de cel en kunt u dit getal gebruiken voor berekeningen, wat bij de rest van de methoden niet mogelijk is. <\/p><div class=\"gb-container gb-container-bafb25cc gb-container-download-2\"><div class=\"gb-grid-wrapper gb-grid-wrapper-91201309\"><div class=\"gb-grid-column gb-grid-column-15a917ef\"><div class=\"gb-container gb-container-15a917ef\"><h2 class=\"gb-headline gb-headline-f2deb261 gb-headline-text gb-headline-download-2\"> Haal het Excel-bestand op <\/h2><\/div><\/div><div class=\"gb-grid-column gb-grid-column-18357188\"><div class=\"gb-container gb-container-18357188\"><div class=\"gb-container gb-container-76cbe15e\"> <a class=\"gb-button gb-button-cb63d00a gb-button-text gb-button-download-2\" href=\"https:\/\/exceladvisor.org\/wp-content\/uploads\/2023\/11\/ajouter-des-zeros-non-significatifs-dans-excel.xlsx\" rel=\"nofollow\">Downloaden<\/a><\/div><\/div><\/div><\/div><\/div><h2 id=\"h-conclusion\" class=\"wp-block-heading\"> Conclusie<\/h2><p> Meestal moet u een nul v\u00f3\u00f3r een cijfer plaatsen als we te maken hebben met een specifiek soort nummers, zoals factuurnummers, mobiele nummers, postcodes, enz.<\/p><p> Bij normale getallen komt dit soort situaties nooit voor omdat we meer in de berekening zitten dan in het formaat.<\/p><p> Maar als dit gebeurt, heb je nu vijf verschillende methoden om ermee om te gaan en ik hoop dat deze methoden je helpen, maar vertel me nu \u00e9\u00e9n ding.<\/p><p> Heeft u een andere methode om nullen voor een getal toe te voegen?<\/p><p> Zorg ervoor dat u uw mening met mij deelt in het opmerkingengedeelte, ik hoor graag van u. En vergeet alsjeblieft niet om dit bericht met je vrienden te delen, ik weet zeker dat ze ervan zullen genieten.<\/p><div class=\"gb-container gb-container-0df56012 gb-container-mt\"> <a class=\"gb-button gb-button-f9f432f4 gb-button-text gb-button-mt-button\" href=\"https:\/\/exceladvisor.org\/nl\/formules\/\">Lijst met Excel-formules<\/a><h2 class=\"gb-headline gb-headline-233444e8 gb-headline-text gb-headline-mt-heading\"> Gerelateerde formules <\/h2><div class=\"gb-grid-wrapper gb-grid-wrapper-a16fa65c gb-grid-wrapper-mt-grid\"><div class=\"gb-grid-column gb-grid-column-50d07e0d\"><div class=\"gb-container gb-container-50d07e0d\"><ul><li> <a href=\"https:\/\/exceladvisor.org\/nl\/nieuwe-regel-in-cel\/\">Een nieuwe regel toevoegen aan een cel in Excel (regeleinde)<\/a><\/li><li> <a href=\"https:\/\/exceladvisor.org\/nl\/cellen-samenvoegen-met-een-komma\/\">Voeg cellen samen met een komma in Excel<\/a><\/li><li> <a href=\"https:\/\/exceladvisor.org\/nl\/een-reeks-cellen-aaneenschakelen\/\">Voeg een reeks cellen samen in Excel<\/a><\/li><li> <a href=\"https:\/\/exceladvisor.org\/nl\/een-regeleinde-aaneenschakelen\/\">Samenvoegen met regeleinde in Excel<\/a> <\/li><\/ul><\/div><\/div><div class=\"gb-grid-column gb-grid-column-5b4a0cf9\"><div class=\"gb-container gb-container-5b4a0cf9\"><\/div><\/div><\/div><\/div>","protected":false},"excerpt":{"rendered":"","protected":false},"author":1,"featured_media":0,"parent":0,"menu_order":0,"comment_status":"open","ping_status":"closed","template":"","meta":{"ub_ctt_via":"","footnotes":""},"class_list":["post-1656","page","type-page","status-publish","hentry"],"featured_image_src":null,"yoast_head":"<!-- This site is optimized with the Yoast SEO plugin v25.4 - https:\/\/yoast.com\/wordpress\/plugins\/seo\/ -->\n<title>\u25b7 Hoe voorloopnullen toevoegen in Excel?<\/title>\n<meta name=\"description\" content=\"Er zijn een paar standaardregels in Excel die u misschien irriteren. En een van die regels is dat je geen nul mag toevoegen\" \/>\n<meta name=\"robots\" content=\"index, follow, max-snippet:-1, max-image-preview:large, max-video-preview:-1\" \/>\n<link rel=\"canonical\" href=\"https:\/\/exceladvisor.org\/nl\/voorloopnullen\/\" \/>\n<meta property=\"og:locale\" content=\"nl_NL\" \/>\n<meta property=\"og:type\" content=\"article\" \/>\n<meta property=\"og:title\" content=\"\u25b7 Hoe voorloopnullen toevoegen in Excel?\" \/>\n<meta property=\"og:description\" content=\"Er zijn een paar standaardregels in Excel die u misschien irriteren. En een van die regels is dat je geen nul mag toevoegen\" \/>\n<meta property=\"og:url\" content=\"https:\/\/exceladvisor.org\/nl\/voorloopnullen\/\" \/>\n<meta property=\"og:site_name\" content=\"Excel Advisor\" \/>\n<meta property=\"article:modified_time\" content=\"2023-12-06T05:52:14+00:00\" \/>\n<meta property=\"og:image\" content=\"https:\/\/exceladvisor.org\/wp-content\/uploads\/2023\/08\/Ajouter-des-zeros-non-significatifs-dans-Excel-3-1.gif\" \/>\n<meta name=\"twitter:card\" content=\"summary_large_image\" \/>\n<meta name=\"twitter:label1\" content=\"Geschatte leestijd\" \/>\n\t<meta name=\"twitter:data1\" content=\"4 minuten\" \/>\n<script type=\"application\/ld+json\" class=\"yoast-schema-graph\">{\"@context\":\"https:\/\/schema.org\",\"@graph\":[{\"@type\":\"WebPage\",\"@id\":\"https:\/\/exceladvisor.org\/nl\/voorloopnullen\/\",\"url\":\"https:\/\/exceladvisor.org\/nl\/voorloopnullen\/\",\"name\":\"\u25b7 Hoe voorloopnullen toevoegen in Excel?\",\"isPartOf\":{\"@id\":\"https:\/\/exceladvisor.org\/nl\/#website\"},\"primaryImageOfPage\":{\"@id\":\"https:\/\/exceladvisor.org\/nl\/voorloopnullen\/#primaryimage\"},\"image\":{\"@id\":\"https:\/\/exceladvisor.org\/nl\/voorloopnullen\/#primaryimage\"},\"thumbnailUrl\":\"https:\/\/exceladvisor.org\/wp-content\/uploads\/2023\/08\/Ajouter-des-zeros-non-significatifs-dans-Excel-3-1.gif\",\"datePublished\":\"2023-11-13T16:20:36+00:00\",\"dateModified\":\"2023-12-06T05:52:14+00:00\",\"description\":\"Er zijn een paar standaardregels in Excel die u misschien irriteren. En een van die regels is dat je geen nul mag toevoegen\",\"breadcrumb\":{\"@id\":\"https:\/\/exceladvisor.org\/nl\/voorloopnullen\/#breadcrumb\"},\"inLanguage\":\"nl-NL\",\"potentialAction\":[{\"@type\":\"ReadAction\",\"target\":[\"https:\/\/exceladvisor.org\/nl\/voorloopnullen\/\"]}]},{\"@type\":\"ImageObject\",\"inLanguage\":\"nl-NL\",\"@id\":\"https:\/\/exceladvisor.org\/nl\/voorloopnullen\/#primaryimage\",\"url\":\"https:\/\/exceladvisor.org\/wp-content\/uploads\/2023\/08\/Ajouter-des-zeros-non-significatifs-dans-Excel-3-1.gif\",\"contentUrl\":\"https:\/\/exceladvisor.org\/wp-content\/uploads\/2023\/08\/Ajouter-des-zeros-non-significatifs-dans-Excel-3-1.gif\"},{\"@type\":\"BreadcrumbList\",\"@id\":\"https:\/\/exceladvisor.org\/nl\/voorloopnullen\/#breadcrumb\",\"itemListElement\":[{\"@type\":\"ListItem\",\"position\":1,\"name\":\"Thuis\",\"item\":\"https:\/\/exceladvisor.org\/nl\/\"},{\"@type\":\"ListItem\",\"position\":2,\"name\":\"Hoe voorloopnullen toevoegen in excel?\"}]},{\"@type\":\"WebSite\",\"@id\":\"https:\/\/exceladvisor.org\/nl\/#website\",\"url\":\"https:\/\/exceladvisor.org\/nl\/\",\"name\":\"Excel Advisor\",\"description\":\"Uw gids voor datadominantie\",\"publisher\":{\"@id\":\"https:\/\/exceladvisor.org\/nl\/#organization\"},\"potentialAction\":[{\"@type\":\"SearchAction\",\"target\":{\"@type\":\"EntryPoint\",\"urlTemplate\":\"https:\/\/exceladvisor.org\/nl\/?s={search_term_string}\"},\"query-input\":{\"@type\":\"PropertyValueSpecification\",\"valueRequired\":true,\"valueName\":\"search_term_string\"}}],\"inLanguage\":\"nl-NL\"},{\"@type\":\"Organization\",\"@id\":\"https:\/\/exceladvisor.org\/nl\/#organization\",\"name\":\"Excel Advisor\",\"url\":\"https:\/\/exceladvisor.org\/nl\/\",\"logo\":{\"@type\":\"ImageObject\",\"inLanguage\":\"nl-NL\",\"@id\":\"https:\/\/exceladvisor.org\/nl\/#\/schema\/logo\/image\/\",\"url\":\"https:\/\/exceladvisor.org\/nl\/wp-content\/uploads\/2023\/12\/exceladvisor.org_.png\",\"contentUrl\":\"https:\/\/exceladvisor.org\/nl\/wp-content\/uploads\/2023\/12\/exceladvisor.org_.png\",\"width\":105,\"height\":36,\"caption\":\"Excel Advisor\"},\"image\":{\"@id\":\"https:\/\/exceladvisor.org\/nl\/#\/schema\/logo\/image\/\"}}]}<\/script>\n<!-- \/ Yoast SEO plugin. -->","yoast_head_json":{"title":"\u25b7 Hoe voorloopnullen toevoegen in Excel?","description":"Er zijn een paar standaardregels in Excel die u misschien irriteren. En een van die regels is dat je geen nul mag toevoegen","robots":{"index":"index","follow":"follow","max-snippet":"max-snippet:-1","max-image-preview":"max-image-preview:large","max-video-preview":"max-video-preview:-1"},"canonical":"https:\/\/exceladvisor.org\/nl\/voorloopnullen\/","og_locale":"nl_NL","og_type":"article","og_title":"\u25b7 Hoe voorloopnullen toevoegen in Excel?","og_description":"Er zijn een paar standaardregels in Excel die u misschien irriteren. En een van die regels is dat je geen nul mag toevoegen","og_url":"https:\/\/exceladvisor.org\/nl\/voorloopnullen\/","og_site_name":"Excel Advisor","article_modified_time":"2023-12-06T05:52:14+00:00","og_image":[{"url":"https:\/\/exceladvisor.org\/wp-content\/uploads\/2023\/08\/Ajouter-des-zeros-non-significatifs-dans-Excel-3-1.gif","type":"","width":"","height":""}],"twitter_card":"summary_large_image","twitter_misc":{"Geschatte leestijd":"4 minuten"},"schema":{"@context":"https:\/\/schema.org","@graph":[{"@type":"WebPage","@id":"https:\/\/exceladvisor.org\/nl\/voorloopnullen\/","url":"https:\/\/exceladvisor.org\/nl\/voorloopnullen\/","name":"\u25b7 Hoe voorloopnullen toevoegen in Excel?","isPartOf":{"@id":"https:\/\/exceladvisor.org\/nl\/#website"},"primaryImageOfPage":{"@id":"https:\/\/exceladvisor.org\/nl\/voorloopnullen\/#primaryimage"},"image":{"@id":"https:\/\/exceladvisor.org\/nl\/voorloopnullen\/#primaryimage"},"thumbnailUrl":"https:\/\/exceladvisor.org\/wp-content\/uploads\/2023\/08\/Ajouter-des-zeros-non-significatifs-dans-Excel-3-1.gif","datePublished":"2023-11-13T16:20:36+00:00","dateModified":"2023-12-06T05:52:14+00:00","description":"Er zijn een paar standaardregels in Excel die u misschien irriteren. En een van die regels is dat je geen nul mag toevoegen","breadcrumb":{"@id":"https:\/\/exceladvisor.org\/nl\/voorloopnullen\/#breadcrumb"},"inLanguage":"nl-NL","potentialAction":[{"@type":"ReadAction","target":["https:\/\/exceladvisor.org\/nl\/voorloopnullen\/"]}]},{"@type":"ImageObject","inLanguage":"nl-NL","@id":"https:\/\/exceladvisor.org\/nl\/voorloopnullen\/#primaryimage","url":"https:\/\/exceladvisor.org\/wp-content\/uploads\/2023\/08\/Ajouter-des-zeros-non-significatifs-dans-Excel-3-1.gif","contentUrl":"https:\/\/exceladvisor.org\/wp-content\/uploads\/2023\/08\/Ajouter-des-zeros-non-significatifs-dans-Excel-3-1.gif"},{"@type":"BreadcrumbList","@id":"https:\/\/exceladvisor.org\/nl\/voorloopnullen\/#breadcrumb","itemListElement":[{"@type":"ListItem","position":1,"name":"Thuis","item":"https:\/\/exceladvisor.org\/nl\/"},{"@type":"ListItem","position":2,"name":"Hoe voorloopnullen toevoegen in excel?"}]},{"@type":"WebSite","@id":"https:\/\/exceladvisor.org\/nl\/#website","url":"https:\/\/exceladvisor.org\/nl\/","name":"Excel Advisor","description":"Uw gids voor datadominantie","publisher":{"@id":"https:\/\/exceladvisor.org\/nl\/#organization"},"potentialAction":[{"@type":"SearchAction","target":{"@type":"EntryPoint","urlTemplate":"https:\/\/exceladvisor.org\/nl\/?s={search_term_string}"},"query-input":{"@type":"PropertyValueSpecification","valueRequired":true,"valueName":"search_term_string"}}],"inLanguage":"nl-NL"},{"@type":"Organization","@id":"https:\/\/exceladvisor.org\/nl\/#organization","name":"Excel Advisor","url":"https:\/\/exceladvisor.org\/nl\/","logo":{"@type":"ImageObject","inLanguage":"nl-NL","@id":"https:\/\/exceladvisor.org\/nl\/#\/schema\/logo\/image\/","url":"https:\/\/exceladvisor.org\/nl\/wp-content\/uploads\/2023\/12\/exceladvisor.org_.png","contentUrl":"https:\/\/exceladvisor.org\/nl\/wp-content\/uploads\/2023\/12\/exceladvisor.org_.png","width":105,"height":36,"caption":"Excel Advisor"},"image":{"@id":"https:\/\/exceladvisor.org\/nl\/#\/schema\/logo\/image\/"}}]}},"yoast_meta":{"yoast_wpseo_title":"","yoast_wpseo_metadesc":"","yoast_wpseo_canonical":""},"_links":{"self":[{"href":"https:\/\/exceladvisor.org\/nl\/wp-json\/wp\/v2\/pages\/1656","targetHints":{"allow":["GET"]}}],"collection":[{"href":"https:\/\/exceladvisor.org\/nl\/wp-json\/wp\/v2\/pages"}],"about":[{"href":"https:\/\/exceladvisor.org\/nl\/wp-json\/wp\/v2\/types\/page"}],"author":[{"embeddable":true,"href":"https:\/\/exceladvisor.org\/nl\/wp-json\/wp\/v2\/users\/1"}],"replies":[{"embeddable":true,"href":"https:\/\/exceladvisor.org\/nl\/wp-json\/wp\/v2\/comments?post=1656"}],"version-history":[{"count":1,"href":"https:\/\/exceladvisor.org\/nl\/wp-json\/wp\/v2\/pages\/1656\/revisions"}],"predecessor-version":[{"id":2888,"href":"https:\/\/exceladvisor.org\/nl\/wp-json\/wp\/v2\/pages\/1656\/revisions\/2888"}],"wp:attachment":[{"href":"https:\/\/exceladvisor.org\/nl\/wp-json\/wp\/v2\/media?parent=1656"}],"curies":[{"name":"wp","href":"https:\/\/api.w.org\/{rel}","templated":true}]}}